{"id":34719,"date":"2025-09-18T12:42:18","date_gmt":"2025-09-18T12:42:18","guid":{"rendered":"https:\/\/oceansignal.com\/?post_type=product&#038;p=34719"},"modified":"2026-04-01T15:58:55","modified_gmt":"2026-04-01T15:58:55","slug":"plb1-flytepose-copy","status":"publish","type":"product","link":"https:\/\/oceansignal.com\/sk\/products\/plb1-flytepose-copy\/","title":{"rendered":"PLB3 Flytepose"},"content":{"rendered":"<ul>\n<li>Gir oppdrift til rescueME PLB3 n\u00e5r den er montert<\/li>\n<li>Tettsittende og holder PLB3-en din i drift<\/li>\n<li>Kompatibel med Ocean Signal rescueME PLB3 (730S-01261)<\/li>\n<\/ul>\n","protected":false},"excerpt":{"rendered":"<p>rescueME PLB3 flytepose* gir PLB3-en din oppdrift slik at den flyter, noe som gj\u00f8r det mulig \u00e5 ta seg opp igjen n\u00e5r den slippes i vann. Med flyteposen montert, forblir PLB3-en din fullt funksjonell. <\/p>\n<p><em>*rescueMe PLB3 vist p\u00e5 bildet er ikke inkludert og selges separat.<\/em><\/p>\n","protected":false},"featured_media":34814,"template":"","meta":{"_acf_changed":false,"om_disable_all_campaigns":false},"product_brand":[],"product_cat":[1811,602],"product_tag":[1813,943,1833],"class_list":{"0":"post-34719","1":"product","2":"type-product","3":"status-publish","4":"has-post-thumbnail","6":"product_cat-tilbehor","7":"product_cat-rescueme-sk","8":"product_tag-flytepose","9":"product_tag-plb3-sk","10":"product_tag-plb3-pose","12":"first","13":"instock","14":"taxable","15":"shipping-taxable","16":"purchasable","17":"product-type-simple"},"acf":[],"yoast_head":"<!-- This site is optimized with the Yoast SEO Premium plugin v25.2 (Yoast SEO v26.4) - https:\/\/yoast.com\/wordpress\/plugins\/seo\/ -->\n<title>PLB3 Flytepose - Ocean Signal<\/title>\n<meta name=\"robots\" content=\"index, follow, max-snippet:-1, max-image-preview:large, max-video-preview:-1\" \/>\n<link rel=\"canonical\" href=\"https:\/\/oceansignal.com\/sk\/products\/plb1-flytepose-copy\/\" \/>\n<meta property=\"og:locale\" content=\"sk_SK\" \/>\n<meta property=\"og:type\" content=\"article\" \/>\n<meta property=\"og:title\" content=\"PLB3 Flytepose\" \/>\n<meta property=\"og:description\" content=\"rescueME PLB3 flytepose* gir PLB3-en din oppdrift slik at den flyter, noe som gj\u00f8r det mulig \u00e5 ta seg opp igjen n\u00e5r den slippes i vann. Med flyteposen montert, forblir PLB3-en din fullt funksjonell.  *rescueMe PLB3 vist p\u00e5 bildet er ikke inkludert og selges separat.\" \/>\n<meta property=\"og:url\" content=\"https:\/\/oceansignal.com\/sk\/products\/plb1-flytepose-copy\/\" \/>\n<meta property=\"og:site_name\" content=\"Ocean Signal\" \/>\n<meta property=\"article:modified_time\" content=\"2026-04-01T15:58:55+00:00\" \/>\n<meta property=\"og:image\" content=\"https:\/\/oceansignal.com\/wp-content\/uploads\/2025\/09\/OSL-PLB3-Pouch-Right-Angle.jpg\" \/>\n\t<meta property=\"og:image:width\" content=\"2000\" \/>\n\t<meta property=\"og:image:height\" content=\"2000\" \/>\n\t<meta property=\"og:image:type\" content=\"image\/jpeg\" \/>\n<meta name=\"twitter:card\" content=\"summary_large_image\" \/>\n<script type=\"application\/ld+json\" class=\"yoast-schema-graph\">{\"@context\":\"https:\/\/schema.org\",\"@graph\":[{\"@type\":\"WebPage\",\"@id\":\"https:\/\/oceansignal.com\/sk\/products\/plb1-flytepose-copy\/\",\"url\":\"https:\/\/oceansignal.com\/sk\/products\/plb1-flytepose-copy\/\",\"name\":\"PLB3 Flytepose - Ocean Signal\",\"isPartOf\":{\"@id\":\"https:\/\/oceansignal.com\/sk\/#website\"},\"primaryImageOfPage\":{\"@id\":\"https:\/\/oceansignal.com\/sk\/products\/plb1-flytepose-copy\/#primaryimage\"},\"image\":{\"@id\":\"https:\/\/oceansignal.com\/sk\/products\/plb1-flytepose-copy\/#primaryimage\"},\"thumbnailUrl\":\"https:\/\/oceansignal.com\/wp-content\/uploads\/2025\/09\/OSL-PLB3-Pouch-Right-Angle.jpg\",\"datePublished\":\"2025-09-18T12:42:18+00:00\",\"dateModified\":\"2026-04-01T15:58:55+00:00\",\"breadcrumb\":{\"@id\":\"https:\/\/oceansignal.com\/sk\/products\/plb1-flytepose-copy\/#breadcrumb\"},\"inLanguage\":\"sk-SK\",\"potentialAction\":[{\"@type\":\"ReadAction\",\"target\":[\"https:\/\/oceansignal.com\/sk\/products\/plb1-flytepose-copy\/\"]}]},{\"@type\":\"ImageObject\",\"inLanguage\":\"sk-SK\",\"@id\":\"https:\/\/oceansignal.com\/sk\/products\/plb1-flytepose-copy\/#primaryimage\",\"url\":\"https:\/\/oceansignal.com\/wp-content\/uploads\/2025\/09\/OSL-PLB3-Pouch-Right-Angle.jpg\",\"contentUrl\":\"https:\/\/oceansignal.com\/wp-content\/uploads\/2025\/09\/OSL-PLB3-Pouch-Right-Angle.jpg\",\"width\":2000,\"height\":2000},{\"@type\":\"BreadcrumbList\",\"@id\":\"https:\/\/oceansignal.com\/sk\/products\/plb1-flytepose-copy\/#breadcrumb\",\"itemListElement\":[{\"@type\":\"ListItem\",\"position\":1,\"name\":\"Shop\",\"item\":\"https:\/\/oceansignal.com\/sk\/shop\/\"},{\"@type\":\"ListItem\",\"position\":2,\"name\":\"PLB3 Flytepose\"}]},{\"@type\":\"WebSite\",\"@id\":\"https:\/\/oceansignal.com\/sk\/#website\",\"url\":\"https:\/\/oceansignal.com\/sk\/\",\"name\":\"Ocean Signal\",\"description\":\"A leading manufacturer of EPIRBs, AIS, SARTs, Personal Locator Beacons, Man Overboard Beacon for the Marine and Outdoor Markets.\",\"potentialAction\":[{\"@type\":\"SearchAction\",\"target\":{\"@type\":\"EntryPoint\",\"urlTemplate\":\"https:\/\/oceansignal.com\/sk\/?s={search_term_string}\"},\"query-input\":{\"@type\":\"PropertyValueSpecification\",\"valueRequired\":true,\"valueName\":\"search_term_string\"}}],\"inLanguage\":\"sk-SK\"}]}<\/script>\n<!-- \/ Yoast SEO Premium plugin. -->","yoast_head_json":{"title":"PLB3 Flytepose - Ocean Signal","robots":{"index":"index","follow":"follow","max-snippet":"max-snippet:-1","max-image-preview":"max-image-preview:large","max-video-preview":"max-video-preview:-1"},"canonical":"https:\/\/oceansignal.com\/sk\/products\/plb1-flytepose-copy\/","og_locale":"sk_SK","og_type":"article","og_title":"PLB3 Flytepose","og_description":"rescueME PLB3 flytepose* gir PLB3-en din oppdrift slik at den flyter, noe som gj\u00f8r det mulig \u00e5 ta seg opp igjen n\u00e5r den slippes i vann. Med flyteposen montert, forblir PLB3-en din fullt funksjonell.  *rescueMe PLB3 vist p\u00e5 bildet er ikke inkludert og selges separat.","og_url":"https:\/\/oceansignal.com\/sk\/products\/plb1-flytepose-copy\/","og_site_name":"Ocean Signal","article_modified_time":"2026-04-01T15:58:55+00:00","og_image":[{"width":2000,"height":2000,"url":"https:\/\/oceansignal.com\/wp-content\/uploads\/2025\/09\/OSL-PLB3-Pouch-Right-Angle.jpg","type":"image\/jpeg"}],"twitter_card":"summary_large_image","schema":{"@context":"https:\/\/schema.org","@graph":[{"@type":"WebPage","@id":"https:\/\/oceansignal.com\/sk\/products\/plb1-flytepose-copy\/","url":"https:\/\/oceansignal.com\/sk\/products\/plb1-flytepose-copy\/","name":"PLB3 Flytepose - Ocean Signal","isPartOf":{"@id":"https:\/\/oceansignal.com\/sk\/#website"},"primaryImageOfPage":{"@id":"https:\/\/oceansignal.com\/sk\/products\/plb1-flytepose-copy\/#primaryimage"},"image":{"@id":"https:\/\/oceansignal.com\/sk\/products\/plb1-flytepose-copy\/#primaryimage"},"thumbnailUrl":"https:\/\/oceansignal.com\/wp-content\/uploads\/2025\/09\/OSL-PLB3-Pouch-Right-Angle.jpg","datePublished":"2025-09-18T12:42:18+00:00","dateModified":"2026-04-01T15:58:55+00:00","breadcrumb":{"@id":"https:\/\/oceansignal.com\/sk\/products\/plb1-flytepose-copy\/#breadcrumb"},"inLanguage":"sk-SK","potentialAction":[{"@type":"ReadAction","target":["https:\/\/oceansignal.com\/sk\/products\/plb1-flytepose-copy\/"]}]},{"@type":"ImageObject","inLanguage":"sk-SK","@id":"https:\/\/oceansignal.com\/sk\/products\/plb1-flytepose-copy\/#primaryimage","url":"https:\/\/oceansignal.com\/wp-content\/uploads\/2025\/09\/OSL-PLB3-Pouch-Right-Angle.jpg","contentUrl":"https:\/\/oceansignal.com\/wp-content\/uploads\/2025\/09\/OSL-PLB3-Pouch-Right-Angle.jpg","width":2000,"height":2000},{"@type":"BreadcrumbList","@id":"https:\/\/oceansignal.com\/sk\/products\/plb1-flytepose-copy\/#breadcrumb","itemListElement":[{"@type":"ListItem","position":1,"name":"Shop","item":"https:\/\/oceansignal.com\/sk\/shop\/"},{"@type":"ListItem","position":2,"name":"PLB3 Flytepose"}]},{"@type":"WebSite","@id":"https:\/\/oceansignal.com\/sk\/#website","url":"https:\/\/oceansignal.com\/sk\/","name":"Ocean Signal","description":"A leading manufacturer of EPIRBs, AIS, SARTs, Personal Locator Beacons, Man Overboard Beacon for the Marine and Outdoor Markets.","potentialAction":[{"@type":"SearchAction","target":{"@type":"EntryPoint","urlTemplate":"https:\/\/oceansignal.com\/sk\/?s={search_term_string}"},"query-input":{"@type":"PropertyValueSpecification","valueRequired":true,"valueName":"search_term_string"}}],"inLanguage":"sk-SK"}]}},"_links":{"self":[{"href":"https:\/\/oceansignal.com\/sk\/wp-json\/wp\/v2\/product\/34719","targetHints":{"allow":["GET"]}}],"collection":[{"href":"https:\/\/oceansignal.com\/sk\/wp-json\/wp\/v2\/product"}],"about":[{"href":"https:\/\/oceansignal.com\/sk\/wp-json\/wp\/v2\/types\/product"}],"wp:featuredmedia":[{"embeddable":true,"href":"https:\/\/oceansignal.com\/sk\/wp-json\/wp\/v2\/media\/34814"}],"wp:attachment":[{"href":"https:\/\/oceansignal.com\/sk\/wp-json\/wp\/v2\/media?parent=34719"}],"wp:term":[{"taxonomy":"product_brand","embeddable":true,"href":"https:\/\/oceansignal.com\/sk\/wp-json\/wp\/v2\/product_brand?post=34719"},{"taxonomy":"product_cat","embeddable":true,"href":"https:\/\/oceansignal.com\/sk\/wp-json\/wp\/v2\/product_cat?post=34719"},{"taxonomy":"product_tag","embeddable":true,"href":"https:\/\/oceansignal.com\/sk\/wp-json\/wp\/v2\/product_tag?post=34719"}],"curies":[{"name":"wp","href":"https:\/\/api.w.org\/{rel}","templated":true}]}}