{"id":7071,"date":"2023-04-14T10:01:01","date_gmt":"2023-04-14T10:01:01","guid":{"rendered":"https:\/\/oceansignal.com\/programmering-av-ais-larmbox\/"},"modified":"2024-09-30T14:52:37","modified_gmt":"2024-09-30T14:52:37","slug":"programmering-av-ais-larmbox","status":"publish","type":"page","link":"https:\/\/oceansignal.com\/sv\/stod\/programmering-av-produkter\/programmering-av-ais-larmbox\/","title":{"rendered":"Programmering av AIS-larmbox"},"content":{"rendered":"\n<div class=\"gb-product-programming\">\n    <div class=\"gc-container \">\n                \n\n<div class=\"wp-block-columns gb-product-programming__description is-layout-flex wp-container-core-columns-is-layout-9d6595d7 wp-block-columns-is-layout-flex\">\n<div class=\"wp-block-column gb-product-programming__description__text-container is-layout-flow wp-block-column-is-layout-flow\">\n<h2 class=\"wp-block-heading gb-product-programming__description__text-container__title\" id=\"h-ais-alarm-box-programming\">Programmering av AIS-larmbox<\/h2>\n\n\n\n<p class=\"gb-product-programming__description__text-container__text\">F\u00f6r att programmera din produkt m\u00e5ste du v\u00e4lja installat\u00f6rer f\u00f6r din enhetstyp.<\/p>\n\n\n\n<a\n                    href=\"http:\/\/oceansignal.com\/products\/ais-alarm\/\"\n                class=\"gb-button-link  \"\n        target=\"_self\">\n        See product details\n<\/a>\n\n\n\n<\/div>\n\n\n\n<div class=\"wp-block-column gb-product-programming__description__divider is-layout-flow wp-block-column-is-layout-flow\"><\/div>\n\n\n\n<div class=\"wp-block-column gb-product-programming__description__image is-layout-flow wp-block-column-is-layout-flow\">\n<div class=\"gb-image\">\n\t\n<div class=\"gc-image \">\n        <img decoding=\"async\" class=\"gc-image__image  \"\n         src=\"http:\/\/oceansignal.com\/wp-content\/uploads\/2023\/04\/image-product-ais-alarm-box1.png\"\n         alt=\"\"\n    >\n<\/div><\/div>\n<\/div>\n<\/div>\n\n\n\n<div class=\"wp-block-columns gb-product-programming__blurbs is-layout-flex wp-container-core-columns-is-layout-9d6595d7 wp-block-columns-is-layout-flex\">\n<div class=\"wp-block-column gb-product-programming__blurbs__text-container is-layout-flow wp-block-column-is-layout-flow\">\n<h6 class=\"wp-block-heading gb-product-programming__blurbs__text-container__title\" id=\"h-ais-alarm-programming-for-android-devices\">AIS-larmprogrammering f\u00f6r Android-enheter<\/h6>\n\n\n\n<p class=\"gb-product-programming__blurbs__text-container__text\">Navigera till den h\u00e4r sidan p\u00e5 en Android-enhet.\nLadda ner filen.\nInstallera det fr\u00e5n nedladdningarna.\nObservera att du m\u00e5ste till\u00e5ta tillst\u00e5nd att installera fr\u00e5n en ok\u00e4nd k\u00e4lla n\u00e4r du uppmanas att g\u00f6ra det.   <\/p>\n\n\n\n<div class=\"wp-block-columns gb-product-programming__blurbs__text-container__link is-layout-flex wp-container-core-columns-is-layout-9d6595d7 wp-block-columns-is-layout-flex\">\n<div class=\"wp-block-column gb-product-programming__blurbs__text-container__link__image is-layout-flow wp-block-column-is-layout-flow\">\n<div class=\"gb-image\">\n\t\n<div class=\"gc-image \">\n        <img decoding=\"async\" class=\"gc-image__image  \"\n         src=\"http:\/\/oceansignal.com\/wp-content\/uploads\/2023\/04\/icon-android.png\"\n         alt=\"\"\n    >\n<\/div><\/div>\n<\/div>\n\n\n\n<div class=\"wp-block-column gb-product-programming__blurbs__text-container__link__link is-layout-flow wp-block-column-is-layout-flow\">\n<a\n                    href=\"https:\/\/oceansignal.com\/wp-content\/uploads\/2023\/09\/ais_alarm.apk\"\n                class=\"gb-button-link  \"\n        target=\"__blank\">\n        DOWNLOAD for Android device\n<\/a>\n\n\n\n<\/div>\n<\/div>\n<\/div>\n\n\n\n<div class=\"wp-block-column gb-product-programming__blurbs__text-container is-layout-flow wp-block-column-is-layout-flow\">\n<h6 class=\"wp-block-heading gb-product-programming__blurbs__text-container__title\" id=\"h-ais-alarm-programming-for-mac\">AIS-larmprogrammering f\u00f6r MAC<\/h6>\n\n\n\n<p class=\"gb-product-programming__blurbs__text-container__text\">Anv\u00e4nd det h\u00e4r installationsprogrammet f\u00f6r att k\u00f6ra programmet AIS Alarm Configuration p\u00e5 en Apple MAC-dator.\nLadda ner filen till din dator, \u00f6ppna sedan nedladdningsmappen och k\u00f6r filen AIS-Alarm-Box.dmg.\nDetta kommer att skapa en mapp p\u00e5 skrivbordet.\nDra Ocean Signal-ikonen till skrivbordet.\nMappen kan nu skickas till papperskorgen.    <\/p>\n\n\n\n<div class=\"wp-block-columns gb-product-programming__blurbs__text-container__link is-layout-flex wp-container-core-columns-is-layout-9d6595d7 wp-block-columns-is-layout-flex\">\n<div class=\"wp-block-column gb-product-programming__blurbs__text-container__link__image is-layout-flow wp-block-column-is-layout-flow\">\n<div class=\"gb-image\">\n\t\n<div class=\"gc-image \">\n        <img decoding=\"async\" class=\"gc-image__image  \"\n         src=\"http:\/\/oceansignal.com\/wp-content\/uploads\/2023\/04\/icon-apple.png\"\n         alt=\"\"\n    >\n<\/div><\/div>\n<\/div>\n\n\n\n<div class=\"wp-block-column gb-product-programming__blurbs__text-container__link__link is-layout-flow wp-block-column-is-layout-flow\">\n<a\n                    href=\"https:\/\/apps.apple.com\/us\/app\/id1522285003\"\n                class=\"gb-button-link  \"\n        target=\"__blank\">\n        DOWNLOAD for Apple Mac\n<\/a>\n\n\n\n<\/div>\n<\/div>\n<\/div>\n\n\n\n<div class=\"wp-block-column gb-product-programming__blurbs__text-container is-layout-flow wp-block-column-is-layout-flow\">\n<h6 class=\"wp-block-heading gb-product-programming__blurbs__text-container__title\" id=\"h-ais-alarm-programming-for-windows-pc\">AIS-larmprogrammering f\u00f6r Windows PC<\/h6>\n\n\n\n<p class=\"gb-product-programming__blurbs__text-container__text\">Anv\u00e4nd det h\u00e4r installationsprogrammet f\u00f6r att k\u00f6ra programmet AIS Alarm Configuration p\u00e5 en Windows-dator.\nN\u00e4r installationen \u00e4r klar, hitta mappen Ocean Signal Programs eller Apps och k\u00f6r filen &#8221;USB Driver Installer&#8221;.\nAnslut nu AIS-larmboxen till en ledig USB-port.  <\/p>\n\n\n\n<div class=\"wp-block-columns gb-product-programming__blurbs__text-container__link is-layout-flex wp-container-core-columns-is-layout-9d6595d7 wp-block-columns-is-layout-flex\">\n<div class=\"wp-block-column gb-product-programming__blurbs__text-container__link__image is-layout-flow wp-block-column-is-layout-flow\">\n<div class=\"gb-image\">\n\t\n<div class=\"gc-image \">\n        <img decoding=\"async\" class=\"gc-image__image  \"\n         src=\"http:\/\/oceansignal.com\/wp-content\/uploads\/2023\/04\/icon-windows.png\"\n         alt=\"\"\n    >\n<\/div><\/div>\n<\/div>\n\n\n\n<div class=\"wp-block-column gb-product-programming__blurbs__text-container__link__link is-layout-flow wp-block-column-is-layout-flow\">\n<a\n                    href=\"https:\/\/oceansignal.com\/wp-content\/uploads\/2023\/09\/Ais-Alarm.msi\"\n                class=\"gb-button-link  \"\n        target=\"__blank\">\n        DOWNLOAD for Windows PC\n<\/a>\n\n\n\n<\/div>\n<\/div>\n<\/div>\n<\/div>\n\n\n        <\/div><\/div>\n","protected":false},"excerpt":{"rendered":"","protected":false},"author":2,"featured_media":0,"parent":7971,"menu_order":0,"comment_status":"closed","ping_status":"closed","template":"pagetemplate-empty.php","meta":{"_acf_changed":false,"om_disable_all_campaigns":false,"footnotes":""},"class_list":["post-7071","page","type-page","status-publish","hentry"],"acf":[],"yoast_head":"<!-- This site is optimized with the Yoast SEO Premium plugin v25.2 (Yoast SEO v26.4) - https:\/\/yoast.com\/wordpress\/plugins\/seo\/ -->\n<title>Programmering av AIS-larmbox - Ocean Signal<\/title>\n<meta name=\"description\" content=\"Programmera enkelt din Ocean Signal AIS Alarm Box f\u00f6r \u00f6kad s\u00e4kerhet till sj\u00f6ss. F\u00f6renkla AIS-konfigurationen med v\u00e5r intuitiva programmeringssida.\" \/>\n<meta name=\"robots\" content=\"index, follow, max-snippet:-1, max-image-preview:large, max-video-preview:-1\" \/>\n<link rel=\"canonical\" href=\"https:\/\/oceansignal.com\/sv\/stod\/programmering-av-produkter\/programmering-av-ais-larmbox\/\" \/>\n<meta property=\"og:locale\" content=\"sv_SE\" \/>\n<meta property=\"og:type\" content=\"article\" \/>\n<meta property=\"og:title\" content=\"Programmering av AIS-larmbox - Ocean Signal\" \/>\n<meta property=\"og:description\" content=\"Programmera enkelt din Ocean Signal AIS Alarm Box f\u00f6r \u00f6kad s\u00e4kerhet till sj\u00f6ss. F\u00f6renkla AIS-konfigurationen med v\u00e5r intuitiva programmeringssida.\" \/>\n<meta property=\"og:url\" content=\"https:\/\/oceansignal.com\/sv\/stod\/programmering-av-produkter\/programmering-av-ais-larmbox\/\" \/>\n<meta property=\"og:site_name\" content=\"Ocean Signal\" \/>\n<meta property=\"article:modified_time\" content=\"2024-09-30T14:52:37+00:00\" \/>\n<meta property=\"og:image\" content=\"https:\/\/oceansignal.com\/wp-content\/uploads\/2024\/03\/image-social-share-04.jpg\" \/>\n\t<meta property=\"og:image:width\" content=\"1200\" \/>\n\t<meta property=\"og:image:height\" content=\"630\" \/>\n\t<meta property=\"og:image:type\" content=\"image\/jpeg\" \/>\n<meta name=\"twitter:card\" content=\"summary_large_image\" \/>\n<meta name=\"twitter:label1\" content=\"Ber\u00e4knad l\u00e4stid\" \/>\n\t<meta name=\"twitter:data1\" content=\"1 minut\" \/>\n<script type=\"application\/ld+json\" class=\"yoast-schema-graph\">{\"@context\":\"https:\/\/schema.org\",\"@graph\":[{\"@type\":\"WebPage\",\"@id\":\"https:\/\/oceansignal.com\/sv\/stod\/programmering-av-produkter\/programmering-av-ais-larmbox\/\",\"url\":\"https:\/\/oceansignal.com\/sv\/stod\/programmering-av-produkter\/programmering-av-ais-larmbox\/\",\"name\":\"Programmering av AIS-larmbox - Ocean Signal\",\"isPartOf\":{\"@id\":\"https:\/\/oceansignal.com\/sv\/#website\"},\"datePublished\":\"2023-04-14T10:01:01+00:00\",\"dateModified\":\"2024-09-30T14:52:37+00:00\",\"description\":\"Programmera enkelt din Ocean Signal AIS Alarm Box f\u00f6r \u00f6kad s\u00e4kerhet till sj\u00f6ss. F\u00f6renkla AIS-konfigurationen med v\u00e5r intuitiva programmeringssida.\",\"breadcrumb\":{\"@id\":\"https:\/\/oceansignal.com\/sv\/stod\/programmering-av-produkter\/programmering-av-ais-larmbox\/#breadcrumb\"},\"inLanguage\":\"sv-SE\",\"potentialAction\":[{\"@type\":\"ReadAction\",\"target\":[\"https:\/\/oceansignal.com\/sv\/stod\/programmering-av-produkter\/programmering-av-ais-larmbox\/\"]}]},{\"@type\":\"BreadcrumbList\",\"@id\":\"https:\/\/oceansignal.com\/sv\/stod\/programmering-av-produkter\/programmering-av-ais-larmbox\/#breadcrumb\",\"itemListElement\":[{\"@type\":\"ListItem\",\"position\":1,\"name\":\"St\u00f6d\",\"item\":\"https:\/\/oceansignal.com\/sv\/stod\/\"},{\"@type\":\"ListItem\",\"position\":2,\"name\":\"Programmering av produkter\",\"item\":\"https:\/\/oceansignal.com\/sv\/stod\/programmering-av-produkter\/\"},{\"@type\":\"ListItem\",\"position\":3,\"name\":\"Programmering av AIS-larmbox\"}]},{\"@type\":\"WebSite\",\"@id\":\"https:\/\/oceansignal.com\/sv\/#website\",\"url\":\"https:\/\/oceansignal.com\/sv\/\",\"name\":\"Ocean Signal\",\"description\":\"A leading manufacturer of EPIRBs, AIS, SARTs, Personal Locator Beacons, Man Overboard Beacon for the Marine and Outdoor Markets.\",\"potentialAction\":[{\"@type\":\"SearchAction\",\"target\":{\"@type\":\"EntryPoint\",\"urlTemplate\":\"https:\/\/oceansignal.com\/sv\/?s={search_term_string}\"},\"query-input\":{\"@type\":\"PropertyValueSpecification\",\"valueRequired\":true,\"valueName\":\"search_term_string\"}}],\"inLanguage\":\"sv-SE\"}]}<\/script>\n<!-- \/ Yoast SEO Premium plugin. -->","yoast_head_json":{"title":"Programmering av AIS-larmbox - Ocean Signal","description":"Programmera enkelt din Ocean Signal AIS Alarm Box f\u00f6r \u00f6kad s\u00e4kerhet till sj\u00f6ss. F\u00f6renkla AIS-konfigurationen med v\u00e5r intuitiva programmeringssida.","robots":{"index":"index","follow":"follow","max-snippet":"max-snippet:-1","max-image-preview":"max-image-preview:large","max-video-preview":"max-video-preview:-1"},"canonical":"https:\/\/oceansignal.com\/sv\/stod\/programmering-av-produkter\/programmering-av-ais-larmbox\/","og_locale":"sv_SE","og_type":"article","og_title":"Programmering av AIS-larmbox - Ocean Signal","og_description":"Programmera enkelt din Ocean Signal AIS Alarm Box f\u00f6r \u00f6kad s\u00e4kerhet till sj\u00f6ss. F\u00f6renkla AIS-konfigurationen med v\u00e5r intuitiva programmeringssida.","og_url":"https:\/\/oceansignal.com\/sv\/stod\/programmering-av-produkter\/programmering-av-ais-larmbox\/","og_site_name":"Ocean Signal","article_modified_time":"2024-09-30T14:52:37+00:00","og_image":[{"width":1200,"height":630,"url":"https:\/\/oceansignal.com\/wp-content\/uploads\/2024\/03\/image-social-share-04.jpg","type":"image\/jpeg"}],"twitter_card":"summary_large_image","twitter_misc":{"Ber\u00e4knad l\u00e4stid":"1 minut"},"schema":{"@context":"https:\/\/schema.org","@graph":[{"@type":"WebPage","@id":"https:\/\/oceansignal.com\/sv\/stod\/programmering-av-produkter\/programmering-av-ais-larmbox\/","url":"https:\/\/oceansignal.com\/sv\/stod\/programmering-av-produkter\/programmering-av-ais-larmbox\/","name":"Programmering av AIS-larmbox - Ocean Signal","isPartOf":{"@id":"https:\/\/oceansignal.com\/sv\/#website"},"datePublished":"2023-04-14T10:01:01+00:00","dateModified":"2024-09-30T14:52:37+00:00","description":"Programmera enkelt din Ocean Signal AIS Alarm Box f\u00f6r \u00f6kad s\u00e4kerhet till sj\u00f6ss. F\u00f6renkla AIS-konfigurationen med v\u00e5r intuitiva programmeringssida.","breadcrumb":{"@id":"https:\/\/oceansignal.com\/sv\/stod\/programmering-av-produkter\/programmering-av-ais-larmbox\/#breadcrumb"},"inLanguage":"sv-SE","potentialAction":[{"@type":"ReadAction","target":["https:\/\/oceansignal.com\/sv\/stod\/programmering-av-produkter\/programmering-av-ais-larmbox\/"]}]},{"@type":"BreadcrumbList","@id":"https:\/\/oceansignal.com\/sv\/stod\/programmering-av-produkter\/programmering-av-ais-larmbox\/#breadcrumb","itemListElement":[{"@type":"ListItem","position":1,"name":"St\u00f6d","item":"https:\/\/oceansignal.com\/sv\/stod\/"},{"@type":"ListItem","position":2,"name":"Programmering av produkter","item":"https:\/\/oceansignal.com\/sv\/stod\/programmering-av-produkter\/"},{"@type":"ListItem","position":3,"name":"Programmering av AIS-larmbox"}]},{"@type":"WebSite","@id":"https:\/\/oceansignal.com\/sv\/#website","url":"https:\/\/oceansignal.com\/sv\/","name":"Ocean Signal","description":"A leading manufacturer of EPIRBs, AIS, SARTs, Personal Locator Beacons, Man Overboard Beacon for the Marine and Outdoor Markets.","potentialAction":[{"@type":"SearchAction","target":{"@type":"EntryPoint","urlTemplate":"https:\/\/oceansignal.com\/sv\/?s={search_term_string}"},"query-input":{"@type":"PropertyValueSpecification","valueRequired":true,"valueName":"search_term_string"}}],"inLanguage":"sv-SE"}]}},"_links":{"self":[{"href":"https:\/\/oceansignal.com\/sv\/wp-json\/wp\/v2\/pages\/7071","targetHints":{"allow":["GET"]}}],"collection":[{"href":"https:\/\/oceansignal.com\/sv\/wp-json\/wp\/v2\/pages"}],"about":[{"href":"https:\/\/oceansignal.com\/sv\/wp-json\/wp\/v2\/types\/page"}],"author":[{"embeddable":true,"href":"https:\/\/oceansignal.com\/sv\/wp-json\/wp\/v2\/users\/2"}],"replies":[{"embeddable":true,"href":"https:\/\/oceansignal.com\/sv\/wp-json\/wp\/v2\/comments?post=7071"}],"version-history":[{"count":1,"href":"https:\/\/oceansignal.com\/sv\/wp-json\/wp\/v2\/pages\/7071\/revisions"}],"predecessor-version":[{"id":7072,"href":"https:\/\/oceansignal.com\/sv\/wp-json\/wp\/v2\/pages\/7071\/revisions\/7072"}],"up":[{"embeddable":true,"href":"https:\/\/oceansignal.com\/sv\/wp-json\/wp\/v2\/pages\/7971"}],"wp:attachment":[{"href":"https:\/\/oceansignal.com\/sv\/wp-json\/wp\/v2\/media?parent=7071"}],"curies":[{"name":"wp","href":"https:\/\/api.w.org\/{rel}","templated":true}]}}