{"id":7086,"date":"2023-04-07T13:10:32","date_gmt":"2023-04-07T13:10:32","guid":{"rendered":"https:\/\/oceansignal.com\/om-ocean-signal\/"},"modified":"2024-09-30T14:32:16","modified_gmt":"2024-09-30T14:32:16","slug":"om-ocean-signal","status":"publish","type":"page","link":"https:\/\/oceansignal.com\/sv\/om-ocean-signal\/","title":{"rendered":"Om Ocean Signal"},"content":{"rendered":"\n<div class=\"gb-container-narrow\">\n    <div class=\"gc-container \">\n                \n\n<p class=\"has-medium-font-size\">Ocean Signal \u00e4r verksamt inom ACR-koncernen.\nDenna grupp har \u00f6ver 250 anst\u00e4llda och 3 FoU-centra i v\u00e4rldsklass.\nVi utvecklar st\u00e4ndigt aff\u00e4rsm\u00f6jligheter med \u00f6ver 150 aktiva globala kunder och finns i \u00f6ver 30 l\u00e4nder.\nKoncernen samarbetar med viktiga organisationer runt om i v\u00e4rlden och har varit n\u00e4rvarande p\u00e5 de maritima, flyg- och milit\u00e4ra marknaderna i \u00f6ver 50 \u00e5r.<br\/>Ocean Signal \u00e4r v\u00e4rldsledande inom design och tillverkning av satellit- och markbundna n\u00f6dr\u00e4ddningsfyrar baserade p\u00e5 VHF\/UHF, Iridium, Digital Selective Calling eller DSC, Automatic Identification Systems eller AIS, GNSS och batteriteknik.\nLevererar produkter \u00f6ver hela v\u00e4rlden till fyra huvudmarknader: \u2013 Commercial Marine, Leisure Marine, Governmental\/Military och Land\/Recreational.    <br\/><br\/>Chef f\u00f6r Ocean Signal Engineering \u00e4r en av v\u00e4rldens ledande experter inom radarf\u00f6rb\u00e4ttringsteknik, Simon Nolan som leder ett starkt team.\nVar f\u00f6r sig har de designat och utvecklat m\u00e5nga marknadsledande produkter och har nu som Ocean Signal en vision om att tillhandah\u00e5lla de allra b\u00e4sta kommunikations- och s\u00e4kerhetsprodukterna f\u00f6r dagens sj\u00f6farare. <\/p>\n\n\n\n<p><\/p>\n\n\n\n<figure class=\"wp-block-gallery has-nested-images columns-default is-cropped wp-block-gallery-1 is-layout-flex wp-block-gallery-is-layout-flex\">\n<figure class=\"wp-block-image size-large\"><img loading=\"lazy\" decoding=\"async\" width=\"420\" height=\"264\" data-id=\"180\" src=\"http:\/\/oceansignal.com\/wp-content\/uploads\/2023\/04\/image-about-us-employees.jpg\" alt=\"Ocean Signals huvudkontor och tillverkning i Margate, Kent, Storbritannien\" class=\"wp-image-180\" srcset=\"https:\/\/oceansignal.com\/wp-content\/uploads\/2023\/04\/image-about-us-employees.jpg 420w, https:\/\/oceansignal.com\/wp-content\/uploads\/2023\/04\/image-about-us-employees-300x189.jpg 300w\" sizes=\"auto, (max-width: 420px) 100vw, 420px\" \/><\/figure>\n\n\n\n<figure class=\"wp-block-image size-large\"><img loading=\"lazy\" decoding=\"async\" width=\"420\" height=\"264\" data-id=\"181\" src=\"http:\/\/oceansignal.com\/wp-content\/uploads\/2023\/04\/image-about-us-2.jpg\" alt=\"\" class=\"wp-image-181\" srcset=\"https:\/\/oceansignal.com\/wp-content\/uploads\/2023\/04\/image-about-us-2.jpg 420w, https:\/\/oceansignal.com\/wp-content\/uploads\/2023\/04\/image-about-us-2-300x189.jpg 300w\" sizes=\"auto, (max-width: 420px) 100vw, 420px\" \/><\/figure>\n<\/figure>\n\n\n\n<p><\/p>\n\n\n\n<p>Genom mer \u00e4n 10 \u00e5r av fortsatt innovativ design, utveckling och testning har Ocean Signal utvecklat och levererat en portf\u00f6lj av produkter i v\u00e4rldsklass p\u00e5 marknaden.<br\/>Portf\u00f6ljen av Ocean Signal-produkter \u00e4r utformad f\u00f6r att uppfylla eller \u00f6vertr\u00e4ffa de tekniska kraven i International Maritime Organisation (SOLAS), International Electrotechnical Commissions standarder, europeiska direktiv och beslut, USA:s kustbevakningsstandarder samt m\u00e5nga andra till\u00e4mpliga nationella och internationella regler.<\/p>\n\n\n\n<p><\/p>\n\n\n\n<figure class=\"wp-block-image size-full\"><img loading=\"lazy\" decoding=\"async\" width=\"856\" height=\"499\" src=\"http:\/\/oceansignal.com\/wp-content\/uploads\/2023\/04\/image-about-us-3-1.jpg\" alt=\"\" class=\"wp-image-182\" srcset=\"https:\/\/oceansignal.com\/wp-content\/uploads\/2023\/04\/image-about-us-3-1.jpg 856w, https:\/\/oceansignal.com\/wp-content\/uploads\/2023\/04\/image-about-us-3-1-300x175.jpg 300w, https:\/\/oceansignal.com\/wp-content\/uploads\/2023\/04\/image-about-us-3-1-768x448.jpg 768w, https:\/\/oceansignal.com\/wp-content\/uploads\/2023\/04\/image-about-us-3-1-600x350.jpg 600w\" sizes=\"auto, (max-width: 856px) 100vw, 856px\" \/><\/figure>\n\n\n\n<p><\/p>\n\n\n\n<p>F\u00f6r karri\u00e4rer p\u00e5 Ocean Signal, g\u00e5 till <a href=\"http:\/\/oceansignal.com\/careers\/\" data-type=\"page\" data-id=\"200\">karri\u00e4rsidan<\/a>.<br\/><br\/><strong>Registrerad f\u00f6retagsadress:<\/strong><br\/>Ocean Signal Ltd<br\/>Enhet 4<br\/>Ocivan Way<br\/>Margate, Kent<br\/>CT9 4NN<br\/>Storbritannien<br\/><br\/><strong>Allm\u00e4nna fr\u00e5gor, f\u00f6rs\u00e4ljning och administration<\/strong><br\/>+44 (0)1843 282930<br\/><br\/><strong>ENDAST Kundtj\u00e4nst och teknisk support<\/strong><br\/>+44 (0)1843 808190<br\/><br\/><strong>Organisationsnummer:<\/strong> 06627101<br\/><br\/>Registrerad i England.<\/p>\n\n\n        <\/div><\/div>\n\n\t\n<div\n\tclass=\"c-wave-divider  c-wave-divider--blue  c-wave-divider--margin-top\">\n<\/div>\n\n<div class=\"gb-contact-us\" id=\"contact-us\">\n\t<div class=\"gc-container \">\n    \t\t\t\n\n<div class=\"wp-block-column gb-contact-us__column gb-contact-us__text-container is-layout-flow wp-block-column-is-layout-flow\">\n<h1 class=\"wp-block-heading gb-contact-us__text-container__title\" id=\"h-we-are-here-to-help\">Vi \u00e4r h\u00e4r f\u00f6r att hj\u00e4lpa dig<\/h1>\n\n\n\n<p class=\"gb-contact-us__text-container__text\">Skicka ett meddelande till oss s\u00e5 kontaktar en medlem av v\u00e5rt team dig.<\/p>\n\n\n\n<div class=\"wp-block-column gb-contact-us__text-container__image is-layout-flow wp-block-column-is-layout-flow\"><\/div>\n<\/div>\n\n\n\n<div class=\"wp-block-column gb-contact-us__column gb-contact-us__form-container is-layout-flow wp-block-column-is-layout-flow\"><div id=\"contact-form\" class=\"gb-contact-form\">\n\t<form class=\"gb-contact-form__form\" method=\"post\">\n\t\t\n\n<div class=\"c-input c-input--fullName \">\n\t<label class=\"c-input__label\" for=\"fullName\">F\u00f6rst och efternamn (valfritt)<\/label>\n\t<div class=\"c-input__container\">\n\t\t\t\t<input\n\t\t\ttype=\"text\"\n\t\t\tname=\"fullName\"\n\t\t\tid=\"fullName\"\n\t\t\tclass=\"c-input__input\"\n\t\t\tvalue=\"\"\n\t\t\t\n\t\t\tautocomplete=\"off\"\n\t\t\tspellcheck=\"true\"\n\t\t\tplaceholder=\"\"\n\t\t\/>\n\t<\/div>\n\t\t<span class=\"c-input__message\">Detta f\u00e4lt kr\u00e4vs.<\/span>\n<\/div>\n\n\t\t\n\n<div class=\"c-input c-input--email \">\n\t<label class=\"c-input__label\" for=\"email\">E -post<\/label>\n\t<div class=\"c-input__container\">\n\t\t\t\t<input\n\t\t\ttype=\"email\"\n\t\t\tname=\"email\"\n\t\t\tid=\"email\"\n\t\t\tclass=\"c-input__input\"\n\t\t\tvalue=\"\"\n\t\t\t\n\t\t\tautocomplete=\"off\"\n\t\t\tspellcheck=\"true\"\n\t\t\tplaceholder=\"\"\n\t\t\/>\n\t<\/div>\n\t\t<span class=\"c-input__message\">E -postadress \u00e4r i felaktigt format.<\/span>\n<\/div>\n\n\t\t\n\n<div class=\"c-input c-input--phone \">\n\t<label class=\"c-input__label\" for=\"phone\">Telefonnummer (valfritt)<\/label>\n\t<div class=\"c-input__container\">\n\t\t\t\t<input\n\t\t\ttype=\"text\"\n\t\t\tname=\"phone\"\n\t\t\tid=\"phone\"\n\t\t\tclass=\"c-input__input\"\n\t\t\tvalue=\"\"\n\t\t\t\n\t\t\tautocomplete=\"off\"\n\t\t\tspellcheck=\"true\"\n\t\t\tplaceholder=\"\"\n\t\t\/>\n\t<\/div>\n\t\t<span class=\"c-input__message\">Detta f\u00e4lt kr\u00e4vs.<\/span>\n<\/div>\n\n\t\t\n\n<div class=\"c-input c-input--country \">\n\t<label class=\"c-input__label\" for=\"country\">Ursprungsland<\/label>\n\t<div class=\"c-input__container\">\n\t\t\t\t<input\n\t\t\ttype=\"text\"\n\t\t\tname=\"country\"\n\t\t\tid=\"country\"\n\t\t\tclass=\"c-input__input\"\n\t\t\tvalue=\"\"\n\t\t\t\n\t\t\tautocomplete=\"off\"\n\t\t\tspellcheck=\"true\"\n\t\t\tplaceholder=\"\"\n\t\t\/>\n\t<\/div>\n\t\t<span class=\"c-input__message\">Detta f\u00e4lt kr\u00e4vs.<\/span>\n<\/div>\n\n\t\t<div class=\"c-input\">\n\t<label class=\"c-input__label\" for=\"message\">Ditt meddelande<\/label>\n\t<textarea\n\t\tname=\"message\"\n\t\tid=\"message\"\n\t\tclass=\"c-input__input\"\n\t\tvalue=\"\"\n\t\t\n\t\tautocomplete=\"off\"\n\t\tspellcheck=\"true\"\n\t><\/textarea>\n\t\t<span class=\"c-input__message\">Detta f\u00e4lt kr\u00e4vs.<\/span>\n<\/div>\n\n\t\t\t<span class=\"c-checkbox c-checkbox--secondary\">\n\t<span class=\"c-checkbox__wrapper\">\n\t\t<input class=\"c-checkbox__input\" type=\"checkbox\" name=\"subscribe\" data-id=\"subscribe\" id=\"subscribe\" value=\"subscribe\"  autocomplete=\"on\"\/>\n\t<\/span>\n\t<label class=\"c-checkbox__text\" for=\"subscribe\"> Jag skulle vilja f\u00e5 nyheter och kampanjer. <\/label>\n<\/span>\n\n\t\t<div class=\"c-recaptcha c-input js-recaptcha\" id=\"js-recaptcha\">\n    <div class=\"g-recaptcha\" data-sitekey=\"6LdypS0pAAAAAPO_gmMi6_T5NelPv7DVFckpx0_9\" data-callback=\"checkRecaptcha\"><\/div>\n    <span class=\"c-input__message\">Detta f\u00e4lt kr\u00e4vs.<\/span>\n<\/div>\n\n\t\t<div class=\"gb-contact-form__form__divider\" ><\/div>\n\t\t<button type=\"submit\" class=\"c-button c-button--primary js-submit-button\">Skicka beg\u00e4ran<\/button>\n\t<\/form>\n\t<p id=\"form-message\" class=\"gb-contact-form__message\"><\/p>\n<\/div>\n<\/div>\n\n\n\n<p class=\"gb-contact-us__bottom-text\">Vi anser att din integritet \u00e4r viktig, l\u00e4s v\u00e5r integritetspolicy.<br\/>Observera att dina kontaktuppgifter kan komma att anv\u00e4ndas i enlighet med EU:s GDPR-f\u00f6rordningar.\nOcean Signal kommer inte att anv\u00e4nda dessa uppgifter f\u00f6r marknadsf\u00f6rings\u00e4ndam\u00e5l utan ditt uttryckliga tillst\u00e5nd.\nMer information om v\u00e5r policy f\u00f6r datalagring finns i denna policy.  <br\/><br\/>F\u00f6r servicesupport, kontakta din lokala distribut\u00f6r f\u00f6rst.<br\/>Information om OSL-\u00e5terf\u00f6rs\u00e4ljare och OSL-batteribytestj\u00e4nster finns h\u00e4r.<\/p>\n\n\n\t\t<\/div><\/div>\n\n<div class=\"gb-careers\">\n            \n\n<div class=\"wp-block-columns gb-careers__wrapper c-container is-layout-flex wp-container-core-columns-is-layout-9d6595d7 wp-block-columns-is-layout-flex\">\n<div class=\"wp-block-column gb-careers__column gb-careers__text-container is-layout-flow wp-block-column-is-layout-flow\">\n<h2 class=\"wp-block-heading gb-careers__text-container__title\" id=\"h-careers\">Karri\u00e4r<\/h2>\n\n\n\n<p class=\"gb-careers__text-container__text\">\u00c4r du intresserad av att bli en del av v\u00e5rt team?\nVi letar alltid efter beg\u00e5vade individer som vill g\u00e5 med i Ocean Signal-familjen. <\/p>\n\n\n\n<a\n\t\t\thref=\"http:\/\/oceansignal.com\/careers\/\"\n\t\tclass=\"gb-button gb-button--primary-white \"\n\ttarget=\"_self\">\n\t\tOpen positions\n<\/a>\n<\/div>\n\n\n\n<div class=\"wp-block-column gb-careers__column gb-careers__image-container is-layout-flow wp-block-column-is-layout-flow\">\n<div class=\"gb-image\">\n\t\n<div class=\"gc-image \">\n        <img decoding=\"async\" class=\"gc-image__image gc-image__image--cover \"\n         src=\"http:\/\/oceansignal.com\/wp-content\/uploads\/2023\/04\/image-careers-section.jpg\"\n         alt=\"\"\n    >\n<\/div><\/div>\n<\/div>\n<\/div>\n\n\n    <\/div>\n","protected":false},"excerpt":{"rendered":"<p>Vi sammanf\u00f6rde ett av de mest erfarna teamen inom elektronikteknik inom marin kommunikation.<\/p>\n","protected":false},"author":2,"featured_media":0,"parent":0,"menu_order":0,"comment_status":"closed","ping_status":"closed","template":"pagetemplate-header-orange.php","meta":{"_acf_changed":false,"om_disable_all_campaigns":false,"footnotes":""},"class_list":["post-7086","page","type-page","status-publish","hentry"],"acf":[],"yoast_head":"<!-- This site is optimized with the Yoast SEO Premium plugin v25.2 (Yoast SEO v26.4) - https:\/\/yoast.com\/wordpress\/plugins\/seo\/ -->\n<title>Om Ocean Signal - Ocean Signal<\/title>\n<meta name=\"description\" content=\"Ocean Signal \u00e4r din k\u00e4lla f\u00f6r l\u00f6sningar f\u00f6r sj\u00f6s\u00e4kerhet. Utforska v\u00e5rt sortiment av EPIRBs, PLBs och AIS-utrustning f\u00f6r tillf\u00f6rlitlig kommunikation till sj\u00f6ss\" \/>\n<meta name=\"robots\" content=\"index, follow, max-snippet:-1, max-image-preview:large, max-video-preview:-1\" \/>\n<link rel=\"canonical\" href=\"https:\/\/oceansignal.com\/sv\/om-ocean-signal\/\" \/>\n<meta property=\"og:locale\" content=\"sv_SE\" \/>\n<meta property=\"og:type\" content=\"article\" \/>\n<meta property=\"og:title\" content=\"Om Ocean Signal - Ocean Signal\" \/>\n<meta property=\"og:description\" content=\"Ocean Signal \u00e4r din k\u00e4lla f\u00f6r l\u00f6sningar f\u00f6r sj\u00f6s\u00e4kerhet. Utforska v\u00e5rt sortiment av EPIRBs, PLBs och AIS-utrustning f\u00f6r tillf\u00f6rlitlig kommunikation till sj\u00f6ss\" \/>\n<meta property=\"og:url\" content=\"https:\/\/oceansignal.com\/sv\/om-ocean-signal\/\" \/>\n<meta property=\"og:site_name\" content=\"Ocean Signal\" \/>\n<meta property=\"article:modified_time\" content=\"2024-09-30T14:32:16+00:00\" \/>\n<meta property=\"og:image\" content=\"http:\/\/oceansignal.com\/wp-content\/uploads\/2023\/04\/image-about-us-employees.jpg\" \/>\n<meta name=\"twitter:card\" content=\"summary_large_image\" \/>\n<meta name=\"twitter:label1\" content=\"Ber\u00e4knad l\u00e4stid\" \/>\n\t<meta name=\"twitter:data1\" content=\"2 minuter\" \/>\n<script type=\"application\/ld+json\" class=\"yoast-schema-graph\">{\"@context\":\"https:\/\/schema.org\",\"@graph\":[{\"@type\":\"WebPage\",\"@id\":\"https:\/\/oceansignal.com\/sv\/om-ocean-signal\/\",\"url\":\"https:\/\/oceansignal.com\/sv\/om-ocean-signal\/\",\"name\":\"Om Ocean Signal - Ocean Signal\",\"isPartOf\":{\"@id\":\"https:\/\/oceansignal.com\/sv\/#website\"},\"primaryImageOfPage\":{\"@id\":\"https:\/\/oceansignal.com\/sv\/om-ocean-signal\/#primaryimage\"},\"image\":{\"@id\":\"https:\/\/oceansignal.com\/sv\/om-ocean-signal\/#primaryimage\"},\"thumbnailUrl\":\"http:\/\/oceansignal.com\/wp-content\/uploads\/2023\/04\/image-about-us-employees.jpg\",\"datePublished\":\"2023-04-07T13:10:32+00:00\",\"dateModified\":\"2024-09-30T14:32:16+00:00\",\"description\":\"Ocean Signal \u00e4r din k\u00e4lla f\u00f6r l\u00f6sningar f\u00f6r sj\u00f6s\u00e4kerhet. Utforska v\u00e5rt sortiment av EPIRBs, PLBs och AIS-utrustning f\u00f6r tillf\u00f6rlitlig kommunikation till sj\u00f6ss\",\"inLanguage\":\"sv-SE\",\"potentialAction\":[{\"@type\":\"ReadAction\",\"target\":[\"https:\/\/oceansignal.com\/sv\/om-ocean-signal\/\"]}]},{\"@type\":\"ImageObject\",\"inLanguage\":\"sv-SE\",\"@id\":\"https:\/\/oceansignal.com\/sv\/om-ocean-signal\/#primaryimage\",\"url\":\"http:\/\/oceansignal.com\/wp-content\/uploads\/2023\/04\/image-about-us-employees.jpg\",\"contentUrl\":\"http:\/\/oceansignal.com\/wp-content\/uploads\/2023\/04\/image-about-us-employees.jpg\"},{\"@type\":\"WebSite\",\"@id\":\"https:\/\/oceansignal.com\/sv\/#website\",\"url\":\"https:\/\/oceansignal.com\/sv\/\",\"name\":\"Ocean Signal\",\"description\":\"A leading manufacturer of EPIRBs, AIS, SARTs, Personal Locator Beacons, Man Overboard Beacon for the Marine and Outdoor Markets.\",\"potentialAction\":[{\"@type\":\"SearchAction\",\"target\":{\"@type\":\"EntryPoint\",\"urlTemplate\":\"https:\/\/oceansignal.com\/sv\/?s={search_term_string}\"},\"query-input\":{\"@type\":\"PropertyValueSpecification\",\"valueRequired\":true,\"valueName\":\"search_term_string\"}}],\"inLanguage\":\"sv-SE\"}]}<\/script>\n<!-- \/ Yoast SEO Premium plugin. -->","yoast_head_json":{"title":"Om Ocean Signal - Ocean Signal","description":"Ocean Signal \u00e4r din k\u00e4lla f\u00f6r l\u00f6sningar f\u00f6r sj\u00f6s\u00e4kerhet. Utforska v\u00e5rt sortiment av EPIRBs, PLBs och AIS-utrustning f\u00f6r tillf\u00f6rlitlig kommunikation till sj\u00f6ss","robots":{"index":"index","follow":"follow","max-snippet":"max-snippet:-1","max-image-preview":"max-image-preview:large","max-video-preview":"max-video-preview:-1"},"canonical":"https:\/\/oceansignal.com\/sv\/om-ocean-signal\/","og_locale":"sv_SE","og_type":"article","og_title":"Om Ocean Signal - Ocean Signal","og_description":"Ocean Signal \u00e4r din k\u00e4lla f\u00f6r l\u00f6sningar f\u00f6r sj\u00f6s\u00e4kerhet. Utforska v\u00e5rt sortiment av EPIRBs, PLBs och AIS-utrustning f\u00f6r tillf\u00f6rlitlig kommunikation till sj\u00f6ss","og_url":"https:\/\/oceansignal.com\/sv\/om-ocean-signal\/","og_site_name":"Ocean Signal","article_modified_time":"2024-09-30T14:32:16+00:00","og_image":[{"url":"http:\/\/oceansignal.com\/wp-content\/uploads\/2023\/04\/image-about-us-employees.jpg","type":"","width":"","height":""}],"twitter_card":"summary_large_image","twitter_misc":{"Ber\u00e4knad l\u00e4stid":"2 minuter"},"schema":{"@context":"https:\/\/schema.org","@graph":[{"@type":"WebPage","@id":"https:\/\/oceansignal.com\/sv\/om-ocean-signal\/","url":"https:\/\/oceansignal.com\/sv\/om-ocean-signal\/","name":"Om Ocean Signal - Ocean Signal","isPartOf":{"@id":"https:\/\/oceansignal.com\/sv\/#website"},"primaryImageOfPage":{"@id":"https:\/\/oceansignal.com\/sv\/om-ocean-signal\/#primaryimage"},"image":{"@id":"https:\/\/oceansignal.com\/sv\/om-ocean-signal\/#primaryimage"},"thumbnailUrl":"http:\/\/oceansignal.com\/wp-content\/uploads\/2023\/04\/image-about-us-employees.jpg","datePublished":"2023-04-07T13:10:32+00:00","dateModified":"2024-09-30T14:32:16+00:00","description":"Ocean Signal \u00e4r din k\u00e4lla f\u00f6r l\u00f6sningar f\u00f6r sj\u00f6s\u00e4kerhet. Utforska v\u00e5rt sortiment av EPIRBs, PLBs och AIS-utrustning f\u00f6r tillf\u00f6rlitlig kommunikation till sj\u00f6ss","inLanguage":"sv-SE","potentialAction":[{"@type":"ReadAction","target":["https:\/\/oceansignal.com\/sv\/om-ocean-signal\/"]}]},{"@type":"ImageObject","inLanguage":"sv-SE","@id":"https:\/\/oceansignal.com\/sv\/om-ocean-signal\/#primaryimage","url":"http:\/\/oceansignal.com\/wp-content\/uploads\/2023\/04\/image-about-us-employees.jpg","contentUrl":"http:\/\/oceansignal.com\/wp-content\/uploads\/2023\/04\/image-about-us-employees.jpg"},{"@type":"WebSite","@id":"https:\/\/oceansignal.com\/sv\/#website","url":"https:\/\/oceansignal.com\/sv\/","name":"Ocean Signal","description":"A leading manufacturer of EPIRBs, AIS, SARTs, Personal Locator Beacons, Man Overboard Beacon for the Marine and Outdoor Markets.","potentialAction":[{"@type":"SearchAction","target":{"@type":"EntryPoint","urlTemplate":"https:\/\/oceansignal.com\/sv\/?s={search_term_string}"},"query-input":{"@type":"PropertyValueSpecification","valueRequired":true,"valueName":"search_term_string"}}],"inLanguage":"sv-SE"}]}},"_links":{"self":[{"href":"https:\/\/oceansignal.com\/sv\/wp-json\/wp\/v2\/pages\/7086","targetHints":{"allow":["GET"]}}],"collection":[{"href":"https:\/\/oceansignal.com\/sv\/wp-json\/wp\/v2\/pages"}],"about":[{"href":"https:\/\/oceansignal.com\/sv\/wp-json\/wp\/v2\/types\/page"}],"author":[{"embeddable":true,"href":"https:\/\/oceansignal.com\/sv\/wp-json\/wp\/v2\/users\/2"}],"replies":[{"embeddable":true,"href":"https:\/\/oceansignal.com\/sv\/wp-json\/wp\/v2\/comments?post=7086"}],"version-history":[{"count":1,"href":"https:\/\/oceansignal.com\/sv\/wp-json\/wp\/v2\/pages\/7086\/revisions"}],"predecessor-version":[{"id":7089,"href":"https:\/\/oceansignal.com\/sv\/wp-json\/wp\/v2\/pages\/7086\/revisions\/7089"}],"wp:attachment":[{"href":"https:\/\/oceansignal.com\/sv\/wp-json\/wp\/v2\/media?parent=7086"}],"curies":[{"name":"wp","href":"https:\/\/api.w.org\/{rel}","templated":true}]}}