{"id":7249,"date":"2023-05-04T09:16:25","date_gmt":"2023-05-04T09:16:25","guid":{"rendered":"https:\/\/oceansignal.com\/mob1-zon-1\/"},"modified":"2024-09-30T14:44:07","modified_gmt":"2024-09-30T14:44:07","slug":"mob1-zon-1","status":"publish","type":"page","link":"https:\/\/oceansignal.com\/sv\/stod\/programmering-av-produkter\/mob1-programmering\/mob1-zon-1\/","title":{"rendered":"MOB1 Zon 1"},"content":{"rendered":"","protected":false},"excerpt":{"rendered":"","protected":false},"author":1,"featured_media":0,"parent":7250,"menu_order":0,"comment_status":"closed","ping_status":"closed","template":"pagetemplate-mob1-zone1.php","meta":{"_acf_changed":false,"om_disable_all_campaigns":false,"footnotes":""},"class_list":["post-7249","page","type-page","status-publish","hentry"],"acf":[],"yoast_head":"<!-- This site is optimized with the Yoast SEO Premium plugin v25.2 (Yoast SEO v26.4) - https:\/\/yoast.com\/wordpress\/plugins\/seo\/ -->\n<title>MOB1 Zon 1 - Ocean Signal<\/title>\n<meta name=\"description\" content=\"Programmera enkelt Ocean Signal MOB1 f\u00f6r zon 1. S\u00e4kerst\u00e4ll tillf\u00f6rlitlig man-\u00f6verbord-varning i farliga omr\u00e5den. F\u00f6renkla programmeringen redan idag.\" \/>\n<meta name=\"robots\" content=\"index, follow, max-snippet:-1, max-image-preview:large, max-video-preview:-1\" \/>\n<link rel=\"canonical\" href=\"https:\/\/oceansignal.com\/sv\/stod\/programmering-av-produkter\/mob1-programmering\/mob1-zon-1\/\" \/>\n<meta property=\"og:locale\" content=\"sv_SE\" \/>\n<meta property=\"og:type\" content=\"article\" \/>\n<meta property=\"og:title\" content=\"MOB1 Zon 1 - Ocean Signal\" \/>\n<meta property=\"og:description\" content=\"Programmera enkelt Ocean Signal MOB1 f\u00f6r zon 1. S\u00e4kerst\u00e4ll tillf\u00f6rlitlig man-\u00f6verbord-varning i farliga omr\u00e5den. F\u00f6renkla programmeringen redan idag.\" \/>\n<meta property=\"og:url\" content=\"https:\/\/oceansignal.com\/sv\/stod\/programmering-av-produkter\/mob1-programmering\/mob1-zon-1\/\" \/>\n<meta property=\"og:site_name\" content=\"Ocean Signal\" \/>\n<meta property=\"article:modified_time\" content=\"2024-09-30T14:44:07+00:00\" \/>\n<meta property=\"og:image\" content=\"https:\/\/oceansignal.com\/wp-content\/uploads\/2024\/03\/image-social-share-04.jpg\" \/>\n\t<meta property=\"og:image:width\" content=\"1200\" \/>\n\t<meta property=\"og:image:height\" content=\"630\" \/>\n\t<meta property=\"og:image:type\" content=\"image\/jpeg\" \/>\n<meta name=\"twitter:card\" content=\"summary_large_image\" \/>\n<script type=\"application\/ld+json\" class=\"yoast-schema-graph\">{\"@context\":\"https:\/\/schema.org\",\"@graph\":[{\"@type\":\"WebPage\",\"@id\":\"https:\/\/oceansignal.com\/sv\/stod\/programmering-av-produkter\/mob1-programmering\/mob1-zon-1\/\",\"url\":\"https:\/\/oceansignal.com\/sv\/stod\/programmering-av-produkter\/mob1-programmering\/mob1-zon-1\/\",\"name\":\"MOB1 Zon 1 - Ocean Signal\",\"isPartOf\":{\"@id\":\"https:\/\/oceansignal.com\/sv\/#website\"},\"datePublished\":\"2023-05-04T09:16:25+00:00\",\"dateModified\":\"2024-09-30T14:44:07+00:00\",\"description\":\"Programmera enkelt Ocean Signal MOB1 f\u00f6r zon 1. S\u00e4kerst\u00e4ll tillf\u00f6rlitlig man-\u00f6verbord-varning i farliga omr\u00e5den. F\u00f6renkla programmeringen redan idag.\",\"breadcrumb\":{\"@id\":\"https:\/\/oceansignal.com\/sv\/stod\/programmering-av-produkter\/mob1-programmering\/mob1-zon-1\/#breadcrumb\"},\"inLanguage\":\"sv-SE\",\"potentialAction\":[{\"@type\":\"ReadAction\",\"target\":[\"https:\/\/oceansignal.com\/sv\/stod\/programmering-av-produkter\/mob1-programmering\/mob1-zon-1\/\"]}]},{\"@type\":\"BreadcrumbList\",\"@id\":\"https:\/\/oceansignal.com\/sv\/stod\/programmering-av-produkter\/mob1-programmering\/mob1-zon-1\/#breadcrumb\",\"itemListElement\":[{\"@type\":\"ListItem\",\"position\":1,\"name\":\"St\u00f6d\",\"item\":\"https:\/\/oceansignal.com\/sv\/stod\/\"},{\"@type\":\"ListItem\",\"position\":2,\"name\":\"Programmering av produkter\",\"item\":\"https:\/\/oceansignal.com\/sv\/stod\/programmering-av-produkter\/\"},{\"@type\":\"ListItem\",\"position\":3,\"name\":\"MOB1-programmering\",\"item\":\"https:\/\/oceansignal.com\/sv\/stod\/programmering-av-produkter\/mob1-programmering\/\"},{\"@type\":\"ListItem\",\"position\":4,\"name\":\"MOB1 Zon 1\"}]},{\"@type\":\"WebSite\",\"@id\":\"https:\/\/oceansignal.com\/sv\/#website\",\"url\":\"https:\/\/oceansignal.com\/sv\/\",\"name\":\"Ocean Signal\",\"description\":\"A leading manufacturer of EPIRBs, AIS, SARTs, Personal Locator Beacons, Man Overboard Beacon for the Marine and Outdoor Markets.\",\"potentialAction\":[{\"@type\":\"SearchAction\",\"target\":{\"@type\":\"EntryPoint\",\"urlTemplate\":\"https:\/\/oceansignal.com\/sv\/?s={search_term_string}\"},\"query-input\":{\"@type\":\"PropertyValueSpecification\",\"valueRequired\":true,\"valueName\":\"search_term_string\"}}],\"inLanguage\":\"sv-SE\"}]}<\/script>\n<!-- \/ Yoast SEO Premium plugin. -->","yoast_head_json":{"title":"MOB1 Zon 1 - Ocean Signal","description":"Programmera enkelt Ocean Signal MOB1 f\u00f6r zon 1. S\u00e4kerst\u00e4ll tillf\u00f6rlitlig man-\u00f6verbord-varning i farliga omr\u00e5den. F\u00f6renkla programmeringen redan idag.","robots":{"index":"index","follow":"follow","max-snippet":"max-snippet:-1","max-image-preview":"max-image-preview:large","max-video-preview":"max-video-preview:-1"},"canonical":"https:\/\/oceansignal.com\/sv\/stod\/programmering-av-produkter\/mob1-programmering\/mob1-zon-1\/","og_locale":"sv_SE","og_type":"article","og_title":"MOB1 Zon 1 - Ocean Signal","og_description":"Programmera enkelt Ocean Signal MOB1 f\u00f6r zon 1. S\u00e4kerst\u00e4ll tillf\u00f6rlitlig man-\u00f6verbord-varning i farliga omr\u00e5den. F\u00f6renkla programmeringen redan idag.","og_url":"https:\/\/oceansignal.com\/sv\/stod\/programmering-av-produkter\/mob1-programmering\/mob1-zon-1\/","og_site_name":"Ocean Signal","article_modified_time":"2024-09-30T14:44:07+00:00","og_image":[{"width":1200,"height":630,"url":"https:\/\/oceansignal.com\/wp-content\/uploads\/2024\/03\/image-social-share-04.jpg","type":"image\/jpeg"}],"twitter_card":"summary_large_image","schema":{"@context":"https:\/\/schema.org","@graph":[{"@type":"WebPage","@id":"https:\/\/oceansignal.com\/sv\/stod\/programmering-av-produkter\/mob1-programmering\/mob1-zon-1\/","url":"https:\/\/oceansignal.com\/sv\/stod\/programmering-av-produkter\/mob1-programmering\/mob1-zon-1\/","name":"MOB1 Zon 1 - Ocean Signal","isPartOf":{"@id":"https:\/\/oceansignal.com\/sv\/#website"},"datePublished":"2023-05-04T09:16:25+00:00","dateModified":"2024-09-30T14:44:07+00:00","description":"Programmera enkelt Ocean Signal MOB1 f\u00f6r zon 1. S\u00e4kerst\u00e4ll tillf\u00f6rlitlig man-\u00f6verbord-varning i farliga omr\u00e5den. F\u00f6renkla programmeringen redan idag.","breadcrumb":{"@id":"https:\/\/oceansignal.com\/sv\/stod\/programmering-av-produkter\/mob1-programmering\/mob1-zon-1\/#breadcrumb"},"inLanguage":"sv-SE","potentialAction":[{"@type":"ReadAction","target":["https:\/\/oceansignal.com\/sv\/stod\/programmering-av-produkter\/mob1-programmering\/mob1-zon-1\/"]}]},{"@type":"BreadcrumbList","@id":"https:\/\/oceansignal.com\/sv\/stod\/programmering-av-produkter\/mob1-programmering\/mob1-zon-1\/#breadcrumb","itemListElement":[{"@type":"ListItem","position":1,"name":"St\u00f6d","item":"https:\/\/oceansignal.com\/sv\/stod\/"},{"@type":"ListItem","position":2,"name":"Programmering av produkter","item":"https:\/\/oceansignal.com\/sv\/stod\/programmering-av-produkter\/"},{"@type":"ListItem","position":3,"name":"MOB1-programmering","item":"https:\/\/oceansignal.com\/sv\/stod\/programmering-av-produkter\/mob1-programmering\/"},{"@type":"ListItem","position":4,"name":"MOB1 Zon 1"}]},{"@type":"WebSite","@id":"https:\/\/oceansignal.com\/sv\/#website","url":"https:\/\/oceansignal.com\/sv\/","name":"Ocean Signal","description":"A leading manufacturer of EPIRBs, AIS, SARTs, Personal Locator Beacons, Man Overboard Beacon for the Marine and Outdoor Markets.","potentialAction":[{"@type":"SearchAction","target":{"@type":"EntryPoint","urlTemplate":"https:\/\/oceansignal.com\/sv\/?s={search_term_string}"},"query-input":{"@type":"PropertyValueSpecification","valueRequired":true,"valueName":"search_term_string"}}],"inLanguage":"sv-SE"}]}},"_links":{"self":[{"href":"https:\/\/oceansignal.com\/sv\/wp-json\/wp\/v2\/pages\/7249","targetHints":{"allow":["GET"]}}],"collection":[{"href":"https:\/\/oceansignal.com\/sv\/wp-json\/wp\/v2\/pages"}],"about":[{"href":"https:\/\/oceansignal.com\/sv\/wp-json\/wp\/v2\/types\/page"}],"author":[{"embeddable":true,"href":"https:\/\/oceansignal.com\/sv\/wp-json\/wp\/v2\/users\/1"}],"replies":[{"embeddable":true,"href":"https:\/\/oceansignal.com\/sv\/wp-json\/wp\/v2\/comments?post=7249"}],"version-history":[{"count":1,"href":"https:\/\/oceansignal.com\/sv\/wp-json\/wp\/v2\/pages\/7249\/revisions"}],"predecessor-version":[{"id":7252,"href":"https:\/\/oceansignal.com\/sv\/wp-json\/wp\/v2\/pages\/7249\/revisions\/7252"}],"up":[{"embeddable":true,"href":"https:\/\/oceansignal.com\/sv\/wp-json\/wp\/v2\/pages\/7250"}],"wp:attachment":[{"href":"https:\/\/oceansignal.com\/sv\/wp-json\/wp\/v2\/media?parent=7249"}],"curies":[{"name":"wp","href":"https:\/\/api.w.org\/{rel}","templated":true}]}}