{"id":7250,"date":"2023-04-21T11:50:04","date_gmt":"2023-04-21T11:50:04","guid":{"rendered":"https:\/\/oceansignal.com\/mob1-programmering\/"},"modified":"2024-09-30T14:52:37","modified_gmt":"2024-09-30T14:52:37","slug":"mob1-programmering","status":"publish","type":"page","link":"https:\/\/oceansignal.com\/sv\/stod\/programmering-av-produkter\/mob1-programmering\/","title":{"rendered":"MOB1-programmering"},"content":{"rendered":"\n<div class=\"gb-product-programming\">\n    <div class=\"gc-container \">\n                \n\n<div class=\"wp-block-columns gb-product-programming__description is-layout-flex wp-container-core-columns-is-layout-9d6595d7 wp-block-columns-is-layout-flex\">\n<div class=\"wp-block-column gb-product-programming__description__text-container is-layout-flow wp-block-column-is-layout-flow\">\n<h2 class=\"gb-product-programming__description__text-container__title wp-block-heading\" id=\"h-mob1-programming\">MOB1-programmering<\/h2>\n\n\n\n<p class=\"gb-product-programming__description__text-container__text\">Den tillg\u00e4ngliga versionen \u00e4r specifik f\u00f6r de till\u00e5tna DSC-funktionerna i ditt land.\nInstallationsl\u00e4nkar kommer att vara tillg\u00e4ngliga efter val av land fr\u00e5n platsinmatningen nedan. <\/p>\n\n\n\n<a\n                    href=\"http:\/\/oceansignal.com\/products\/rescueme-mob1\/\"\n                class=\"gb-button-link  \"\n        target=\"_self\">\n        See product details\n<\/a>\n\n\n\n<\/div>\n\n\n\n<div class=\"wp-block-column gb-product-programming__description__divider is-layout-flow wp-block-column-is-layout-flow\"><\/div>\n\n\n\n<div class=\"wp-block-column gb-product-programming__description__image is-layout-flow wp-block-column-is-layout-flow\">\n<div class=\"gb-image\">\n\t\n<div class=\"gc-image \">\n        <img decoding=\"async\" class=\"gc-image__image  \"\n         src=\"http:\/\/oceansignal.com\/wp-content\/uploads\/2023\/04\/image-product-mob1-2.png\"\n         alt=\"\"\n    >\n<\/div><\/div>\n<\/div>\n<\/div>\n\n\n        <\/div><\/div>\n","protected":false},"excerpt":{"rendered":"","protected":false},"author":2,"featured_media":0,"parent":7971,"menu_order":0,"comment_status":"closed","ping_status":"closed","template":"pagetemplate-mob1.php","meta":{"_acf_changed":false,"om_disable_all_campaigns":false,"footnotes":""},"class_list":["post-7250","page","type-page","status-publish","hentry"],"acf":[],"yoast_head":"<!-- This site is optimized with the Yoast SEO Premium plugin v25.2 (Yoast SEO v26.4) - https:\/\/yoast.com\/wordpress\/plugins\/seo\/ -->\n<title>MOB1-programmering - Ocean Signal<\/title>\n<meta name=\"description\" content=\"Ocean Signal MOB1-programmering f\u00f6r \u00f6kad s\u00e4kerhet. Konfigurera enkelt din AIS Beacon f\u00f6r tillf\u00f6rlitlig man-\u00f6verbord-varning. Programmera nu.\" \/>\n<meta name=\"robots\" content=\"index, follow, max-snippet:-1, max-image-preview:large, max-video-preview:-1\" \/>\n<link rel=\"canonical\" href=\"https:\/\/oceansignal.com\/sv\/stod\/programmering-av-produkter\/mob1-programmering\/\" \/>\n<meta property=\"og:locale\" content=\"sv_SE\" \/>\n<meta property=\"og:type\" content=\"article\" \/>\n<meta property=\"og:title\" content=\"MOB1-programmering - Ocean Signal\" \/>\n<meta property=\"og:description\" content=\"Ocean Signal MOB1-programmering f\u00f6r \u00f6kad s\u00e4kerhet. Konfigurera enkelt din AIS Beacon f\u00f6r tillf\u00f6rlitlig man-\u00f6verbord-varning. Programmera nu.\" \/>\n<meta property=\"og:url\" content=\"https:\/\/oceansignal.com\/sv\/stod\/programmering-av-produkter\/mob1-programmering\/\" \/>\n<meta property=\"og:site_name\" content=\"Ocean Signal\" \/>\n<meta property=\"article:modified_time\" content=\"2024-09-30T14:52:37+00:00\" \/>\n<meta property=\"og:image\" content=\"https:\/\/oceansignal.com\/wp-content\/uploads\/2024\/03\/image-social-share-04.jpg\" \/>\n\t<meta property=\"og:image:width\" content=\"1200\" \/>\n\t<meta property=\"og:image:height\" content=\"630\" \/>\n\t<meta property=\"og:image:type\" content=\"image\/jpeg\" \/>\n<meta name=\"twitter:card\" content=\"summary_large_image\" \/>\n<script type=\"application\/ld+json\" class=\"yoast-schema-graph\">{\"@context\":\"https:\/\/schema.org\",\"@graph\":[{\"@type\":\"WebPage\",\"@id\":\"https:\/\/oceansignal.com\/sv\/stod\/programmering-av-produkter\/mob1-programmering\/\",\"url\":\"https:\/\/oceansignal.com\/sv\/stod\/programmering-av-produkter\/mob1-programmering\/\",\"name\":\"MOB1-programmering - Ocean Signal\",\"isPartOf\":{\"@id\":\"https:\/\/oceansignal.com\/sv\/#website\"},\"datePublished\":\"2023-04-21T11:50:04+00:00\",\"dateModified\":\"2024-09-30T14:52:37+00:00\",\"description\":\"Ocean Signal MOB1-programmering f\u00f6r \u00f6kad s\u00e4kerhet. Konfigurera enkelt din AIS Beacon f\u00f6r tillf\u00f6rlitlig man-\u00f6verbord-varning. Programmera nu.\",\"breadcrumb\":{\"@id\":\"https:\/\/oceansignal.com\/sv\/stod\/programmering-av-produkter\/mob1-programmering\/#breadcrumb\"},\"inLanguage\":\"sv-SE\",\"potentialAction\":[{\"@type\":\"ReadAction\",\"target\":[\"https:\/\/oceansignal.com\/sv\/stod\/programmering-av-produkter\/mob1-programmering\/\"]}]},{\"@type\":\"BreadcrumbList\",\"@id\":\"https:\/\/oceansignal.com\/sv\/stod\/programmering-av-produkter\/mob1-programmering\/#breadcrumb\",\"itemListElement\":[{\"@type\":\"ListItem\",\"position\":1,\"name\":\"St\u00f6d\",\"item\":\"https:\/\/oceansignal.com\/sv\/stod\/\"},{\"@type\":\"ListItem\",\"position\":2,\"name\":\"Programmering av produkter\",\"item\":\"https:\/\/oceansignal.com\/sv\/stod\/programmering-av-produkter\/\"},{\"@type\":\"ListItem\",\"position\":3,\"name\":\"MOB1-programmering\"}]},{\"@type\":\"WebSite\",\"@id\":\"https:\/\/oceansignal.com\/sv\/#website\",\"url\":\"https:\/\/oceansignal.com\/sv\/\",\"name\":\"Ocean Signal\",\"description\":\"A leading manufacturer of EPIRBs, AIS, SARTs, Personal Locator Beacons, Man Overboard Beacon for the Marine and Outdoor Markets.\",\"potentialAction\":[{\"@type\":\"SearchAction\",\"target\":{\"@type\":\"EntryPoint\",\"urlTemplate\":\"https:\/\/oceansignal.com\/sv\/?s={search_term_string}\"},\"query-input\":{\"@type\":\"PropertyValueSpecification\",\"valueRequired\":true,\"valueName\":\"search_term_string\"}}],\"inLanguage\":\"sv-SE\"}]}<\/script>\n<!-- \/ Yoast SEO Premium plugin. -->","yoast_head_json":{"title":"MOB1-programmering - Ocean Signal","description":"Ocean Signal MOB1-programmering f\u00f6r \u00f6kad s\u00e4kerhet. Konfigurera enkelt din AIS Beacon f\u00f6r tillf\u00f6rlitlig man-\u00f6verbord-varning. Programmera nu.","robots":{"index":"index","follow":"follow","max-snippet":"max-snippet:-1","max-image-preview":"max-image-preview:large","max-video-preview":"max-video-preview:-1"},"canonical":"https:\/\/oceansignal.com\/sv\/stod\/programmering-av-produkter\/mob1-programmering\/","og_locale":"sv_SE","og_type":"article","og_title":"MOB1-programmering - Ocean Signal","og_description":"Ocean Signal MOB1-programmering f\u00f6r \u00f6kad s\u00e4kerhet. Konfigurera enkelt din AIS Beacon f\u00f6r tillf\u00f6rlitlig man-\u00f6verbord-varning. Programmera nu.","og_url":"https:\/\/oceansignal.com\/sv\/stod\/programmering-av-produkter\/mob1-programmering\/","og_site_name":"Ocean Signal","article_modified_time":"2024-09-30T14:52:37+00:00","og_image":[{"width":1200,"height":630,"url":"https:\/\/oceansignal.com\/wp-content\/uploads\/2024\/03\/image-social-share-04.jpg","type":"image\/jpeg"}],"twitter_card":"summary_large_image","schema":{"@context":"https:\/\/schema.org","@graph":[{"@type":"WebPage","@id":"https:\/\/oceansignal.com\/sv\/stod\/programmering-av-produkter\/mob1-programmering\/","url":"https:\/\/oceansignal.com\/sv\/stod\/programmering-av-produkter\/mob1-programmering\/","name":"MOB1-programmering - Ocean Signal","isPartOf":{"@id":"https:\/\/oceansignal.com\/sv\/#website"},"datePublished":"2023-04-21T11:50:04+00:00","dateModified":"2024-09-30T14:52:37+00:00","description":"Ocean Signal MOB1-programmering f\u00f6r \u00f6kad s\u00e4kerhet. Konfigurera enkelt din AIS Beacon f\u00f6r tillf\u00f6rlitlig man-\u00f6verbord-varning. Programmera nu.","breadcrumb":{"@id":"https:\/\/oceansignal.com\/sv\/stod\/programmering-av-produkter\/mob1-programmering\/#breadcrumb"},"inLanguage":"sv-SE","potentialAction":[{"@type":"ReadAction","target":["https:\/\/oceansignal.com\/sv\/stod\/programmering-av-produkter\/mob1-programmering\/"]}]},{"@type":"BreadcrumbList","@id":"https:\/\/oceansignal.com\/sv\/stod\/programmering-av-produkter\/mob1-programmering\/#breadcrumb","itemListElement":[{"@type":"ListItem","position":1,"name":"St\u00f6d","item":"https:\/\/oceansignal.com\/sv\/stod\/"},{"@type":"ListItem","position":2,"name":"Programmering av produkter","item":"https:\/\/oceansignal.com\/sv\/stod\/programmering-av-produkter\/"},{"@type":"ListItem","position":3,"name":"MOB1-programmering"}]},{"@type":"WebSite","@id":"https:\/\/oceansignal.com\/sv\/#website","url":"https:\/\/oceansignal.com\/sv\/","name":"Ocean Signal","description":"A leading manufacturer of EPIRBs, AIS, SARTs, Personal Locator Beacons, Man Overboard Beacon for the Marine and Outdoor Markets.","potentialAction":[{"@type":"SearchAction","target":{"@type":"EntryPoint","urlTemplate":"https:\/\/oceansignal.com\/sv\/?s={search_term_string}"},"query-input":{"@type":"PropertyValueSpecification","valueRequired":true,"valueName":"search_term_string"}}],"inLanguage":"sv-SE"}]}},"_links":{"self":[{"href":"https:\/\/oceansignal.com\/sv\/wp-json\/wp\/v2\/pages\/7250","targetHints":{"allow":["GET"]}}],"collection":[{"href":"https:\/\/oceansignal.com\/sv\/wp-json\/wp\/v2\/pages"}],"about":[{"href":"https:\/\/oceansignal.com\/sv\/wp-json\/wp\/v2\/types\/page"}],"author":[{"embeddable":true,"href":"https:\/\/oceansignal.com\/sv\/wp-json\/wp\/v2\/users\/2"}],"replies":[{"embeddable":true,"href":"https:\/\/oceansignal.com\/sv\/wp-json\/wp\/v2\/comments?post=7250"}],"version-history":[{"count":1,"href":"https:\/\/oceansignal.com\/sv\/wp-json\/wp\/v2\/pages\/7250\/revisions"}],"predecessor-version":[{"id":7261,"href":"https:\/\/oceansignal.com\/sv\/wp-json\/wp\/v2\/pages\/7250\/revisions\/7261"}],"up":[{"embeddable":true,"href":"https:\/\/oceansignal.com\/sv\/wp-json\/wp\/v2\/pages\/7971"}],"wp:attachment":[{"href":"https:\/\/oceansignal.com\/sv\/wp-json\/wp\/v2\/media?parent=7250"}],"curies":[{"name":"wp","href":"https:\/\/api.w.org\/{rel}","templated":true}]}}