{"id":7524,"date":"2023-03-27T07:24:53","date_gmt":"2023-03-27T07:24:53","guid":{"rendered":"https:\/\/oceansignal.com\/karra\/"},"modified":"2025-02-21T10:32:09","modified_gmt":"2025-02-21T10:32:09","slug":"karra","status":"publish","type":"page","link":"https:\/\/oceansignal.com\/sv\/karra\/","title":{"rendered":"K\u00e4rra"},"content":{"rendered":"\n","protected":false},"excerpt":{"rendered":"","protected":false},"author":1,"featured_media":0,"parent":0,"menu_order":0,"comment_status":"closed","ping_status":"closed","template":"pagetemplate-cart.php","meta":{"_acf_changed":false,"om_disable_all_campaigns":false,"footnotes":""},"class_list":["post-7524","page","type-page","status-publish","hentry"],"acf":[],"yoast_head":"<!-- This site is optimized with the Yoast SEO Premium plugin v25.2 (Yoast SEO v26.4) - https:\/\/yoast.com\/wordpress\/plugins\/seo\/ -->\n<title>K\u00e4rra - Ocean Signal<\/title>\n<meta name=\"description\" content=\"Effektivisera ditt k\u00f6p av sj\u00f6s\u00e4kerhetsutrustning med Ocean Signals kundvagn. Bekv\u00e4mt, s\u00e4kert och p\u00e5litligt. K\u00f6p nu.\" \/>\n<meta name=\"robots\" content=\"index, follow, max-snippet:-1, max-image-preview:large, max-video-preview:-1\" \/>\n<link rel=\"canonical\" href=\"https:\/\/oceansignal.com\/sv\/karra\/\" \/>\n<meta property=\"og:locale\" content=\"sv_SE\" \/>\n<meta property=\"og:type\" content=\"article\" \/>\n<meta property=\"og:title\" content=\"K\u00e4rra - Ocean Signal\" \/>\n<meta property=\"og:description\" content=\"Effektivisera ditt k\u00f6p av sj\u00f6s\u00e4kerhetsutrustning med Ocean Signals kundvagn. Bekv\u00e4mt, s\u00e4kert och p\u00e5litligt. K\u00f6p nu.\" \/>\n<meta property=\"og:url\" content=\"https:\/\/oceansignal.com\/sv\/karra\/\" \/>\n<meta property=\"og:site_name\" content=\"Ocean Signal\" \/>\n<meta property=\"article:modified_time\" content=\"2025-02-21T10:32:09+00:00\" \/>\n<meta property=\"og:image\" content=\"https:\/\/oceansignal.com\/wp-content\/uploads\/2024\/03\/image-social-share-04.jpg\" \/>\n\t<meta property=\"og:image:width\" content=\"1200\" \/>\n\t<meta property=\"og:image:height\" content=\"630\" \/>\n\t<meta property=\"og:image:type\" content=\"image\/jpeg\" \/>\n<meta name=\"twitter:card\" content=\"summary_large_image\" \/>\n<script type=\"application\/ld+json\" class=\"yoast-schema-graph\">{\"@context\":\"https:\/\/schema.org\",\"@graph\":[{\"@type\":\"WebPage\",\"@id\":\"https:\/\/oceansignal.com\/sv\/karra\/\",\"url\":\"https:\/\/oceansignal.com\/sv\/karra\/\",\"name\":\"K\u00e4rra - Ocean Signal\",\"isPartOf\":{\"@id\":\"https:\/\/oceansignal.com\/sv\/#website\"},\"datePublished\":\"2023-03-27T07:24:53+00:00\",\"dateModified\":\"2025-02-21T10:32:09+00:00\",\"description\":\"Effektivisera ditt k\u00f6p av sj\u00f6s\u00e4kerhetsutrustning med Ocean Signals kundvagn. Bekv\u00e4mt, s\u00e4kert och p\u00e5litligt. K\u00f6p nu.\",\"inLanguage\":\"sv-SE\",\"potentialAction\":[{\"@type\":\"ReadAction\",\"target\":[\"https:\/\/oceansignal.com\/sv\/karra\/\"]}]},{\"@type\":\"WebSite\",\"@id\":\"https:\/\/oceansignal.com\/sv\/#website\",\"url\":\"https:\/\/oceansignal.com\/sv\/\",\"name\":\"Ocean Signal\",\"description\":\"A leading manufacturer of EPIRBs, AIS, SARTs, Personal Locator Beacons, Man Overboard Beacon for the Marine and Outdoor Markets.\",\"potentialAction\":[{\"@type\":\"SearchAction\",\"target\":{\"@type\":\"EntryPoint\",\"urlTemplate\":\"https:\/\/oceansignal.com\/sv\/?s={search_term_string}\"},\"query-input\":{\"@type\":\"PropertyValueSpecification\",\"valueRequired\":true,\"valueName\":\"search_term_string\"}}],\"inLanguage\":\"sv-SE\"}]}<\/script>\n<!-- \/ Yoast SEO Premium plugin. -->","yoast_head_json":{"title":"K\u00e4rra - Ocean Signal","description":"Effektivisera ditt k\u00f6p av sj\u00f6s\u00e4kerhetsutrustning med Ocean Signals kundvagn. Bekv\u00e4mt, s\u00e4kert och p\u00e5litligt. K\u00f6p nu.","robots":{"index":"index","follow":"follow","max-snippet":"max-snippet:-1","max-image-preview":"max-image-preview:large","max-video-preview":"max-video-preview:-1"},"canonical":"https:\/\/oceansignal.com\/sv\/karra\/","og_locale":"sv_SE","og_type":"article","og_title":"K\u00e4rra - Ocean Signal","og_description":"Effektivisera ditt k\u00f6p av sj\u00f6s\u00e4kerhetsutrustning med Ocean Signals kundvagn. Bekv\u00e4mt, s\u00e4kert och p\u00e5litligt. K\u00f6p nu.","og_url":"https:\/\/oceansignal.com\/sv\/karra\/","og_site_name":"Ocean Signal","article_modified_time":"2025-02-21T10:32:09+00:00","og_image":[{"width":1200,"height":630,"url":"https:\/\/oceansignal.com\/wp-content\/uploads\/2024\/03\/image-social-share-04.jpg","type":"image\/jpeg"}],"twitter_card":"summary_large_image","schema":{"@context":"https:\/\/schema.org","@graph":[{"@type":"WebPage","@id":"https:\/\/oceansignal.com\/sv\/karra\/","url":"https:\/\/oceansignal.com\/sv\/karra\/","name":"K\u00e4rra - Ocean Signal","isPartOf":{"@id":"https:\/\/oceansignal.com\/sv\/#website"},"datePublished":"2023-03-27T07:24:53+00:00","dateModified":"2025-02-21T10:32:09+00:00","description":"Effektivisera ditt k\u00f6p av sj\u00f6s\u00e4kerhetsutrustning med Ocean Signals kundvagn. Bekv\u00e4mt, s\u00e4kert och p\u00e5litligt. K\u00f6p nu.","inLanguage":"sv-SE","potentialAction":[{"@type":"ReadAction","target":["https:\/\/oceansignal.com\/sv\/karra\/"]}]},{"@type":"WebSite","@id":"https:\/\/oceansignal.com\/sv\/#website","url":"https:\/\/oceansignal.com\/sv\/","name":"Ocean Signal","description":"A leading manufacturer of EPIRBs, AIS, SARTs, Personal Locator Beacons, Man Overboard Beacon for the Marine and Outdoor Markets.","potentialAction":[{"@type":"SearchAction","target":{"@type":"EntryPoint","urlTemplate":"https:\/\/oceansignal.com\/sv\/?s={search_term_string}"},"query-input":{"@type":"PropertyValueSpecification","valueRequired":true,"valueName":"search_term_string"}}],"inLanguage":"sv-SE"}]}},"_links":{"self":[{"href":"https:\/\/oceansignal.com\/sv\/wp-json\/wp\/v2\/pages\/7524","targetHints":{"allow":["GET"]}}],"collection":[{"href":"https:\/\/oceansignal.com\/sv\/wp-json\/wp\/v2\/pages"}],"about":[{"href":"https:\/\/oceansignal.com\/sv\/wp-json\/wp\/v2\/types\/page"}],"author":[{"embeddable":true,"href":"https:\/\/oceansignal.com\/sv\/wp-json\/wp\/v2\/users\/1"}],"replies":[{"embeddable":true,"href":"https:\/\/oceansignal.com\/sv\/wp-json\/wp\/v2\/comments?post=7524"}],"version-history":[{"count":1,"href":"https:\/\/oceansignal.com\/sv\/wp-json\/wp\/v2\/pages\/7524\/revisions"}],"predecessor-version":[{"id":7526,"href":"https:\/\/oceansignal.com\/sv\/wp-json\/wp\/v2\/pages\/7524\/revisions\/7526"}],"wp:attachment":[{"href":"https:\/\/oceansignal.com\/sv\/wp-json\/wp\/v2\/media?parent=7524"}],"curies":[{"name":"wp","href":"https:\/\/api.w.org\/{rel}","templated":true}]}}