{"id":7542,"date":"2023-04-14T09:37:36","date_gmt":"2023-04-14T09:37:36","guid":{"rendered":"https:\/\/oceansignal.com\/karriar\/"},"modified":"2024-09-30T14:47:19","modified_gmt":"2024-09-30T14:47:19","slug":"karriar","status":"publish","type":"page","link":"https:\/\/oceansignal.com\/sv\/karriar\/","title":{"rendered":"Karri\u00e4r"},"content":{"rendered":"\n<div class=\"gb-container-narrow\">\n    <div class=\"gc-container \">\n                \n\n<p class=\"has-medium-font-size\">P\u00e5 Ocean Signal \u00e4r vi inte enbart fokuserade p\u00e5 sj\u00f6- och utomhuss\u00e4kerhet; Vi \u00e4r ocks\u00e5 engagerade i att v\u00e5rda talang och passion.\nG\u00e5 med i v\u00e5rt team och bli en del av en dynamisk milj\u00f6 d\u00e4r innovation sm\u00e4lter samman med syfte.\nOavsett om du \u00e4r en erfaren professionell eller nyb\u00f6rjare p\u00e5 din karri\u00e4rresa, erbjuder vi olika jobbm\u00f6jligheter inom olika avdelningar.\nFr\u00e5n teknik och produktutveckling till produktion och kundsupport v\u00e4rdes\u00e4tter vi engagemang, kreativitet och ett engagemang f\u00f6r excellens.\nP\u00e5b\u00f6rja en givande karri\u00e4r med <a href=\"https:\/\/www.acrartex.com\/\">ACR Electronics<\/a> och Ocean Signal, d\u00e4r dina bidrag spelar en avg\u00f6rande roll f\u00f6r att hj\u00e4lpa till att <a href=\"https:\/\/oceansignal.com\/cy\/survivor-stories\/explorer-wedii-achub-gan-achub-ocean-signal-me-plb1-o-ddigwyddiad-atv-critigol\/\">r\u00e4dda liv<\/a>.\nUtforska v\u00e5ra lediga jobb och ta n\u00e4sta steg mot att forma framtidens sj\u00f6s\u00e4kerhet.     <\/p>\n\n\n\n<p>Ocean Signal \u00e4r verksamt inom ACR Group, som omfattar mer \u00e4n 250 anst\u00e4llda och har tre toppmoderna forsknings- och utvecklingscenter.\nMed en omfattande r\u00e4ckvidd s\u00f6ker vi aktivt aff\u00e4rsm\u00f6jligheter med \u00f6ver 150 ansedda globala kunder och uppr\u00e4tth\u00e5ller en n\u00e4rvaro i mer \u00e4n 30 l\u00e4nder.\nTillsammans med framst\u00e5ende organisationer \u00f6ver hela v\u00e4rlden har gruppen visat upp ledarskap inom sj\u00f6farts-, flyg-, land- och milit\u00e4rsektorerna i \u00f6ver fem decennier.\nOcean Signal ligger i framkant n\u00e4r det g\u00e4ller att designa och producera satellit- och markbundna n\u00f6dr\u00e4ddningsfyrar, som utnyttjar VHF\/UHF, Iridium, DSC, AIS, GNSS och batteriteknik.\nV\u00e5ra produkter v\u00e4nder sig till fyra prim\u00e4ra marknader \u00f6ver hela v\u00e4rlden: Commercial Marine, Leisure Marine, Governmental\/Military och Land\/Recreational.    <\/p>\n\n\n\n<p class=\"has-medium-font-size\"><br\/>V\u00e4nligen kontakta Ocean Signal p\u00e5 <a href=\"mailto:jobs@oceansignal.com\">jobs@oceansignal.com<\/a> med ditt CV om du \u00e4r intresserad av n\u00e5gon tj\u00e4nst som listas nedan.<\/p>\n\n\n\n<div style=\"height:82px\" aria-hidden=\"true\" class=\"wp-block-spacer\"><\/div>\n\n\n        <\/div><\/div>\n","protected":false},"excerpt":{"rendered":"<p>F\u00f6ljande karri\u00e4rm\u00f6jligheter finns p\u00e5 Ocean Signal<\/p>\n","protected":false},"author":2,"featured_media":0,"parent":0,"menu_order":0,"comment_status":"closed","ping_status":"closed","template":"pagetemplate-header-gray.php","meta":{"_acf_changed":false,"om_disable_all_campaigns":false,"footnotes":""},"class_list":["post-7542","page","type-page","status-publish","hentry"],"acf":[],"yoast_head":"<!-- This site is optimized with the Yoast SEO Premium plugin v25.2 (Yoast SEO v26.4) - https:\/\/yoast.com\/wordpress\/plugins\/seo\/ -->\n<title>Karri\u00e4r - Ocean Signal<\/title>\n<meta name=\"description\" content=\"Utforska sp\u00e4nnande karri\u00e4rm\u00f6jligheter p\u00e5 Ocean Signal. Bli en del av v\u00e5rt team och bidra till innovation inom sj\u00f6s\u00e4kerhet.\" \/>\n<meta name=\"robots\" content=\"index, follow, max-snippet:-1, max-image-preview:large, max-video-preview:-1\" \/>\n<link rel=\"canonical\" href=\"https:\/\/oceansignal.com\/sv\/karriar\/\" \/>\n<meta property=\"og:locale\" content=\"sv_SE\" \/>\n<meta property=\"og:type\" content=\"article\" \/>\n<meta property=\"og:title\" content=\"Karri\u00e4r - Ocean Signal\" \/>\n<meta property=\"og:description\" content=\"Utforska sp\u00e4nnande karri\u00e4rm\u00f6jligheter p\u00e5 Ocean Signal. Bli en del av v\u00e5rt team och bidra till innovation inom sj\u00f6s\u00e4kerhet.\" \/>\n<meta property=\"og:url\" content=\"https:\/\/oceansignal.com\/sv\/karriar\/\" \/>\n<meta property=\"og:site_name\" content=\"Ocean Signal\" \/>\n<meta property=\"article:modified_time\" content=\"2024-09-30T14:47:19+00:00\" \/>\n<meta property=\"og:image\" content=\"https:\/\/oceansignal.com\/wp-content\/uploads\/2024\/03\/image-social-share-04.jpg\" \/>\n\t<meta property=\"og:image:width\" content=\"1200\" \/>\n\t<meta property=\"og:image:height\" content=\"630\" \/>\n\t<meta property=\"og:image:type\" content=\"image\/jpeg\" \/>\n<meta name=\"twitter:card\" content=\"summary_large_image\" \/>\n<meta name=\"twitter:label1\" content=\"Ber\u00e4knad l\u00e4stid\" \/>\n\t<meta name=\"twitter:data1\" content=\"1 minut\" \/>\n<script type=\"application\/ld+json\" class=\"yoast-schema-graph\">{\"@context\":\"https:\/\/schema.org\",\"@graph\":[{\"@type\":\"WebPage\",\"@id\":\"https:\/\/oceansignal.com\/sv\/karriar\/\",\"url\":\"https:\/\/oceansignal.com\/sv\/karriar\/\",\"name\":\"Karri\u00e4r - Ocean Signal\",\"isPartOf\":{\"@id\":\"https:\/\/oceansignal.com\/sv\/#website\"},\"datePublished\":\"2023-04-14T09:37:36+00:00\",\"dateModified\":\"2024-09-30T14:47:19+00:00\",\"description\":\"Utforska sp\u00e4nnande karri\u00e4rm\u00f6jligheter p\u00e5 Ocean Signal. Bli en del av v\u00e5rt team och bidra till innovation inom sj\u00f6s\u00e4kerhet.\",\"inLanguage\":\"sv-SE\",\"potentialAction\":[{\"@type\":\"ReadAction\",\"target\":[\"https:\/\/oceansignal.com\/sv\/karriar\/\"]}]},{\"@type\":\"WebSite\",\"@id\":\"https:\/\/oceansignal.com\/sv\/#website\",\"url\":\"https:\/\/oceansignal.com\/sv\/\",\"name\":\"Ocean Signal\",\"description\":\"A leading manufacturer of EPIRBs, AIS, SARTs, Personal Locator Beacons, Man Overboard Beacon for the Marine and Outdoor Markets.\",\"potentialAction\":[{\"@type\":\"SearchAction\",\"target\":{\"@type\":\"EntryPoint\",\"urlTemplate\":\"https:\/\/oceansignal.com\/sv\/?s={search_term_string}\"},\"query-input\":{\"@type\":\"PropertyValueSpecification\",\"valueRequired\":true,\"valueName\":\"search_term_string\"}}],\"inLanguage\":\"sv-SE\"}]}<\/script>\n<!-- \/ Yoast SEO Premium plugin. -->","yoast_head_json":{"title":"Karri\u00e4r - Ocean Signal","description":"Utforska sp\u00e4nnande karri\u00e4rm\u00f6jligheter p\u00e5 Ocean Signal. Bli en del av v\u00e5rt team och bidra till innovation inom sj\u00f6s\u00e4kerhet.","robots":{"index":"index","follow":"follow","max-snippet":"max-snippet:-1","max-image-preview":"max-image-preview:large","max-video-preview":"max-video-preview:-1"},"canonical":"https:\/\/oceansignal.com\/sv\/karriar\/","og_locale":"sv_SE","og_type":"article","og_title":"Karri\u00e4r - Ocean Signal","og_description":"Utforska sp\u00e4nnande karri\u00e4rm\u00f6jligheter p\u00e5 Ocean Signal. Bli en del av v\u00e5rt team och bidra till innovation inom sj\u00f6s\u00e4kerhet.","og_url":"https:\/\/oceansignal.com\/sv\/karriar\/","og_site_name":"Ocean Signal","article_modified_time":"2024-09-30T14:47:19+00:00","og_image":[{"width":1200,"height":630,"url":"https:\/\/oceansignal.com\/wp-content\/uploads\/2024\/03\/image-social-share-04.jpg","type":"image\/jpeg"}],"twitter_card":"summary_large_image","twitter_misc":{"Ber\u00e4knad l\u00e4stid":"1 minut"},"schema":{"@context":"https:\/\/schema.org","@graph":[{"@type":"WebPage","@id":"https:\/\/oceansignal.com\/sv\/karriar\/","url":"https:\/\/oceansignal.com\/sv\/karriar\/","name":"Karri\u00e4r - Ocean Signal","isPartOf":{"@id":"https:\/\/oceansignal.com\/sv\/#website"},"datePublished":"2023-04-14T09:37:36+00:00","dateModified":"2024-09-30T14:47:19+00:00","description":"Utforska sp\u00e4nnande karri\u00e4rm\u00f6jligheter p\u00e5 Ocean Signal. Bli en del av v\u00e5rt team och bidra till innovation inom sj\u00f6s\u00e4kerhet.","inLanguage":"sv-SE","potentialAction":[{"@type":"ReadAction","target":["https:\/\/oceansignal.com\/sv\/karriar\/"]}]},{"@type":"WebSite","@id":"https:\/\/oceansignal.com\/sv\/#website","url":"https:\/\/oceansignal.com\/sv\/","name":"Ocean Signal","description":"A leading manufacturer of EPIRBs, AIS, SARTs, Personal Locator Beacons, Man Overboard Beacon for the Marine and Outdoor Markets.","potentialAction":[{"@type":"SearchAction","target":{"@type":"EntryPoint","urlTemplate":"https:\/\/oceansignal.com\/sv\/?s={search_term_string}"},"query-input":{"@type":"PropertyValueSpecification","valueRequired":true,"valueName":"search_term_string"}}],"inLanguage":"sv-SE"}]}},"_links":{"self":[{"href":"https:\/\/oceansignal.com\/sv\/wp-json\/wp\/v2\/pages\/7542","targetHints":{"allow":["GET"]}}],"collection":[{"href":"https:\/\/oceansignal.com\/sv\/wp-json\/wp\/v2\/pages"}],"about":[{"href":"https:\/\/oceansignal.com\/sv\/wp-json\/wp\/v2\/types\/page"}],"author":[{"embeddable":true,"href":"https:\/\/oceansignal.com\/sv\/wp-json\/wp\/v2\/users\/2"}],"replies":[{"embeddable":true,"href":"https:\/\/oceansignal.com\/sv\/wp-json\/wp\/v2\/comments?post=7542"}],"version-history":[{"count":1,"href":"https:\/\/oceansignal.com\/sv\/wp-json\/wp\/v2\/pages\/7542\/revisions"}],"predecessor-version":[{"id":7545,"href":"https:\/\/oceansignal.com\/sv\/wp-json\/wp\/v2\/pages\/7542\/revisions\/7545"}],"wp:attachment":[{"href":"https:\/\/oceansignal.com\/sv\/wp-json\/wp\/v2\/media?parent=7542"}],"curies":[{"name":"wp","href":"https:\/\/api.w.org\/{rel}","templated":true}]}}