{"id":7640,"date":"2024-04-29T18:48:01","date_gmt":"2024-04-29T18:48:01","guid":{"rendered":"https:\/\/oceansignal.com\/beacon-config-programvara\/"},"modified":"2024-09-30T14:48:33","modified_gmt":"2024-09-30T14:48:33","slug":"beacon-config-programvara","status":"publish","type":"page","link":"https:\/\/oceansignal.com\/sv\/beacon-config-programvara\/","title":{"rendered":"Beacon Config Programvara"},"content":{"rendered":"\n<p class=\"has-text-align-center\">Ett konto p\u00e5 Ocean Signal webwebbplats med tillst\u00e5nd fr\u00e5n Battery Replacement Center (BRC) kr\u00e4vs f\u00f6r att f\u00e5 tillg\u00e5ng till Ocean Signal Beacon Config Software.  <\/p>\n\n<p class=\"has-text-align-center\">Om du inte redan har ett konto, <a href=\"https:\/\/oceansignal.com\/register\/\">registrera dig<\/a> f\u00f6r ett konto och kontakta sedan help@oceansignal.com f\u00f6r ytterligare hj\u00e4lp.  <\/p>\n\n<p class=\"has-text-align-center\">Om du har ett konto men f\u00f6r n\u00e4rvarande saknar de kontobeh\u00f6righeter som kr\u00e4vs kan du kontakta help@oceansignal.com f\u00f6r ytterligare hj\u00e4lp.  <\/p>\n","protected":false},"excerpt":{"rendered":"<p>Ett konto p\u00e5 Ocean Signal webwebbplats med tillst\u00e5nd fr\u00e5n Battery Replacement Center (BRC) kr\u00e4vs f\u00f6r att f\u00e5 tillg\u00e5ng till Ocean Signal Beacon Config Software. Om du inte redan har ett konto, registrera dig f\u00f6r ett konto och kontakta sedan help@oceansignal.com f\u00f6r ytterligare hj\u00e4lp. Om du har ett konto men f\u00f6r n\u00e4rvarande saknar de kontobeh\u00f6righeter som [&hellip;]<\/p>\n","protected":false},"author":4,"featured_media":0,"parent":0,"menu_order":0,"comment_status":"closed","ping_status":"closed","template":"","meta":{"_acf_changed":false,"om_disable_all_campaigns":false,"footnotes":""},"class_list":["post-7640","page","type-page","status-publish","hentry"],"acf":[],"yoast_head":"<!-- This site is optimized with the Yoast SEO Premium plugin v25.2 (Yoast SEO v26.4) - https:\/\/yoast.com\/wordpress\/plugins\/seo\/ -->\n<title>Beacon Config Programvara - Ocean Signal<\/title>\n<meta name=\"robots\" content=\"index, follow, max-snippet:-1, max-image-preview:large, max-video-preview:-1\" \/>\n<link rel=\"canonical\" href=\"https:\/\/oceansignal.com\/sv\/beacon-config-programvara\/\" \/>\n<meta property=\"og:locale\" content=\"sv_SE\" \/>\n<meta property=\"og:type\" content=\"article\" \/>\n<meta property=\"og:title\" content=\"Beacon Config Programvara - Ocean Signal\" \/>\n<meta property=\"og:description\" content=\"Ett konto p\u00e5 Ocean Signal webwebbplats med tillst\u00e5nd fr\u00e5n Battery Replacement Center (BRC) kr\u00e4vs f\u00f6r att f\u00e5 tillg\u00e5ng till Ocean Signal Beacon Config Software. Om du inte redan har ett konto, registrera dig f\u00f6r ett konto och kontakta sedan help@oceansignal.com f\u00f6r ytterligare hj\u00e4lp. Om du har ett konto men f\u00f6r n\u00e4rvarande saknar de kontobeh\u00f6righeter som [&hellip;]\" \/>\n<meta property=\"og:url\" content=\"https:\/\/oceansignal.com\/sv\/beacon-config-programvara\/\" \/>\n<meta property=\"og:site_name\" content=\"Ocean Signal\" \/>\n<meta property=\"article:modified_time\" content=\"2024-09-30T14:48:33+00:00\" \/>\n<meta property=\"og:image\" content=\"https:\/\/oceansignal.com\/wp-content\/uploads\/2024\/03\/image-social-share-04.jpg\" \/>\n\t<meta property=\"og:image:width\" content=\"1200\" \/>\n\t<meta property=\"og:image:height\" content=\"630\" \/>\n\t<meta property=\"og:image:type\" content=\"image\/jpeg\" \/>\n<meta name=\"twitter:card\" content=\"summary_large_image\" \/>\n<script type=\"application\/ld+json\" class=\"yoast-schema-graph\">{\"@context\":\"https:\/\/schema.org\",\"@graph\":[{\"@type\":\"WebPage\",\"@id\":\"https:\/\/oceansignal.com\/sv\/beacon-config-programvara\/\",\"url\":\"https:\/\/oceansignal.com\/sv\/beacon-config-programvara\/\",\"name\":\"Beacon Config Programvara - Ocean Signal\",\"isPartOf\":{\"@id\":\"https:\/\/oceansignal.com\/sv\/#website\"},\"datePublished\":\"2024-04-29T18:48:01+00:00\",\"dateModified\":\"2024-09-30T14:48:33+00:00\",\"inLanguage\":\"sv-SE\",\"potentialAction\":[{\"@type\":\"ReadAction\",\"target\":[\"https:\/\/oceansignal.com\/sv\/beacon-config-programvara\/\"]}]},{\"@type\":\"WebSite\",\"@id\":\"https:\/\/oceansignal.com\/sv\/#website\",\"url\":\"https:\/\/oceansignal.com\/sv\/\",\"name\":\"Ocean Signal\",\"description\":\"A leading manufacturer of EPIRBs, AIS, SARTs, Personal Locator Beacons, Man Overboard Beacon for the Marine and Outdoor Markets.\",\"potentialAction\":[{\"@type\":\"SearchAction\",\"target\":{\"@type\":\"EntryPoint\",\"urlTemplate\":\"https:\/\/oceansignal.com\/sv\/?s={search_term_string}\"},\"query-input\":{\"@type\":\"PropertyValueSpecification\",\"valueRequired\":true,\"valueName\":\"search_term_string\"}}],\"inLanguage\":\"sv-SE\"}]}<\/script>\n<!-- \/ Yoast SEO Premium plugin. -->","yoast_head_json":{"title":"Beacon Config Programvara - Ocean Signal","robots":{"index":"index","follow":"follow","max-snippet":"max-snippet:-1","max-image-preview":"max-image-preview:large","max-video-preview":"max-video-preview:-1"},"canonical":"https:\/\/oceansignal.com\/sv\/beacon-config-programvara\/","og_locale":"sv_SE","og_type":"article","og_title":"Beacon Config Programvara - Ocean Signal","og_description":"Ett konto p\u00e5 Ocean Signal webwebbplats med tillst\u00e5nd fr\u00e5n Battery Replacement Center (BRC) kr\u00e4vs f\u00f6r att f\u00e5 tillg\u00e5ng till Ocean Signal Beacon Config Software. Om du inte redan har ett konto, registrera dig f\u00f6r ett konto och kontakta sedan help@oceansignal.com f\u00f6r ytterligare hj\u00e4lp. Om du har ett konto men f\u00f6r n\u00e4rvarande saknar de kontobeh\u00f6righeter som [&hellip;]","og_url":"https:\/\/oceansignal.com\/sv\/beacon-config-programvara\/","og_site_name":"Ocean Signal","article_modified_time":"2024-09-30T14:48:33+00:00","og_image":[{"width":1200,"height":630,"url":"https:\/\/oceansignal.com\/wp-content\/uploads\/2024\/03\/image-social-share-04.jpg","type":"image\/jpeg"}],"twitter_card":"summary_large_image","schema":{"@context":"https:\/\/schema.org","@graph":[{"@type":"WebPage","@id":"https:\/\/oceansignal.com\/sv\/beacon-config-programvara\/","url":"https:\/\/oceansignal.com\/sv\/beacon-config-programvara\/","name":"Beacon Config Programvara - Ocean Signal","isPartOf":{"@id":"https:\/\/oceansignal.com\/sv\/#website"},"datePublished":"2024-04-29T18:48:01+00:00","dateModified":"2024-09-30T14:48:33+00:00","inLanguage":"sv-SE","potentialAction":[{"@type":"ReadAction","target":["https:\/\/oceansignal.com\/sv\/beacon-config-programvara\/"]}]},{"@type":"WebSite","@id":"https:\/\/oceansignal.com\/sv\/#website","url":"https:\/\/oceansignal.com\/sv\/","name":"Ocean Signal","description":"A leading manufacturer of EPIRBs, AIS, SARTs, Personal Locator Beacons, Man Overboard Beacon for the Marine and Outdoor Markets.","potentialAction":[{"@type":"SearchAction","target":{"@type":"EntryPoint","urlTemplate":"https:\/\/oceansignal.com\/sv\/?s={search_term_string}"},"query-input":{"@type":"PropertyValueSpecification","valueRequired":true,"valueName":"search_term_string"}}],"inLanguage":"sv-SE"}]}},"_links":{"self":[{"href":"https:\/\/oceansignal.com\/sv\/wp-json\/wp\/v2\/pages\/7640","targetHints":{"allow":["GET"]}}],"collection":[{"href":"https:\/\/oceansignal.com\/sv\/wp-json\/wp\/v2\/pages"}],"about":[{"href":"https:\/\/oceansignal.com\/sv\/wp-json\/wp\/v2\/types\/page"}],"author":[{"embeddable":true,"href":"https:\/\/oceansignal.com\/sv\/wp-json\/wp\/v2\/users\/4"}],"replies":[{"embeddable":true,"href":"https:\/\/oceansignal.com\/sv\/wp-json\/wp\/v2\/comments?post=7640"}],"version-history":[{"count":1,"href":"https:\/\/oceansignal.com\/sv\/wp-json\/wp\/v2\/pages\/7640\/revisions"}],"predecessor-version":[{"id":7642,"href":"https:\/\/oceansignal.com\/sv\/wp-json\/wp\/v2\/pages\/7640\/revisions\/7642"}],"wp:attachment":[{"href":"https:\/\/oceansignal.com\/sv\/wp-json\/wp\/v2\/media?parent=7640"}],"curies":[{"name":"wp","href":"https:\/\/api.w.org\/{rel}","templated":true}]}}