{"id":7879,"date":"2023-05-03T12:39:17","date_gmt":"2023-05-03T12:39:17","guid":{"rendered":"https:\/\/oceansignal.com\/reparationer\/"},"modified":"2024-09-30T14:58:02","modified_gmt":"2024-09-30T14:58:02","slug":"reparationer","status":"publish","type":"page","link":"https:\/\/oceansignal.com\/sv\/stod\/reparationer\/","title":{"rendered":"Reparationer"},"content":{"rendered":"\n<div class=\"gb-container-narrow\">\n    <div class=\"gc-container \">\n                \n\n<p>Reparationsinformation finns h\u00e4r&#8230;<\/p>\n\n\n        <\/div><\/div>\n","protected":false},"excerpt":{"rendered":"","protected":false},"author":1,"featured_media":0,"parent":8354,"menu_order":0,"comment_status":"closed","ping_status":"closed","template":"pagetemplate-header-gray.php","meta":{"_acf_changed":false,"om_disable_all_campaigns":false,"footnotes":""},"class_list":["post-7879","page","type-page","status-publish","hentry"],"acf":[],"yoast_head":"<!-- This site is optimized with the Yoast SEO Premium plugin v25.2 (Yoast SEO v26.4) - https:\/\/yoast.com\/wordpress\/plugins\/seo\/ -->\n<title>Reparationer - Ocean Signal<\/title>\n<meta name=\"description\" content=\"Lita p\u00e5 Ocean Signal f\u00f6r expertreparationer av din sj\u00f6s\u00e4kerhetsutrustning. S\u00e4kerst\u00e4ll tillf\u00f6rlitlighet och sinnesro till sj\u00f6ss. Kontakta oss idag.\" \/>\n<meta name=\"robots\" content=\"index, follow, max-snippet:-1, max-image-preview:large, max-video-preview:-1\" \/>\n<link rel=\"canonical\" href=\"https:\/\/oceansignal.com\/sv\/stod\/reparationer\/\" \/>\n<meta property=\"og:locale\" content=\"sv_SE\" \/>\n<meta property=\"og:type\" content=\"article\" \/>\n<meta property=\"og:title\" content=\"Reparationer - Ocean Signal\" \/>\n<meta property=\"og:description\" content=\"Lita p\u00e5 Ocean Signal f\u00f6r expertreparationer av din sj\u00f6s\u00e4kerhetsutrustning. S\u00e4kerst\u00e4ll tillf\u00f6rlitlighet och sinnesro till sj\u00f6ss. Kontakta oss idag.\" \/>\n<meta property=\"og:url\" content=\"https:\/\/oceansignal.com\/sv\/stod\/reparationer\/\" \/>\n<meta property=\"og:site_name\" content=\"Ocean Signal\" \/>\n<meta property=\"article:modified_time\" content=\"2024-09-30T14:58:02+00:00\" \/>\n<meta property=\"og:image\" content=\"https:\/\/oceansignal.com\/wp-content\/uploads\/2024\/03\/image-social-share-04.jpg\" \/>\n\t<meta property=\"og:image:width\" content=\"1200\" \/>\n\t<meta property=\"og:image:height\" content=\"630\" \/>\n\t<meta property=\"og:image:type\" content=\"image\/jpeg\" \/>\n<meta name=\"twitter:card\" content=\"summary_large_image\" \/>\n<script type=\"application\/ld+json\" class=\"yoast-schema-graph\">{\"@context\":\"https:\/\/schema.org\",\"@graph\":[{\"@type\":\"WebPage\",\"@id\":\"https:\/\/oceansignal.com\/sv\/stod\/reparationer\/\",\"url\":\"https:\/\/oceansignal.com\/sv\/stod\/reparationer\/\",\"name\":\"Reparationer - Ocean Signal\",\"isPartOf\":{\"@id\":\"https:\/\/oceansignal.com\/sv\/#website\"},\"datePublished\":\"2023-05-03T12:39:17+00:00\",\"dateModified\":\"2024-09-30T14:58:02+00:00\",\"description\":\"Lita p\u00e5 Ocean Signal f\u00f6r expertreparationer av din sj\u00f6s\u00e4kerhetsutrustning. S\u00e4kerst\u00e4ll tillf\u00f6rlitlighet och sinnesro till sj\u00f6ss. Kontakta oss idag.\",\"breadcrumb\":{\"@id\":\"https:\/\/oceansignal.com\/sv\/stod\/reparationer\/#breadcrumb\"},\"inLanguage\":\"sv-SE\",\"potentialAction\":[{\"@type\":\"ReadAction\",\"target\":[\"https:\/\/oceansignal.com\/sv\/stod\/reparationer\/\"]}]},{\"@type\":\"BreadcrumbList\",\"@id\":\"https:\/\/oceansignal.com\/sv\/stod\/reparationer\/#breadcrumb\",\"itemListElement\":[{\"@type\":\"ListItem\",\"position\":1,\"name\":\"St\u00f6d\",\"item\":\"https:\/\/oceansignal.com\/sv\/stod\/\"},{\"@type\":\"ListItem\",\"position\":2,\"name\":\"Reparationer\"}]},{\"@type\":\"WebSite\",\"@id\":\"https:\/\/oceansignal.com\/sv\/#website\",\"url\":\"https:\/\/oceansignal.com\/sv\/\",\"name\":\"Ocean Signal\",\"description\":\"A leading manufacturer of EPIRBs, AIS, SARTs, Personal Locator Beacons, Man Overboard Beacon for the Marine and Outdoor Markets.\",\"potentialAction\":[{\"@type\":\"SearchAction\",\"target\":{\"@type\":\"EntryPoint\",\"urlTemplate\":\"https:\/\/oceansignal.com\/sv\/?s={search_term_string}\"},\"query-input\":{\"@type\":\"PropertyValueSpecification\",\"valueRequired\":true,\"valueName\":\"search_term_string\"}}],\"inLanguage\":\"sv-SE\"}]}<\/script>\n<!-- \/ Yoast SEO Premium plugin. -->","yoast_head_json":{"title":"Reparationer - Ocean Signal","description":"Lita p\u00e5 Ocean Signal f\u00f6r expertreparationer av din sj\u00f6s\u00e4kerhetsutrustning. S\u00e4kerst\u00e4ll tillf\u00f6rlitlighet och sinnesro till sj\u00f6ss. Kontakta oss idag.","robots":{"index":"index","follow":"follow","max-snippet":"max-snippet:-1","max-image-preview":"max-image-preview:large","max-video-preview":"max-video-preview:-1"},"canonical":"https:\/\/oceansignal.com\/sv\/stod\/reparationer\/","og_locale":"sv_SE","og_type":"article","og_title":"Reparationer - Ocean Signal","og_description":"Lita p\u00e5 Ocean Signal f\u00f6r expertreparationer av din sj\u00f6s\u00e4kerhetsutrustning. S\u00e4kerst\u00e4ll tillf\u00f6rlitlighet och sinnesro till sj\u00f6ss. Kontakta oss idag.","og_url":"https:\/\/oceansignal.com\/sv\/stod\/reparationer\/","og_site_name":"Ocean Signal","article_modified_time":"2024-09-30T14:58:02+00:00","og_image":[{"width":1200,"height":630,"url":"https:\/\/oceansignal.com\/wp-content\/uploads\/2024\/03\/image-social-share-04.jpg","type":"image\/jpeg"}],"twitter_card":"summary_large_image","schema":{"@context":"https:\/\/schema.org","@graph":[{"@type":"WebPage","@id":"https:\/\/oceansignal.com\/sv\/stod\/reparationer\/","url":"https:\/\/oceansignal.com\/sv\/stod\/reparationer\/","name":"Reparationer - Ocean Signal","isPartOf":{"@id":"https:\/\/oceansignal.com\/sv\/#website"},"datePublished":"2023-05-03T12:39:17+00:00","dateModified":"2024-09-30T14:58:02+00:00","description":"Lita p\u00e5 Ocean Signal f\u00f6r expertreparationer av din sj\u00f6s\u00e4kerhetsutrustning. S\u00e4kerst\u00e4ll tillf\u00f6rlitlighet och sinnesro till sj\u00f6ss. Kontakta oss idag.","breadcrumb":{"@id":"https:\/\/oceansignal.com\/sv\/stod\/reparationer\/#breadcrumb"},"inLanguage":"sv-SE","potentialAction":[{"@type":"ReadAction","target":["https:\/\/oceansignal.com\/sv\/stod\/reparationer\/"]}]},{"@type":"BreadcrumbList","@id":"https:\/\/oceansignal.com\/sv\/stod\/reparationer\/#breadcrumb","itemListElement":[{"@type":"ListItem","position":1,"name":"St\u00f6d","item":"https:\/\/oceansignal.com\/sv\/stod\/"},{"@type":"ListItem","position":2,"name":"Reparationer"}]},{"@type":"WebSite","@id":"https:\/\/oceansignal.com\/sv\/#website","url":"https:\/\/oceansignal.com\/sv\/","name":"Ocean Signal","description":"A leading manufacturer of EPIRBs, AIS, SARTs, Personal Locator Beacons, Man Overboard Beacon for the Marine and Outdoor Markets.","potentialAction":[{"@type":"SearchAction","target":{"@type":"EntryPoint","urlTemplate":"https:\/\/oceansignal.com\/sv\/?s={search_term_string}"},"query-input":{"@type":"PropertyValueSpecification","valueRequired":true,"valueName":"search_term_string"}}],"inLanguage":"sv-SE"}]}},"_links":{"self":[{"href":"https:\/\/oceansignal.com\/sv\/wp-json\/wp\/v2\/pages\/7879","targetHints":{"allow":["GET"]}}],"collection":[{"href":"https:\/\/oceansignal.com\/sv\/wp-json\/wp\/v2\/pages"}],"about":[{"href":"https:\/\/oceansignal.com\/sv\/wp-json\/wp\/v2\/types\/page"}],"author":[{"embeddable":true,"href":"https:\/\/oceansignal.com\/sv\/wp-json\/wp\/v2\/users\/1"}],"replies":[{"embeddable":true,"href":"https:\/\/oceansignal.com\/sv\/wp-json\/wp\/v2\/comments?post=7879"}],"version-history":[{"count":1,"href":"https:\/\/oceansignal.com\/sv\/wp-json\/wp\/v2\/pages\/7879\/revisions"}],"predecessor-version":[{"id":7880,"href":"https:\/\/oceansignal.com\/sv\/wp-json\/wp\/v2\/pages\/7879\/revisions\/7880"}],"up":[{"embeddable":true,"href":"https:\/\/oceansignal.com\/sv\/wp-json\/wp\/v2\/pages\/8354"}],"wp:attachment":[{"href":"https:\/\/oceansignal.com\/sv\/wp-json\/wp\/v2\/media?parent=7879"}],"curies":[{"name":"wp","href":"https:\/\/api.w.org\/{rel}","templated":true}]}}