{"id":7949,"date":"2023-05-03T12:39:52","date_gmt":"2023-05-03T12:39:52","guid":{"rendered":"https:\/\/oceansignal.com\/guide-for-val-av-produkt\/"},"modified":"2024-09-30T14:52:28","modified_gmt":"2024-09-30T14:52:28","slug":"guide-for-val-av-produkt","status":"publish","type":"page","link":"https:\/\/oceansignal.com\/sv\/guide-for-val-av-produkt\/","title":{"rendered":"Guide f\u00f6r val av produkt"},"content":{"rendered":"\n<div class=\"gb-container-narrow\">\n    <div class=\"gc-container \">\n                \n\n<p>Produktvalsguiden finns h\u00e4r&#8230;<\/p>\n\n\n        <\/div><\/div>\n","protected":false},"excerpt":{"rendered":"","protected":false},"author":1,"featured_media":0,"parent":0,"menu_order":0,"comment_status":"closed","ping_status":"closed","template":"pagetemplate-header-orange.php","meta":{"_acf_changed":false,"om_disable_all_campaigns":false,"footnotes":""},"class_list":["post-7949","page","type-page","status-publish","hentry"],"acf":[],"yoast_head":"<!-- This site is optimized with the Yoast SEO Premium plugin v25.2 (Yoast SEO v26.4) - https:\/\/yoast.com\/wordpress\/plugins\/seo\/ -->\n<title>Guide f\u00f6r val av produkt - Ocean Signal<\/title>\n<meta name=\"description\" content=\"Uppt\u00e4ck Ocean Signals produktvalsguide f\u00f6r sj\u00f6s\u00e4kerhetsutrustning. Hitta den perfekta l\u00f6sningen f\u00f6r ditt fartygs behov.\" \/>\n<meta name=\"robots\" content=\"index, follow, max-snippet:-1, max-image-preview:large, max-video-preview:-1\" \/>\n<link rel=\"canonical\" href=\"https:\/\/oceansignal.com\/sv\/guide-for-val-av-produkt\/\" \/>\n<meta property=\"og:locale\" content=\"sv_SE\" \/>\n<meta property=\"og:type\" content=\"article\" \/>\n<meta property=\"og:title\" content=\"Guide f\u00f6r val av produkt - Ocean Signal\" \/>\n<meta property=\"og:description\" content=\"Uppt\u00e4ck Ocean Signals produktvalsguide f\u00f6r sj\u00f6s\u00e4kerhetsutrustning. Hitta den perfekta l\u00f6sningen f\u00f6r ditt fartygs behov.\" \/>\n<meta property=\"og:url\" content=\"https:\/\/oceansignal.com\/sv\/guide-for-val-av-produkt\/\" \/>\n<meta property=\"og:site_name\" content=\"Ocean Signal\" \/>\n<meta property=\"article:modified_time\" content=\"2024-09-30T14:52:28+00:00\" \/>\n<meta property=\"og:image\" content=\"https:\/\/oceansignal.com\/wp-content\/uploads\/2024\/03\/image-social-share-04.jpg\" \/>\n\t<meta property=\"og:image:width\" content=\"1200\" \/>\n\t<meta property=\"og:image:height\" content=\"630\" \/>\n\t<meta property=\"og:image:type\" content=\"image\/jpeg\" \/>\n<meta name=\"twitter:card\" content=\"summary_large_image\" \/>\n<script type=\"application\/ld+json\" class=\"yoast-schema-graph\">{\"@context\":\"https:\/\/schema.org\",\"@graph\":[{\"@type\":\"WebPage\",\"@id\":\"https:\/\/oceansignal.com\/sv\/guide-for-val-av-produkt\/\",\"url\":\"https:\/\/oceansignal.com\/sv\/guide-for-val-av-produkt\/\",\"name\":\"Guide f\u00f6r val av produkt - Ocean Signal\",\"isPartOf\":{\"@id\":\"https:\/\/oceansignal.com\/sv\/#website\"},\"datePublished\":\"2023-05-03T12:39:52+00:00\",\"dateModified\":\"2024-09-30T14:52:28+00:00\",\"description\":\"Uppt\u00e4ck Ocean Signals produktvalsguide f\u00f6r sj\u00f6s\u00e4kerhetsutrustning. Hitta den perfekta l\u00f6sningen f\u00f6r ditt fartygs behov.\",\"inLanguage\":\"sv-SE\",\"potentialAction\":[{\"@type\":\"ReadAction\",\"target\":[\"https:\/\/oceansignal.com\/sv\/guide-for-val-av-produkt\/\"]}]},{\"@type\":\"WebSite\",\"@id\":\"https:\/\/oceansignal.com\/sv\/#website\",\"url\":\"https:\/\/oceansignal.com\/sv\/\",\"name\":\"Ocean Signal\",\"description\":\"A leading manufacturer of EPIRBs, AIS, SARTs, Personal Locator Beacons, Man Overboard Beacon for the Marine and Outdoor Markets.\",\"potentialAction\":[{\"@type\":\"SearchAction\",\"target\":{\"@type\":\"EntryPoint\",\"urlTemplate\":\"https:\/\/oceansignal.com\/sv\/?s={search_term_string}\"},\"query-input\":{\"@type\":\"PropertyValueSpecification\",\"valueRequired\":true,\"valueName\":\"search_term_string\"}}],\"inLanguage\":\"sv-SE\"}]}<\/script>\n<!-- \/ Yoast SEO Premium plugin. -->","yoast_head_json":{"title":"Guide f\u00f6r val av produkt - Ocean Signal","description":"Uppt\u00e4ck Ocean Signals produktvalsguide f\u00f6r sj\u00f6s\u00e4kerhetsutrustning. Hitta den perfekta l\u00f6sningen f\u00f6r ditt fartygs behov.","robots":{"index":"index","follow":"follow","max-snippet":"max-snippet:-1","max-image-preview":"max-image-preview:large","max-video-preview":"max-video-preview:-1"},"canonical":"https:\/\/oceansignal.com\/sv\/guide-for-val-av-produkt\/","og_locale":"sv_SE","og_type":"article","og_title":"Guide f\u00f6r val av produkt - Ocean Signal","og_description":"Uppt\u00e4ck Ocean Signals produktvalsguide f\u00f6r sj\u00f6s\u00e4kerhetsutrustning. Hitta den perfekta l\u00f6sningen f\u00f6r ditt fartygs behov.","og_url":"https:\/\/oceansignal.com\/sv\/guide-for-val-av-produkt\/","og_site_name":"Ocean Signal","article_modified_time":"2024-09-30T14:52:28+00:00","og_image":[{"width":1200,"height":630,"url":"https:\/\/oceansignal.com\/wp-content\/uploads\/2024\/03\/image-social-share-04.jpg","type":"image\/jpeg"}],"twitter_card":"summary_large_image","schema":{"@context":"https:\/\/schema.org","@graph":[{"@type":"WebPage","@id":"https:\/\/oceansignal.com\/sv\/guide-for-val-av-produkt\/","url":"https:\/\/oceansignal.com\/sv\/guide-for-val-av-produkt\/","name":"Guide f\u00f6r val av produkt - Ocean Signal","isPartOf":{"@id":"https:\/\/oceansignal.com\/sv\/#website"},"datePublished":"2023-05-03T12:39:52+00:00","dateModified":"2024-09-30T14:52:28+00:00","description":"Uppt\u00e4ck Ocean Signals produktvalsguide f\u00f6r sj\u00f6s\u00e4kerhetsutrustning. Hitta den perfekta l\u00f6sningen f\u00f6r ditt fartygs behov.","inLanguage":"sv-SE","potentialAction":[{"@type":"ReadAction","target":["https:\/\/oceansignal.com\/sv\/guide-for-val-av-produkt\/"]}]},{"@type":"WebSite","@id":"https:\/\/oceansignal.com\/sv\/#website","url":"https:\/\/oceansignal.com\/sv\/","name":"Ocean Signal","description":"A leading manufacturer of EPIRBs, AIS, SARTs, Personal Locator Beacons, Man Overboard Beacon for the Marine and Outdoor Markets.","potentialAction":[{"@type":"SearchAction","target":{"@type":"EntryPoint","urlTemplate":"https:\/\/oceansignal.com\/sv\/?s={search_term_string}"},"query-input":{"@type":"PropertyValueSpecification","valueRequired":true,"valueName":"search_term_string"}}],"inLanguage":"sv-SE"}]}},"_links":{"self":[{"href":"https:\/\/oceansignal.com\/sv\/wp-json\/wp\/v2\/pages\/7949","targetHints":{"allow":["GET"]}}],"collection":[{"href":"https:\/\/oceansignal.com\/sv\/wp-json\/wp\/v2\/pages"}],"about":[{"href":"https:\/\/oceansignal.com\/sv\/wp-json\/wp\/v2\/types\/page"}],"author":[{"embeddable":true,"href":"https:\/\/oceansignal.com\/sv\/wp-json\/wp\/v2\/users\/1"}],"replies":[{"embeddable":true,"href":"https:\/\/oceansignal.com\/sv\/wp-json\/wp\/v2\/comments?post=7949"}],"version-history":[{"count":1,"href":"https:\/\/oceansignal.com\/sv\/wp-json\/wp\/v2\/pages\/7949\/revisions"}],"predecessor-version":[{"id":7950,"href":"https:\/\/oceansignal.com\/sv\/wp-json\/wp\/v2\/pages\/7949\/revisions\/7950"}],"wp:attachment":[{"href":"https:\/\/oceansignal.com\/sv\/wp-json\/wp\/v2\/media?parent=7949"}],"curies":[{"name":"wp","href":"https:\/\/api.w.org\/{rel}","templated":true}]}}