{"id":7971,"date":"2023-04-14T09:51:51","date_gmt":"2023-04-14T09:51:51","guid":{"rendered":"https:\/\/oceansignal.com\/programmering-av-produkter\/"},"modified":"2024-09-30T14:58:01","modified_gmt":"2024-09-30T14:58:01","slug":"programmering-av-produkter","status":"publish","type":"page","link":"https:\/\/oceansignal.com\/sv\/stod\/programmering-av-produkter\/","title":{"rendered":"Programmering av produkter"},"content":{"rendered":"","protected":false},"excerpt":{"rendered":"<p>F\u00f6r att programmera din produkt m\u00e5ste du f\u00f6rst v\u00e4lja produkttyp.<\/p>\n","protected":false},"author":2,"featured_media":0,"parent":8354,"menu_order":0,"comment_status":"closed","ping_status":"closed","template":"pagetemplate-header-orange.php","meta":{"_acf_changed":false,"om_disable_all_campaigns":false,"footnotes":""},"class_list":["post-7971","page","type-page","status-publish","hentry"],"acf":[],"yoast_head":"<!-- This site is optimized with the Yoast SEO Premium plugin v25.2 (Yoast SEO v26.4) - https:\/\/yoast.com\/wordpress\/plugins\/seo\/ -->\n<title>Programmering av produkter - Ocean Signal<\/title>\n<meta name=\"description\" content=\"Ocean Signal produktprogrammering: Anpassa dina sj\u00f6s\u00e4kerhetsanordningar f\u00f6r optimal prestanda. S\u00e4kerst\u00e4ll exakta inst\u00e4llningar f\u00f6r f\u00f6rb\u00e4ttrad s\u00e4kerhet ombord.\" \/>\n<meta name=\"robots\" content=\"index, follow, max-snippet:-1, max-image-preview:large, max-video-preview:-1\" \/>\n<link rel=\"canonical\" href=\"https:\/\/oceansignal.com\/sv\/stod\/programmering-av-produkter\/\" \/>\n<meta property=\"og:locale\" content=\"sv_SE\" \/>\n<meta property=\"og:type\" content=\"article\" \/>\n<meta property=\"og:title\" content=\"Programmering av produkter - Ocean Signal\" \/>\n<meta property=\"og:description\" content=\"Ocean Signal produktprogrammering: Anpassa dina sj\u00f6s\u00e4kerhetsanordningar f\u00f6r optimal prestanda. S\u00e4kerst\u00e4ll exakta inst\u00e4llningar f\u00f6r f\u00f6rb\u00e4ttrad s\u00e4kerhet ombord.\" \/>\n<meta property=\"og:url\" content=\"https:\/\/oceansignal.com\/sv\/stod\/programmering-av-produkter\/\" \/>\n<meta property=\"og:site_name\" content=\"Ocean Signal\" \/>\n<meta property=\"article:modified_time\" content=\"2024-09-30T14:58:01+00:00\" \/>\n<meta property=\"og:image\" content=\"https:\/\/oceansignal.com\/wp-content\/uploads\/2024\/03\/image-social-share-04.jpg\" \/>\n\t<meta property=\"og:image:width\" content=\"1200\" \/>\n\t<meta property=\"og:image:height\" content=\"630\" \/>\n\t<meta property=\"og:image:type\" content=\"image\/jpeg\" \/>\n<meta name=\"twitter:card\" content=\"summary_large_image\" \/>\n<script type=\"application\/ld+json\" class=\"yoast-schema-graph\">{\"@context\":\"https:\/\/schema.org\",\"@graph\":[{\"@type\":\"WebPage\",\"@id\":\"https:\/\/oceansignal.com\/sv\/stod\/programmering-av-produkter\/\",\"url\":\"https:\/\/oceansignal.com\/sv\/stod\/programmering-av-produkter\/\",\"name\":\"Programmering av produkter - Ocean Signal\",\"isPartOf\":{\"@id\":\"https:\/\/oceansignal.com\/sv\/#website\"},\"datePublished\":\"2023-04-14T09:51:51+00:00\",\"dateModified\":\"2024-09-30T14:58:01+00:00\",\"description\":\"Ocean Signal produktprogrammering: Anpassa dina sj\u00f6s\u00e4kerhetsanordningar f\u00f6r optimal prestanda. S\u00e4kerst\u00e4ll exakta inst\u00e4llningar f\u00f6r f\u00f6rb\u00e4ttrad s\u00e4kerhet ombord.\",\"breadcrumb\":{\"@id\":\"https:\/\/oceansignal.com\/sv\/stod\/programmering-av-produkter\/#breadcrumb\"},\"inLanguage\":\"sv-SE\",\"potentialAction\":[{\"@type\":\"ReadAction\",\"target\":[\"https:\/\/oceansignal.com\/sv\/stod\/programmering-av-produkter\/\"]}]},{\"@type\":\"BreadcrumbList\",\"@id\":\"https:\/\/oceansignal.com\/sv\/stod\/programmering-av-produkter\/#breadcrumb\",\"itemListElement\":[{\"@type\":\"ListItem\",\"position\":1,\"name\":\"St\u00f6d\",\"item\":\"https:\/\/oceansignal.com\/sv\/stod\/\"},{\"@type\":\"ListItem\",\"position\":2,\"name\":\"Programmering av produkter\"}]},{\"@type\":\"WebSite\",\"@id\":\"https:\/\/oceansignal.com\/sv\/#website\",\"url\":\"https:\/\/oceansignal.com\/sv\/\",\"name\":\"Ocean Signal\",\"description\":\"A leading manufacturer of EPIRBs, AIS, SARTs, Personal Locator Beacons, Man Overboard Beacon for the Marine and Outdoor Markets.\",\"potentialAction\":[{\"@type\":\"SearchAction\",\"target\":{\"@type\":\"EntryPoint\",\"urlTemplate\":\"https:\/\/oceansignal.com\/sv\/?s={search_term_string}\"},\"query-input\":{\"@type\":\"PropertyValueSpecification\",\"valueRequired\":true,\"valueName\":\"search_term_string\"}}],\"inLanguage\":\"sv-SE\"}]}<\/script>\n<!-- \/ Yoast SEO Premium plugin. -->","yoast_head_json":{"title":"Programmering av produkter - Ocean Signal","description":"Ocean Signal produktprogrammering: Anpassa dina sj\u00f6s\u00e4kerhetsanordningar f\u00f6r optimal prestanda. S\u00e4kerst\u00e4ll exakta inst\u00e4llningar f\u00f6r f\u00f6rb\u00e4ttrad s\u00e4kerhet ombord.","robots":{"index":"index","follow":"follow","max-snippet":"max-snippet:-1","max-image-preview":"max-image-preview:large","max-video-preview":"max-video-preview:-1"},"canonical":"https:\/\/oceansignal.com\/sv\/stod\/programmering-av-produkter\/","og_locale":"sv_SE","og_type":"article","og_title":"Programmering av produkter - Ocean Signal","og_description":"Ocean Signal produktprogrammering: Anpassa dina sj\u00f6s\u00e4kerhetsanordningar f\u00f6r optimal prestanda. S\u00e4kerst\u00e4ll exakta inst\u00e4llningar f\u00f6r f\u00f6rb\u00e4ttrad s\u00e4kerhet ombord.","og_url":"https:\/\/oceansignal.com\/sv\/stod\/programmering-av-produkter\/","og_site_name":"Ocean Signal","article_modified_time":"2024-09-30T14:58:01+00:00","og_image":[{"width":1200,"height":630,"url":"https:\/\/oceansignal.com\/wp-content\/uploads\/2024\/03\/image-social-share-04.jpg","type":"image\/jpeg"}],"twitter_card":"summary_large_image","schema":{"@context":"https:\/\/schema.org","@graph":[{"@type":"WebPage","@id":"https:\/\/oceansignal.com\/sv\/stod\/programmering-av-produkter\/","url":"https:\/\/oceansignal.com\/sv\/stod\/programmering-av-produkter\/","name":"Programmering av produkter - Ocean Signal","isPartOf":{"@id":"https:\/\/oceansignal.com\/sv\/#website"},"datePublished":"2023-04-14T09:51:51+00:00","dateModified":"2024-09-30T14:58:01+00:00","description":"Ocean Signal produktprogrammering: Anpassa dina sj\u00f6s\u00e4kerhetsanordningar f\u00f6r optimal prestanda. S\u00e4kerst\u00e4ll exakta inst\u00e4llningar f\u00f6r f\u00f6rb\u00e4ttrad s\u00e4kerhet ombord.","breadcrumb":{"@id":"https:\/\/oceansignal.com\/sv\/stod\/programmering-av-produkter\/#breadcrumb"},"inLanguage":"sv-SE","potentialAction":[{"@type":"ReadAction","target":["https:\/\/oceansignal.com\/sv\/stod\/programmering-av-produkter\/"]}]},{"@type":"BreadcrumbList","@id":"https:\/\/oceansignal.com\/sv\/stod\/programmering-av-produkter\/#breadcrumb","itemListElement":[{"@type":"ListItem","position":1,"name":"St\u00f6d","item":"https:\/\/oceansignal.com\/sv\/stod\/"},{"@type":"ListItem","position":2,"name":"Programmering av produkter"}]},{"@type":"WebSite","@id":"https:\/\/oceansignal.com\/sv\/#website","url":"https:\/\/oceansignal.com\/sv\/","name":"Ocean Signal","description":"A leading manufacturer of EPIRBs, AIS, SARTs, Personal Locator Beacons, Man Overboard Beacon for the Marine and Outdoor Markets.","potentialAction":[{"@type":"SearchAction","target":{"@type":"EntryPoint","urlTemplate":"https:\/\/oceansignal.com\/sv\/?s={search_term_string}"},"query-input":{"@type":"PropertyValueSpecification","valueRequired":true,"valueName":"search_term_string"}}],"inLanguage":"sv-SE"}]}},"_links":{"self":[{"href":"https:\/\/oceansignal.com\/sv\/wp-json\/wp\/v2\/pages\/7971","targetHints":{"allow":["GET"]}}],"collection":[{"href":"https:\/\/oceansignal.com\/sv\/wp-json\/wp\/v2\/pages"}],"about":[{"href":"https:\/\/oceansignal.com\/sv\/wp-json\/wp\/v2\/types\/page"}],"author":[{"embeddable":true,"href":"https:\/\/oceansignal.com\/sv\/wp-json\/wp\/v2\/users\/2"}],"replies":[{"embeddable":true,"href":"https:\/\/oceansignal.com\/sv\/wp-json\/wp\/v2\/comments?post=7971"}],"version-history":[{"count":1,"href":"https:\/\/oceansignal.com\/sv\/wp-json\/wp\/v2\/pages\/7971\/revisions"}],"predecessor-version":[{"id":8355,"href":"https:\/\/oceansignal.com\/sv\/wp-json\/wp\/v2\/pages\/7971\/revisions\/8355"}],"up":[{"embeddable":true,"href":"https:\/\/oceansignal.com\/sv\/wp-json\/wp\/v2\/pages\/8354"}],"wp:attachment":[{"href":"https:\/\/oceansignal.com\/sv\/wp-json\/wp\/v2\/media?parent=7971"}],"curies":[{"name":"wp","href":"https:\/\/api.w.org\/{rel}","templated":true}]}}