{"id":8243,"date":"2023-05-03T12:36:05","date_gmt":"2023-05-03T12:36:05","guid":{"rendered":"https:\/\/oceansignal.com\/garantipolicy\/"},"modified":"2025-03-06T13:45:50","modified_gmt":"2025-03-06T13:45:50","slug":"garantipolicy","status":"publish","type":"page","link":"https:\/\/oceansignal.com\/sv\/garantipolicy\/","title":{"rendered":"Garantipolicy"},"content":{"rendered":"\n<div class=\"gb-container-narrow\">\n    <div class=\"gc-container \">\n                \n\n<p><strong>Global begr\u00e4nsad garanti<\/strong><\/p>\n\n\n\n<p>De begr\u00e4nsade garantierna i den globala begr\u00e4nsade garantin \u00e4r exklusiva och ers\u00e4tter alla andra garantier, uttryckliga eller underf\u00f6rst\u00e5dda eller lagstadgade, inklusive allt ansvar som uppst\u00e5r under n\u00e5gon garanti om s\u00e4ljbarhet eller l\u00e4mplighet f\u00f6r ett visst \u00e4ndam\u00e5l, lagstadgat eller p\u00e5 annat s\u00e4tt. Denna garanti ger \u00e4garen specifika juridiska r\u00e4ttigheter, som kan variera fr\u00e5n jurisdiktion till jurisdiktion. <\/p>\n\n\n\n<p>Under inga omst\u00e4ndigheter ska Ocean Signal Ltd. eller dess dotterbolag h\u00e5llas ansvariga f\u00f6r n\u00e5gra tillf\u00e4lliga, speciella, indirekta eller f\u00f6ljdskador, vare sig de h\u00e4rr\u00f6r fr\u00e5n anv\u00e4ndning, felaktig anv\u00e4ndning, of\u00f6rm\u00e5ga att anv\u00e4nda, felaktigt f\u00f6rlitande p\u00e5 eller fr\u00e5n n\u00e5gra defekter i produkten. Vissa jurisdiktioner till\u00e5ter inte uteslutning av of\u00f6rutsedda skador eller f\u00f6ljdskador, s\u00e5 ovanst\u00e5ende begr\u00e4nsning kanske inte g\u00e4ller dig. <\/p>\n\n\n\n<p>Den globala begr\u00e4nsade garantin p\u00e5verkar inte en kunds r\u00e4ttigheter gentemot en \u00e5terf\u00f6rs\u00e4ljare som h\u00e4rr\u00f6r fr\u00e5n ett f\u00f6rs\u00e4ljnings-\/k\u00f6peavtal.<\/p>\n\n\n\n<p>Produkt som repareras eller byts ut under garantin kommer endast att garanteras f\u00f6r den \u00e5terst\u00e5ende \u00e5terstoden av den till\u00e4mpliga ursprungliga garantiperioden.<\/p>\n\n\n\n<p>Med f\u00f6rbeh\u00e5ll f\u00f6r villkoren, begr\u00e4nsningarna och undantagen i den globala begr\u00e4nsade garantin, garanteras alla Ocean Signal produkter vara fria fr\u00e5n defekter i material eller utf\u00f6rande under en period av tv\u00e5 (2) \u00e5r fr\u00e5n det datum d\u00e5 produkten k\u00f6ptes av den ursprungliga kunden (&#8221;Standard begr\u00e4nsad garantiperiod&#8221;). Under denna period och endast f\u00f6r den ursprungliga kunden kommer Ocean Signal , efter eget gottfinnande, att reparera eller byta ut komponenter som inte fungerar vid normal anv\u00e4ndning, vilket, i avsaknad av till\u00e4mplig lag som s\u00e4ger motsatsen, ska vara kundens enda och exklusiva gottg\u00f6relse f\u00f6r eventuella garantibrott. <\/p>\n\n\n\n<p>Om den begr\u00e4nsade standardgarantin g\u00e4ller dig, kommer Ocean Signal inte att debitera dig f\u00f6r delar eller arbete f\u00f6r garantireparationer eller -byten. Kostnaden f\u00f6r att transportera din garanterade produkt till Ocean Signal f\u00f6r reparation eller utbyte \u00e4r dock ditt ansvar och t\u00e4cks inte av Ocean Signal . <\/p>\n\n\n\n<p><strong>F\u00f6rl\u00e4ngd begr\u00e4nsad garanti<\/strong><\/p>\n\n\n\n<p>Med f\u00f6rbeh\u00e5ll f\u00f6r villkoren, begr\u00e4nsningarna och undantagen i den globala begr\u00e4nsade garantin, och exklusive garantiers\u00e4ttningsprodukter och produkter som anv\u00e4nds f\u00f6r vanliga kommersiella, milit\u00e4ra, brottsbek\u00e4mpande eller relaterade \u00e4ndam\u00e5l, garanteras alla nya produkter som registrerats hos Ocean Signal inom nittio (90) dagar fr\u00e5n det datum d\u00e5 produkten f\u00f6rst k\u00f6ptes av originalkunden vara fria fr\u00e5n materiella defekter under en begr\u00e4nsad period under en begr\u00e4nsad period (exklusive \u00e5r). Garantiperiod\u201d) enligt definitionen nedan:<\/p>\n\n\n\n<ul class=\"wp-block-list\">\n<li>rescueME -produkter ( PLB1 , PLB3 , MOB1, EDF, EPIRB1, EPIRB1Pro, EPIRB2, EPIRB2 Pro och EPIRB3) &#8211; F\u00f6rl\u00e4ngd garantiperiod 5 \u00e5r<\/li>\n<\/ul>\n\n\n\n<ul class=\"wp-block-list\">\n<li>safeSEA-produkter (EPIRB3 Pro , V100 och S100) &#8211; Ingen ut\u00f6kad garanti tillg\u00e4nglig<\/li>\n<\/ul>\n\n\n\n<ul class=\"wp-block-list\">\n<li>Professionella produkter: (M100 och M100X) &#8211; Ingen ut\u00f6kad garanti tillg\u00e4nglig<\/li>\n<\/ul>\n\n\n\n<ul class=\"wp-block-list\">\n<li>AIS-produkter: (ATB1) &#8211; F\u00f6rl\u00e4ngd garantiperiod 3 \u00e5r<\/li>\n<\/ul>\n\n\n\n<p>Under denna period och f\u00f6r den ursprungliga kunden kommer Ocean Signal , efter eget val, att reparera eller ers\u00e4tta alla produktkomponenter som inte fungerar vid normal anv\u00e4ndning, vilket, i avsaknad av till\u00e4mplig lag som s\u00e4ger motsatsen, ska vara kundens enda och exklusiva gottg\u00f6relse f\u00f6r eventuella garantibrott.<\/p>\n\n\n\n<p>Vid lyckad registrering av produkten ers\u00e4tter den ut\u00f6kade begr\u00e4nsade garantin den begr\u00e4nsade standardgarantin.<\/p>\n\n\n\n<p>Ans\u00f6k om en ut\u00f6kad garanti h\u00e4r: <a href=\"https:\/\/oceansignal.com\/my-account\/products\/\">UT\u00d6K<\/a> <a href=\"https:\/\/oceansignal.com\/my-account\/products\/create\/\">DIN GARANTI<\/a> Om den ut\u00f6kade begr\u00e4nsade garantin g\u00e4ller dig kommer Ocean Signal inte att debitera dig f\u00f6r delar eller arbete f\u00f6r garantireparationer eller -byten. Kostnaden f\u00f6r att transportera din garanterade produkt till Ocean Signal f\u00f6r reparation eller utbyte \u00e4r dock ditt ansvar och t\u00e4cks inte av Ocean Signal . <\/p>\n\n\n        <\/div><\/div>\n","protected":false},"excerpt":{"rendered":"","protected":false},"author":1,"featured_media":0,"parent":0,"menu_order":0,"comment_status":"closed","ping_status":"closed","template":"pagetemplate-header-gray.php","meta":{"_acf_changed":false,"om_disable_all_campaigns":false,"footnotes":""},"class_list":["post-8243","page","type-page","status-publish","hentry"],"acf":[],"yoast_head":"<!-- This site is optimized with the Yoast SEO Premium plugin v25.2 (Yoast SEO v26.4) - https:\/\/yoast.com\/wordpress\/plugins\/seo\/ -->\n<title>Garantipolicy - Ocean Signal<\/title>\n<meta name=\"description\" content=\"Uppt\u00e4ck Ocean Signal omfattande garantipolicy f\u00f6r sinnesfrid med din s\u00e4kerhetsutrustning. Lita p\u00e5 v\u00e5rt engagemang f\u00f6r kvalitet.\" \/>\n<meta name=\"robots\" content=\"index, follow, max-snippet:-1, max-image-preview:large, max-video-preview:-1\" \/>\n<link rel=\"canonical\" href=\"https:\/\/oceansignal.com\/sv\/garantipolicy\/\" \/>\n<meta property=\"og:locale\" content=\"sv_SE\" \/>\n<meta property=\"og:type\" content=\"article\" \/>\n<meta property=\"og:title\" content=\"Garantipolicy - Ocean Signal\" \/>\n<meta property=\"og:description\" content=\"Uppt\u00e4ck Ocean Signal omfattande garantipolicy f\u00f6r sinnesfrid med din s\u00e4kerhetsutrustning. Lita p\u00e5 v\u00e5rt engagemang f\u00f6r kvalitet.\" \/>\n<meta property=\"og:url\" content=\"https:\/\/oceansignal.com\/sv\/garantipolicy\/\" \/>\n<meta property=\"og:site_name\" content=\"Ocean Signal\" \/>\n<meta property=\"article:modified_time\" content=\"2025-03-06T13:45:50+00:00\" \/>\n<meta property=\"og:image\" content=\"https:\/\/oceansignal.com\/wp-content\/uploads\/2024\/03\/image-social-share-04.jpg\" \/>\n\t<meta property=\"og:image:width\" content=\"1200\" \/>\n\t<meta property=\"og:image:height\" content=\"630\" \/>\n\t<meta property=\"og:image:type\" content=\"image\/jpeg\" \/>\n<meta name=\"twitter:card\" content=\"summary_large_image\" \/>\n<meta name=\"twitter:label1\" content=\"Ber\u00e4knad l\u00e4stid\" \/>\n\t<meta name=\"twitter:data1\" content=\"3 minuter\" \/>\n<script type=\"application\/ld+json\" class=\"yoast-schema-graph\">{\"@context\":\"https:\/\/schema.org\",\"@graph\":[{\"@type\":\"WebPage\",\"@id\":\"https:\/\/oceansignal.com\/sv\/garantipolicy\/\",\"url\":\"https:\/\/oceansignal.com\/sv\/garantipolicy\/\",\"name\":\"Garantipolicy - Ocean Signal\",\"isPartOf\":{\"@id\":\"https:\/\/oceansignal.com\/sv\/#website\"},\"datePublished\":\"2023-05-03T12:36:05+00:00\",\"dateModified\":\"2025-03-06T13:45:50+00:00\",\"description\":\"Uppt\u00e4ck Ocean Signal omfattande garantipolicy f\u00f6r sinnesfrid med din s\u00e4kerhetsutrustning. Lita p\u00e5 v\u00e5rt engagemang f\u00f6r kvalitet.\",\"inLanguage\":\"sv-SE\",\"potentialAction\":[{\"@type\":\"ReadAction\",\"target\":[\"https:\/\/oceansignal.com\/sv\/garantipolicy\/\"]}]},{\"@type\":\"WebSite\",\"@id\":\"https:\/\/oceansignal.com\/sv\/#website\",\"url\":\"https:\/\/oceansignal.com\/sv\/\",\"name\":\"Ocean Signal\",\"description\":\"A leading manufacturer of EPIRBs, AIS, SARTs, Personal Locator Beacons, Man Overboard Beacon for the Marine and Outdoor Markets.\",\"potentialAction\":[{\"@type\":\"SearchAction\",\"target\":{\"@type\":\"EntryPoint\",\"urlTemplate\":\"https:\/\/oceansignal.com\/sv\/?s={search_term_string}\"},\"query-input\":{\"@type\":\"PropertyValueSpecification\",\"valueRequired\":true,\"valueName\":\"search_term_string\"}}],\"inLanguage\":\"sv-SE\"}]}<\/script>\n<!-- \/ Yoast SEO Premium plugin. -->","yoast_head_json":{"title":"Garantipolicy - Ocean Signal","description":"Uppt\u00e4ck Ocean Signal omfattande garantipolicy f\u00f6r sinnesfrid med din s\u00e4kerhetsutrustning. Lita p\u00e5 v\u00e5rt engagemang f\u00f6r kvalitet.","robots":{"index":"index","follow":"follow","max-snippet":"max-snippet:-1","max-image-preview":"max-image-preview:large","max-video-preview":"max-video-preview:-1"},"canonical":"https:\/\/oceansignal.com\/sv\/garantipolicy\/","og_locale":"sv_SE","og_type":"article","og_title":"Garantipolicy - Ocean Signal","og_description":"Uppt\u00e4ck Ocean Signal omfattande garantipolicy f\u00f6r sinnesfrid med din s\u00e4kerhetsutrustning. Lita p\u00e5 v\u00e5rt engagemang f\u00f6r kvalitet.","og_url":"https:\/\/oceansignal.com\/sv\/garantipolicy\/","og_site_name":"Ocean Signal","article_modified_time":"2025-03-06T13:45:50+00:00","og_image":[{"width":1200,"height":630,"url":"https:\/\/oceansignal.com\/wp-content\/uploads\/2024\/03\/image-social-share-04.jpg","type":"image\/jpeg"}],"twitter_card":"summary_large_image","twitter_misc":{"Ber\u00e4knad l\u00e4stid":"3 minuter"},"schema":{"@context":"https:\/\/schema.org","@graph":[{"@type":"WebPage","@id":"https:\/\/oceansignal.com\/sv\/garantipolicy\/","url":"https:\/\/oceansignal.com\/sv\/garantipolicy\/","name":"Garantipolicy - Ocean Signal","isPartOf":{"@id":"https:\/\/oceansignal.com\/sv\/#website"},"datePublished":"2023-05-03T12:36:05+00:00","dateModified":"2025-03-06T13:45:50+00:00","description":"Uppt\u00e4ck Ocean Signal omfattande garantipolicy f\u00f6r sinnesfrid med din s\u00e4kerhetsutrustning. Lita p\u00e5 v\u00e5rt engagemang f\u00f6r kvalitet.","inLanguage":"sv-SE","potentialAction":[{"@type":"ReadAction","target":["https:\/\/oceansignal.com\/sv\/garantipolicy\/"]}]},{"@type":"WebSite","@id":"https:\/\/oceansignal.com\/sv\/#website","url":"https:\/\/oceansignal.com\/sv\/","name":"Ocean Signal","description":"A leading manufacturer of EPIRBs, AIS, SARTs, Personal Locator Beacons, Man Overboard Beacon for the Marine and Outdoor Markets.","potentialAction":[{"@type":"SearchAction","target":{"@type":"EntryPoint","urlTemplate":"https:\/\/oceansignal.com\/sv\/?s={search_term_string}"},"query-input":{"@type":"PropertyValueSpecification","valueRequired":true,"valueName":"search_term_string"}}],"inLanguage":"sv-SE"}]}},"_links":{"self":[{"href":"https:\/\/oceansignal.com\/sv\/wp-json\/wp\/v2\/pages\/8243","targetHints":{"allow":["GET"]}}],"collection":[{"href":"https:\/\/oceansignal.com\/sv\/wp-json\/wp\/v2\/pages"}],"about":[{"href":"https:\/\/oceansignal.com\/sv\/wp-json\/wp\/v2\/types\/page"}],"author":[{"embeddable":true,"href":"https:\/\/oceansignal.com\/sv\/wp-json\/wp\/v2\/users\/1"}],"replies":[{"embeddable":true,"href":"https:\/\/oceansignal.com\/sv\/wp-json\/wp\/v2\/comments?post=8243"}],"version-history":[{"count":4,"href":"https:\/\/oceansignal.com\/sv\/wp-json\/wp\/v2\/pages\/8243\/revisions"}],"predecessor-version":[{"id":25543,"href":"https:\/\/oceansignal.com\/sv\/wp-json\/wp\/v2\/pages\/8243\/revisions\/25543"}],"wp:attachment":[{"href":"https:\/\/oceansignal.com\/sv\/wp-json\/wp\/v2\/media?parent=8243"}],"curies":[{"name":"wp","href":"https:\/\/api.w.org\/{rel}","templated":true}]}}