{"id":12909,"date":"2024-10-30T20:20:15","date_gmt":"2024-10-30T20:20:15","guid":{"rendered":"https:\/\/oceansignal.com\/products\/rescueme-edf2-flare\/"},"modified":"2025-11-24T16:37:10","modified_gmt":"2025-11-24T16:37:10","slug":"rescueme-edf2-flare","status":"publish","type":"product","link":"https:\/\/oceansignal.com\/sv\/products\/rescueme-edf2-flare\/","title":{"rendered":"rescueME EDF2 Flare"},"content":{"rendered":"<p><img loading=\"lazy\" decoding=\"async\" class=\"alignnone wp-image-26922 size-full\" src=\"https:\/\/oceansignal.com\/wp-content\/uploads\/2024\/10\/OSL-EDF2-Features-Group-001.jpeg\" alt=\"EDF2 Electronic Distress Flare IR LED STROBE, utbytbart batteri, 360 graders synlighet\" width=\"550\" height=\"310\" srcset=\"https:\/\/oceansignal.com\/wp-content\/uploads\/2024\/10\/OSL-EDF2-Features-Group-001.jpeg 550w, https:\/\/oceansignal.com\/wp-content\/uploads\/2024\/10\/OSL-EDF2-Features-Group-001-300x169.jpeg 300w, https:\/\/oceansignal.com\/wp-content\/uploads\/2024\/10\/OSL-EDF2-Features-Group-001-60x34.jpeg 60w, https:\/\/oceansignal.com\/wp-content\/uploads\/2024\/10\/OSL-EDF2-Features-Group-001-110x62.jpeg 110w\" sizes=\"auto, (max-width: 550px) 100vw, 550px\" \/><\/p>\n<p><img loading=\"lazy\" decoding=\"async\" class=\"alignnone wp-image-26938 size-full\" src=\"https:\/\/oceansignal.com\/wp-content\/uploads\/2024\/10\/OSL-EDF2-Features-Group-002.jpeg\" alt=\"EDF2 Familjes\u00e4kert\" width=\"550\" height=\"310\" srcset=\"https:\/\/oceansignal.com\/wp-content\/uploads\/2024\/10\/OSL-EDF2-Features-Group-002.jpeg 550w, https:\/\/oceansignal.com\/wp-content\/uploads\/2024\/10\/OSL-EDF2-Features-Group-002-300x169.jpeg 300w, https:\/\/oceansignal.com\/wp-content\/uploads\/2024\/10\/OSL-EDF2-Features-Group-002-60x34.jpeg 60w, https:\/\/oceansignal.com\/wp-content\/uploads\/2024\/10\/OSL-EDF2-Features-Group-002-110x62.jpeg 110w\" sizes=\"auto, (max-width: 550px) 100vw, 550px\" \/><\/p>\n<p><img loading=\"lazy\" decoding=\"async\" class=\"alignnone wp-image-26954 size-full\" src=\"https:\/\/oceansignal.com\/wp-content\/uploads\/2024\/10\/OSL-EDF2-Features-Group-003.jpeg\" alt=\"EDF2 Inbyggd h\u00f6gintensiv LED med flytkraft\" width=\"550\" height=\"310\" srcset=\"https:\/\/oceansignal.com\/wp-content\/uploads\/2024\/10\/OSL-EDF2-Features-Group-003.jpeg 550w, https:\/\/oceansignal.com\/wp-content\/uploads\/2024\/10\/OSL-EDF2-Features-Group-003-300x169.jpeg 300w, https:\/\/oceansignal.com\/wp-content\/uploads\/2024\/10\/OSL-EDF2-Features-Group-003-60x34.jpeg 60w, https:\/\/oceansignal.com\/wp-content\/uploads\/2024\/10\/OSL-EDF2-Features-Group-003-110x62.jpeg 110w\" sizes=\"auto, (max-width: 550px) 100vw, 550px\" \/><\/p>\n<p><strong>Sammanfattning:<\/strong><\/p>\n<p>Som n\u00e4sta framsteg inom elektroniska n\u00f6dsignaler introducerar EDF2 Electronic Boat Flare den senaste SOS-n\u00f6dsignaleringstekniken. Genom att anv\u00e4nda r\u00f6d-orange och cyan lysdioder i kombination med en infrar\u00f6d (IR) komponent, erbjuder EDF2 en betydande livsl\u00e4ngd (brinntid) samtidigt som den avsev\u00e4rt f\u00f6rb\u00e4ttrar siktniv\u00e5n. <\/p>\n<p>S\u00e4ljs med den medf\u00f6ljande n\u00f6dflaggan f\u00f6r dagtid, EDF2 och medf\u00f6ljande flagga \u00e4r certifierade f\u00f6r att uppfylla till\u00e4mpliga US Coast Guard-krav, vilket g\u00f6r att de kan b\u00e4ras i st\u00e4llet f\u00f6r traditionella pyrotekniska bloss i USA<\/p>\n<p><strong>Beskrivning:<\/strong><\/p>\n<p>Uppfyller kraven i RTCM 13200.00, den flytande EDF2 elektroniska b\u00e5tblossen klassificeras som en elektronisk visuell n\u00f6dsignalenhet (eVDSD) och anv\u00e4nder flerf\u00e4rgs SOS n\u00f6dsignalering f\u00f6r att producera st\u00f6rre ljusstyrka med avsev\u00e4rt b\u00e4ttre ljusf\u00f6rdelning. Anv\u00e4ndningen av r\u00f6d-orange och cyan lysdioder m\u00f6jligg\u00f6r f\u00f6rb\u00e4ttrad synlighet p\u00e5 vattnet medan till\u00e4gget av en infrar\u00f6d (IR) komponent leder till \u00e4nnu b\u00e4ttre synlighet n\u00e4r Night Vision-utrustning anv\u00e4nds av Search and Rescue. <\/p>\n<p>EDF2 underl\u00e4ttar r\u00e4ddning genom att avge blixtkarakteristiken f\u00f6r den internationella morsekoden f\u00f6r SOS, d\u00e4r det f\u00f6rsta &#8221;S&#8221; representeras av tre r\u00f6d-orange LED-blixtar, f\u00f6ljt av &#8221;O&#8221; som representeras av tre cyan LED-blixtar, och det sista &#8221;S&#8221; som representeras av ytterligare tre r\u00f6d-orange LED-blixtar. Samtidigt med de synliga r\u00f6dorange och cyan blinkande lysdioderna blinkar IR-komponenten samma SOS-m\u00f6nster som \u00e4r optimerat f\u00f6r synlighet via Night Vision Goggles (NVG). Kanske mest imponerande, \u00e4ven med det omfattande antalet synliga och IR-blixtar som f\u00f6rekommer, den h\u00f6ga niv\u00e5n av ljusintensitet som produceras och det betydande ljusf\u00f6rdelningsomf\u00e5nget (ljusvinkel \u2265 180\u00b0) som uppn\u00e5s, uppn\u00e5r EDF2 fortfarande en imponerande livsl\u00e4ngd p\u00e5 minst tre timmar (\u00f6verstiger RTCM-kraven med 50%).  <\/p>\n<p><strong>OBSERVERA: Innan du installerar batterier, anv\u00e4nd den bifogade linan (finns under kardborrbandet) och f\u00e4st den \u00f6vre delen av den f\u00e4stpunkt som finns l\u00e4ngst ner i batterifacket.<\/strong><\/p>\n<h4>Vad som ing\u00e5r<\/h4>\n<p>EDF2 elektroniska b\u00e5tsignal uppfyller \u00e4ven kraven i <a href=\"https:\/\/www.ecfr.gov\/current\/title-46\/chapter-I\/subchapter-Q\/part-161\/subpart-161.013?toc=1\">46 CFR 161.013<\/a> och klassificeras som en godk\u00e4nd nattvisuell n\u00f6dsignal. Eftersom en n\u00f6dflagga, som uppfyller kraven i <a href=\"https:\/\/www.ecfr.gov\/current\/title-46\/chapter-I\/subchapter-Q\/part-160\/subpart-160.072\">46 CFR 160.072<\/a> , ing\u00e5r i paketet med varje EDF2, f\u00f6rses anv\u00e4ndarna ocks\u00e5 med en godk\u00e4nd visuell n\u00f6dsignal f\u00f6r dagtid (kravet f\u00f6r att b\u00e4ra godk\u00e4nda visuella n\u00f6dsignaler f\u00f6r dag och natt finns i 33 CFR del 175). Den medf\u00f6ljande n\u00f6dflaggan erbjuder m\u00e5nga alternativ f\u00f6r signalering i dagsljus. Flaggan kan hissas genom att f\u00e4stas p\u00e5 masten eller helt enkelt hissas till h\u00f6gsta m\u00f6jliga punkt. Den kan ocks\u00e5 visas f\u00f6r hand, knytas till och sedan viftas p\u00e5 f\u00f6rem\u00e5l som en b\u00e5tkrok, paddel eller fiskesp\u00f6, eller s\u00e5 kan den l\u00e4ggas platt p\u00e5 d\u00e4ck f\u00f6r att locka till sig flygplan. Flaggan ska endast anv\u00e4ndas som dagsignal och n\u00e4r den visas korrekt ska den svarta fyrkanten vara \u00f6ver den svarta cirkeln.<\/p>\n<p>Ut\u00f6ver n\u00f6dflaggan ing\u00e5r ocks\u00e5 ett f\u00e4ste och motsvarande monteringsutrustning som g\u00f6r det m\u00f6jligt f\u00f6r anv\u00e4ndare att bekv\u00e4mt montera produkten p\u00e5 fartyget s\u00e5 att EDF2 alltid \u00e4r tillg\u00e4nglig n\u00e4r det beh\u00f6vs. En 1 meter l\u00e5ng snodd kan ocks\u00e5 hittas g\u00f6md under det svarta kardborrebandet runt mitten av produkten. Denna lina kan anv\u00e4ndas f\u00f6r att f\u00e4sta EDF2 till en person eller livflotte i en n\u00f6dsituation.  <\/p>\n<h4>Transportkrav<\/h4>\n<p>I USA* till\u00e5ter transport av EDF2-b\u00e5tblossen och n\u00f6dflaggan tillsammans b\u00e5tfolk att avst\u00e5 fr\u00e5n kravet p\u00e5 traditionella pyrotekniska bloss n\u00e4r de befinner sig p\u00e5 fritidsfartyg p\u00e5 upp till 65&#8242; l\u00e4ngd, b\u00e5tar p\u00e5 Great Lakes, inom 12 miles fr\u00e5n USA:s vatten, eller p\u00e5 vilken vattenmassa som helst med en passage till havet som \u00e4r minst tv\u00e5 miles bred. Fartyg mindre \u00e4n 16&#8242; beh\u00f6ver inte b\u00e4ra en visuell n\u00f6dsignal f\u00f6r dag men m\u00e5ste fortfarande ha en visuell n\u00f6dsignal f\u00f6r natten, vilket g\u00f6r EDF2 till ett mer \u00e4n genomf\u00f6rbart alternativ till pyrotekniska bloss \u00e4ven f\u00f6r fartyg av denna storlek. Obs: I Kanada kan EDF2 transporteras p\u00e5 fritidsb\u00e5tar ist\u00e4llet f\u00f6r pyrotekniska bloss (Policy TP 13585 E) om den b\u00e4rs med en godk\u00e4nd r\u00f6ksignal (f\u00f6r varning under dagtid).  <\/p>\n<p>Med konsekvent ljusf\u00f6rdelning \u00f6ver ett betydande omr\u00e5de** och en brinntid som \u00e4r 15 g\u00e5nger l\u00e4ngre \u00e4n de genomsnittliga pyrotekniska blossarna***, \u00e4r EDF2 helt klart det &#8221;ljusaste&#8221; valet man kan g\u00f6ra.<\/p>\n<p>&nbsp;<\/p>\n<p>*F\u00f6r godk\u00e4nnanden i andra l\u00e4nder, se krav fr\u00e5n till\u00e4mplig nationell myndighet som referens<\/p>\n<p>deras specifika acceptans av ett eVDSD-m\u00f6te RTCM 13200.00<\/p>\n<p>**Ljusvinkel \u2265 180\u00b0<\/p>\n<p>***Baserat p\u00e5 transport av 4 pyrotekniska bloss med en genomsnittlig brinntid p\u00e5 3 minuter vardera<\/p>\n<p>&nbsp;<\/p>\n<h4><strong>Funktioner och f\u00f6rdelar:<\/strong><\/h4>\n<ul>\n<li>Uppfyller RTCM Standard 13200.0 f\u00f6r eVDSD:er<\/li>\n<li>EDF2 elektronisk b\u00e5tbloss och medf\u00f6ljande n\u00f6dflagga, n\u00e4r de b\u00e4rs tillsammans, kvalificerar sig som en ers\u00e4ttning f\u00f6r transport av USCG pyrotekniska bloss (endast USA)<\/li>\n<li>Starkt ljus i alla riktningar (360\u00b0 synlighet och ljusvinkel \u2265 180\u00b0)<\/li>\n<li>R\u00e4ttar sig automatiskt och flyter n\u00e4r du \u00e4r i vattnet (ingen flyt-\/flytring beh\u00f6vs)<\/li>\n<li>Synlig \u00f6ver 8 miles<\/li>\n<li>Anv\u00e4ndarutbytbara 123 litiumbatterier (x8 &#8211; ing\u00e5r ej)<\/li>\n<li>Maximal ljusintensitet&gt; 170 cd<\/li>\n<li>Genomsnittlig effektiv ljusintensitet p\u00e5 50 cd<\/li>\n<li>Driftstid p\u00e5 3 timmar (vid minst 50 cd genomsnittlig effektiv ljusintensitet) \u00f6verstiger RTCM-kraven med 50 %<\/li>\n<li>H\u00e5llbar design: Testad enligt till\u00e4mpliga milj\u00f6prestandastandarder relaterade till torr v\u00e4rme, fuktig v\u00e4rme, l\u00e5g temperatur, termisk chock, fall, vibrationer, solstr\u00e5lning, regn och spray, korrosion och EMC (enligt IEC 60945)<\/li>\n<li>Vattent\u00e4t (IP67)<\/li>\n<li>Certifierad enligt USCG 161.013 som en nattlig visuell n\u00f6dsignal<\/li>\n<li>Inkluderar n\u00f6dflagga (certifierad enligt USCG 160.072 som visuell n\u00f6dsignal f\u00f6r dagtid), monteringsf\u00e4ste och 1 m sn\u00f6re (dold under kardborreband)<\/li>\n<\/ul>\n<p>&nbsp;<\/p>\n<h4><strong>F\u00f6rdelar med<\/strong> <strong>EDF2 Electronic Boat Flare<\/strong> <strong>kontra traditionella Pyrotekniska Flares:<\/strong><\/h4>\n<ul>\n<li>Inget utg\u00e5ngsdatum<\/li>\n<li>Familjes\u00e4kra (ingen brinnande l\u00e5ga)<\/li>\n<li>L\u00e4tt att anv\u00e4nda (s\u00e5 att \u00e4ven dina barn och f\u00f6rstag\u00e5ngsb\u00e5tare kan anv\u00e4nda den i h\u00e4ndelse av en n\u00f6dsituation)<\/li>\n<li>Inga problem med de befintliga str\u00e4nga obligatoriska kasseringskraven f\u00f6r pyrotekniska bloss (lagligt anses vara farliga material)<\/li>\n<li>Vattent\u00e4t och flytande<\/li>\n<li>Eng\u00e5ngsk\u00f6p (mindre kostnad under produktens livsl\u00e4ngd)<\/li>\n<li>2 distinkta metoder f\u00f6r n\u00f6dsignalering i en produkt \u2013 Flerf\u00e4rgad LED-blixtlampa och infrar\u00f6d LED-blixtlampa<\/li>\n<li>M\u00f6jlighet att f\u00f6rl\u00e4nga produktens livsl\u00e4ngd i en n\u00f6dsituation genom att byta batterier<\/li>\n<\/ul>\n<p>&nbsp;<\/p>\n<p>F\u00f6r information om ytterligare viktiga marina s\u00e4kerhetsprodukter som f\u00f6rst\u00e4rker din transport av EDF2, se v\u00e5r blogg om <a href=\"https:\/\/oceansignal.com\/sv\/news\/strategier-for-en-sakrare-batsasong-fran-ocean-signal\/\">Strategier f\u00f6r en s\u00e4krare b\u00e5ts\u00e4song<\/a> .<\/p>\n","protected":false},"excerpt":{"rendered":"<p>EDF2: Det ultimata alternativet till traditionella pyrotekniska bloss<\/p>\n<ul>\n<li>L\u00e5ngvarig och kostnadseffektiv \u2013 Inget utg\u00e5ngsdatum, eng\u00e5ngsk\u00f6p och anv\u00e4ndarutbytbara litiumbatterier f\u00f6rl\u00e4nger livsl\u00e4ngden i n\u00f6dsituationer<\/li>\n<li>S\u00e4ker och enkel att anv\u00e4nda \u2013 Inga l\u00e5gor, familjev\u00e4nlig och enkel anv\u00e4ndning f\u00f6r alla anv\u00e4ndare, inklusive barn och f\u00f6rstag\u00e5ngsb\u00e5tare.<\/li>\n<li>\u00d6verl\u00e4gsen sikt \u2013 starkt 360\u00b0 ljus, synligt \u00f6ver 8 miles och \u00f6verskrider RTCM:s driftslivskrav med 50 %.<\/li>\n<li>Vattent\u00e4t och flytande \u2013 R\u00e4ttar sig automatiskt och flyter utan en flytring.<\/li>\n<li>H\u00e5llbar design: Testad enligt till\u00e4mpliga milj\u00f6prestandastandarder relaterade till torr v\u00e4rme, fuktig v\u00e4rme, l\u00e5g temperatur, termisk chock, fall, vibrationer, solstr\u00e5lning, regn och spray, korrosion och EMC (enligt IEC 60945)<\/li>\n<\/ul>\n<p><a href=\"https:\/\/www.dropbox.com\/s\/0ezw0kexbm120vv\/Prop%2065%20-%20Lead%20and%20Lead%20Compounds.pdf?dl=0\">VARNING: PROP 65<\/a><\/p>\n","protected":false},"featured_media":38639,"template":"","meta":{"_acf_changed":false,"om_disable_all_campaigns":false},"product_brand":[],"product_cat":[954,468],"product_tag":[988,958,989],"class_list":{"0":"post-12909","1":"product","2":"type-product","3":"status-publish","4":"has-post-thumbnail","6":"product_cat-elektronisk-signalering-och-flare","7":"product_cat-rescueme-sv","8":"product_tag-edf2-sv","9":"product_tag-elektronisk-flare-sv","10":"product_tag-signaleringsfyr","12":"first","13":"instock","14":"taxable","15":"shipping-taxable","16":"purchasable","17":"product-type-simple"},"acf":[],"yoast_head":"<!-- This site is optimized with the Yoast SEO Premium plugin v25.2 (Yoast SEO v26.4) - https:\/\/yoast.com\/wordpress\/plugins\/seo\/ -->\n<title>rescueME EDF2 Flare - EDF2 Electronic Boat Flare USCG RTCM Godk\u00e4nd Ocean Signal Ocean Signal<\/title>\n<meta name=\"description\" content=\"H\u00e5ll dig s\u00e4ker med Ocean Signal EDF2 elektroniska b\u00e5tbloss, en kraftfull elektronisk n\u00f6dbloss designad f\u00f6r optimal synlighet och tillf\u00f6rlitlighet i n\u00f6dsituationer. Kompakt och h\u00e5llbar, EDF2 \u00e4r det perfekta valet f\u00f6r b\u00e5t\u00e4gare som s\u00f6ker ett s\u00e4krare, milj\u00f6v\u00e4nligt alternativ till traditionella bloss.\" \/>\n<meta name=\"robots\" content=\"index, follow, max-snippet:-1, max-image-preview:large, max-video-preview:-1\" \/>\n<link rel=\"canonical\" href=\"https:\/\/oceansignal.com\/sv\/products\/rescueme-edf2-flare\/\" \/>\n<meta property=\"og:locale\" content=\"sv_SE\" \/>\n<meta property=\"og:type\" content=\"article\" \/>\n<meta property=\"og:title\" content=\"rescueME EDF2 Flare\" \/>\n<meta property=\"og:description\" content=\"H\u00e5ll dig s\u00e4ker med Ocean Signal EDF2 elektroniska b\u00e5tbloss, en kraftfull elektronisk n\u00f6dbloss designad f\u00f6r optimal synlighet och tillf\u00f6rlitlighet i n\u00f6dsituationer. Kompakt och h\u00e5llbar, EDF2 \u00e4r det perfekta valet f\u00f6r b\u00e5t\u00e4gare som s\u00f6ker ett s\u00e4krare, milj\u00f6v\u00e4nligt alternativ till traditionella bloss.\" \/>\n<meta property=\"og:url\" content=\"https:\/\/oceansignal.com\/sv\/products\/rescueme-edf2-flare\/\" \/>\n<meta property=\"og:site_name\" content=\"Ocean Signal\" \/>\n<meta property=\"article:modified_time\" content=\"2025-11-24T16:37:10+00:00\" \/>\n<meta property=\"og:image\" content=\"https:\/\/oceansignal.com\/wp-content\/uploads\/2025\/06\/EDF2-FRONT-e1752085297427.png\" \/>\n\t<meta property=\"og:image:width\" content=\"782\" \/>\n\t<meta property=\"og:image:height\" content=\"782\" \/>\n\t<meta property=\"og:image:type\" content=\"image\/png\" \/>\n<meta name=\"twitter:card\" content=\"summary_large_image\" \/>\n<meta name=\"twitter:label1\" content=\"Ber\u00e4knad l\u00e4stid\" \/>\n\t<meta name=\"twitter:data1\" content=\"6 minuter\" \/>\n<script type=\"application\/ld+json\" class=\"yoast-schema-graph\">{\"@context\":\"https:\/\/schema.org\",\"@graph\":[{\"@type\":\"WebPage\",\"@id\":\"https:\/\/oceansignal.com\/sv\/products\/rescueme-edf2-flare\/\",\"url\":\"https:\/\/oceansignal.com\/sv\/products\/rescueme-edf2-flare\/\",\"name\":\"rescueME EDF2 Flare - EDF2 Electronic Boat Flare USCG RTCM Godk\u00e4nd Ocean Signal Ocean Signal\",\"isPartOf\":{\"@id\":\"https:\/\/oceansignal.com\/sv\/#website\"},\"primaryImageOfPage\":{\"@id\":\"https:\/\/oceansignal.com\/sv\/products\/rescueme-edf2-flare\/#primaryimage\"},\"image\":{\"@id\":\"https:\/\/oceansignal.com\/sv\/products\/rescueme-edf2-flare\/#primaryimage\"},\"thumbnailUrl\":\"https:\/\/oceansignal.com\/wp-content\/uploads\/2024\/10\/EDF2-FRONT_2025.png\",\"datePublished\":\"2024-10-30T20:20:15+00:00\",\"dateModified\":\"2025-11-24T16:37:10+00:00\",\"description\":\"H\u00e5ll dig s\u00e4ker med Ocean Signal EDF2 elektroniska b\u00e5tbloss, en kraftfull elektronisk n\u00f6dbloss designad f\u00f6r optimal synlighet och tillf\u00f6rlitlighet i n\u00f6dsituationer. Kompakt och h\u00e5llbar, EDF2 \u00e4r det perfekta valet f\u00f6r b\u00e5t\u00e4gare som s\u00f6ker ett s\u00e4krare, milj\u00f6v\u00e4nligt alternativ till traditionella bloss.\",\"breadcrumb\":{\"@id\":\"https:\/\/oceansignal.com\/sv\/products\/rescueme-edf2-flare\/#breadcrumb\"},\"inLanguage\":\"sv-SE\",\"potentialAction\":[{\"@type\":\"ReadAction\",\"target\":[\"https:\/\/oceansignal.com\/sv\/products\/rescueme-edf2-flare\/\"]}]},{\"@type\":\"ImageObject\",\"inLanguage\":\"sv-SE\",\"@id\":\"https:\/\/oceansignal.com\/sv\/products\/rescueme-edf2-flare\/#primaryimage\",\"url\":\"https:\/\/oceansignal.com\/wp-content\/uploads\/2024\/10\/EDF2-FRONT_2025.png\",\"contentUrl\":\"https:\/\/oceansignal.com\/wp-content\/uploads\/2024\/10\/EDF2-FRONT_2025.png\",\"width\":1000,\"height\":1000},{\"@type\":\"BreadcrumbList\",\"@id\":\"https:\/\/oceansignal.com\/sv\/products\/rescueme-edf2-flare\/#breadcrumb\",\"itemListElement\":[{\"@type\":\"ListItem\",\"position\":1,\"name\":\"Produkter\",\"item\":\"https:\/\/oceansignal.com\/sv\/produkter\/\"},{\"@type\":\"ListItem\",\"position\":2,\"name\":\"rescueME EDF2 Flare\"}]},{\"@type\":\"WebSite\",\"@id\":\"https:\/\/oceansignal.com\/sv\/#website\",\"url\":\"https:\/\/oceansignal.com\/sv\/\",\"name\":\"Ocean Signal\",\"description\":\"A leading manufacturer of EPIRBs, AIS, SARTs, Personal Locator Beacons, Man Overboard Beacon for the Marine and Outdoor Markets.\",\"potentialAction\":[{\"@type\":\"SearchAction\",\"target\":{\"@type\":\"EntryPoint\",\"urlTemplate\":\"https:\/\/oceansignal.com\/sv\/?s={search_term_string}\"},\"query-input\":{\"@type\":\"PropertyValueSpecification\",\"valueRequired\":true,\"valueName\":\"search_term_string\"}}],\"inLanguage\":\"sv-SE\"}]}<\/script>\n<!-- \/ Yoast SEO Premium plugin. -->","yoast_head_json":{"title":"rescueME EDF2 Flare - EDF2 Electronic Boat Flare USCG RTCM Godk\u00e4nd Ocean Signal Ocean Signal","description":"H\u00e5ll dig s\u00e4ker med Ocean Signal EDF2 elektroniska b\u00e5tbloss, en kraftfull elektronisk n\u00f6dbloss designad f\u00f6r optimal synlighet och tillf\u00f6rlitlighet i n\u00f6dsituationer. Kompakt och h\u00e5llbar, EDF2 \u00e4r det perfekta valet f\u00f6r b\u00e5t\u00e4gare som s\u00f6ker ett s\u00e4krare, milj\u00f6v\u00e4nligt alternativ till traditionella bloss.","robots":{"index":"index","follow":"follow","max-snippet":"max-snippet:-1","max-image-preview":"max-image-preview:large","max-video-preview":"max-video-preview:-1"},"canonical":"https:\/\/oceansignal.com\/sv\/products\/rescueme-edf2-flare\/","og_locale":"sv_SE","og_type":"article","og_title":"rescueME EDF2 Flare","og_description":"H\u00e5ll dig s\u00e4ker med Ocean Signal EDF2 elektroniska b\u00e5tbloss, en kraftfull elektronisk n\u00f6dbloss designad f\u00f6r optimal synlighet och tillf\u00f6rlitlighet i n\u00f6dsituationer. Kompakt och h\u00e5llbar, EDF2 \u00e4r det perfekta valet f\u00f6r b\u00e5t\u00e4gare som s\u00f6ker ett s\u00e4krare, milj\u00f6v\u00e4nligt alternativ till traditionella bloss.","og_url":"https:\/\/oceansignal.com\/sv\/products\/rescueme-edf2-flare\/","og_site_name":"Ocean Signal","article_modified_time":"2025-11-24T16:37:10+00:00","og_image":[{"width":782,"height":782,"url":"https:\/\/oceansignal.com\/wp-content\/uploads\/2025\/06\/EDF2-FRONT-e1752085297427.png","type":"image\/png"}],"twitter_card":"summary_large_image","twitter_misc":{"Ber\u00e4knad l\u00e4stid":"6 minuter"},"schema":{"@context":"https:\/\/schema.org","@graph":[{"@type":"WebPage","@id":"https:\/\/oceansignal.com\/sv\/products\/rescueme-edf2-flare\/","url":"https:\/\/oceansignal.com\/sv\/products\/rescueme-edf2-flare\/","name":"rescueME EDF2 Flare - EDF2 Electronic Boat Flare USCG RTCM Godk\u00e4nd Ocean Signal Ocean Signal","isPartOf":{"@id":"https:\/\/oceansignal.com\/sv\/#website"},"primaryImageOfPage":{"@id":"https:\/\/oceansignal.com\/sv\/products\/rescueme-edf2-flare\/#primaryimage"},"image":{"@id":"https:\/\/oceansignal.com\/sv\/products\/rescueme-edf2-flare\/#primaryimage"},"thumbnailUrl":"https:\/\/oceansignal.com\/wp-content\/uploads\/2024\/10\/EDF2-FRONT_2025.png","datePublished":"2024-10-30T20:20:15+00:00","dateModified":"2025-11-24T16:37:10+00:00","description":"H\u00e5ll dig s\u00e4ker med Ocean Signal EDF2 elektroniska b\u00e5tbloss, en kraftfull elektronisk n\u00f6dbloss designad f\u00f6r optimal synlighet och tillf\u00f6rlitlighet i n\u00f6dsituationer. Kompakt och h\u00e5llbar, EDF2 \u00e4r det perfekta valet f\u00f6r b\u00e5t\u00e4gare som s\u00f6ker ett s\u00e4krare, milj\u00f6v\u00e4nligt alternativ till traditionella bloss.","breadcrumb":{"@id":"https:\/\/oceansignal.com\/sv\/products\/rescueme-edf2-flare\/#breadcrumb"},"inLanguage":"sv-SE","potentialAction":[{"@type":"ReadAction","target":["https:\/\/oceansignal.com\/sv\/products\/rescueme-edf2-flare\/"]}]},{"@type":"ImageObject","inLanguage":"sv-SE","@id":"https:\/\/oceansignal.com\/sv\/products\/rescueme-edf2-flare\/#primaryimage","url":"https:\/\/oceansignal.com\/wp-content\/uploads\/2024\/10\/EDF2-FRONT_2025.png","contentUrl":"https:\/\/oceansignal.com\/wp-content\/uploads\/2024\/10\/EDF2-FRONT_2025.png","width":1000,"height":1000},{"@type":"BreadcrumbList","@id":"https:\/\/oceansignal.com\/sv\/products\/rescueme-edf2-flare\/#breadcrumb","itemListElement":[{"@type":"ListItem","position":1,"name":"Produkter","item":"https:\/\/oceansignal.com\/sv\/produkter\/"},{"@type":"ListItem","position":2,"name":"rescueME EDF2 Flare"}]},{"@type":"WebSite","@id":"https:\/\/oceansignal.com\/sv\/#website","url":"https:\/\/oceansignal.com\/sv\/","name":"Ocean Signal","description":"A leading manufacturer of EPIRBs, AIS, SARTs, Personal Locator Beacons, Man Overboard Beacon for the Marine and Outdoor Markets.","potentialAction":[{"@type":"SearchAction","target":{"@type":"EntryPoint","urlTemplate":"https:\/\/oceansignal.com\/sv\/?s={search_term_string}"},"query-input":{"@type":"PropertyValueSpecification","valueRequired":true,"valueName":"search_term_string"}}],"inLanguage":"sv-SE"}]}},"_links":{"self":[{"href":"https:\/\/oceansignal.com\/sv\/wp-json\/wp\/v2\/product\/12909","targetHints":{"allow":["GET"]}}],"collection":[{"href":"https:\/\/oceansignal.com\/sv\/wp-json\/wp\/v2\/product"}],"about":[{"href":"https:\/\/oceansignal.com\/sv\/wp-json\/wp\/v2\/types\/product"}],"wp:featuredmedia":[{"embeddable":true,"href":"https:\/\/oceansignal.com\/sv\/wp-json\/wp\/v2\/media\/38639"}],"wp:attachment":[{"href":"https:\/\/oceansignal.com\/sv\/wp-json\/wp\/v2\/media?parent=12909"}],"wp:term":[{"taxonomy":"product_brand","embeddable":true,"href":"https:\/\/oceansignal.com\/sv\/wp-json\/wp\/v2\/product_brand?post=12909"},{"taxonomy":"product_cat","embeddable":true,"href":"https:\/\/oceansignal.com\/sv\/wp-json\/wp\/v2\/product_cat?post=12909"},{"taxonomy":"product_tag","embeddable":true,"href":"https:\/\/oceansignal.com\/sv\/wp-json\/wp\/v2\/product_tag?post=12909"}],"curies":[{"name":"wp","href":"https:\/\/api.w.org\/{rel}","templated":true}]}}