{"id":12911,"date":"2024-11-12T19:50:16","date_gmt":"2024-11-12T19:50:16","guid":{"rendered":"https:\/\/oceansignal.com\/products\/safesea-m200\/"},"modified":"2026-02-17T15:46:46","modified_gmt":"2026-02-17T15:46:46","slug":"safesea-m200","status":"publish","type":"product","link":"https:\/\/oceansignal.com\/sv\/products\/safesea-m200\/","title":{"rendered":"safeSEA M200"},"content":{"rendered":"<p class=\"ai-optimize-36 ai-optimize-introduction\"><em>Vill du l\u00e4ra dig mer om det senaste inom klass M-kraven f\u00f6r AIS MOB ?  <a href=\"https:\/\/oceansignal.com\/sv\/news\/forsta-effekten-av-ais-klass-m-forordningen-pa-mobs\/\">Klicka h\u00e4r<\/a><\/em><\/p>\n<p class=\"ai-optimize-37\"><em>Endast f\u00f6r USA: Denna enhet har inte auktoriserats enligt reglerna fr\u00e5n Federal Communications Commission. Denna enhet \u00e4r inte, och f\u00e5r inte, erbjudas till f\u00f6rs\u00e4ljning eller leasing, eller s\u00e4ljas eller leasas, f\u00f6rr\u00e4n auktorisation har erh\u00e5llits. Godk\u00e4nd f\u00f6r f\u00f6rs\u00e4ljning i l\u00e4nder som har antagit f\u00f6rordning ECC\/DEC\/(22)02.  <\/em><\/p>\n<p class=\"ai-optimize-38\"><em><a href=\"https:\/\/www.dropbox.com\/s\/8343nj28z0d7bxa\/Prop%2065%20-%20BPA.pdf?dl=0\">VARNING: PROP 65<\/a><\/em><\/p>\n<h3 class=\"ai-optimize-39\">Sammanfattning<\/h3>\n<p class=\"ai-optimize-40\">Designad f\u00f6r att m\u00f6ta behoven hos b\u00e5de fritidsb\u00e5tf\u00f6rare och den professionella marina marknaden och dess offshore-arbetare, M200 kan monteras p\u00e5 en flytv\u00e4st och aktiveras automatiskt n\u00e4r jackan bl\u00e5ses upp. M200 har flera metoder f\u00f6r n\u00f6dlarm och har dubbla infrar\u00f6d-vita blixtljus och s\u00e4nder via AIS, DSC och 121,5 MHz f\u00f6r att underl\u00e4tta r\u00e4ddningsinsatser och d\u00e4rigenom maximera r\u00e4ddningshastigheten och effektiviteten. I enlighet med AIS Class M-f\u00f6rordningen \u00e4r M200 en Class M DSC (Digital Selective Calling) MOB -enhet som har en h\u00e5llbar design med en formfaktor som \u00e4r l\u00e4mpligtvis mindre \u00e4n andra j\u00e4mf\u00f6rbara modeller.  <\/p>\n<p class=\"ai-optimize-41\">Med utg\u00e5ngspunkt i den bepr\u00f6vade k\u00e4rnarkitekturen fr\u00e5n sin f\u00f6reg\u00e5ngare, f\u00f6rblir safeSEA M200 AIS trogen Ocean Signal k\u00e4rndesignprinciper och \u00e5stadkommer en imponerande bedrift genom att kombinera ytterligare funktioner i en \u00e4nnu mer kompakt formfaktor. M200 uppfyller reglerna ECC\/DEC\/(22)02, \u00e4ven k\u00e4nd som AIS Class M Regulation, och inkluderar en DSC (Digital Selective Calling)-mottagare som anv\u00e4nds f\u00f6r att stoppa MOB fr\u00e5n att forts\u00e4tta att skicka DSC-meddelanden \u00f6ver DSC-kanalen n\u00e4r en n\u00f6dsignal har kvitterats. Inkluderandet av dubbla infrar\u00f6d-vita blixtljus i kombination med n\u00f6dlarm via AIS, DSC och 121,5 MHz m\u00f6jligg\u00f6r maximal detektering av r\u00e4ddningstj\u00e4nsten.  <\/p>\n<p class=\"ai-optimize-42\"><strong>Hur det fungerar<\/strong><\/p>\n<p class=\"ai-optimize-43\">Vid aktivering b\u00f6rjar safeSEA M200 AIS s\u00e4nda 121,5 MHz m\u00e5ls\u00f6kningssignalen och sedan kommer den f\u00f6rsta individuella n\u00f6dan att s\u00e4ndas inom 15 sekunder. M200 skickar 8 AIS-meddelanden per minut och n\u00e4r en GNSS-fix har erh\u00e5llits inkluderar varje sekvens av 8 AIS-meddelanden GNSS-koordinater f\u00f6r att varna r\u00e4ddare om din exakta plats. M200 har \u00e4ven m\u00f6jlighet att skicka olika typer av DSC-meddelanden*. Typen av DSC-meddelande(n) som s\u00e4nds (individuellt n\u00f6danrop, gruppanrop eller n\u00f6dlarm f\u00f6r alla fartyg) dikteras av specifika best\u00e4mmelser per land.   <\/p>\n<p class=\"ai-optimize-44\"><strong>App ansluten<\/strong><\/p>\n<p class=\"ai-optimize-45\">Med inkluderandet av Near Field Communication-teknik (NFC) startar Ocean Signal Product App automatiskt n\u00e4r du placerar din telefon n\u00e4ra beacon, vilket ger dig tillg\u00e5ng till en rad anv\u00e4ndningsdata. Anv\u00e4ndarspecifika data som ett fartygs MMSI kan matas in i M200 samtidigt som det \u00e4r enkelt att visa viktig information som batteritid och sj\u00e4lvtesthistorik. Anv\u00e4ndningen av NFC s\u00e4kerst\u00e4ller ocks\u00e5 att den interna batteritiden maximeras av s\u00e4kerhetssk\u00e4l.  <\/p>\n<p class=\"ai-optimize-46\"><strong>Integrering med flytv\u00e4st<\/strong><\/p>\n<p class=\"ai-optimize-47\">safeSEA M200 AIS kan aktiveras manuellt eller automatiskt n\u00e4r den installeras i en uppbl\u00e5sbar flytv\u00e4st som automatiskt bl\u00e5ses upp. Installationen g\u00f6rs enkel med hj\u00e4lp av den medf\u00f6ljande orala uppbl\u00e5sningsslangkl\u00e4mman f\u00f6r att f\u00e4sta M200 p\u00e5 flytv\u00e4sten i kombination med aktiveringstejpen som \u00e4r ansluten runt bl\u00e5san p\u00e5 flytv\u00e4sten**. N\u00e4r den v\u00e4l har installerats korrekt utl\u00f6ser verkan av bl\u00e5sans bl\u00e5sa i flytv\u00e4sten utl\u00f6sningen av antennen och aktivering av fyren.  <\/p>\n<p class=\"ai-optimize-48\">* DSC-funktioner \u00e4r f\u00f6rem\u00e5l f\u00f6r landets regler.<\/p>\n<p class=\"ai-optimize-49\"><strong>** <i data-olk-copy-source=\"MailCompose\">Det rekommenderas att r\u00e5dfr\u00e5ga flytv\u00e4sttillverkaren f\u00f6re installation, eftersom specifika modeller kan ha sina egna f\u00f6redragna monteringsmetoder eller integrationsrekommendationer.<\/i><\/strong><\/p>\n<p>&nbsp;<\/p>\n<p class=\"ai-optimize-50\"><strong>Funktioner och f\u00f6rdelar med Ocean Signal safeSEA M200 AIS:<\/strong><\/p>\n<ul>\n<li class=\"ai-optimize-51\">AIS (Automatiskt identifieringssystem)<\/li>\n<li class=\"ai-optimize-52\">Klass M-kompatibel (f\u00f6rordning ECC\/DEC\/(22)02)<\/li>\n<li class=\"ai-optimize-53\">Integrerad Tx- och Rx DSC-s\u00e4ndtagare (Digital Selective Calling) *<\/li>\n<li class=\"ai-optimize-54\">Lysdioder verifierar mottagning av DSC-n\u00f6dsignal<\/li>\n<li class=\"ai-optimize-55\">20 % (typ) mindre \u00e4n konkurrenterna<\/li>\n<li class=\"ai-optimize-56\">GNSS via GPS och Galileo<\/li>\n<li class=\"ai-optimize-57\">Snabb exakt positionering<\/li>\n<li class=\"ai-optimize-58\">121,5 MHz referenssignal<\/li>\n<li class=\"ai-optimize-59\">IR och vita stroboskopljus<\/li>\n<li class=\"ai-optimize-60\">Lysdioder verifierar mottagning av DSC-n\u00f6dsignal<\/li>\n<li class=\"ai-optimize-61\">Automatisk aktivering<\/li>\n<li class=\"ai-optimize-62\">Enkel integrering av flytv\u00e4st**<\/li>\n<li class=\"ai-optimize-63\">5 \u00e5rs batteritid<\/li>\n<li class=\"ai-optimize-64\">12+ timmars livsl\u00e4ngd<\/li>\n<li class=\"ai-optimize-65\">2 \u00e5rs garanti<\/li>\n<li class=\"ai-optimize-66\">Integrerad NFC (Near Field Communication)<\/li>\n<li class=\"ai-optimize-67\">Smartphone-anslutning via NFC<\/li>\n<li class=\"ai-optimize-68\">Ocean Signal Mobile App (IOS och Android)<\/li>\n<\/ul>\n<p>&nbsp;<\/p>\n<p class=\"ai-optimize-69\"><strong><em>Kompatibilitet:<\/em><\/strong><em>  De flesta moderna AIS-plotter och DSC VHF uppfyller de standarder som kr\u00e4vs f\u00f6r att ta emot MOB -s\u00e4ndningar. Det rekommenderas dock, s\u00e4rskilt om du anv\u00e4nder \u00e4ldre utrustning, att du kontrollerar kompatibiliteten med utrustningstillverkaren. <\/em><\/p>\n<p class=\"ai-optimize-70\">Vill du l\u00e4ra dig mer om det senaste inom klass M-kraven f\u00f6r AIS MOB ?  <a href=\"https:\/\/oceansignal.com\/sv\/news\/forsta-effekten-av-ais-klass-m-forordningen-pa-mobs\/\">Klicka h\u00e4r<\/a><\/p>\n<p>&nbsp;<\/p>\n","protected":false},"excerpt":{"rendered":"<div class=\"flex max-w-full flex-col flex-grow\">\n<div class=\"min-h-8 text-message relative flex w-full flex-col items-end gap-2 whitespace-normal break-words text-start [.text-message+&amp;]:mt-5\" dir=\"auto\" data-message-author-role=\"assistant\" data-message-id=\"933cc1c1-b547-4ddb-bf48-2e55b6592f46\" data-message-model-slug=\"gpt-4o\">\n<div class=\"flex w-full flex-col gap-1 empty:hidden first:pt-[3px]\">\n<div class=\"markdown prose w-full break-words dark:prose-invert light\">\n<ul data-start=\"81\" data-end=\"826\" data-is-last-node=\"\" data-is-only-node=\"\">\n<li class=\"\" data-start=\"81\" data-end=\"235\">\n<p class=\"\" data-start=\"83\" data-end=\"235\"><strong data-start=\"83\" data-end=\"112\">Avancerad AIS MOB -varning<\/strong> \u2013 Klass M-kompatibel (ECC\/DEC\/(22)02) med AIS, DSC och 121,5 MHz n\u00f6dsignalering f\u00f6r maximal synlighet f\u00f6r r\u00e4ddare.<\/p>\n<\/li>\n<li class=\"\" data-start=\"236\" data-end=\"387\">\n<p class=\"\" data-start=\"238\" data-end=\"387\"><strong data-start=\"238\" data-end=\"275\">Snabb och exakt platssp\u00e5rning<\/strong> \u2013 Skickar 8 AIS-meddelanden per minut med exakt GNSS-positionering (GPS &amp; Galileo) f\u00f6r snabb n\u00f6drespons.<\/p>\n<\/li>\n<li class=\"\" data-start=\"388\" data-end=\"530\">\n<p class=\"\" data-start=\"390\" data-end=\"530\"><strong data-start=\"390\" data-end=\"417\">Integrerad DSC-mottagare<\/strong> \u2013 Stoppar n\u00f6dlarm n\u00e4r de har bekr\u00e4ftats, vilket minskar on\u00f6diga s\u00e4ndningar och f\u00f6rb\u00e4ttrar s\u00f6keffektiviteten.<\/p>\n<\/li>\n<li class=\"\" data-start=\"531\" data-end=\"678\">\n<p class=\"\" data-start=\"533\" data-end=\"678\"><strong data-start=\"533\" data-end=\"568\">S\u00f6ml\u00f6s flytv\u00e4st-integration<\/strong> \u2013 Automatisk eller manuell aktivering n\u00e4r den installeras i en uppbl\u00e5sbar flytv\u00e4st, vilket s\u00e4kerst\u00e4ller handsfree-drift.<\/p>\n<\/li>\n<li class=\"\" data-start=\"679\" data-end=\"826\">\n<p class=\"\" data-start=\"681\" data-end=\"826\"><strong data-start=\"681\" data-end=\"708\">Smartphone-anslutning<\/strong> \u2013 NFC-aktiverad f\u00f6r enkel \u00e5tkomst till batteristatus, sj\u00e4lvtesthistorik och MMSI-inst\u00e4llningar via Ocean Signal Mobile App.<\/p>\n<\/li>\n<li data-start=\"679\" data-end=\"826\">Eng\u00e5ngsk\u00f6p utan m\u00e5nadsabonnemang<\/li>\n<\/ul>\n<\/div>\n<\/div>\n<\/div>\n<\/div>\n","protected":false},"featured_media":12408,"template":"","meta":{"_acf_changed":false,"om_disable_all_campaigns":false},"product_brand":[],"product_cat":[382,1984,955,326],"product_tag":[],"class_list":{"0":"post-12911","1":"product","2":"type-product","3":"status-publish","4":"has-post-thumbnail","6":"product_cat-ais-sv-2","7":"product_cat-kompatibel-med-flytvast","8":"product_cat-man-overbord","9":"product_cat-safesea-sv","11":"first","12":"instock","13":"taxable","14":"shipping-taxable","15":"purchasable","16":"product-type-simple"},"acf":[],"yoast_head":"<!-- This site is optimized with the Yoast SEO Premium plugin v25.2 (Yoast SEO v26.4) - https:\/\/yoast.com\/wordpress\/plugins\/seo\/ -->\n<title>safeSEA M200 - Ocean Signal<\/title>\n<meta name=\"description\" content=\"Ocean Signal safeSEA M200 AIS Man Overboard Beacon maximerar chanserna till r\u00e4ddning med sina 3 metoder f\u00f6r n\u00f6ds\u00e4ndningar - AIS, DSC och 121,5 MHz\" \/>\n<meta name=\"robots\" content=\"index, follow, max-snippet:-1, max-image-preview:large, max-video-preview:-1\" \/>\n<link rel=\"canonical\" href=\"https:\/\/oceansignal.com\/sv\/products\/safesea-m200\/\" \/>\n<meta property=\"og:locale\" content=\"sv_SE\" \/>\n<meta property=\"og:type\" content=\"article\" \/>\n<meta property=\"og:title\" content=\"safeSEA M200\" \/>\n<meta property=\"og:description\" content=\"Ocean Signal safeSEA M200 AIS Man Overboard Beacon maximerar chanserna till r\u00e4ddning med sina 3 metoder f\u00f6r n\u00f6ds\u00e4ndningar - AIS, DSC och 121,5 MHz\" \/>\n<meta property=\"og:url\" content=\"https:\/\/oceansignal.com\/sv\/products\/safesea-m200\/\" \/>\n<meta property=\"og:site_name\" content=\"Ocean Signal\" \/>\n<meta property=\"article:modified_time\" content=\"2026-02-17T15:46:46+00:00\" \/>\n<meta property=\"og:image\" content=\"https:\/\/oceansignal.com\/wp-content\/uploads\/2024\/11\/M200-Front.png\" \/>\n\t<meta property=\"og:image:width\" content=\"800\" \/>\n\t<meta property=\"og:image:height\" content=\"800\" \/>\n\t<meta property=\"og:image:type\" content=\"image\/png\" \/>\n<meta name=\"twitter:card\" content=\"summary_large_image\" \/>\n<meta name=\"twitter:label1\" content=\"Ber\u00e4knad l\u00e4stid\" \/>\n\t<meta name=\"twitter:data1\" content=\"4 minuter\" \/>\n<script type=\"application\/ld+json\" class=\"yoast-schema-graph\">{\"@context\":\"https:\/\/schema.org\",\"@graph\":[{\"@type\":\"WebPage\",\"@id\":\"https:\/\/oceansignal.com\/sv\/products\/safesea-m200\/\",\"url\":\"https:\/\/oceansignal.com\/sv\/products\/safesea-m200\/\",\"name\":\"safeSEA M200 - Ocean Signal\",\"isPartOf\":{\"@id\":\"https:\/\/oceansignal.com\/sv\/#website\"},\"primaryImageOfPage\":{\"@id\":\"https:\/\/oceansignal.com\/sv\/products\/safesea-m200\/#primaryimage\"},\"image\":{\"@id\":\"https:\/\/oceansignal.com\/sv\/products\/safesea-m200\/#primaryimage\"},\"thumbnailUrl\":\"https:\/\/oceansignal.com\/wp-content\/uploads\/2024\/11\/M200-Front.png\",\"datePublished\":\"2024-11-12T19:50:16+00:00\",\"dateModified\":\"2026-02-17T15:46:46+00:00\",\"description\":\"Ocean Signal safeSEA M200 AIS Man Overboard Beacon maximerar chanserna till r\u00e4ddning med sina 3 metoder f\u00f6r n\u00f6ds\u00e4ndningar - AIS, DSC och 121,5 MHz\",\"breadcrumb\":{\"@id\":\"https:\/\/oceansignal.com\/sv\/products\/safesea-m200\/#breadcrumb\"},\"inLanguage\":\"sv-SE\",\"potentialAction\":[{\"@type\":\"ReadAction\",\"target\":[\"https:\/\/oceansignal.com\/sv\/products\/safesea-m200\/\"]}]},{\"@type\":\"ImageObject\",\"inLanguage\":\"sv-SE\",\"@id\":\"https:\/\/oceansignal.com\/sv\/products\/safesea-m200\/#primaryimage\",\"url\":\"https:\/\/oceansignal.com\/wp-content\/uploads\/2024\/11\/M200-Front.png\",\"contentUrl\":\"https:\/\/oceansignal.com\/wp-content\/uploads\/2024\/11\/M200-Front.png\",\"width\":800,\"height\":800},{\"@type\":\"BreadcrumbList\",\"@id\":\"https:\/\/oceansignal.com\/sv\/products\/safesea-m200\/#breadcrumb\",\"itemListElement\":[{\"@type\":\"ListItem\",\"position\":1,\"name\":\"Produkter\",\"item\":\"https:\/\/oceansignal.com\/sv\/produkter\/\"},{\"@type\":\"ListItem\",\"position\":2,\"name\":\"safeSEA M200\"}]},{\"@type\":\"WebSite\",\"@id\":\"https:\/\/oceansignal.com\/sv\/#website\",\"url\":\"https:\/\/oceansignal.com\/sv\/\",\"name\":\"Ocean Signal\",\"description\":\"A leading manufacturer of EPIRBs, AIS, SARTs, Personal Locator Beacons, Man Overboard Beacon for the Marine and Outdoor Markets.\",\"potentialAction\":[{\"@type\":\"SearchAction\",\"target\":{\"@type\":\"EntryPoint\",\"urlTemplate\":\"https:\/\/oceansignal.com\/sv\/?s={search_term_string}\"},\"query-input\":{\"@type\":\"PropertyValueSpecification\",\"valueRequired\":true,\"valueName\":\"search_term_string\"}}],\"inLanguage\":\"sv-SE\"}]}<\/script>\n<!-- \/ Yoast SEO Premium plugin. -->","yoast_head_json":{"title":"safeSEA M200 - Ocean Signal","description":"Ocean Signal safeSEA M200 AIS Man Overboard Beacon maximerar chanserna till r\u00e4ddning med sina 3 metoder f\u00f6r n\u00f6ds\u00e4ndningar - AIS, DSC och 121,5 MHz","robots":{"index":"index","follow":"follow","max-snippet":"max-snippet:-1","max-image-preview":"max-image-preview:large","max-video-preview":"max-video-preview:-1"},"canonical":"https:\/\/oceansignal.com\/sv\/products\/safesea-m200\/","og_locale":"sv_SE","og_type":"article","og_title":"safeSEA M200","og_description":"Ocean Signal safeSEA M200 AIS Man Overboard Beacon maximerar chanserna till r\u00e4ddning med sina 3 metoder f\u00f6r n\u00f6ds\u00e4ndningar - AIS, DSC och 121,5 MHz","og_url":"https:\/\/oceansignal.com\/sv\/products\/safesea-m200\/","og_site_name":"Ocean Signal","article_modified_time":"2026-02-17T15:46:46+00:00","og_image":[{"width":800,"height":800,"url":"https:\/\/oceansignal.com\/wp-content\/uploads\/2024\/11\/M200-Front.png","type":"image\/png"}],"twitter_card":"summary_large_image","twitter_misc":{"Ber\u00e4knad l\u00e4stid":"4 minuter"},"schema":{"@context":"https:\/\/schema.org","@graph":[{"@type":"WebPage","@id":"https:\/\/oceansignal.com\/sv\/products\/safesea-m200\/","url":"https:\/\/oceansignal.com\/sv\/products\/safesea-m200\/","name":"safeSEA M200 - Ocean Signal","isPartOf":{"@id":"https:\/\/oceansignal.com\/sv\/#website"},"primaryImageOfPage":{"@id":"https:\/\/oceansignal.com\/sv\/products\/safesea-m200\/#primaryimage"},"image":{"@id":"https:\/\/oceansignal.com\/sv\/products\/safesea-m200\/#primaryimage"},"thumbnailUrl":"https:\/\/oceansignal.com\/wp-content\/uploads\/2024\/11\/M200-Front.png","datePublished":"2024-11-12T19:50:16+00:00","dateModified":"2026-02-17T15:46:46+00:00","description":"Ocean Signal safeSEA M200 AIS Man Overboard Beacon maximerar chanserna till r\u00e4ddning med sina 3 metoder f\u00f6r n\u00f6ds\u00e4ndningar - AIS, DSC och 121,5 MHz","breadcrumb":{"@id":"https:\/\/oceansignal.com\/sv\/products\/safesea-m200\/#breadcrumb"},"inLanguage":"sv-SE","potentialAction":[{"@type":"ReadAction","target":["https:\/\/oceansignal.com\/sv\/products\/safesea-m200\/"]}]},{"@type":"ImageObject","inLanguage":"sv-SE","@id":"https:\/\/oceansignal.com\/sv\/products\/safesea-m200\/#primaryimage","url":"https:\/\/oceansignal.com\/wp-content\/uploads\/2024\/11\/M200-Front.png","contentUrl":"https:\/\/oceansignal.com\/wp-content\/uploads\/2024\/11\/M200-Front.png","width":800,"height":800},{"@type":"BreadcrumbList","@id":"https:\/\/oceansignal.com\/sv\/products\/safesea-m200\/#breadcrumb","itemListElement":[{"@type":"ListItem","position":1,"name":"Produkter","item":"https:\/\/oceansignal.com\/sv\/produkter\/"},{"@type":"ListItem","position":2,"name":"safeSEA M200"}]},{"@type":"WebSite","@id":"https:\/\/oceansignal.com\/sv\/#website","url":"https:\/\/oceansignal.com\/sv\/","name":"Ocean Signal","description":"A leading manufacturer of EPIRBs, AIS, SARTs, Personal Locator Beacons, Man Overboard Beacon for the Marine and Outdoor Markets.","potentialAction":[{"@type":"SearchAction","target":{"@type":"EntryPoint","urlTemplate":"https:\/\/oceansignal.com\/sv\/?s={search_term_string}"},"query-input":{"@type":"PropertyValueSpecification","valueRequired":true,"valueName":"search_term_string"}}],"inLanguage":"sv-SE"}]}},"_links":{"self":[{"href":"https:\/\/oceansignal.com\/sv\/wp-json\/wp\/v2\/product\/12911","targetHints":{"allow":["GET"]}}],"collection":[{"href":"https:\/\/oceansignal.com\/sv\/wp-json\/wp\/v2\/product"}],"about":[{"href":"https:\/\/oceansignal.com\/sv\/wp-json\/wp\/v2\/types\/product"}],"wp:featuredmedia":[{"embeddable":true,"href":"https:\/\/oceansignal.com\/sv\/wp-json\/wp\/v2\/media\/12408"}],"wp:attachment":[{"href":"https:\/\/oceansignal.com\/sv\/wp-json\/wp\/v2\/media?parent=12911"}],"wp:term":[{"taxonomy":"product_brand","embeddable":true,"href":"https:\/\/oceansignal.com\/sv\/wp-json\/wp\/v2\/product_brand?post=12911"},{"taxonomy":"product_cat","embeddable":true,"href":"https:\/\/oceansignal.com\/sv\/wp-json\/wp\/v2\/product_cat?post=12911"},{"taxonomy":"product_tag","embeddable":true,"href":"https:\/\/oceansignal.com\/sv\/wp-json\/wp\/v2\/product_tag?post=12911"}],"curies":[{"name":"wp","href":"https:\/\/api.w.org\/{rel}","templated":true}]}}