{"id":28552,"date":"2025-05-22T10:05:48","date_gmt":"2025-05-22T10:05:48","guid":{"rendered":"https:\/\/oceansignal.com\/products\/ocean-signal-barvaska\/"},"modified":"2025-07-24T15:11:40","modified_gmt":"2025-07-24T15:11:40","slug":"ocean-signal-barvaska","status":"publish","type":"product","link":"https:\/\/oceansignal.com\/sv\/products\/ocean-signal-barvaska\/","title":{"rendered":"Ocean Signal b\u00e4rv\u00e4ska"},"content":{"rendered":"<h3 data-start=\"3285\" data-end=\"3337\"><strong data-start=\"3292\" data-end=\"3337\"><img loading=\"lazy\" decoding=\"async\" class=\"alignnone size-full wp-image-32359\" src=\"https:\/\/oceansignal.com\/wp-content\/uploads\/2025\/07\/View-New-Safety-Kits.png\" alt=\"\" width=\"300\" height=\"75\" srcset=\"https:\/\/oceansignal.com\/wp-content\/uploads\/2025\/07\/View-New-Safety-Kits.png 300w, https:\/\/oceansignal.com\/wp-content\/uploads\/2025\/07\/View-New-Safety-Kits-60x15.png 60w, https:\/\/oceansignal.com\/wp-content\/uploads\/2025\/07\/View-New-Safety-Kits-110x28.png 110w\" sizes=\"auto, (max-width: 300px) 100vw, 300px\" \/><\/strong><\/h3>\n<p><b><span data-contrast=\"auto\">Ocean Signal gripv\u00e4ska \u2013 specialbyggd f\u00f6r s\u00e4kerhet till sj\u00f6ss<\/span><\/b><span data-ccp-props=\"{}\"> <\/span><\/p>\n<p><span data-contrast=\"auto\">N\u00e4r n\u00f6dsituationer intr\u00e4ffar till havs r\u00e4knas varje sekund. Ocean Signal Grab Bag \u00e4r specialbyggd f\u00f6r att hj\u00e4lpa dig att h\u00e5lla dig f\u00f6rberedd och reagera snabbt, vilket ger dig en s\u00e4ker och l\u00e4ttillg\u00e4nglig plats att f\u00f6rvara din viktiga s\u00e4kerhetsutrustning. Oavsett om du \u00e4r en kustkryssare eller \u00e4r p\u00e5 v\u00e4g till havs, kan en s\u00e4rskild gripv\u00e4ska vara skillnaden mellan panik och beredskap.  <\/span><span data-ccp-props=\"{}\"> <\/span><\/p>\n<p><span data-contrast=\"auto\">Ocean Signal Grab Bag \u00e4r designad i samarbete mellan Ocean Signal Engineering-teamet och en professionell seglare och v\u00e4skdesigner baserad i Southampton, Storbritannien, och \u00e4r formad genom verkliga erfarenheter. Den \u00e4r tillr\u00e4ckligt kompakt f\u00f6r att f\u00f6rvaras i de tr\u00e5ngaste utrymmena ombord men tillr\u00e4ckligt rymlig f\u00f6r att b\u00e4ra din viktiga n\u00f6dutrustning \u2013 EPIRB, PLB, VHF-radio, facklor och mer. <\/span><span data-ccp-props=\"{}\"> <\/span><\/p>\n<p><b><span data-contrast=\"auto\">Varf\u00f6r du beh\u00f6ver en b\u00e4rkasse:<\/span><\/b><br \/>\n<span data-contrast=\"auto\">I en n\u00f6dsituation \u2013 som brand, \u00f6versv\u00e4mning eller om n\u00e5gon \u00f6verges \u2013 har du inte tid att t\u00e4nka p\u00e5 vad du ska ta med dig. Med en ordentligt fylld gripv\u00e4ska \u00e4r dina n\u00f6dv\u00e4ndigheter redan packade och redo. Den \u00e4r din livlina n\u00e4r allt annat g\u00e5r fel.  <\/span><span data-ccp-props=\"{}\"> <\/span><\/p>\n<p><b><span data-contrast=\"auto\">Funktioner:<\/span><\/b><span data-ccp-props=\"{}\"> <\/span><\/p>\n<ul>\n<li data-leveltext=\"\uf0b7\" data-font=\"Symbol\" data-listid=\"2\" data-list-defn-props=\"{\"335552541\":1,\"335559685\":720,\"335559991\":360,\"469769226\":\"Symbol\",\"469769242\":[8226],\"469777803\":\"left\",\"469777804\":\"\uf0b7\",\"469777815\":\"multilevel\"}\" data-aria-posinset=\"1\" data-aria-level=\"1\"><b><span data-contrast=\"auto\">Rymligt huvudfack<\/span><\/b> <span data-contrast=\"auto\">\u2013 med 9 liters inv\u00e4ndig kapacitet \u2013 det stora inv\u00e4ndiga utrymmet f\u00f6r viktiga saker som facklor, matransoner, skyddsv\u00e4skor, f\u00f6rsta hj\u00e4lpen och mer.<\/span><span data-ccp-props=\"{}\"> <\/span><\/li>\n<\/ul>\n<ul>\n<li data-leveltext=\"\uf0b7\" data-font=\"Symbol\" data-listid=\"2\" data-list-defn-props=\"{\"335552541\":1,\"335559685\":720,\"335559991\":360,\"469769226\":\"Symbol\",\"469769242\":[8226],\"469777803\":\"left\",\"469777804\":\"\uf0b7\",\"469777815\":\"multilevel\"}\" data-aria-posinset=\"2\" data-aria-level=\"1\"><b><span data-contrast=\"auto\">Intern f\u00e4stskena \u2013<\/span><\/b> <span data-contrast=\"auto\">m\u00f6jligg\u00f6r fasts\u00e4ttning av viktiga f\u00f6rem\u00e5l med hj\u00e4lp av snodd eller karbinhake,<\/span> <span data-ccp-props=\"{}\"> <\/span><\/li>\n<\/ul>\n<ul>\n<li data-leveltext=\"\uf0b7\" data-font=\"Symbol\" data-listid=\"2\" data-list-defn-props=\"{\"335552541\":1,\"335559685\":720,\"335559991\":360,\"469769226\":\"Symbol\",\"469769242\":[8226],\"469777803\":\"left\",\"469777804\":\"\uf0b7\",\"469777815\":\"multilevel\"}\" data-aria-posinset=\"3\" data-aria-level=\"1\"><b><span data-contrast=\"auto\">2 utv\u00e4ndiga fickor<\/span><\/b> <span data-contrast=\"auto\">\u2013 Utformade f\u00f6r att s\u00e4kert passa EPIRB eller VHF-radio av alla storlekar<\/span><span data-ccp-props=\"{}\"> <\/span><\/li>\n<\/ul>\n<ul>\n<li data-leveltext=\"\uf0b7\" data-font=\"Symbol\" data-listid=\"2\" data-list-defn-props=\"{\"335552541\":1,\"335559685\":720,\"335559991\":360,\"469769226\":\"Symbol\",\"469769242\":[8226],\"469777803\":\"left\",\"469777804\":\"\uf0b7\",\"469777815\":\"multilevel\"}\" data-aria-posinset=\"4\" data-aria-level=\"1\"><b><span data-contrast=\"auto\">Kompakta och praktiska m\u00e5tt<\/span><\/b> <span data-contrast=\"auto\">\u2013 B42 cm x H29 cm x D17 cm n\u00e4r den \u00e4r st\u00e4ngd; passar enkelt i sm\u00e5 sk\u00e5p och under s\u00e4ten.<\/span><span data-ccp-props=\"{}\"> <\/span><\/li>\n<\/ul>\n<ul>\n<li data-leveltext=\"\uf0b7\" data-font=\"Symbol\" data-listid=\"2\" data-list-defn-props=\"{\"335552541\":1,\"335559685\":720,\"335559991\":360,\"469769226\":\"Symbol\",\"469769242\":[8226],\"469777803\":\"left\",\"469777804\":\"\uf0b7\",\"469777815\":\"multilevel\"}\" data-aria-posinset=\"5\" data-aria-level=\"1\"><b><span data-contrast=\"auto\">Vattent\u00e5lig och l\u00e4tt<\/span><\/b> <span data-contrast=\"auto\">\u2013 Tillverkad f\u00f6r att klara tuffa marina f\u00f6rh\u00e5llanden och enkel att b\u00e4ra till livflotten.<\/span><\/li>\n<\/ul>\n<ul>\n<li data-leveltext=\"\uf0b7\" data-font=\"Symbol\" data-listid=\"2\" data-list-defn-props=\"{\"335552541\":1,\"335559685\":720,\"335559991\":360,\"469769226\":\"Symbol\",\"469769242\":[8226],\"469777803\":\"left\",\"469777804\":\"\uf0b7\",\"469777815\":\"multilevel\"}\" data-aria-posinset=\"6\" data-aria-level=\"1\"><b><span data-contrast=\"auto\">Ljust, avtorkningsbart utsida<\/span><\/b> <span data-contrast=\"auto\">\u2013 Synligt material motst\u00e5r m\u00f6gel och \u00e4r l\u00e4tt att reng\u00f6ra.<\/span><span data-ccp-props=\"{}\"> <\/span><\/li>\n<\/ul>\n<ul>\n<li data-leveltext=\"\uf0b7\" data-font=\"Symbol\" data-listid=\"2\" data-list-defn-props=\"{\"335552541\":1,\"335559685\":720,\"335559991\":360,\"469769226\":\"Symbol\",\"469769242\":[8226],\"469777803\":\"left\",\"469777804\":\"\uf0b7\",\"469777815\":\"multilevel\"}\" data-aria-posinset=\"7\" data-aria-level=\"1\"><b><span data-contrast=\"auto\">SOLAS-godk\u00e4nd reflextejp<\/span><\/b> <span data-contrast=\"auto\">\u2013 F\u00f6rb\u00e4ttrar synligheten i svagt ljus eller vid r\u00e4ddningssituationer.<\/span><span data-ccp-props=\"{}\"> <\/span><\/li>\n<\/ul>\n<ul>\n<li data-leveltext=\"\uf0b7\" data-font=\"Symbol\" data-listid=\"2\" data-list-defn-props=\"{\"335552541\":1,\"335559685\":720,\"335559991\":360,\"469769226\":\"Symbol\",\"469769242\":[8226],\"469777803\":\"left\",\"469777804\":\"\uf0b7\",\"469777815\":\"multilevel\"}\" data-aria-posinset=\"8\" data-aria-level=\"1\"><b><span data-contrast=\"auto\">Flytande konstruktion<\/span><\/b> <span data-contrast=\"auto\">\u2013 H\u00e5ller utrustningen flytande om den tappas eller s\u00e4nks ner i vattnet.<\/span><span data-ccp-props=\"{}\"> <\/span><\/li>\n<\/ul>\n<ul>\n<li data-leveltext=\"\uf0b7\" data-font=\"Symbol\" data-listid=\"2\" data-list-defn-props=\"{\"335552541\":1,\"335559685\":720,\"335559991\":360,\"469769226\":\"Symbol\",\"469769242\":[8226],\"469777803\":\"left\",\"469777804\":\"\uf0b7\",\"469777815\":\"multilevel\"}\" data-aria-posinset=\"9\" data-aria-level=\"1\"><b><span data-contrast=\"auto\">Avtagbar, justerbar axelrem<\/span><\/b> <span data-contrast=\"auto\">\u2013 F\u00f6r snabb och bekv\u00e4m anv\u00e4ndning.<\/span><span data-ccp-props=\"{}\"> <\/span><\/li>\n<\/ul>\n<ul>\n<li data-leveltext=\"\uf0b7\" data-font=\"Symbol\" data-listid=\"2\" data-list-defn-props=\"{\"335552541\":1,\"335559685\":720,\"335559991\":360,\"469769226\":\"Symbol\",\"469769242\":[8226],\"469777803\":\"left\",\"469777804\":\"\uf0b7\",\"469777815\":\"multilevel\"}\" data-aria-posinset=\"10\" data-aria-level=\"1\"><b><span data-contrast=\"auto\">Stora utrymmen f\u00f6r namn\/anropssignal\/MMSI-namn p\u00e5 baksidan<\/span><\/b><span data-ccp-props=\"{}\"> <\/span><\/li>\n<\/ul>\n","protected":false},"excerpt":{"rendered":"<p>Ocean Signal Grab Bag \u00e4r designad i samarbete med professionella seglare och \u00e4r din oumb\u00e4rliga l\u00f6sning f\u00f6r f\u00f6rvaring av n\u00f6dutrustning. Den \u00e4r kompakt men rymlig och erbjuder 9 liters inv\u00e4ndig kapacitet med tv\u00e5 stora utv\u00e4ndiga fickor f\u00f6r EPIRB och VHF. Den \u00e4r byggd f\u00f6r att vara vattent\u00e5lig, flytande, avtorkningsbar och l\u00e4tt att greppa snabbt. Den har SOLAS-godk\u00e4nd reflextejp, inv\u00e4ndiga f\u00e4stpunkter och en stor bakpanel f\u00f6r dina fartygsdetaljer.  <\/p>\n","protected":false},"featured_media":31567,"template":"","meta":{"_acf_changed":false,"om_disable_all_campaigns":false},"product_brand":[],"product_cat":[468,1682],"product_tag":[1352,1351],"class_list":{"0":"post-28552","1":"product","2":"type-product","3":"status-publish","4":"has-post-thumbnail","6":"product_cat-rescueme-sv","7":"product_cat-sakerhetssatser","8":"product_tag-dikevaska","9":"product_tag-grab-bag-sv","11":"first","12":"outofstock","13":"taxable","14":"shipping-taxable","15":"purchasable","16":"product-type-simple"},"acf":[],"yoast_head":"<!-- This site is optimized with the Yoast SEO Premium plugin v25.2 (Yoast SEO v26.4) - https:\/\/yoast.com\/wordpress\/plugins\/seo\/ -->\n<title>Ocean Signal b\u00e4rv\u00e4ska - Ocean Signal<\/title>\n<meta name=\"robots\" content=\"index, follow, max-snippet:-1, max-image-preview:large, max-video-preview:-1\" \/>\n<link rel=\"canonical\" href=\"https:\/\/oceansignal.com\/sv\/products\/ocean-signal-barvaska\/\" \/>\n<meta property=\"og:locale\" content=\"sv_SE\" \/>\n<meta property=\"og:type\" content=\"article\" \/>\n<meta property=\"og:title\" content=\"Ocean Signal b\u00e4rv\u00e4ska\" \/>\n<meta property=\"og:description\" content=\"Ocean Signal Grab Bag \u00e4r designad i samarbete med professionella seglare och \u00e4r din oumb\u00e4rliga l\u00f6sning f\u00f6r f\u00f6rvaring av n\u00f6dutrustning. Den \u00e4r kompakt men rymlig och erbjuder 9 liters inv\u00e4ndig kapacitet med tv\u00e5 stora utv\u00e4ndiga fickor f\u00f6r EPIRB och VHF. Den \u00e4r byggd f\u00f6r att vara vattent\u00e5lig, flytande, avtorkningsbar och l\u00e4tt att greppa snabbt. Den har SOLAS-godk\u00e4nd reflextejp, inv\u00e4ndiga f\u00e4stpunkter och en stor bakpanel f\u00f6r dina fartygsdetaljer.\" \/>\n<meta property=\"og:url\" content=\"https:\/\/oceansignal.com\/sv\/products\/ocean-signal-barvaska\/\" \/>\n<meta property=\"og:site_name\" content=\"Ocean Signal\" \/>\n<meta property=\"article:modified_time\" content=\"2025-07-24T15:11:40+00:00\" \/>\n<meta property=\"og:image\" content=\"https:\/\/oceansignal.com\/wp-content\/uploads\/2025\/06\/Grab_Bag-copy.jpg\" \/>\n\t<meta property=\"og:image:width\" content=\"1120\" \/>\n\t<meta property=\"og:image:height\" content=\"756\" \/>\n\t<meta property=\"og:image:type\" content=\"image\/jpeg\" \/>\n<meta name=\"twitter:card\" content=\"summary_large_image\" \/>\n<meta name=\"twitter:label1\" content=\"Ber\u00e4knad l\u00e4stid\" \/>\n\t<meta name=\"twitter:data1\" content=\"2 minuter\" \/>\n<script type=\"application\/ld+json\" class=\"yoast-schema-graph\">{\"@context\":\"https:\/\/schema.org\",\"@graph\":[{\"@type\":\"WebPage\",\"@id\":\"https:\/\/oceansignal.com\/sv\/products\/ocean-signal-barvaska\/\",\"url\":\"https:\/\/oceansignal.com\/sv\/products\/ocean-signal-barvaska\/\",\"name\":\"Ocean Signal b\u00e4rv\u00e4ska - Ocean Signal\",\"isPartOf\":{\"@id\":\"https:\/\/oceansignal.com\/sv\/#website\"},\"primaryImageOfPage\":{\"@id\":\"https:\/\/oceansignal.com\/sv\/products\/ocean-signal-barvaska\/#primaryimage\"},\"image\":{\"@id\":\"https:\/\/oceansignal.com\/sv\/products\/ocean-signal-barvaska\/#primaryimage\"},\"thumbnailUrl\":\"https:\/\/oceansignal.com\/wp-content\/uploads\/2025\/06\/Grab_Bag-copy.jpg\",\"datePublished\":\"2025-05-22T10:05:48+00:00\",\"dateModified\":\"2025-07-24T15:11:40+00:00\",\"breadcrumb\":{\"@id\":\"https:\/\/oceansignal.com\/sv\/products\/ocean-signal-barvaska\/#breadcrumb\"},\"inLanguage\":\"sv-SE\",\"potentialAction\":[{\"@type\":\"ReadAction\",\"target\":[\"https:\/\/oceansignal.com\/sv\/products\/ocean-signal-barvaska\/\"]}]},{\"@type\":\"ImageObject\",\"inLanguage\":\"sv-SE\",\"@id\":\"https:\/\/oceansignal.com\/sv\/products\/ocean-signal-barvaska\/#primaryimage\",\"url\":\"https:\/\/oceansignal.com\/wp-content\/uploads\/2025\/06\/Grab_Bag-copy.jpg\",\"contentUrl\":\"https:\/\/oceansignal.com\/wp-content\/uploads\/2025\/06\/Grab_Bag-copy.jpg\",\"width\":1120,\"height\":756},{\"@type\":\"BreadcrumbList\",\"@id\":\"https:\/\/oceansignal.com\/sv\/products\/ocean-signal-barvaska\/#breadcrumb\",\"itemListElement\":[{\"@type\":\"ListItem\",\"position\":1,\"name\":\"Produkter\",\"item\":\"https:\/\/oceansignal.com\/sv\/produkter\/\"},{\"@type\":\"ListItem\",\"position\":2,\"name\":\"Ocean Signal b\u00e4rv\u00e4ska\"}]},{\"@type\":\"WebSite\",\"@id\":\"https:\/\/oceansignal.com\/sv\/#website\",\"url\":\"https:\/\/oceansignal.com\/sv\/\",\"name\":\"Ocean Signal\",\"description\":\"A leading manufacturer of EPIRBs, AIS, SARTs, Personal Locator Beacons, Man Overboard Beacon for the Marine and Outdoor Markets.\",\"potentialAction\":[{\"@type\":\"SearchAction\",\"target\":{\"@type\":\"EntryPoint\",\"urlTemplate\":\"https:\/\/oceansignal.com\/sv\/?s={search_term_string}\"},\"query-input\":{\"@type\":\"PropertyValueSpecification\",\"valueRequired\":true,\"valueName\":\"search_term_string\"}}],\"inLanguage\":\"sv-SE\"}]}<\/script>\n<!-- \/ Yoast SEO Premium plugin. -->","yoast_head_json":{"title":"Ocean Signal b\u00e4rv\u00e4ska - Ocean Signal","robots":{"index":"index","follow":"follow","max-snippet":"max-snippet:-1","max-image-preview":"max-image-preview:large","max-video-preview":"max-video-preview:-1"},"canonical":"https:\/\/oceansignal.com\/sv\/products\/ocean-signal-barvaska\/","og_locale":"sv_SE","og_type":"article","og_title":"Ocean Signal b\u00e4rv\u00e4ska","og_description":"Ocean Signal Grab Bag \u00e4r designad i samarbete med professionella seglare och \u00e4r din oumb\u00e4rliga l\u00f6sning f\u00f6r f\u00f6rvaring av n\u00f6dutrustning. Den \u00e4r kompakt men rymlig och erbjuder 9 liters inv\u00e4ndig kapacitet med tv\u00e5 stora utv\u00e4ndiga fickor f\u00f6r EPIRB och VHF. Den \u00e4r byggd f\u00f6r att vara vattent\u00e5lig, flytande, avtorkningsbar och l\u00e4tt att greppa snabbt. Den har SOLAS-godk\u00e4nd reflextejp, inv\u00e4ndiga f\u00e4stpunkter och en stor bakpanel f\u00f6r dina fartygsdetaljer.","og_url":"https:\/\/oceansignal.com\/sv\/products\/ocean-signal-barvaska\/","og_site_name":"Ocean Signal","article_modified_time":"2025-07-24T15:11:40+00:00","og_image":[{"width":1120,"height":756,"url":"https:\/\/oceansignal.com\/wp-content\/uploads\/2025\/06\/Grab_Bag-copy.jpg","type":"image\/jpeg"}],"twitter_card":"summary_large_image","twitter_misc":{"Ber\u00e4knad l\u00e4stid":"2 minuter"},"schema":{"@context":"https:\/\/schema.org","@graph":[{"@type":"WebPage","@id":"https:\/\/oceansignal.com\/sv\/products\/ocean-signal-barvaska\/","url":"https:\/\/oceansignal.com\/sv\/products\/ocean-signal-barvaska\/","name":"Ocean Signal b\u00e4rv\u00e4ska - Ocean Signal","isPartOf":{"@id":"https:\/\/oceansignal.com\/sv\/#website"},"primaryImageOfPage":{"@id":"https:\/\/oceansignal.com\/sv\/products\/ocean-signal-barvaska\/#primaryimage"},"image":{"@id":"https:\/\/oceansignal.com\/sv\/products\/ocean-signal-barvaska\/#primaryimage"},"thumbnailUrl":"https:\/\/oceansignal.com\/wp-content\/uploads\/2025\/06\/Grab_Bag-copy.jpg","datePublished":"2025-05-22T10:05:48+00:00","dateModified":"2025-07-24T15:11:40+00:00","breadcrumb":{"@id":"https:\/\/oceansignal.com\/sv\/products\/ocean-signal-barvaska\/#breadcrumb"},"inLanguage":"sv-SE","potentialAction":[{"@type":"ReadAction","target":["https:\/\/oceansignal.com\/sv\/products\/ocean-signal-barvaska\/"]}]},{"@type":"ImageObject","inLanguage":"sv-SE","@id":"https:\/\/oceansignal.com\/sv\/products\/ocean-signal-barvaska\/#primaryimage","url":"https:\/\/oceansignal.com\/wp-content\/uploads\/2025\/06\/Grab_Bag-copy.jpg","contentUrl":"https:\/\/oceansignal.com\/wp-content\/uploads\/2025\/06\/Grab_Bag-copy.jpg","width":1120,"height":756},{"@type":"BreadcrumbList","@id":"https:\/\/oceansignal.com\/sv\/products\/ocean-signal-barvaska\/#breadcrumb","itemListElement":[{"@type":"ListItem","position":1,"name":"Produkter","item":"https:\/\/oceansignal.com\/sv\/produkter\/"},{"@type":"ListItem","position":2,"name":"Ocean Signal b\u00e4rv\u00e4ska"}]},{"@type":"WebSite","@id":"https:\/\/oceansignal.com\/sv\/#website","url":"https:\/\/oceansignal.com\/sv\/","name":"Ocean Signal","description":"A leading manufacturer of EPIRBs, AIS, SARTs, Personal Locator Beacons, Man Overboard Beacon for the Marine and Outdoor Markets.","potentialAction":[{"@type":"SearchAction","target":{"@type":"EntryPoint","urlTemplate":"https:\/\/oceansignal.com\/sv\/?s={search_term_string}"},"query-input":{"@type":"PropertyValueSpecification","valueRequired":true,"valueName":"search_term_string"}}],"inLanguage":"sv-SE"}]}},"_links":{"self":[{"href":"https:\/\/oceansignal.com\/sv\/wp-json\/wp\/v2\/product\/28552","targetHints":{"allow":["GET"]}}],"collection":[{"href":"https:\/\/oceansignal.com\/sv\/wp-json\/wp\/v2\/product"}],"about":[{"href":"https:\/\/oceansignal.com\/sv\/wp-json\/wp\/v2\/types\/product"}],"wp:featuredmedia":[{"embeddable":true,"href":"https:\/\/oceansignal.com\/sv\/wp-json\/wp\/v2\/media\/31567"}],"wp:attachment":[{"href":"https:\/\/oceansignal.com\/sv\/wp-json\/wp\/v2\/media?parent=28552"}],"wp:term":[{"taxonomy":"product_brand","embeddable":true,"href":"https:\/\/oceansignal.com\/sv\/wp-json\/wp\/v2\/product_brand?post=28552"},{"taxonomy":"product_cat","embeddable":true,"href":"https:\/\/oceansignal.com\/sv\/wp-json\/wp\/v2\/product_cat?post=28552"},{"taxonomy":"product_tag","embeddable":true,"href":"https:\/\/oceansignal.com\/sv\/wp-json\/wp\/v2\/product_tag?post=28552"}],"curies":[{"name":"wp","href":"https:\/\/api.w.org\/{rel}","templated":true}]}}