{"id":29719,"date":"2025-11-12T22:31:39","date_gmt":"2025-11-12T22:31:39","guid":{"rendered":"https:\/\/oceansignal.com\/?post_type=product&#038;p=29719"},"modified":"2026-03-24T17:39:59","modified_gmt":"2026-03-24T17:39:59","slug":"ocean-signal-safesea-v200-vhf-radio","status":"publish","type":"product","link":"https:\/\/oceansignal.com\/sv\/products\/ocean-signal-safesea-v200-vhf-radio\/","title":{"rendered":"safeSEA V200 VHF-radio"},"content":{"rendered":"<p>Ocean Signal V200 erbjuds i tv\u00e5 praktiska format, som enbart en GMDSS-n\u00f6d-VHF f\u00f6r n\u00f6dsituationer eller som ett komplett kit f\u00f6r allm\u00e4n vardagsbruk och\/eller n\u00f6dsituationer, och fungerar som en helt\u00e4ckande l\u00f6sning f\u00f6r alla dina maritima kommunikationsbehov.<\/p>\n<p>GMDSS-n\u00f6d-VHF:n levereras med ett prim\u00e4rt litiumbatteri som inkluderar en batterietikett s\u00e5 att det aldrig finns n\u00e5gon tvekan om huruvida prim\u00e4rbatteriet har anv\u00e4nts eller inte. N\u00e4r etiketten har tagits bort sl\u00e5s radion p\u00e5 automatiskt n\u00e4r batteriet ansluts och enheten g\u00e5r ocks\u00e5 automatiskt in i GMDSS-driftl\u00e4ge med f\u00f6ljande f\u00f6rinst\u00e4llda inst\u00e4llningar: kanal 16, volymniv\u00e5 8 och bruskontroll inst\u00e4lld p\u00e5 2. <\/p>\n<p>Hela kitet inkluderar det prim\u00e4ra litiumbatteriet enligt beskrivningen och levereras \u00e4ven med ett uppladdningsbart litiumjonbatteri och en laddningsbas. Standardtillbeh\u00f6r som medf\u00f6ljer b\u00e5de det frist\u00e5ende GMDSS Emergency VHF-alternativet och det kompletta kitet inkluderar en flexibel gummiantenn, b\u00e4lteskl\u00e4mma och handledsrem. <\/p>\n<p>V200 \u00e4r byggd med anv\u00e4ndarv\u00e4nlighet som en prioritet och \u00e4r l\u00e4mplig f\u00f6r anv\u00e4ndning med \u00f6verlevnadshandskar p\u00e5. Den har en l\u00e4ttl\u00e4st digital display. B\u00e5de displayen och knappsatsen \u00e4r bakgrundsbelysta vilket g\u00f6r det enkelt att anv\u00e4nda den i milj\u00f6er med svagt ljus. V200 har \u00e4ven NFC (Near Field Communication), vilket ger \u00e5tkomst till batteribytesdatum och produktinformation p\u00e5 en mobil enhet.  <\/p>\n<p>V200:s h\u00e5llbara design g\u00f6r den l\u00e4mplig f\u00f6r alla marina till\u00e4mpningar och ett idealiskt val f\u00f6r obligatorisk och frivillig transport. Med betydande erfarenhet inom marin s\u00e4kerhetsteknik och ett kontinuerligt engagemang f\u00f6r kvalitet och innovation, levererar V200 den typ av o\u00f6vertr\u00e4ffad prestanda som sj\u00f6m\u00e4n v\u00e4rlden \u00f6ver har kommit att f\u00f6rv\u00e4nta sig av alla Ocean Signal -produkter. <\/p>\n<p>&nbsp;<\/p>\n","protected":false},"excerpt":{"rendered":"<p>Ocean Signal V200 Marine GMDSS VHF-radio \u00e4r byggd med flexibilitet i \u00e5tanke och erbjuder anv\u00e4ndarna praktiska alternativ f\u00f6r att underl\u00e4tta kommunikation till sj\u00f6ss oavsett omst\u00e4ndigheter. Denna vattent\u00e4ta VHF-radio \u00e4r designad som en GMDSS-produkt (Global Maritime Distress and Safety System) och \u00e4r fullt certifierad f\u00f6r att uppfylla IMO- och SOLAS-f\u00f6reskrifter. Den ger s\u00f6ml\u00f6st viktigt kommunikationsst\u00f6d i b\u00e5de kritiska situationer och under dagliga maritima operationer. <\/p>\n<p>&nbsp;<\/p>\n","protected":false},"featured_media":29749,"template":"","meta":{"_acf_changed":false,"om_disable_all_campaigns":false},"product_brand":[],"product_cat":[326],"product_tag":[],"class_list":{"0":"post-29719","1":"product","2":"type-product","3":"status-publish","4":"has-post-thumbnail","6":"product_cat-safesea-sv","8":"first","9":"instock","10":"taxable","11":"shipping-taxable","12":"product-type-simple"},"acf":[],"yoast_head":"<!-- This site is optimized with the Yoast SEO Premium plugin v25.2 (Yoast SEO v26.4) - https:\/\/yoast.com\/wordpress\/plugins\/seo\/ -->\n<title>Ocean Signal Ocean Signal GMDSS N\u00f6dradio VHF safeSEA V200 VHF-radio -<\/title>\n<meta name=\"description\" content=\"H\u00e5ll dig s\u00e4ker till sj\u00f6ss med Ocean Signal V200 GMDSS n\u00f6dradio. Den \u00e4r designad f\u00f6r n\u00f6dsituationer och daglig marin anv\u00e4ndning, har automatiskt GMDSS-l\u00e4ge, handskv\u00e4nlig drift och robust h\u00e5llbarhet.\" \/>\n<meta name=\"robots\" content=\"index, follow, max-snippet:-1, max-image-preview:large, max-video-preview:-1\" \/>\n<link rel=\"canonical\" href=\"https:\/\/oceansignal.com\/sv\/products\/ocean-signal-safesea-v200-vhf-radio\/\" \/>\n<meta property=\"og:locale\" content=\"sv_SE\" \/>\n<meta property=\"og:type\" content=\"article\" \/>\n<meta property=\"og:title\" content=\"safeSEA V200 VHF-radio\" \/>\n<meta property=\"og:description\" content=\"H\u00e5ll dig s\u00e4ker till sj\u00f6ss med Ocean Signal V200 GMDSS n\u00f6dradio. Den \u00e4r designad f\u00f6r n\u00f6dsituationer och daglig marin anv\u00e4ndning, har automatiskt GMDSS-l\u00e4ge, handskv\u00e4nlig drift och robust h\u00e5llbarhet.\" \/>\n<meta property=\"og:url\" content=\"https:\/\/oceansignal.com\/sv\/products\/ocean-signal-safesea-v200-vhf-radio\/\" \/>\n<meta property=\"og:site_name\" content=\"Ocean Signal\" \/>\n<meta property=\"article:modified_time\" content=\"2026-03-24T17:39:59+00:00\" \/>\n<meta property=\"og:image\" content=\"https:\/\/oceansignal.com\/wp-content\/uploads\/2025\/06\/OSL-V200-Front-2.png\" \/>\n\t<meta property=\"og:image:width\" content=\"2000\" \/>\n\t<meta property=\"og:image:height\" content=\"2000\" \/>\n\t<meta property=\"og:image:type\" content=\"image\/png\" \/>\n<meta name=\"twitter:card\" content=\"summary_large_image\" \/>\n<meta name=\"twitter:label1\" content=\"Ber\u00e4knad l\u00e4stid\" \/>\n\t<meta name=\"twitter:data1\" content=\"2 minuter\" \/>\n<script type=\"application\/ld+json\" class=\"yoast-schema-graph\">{\"@context\":\"https:\/\/schema.org\",\"@graph\":[{\"@type\":\"WebPage\",\"@id\":\"https:\/\/oceansignal.com\/sv\/products\/ocean-signal-safesea-v200-vhf-radio\/\",\"url\":\"https:\/\/oceansignal.com\/sv\/products\/ocean-signal-safesea-v200-vhf-radio\/\",\"name\":\"Ocean Signal Ocean Signal GMDSS N\u00f6dradio VHF safeSEA V200 VHF-radio -\",\"isPartOf\":{\"@id\":\"https:\/\/oceansignal.com\/sv\/#website\"},\"primaryImageOfPage\":{\"@id\":\"https:\/\/oceansignal.com\/sv\/products\/ocean-signal-safesea-v200-vhf-radio\/#primaryimage\"},\"image\":{\"@id\":\"https:\/\/oceansignal.com\/sv\/products\/ocean-signal-safesea-v200-vhf-radio\/#primaryimage\"},\"thumbnailUrl\":\"https:\/\/oceansignal.com\/wp-content\/uploads\/2025\/06\/OSL-V200-Front-2.png\",\"datePublished\":\"2025-11-12T22:31:39+00:00\",\"dateModified\":\"2026-03-24T17:39:59+00:00\",\"description\":\"H\u00e5ll dig s\u00e4ker till sj\u00f6ss med Ocean Signal V200 GMDSS n\u00f6dradio. Den \u00e4r designad f\u00f6r n\u00f6dsituationer och daglig marin anv\u00e4ndning, har automatiskt GMDSS-l\u00e4ge, handskv\u00e4nlig drift och robust h\u00e5llbarhet.\",\"breadcrumb\":{\"@id\":\"https:\/\/oceansignal.com\/sv\/products\/ocean-signal-safesea-v200-vhf-radio\/#breadcrumb\"},\"inLanguage\":\"sv-SE\",\"potentialAction\":[{\"@type\":\"ReadAction\",\"target\":[\"https:\/\/oceansignal.com\/sv\/products\/ocean-signal-safesea-v200-vhf-radio\/\"]}]},{\"@type\":\"ImageObject\",\"inLanguage\":\"sv-SE\",\"@id\":\"https:\/\/oceansignal.com\/sv\/products\/ocean-signal-safesea-v200-vhf-radio\/#primaryimage\",\"url\":\"https:\/\/oceansignal.com\/wp-content\/uploads\/2025\/06\/OSL-V200-Front-2.png\",\"contentUrl\":\"https:\/\/oceansignal.com\/wp-content\/uploads\/2025\/06\/OSL-V200-Front-2.png\",\"width\":2000,\"height\":2000},{\"@type\":\"BreadcrumbList\",\"@id\":\"https:\/\/oceansignal.com\/sv\/products\/ocean-signal-safesea-v200-vhf-radio\/#breadcrumb\",\"itemListElement\":[{\"@type\":\"ListItem\",\"position\":1,\"name\":\"Produkter\",\"item\":\"https:\/\/oceansignal.com\/sv\/produkter\/\"},{\"@type\":\"ListItem\",\"position\":2,\"name\":\"safeSEA V200 VHF-radio\"}]},{\"@type\":\"WebSite\",\"@id\":\"https:\/\/oceansignal.com\/sv\/#website\",\"url\":\"https:\/\/oceansignal.com\/sv\/\",\"name\":\"Ocean Signal\",\"description\":\"A leading manufacturer of EPIRBs, AIS, SARTs, Personal Locator Beacons, Man Overboard Beacon for the Marine and Outdoor Markets.\",\"potentialAction\":[{\"@type\":\"SearchAction\",\"target\":{\"@type\":\"EntryPoint\",\"urlTemplate\":\"https:\/\/oceansignal.com\/sv\/?s={search_term_string}\"},\"query-input\":{\"@type\":\"PropertyValueSpecification\",\"valueRequired\":true,\"valueName\":\"search_term_string\"}}],\"inLanguage\":\"sv-SE\"}]}<\/script>\n<!-- \/ Yoast SEO Premium plugin. -->","yoast_head_json":{"title":"Ocean Signal Ocean Signal GMDSS N\u00f6dradio VHF safeSEA V200 VHF-radio -","description":"H\u00e5ll dig s\u00e4ker till sj\u00f6ss med Ocean Signal V200 GMDSS n\u00f6dradio. Den \u00e4r designad f\u00f6r n\u00f6dsituationer och daglig marin anv\u00e4ndning, har automatiskt GMDSS-l\u00e4ge, handskv\u00e4nlig drift och robust h\u00e5llbarhet.","robots":{"index":"index","follow":"follow","max-snippet":"max-snippet:-1","max-image-preview":"max-image-preview:large","max-video-preview":"max-video-preview:-1"},"canonical":"https:\/\/oceansignal.com\/sv\/products\/ocean-signal-safesea-v200-vhf-radio\/","og_locale":"sv_SE","og_type":"article","og_title":"safeSEA V200 VHF-radio","og_description":"H\u00e5ll dig s\u00e4ker till sj\u00f6ss med Ocean Signal V200 GMDSS n\u00f6dradio. Den \u00e4r designad f\u00f6r n\u00f6dsituationer och daglig marin anv\u00e4ndning, har automatiskt GMDSS-l\u00e4ge, handskv\u00e4nlig drift och robust h\u00e5llbarhet.","og_url":"https:\/\/oceansignal.com\/sv\/products\/ocean-signal-safesea-v200-vhf-radio\/","og_site_name":"Ocean Signal","article_modified_time":"2026-03-24T17:39:59+00:00","og_image":[{"width":2000,"height":2000,"url":"https:\/\/oceansignal.com\/wp-content\/uploads\/2025\/06\/OSL-V200-Front-2.png","type":"image\/png"}],"twitter_card":"summary_large_image","twitter_misc":{"Ber\u00e4knad l\u00e4stid":"2 minuter"},"schema":{"@context":"https:\/\/schema.org","@graph":[{"@type":"WebPage","@id":"https:\/\/oceansignal.com\/sv\/products\/ocean-signal-safesea-v200-vhf-radio\/","url":"https:\/\/oceansignal.com\/sv\/products\/ocean-signal-safesea-v200-vhf-radio\/","name":"Ocean Signal Ocean Signal GMDSS N\u00f6dradio VHF safeSEA V200 VHF-radio -","isPartOf":{"@id":"https:\/\/oceansignal.com\/sv\/#website"},"primaryImageOfPage":{"@id":"https:\/\/oceansignal.com\/sv\/products\/ocean-signal-safesea-v200-vhf-radio\/#primaryimage"},"image":{"@id":"https:\/\/oceansignal.com\/sv\/products\/ocean-signal-safesea-v200-vhf-radio\/#primaryimage"},"thumbnailUrl":"https:\/\/oceansignal.com\/wp-content\/uploads\/2025\/06\/OSL-V200-Front-2.png","datePublished":"2025-11-12T22:31:39+00:00","dateModified":"2026-03-24T17:39:59+00:00","description":"H\u00e5ll dig s\u00e4ker till sj\u00f6ss med Ocean Signal V200 GMDSS n\u00f6dradio. Den \u00e4r designad f\u00f6r n\u00f6dsituationer och daglig marin anv\u00e4ndning, har automatiskt GMDSS-l\u00e4ge, handskv\u00e4nlig drift och robust h\u00e5llbarhet.","breadcrumb":{"@id":"https:\/\/oceansignal.com\/sv\/products\/ocean-signal-safesea-v200-vhf-radio\/#breadcrumb"},"inLanguage":"sv-SE","potentialAction":[{"@type":"ReadAction","target":["https:\/\/oceansignal.com\/sv\/products\/ocean-signal-safesea-v200-vhf-radio\/"]}]},{"@type":"ImageObject","inLanguage":"sv-SE","@id":"https:\/\/oceansignal.com\/sv\/products\/ocean-signal-safesea-v200-vhf-radio\/#primaryimage","url":"https:\/\/oceansignal.com\/wp-content\/uploads\/2025\/06\/OSL-V200-Front-2.png","contentUrl":"https:\/\/oceansignal.com\/wp-content\/uploads\/2025\/06\/OSL-V200-Front-2.png","width":2000,"height":2000},{"@type":"BreadcrumbList","@id":"https:\/\/oceansignal.com\/sv\/products\/ocean-signal-safesea-v200-vhf-radio\/#breadcrumb","itemListElement":[{"@type":"ListItem","position":1,"name":"Produkter","item":"https:\/\/oceansignal.com\/sv\/produkter\/"},{"@type":"ListItem","position":2,"name":"safeSEA V200 VHF-radio"}]},{"@type":"WebSite","@id":"https:\/\/oceansignal.com\/sv\/#website","url":"https:\/\/oceansignal.com\/sv\/","name":"Ocean Signal","description":"A leading manufacturer of EPIRBs, AIS, SARTs, Personal Locator Beacons, Man Overboard Beacon for the Marine and Outdoor Markets.","potentialAction":[{"@type":"SearchAction","target":{"@type":"EntryPoint","urlTemplate":"https:\/\/oceansignal.com\/sv\/?s={search_term_string}"},"query-input":{"@type":"PropertyValueSpecification","valueRequired":true,"valueName":"search_term_string"}}],"inLanguage":"sv-SE"}]}},"_links":{"self":[{"href":"https:\/\/oceansignal.com\/sv\/wp-json\/wp\/v2\/product\/29719","targetHints":{"allow":["GET"]}}],"collection":[{"href":"https:\/\/oceansignal.com\/sv\/wp-json\/wp\/v2\/product"}],"about":[{"href":"https:\/\/oceansignal.com\/sv\/wp-json\/wp\/v2\/types\/product"}],"wp:featuredmedia":[{"embeddable":true,"href":"https:\/\/oceansignal.com\/sv\/wp-json\/wp\/v2\/media\/29749"}],"wp:attachment":[{"href":"https:\/\/oceansignal.com\/sv\/wp-json\/wp\/v2\/media?parent=29719"}],"wp:term":[{"taxonomy":"product_brand","embeddable":true,"href":"https:\/\/oceansignal.com\/sv\/wp-json\/wp\/v2\/product_brand?post=29719"},{"taxonomy":"product_cat","embeddable":true,"href":"https:\/\/oceansignal.com\/sv\/wp-json\/wp\/v2\/product_cat?post=29719"},{"taxonomy":"product_tag","embeddable":true,"href":"https:\/\/oceansignal.com\/sv\/wp-json\/wp\/v2\/product_tag?post=29719"}],"curies":[{"name":"wp","href":"https:\/\/api.w.org\/{rel}","templated":true}]}}