{"id":29841,"date":"2025-11-12T21:58:44","date_gmt":"2025-11-12T21:58:44","guid":{"rendered":"https:\/\/oceansignal.com\/?post_type=product&#038;p=29841"},"modified":"2026-03-24T16:21:49","modified_gmt":"2026-03-24T16:21:49","slug":"safesea-s200-ais-sart","status":"publish","type":"product","link":"https:\/\/oceansignal.com\/sv\/products\/safesea-s200-ais-sart\/","title":{"rendered":"safeSEA S200 AIS SART"},"content":{"rendered":"<p>Byggd p\u00e5 den bepr\u00f6vade designen av S100, erbjuder S200 SART f\u00f6rb\u00e4ttrad n\u00f6dlarmning genom AIS-teknik (Automatic Identification System), vilket g\u00e5r ut\u00f6ver traditionella radarbaserade system. Denna banbrytande enhet skickar exakta GNSS\/GPS-satellitkoordinater till alla AIS-utrustade fartyg inom VHF-r\u00e4ckvidd, vilket s\u00e4kerst\u00e4ller att n\u00f6dhj\u00e4lp snabbt kan s\u00e4ttas in n\u00e4r det beh\u00f6vs. <\/p>\n<p>Med ett genomsnittligt detekteringsavst\u00e5nd p\u00e5 5 sj\u00f6mil integrerar S200 NFC-teknik (Near Field Communication) f\u00f6r enkel produktregistrering och \u00e5tkomst till testdata. Dess h\u00f6gpresterande litiumbatteri ger upp till 96 timmars driftstid, vilket s\u00e4kerst\u00e4ller f\u00f6rl\u00e4ngd tillf\u00f6rlitlighet under de tuffaste f\u00f6rh\u00e5llandena. Det AIS-baserade systemet ger ocks\u00e5 \u00f6verl\u00e4gsen prestanda i ogynnsamt v\u00e4der, med minskad k\u00e4nslighet f\u00f6r st\u00f6rningar fr\u00e5n kraftigt regn eller dimma.  <\/p>\n<p>S200 \u00e4r utformad med bekv\u00e4mlighet i \u00e5tanke och har ett elegant v\u00e4ggf\u00e4ste f\u00f6r enkel \u00e5tkomst i n\u00f6dsituationer. En teleskopst\u00e5ng som kan f\u00f6rl\u00e4ngas 1 meter (3,3 fot) kan f\u00e4stas f\u00f6r maximal h\u00f6jd och sikt n\u00e4r den f\u00e4lls ut fr\u00e5n en livb\u00e5t, och SART kan h\u00e4ngas inuti b\u00e5ten f\u00f6r handsfree-anv\u00e4ndning. <\/p>\n<p>S200 \u00e4r byggd f\u00f6r att klara de tuffaste marina milj\u00f6erna och \u00e4r en p\u00e5litlig partner i alla n\u00f6dsituationer, och s\u00e4kerst\u00e4ller att din n\u00f6dsignal n\u00e5r alla AIS-utrustade fartyg inom r\u00e4ckh\u00e5ll. Dess robusta konstruktion garanterar att den \u00e4r i drift n\u00e4r du beh\u00f6ver den som mest, vilket ger dig sinnesro p\u00e5 vattnet. <\/p>\n<p><strong>Transportkrav<\/strong><\/p>\n<ul>\n<li>Alla IMO SOLAS-fartyg p\u00e5 internationella resor \u00e4r skyldiga att medf\u00f6ra en SART-kod.<\/li>\n<li>300\u2013500 bruttoregistertonnage (GRT) m\u00e5ste medf\u00f6ra minst 1 SART<\/li>\n<li>\u00d6ver 500 bruttoregistertonnage (GRT) m\u00e5ste medf\u00f6ra minst 2 SART:er<\/li>\n<li>1 SART f\u00f6r var fj\u00e4rde livflotta p\u00e5 Ro-Ro-passagerarfartyg<\/li>\n<li>Passagerarfartyg av alla storlekar m\u00e5ste medf\u00f6ra minst tv\u00e5 SART-fartyg oavsett tonnage.<\/li>\n<li>Livb\u00e5tar: SOLAS kr\u00e4ver att minst en SART (Savery Article &#8211; SAR) ska finnas tillg\u00e4nglig f\u00f6r anv\u00e4ndning i varje livr\u00e4ddningsfarkost.<\/li>\n<li>Livflottar: F\u00f6r passagerarfartyg, om det finns fler \u00e4n tv\u00e5 livflottar, b\u00f6r ytterligare SART-bommar tillhandah\u00e5llas s\u00e5 att minst en SART finns tillg\u00e4nglig f\u00f6r varje tv\u00e5 livflottar.<\/li>\n<\/ul>\n<p>&nbsp;<\/p>\n","protected":false},"excerpt":{"rendered":"<p>S200 SART \u00e4r en IMO SOLAS-kompatibel AIS-s\u00e4ndare (SART) som f\u00f6rser fartyg som \u00e4r skyldiga att f\u00f6lja GMDSS-f\u00f6reskrifter med en tillf\u00f6rlitlig l\u00f6sning f\u00f6r att uppfylla obligatoriska SART-transportkrav. Med hj\u00e4lp av AIS klass A-positionsrapporter s\u00e4nder S200 \u00e5tta positionsrapportmeddelanden per minut, vilket m\u00f6jligg\u00f6r sp\u00e5rning i realtid i kritiska situationer. <\/p>\n<p><strong>Denna enhet har inte godk\u00e4nts enligt FCC:s f\u00f6reskrifter. Denna enhet s\u00e4ljs inte, och f\u00e5r inte erbjudas, hyras ut, eller s\u00e4ljas eller leasas ut, i USA f\u00f6rr\u00e4n godk\u00e4nnande har erh\u00e5llits. <\/strong><\/p>\n<p><a href=\"https:\/\/www.dropbox.com\/s\/fk04stqsp2hgk5f\/Prop%2065%20-%20DEHP.pdf?dl=0\">VARNING: PROP 65<\/a><\/p>\n<p>&nbsp;<\/p>\n","protected":false},"featured_media":29814,"template":"","meta":{"_acf_changed":false,"om_disable_all_campaigns":false},"product_brand":[],"product_cat":[326],"product_tag":[],"class_list":{"0":"post-29841","1":"product","2":"type-product","3":"status-publish","4":"has-post-thumbnail","6":"product_cat-safesea-sv","8":"first","9":"instock","10":"taxable","11":"shipping-taxable","12":"purchasable","13":"product-type-simple"},"acf":[],"yoast_head":"<!-- This site is optimized with the Yoast SEO Premium plugin v25.2 (Yoast SEO v26.4) - https:\/\/yoast.com\/wordpress\/plugins\/seo\/ -->\n<title>Ocean Signal safeSEA S200 AIS SART - Ocean Signal<\/title>\n<meta name=\"description\" content=\"S200 AIS SART eller s\u00f6k- och r\u00e4ddningss\u00e4ndare f\u00f6r GMDSS- och SOLAS-fartyg f\u00f6rb\u00e4ttrar sj\u00f6s\u00e4kerheten och kommunikationen i en n\u00f6dsituation.\" \/>\n<meta name=\"robots\" content=\"index, follow, max-snippet:-1, max-image-preview:large, max-video-preview:-1\" \/>\n<link rel=\"canonical\" href=\"https:\/\/oceansignal.com\/sv\/products\/safesea-s200-ais-sart\/\" \/>\n<meta property=\"og:locale\" content=\"sv_SE\" \/>\n<meta property=\"og:type\" content=\"article\" \/>\n<meta property=\"og:title\" content=\"safeSEA S200 AIS SART\" \/>\n<meta property=\"og:description\" content=\"S200 AIS SART eller s\u00f6k- och r\u00e4ddningss\u00e4ndare f\u00f6r GMDSS- och SOLAS-fartyg f\u00f6rb\u00e4ttrar sj\u00f6s\u00e4kerheten och kommunikationen i en n\u00f6dsituation.\" \/>\n<meta property=\"og:url\" content=\"https:\/\/oceansignal.com\/sv\/products\/safesea-s200-ais-sart\/\" \/>\n<meta property=\"og:site_name\" content=\"Ocean Signal\" \/>\n<meta property=\"article:modified_time\" content=\"2026-03-24T16:21:49+00:00\" \/>\n<meta property=\"og:image\" content=\"https:\/\/oceansignal.com\/wp-content\/uploads\/2025\/06\/OSL-AIS-SART-Front-1024x1024.png\" \/>\n\t<meta property=\"og:image:width\" content=\"1024\" \/>\n\t<meta property=\"og:image:height\" content=\"1024\" \/>\n\t<meta property=\"og:image:type\" content=\"image\/png\" \/>\n<meta name=\"twitter:card\" content=\"summary_large_image\" \/>\n<meta name=\"twitter:label1\" content=\"Ber\u00e4knad l\u00e4stid\" \/>\n\t<meta name=\"twitter:data1\" content=\"2 minuter\" \/>\n<script type=\"application\/ld+json\" class=\"yoast-schema-graph\">{\"@context\":\"https:\/\/schema.org\",\"@graph\":[{\"@type\":\"WebPage\",\"@id\":\"https:\/\/oceansignal.com\/sv\/products\/safesea-s200-ais-sart\/\",\"url\":\"https:\/\/oceansignal.com\/sv\/products\/safesea-s200-ais-sart\/\",\"name\":\"Ocean Signal safeSEA S200 AIS SART - Ocean Signal\",\"isPartOf\":{\"@id\":\"https:\/\/oceansignal.com\/sv\/#website\"},\"primaryImageOfPage\":{\"@id\":\"https:\/\/oceansignal.com\/sv\/products\/safesea-s200-ais-sart\/#primaryimage\"},\"image\":{\"@id\":\"https:\/\/oceansignal.com\/sv\/products\/safesea-s200-ais-sart\/#primaryimage\"},\"thumbnailUrl\":\"https:\/\/oceansignal.com\/wp-content\/uploads\/2025\/06\/OSL-AIS-SART-Front.png\",\"datePublished\":\"2025-11-12T21:58:44+00:00\",\"dateModified\":\"2026-03-24T16:21:49+00:00\",\"description\":\"S200 AIS SART eller s\u00f6k- och r\u00e4ddningss\u00e4ndare f\u00f6r GMDSS- och SOLAS-fartyg f\u00f6rb\u00e4ttrar sj\u00f6s\u00e4kerheten och kommunikationen i en n\u00f6dsituation.\",\"breadcrumb\":{\"@id\":\"https:\/\/oceansignal.com\/sv\/products\/safesea-s200-ais-sart\/#breadcrumb\"},\"inLanguage\":\"sv-SE\",\"potentialAction\":[{\"@type\":\"ReadAction\",\"target\":[\"https:\/\/oceansignal.com\/sv\/products\/safesea-s200-ais-sart\/\"]}]},{\"@type\":\"ImageObject\",\"inLanguage\":\"sv-SE\",\"@id\":\"https:\/\/oceansignal.com\/sv\/products\/safesea-s200-ais-sart\/#primaryimage\",\"url\":\"https:\/\/oceansignal.com\/wp-content\/uploads\/2025\/06\/OSL-AIS-SART-Front.png\",\"contentUrl\":\"https:\/\/oceansignal.com\/wp-content\/uploads\/2025\/06\/OSL-AIS-SART-Front.png\",\"width\":3850,\"height\":3850,\"caption\":\"S200 AIS SART eller s\u00f6k- och r\u00e4ddningss\u00e4ndare f\u00f6r GMDSS- och SOLAS-fartyg\"},{\"@type\":\"BreadcrumbList\",\"@id\":\"https:\/\/oceansignal.com\/sv\/products\/safesea-s200-ais-sart\/#breadcrumb\",\"itemListElement\":[{\"@type\":\"ListItem\",\"position\":1,\"name\":\"Produkter\",\"item\":\"https:\/\/oceansignal.com\/sv\/produkter\/\"},{\"@type\":\"ListItem\",\"position\":2,\"name\":\"safeSEA S200 AIS SART\"}]},{\"@type\":\"WebSite\",\"@id\":\"https:\/\/oceansignal.com\/sv\/#website\",\"url\":\"https:\/\/oceansignal.com\/sv\/\",\"name\":\"Ocean Signal\",\"description\":\"A leading manufacturer of EPIRBs, AIS, SARTs, Personal Locator Beacons, Man Overboard Beacon for the Marine and Outdoor Markets.\",\"potentialAction\":[{\"@type\":\"SearchAction\",\"target\":{\"@type\":\"EntryPoint\",\"urlTemplate\":\"https:\/\/oceansignal.com\/sv\/?s={search_term_string}\"},\"query-input\":{\"@type\":\"PropertyValueSpecification\",\"valueRequired\":true,\"valueName\":\"search_term_string\"}}],\"inLanguage\":\"sv-SE\"}]}<\/script>\n<!-- \/ Yoast SEO Premium plugin. -->","yoast_head_json":{"title":"Ocean Signal safeSEA S200 AIS SART - Ocean Signal","description":"S200 AIS SART eller s\u00f6k- och r\u00e4ddningss\u00e4ndare f\u00f6r GMDSS- och SOLAS-fartyg f\u00f6rb\u00e4ttrar sj\u00f6s\u00e4kerheten och kommunikationen i en n\u00f6dsituation.","robots":{"index":"index","follow":"follow","max-snippet":"max-snippet:-1","max-image-preview":"max-image-preview:large","max-video-preview":"max-video-preview:-1"},"canonical":"https:\/\/oceansignal.com\/sv\/products\/safesea-s200-ais-sart\/","og_locale":"sv_SE","og_type":"article","og_title":"safeSEA S200 AIS SART","og_description":"S200 AIS SART eller s\u00f6k- och r\u00e4ddningss\u00e4ndare f\u00f6r GMDSS- och SOLAS-fartyg f\u00f6rb\u00e4ttrar sj\u00f6s\u00e4kerheten och kommunikationen i en n\u00f6dsituation.","og_url":"https:\/\/oceansignal.com\/sv\/products\/safesea-s200-ais-sart\/","og_site_name":"Ocean Signal","article_modified_time":"2026-03-24T16:21:49+00:00","og_image":[{"width":1024,"height":1024,"url":"https:\/\/oceansignal.com\/wp-content\/uploads\/2025\/06\/OSL-AIS-SART-Front-1024x1024.png","type":"image\/png"}],"twitter_card":"summary_large_image","twitter_misc":{"Ber\u00e4knad l\u00e4stid":"2 minuter"},"schema":{"@context":"https:\/\/schema.org","@graph":[{"@type":"WebPage","@id":"https:\/\/oceansignal.com\/sv\/products\/safesea-s200-ais-sart\/","url":"https:\/\/oceansignal.com\/sv\/products\/safesea-s200-ais-sart\/","name":"Ocean Signal safeSEA S200 AIS SART - Ocean Signal","isPartOf":{"@id":"https:\/\/oceansignal.com\/sv\/#website"},"primaryImageOfPage":{"@id":"https:\/\/oceansignal.com\/sv\/products\/safesea-s200-ais-sart\/#primaryimage"},"image":{"@id":"https:\/\/oceansignal.com\/sv\/products\/safesea-s200-ais-sart\/#primaryimage"},"thumbnailUrl":"https:\/\/oceansignal.com\/wp-content\/uploads\/2025\/06\/OSL-AIS-SART-Front.png","datePublished":"2025-11-12T21:58:44+00:00","dateModified":"2026-03-24T16:21:49+00:00","description":"S200 AIS SART eller s\u00f6k- och r\u00e4ddningss\u00e4ndare f\u00f6r GMDSS- och SOLAS-fartyg f\u00f6rb\u00e4ttrar sj\u00f6s\u00e4kerheten och kommunikationen i en n\u00f6dsituation.","breadcrumb":{"@id":"https:\/\/oceansignal.com\/sv\/products\/safesea-s200-ais-sart\/#breadcrumb"},"inLanguage":"sv-SE","potentialAction":[{"@type":"ReadAction","target":["https:\/\/oceansignal.com\/sv\/products\/safesea-s200-ais-sart\/"]}]},{"@type":"ImageObject","inLanguage":"sv-SE","@id":"https:\/\/oceansignal.com\/sv\/products\/safesea-s200-ais-sart\/#primaryimage","url":"https:\/\/oceansignal.com\/wp-content\/uploads\/2025\/06\/OSL-AIS-SART-Front.png","contentUrl":"https:\/\/oceansignal.com\/wp-content\/uploads\/2025\/06\/OSL-AIS-SART-Front.png","width":3850,"height":3850,"caption":"S200 AIS SART eller s\u00f6k- och r\u00e4ddningss\u00e4ndare f\u00f6r GMDSS- och SOLAS-fartyg"},{"@type":"BreadcrumbList","@id":"https:\/\/oceansignal.com\/sv\/products\/safesea-s200-ais-sart\/#breadcrumb","itemListElement":[{"@type":"ListItem","position":1,"name":"Produkter","item":"https:\/\/oceansignal.com\/sv\/produkter\/"},{"@type":"ListItem","position":2,"name":"safeSEA S200 AIS SART"}]},{"@type":"WebSite","@id":"https:\/\/oceansignal.com\/sv\/#website","url":"https:\/\/oceansignal.com\/sv\/","name":"Ocean Signal","description":"A leading manufacturer of EPIRBs, AIS, SARTs, Personal Locator Beacons, Man Overboard Beacon for the Marine and Outdoor Markets.","potentialAction":[{"@type":"SearchAction","target":{"@type":"EntryPoint","urlTemplate":"https:\/\/oceansignal.com\/sv\/?s={search_term_string}"},"query-input":{"@type":"PropertyValueSpecification","valueRequired":true,"valueName":"search_term_string"}}],"inLanguage":"sv-SE"}]}},"_links":{"self":[{"href":"https:\/\/oceansignal.com\/sv\/wp-json\/wp\/v2\/product\/29841","targetHints":{"allow":["GET"]}}],"collection":[{"href":"https:\/\/oceansignal.com\/sv\/wp-json\/wp\/v2\/product"}],"about":[{"href":"https:\/\/oceansignal.com\/sv\/wp-json\/wp\/v2\/types\/product"}],"wp:featuredmedia":[{"embeddable":true,"href":"https:\/\/oceansignal.com\/sv\/wp-json\/wp\/v2\/media\/29814"}],"wp:attachment":[{"href":"https:\/\/oceansignal.com\/sv\/wp-json\/wp\/v2\/media?parent=29841"}],"wp:term":[{"taxonomy":"product_brand","embeddable":true,"href":"https:\/\/oceansignal.com\/sv\/wp-json\/wp\/v2\/product_brand?post=29841"},{"taxonomy":"product_cat","embeddable":true,"href":"https:\/\/oceansignal.com\/sv\/wp-json\/wp\/v2\/product_cat?post=29841"},{"taxonomy":"product_tag","embeddable":true,"href":"https:\/\/oceansignal.com\/sv\/wp-json\/wp\/v2\/product_tag?post=29841"}],"curies":[{"name":"wp","href":"https:\/\/api.w.org\/{rel}","templated":true}]}}