{"id":31907,"date":"2025-07-17T08:59:49","date_gmt":"2025-07-17T08:59:49","guid":{"rendered":"https:\/\/oceansignal.com\/products\/epirb2-sakerhetssats-plus\/"},"modified":"2026-03-12T09:19:12","modified_gmt":"2026-03-12T09:19:12","slug":"epirb2-sakerhetssats-plus","status":"publish","type":"product","link":"https:\/\/oceansignal.com\/sv\/products\/epirb2-sakerhetssats-plus\/","title":{"rendered":"EPIRB2 Seglingss\u00e4kerhetskit Plus"},"content":{"rendered":"<h3 data-start=\"3285\" data-end=\"3337\"><strong data-start=\"3292\" data-end=\"3337\"><img loading=\"lazy\" decoding=\"async\" class=\"alignnone size-full wp-image-32359\" src=\"https:\/\/oceansignal.com\/wp-content\/uploads\/2025\/07\/View-New-Safety-Kits.png\" alt=\"\" width=\"300\" height=\"75\" srcset=\"https:\/\/oceansignal.com\/wp-content\/uploads\/2025\/07\/View-New-Safety-Kits.png 300w, https:\/\/oceansignal.com\/wp-content\/uploads\/2025\/07\/View-New-Safety-Kits-60x15.png 60w, https:\/\/oceansignal.com\/wp-content\/uploads\/2025\/07\/View-New-Safety-Kits-110x28.png 110w\" sizes=\"auto, (max-width: 300px) 100vw, 300px\" \/><\/strong><\/h3>\n<h3 data-start=\"3285\" data-end=\"3337\"><strong data-start=\"3292\" data-end=\"3337\">Varf\u00f6r v\u00e4lja EPIRB2 s\u00e4kerhetskit Plus?<\/strong><\/h3>\n<p data-start=\"195\" data-end=\"642\">EPIRB2 Safety Kit Plus har den perfekta balansen mellan prestanda, v\u00e4rde och framtidsinriktning. Utformad kring Ocean Signals n\u00e4sta generations EPIRB2 med NFC, inkluderar den en elektronisk n\u00f6dsignal fr\u00e5n EDF2 och viktiga visuella reservverktyg, allt f\u00f6rpackat i en vattent\u00e4t, flytande gripv\u00e4ska. Oavsett om du kryssar l\u00e4ngs kusten eller korsar Engelska kanalen, h\u00e5ller detta kit dig redo f\u00f6r verkliga marina n\u00f6dsituationer \u2013 utan kompromisser.  <\/p>\n<p data-start=\"644\" data-end=\"692\">Smartare s\u00e4kerhet. Modern teknik. Inget gissningsarbete.  <\/p>\n<h3 data-start=\"2903\" data-end=\"2924\"><strong data-start=\"2910\" data-end=\"2924\">Idealisk f\u00f6r:<\/strong><\/h3>\n<ul>\n<li data-start=\"717\" data-end=\"786\">Offshore- och kustseglare som s\u00f6ker en komplett s\u00e4kerhetsl\u00f6sning<\/li>\n<li data-start=\"717\" data-end=\"786\">Yacht\u00e4gare som f\u00f6rbereder sig f\u00f6r l\u00e4ngre resor (maximerar s\u00e4kerheten utan att beh\u00f6va uppfylla alla kategori 0-offshore-specialf\u00f6reskrifter)<\/li>\n<li data-start=\"717\" data-end=\"786\">Kryssare uppgraderar fr\u00e5n traditionell pyroteknik<\/li>\n<li data-start=\"717\" data-end=\"786\">RYA Yachtmaster-kandidater bygger en framtidss\u00e4ker s\u00e4kerhetsanl\u00e4ggning<\/li>\n<li data-start=\"717\" data-end=\"786\">Arbetslag som byter ut utg\u00e5ngna facklor med \u00e5teranv\u00e4ndbara, h\u00e5llbara alternativ<\/li>\n<\/ul>\n<h3 data-start=\"661\" data-end=\"706\"><strong data-start=\"668\" data-end=\"706\">Vad ing\u00e5r och varf\u00f6r \u00e4r det viktigt?<\/strong><\/h3>\n<h4 data-start=\"708\" data-end=\"751\"><strong data-start=\"713\" data-end=\"749\">1 \u00d7 Ocean Signal EPIRB2 med NFC<\/strong><\/h4>\n<p data-start=\"752\" data-end=\"775\">Du f\u00e5r satellitt\u00e4ckning f\u00f6r global r\u00e4ddning och RLS f\u00f6r sinnesro \u2013 allt i en kompakt, f\u00f6reskriftsm\u00e4ssigt kompatibel s\u00e4ndare.<br \/>\n<img loading=\"lazy\" decoding=\"async\" class=\"alignnone size-medium wp-image-31423\" src=\"https:\/\/oceansignal.com\/wp-content\/uploads\/2025\/06\/EPIRB2-FRONT-300-300x300.png\" alt=\"\" width=\"300\" height=\"300\" srcset=\"https:\/\/oceansignal.com\/wp-content\/uploads\/2025\/06\/EPIRB2-FRONT-300-300x300.png 300w, https:\/\/oceansignal.com\/wp-content\/uploads\/2025\/06\/EPIRB2-FRONT-300-150x150.png 150w, https:\/\/oceansignal.com\/wp-content\/uploads\/2025\/06\/EPIRB2-FRONT-300-100x100.png 100w, https:\/\/oceansignal.com\/wp-content\/uploads\/2025\/06\/EPIRB2-FRONT-300-60x60.png 60w, https:\/\/oceansignal.com\/wp-content\/uploads\/2025\/06\/EPIRB2-FRONT-300-110x110.png 110w, https:\/\/oceansignal.com\/wp-content\/uploads\/2025\/06\/EPIRB2-FRONT-300.png 411w\" sizes=\"auto, (max-width: 300px) 100vw, 300px\" \/><br \/>\n Denna senaste generationens kategori II EPIRB kombinerar 406 MHz satellitsignalering med Return Link Service (RLS) och smartphone-konfiguration via NFC-anslutning.<\/p>\n<ul data-start=\"954\" data-end=\"1273\">\n<li data-start=\"954\" data-end=\"1004\">\n<p data-start=\"956\" data-end=\"1004\"><strong data-start=\"956\" data-end=\"984\">Global n\u00f6dlarm<\/strong> via Cospas-Sarsat satellitn\u00e4tverk<\/p>\n<\/li>\n<li data-start=\"1064\" data-end=\"1131\">\n<p data-start=\"1066\" data-end=\"1131\"><strong data-start=\"1066\" data-end=\"1095\">Return Link Service (RLS)<\/strong> bekr\u00e4ftar att din signal har mottagits<\/p>\n<\/li>\n<li data-start=\"1132\" data-end=\"1210\">\n<p data-start=\"1134\" data-end=\"1210\"><strong data-start=\"1134\" data-end=\"1166\">Smartphone-installation och testning<\/strong> via den kostnadsfria Ocean Signal-appen (iOS och Android)<\/p>\n<\/li>\n<li data-start=\"1211\" data-end=\"1273\">\n<p data-start=\"1213\" data-end=\"1273\"><strong data-start=\"1213\" data-end=\"1251\">Manuellt f\u00e4ste (Kat II)<\/strong> ing\u00e5r f\u00f6r flexibel montering<\/p>\n<\/li>\n<\/ul>\n<hr data-start=\"2026\" data-end=\"2029\">\n<h4 data-start=\"2031\" data-end=\"2073\"><strong data-start=\"2036\" data-end=\"2071\">1 \u00d7<\/strong> <strong data-start=\"2191\" data-end=\"2242\">Ocean Signal EDF2 elektronisk n\u00f6draket<\/strong><\/h4>\n<p data-start=\"2245\" data-end=\"2268\">En fackla du kan lita p\u00e5 att den fungerar \u2013 utan utg\u00e5ngsdatum, brandrisker eller problem med avfallshantering.<br \/>\n V\u00e4rde i butik: 229,99 \u00a3<br \/>\n<img loading=\"lazy\" decoding=\"async\" class=\"alignnone wp-image-31439 size-medium\" src=\"https:\/\/oceansignal.com\/wp-content\/uploads\/2025\/06\/EDF2-FRONT-e1752085297427-198x300.png\" alt=\"\" width=\"198\" height=\"300\" srcset=\"https:\/\/oceansignal.com\/wp-content\/uploads\/2025\/06\/EDF2-FRONT-e1752085297427-198x300.png 198w, https:\/\/oceansignal.com\/wp-content\/uploads\/2025\/06\/EDF2-FRONT-e1752085297427-60x91.png 60w, https:\/\/oceansignal.com\/wp-content\/uploads\/2025\/06\/EDF2-FRONT-e1752085297427-110x166.png 110w, https:\/\/oceansignal.com\/wp-content\/uploads\/2025\/06\/EDF2-FRONT-e1752085297427.png 424w\" sizes=\"auto, (max-width: 198px) 100vw, 198px\" \/><br \/>\nH\u00f6gintensiv, flerf\u00e4rgad och IR-LED-bl\u00e4ndare. Synlig \u00f6ver 13 km p\u00e5 natten. \u00c5teranv\u00e4ndbar och s\u00e4krare \u00e4n pyroteknik.  <\/p>\n<ul data-start=\"2183\" data-end=\"2300\">\n<li data-start=\"2183\" data-end=\"2216\">\n<p data-start=\"2185\" data-end=\"2216\">Avger blixtkarakt\u00e4ristik f\u00f6r den internationella morsekoden f\u00f6r SOS<\/p>\n<\/li>\n<li data-start=\"2183\" data-end=\"2216\">Inkluderar n\u00f6dflagga och monteringsf\u00e4ste f\u00f6r dagtid<\/li>\n<li data-start=\"2217\" data-end=\"2261\">\n<p data-start=\"2219\" data-end=\"2261\">Flyter och fungerar i 3 timmar vid \u00f6nskad ljusintensitet<\/p>\n<\/li>\n<li data-start=\"2217\" data-end=\"2261\">\n<p data-start=\"2219\" data-end=\"2261\">\u00c5teranv\u00e4ndbar, batteridriven s\u00e4kerhet<\/p>\n<\/li>\n<li data-start=\"2217\" data-end=\"2261\">\u2265180 ljusvinkel vid \u226550 cd f\u00f6r h\u00f6g synlighet med Range Plus<\/li>\n<\/ul>\n<hr data-start=\"2026\" data-end=\"2029\">\n<h4 data-start=\"2031\" data-end=\"2073\"><strong data-start=\"2036\" data-end=\"2071\">1 \u00d7 ACR Signalspegel och visselpipa<\/strong><\/h4>\n<p data-start=\"2074\" data-end=\"2096\">L\u00e4gger till reservsignalering till din verktygsl\u00e5da \u2013 s\u00e4rskilt anv\u00e4ndbart n\u00e4r SAR-flygplan eller -fartyg \u00e4r i sikte men \u00e4nnu inte l\u00e5sta p\u00e5 din position.<br \/>\n V\u00e4rde i butik: 10,99 \u00a3<br \/>\n<img loading=\"lazy\" decoding=\"async\" class=\"alignnone wp-image-31407 size-medium\" src=\"https:\/\/oceansignal.com\/wp-content\/uploads\/2025\/06\/Grab_Bag_EPIRB1_Kit-e1752085331562-300x131.png\" alt=\"\" width=\"300\" height=\"131\" srcset=\"https:\/\/oceansignal.com\/wp-content\/uploads\/2025\/06\/Grab_Bag_EPIRB1_Kit-e1752085331562-300x131.png 300w, https:\/\/oceansignal.com\/wp-content\/uploads\/2025\/06\/Grab_Bag_EPIRB1_Kit-e1752085331562-60x26.png 60w, https:\/\/oceansignal.com\/wp-content\/uploads\/2025\/06\/Grab_Bag_EPIRB1_Kit-e1752085331562-110x48.png 110w, https:\/\/oceansignal.com\/wp-content\/uploads\/2025\/06\/Grab_Bag_EPIRB1_Kit-e1752085331562.png 344w\" sizes=\"auto, (max-width: 300px) 100vw, 300px\" \/><br \/>\n Enkla verktyg, betrodda \u00f6ver hela v\u00e4rlden, f\u00f6r n\u00e4rh\u00e5llssignalering n\u00e4r sikten \u00e4r viktig.<\/p>\n<ul data-start=\"2183\" data-end=\"2300\">\n<li data-start=\"2183\" data-end=\"2216\">\n<p data-start=\"2185\" data-end=\"2216\">Mycket reflekterande kompakt spegel f\u00f6r visuella signaler i dagsljus \u2013 Konstruerad f\u00f6r att reflektera solljus \u00f6ver l\u00e5nga avst\u00e5nd, perfekt f\u00f6r att f\u00e5nga \u00f6gat p\u00e5 passerande fartyg eller flygplan<\/p>\n<\/li>\n<li data-start=\"2217\" data-end=\"2261\">\n<p data-start=\"2219\" data-end=\"2261\">H\u00f6gdecibelvissla f\u00f6r ljudsignalering<\/p>\n<\/li>\n<li data-start=\"2262\" data-end=\"2300\">\n<p data-start=\"2264\" data-end=\"2300\">Kompakta, underh\u00e5llsfria n\u00f6dv\u00e4ndigheter<\/p>\n<\/li>\n<\/ul>\n<hr data-start=\"2461\" data-end=\"2464\">\n<h4 data-start=\"2466\" data-end=\"2513\"><strong data-start=\"2471\" data-end=\"2511\">1 \u00d7 Ocean Signal vattent\u00e4t gripv\u00e4ska<\/strong><\/h4>\n<p data-start=\"2514\" data-end=\"2536\">N\u00f6dsituationer \u00e4r kaotiska \u2013 den h\u00e4r v\u00e4skan s\u00e4kerst\u00e4ller att din b\u00e4sta utrustning f\u00f6rblir torr, samlad, synlig och l\u00e4tt\u00e5tkomlig.<br \/>\n V\u00e4rde i butik: 129,99 \u00a3<br \/>\n<img loading=\"lazy\" decoding=\"async\" class=\"alignnone wp-image-31488 size-medium\" src=\"https:\/\/oceansignal.com\/wp-content\/uploads\/2025\/06\/Grab_Bag-1-241x300.webp\" alt=\"\" width=\"241\" height=\"300\" srcset=\"https:\/\/oceansignal.com\/wp-content\/uploads\/2025\/06\/Grab_Bag-1-241x300.webp 241w, https:\/\/oceansignal.com\/wp-content\/uploads\/2025\/06\/Grab_Bag-1-60x75.webp 60w, https:\/\/oceansignal.com\/wp-content\/uploads\/2025\/06\/Grab_Bag-1-110x137.webp 110w, https:\/\/oceansignal.com\/wp-content\/uploads\/2025\/06\/Grab_Bag-1.webp 489w\" sizes=\"auto, (max-width: 241px) 100vw, 241px\" \/><\/p>\n<p data-start=\"2538\" data-end=\"2634\">Denna ljusa, flytande gripv\u00e4ska har funktioner som:<\/p>\n<ul data-start=\"2636\" data-end=\"2778\">\n<li data-start=\"2636\" data-end=\"2669\">\n<p data-start=\"2638\" data-end=\"2669\">L\u00e4tt och enkel att f\u00f6rvara<\/p>\n<\/li>\n<li data-start=\"2670\" data-end=\"2722\">\n<p data-start=\"2672\" data-end=\"2722\">Flyter och skyddar inneh\u00e5llet i tuffa f\u00f6rh\u00e5llanden<\/p>\n<\/li>\n<li data-start=\"2723\" data-end=\"2778\">\n<p data-start=\"2725\" data-end=\"2778\">G\u00f6r det snabbt och smidigt att ta fram dina n\u00f6dv\u00e4ndigheter<\/p>\n<\/li>\n<\/ul>\n<p data-start=\"2780\" data-end=\"2896\">\n","protected":false},"excerpt":{"rendered":"<ul>\n<li>Var redo n\u00e4r varje sekund r\u00e4knas med <strong data-start=\"43\" data-end=\"89\">Ocean Signal EPIRB2 Safety Kit Plus<\/strong> \u2013 en viktig n\u00f6dl\u00f6sning f\u00f6r seglare som bygger sin f\u00f6rsta gripv\u00e4ska.<\/li>\n<p> \t<\/p>\n<li>I den robusta, flytbara <strong data-start=\"195\" data-end=\"220\">Ocean Signal Grab Bag<\/strong> inneh\u00e5ller detta kit den avancerade <strong data-start=\"253\" data-end=\"263\">EPIRB2<\/strong> med GPS-positionering, Return Link Service (RLS) f\u00f6r att bekr\u00e4fta att din n\u00f6dsignal har mottagits, dubbla blixtljus (synliga och IR) och smartphone-diagnostik via NFC.<\/li>\n<p> \t<\/p>\n<li>Dessutom ing\u00e5r det kraftfulla <strong data-start=\"444\" data-end=\"478\">elektroniska n\u00f6dblixten EDF2<\/strong> , som erbjuder 360\u00b0 sikt med intensiva flerf\u00e4rgade och infrar\u00f6da lysdioder \u2013 perfekt f\u00f6r att dra till sig uppm\u00e4rksamhet i svagt ljus eller d\u00e5lig sikt. Kompakt, vattent\u00e4t och byggd f\u00f6r verkliga r\u00e4ddningsscenarier, detta kit hj\u00e4lper till att s\u00e4kerst\u00e4lla att du blir sedd, hittad och h\u00e4mtad hem \u2013 snabbt. <\/li>\n<p> \t<\/p>\n<li>Totalt kitv\u00e4rde vid rekommenderat pris: 920,96 \u00a3. Spara 170 \u00a3 med detta kit! <\/li>\n<\/ul>\n","protected":false},"featured_media":31368,"template":"","meta":{"_acf_changed":false,"om_disable_all_campaigns":false},"product_brand":[],"product_cat":[954,468,1682],"product_tag":[1351,1689],"class_list":{"0":"post-31907","1":"product","2":"type-product","3":"status-publish","4":"has-post-thumbnail","6":"product_cat-elektronisk-signalering-och-flare","7":"product_cat-rescueme-sv","8":"product_cat-sakerhetssatser","9":"product_tag-grab-bag-sv","10":"product_tag-sakerhetssatser","12":"first","13":"instock","14":"taxable","15":"shipping-taxable","16":"purchasable","17":"product-type-simple"},"acf":[],"yoast_head":"<!-- This site is optimized with the Yoast SEO Premium plugin v25.2 (Yoast SEO v26.4) - https:\/\/yoast.com\/wordpress\/plugins\/seo\/ -->\n<title>EPIRB2 Seglingss\u00e4kerhetskit Plus - Ocean Signal<\/title>\n<meta name=\"robots\" content=\"index, follow, max-snippet:-1, max-image-preview:large, max-video-preview:-1\" \/>\n<link rel=\"canonical\" href=\"https:\/\/oceansignal.com\/sv\/products\/epirb2-sakerhetssats-plus\/\" \/>\n<meta property=\"og:locale\" content=\"sv_SE\" \/>\n<meta property=\"og:type\" content=\"article\" \/>\n<meta property=\"og:title\" content=\"EPIRB2 Seglingss\u00e4kerhetskit Plus\" \/>\n<meta property=\"og:description\" content=\"Var redo n\u00e4r varje sekund r\u00e4knas med Ocean Signal EPIRB2 Safety Kit Plus \u2013 en viktig n\u00f6dl\u00f6sning f\u00f6r seglare som bygger sin f\u00f6rsta gripv\u00e4ska. I den robusta, flytbara Ocean Signal Grab Bag inneh\u00e5ller detta kit den avancerade EPIRB2 med GPS-positionering, Return Link Service (RLS) f\u00f6r att bekr\u00e4fta att din n\u00f6dsignal har mottagits, dubbla blixtljus (synliga och IR) och smartphone-diagnostik via NFC. Dessutom ing\u00e5r det kraftfulla elektroniska n\u00f6dblixten EDF2 , som erbjuder 360\u00b0 sikt med intensiva flerf\u00e4rgade och infrar\u00f6da lysdioder \u2013 perfekt f\u00f6r att dra till sig uppm\u00e4rksamhet i svagt ljus eller d\u00e5lig sikt. Kompakt, vattent\u00e4t och byggd f\u00f6r verkliga r\u00e4ddningsscenarier, detta kit hj\u00e4lper till att s\u00e4kerst\u00e4lla att du blir sedd, hittad och h\u00e4mtad hem \u2013 snabbt.  Totalt kitv\u00e4rde vid rekommenderat pris: 920,96 \u00a3. Spara 170 \u00a3 med detta kit!\" \/>\n<meta property=\"og:url\" content=\"https:\/\/oceansignal.com\/sv\/products\/epirb2-sakerhetssats-plus\/\" \/>\n<meta property=\"og:site_name\" content=\"Ocean Signal\" \/>\n<meta property=\"article:modified_time\" content=\"2026-03-12T09:19:12+00:00\" \/>\n<meta property=\"og:image\" content=\"https:\/\/oceansignal.com\/wp-content\/uploads\/2025\/06\/Grab_Bag_EPIRB2_Safety_Kit_Plus-2.jpg\" \/>\n\t<meta property=\"og:image:width\" content=\"911\" \/>\n\t<meta property=\"og:image:height\" content=\"805\" \/>\n\t<meta property=\"og:image:type\" content=\"image\/jpeg\" \/>\n<meta name=\"twitter:card\" content=\"summary_large_image\" \/>\n<meta name=\"twitter:label1\" content=\"Ber\u00e4knad l\u00e4stid\" \/>\n\t<meta name=\"twitter:data1\" content=\"3 minuter\" \/>\n<script type=\"application\/ld+json\" class=\"yoast-schema-graph\">{\"@context\":\"https:\/\/schema.org\",\"@graph\":[{\"@type\":\"WebPage\",\"@id\":\"https:\/\/oceansignal.com\/sv\/products\/epirb2-sakerhetssats-plus\/\",\"url\":\"https:\/\/oceansignal.com\/sv\/products\/epirb2-sakerhetssats-plus\/\",\"name\":\"EPIRB2 Seglingss\u00e4kerhetskit Plus - Ocean Signal\",\"isPartOf\":{\"@id\":\"https:\/\/oceansignal.com\/sv\/#website\"},\"primaryImageOfPage\":{\"@id\":\"https:\/\/oceansignal.com\/sv\/products\/epirb2-sakerhetssats-plus\/#primaryimage\"},\"image\":{\"@id\":\"https:\/\/oceansignal.com\/sv\/products\/epirb2-sakerhetssats-plus\/#primaryimage\"},\"thumbnailUrl\":\"https:\/\/oceansignal.com\/wp-content\/uploads\/2025\/06\/Grab_Bag_EPIRB2_Safety_Kit_Plus-2.jpg\",\"datePublished\":\"2025-07-17T08:59:49+00:00\",\"dateModified\":\"2026-03-12T09:19:12+00:00\",\"breadcrumb\":{\"@id\":\"https:\/\/oceansignal.com\/sv\/products\/epirb2-sakerhetssats-plus\/#breadcrumb\"},\"inLanguage\":\"sv-SE\",\"potentialAction\":[{\"@type\":\"ReadAction\",\"target\":[\"https:\/\/oceansignal.com\/sv\/products\/epirb2-sakerhetssats-plus\/\"]}]},{\"@type\":\"ImageObject\",\"inLanguage\":\"sv-SE\",\"@id\":\"https:\/\/oceansignal.com\/sv\/products\/epirb2-sakerhetssats-plus\/#primaryimage\",\"url\":\"https:\/\/oceansignal.com\/wp-content\/uploads\/2025\/06\/Grab_Bag_EPIRB2_Safety_Kit_Plus-2.jpg\",\"contentUrl\":\"https:\/\/oceansignal.com\/wp-content\/uploads\/2025\/06\/Grab_Bag_EPIRB2_Safety_Kit_Plus-2.jpg\",\"width\":911,\"height\":805,\"caption\":\"Ocean Signal b\u00e5ts\u00e4kerhetskit nu tillg\u00e4ngligt\"},{\"@type\":\"BreadcrumbList\",\"@id\":\"https:\/\/oceansignal.com\/sv\/products\/epirb2-sakerhetssats-plus\/#breadcrumb\",\"itemListElement\":[{\"@type\":\"ListItem\",\"position\":1,\"name\":\"Produkter\",\"item\":\"https:\/\/oceansignal.com\/sv\/produkter\/\"},{\"@type\":\"ListItem\",\"position\":2,\"name\":\"EPIRB2 Seglingss\u00e4kerhetskit Plus\"}]},{\"@type\":\"WebSite\",\"@id\":\"https:\/\/oceansignal.com\/sv\/#website\",\"url\":\"https:\/\/oceansignal.com\/sv\/\",\"name\":\"Ocean Signal\",\"description\":\"A leading manufacturer of EPIRBs, AIS, SARTs, Personal Locator Beacons, Man Overboard Beacon for the Marine and Outdoor Markets.\",\"potentialAction\":[{\"@type\":\"SearchAction\",\"target\":{\"@type\":\"EntryPoint\",\"urlTemplate\":\"https:\/\/oceansignal.com\/sv\/?s={search_term_string}\"},\"query-input\":{\"@type\":\"PropertyValueSpecification\",\"valueRequired\":true,\"valueName\":\"search_term_string\"}}],\"inLanguage\":\"sv-SE\"}]}<\/script>\n<!-- \/ Yoast SEO Premium plugin. -->","yoast_head_json":{"title":"EPIRB2 Seglingss\u00e4kerhetskit Plus - Ocean Signal","robots":{"index":"index","follow":"follow","max-snippet":"max-snippet:-1","max-image-preview":"max-image-preview:large","max-video-preview":"max-video-preview:-1"},"canonical":"https:\/\/oceansignal.com\/sv\/products\/epirb2-sakerhetssats-plus\/","og_locale":"sv_SE","og_type":"article","og_title":"EPIRB2 Seglingss\u00e4kerhetskit Plus","og_description":"Var redo n\u00e4r varje sekund r\u00e4knas med Ocean Signal EPIRB2 Safety Kit Plus \u2013 en viktig n\u00f6dl\u00f6sning f\u00f6r seglare som bygger sin f\u00f6rsta gripv\u00e4ska. I den robusta, flytbara Ocean Signal Grab Bag inneh\u00e5ller detta kit den avancerade EPIRB2 med GPS-positionering, Return Link Service (RLS) f\u00f6r att bekr\u00e4fta att din n\u00f6dsignal har mottagits, dubbla blixtljus (synliga och IR) och smartphone-diagnostik via NFC. Dessutom ing\u00e5r det kraftfulla elektroniska n\u00f6dblixten EDF2 , som erbjuder 360\u00b0 sikt med intensiva flerf\u00e4rgade och infrar\u00f6da lysdioder \u2013 perfekt f\u00f6r att dra till sig uppm\u00e4rksamhet i svagt ljus eller d\u00e5lig sikt. Kompakt, vattent\u00e4t och byggd f\u00f6r verkliga r\u00e4ddningsscenarier, detta kit hj\u00e4lper till att s\u00e4kerst\u00e4lla att du blir sedd, hittad och h\u00e4mtad hem \u2013 snabbt.  Totalt kitv\u00e4rde vid rekommenderat pris: 920,96 \u00a3. Spara 170 \u00a3 med detta kit!","og_url":"https:\/\/oceansignal.com\/sv\/products\/epirb2-sakerhetssats-plus\/","og_site_name":"Ocean Signal","article_modified_time":"2026-03-12T09:19:12+00:00","og_image":[{"width":911,"height":805,"url":"https:\/\/oceansignal.com\/wp-content\/uploads\/2025\/06\/Grab_Bag_EPIRB2_Safety_Kit_Plus-2.jpg","type":"image\/jpeg"}],"twitter_card":"summary_large_image","twitter_misc":{"Ber\u00e4knad l\u00e4stid":"3 minuter"},"schema":{"@context":"https:\/\/schema.org","@graph":[{"@type":"WebPage","@id":"https:\/\/oceansignal.com\/sv\/products\/epirb2-sakerhetssats-plus\/","url":"https:\/\/oceansignal.com\/sv\/products\/epirb2-sakerhetssats-plus\/","name":"EPIRB2 Seglingss\u00e4kerhetskit Plus - Ocean Signal","isPartOf":{"@id":"https:\/\/oceansignal.com\/sv\/#website"},"primaryImageOfPage":{"@id":"https:\/\/oceansignal.com\/sv\/products\/epirb2-sakerhetssats-plus\/#primaryimage"},"image":{"@id":"https:\/\/oceansignal.com\/sv\/products\/epirb2-sakerhetssats-plus\/#primaryimage"},"thumbnailUrl":"https:\/\/oceansignal.com\/wp-content\/uploads\/2025\/06\/Grab_Bag_EPIRB2_Safety_Kit_Plus-2.jpg","datePublished":"2025-07-17T08:59:49+00:00","dateModified":"2026-03-12T09:19:12+00:00","breadcrumb":{"@id":"https:\/\/oceansignal.com\/sv\/products\/epirb2-sakerhetssats-plus\/#breadcrumb"},"inLanguage":"sv-SE","potentialAction":[{"@type":"ReadAction","target":["https:\/\/oceansignal.com\/sv\/products\/epirb2-sakerhetssats-plus\/"]}]},{"@type":"ImageObject","inLanguage":"sv-SE","@id":"https:\/\/oceansignal.com\/sv\/products\/epirb2-sakerhetssats-plus\/#primaryimage","url":"https:\/\/oceansignal.com\/wp-content\/uploads\/2025\/06\/Grab_Bag_EPIRB2_Safety_Kit_Plus-2.jpg","contentUrl":"https:\/\/oceansignal.com\/wp-content\/uploads\/2025\/06\/Grab_Bag_EPIRB2_Safety_Kit_Plus-2.jpg","width":911,"height":805,"caption":"Ocean Signal b\u00e5ts\u00e4kerhetskit nu tillg\u00e4ngligt"},{"@type":"BreadcrumbList","@id":"https:\/\/oceansignal.com\/sv\/products\/epirb2-sakerhetssats-plus\/#breadcrumb","itemListElement":[{"@type":"ListItem","position":1,"name":"Produkter","item":"https:\/\/oceansignal.com\/sv\/produkter\/"},{"@type":"ListItem","position":2,"name":"EPIRB2 Seglingss\u00e4kerhetskit Plus"}]},{"@type":"WebSite","@id":"https:\/\/oceansignal.com\/sv\/#website","url":"https:\/\/oceansignal.com\/sv\/","name":"Ocean Signal","description":"A leading manufacturer of EPIRBs, AIS, SARTs, Personal Locator Beacons, Man Overboard Beacon for the Marine and Outdoor Markets.","potentialAction":[{"@type":"SearchAction","target":{"@type":"EntryPoint","urlTemplate":"https:\/\/oceansignal.com\/sv\/?s={search_term_string}"},"query-input":{"@type":"PropertyValueSpecification","valueRequired":true,"valueName":"search_term_string"}}],"inLanguage":"sv-SE"}]}},"_links":{"self":[{"href":"https:\/\/oceansignal.com\/sv\/wp-json\/wp\/v2\/product\/31907","targetHints":{"allow":["GET"]}}],"collection":[{"href":"https:\/\/oceansignal.com\/sv\/wp-json\/wp\/v2\/product"}],"about":[{"href":"https:\/\/oceansignal.com\/sv\/wp-json\/wp\/v2\/types\/product"}],"wp:featuredmedia":[{"embeddable":true,"href":"https:\/\/oceansignal.com\/sv\/wp-json\/wp\/v2\/media\/31368"}],"wp:attachment":[{"href":"https:\/\/oceansignal.com\/sv\/wp-json\/wp\/v2\/media?parent=31907"}],"wp:term":[{"taxonomy":"product_brand","embeddable":true,"href":"https:\/\/oceansignal.com\/sv\/wp-json\/wp\/v2\/product_brand?post=31907"},{"taxonomy":"product_cat","embeddable":true,"href":"https:\/\/oceansignal.com\/sv\/wp-json\/wp\/v2\/product_cat?post=31907"},{"taxonomy":"product_tag","embeddable":true,"href":"https:\/\/oceansignal.com\/sv\/wp-json\/wp\/v2\/product_tag?post=31907"}],"curies":[{"name":"wp","href":"https:\/\/api.w.org\/{rel}","templated":true}]}}