{"id":31921,"date":"2025-06-24T09:48:12","date_gmt":"2025-06-24T09:48:12","guid":{"rendered":"https:\/\/oceansignal.com\/products\/epirb3-sakerhetssats\/"},"modified":"2026-03-26T15:12:29","modified_gmt":"2026-03-26T15:12:29","slug":"epirb3-sakerhetssats","status":"publish","type":"product","link":"https:\/\/oceansignal.com\/sv\/products\/epirb3-sakerhetssats\/","title":{"rendered":"EPIRB3 S\u00e4kerhetssats f\u00f6r segling"},"content":{"rendered":"<h3 class=\"ai-optimize-42\" data-start=\"3285\" data-end=\"3337\"><strong data-start=\"3292\" data-end=\"3337\"><img loading=\"lazy\" decoding=\"async\" class=\"alignnone size-full wp-image-32359\" src=\"https:\/\/oceansignal.com\/wp-content\/uploads\/2025\/07\/View-New-Safety-Kits.png\" alt=\"\" width=\"300\" height=\"75\" srcset=\"https:\/\/oceansignal.com\/wp-content\/uploads\/2025\/07\/View-New-Safety-Kits.png 300w, https:\/\/oceansignal.com\/wp-content\/uploads\/2025\/07\/View-New-Safety-Kits-60x15.png 60w, https:\/\/oceansignal.com\/wp-content\/uploads\/2025\/07\/View-New-Safety-Kits-110x28.png 110w\" sizes=\"auto, (max-width: 300px) 100vw, 300px\" \/><\/strong><\/h3>\n<h3 class=\"ai-optimize-43\" data-start=\"2673\" data-end=\"2727\"><strong data-start=\"2680\" data-end=\"2727\">Varf\u00f6r v\u00e4lja EPIRB3-kitet?<\/strong><\/h3>\n<p class=\"ai-optimize-44 ai-optimize-introduction\" data-start=\"2729\" data-end=\"3018\">EPIRB3-kitet \u00e4r det mest avancerade instegspaketet du kan f\u00e5. Med v\u00e4rldsledande EPIRB-teknik, intuitiv smartphone-installation och lokal och global synlighet vid r\u00e4ddningsinsatser \u00e4r det perfekt f\u00f6r alla som vill ha sinnesro, regelefterlevnad och moderna funktioner inbyggda fr\u00e5n b\u00f6rjan. <\/p>\n<p class=\"ai-optimize-45\" data-start=\"3020\" data-end=\"3075\">Din b\u00e4sta start inom s\u00e4kerhet till havs. Inga kompromisser. <\/p>\n<h3 class=\"ai-optimize-46\" data-start=\"2313\" data-end=\"2334\"><strong data-start=\"2320\" data-end=\"2334\">Idealisk f\u00f6r:<\/strong><\/h3>\n<ul data-start=\"2335\" data-end=\"2600\">\n<li class=\"ai-optimize-47\" data-start=\"2335\" data-end=\"2389\">\n<p class=\"ai-optimize-48\" data-start=\"2337\" data-end=\"2389\">Offshore-seglare, yacht\u00e4gare och oceankryssare<\/p>\n<\/li>\n<li class=\"ai-optimize-49\" data-start=\"2390\" data-end=\"2456\">\n<p class=\"ai-optimize-50\" data-start=\"2392\" data-end=\"2456\">Bes\u00e4ttningar som f\u00f6rbereder sig f\u00f6r Cat 1-kappseglingar eller bl\u00e5vattenspassager<\/p>\n<\/li>\n<li class=\"ai-optimize-51\" data-start=\"2457\" data-end=\"2532\">\n<p class=\"ai-optimize-52\" data-start=\"2459\" data-end=\"2532\">S\u00e4kerhetsmedvetna skeppare s\u00f6ker EPIRB-teknik av h\u00f6gsta kvalitet<\/p>\n<\/li>\n<li class=\"ai-optimize-53\" data-start=\"2533\" data-end=\"2600\">\n<p class=\"ai-optimize-54\" data-start=\"2535\" data-end=\"2600\">Sj\u00f6m\u00e4n byter ut \u00e4ldre EPIRB-system med modern, regleringsklar utrustning<\/p>\n<\/li>\n<\/ul>\n<h3 class=\"ai-optimize-55\" data-start=\"673\" data-end=\"726\"><strong data-start=\"680\" data-end=\"726\">Vad ing\u00e5r och hur st\u00f6der det r\u00e4ddningsaktionen?<\/strong><\/h3>\n<h4 class=\"ai-optimize-56\" data-start=\"728\" data-end=\"762\"><strong data-start=\"733\" data-end=\"760\">1 \u00d7 Ocean Signal EPIRB3<\/strong><\/h4>\n<p class=\"ai-optimize-57\" data-start=\"763\" data-end=\"786\">Kan ses lokalt (fartyg med AIS-transceivers) och globalt (406 MHz-meddelande levererat till s\u00f6k- och r\u00e4ddningstj\u00e4nst), sp\u00e5ras med precision (AIS) och bekr\u00e4ftas med realtidsbekr\u00e4ftelse (RLS) \u2013 allt i en enda enhet.<br \/>\n V\u00e4rde i butik: 840,95 \u00a3<\/p>\n<p data-start=\"763\" data-end=\"786\"><img loading=\"lazy\" decoding=\"async\" class=\"alignnone size-medium wp-image-2147\" src=\"https:\/\/oceansignal.com\/wp-content\/uploads\/2024\/03\/EPIRB3-Front-300-RLS-on-1-300x300.png\" alt=\"Ocean Signal EPIRB3 med bl\u00e5 Return Link Service-lampa t\u00e4nd.\" width=\"300\" height=\"300\" srcset=\"https:\/\/oceansignal.com\/wp-content\/uploads\/2024\/03\/EPIRB3-Front-300-RLS-on-1-300x300.png 300w, https:\/\/oceansignal.com\/wp-content\/uploads\/2024\/03\/EPIRB3-Front-300-RLS-on-1-150x150.png 150w, https:\/\/oceansignal.com\/wp-content\/uploads\/2024\/03\/EPIRB3-Front-300-RLS-on-1-100x100.png 100w, https:\/\/oceansignal.com\/wp-content\/uploads\/2024\/03\/EPIRB3-Front-300-RLS-on-1.png 411w\" sizes=\"auto, (max-width: 300px) 100vw, 300px\" \/><\/p>\n<p class=\"ai-optimize-58\" data-start=\"788\" data-end=\"915\">Ocean Signals flaggskepps-EPIRB, byggd f\u00f6r att uppfylla de senaste internationella standarderna och fullpackad med livr\u00e4ddande funktioner inklusive:<\/p>\n<ul data-start=\"917\" data-end=\"1359\">\n<li class=\"ai-optimize-59\" data-start=\"917\" data-end=\"965\">\n<p class=\"ai-optimize-60\" data-start=\"919\" data-end=\"965\"><strong>406 MHz Cospas-Sarsat-satellitvarning<\/strong><\/p>\n<\/li>\n<li class=\"ai-optimize-61\" data-start=\"966\" data-end=\"1014\">\n<p class=\"ai-optimize-62\" data-start=\"968\" data-end=\"1014\"><strong>AIS-s\u00e4ndning till n\u00e4rliggande fartyg med AIS-transceivers<\/strong><\/p>\n<\/li>\n<li class=\"ai-optimize-63\" data-start=\"1015\" data-end=\"1097\">\n<p class=\"ai-optimize-64\" data-start=\"1017\" data-end=\"1097\"><strong>Return Link Service (RLS): bekr\u00e4ftar att din n\u00f6dsignal har mottagits<\/strong><\/p>\n<\/li>\n<li class=\"ai-optimize-65\" data-start=\"1098\" data-end=\"1148\">\n<p class=\"ai-optimize-66\" data-start=\"1100\" data-end=\"1148\"><strong>GNSS (GPS + Galileo) f\u00f6r h\u00f6g precision<\/strong><\/p>\n<\/li>\n<li class=\"ai-optimize-67\" data-start=\"1149\" data-end=\"1186\">\n<p class=\"ai-optimize-68\" data-start=\"1151\" data-end=\"1186\"><strong>121,5 MHz lokal m\u00e5ls\u00f6kande signal<\/strong><\/p>\n<\/li>\n<li class=\"ai-optimize-69\" data-start=\"1187\" data-end=\"1239\">\n<p class=\"ai-optimize-70\" data-start=\"1189\" data-end=\"1239\"><strong>Synliga + infrar\u00f6da blixtar f\u00f6r visuell detektering i svagt ljus<\/strong><\/p>\n<\/li>\n<li class=\"ai-optimize-71\" data-start=\"1240\" data-end=\"1299\">\n<p class=\"ai-optimize-72\" data-start=\"1242\" data-end=\"1299\"><strong>NFC-smarttelefonkonfiguration med den kostnadsfria Ocean Signal-appen<\/strong><\/p>\n<\/li>\n<li class=\"ai-optimize-73\" data-start=\"1300\" data-end=\"1359\">\n<p class=\"ai-optimize-74\" data-start=\"1302\" data-end=\"1359\"><strong>Manuellt f\u00e4ste (Kat II) f\u00f6r flexibel montering<\/strong><\/p>\n<\/li>\n<\/ul>\n<hr data-start=\"1511\" data-end=\"1514\">\n<h4 class=\"ai-optimize-75\" data-start=\"1516\" data-end=\"1558\"><strong data-start=\"1521\" data-end=\"1556\">1 \u00d7 ACR Signalspegel och visselpipa<\/strong><\/h4>\n<p class=\"ai-optimize-76\" data-start=\"1559\" data-end=\"1581\">Perfekt n\u00e4r SAR-team \u00e4r i n\u00e4rheten och du beh\u00f6ver dra till dig deras uppm\u00e4rksamhet snabbt och tydligt.<br \/>\n V\u00e4rde i butik: 10,99 \u00a3<\/p>\n<p data-start=\"1559\" data-end=\"1581\"><img loading=\"lazy\" decoding=\"async\" class=\"alignnone wp-image-31407 size-medium\" src=\"https:\/\/oceansignal.com\/wp-content\/uploads\/2025\/06\/Grab_Bag_EPIRB1_Kit-e1752085331562-300x131.png\" alt=\"\" width=\"300\" height=\"131\" srcset=\"https:\/\/oceansignal.com\/wp-content\/uploads\/2025\/06\/Grab_Bag_EPIRB1_Kit-e1752085331562-300x131.png 300w, https:\/\/oceansignal.com\/wp-content\/uploads\/2025\/06\/Grab_Bag_EPIRB1_Kit-e1752085331562-60x26.png 60w, https:\/\/oceansignal.com\/wp-content\/uploads\/2025\/06\/Grab_Bag_EPIRB1_Kit-e1752085331562-110x48.png 110w, https:\/\/oceansignal.com\/wp-content\/uploads\/2025\/06\/Grab_Bag_EPIRB1_Kit-e1752085331562.png 344w\" sizes=\"auto, (max-width: 300px) 100vw, 300px\" \/><\/p>\n<p class=\"ai-optimize-77\" data-start=\"1583\" data-end=\"1691\">Dessa underh\u00e5llsfria verktyg ger v\u00e4rdefull extra synlighet och ljudsignalering i de sista skedena av r\u00e4ddningsinsatsen.<\/p>\n<ul data-start=\"1693\" data-end=\"1791\">\n<li class=\"ai-optimize-78\" data-start=\"1693\" data-end=\"1734\">\n<p class=\"ai-optimize-79\" data-start=\"1695\" data-end=\"1734\"><strong>Mycket reflekterande kompakt spegel f\u00f6r visuella signaler i dagsljus \u2013 Konstruerad f\u00f6r att reflektera solljus \u00f6ver stora avst\u00e5nd, perfekt f\u00f6r att f\u00e5nga \u00f6gat p\u00e5 passerande fartyg eller flygplan<\/strong><\/p>\n<\/li>\n<li class=\"ai-optimize-80\" data-start=\"1735\" data-end=\"1791\">\n<p class=\"ai-optimize-81\" data-start=\"1737\" data-end=\"1791\"><strong>H\u00f6g, ljudl\u00f6s visselpipa f\u00f6r att locka uppm\u00e4rksamhet p\u00e5 n\u00e4ra h\u00e5ll<\/strong><\/p>\n<\/li>\n<\/ul>\n<hr data-start=\"1909\" data-end=\"1912\">\n<h4 class=\"ai-optimize-82\" data-start=\"1914\" data-end=\"1961\"><strong data-start=\"1919\" data-end=\"1959\">1 \u00d7 Ocean Signal vattent\u00e4t gripv\u00e4ska<\/strong><\/h4>\n<p class=\"ai-optimize-83\" data-start=\"1962\" data-end=\"1985\"><em data-start=\"1962\" data-end=\"1985\">N\u00e4r varje sekund r\u00e4knas \u00e4r det avg\u00f6rande att ha allt p\u00e5 en torr, synlig plats.<br \/>\n V\u00e4rde i butik: 129,99 \u00a3<\/em><\/p>\n<p data-start=\"1962\" data-end=\"1985\"><img loading=\"lazy\" decoding=\"async\" class=\"alignnone wp-image-31488 size-medium\" src=\"https:\/\/oceansignal.com\/wp-content\/uploads\/2025\/06\/Grab_Bag-1-241x300.webp\" alt=\"\" width=\"241\" height=\"300\" srcset=\"https:\/\/oceansignal.com\/wp-content\/uploads\/2025\/06\/Grab_Bag-1-241x300.webp 241w, https:\/\/oceansignal.com\/wp-content\/uploads\/2025\/06\/Grab_Bag-1-60x75.webp 60w, https:\/\/oceansignal.com\/wp-content\/uploads\/2025\/06\/Grab_Bag-1-110x137.webp 110w, https:\/\/oceansignal.com\/wp-content\/uploads\/2025\/06\/Grab_Bag-1.webp 489w\" sizes=\"auto, (max-width: 241px) 100vw, 241px\" \/><\/p>\n<p class=\"ai-optimize-84\" data-start=\"1987\" data-end=\"2079\">Denna t\u00e5liga, flytande v\u00e4ska h\u00e5ller ihop din viktiga utrustning \u2013 torr, skyddad och redo att anv\u00e4ndas.<\/p>\n<ul data-start=\"2081\" data-end=\"2190\">\n<li class=\"ai-optimize-85\" data-start=\"2081\" data-end=\"2107\">\n<p class=\"ai-optimize-86\" data-start=\"2083\" data-end=\"2107\"><strong>F\u00e4rg med h\u00f6g synlighet<\/strong><\/p>\n<\/li>\n<li class=\"ai-optimize-87\" data-start=\"2108\" data-end=\"2131\">\n<p class=\"ai-optimize-88\" data-start=\"2110\" data-end=\"2131\"><strong>Flytande<\/strong><\/p>\n<\/li>\n<li class=\"ai-optimize-89\" data-start=\"2132\" data-end=\"2190\">\n<p class=\"ai-optimize-90\" data-start=\"2134\" data-end=\"2190\"><strong>Idealisk storlek f\u00f6r EPIRB, eventuell ytterligare s\u00e4kerhetsutrustning och viktiga dokument<\/strong><\/p>\n<\/li>\n<\/ul>\n","protected":false},"excerpt":{"rendered":"<ul>\n<li class=\"ai-optimize-38\">EPIRB3-kitet \u00e4r en allt-i-ett-s\u00e4kerhetsl\u00f6sning i toppklass, utformad f\u00f6r seglare som vill ha de mest avancerade EPIRB-funktionerna som finns tillg\u00e4ngliga \u2013 direkt fr\u00e5n b\u00f6rjan.<\/li>\n<li class=\"ai-optimize-39\">Med AIS, Return Link Service, GNSS-positionering och global Cospas-Sarsat-varning ger EPIRB3 ensamseglare och bes\u00e4ttningsseglare en framtidss\u00e4ker s\u00e4kerhetsl\u00f6sning fr\u00e5n dag ett.<\/li>\n<li class=\"ai-optimize-40\">Den medf\u00f6ljande gripv\u00e4skan s\u00e4kerst\u00e4ller att du har en v\u00e4l synlig och flytande f\u00f6rvaringsl\u00f6sning f\u00f6r din EPIRB3, signalspegel och visselpipa som ing\u00e5r i kitet.<\/li>\n<\/ul>\n<p class=\"ai-optimize-41\">Totalt kitv\u00e4rde vid rekommenderat pris: 990,97 \u00a3. Spara 129,98 \u00a3 med detta kit! <\/p>\n","protected":false},"featured_media":31583,"template":"","meta":{"_acf_changed":false,"om_disable_all_campaigns":false},"product_brand":[],"product_cat":[468,1682],"product_tag":[867,873,1351,1689],"class_list":{"0":"post-31921","1":"product","2":"type-product","3":"status-publish","4":"has-post-thumbnail","6":"product_cat-rescueme-sv","7":"product_cat-sakerhetssatser","8":"product_tag-epirb-sv","9":"product_tag-epirb3-sv","10":"product_tag-grab-bag-sv","11":"product_tag-sakerhetssatser","13":"first","14":"instock","15":"taxable","16":"shipping-taxable","17":"purchasable","18":"product-type-simple"},"acf":[],"yoast_head":"<!-- This site is optimized with the Yoast SEO Premium plugin v25.2 (Yoast SEO v26.4) - https:\/\/yoast.com\/wordpress\/plugins\/seo\/ -->\n<title>EPIRB3 S\u00e4kerhetssats f\u00f6r segling - Ocean Signal<\/title>\n<meta name=\"robots\" content=\"index, follow, max-snippet:-1, max-image-preview:large, max-video-preview:-1\" \/>\n<link rel=\"canonical\" href=\"https:\/\/oceansignal.com\/sv\/products\/epirb3-sakerhetssats\/\" \/>\n<meta property=\"og:locale\" content=\"sv_SE\" \/>\n<meta property=\"og:type\" content=\"article\" \/>\n<meta property=\"og:title\" content=\"EPIRB3 S\u00e4kerhetssats f\u00f6r segling\" \/>\n<meta property=\"og:description\" content=\"EPIRB3-kitet \u00e4r en allt-i-ett-s\u00e4kerhetsl\u00f6sning i toppklass, utformad f\u00f6r seglare som vill ha de mest avancerade EPIRB-funktionerna som finns tillg\u00e4ngliga \u2013 direkt fr\u00e5n b\u00f6rjan.  Med AIS, Return Link Service, GNSS-positionering och global Cospas-Sarsat-varning ger EPIRB3 ensamseglare och bes\u00e4ttningsseglare en framtidss\u00e4ker s\u00e4kerhetsl\u00f6sning fr\u00e5n dag ett.  Den medf\u00f6ljande gripv\u00e4skan s\u00e4kerst\u00e4ller att du har en v\u00e4l synlig och flytande f\u00f6rvaringsl\u00f6sning f\u00f6r din EPIRB3, signalspegel och visselpipa som ing\u00e5r i kitet. Totalt kitv\u00e4rde vid rekommenderat pris: 990,97 \u00a3. Spara 129,98 \u00a3 med detta kit!\" \/>\n<meta property=\"og:url\" content=\"https:\/\/oceansignal.com\/sv\/products\/epirb3-sakerhetssats\/\" \/>\n<meta property=\"og:site_name\" content=\"Ocean Signal\" \/>\n<meta property=\"article:modified_time\" content=\"2026-03-26T15:12:29+00:00\" \/>\n<meta property=\"og:image\" content=\"https:\/\/oceansignal.com\/wp-content\/uploads\/2025\/06\/Grab_Bag_EPIRB3_Kit-1.jpg\" \/>\n\t<meta property=\"og:image:width\" content=\"911\" \/>\n\t<meta property=\"og:image:height\" content=\"805\" \/>\n\t<meta property=\"og:image:type\" content=\"image\/jpeg\" \/>\n<meta name=\"twitter:card\" content=\"summary_large_image\" \/>\n<meta name=\"twitter:label1\" content=\"Ber\u00e4knad l\u00e4stid\" \/>\n\t<meta name=\"twitter:data1\" content=\"2 minuter\" \/>\n<script type=\"application\/ld+json\" class=\"yoast-schema-graph\">{\"@context\":\"https:\/\/schema.org\",\"@graph\":[{\"@type\":\"WebPage\",\"@id\":\"https:\/\/oceansignal.com\/sv\/products\/epirb3-sakerhetssats\/\",\"url\":\"https:\/\/oceansignal.com\/sv\/products\/epirb3-sakerhetssats\/\",\"name\":\"EPIRB3 S\u00e4kerhetssats f\u00f6r segling - Ocean Signal\",\"isPartOf\":{\"@id\":\"https:\/\/oceansignal.com\/sv\/#website\"},\"primaryImageOfPage\":{\"@id\":\"https:\/\/oceansignal.com\/sv\/products\/epirb3-sakerhetssats\/#primaryimage\"},\"image\":{\"@id\":\"https:\/\/oceansignal.com\/sv\/products\/epirb3-sakerhetssats\/#primaryimage\"},\"thumbnailUrl\":\"https:\/\/oceansignal.com\/wp-content\/uploads\/2025\/06\/Grab_Bag_EPIRB3_Kit-1.jpg\",\"datePublished\":\"2025-06-24T09:48:12+00:00\",\"dateModified\":\"2026-03-26T15:12:29+00:00\",\"breadcrumb\":{\"@id\":\"https:\/\/oceansignal.com\/sv\/products\/epirb3-sakerhetssats\/#breadcrumb\"},\"inLanguage\":\"sv-SE\",\"potentialAction\":[{\"@type\":\"ReadAction\",\"target\":[\"https:\/\/oceansignal.com\/sv\/products\/epirb3-sakerhetssats\/\"]}]},{\"@type\":\"ImageObject\",\"inLanguage\":\"sv-SE\",\"@id\":\"https:\/\/oceansignal.com\/sv\/products\/epirb3-sakerhetssats\/#primaryimage\",\"url\":\"https:\/\/oceansignal.com\/wp-content\/uploads\/2025\/06\/Grab_Bag_EPIRB3_Kit-1.jpg\",\"contentUrl\":\"https:\/\/oceansignal.com\/wp-content\/uploads\/2025\/06\/Grab_Bag_EPIRB3_Kit-1.jpg\",\"width\":911,\"height\":805},{\"@type\":\"BreadcrumbList\",\"@id\":\"https:\/\/oceansignal.com\/sv\/products\/epirb3-sakerhetssats\/#breadcrumb\",\"itemListElement\":[{\"@type\":\"ListItem\",\"position\":1,\"name\":\"Produkter\",\"item\":\"https:\/\/oceansignal.com\/sv\/produkter\/\"},{\"@type\":\"ListItem\",\"position\":2,\"name\":\"EPIRB3 S\u00e4kerhetssats f\u00f6r segling\"}]},{\"@type\":\"WebSite\",\"@id\":\"https:\/\/oceansignal.com\/sv\/#website\",\"url\":\"https:\/\/oceansignal.com\/sv\/\",\"name\":\"Ocean Signal\",\"description\":\"A leading manufacturer of EPIRBs, AIS, SARTs, Personal Locator Beacons, Man Overboard Beacon for the Marine and Outdoor Markets.\",\"potentialAction\":[{\"@type\":\"SearchAction\",\"target\":{\"@type\":\"EntryPoint\",\"urlTemplate\":\"https:\/\/oceansignal.com\/sv\/?s={search_term_string}\"},\"query-input\":{\"@type\":\"PropertyValueSpecification\",\"valueRequired\":true,\"valueName\":\"search_term_string\"}}],\"inLanguage\":\"sv-SE\"}]}<\/script>\n<!-- \/ Yoast SEO Premium plugin. -->","yoast_head_json":{"title":"EPIRB3 S\u00e4kerhetssats f\u00f6r segling - Ocean Signal","robots":{"index":"index","follow":"follow","max-snippet":"max-snippet:-1","max-image-preview":"max-image-preview:large","max-video-preview":"max-video-preview:-1"},"canonical":"https:\/\/oceansignal.com\/sv\/products\/epirb3-sakerhetssats\/","og_locale":"sv_SE","og_type":"article","og_title":"EPIRB3 S\u00e4kerhetssats f\u00f6r segling","og_description":"EPIRB3-kitet \u00e4r en allt-i-ett-s\u00e4kerhetsl\u00f6sning i toppklass, utformad f\u00f6r seglare som vill ha de mest avancerade EPIRB-funktionerna som finns tillg\u00e4ngliga \u2013 direkt fr\u00e5n b\u00f6rjan.  Med AIS, Return Link Service, GNSS-positionering och global Cospas-Sarsat-varning ger EPIRB3 ensamseglare och bes\u00e4ttningsseglare en framtidss\u00e4ker s\u00e4kerhetsl\u00f6sning fr\u00e5n dag ett.  Den medf\u00f6ljande gripv\u00e4skan s\u00e4kerst\u00e4ller att du har en v\u00e4l synlig och flytande f\u00f6rvaringsl\u00f6sning f\u00f6r din EPIRB3, signalspegel och visselpipa som ing\u00e5r i kitet. Totalt kitv\u00e4rde vid rekommenderat pris: 990,97 \u00a3. Spara 129,98 \u00a3 med detta kit!","og_url":"https:\/\/oceansignal.com\/sv\/products\/epirb3-sakerhetssats\/","og_site_name":"Ocean Signal","article_modified_time":"2026-03-26T15:12:29+00:00","og_image":[{"width":911,"height":805,"url":"https:\/\/oceansignal.com\/wp-content\/uploads\/2025\/06\/Grab_Bag_EPIRB3_Kit-1.jpg","type":"image\/jpeg"}],"twitter_card":"summary_large_image","twitter_misc":{"Ber\u00e4knad l\u00e4stid":"2 minuter"},"schema":{"@context":"https:\/\/schema.org","@graph":[{"@type":"WebPage","@id":"https:\/\/oceansignal.com\/sv\/products\/epirb3-sakerhetssats\/","url":"https:\/\/oceansignal.com\/sv\/products\/epirb3-sakerhetssats\/","name":"EPIRB3 S\u00e4kerhetssats f\u00f6r segling - Ocean Signal","isPartOf":{"@id":"https:\/\/oceansignal.com\/sv\/#website"},"primaryImageOfPage":{"@id":"https:\/\/oceansignal.com\/sv\/products\/epirb3-sakerhetssats\/#primaryimage"},"image":{"@id":"https:\/\/oceansignal.com\/sv\/products\/epirb3-sakerhetssats\/#primaryimage"},"thumbnailUrl":"https:\/\/oceansignal.com\/wp-content\/uploads\/2025\/06\/Grab_Bag_EPIRB3_Kit-1.jpg","datePublished":"2025-06-24T09:48:12+00:00","dateModified":"2026-03-26T15:12:29+00:00","breadcrumb":{"@id":"https:\/\/oceansignal.com\/sv\/products\/epirb3-sakerhetssats\/#breadcrumb"},"inLanguage":"sv-SE","potentialAction":[{"@type":"ReadAction","target":["https:\/\/oceansignal.com\/sv\/products\/epirb3-sakerhetssats\/"]}]},{"@type":"ImageObject","inLanguage":"sv-SE","@id":"https:\/\/oceansignal.com\/sv\/products\/epirb3-sakerhetssats\/#primaryimage","url":"https:\/\/oceansignal.com\/wp-content\/uploads\/2025\/06\/Grab_Bag_EPIRB3_Kit-1.jpg","contentUrl":"https:\/\/oceansignal.com\/wp-content\/uploads\/2025\/06\/Grab_Bag_EPIRB3_Kit-1.jpg","width":911,"height":805},{"@type":"BreadcrumbList","@id":"https:\/\/oceansignal.com\/sv\/products\/epirb3-sakerhetssats\/#breadcrumb","itemListElement":[{"@type":"ListItem","position":1,"name":"Produkter","item":"https:\/\/oceansignal.com\/sv\/produkter\/"},{"@type":"ListItem","position":2,"name":"EPIRB3 S\u00e4kerhetssats f\u00f6r segling"}]},{"@type":"WebSite","@id":"https:\/\/oceansignal.com\/sv\/#website","url":"https:\/\/oceansignal.com\/sv\/","name":"Ocean Signal","description":"A leading manufacturer of EPIRBs, AIS, SARTs, Personal Locator Beacons, Man Overboard Beacon for the Marine and Outdoor Markets.","potentialAction":[{"@type":"SearchAction","target":{"@type":"EntryPoint","urlTemplate":"https:\/\/oceansignal.com\/sv\/?s={search_term_string}"},"query-input":{"@type":"PropertyValueSpecification","valueRequired":true,"valueName":"search_term_string"}}],"inLanguage":"sv-SE"}]}},"_links":{"self":[{"href":"https:\/\/oceansignal.com\/sv\/wp-json\/wp\/v2\/product\/31921","targetHints":{"allow":["GET"]}}],"collection":[{"href":"https:\/\/oceansignal.com\/sv\/wp-json\/wp\/v2\/product"}],"about":[{"href":"https:\/\/oceansignal.com\/sv\/wp-json\/wp\/v2\/types\/product"}],"wp:featuredmedia":[{"embeddable":true,"href":"https:\/\/oceansignal.com\/sv\/wp-json\/wp\/v2\/media\/31583"}],"wp:attachment":[{"href":"https:\/\/oceansignal.com\/sv\/wp-json\/wp\/v2\/media?parent=31921"}],"wp:term":[{"taxonomy":"product_brand","embeddable":true,"href":"https:\/\/oceansignal.com\/sv\/wp-json\/wp\/v2\/product_brand?post=31921"},{"taxonomy":"product_cat","embeddable":true,"href":"https:\/\/oceansignal.com\/sv\/wp-json\/wp\/v2\/product_cat?post=31921"},{"taxonomy":"product_tag","embeddable":true,"href":"https:\/\/oceansignal.com\/sv\/wp-json\/wp\/v2\/product_tag?post=31921"}],"curies":[{"name":"wp","href":"https:\/\/api.w.org\/{rel}","templated":true}]}}