{"id":31937,"date":"2025-06-24T09:45:57","date_gmt":"2025-06-24T09:45:57","guid":{"rendered":"https:\/\/oceansignal.com\/products\/epirb2-sakerhetskit\/"},"modified":"2025-10-01T07:56:11","modified_gmt":"2025-10-01T07:56:11","slug":"epirb2-sakerhetskit","status":"publish","type":"product","link":"https:\/\/oceansignal.com\/sv\/products\/epirb2-sakerhetskit\/","title":{"rendered":"EPIRB2 S\u00e4kerhetssats f\u00f6r segling"},"content":{"rendered":"<h3 data-start=\"3285\" data-end=\"3337\"><strong data-start=\"3292\" data-end=\"3337\"><img loading=\"lazy\" decoding=\"async\" class=\"alignnone size-full wp-image-32359\" src=\"https:\/\/oceansignal.com\/wp-content\/uploads\/2025\/07\/View-New-Safety-Kits.png\" alt=\"\" width=\"300\" height=\"75\" srcset=\"https:\/\/oceansignal.com\/wp-content\/uploads\/2025\/07\/View-New-Safety-Kits.png 300w, https:\/\/oceansignal.com\/wp-content\/uploads\/2025\/07\/View-New-Safety-Kits-60x15.png 60w, https:\/\/oceansignal.com\/wp-content\/uploads\/2025\/07\/View-New-Safety-Kits-110x28.png 110w\" sizes=\"auto, (max-width: 300px) 100vw, 300px\" \/><\/strong><\/h3>\n<h3 data-start=\"2553\" data-end=\"2604\"><strong data-start=\"2560\" data-end=\"2604\">Varf\u00f6r v\u00e4lja EPIRB2 s\u00e4kerhetssats?<\/strong><\/h3>\n<p data-start=\"2606\" data-end=\"2880\">EPIRB2-kitet \u00e4r enkelt, kompatibelt och p\u00e5litligt och ger dig skydd p\u00e5 satellitniv\u00e5 med minimal installation, samtidigt som det erbjuder den trygghet som f\u00f6ljer med Return Link Service (RLS)-funktionen. Inkluderingen av RLS ger anv\u00e4ndarna en bekr\u00e4ftelse p\u00e5 att deras n\u00f6dmeddelande har skickats och mottagits. Med den medf\u00f6ljande gripv\u00e4skan \u00e4r detta kit idealiskt f\u00f6r seglare som vill uppfylla h\u00f6ga s\u00e4kerhetsstandarder utan att \u00f6verbelasta eller spendera f\u00f6r mycket. Det \u00e4r det praktiska valet f\u00f6r verkliga \u00e4ventyr p\u00e5 vattnet.  <\/p>\n<p data-start=\"2882\" data-end=\"2932\">Riktig s\u00e4kerhet. Inga extrafunktioner. Precis vad du beh\u00f6ver.  <\/p>\n<h3 data-start=\"2206\" data-end=\"2227\"><strong data-start=\"2213\" data-end=\"2227\">Idealisk f\u00f6r:<\/strong><\/h3>\n<ul data-start=\"2228\" data-end=\"2474\">\n<li data-start=\"2228\" data-end=\"2281\">\n<p data-start=\"2230\" data-end=\"2281\">Sj\u00f6m\u00e4n f\u00f6rbereder sig f\u00f6r en utlandsresa<\/p>\n<\/li>\n<li data-start=\"2282\" data-end=\"2347\">\n<p data-start=\"2284\" data-end=\"2347\">Kustkryssare som s\u00f6ker den s\u00e4kerhet och det skydd som \u00e4r f\u00f6rknippat med att ha en EPIRB ombord<\/p>\n<\/li>\n<li data-start=\"2348\" data-end=\"2418\">\n<p data-start=\"2350\" data-end=\"2418\">Bes\u00e4ttningar som uppgraderar s\u00e4kerhetsutrustning f\u00f6r att uppfylla t\u00e4vlings- eller f\u00f6rs\u00e4kringskrav<\/p>\n<\/li>\n<li data-start=\"2419\" data-end=\"2474\">\n<p data-start=\"2421\" data-end=\"2474\">RYA-studenter och yacht\u00e4gare utan inbyggda EPIRB-s\u00e4ndare<\/p>\n<\/li>\n<\/ul>\n<h3 data-start=\"727\" data-end=\"780\"><strong data-start=\"734\" data-end=\"780\">Vad som ing\u00e5r och hur det st\u00f6der r\u00e4ddningsaktionen<\/strong><\/h3>\n<h4 data-start=\"782\" data-end=\"825\"><strong data-start=\"787\" data-end=\"823\">1 \u00d7 Ocean Signal EPIRB2 med NFC<\/strong><\/h4>\n<p data-start=\"826\" data-end=\"849\">Oavsett om du \u00e4r vid kusten eller ger dig ut p\u00e5 havet, s\u00e4kerst\u00e4ller denna EPIRB global r\u00e4ckvidd med modern teknik, allt i en kompakt och l\u00e4ttinstallerad enhet.<br \/>\n Ordinarie v\u00e4rde: 549,99 \u00a3<\/p>\n<p data-start=\"826\" data-end=\"849\"><img loading=\"lazy\" decoding=\"async\" class=\"alignnone size-medium wp-image-1118\" src=\"https:\/\/oceansignal.com\/wp-content\/uploads\/2023\/09\/EPIRB2-FRONT-72-300x300.png\" alt=\"Ocean Signal rescueME EPIRB2 med Return Link Service - hj\u00e4lper till med effektiva r\u00e4ddningsoperationer\" width=\"300\" height=\"300\" srcset=\"https:\/\/oceansignal.com\/wp-content\/uploads\/2023\/09\/EPIRB2-FRONT-72-300x300.png 300w, https:\/\/oceansignal.com\/wp-content\/uploads\/2023\/09\/EPIRB2-FRONT-72-150x150.png 150w, https:\/\/oceansignal.com\/wp-content\/uploads\/2023\/09\/EPIRB2-FRONT-72-100x100.png 100w, https:\/\/oceansignal.com\/wp-content\/uploads\/2023\/09\/EPIRB2-FRONT-72.png 411w\" sizes=\"auto, (max-width: 300px) 100vw, 300px\" \/><\/p>\n<p data-start=\"851\" data-end=\"1068\">En kraftfull n\u00f6ds\u00e4ndare av kategori II p\u00e5 406 MHz som ansluter dig till det globala satellitn\u00e4tverket Cospas-Sarsat p\u00e5 n\u00e5gra minuter. Inkluderar Return Link Service (RLS) och smartphone-anslutning via NFC. <\/p>\n<ul data-start=\"1070\" data-end=\"1259\">\n<li data-start=\"1070\" data-end=\"1096\">\n<p data-start=\"1072\" data-end=\"1096\">V\u00e4rldsomsp\u00e4nnande SAR-varningar<\/p>\n<\/li>\n<li data-start=\"1131\" data-end=\"1181\">\n<p data-start=\"1133\" data-end=\"1181\">RLS bekr\u00e4ftar att din n\u00f6dsignal har mottagits<\/p>\n<\/li>\n<li data-start=\"1182\" data-end=\"1222\">\n<p data-start=\"1184\" data-end=\"1222\">Smartphone-app f\u00f6r testning och installation<\/p>\n<\/li>\n<li data-start=\"1223\" data-end=\"1259\">\n<p data-start=\"1225\" data-end=\"1259\">Manuell f\u00e4ste (Kat II) ing\u00e5r<\/p>\n<\/li>\n<\/ul>\n<hr data-start=\"1423\" data-end=\"1426\">\n<h4 data-start=\"1428\" data-end=\"1470\"><strong data-start=\"1433\" data-end=\"1468\">1 \u00d7 ACR Signalspegel och visselpipa<\/strong><\/h4>\n<p data-start=\"1471\" data-end=\"1493\">Viktiga verktyg f\u00f6r att underl\u00e4tta slutgiltig platsidentifiering n\u00e4r hj\u00e4lp v\u00e4l \u00e4r p\u00e5 plats.<br \/>\n V\u00e4rde i butik: 10,99 \u00a3<\/p>\n<p data-start=\"1471\" data-end=\"1493\"><img loading=\"lazy\" decoding=\"async\" class=\"alignnone wp-image-31407 size-medium\" src=\"https:\/\/oceansignal.com\/wp-content\/uploads\/2025\/06\/Grab_Bag_EPIRB1_Kit-e1752085331562-300x131.png\" alt=\"\" width=\"300\" height=\"131\" srcset=\"https:\/\/oceansignal.com\/wp-content\/uploads\/2025\/06\/Grab_Bag_EPIRB1_Kit-e1752085331562-300x131.png 300w, https:\/\/oceansignal.com\/wp-content\/uploads\/2025\/06\/Grab_Bag_EPIRB1_Kit-e1752085331562-60x26.png 60w, https:\/\/oceansignal.com\/wp-content\/uploads\/2025\/06\/Grab_Bag_EPIRB1_Kit-e1752085331562-110x48.png 110w, https:\/\/oceansignal.com\/wp-content\/uploads\/2025\/06\/Grab_Bag_EPIRB1_Kit-e1752085331562.png 344w\" sizes=\"auto, (max-width: 300px) 100vw, 300px\" \/><\/p>\n<p data-start=\"1495\" data-end=\"1589\">Enkla men effektiva visuella och h\u00f6rbara signaleringsverktyg, utm\u00e4rkta f\u00f6r r\u00e4ddningsst\u00f6d p\u00e5 n\u00e4ra h\u00e5ll.<\/p>\n<ul data-start=\"1591\" data-end=\"1704\">\n<li data-start=\"1591\" data-end=\"1650\">\n<p data-start=\"1593\" data-end=\"1650\">Mycket reflekterande kompakt spegel f\u00f6r visuell signal i dagsljus &#8211; Konstruerad f\u00f6r att reflektera solljus \u00f6ver l\u00e5nga avst\u00e5nd, perfekt f\u00f6r att f\u00e5nga blickarna p\u00e5 passerande fartyg eller flygplan<\/p>\n<\/li>\n<li data-start=\"1651\" data-end=\"1704\">\n<p data-start=\"1653\" data-end=\"1704\">H\u00f6g, ljudl\u00f6s visselpipa f\u00f6r kortdistanslarm<\/p>\n<\/li>\n<\/ul>\n<hr data-start=\"1810\" data-end=\"1813\">\n<h4 data-start=\"1815\" data-end=\"1862\"><strong data-start=\"1820\" data-end=\"1860\">1 \u00d7 Ocean Signal vattent\u00e4t gripv\u00e4ska<\/strong><\/h4>\n<p data-start=\"1863\" data-end=\"1886\"><em data-start=\"1863\" data-end=\"1886\">N\u00f6dsituationer sker snabbt \u2013 den h\u00e4r v\u00e4skan ser till att du ocks\u00e5 kan.<br \/>\n V\u00e4rde i butik: 129,99 \u00a3<\/em><\/p>\n<p data-start=\"1863\" data-end=\"1886\"><img loading=\"lazy\" decoding=\"async\" class=\"alignnone wp-image-31455 \" src=\"https:\/\/oceansignal.com\/wp-content\/uploads\/2025\/06\/Grab_Bag-300x200.webp\" alt=\"\" width=\"387\" height=\"258\" srcset=\"https:\/\/oceansignal.com\/wp-content\/uploads\/2025\/06\/Grab_Bag-300x200.webp 300w, https:\/\/oceansignal.com\/wp-content\/uploads\/2025\/06\/Grab_Bag-1024x683.webp 1024w, https:\/\/oceansignal.com\/wp-content\/uploads\/2025\/06\/Grab_Bag-768x512.webp 768w, https:\/\/oceansignal.com\/wp-content\/uploads\/2025\/06\/Grab_Bag-600x400.webp 600w, https:\/\/oceansignal.com\/wp-content\/uploads\/2025\/06\/Grab_Bag-60x40.webp 60w, https:\/\/oceansignal.com\/wp-content\/uploads\/2025\/06\/Grab_Bag-110x73.webp 110w, https:\/\/oceansignal.com\/wp-content\/uploads\/2025\/06\/Grab_Bag.webp 1234w\" sizes=\"auto, (max-width: 387px) 100vw, 387px\" \/><\/p>\n<p data-start=\"1888\" data-end=\"2000\">En robust, vattent\u00e4t torrv\u00e4ska som h\u00e5ller din n\u00f6dutrustning samlad, torr och l\u00e4ttillg\u00e4nglig n\u00e4r du beh\u00f6ver den som mest.<\/p>\n<ul data-start=\"2002\" data-end=\"2122\">\n<li data-start=\"2002\" data-end=\"2039\">\n<p data-start=\"2004\" data-end=\"2039\">Flytande design med h\u00f6g synlighet<\/p>\n<\/li>\n<li data-start=\"2040\" data-end=\"2075\">\n<p data-start=\"2042\" data-end=\"2075\">H\u00e5llbar f\u00f6r offshore-f\u00f6rh\u00e5llanden<\/p>\n<\/li>\n<li data-start=\"2076\" data-end=\"2122\">\n<p data-start=\"2078\" data-end=\"2122\">Plats f\u00f6r EPIRB, elektroniska facklor, dokument och mer<\/p>\n<\/li>\n<\/ul>\n","protected":false},"excerpt":{"rendered":"<p><strong data-start=\"336\" data-end=\"374\">En gedigen ing\u00e5ng till seri\u00f6s s\u00e4kerhet.<br \/>\n<\/strong><br data-start=\"374\" data-end=\"377\"> <strong data-start=\"381\" data-end=\"395\">EPIRB2-kitet<\/strong> \u00e4r en smart, str\u00f6mlinjeformad n\u00f6dv\u00e4ska f\u00f6r seglare som vill ha en smidig och regelm\u00e4ssigt kompatibel n\u00f6dutrustning byggd kring Ocean Signals senaste EPIRB med NFC-anslutning. Oavsett om du f\u00f6rbereder dig f\u00f6r din f\u00f6rsta offshore-resa eller uppgraderar en f\u00f6r\u00e5ldrad installation, t\u00e4cker detta kit det viktigaste \u2013 utan att komplicera det alltf\u00f6r mycket. <\/p>\n<p>Totalt kitv\u00e4rde vid rekommenderat pris: 690,97 \u00a3 Spara 110 \u00a3 med detta kit!<\/p>\n","protected":false},"featured_media":31384,"template":"","meta":{"_acf_changed":false,"om_disable_all_campaigns":false},"product_brand":[],"product_cat":[468,1682],"product_tag":[1351,1689],"class_list":{"0":"post-31937","1":"product","2":"type-product","3":"status-publish","4":"has-post-thumbnail","6":"product_cat-rescueme-sv","7":"product_cat-sakerhetssatser","8":"product_tag-grab-bag-sv","9":"product_tag-sakerhetssatser","11":"first","12":"instock","13":"taxable","14":"shipping-taxable","15":"purchasable","16":"product-type-simple"},"acf":[],"yoast_head":"<!-- This site is optimized with the Yoast SEO Premium plugin v25.2 (Yoast SEO v26.4) - https:\/\/yoast.com\/wordpress\/plugins\/seo\/ -->\n<title>EPIRB2 S\u00e4kerhetssats f\u00f6r segling - Ocean Signal<\/title>\n<meta name=\"robots\" content=\"index, follow, max-snippet:-1, max-image-preview:large, max-video-preview:-1\" \/>\n<link rel=\"canonical\" href=\"https:\/\/oceansignal.com\/sv\/products\/epirb2-sakerhetskit\/\" \/>\n<meta property=\"og:locale\" content=\"sv_SE\" \/>\n<meta property=\"og:type\" content=\"article\" \/>\n<meta property=\"og:title\" content=\"EPIRB2 S\u00e4kerhetssats f\u00f6r segling\" \/>\n<meta property=\"og:description\" content=\"En gedigen ing\u00e5ng till seri\u00f6s s\u00e4kerhet. EPIRB2-kitet \u00e4r en smart, str\u00f6mlinjeformad n\u00f6dv\u00e4ska f\u00f6r seglare som vill ha en smidig och regelm\u00e4ssigt kompatibel n\u00f6dutrustning byggd kring Ocean Signals senaste EPIRB med NFC-anslutning. Oavsett om du f\u00f6rbereder dig f\u00f6r din f\u00f6rsta offshore-resa eller uppgraderar en f\u00f6r\u00e5ldrad installation, t\u00e4cker detta kit det viktigaste \u2013 utan att komplicera det alltf\u00f6r mycket.  Totalt kitv\u00e4rde vid rekommenderat pris: 690,97 \u00a3 Spara 110 \u00a3 med detta kit!\" \/>\n<meta property=\"og:url\" content=\"https:\/\/oceansignal.com\/sv\/products\/epirb2-sakerhetskit\/\" \/>\n<meta property=\"og:site_name\" content=\"Ocean Signal\" \/>\n<meta property=\"article:modified_time\" content=\"2025-10-01T07:56:11+00:00\" \/>\n<meta property=\"og:image\" content=\"https:\/\/oceansignal.com\/wp-content\/uploads\/2025\/06\/Grab_Bag_EPIRB2_Kit-1.jpg\" \/>\n\t<meta property=\"og:image:width\" content=\"911\" \/>\n\t<meta property=\"og:image:height\" content=\"805\" \/>\n\t<meta property=\"og:image:type\" content=\"image\/jpeg\" \/>\n<meta name=\"twitter:card\" content=\"summary_large_image\" \/>\n<meta name=\"twitter:label1\" content=\"Ber\u00e4knad l\u00e4stid\" \/>\n\t<meta name=\"twitter:data1\" content=\"2 minuter\" \/>\n<script type=\"application\/ld+json\" class=\"yoast-schema-graph\">{\"@context\":\"https:\/\/schema.org\",\"@graph\":[{\"@type\":\"WebPage\",\"@id\":\"https:\/\/oceansignal.com\/sv\/products\/epirb2-sakerhetskit\/\",\"url\":\"https:\/\/oceansignal.com\/sv\/products\/epirb2-sakerhetskit\/\",\"name\":\"EPIRB2 S\u00e4kerhetssats f\u00f6r segling - Ocean Signal\",\"isPartOf\":{\"@id\":\"https:\/\/oceansignal.com\/sv\/#website\"},\"primaryImageOfPage\":{\"@id\":\"https:\/\/oceansignal.com\/sv\/products\/epirb2-sakerhetskit\/#primaryimage\"},\"image\":{\"@id\":\"https:\/\/oceansignal.com\/sv\/products\/epirb2-sakerhetskit\/#primaryimage\"},\"thumbnailUrl\":\"https:\/\/oceansignal.com\/wp-content\/uploads\/2025\/06\/Grab_Bag_EPIRB2_Kit-1.jpg\",\"datePublished\":\"2025-06-24T09:45:57+00:00\",\"dateModified\":\"2025-10-01T07:56:11+00:00\",\"breadcrumb\":{\"@id\":\"https:\/\/oceansignal.com\/sv\/products\/epirb2-sakerhetskit\/#breadcrumb\"},\"inLanguage\":\"sv-SE\",\"potentialAction\":[{\"@type\":\"ReadAction\",\"target\":[\"https:\/\/oceansignal.com\/sv\/products\/epirb2-sakerhetskit\/\"]}]},{\"@type\":\"ImageObject\",\"inLanguage\":\"sv-SE\",\"@id\":\"https:\/\/oceansignal.com\/sv\/products\/epirb2-sakerhetskit\/#primaryimage\",\"url\":\"https:\/\/oceansignal.com\/wp-content\/uploads\/2025\/06\/Grab_Bag_EPIRB2_Kit-1.jpg\",\"contentUrl\":\"https:\/\/oceansignal.com\/wp-content\/uploads\/2025\/06\/Grab_Bag_EPIRB2_Kit-1.jpg\",\"width\":911,\"height\":805},{\"@type\":\"BreadcrumbList\",\"@id\":\"https:\/\/oceansignal.com\/sv\/products\/epirb2-sakerhetskit\/#breadcrumb\",\"itemListElement\":[{\"@type\":\"ListItem\",\"position\":1,\"name\":\"Produkter\",\"item\":\"https:\/\/oceansignal.com\/sv\/produkter\/\"},{\"@type\":\"ListItem\",\"position\":2,\"name\":\"EPIRB2 S\u00e4kerhetssats f\u00f6r segling\"}]},{\"@type\":\"WebSite\",\"@id\":\"https:\/\/oceansignal.com\/sv\/#website\",\"url\":\"https:\/\/oceansignal.com\/sv\/\",\"name\":\"Ocean Signal\",\"description\":\"A leading manufacturer of EPIRBs, AIS, SARTs, Personal Locator Beacons, Man Overboard Beacon for the Marine and Outdoor Markets.\",\"potentialAction\":[{\"@type\":\"SearchAction\",\"target\":{\"@type\":\"EntryPoint\",\"urlTemplate\":\"https:\/\/oceansignal.com\/sv\/?s={search_term_string}\"},\"query-input\":{\"@type\":\"PropertyValueSpecification\",\"valueRequired\":true,\"valueName\":\"search_term_string\"}}],\"inLanguage\":\"sv-SE\"}]}<\/script>\n<!-- \/ Yoast SEO Premium plugin. -->","yoast_head_json":{"title":"EPIRB2 S\u00e4kerhetssats f\u00f6r segling - Ocean Signal","robots":{"index":"index","follow":"follow","max-snippet":"max-snippet:-1","max-image-preview":"max-image-preview:large","max-video-preview":"max-video-preview:-1"},"canonical":"https:\/\/oceansignal.com\/sv\/products\/epirb2-sakerhetskit\/","og_locale":"sv_SE","og_type":"article","og_title":"EPIRB2 S\u00e4kerhetssats f\u00f6r segling","og_description":"En gedigen ing\u00e5ng till seri\u00f6s s\u00e4kerhet. EPIRB2-kitet \u00e4r en smart, str\u00f6mlinjeformad n\u00f6dv\u00e4ska f\u00f6r seglare som vill ha en smidig och regelm\u00e4ssigt kompatibel n\u00f6dutrustning byggd kring Ocean Signals senaste EPIRB med NFC-anslutning. Oavsett om du f\u00f6rbereder dig f\u00f6r din f\u00f6rsta offshore-resa eller uppgraderar en f\u00f6r\u00e5ldrad installation, t\u00e4cker detta kit det viktigaste \u2013 utan att komplicera det alltf\u00f6r mycket.  Totalt kitv\u00e4rde vid rekommenderat pris: 690,97 \u00a3 Spara 110 \u00a3 med detta kit!","og_url":"https:\/\/oceansignal.com\/sv\/products\/epirb2-sakerhetskit\/","og_site_name":"Ocean Signal","article_modified_time":"2025-10-01T07:56:11+00:00","og_image":[{"width":911,"height":805,"url":"https:\/\/oceansignal.com\/wp-content\/uploads\/2025\/06\/Grab_Bag_EPIRB2_Kit-1.jpg","type":"image\/jpeg"}],"twitter_card":"summary_large_image","twitter_misc":{"Ber\u00e4knad l\u00e4stid":"2 minuter"},"schema":{"@context":"https:\/\/schema.org","@graph":[{"@type":"WebPage","@id":"https:\/\/oceansignal.com\/sv\/products\/epirb2-sakerhetskit\/","url":"https:\/\/oceansignal.com\/sv\/products\/epirb2-sakerhetskit\/","name":"EPIRB2 S\u00e4kerhetssats f\u00f6r segling - Ocean Signal","isPartOf":{"@id":"https:\/\/oceansignal.com\/sv\/#website"},"primaryImageOfPage":{"@id":"https:\/\/oceansignal.com\/sv\/products\/epirb2-sakerhetskit\/#primaryimage"},"image":{"@id":"https:\/\/oceansignal.com\/sv\/products\/epirb2-sakerhetskit\/#primaryimage"},"thumbnailUrl":"https:\/\/oceansignal.com\/wp-content\/uploads\/2025\/06\/Grab_Bag_EPIRB2_Kit-1.jpg","datePublished":"2025-06-24T09:45:57+00:00","dateModified":"2025-10-01T07:56:11+00:00","breadcrumb":{"@id":"https:\/\/oceansignal.com\/sv\/products\/epirb2-sakerhetskit\/#breadcrumb"},"inLanguage":"sv-SE","potentialAction":[{"@type":"ReadAction","target":["https:\/\/oceansignal.com\/sv\/products\/epirb2-sakerhetskit\/"]}]},{"@type":"ImageObject","inLanguage":"sv-SE","@id":"https:\/\/oceansignal.com\/sv\/products\/epirb2-sakerhetskit\/#primaryimage","url":"https:\/\/oceansignal.com\/wp-content\/uploads\/2025\/06\/Grab_Bag_EPIRB2_Kit-1.jpg","contentUrl":"https:\/\/oceansignal.com\/wp-content\/uploads\/2025\/06\/Grab_Bag_EPIRB2_Kit-1.jpg","width":911,"height":805},{"@type":"BreadcrumbList","@id":"https:\/\/oceansignal.com\/sv\/products\/epirb2-sakerhetskit\/#breadcrumb","itemListElement":[{"@type":"ListItem","position":1,"name":"Produkter","item":"https:\/\/oceansignal.com\/sv\/produkter\/"},{"@type":"ListItem","position":2,"name":"EPIRB2 S\u00e4kerhetssats f\u00f6r segling"}]},{"@type":"WebSite","@id":"https:\/\/oceansignal.com\/sv\/#website","url":"https:\/\/oceansignal.com\/sv\/","name":"Ocean Signal","description":"A leading manufacturer of EPIRBs, AIS, SARTs, Personal Locator Beacons, Man Overboard Beacon for the Marine and Outdoor Markets.","potentialAction":[{"@type":"SearchAction","target":{"@type":"EntryPoint","urlTemplate":"https:\/\/oceansignal.com\/sv\/?s={search_term_string}"},"query-input":{"@type":"PropertyValueSpecification","valueRequired":true,"valueName":"search_term_string"}}],"inLanguage":"sv-SE"}]}},"_links":{"self":[{"href":"https:\/\/oceansignal.com\/sv\/wp-json\/wp\/v2\/product\/31937","targetHints":{"allow":["GET"]}}],"collection":[{"href":"https:\/\/oceansignal.com\/sv\/wp-json\/wp\/v2\/product"}],"about":[{"href":"https:\/\/oceansignal.com\/sv\/wp-json\/wp\/v2\/types\/product"}],"wp:featuredmedia":[{"embeddable":true,"href":"https:\/\/oceansignal.com\/sv\/wp-json\/wp\/v2\/media\/31384"}],"wp:attachment":[{"href":"https:\/\/oceansignal.com\/sv\/wp-json\/wp\/v2\/media?parent=31937"}],"wp:term":[{"taxonomy":"product_brand","embeddable":true,"href":"https:\/\/oceansignal.com\/sv\/wp-json\/wp\/v2\/product_brand?post=31937"},{"taxonomy":"product_cat","embeddable":true,"href":"https:\/\/oceansignal.com\/sv\/wp-json\/wp\/v2\/product_cat?post=31937"},{"taxonomy":"product_tag","embeddable":true,"href":"https:\/\/oceansignal.com\/sv\/wp-json\/wp\/v2\/product_tag?post=31937"}],"curies":[{"name":"wp","href":"https:\/\/api.w.org\/{rel}","templated":true}]}}