{"id":31950,"date":"2025-06-24T09:31:27","date_gmt":"2025-06-24T09:31:27","guid":{"rendered":"https:\/\/oceansignal.com\/products\/plb1-sakerhetssats\/"},"modified":"2026-03-18T16:39:12","modified_gmt":"2026-03-18T16:39:12","slug":"plb1-sakerhetssats","status":"publish","type":"product","link":"https:\/\/oceansignal.com\/sv\/products\/plb1-sakerhetssats\/","title":{"rendered":"PLB1 S\u00e4kerhetssats"},"content":{"rendered":"<h3 data-start=\"3285\" data-end=\"3337\"><strong data-start=\"3292\" data-end=\"3337\"><img loading=\"lazy\" decoding=\"async\" class=\"alignnone size-full wp-image-32359\" src=\"https:\/\/oceansignal.com\/wp-content\/uploads\/2025\/07\/View-New-Safety-Kits.png\" alt=\"\" width=\"300\" height=\"75\" srcset=\"https:\/\/oceansignal.com\/wp-content\/uploads\/2025\/07\/View-New-Safety-Kits.png 300w, https:\/\/oceansignal.com\/wp-content\/uploads\/2025\/07\/View-New-Safety-Kits-60x15.png 60w, https:\/\/oceansignal.com\/wp-content\/uploads\/2025\/07\/View-New-Safety-Kits-110x28.png 110w\" sizes=\"auto, (max-width: 300px) 100vw, 300px\" \/><\/strong><\/h3>\n<h3 data-start=\"3116\" data-end=\"3164\"><strong data-start=\"3123\" data-end=\"3164\">Varf\u00f6r v\u00e4lja PLB1 s\u00e4kerhetssats?<\/strong><\/h3>\n<p data-start=\"3166\" data-end=\"3448\">Detta kit \u00e4r utformat f\u00f6r oberoende och ger sj\u00f6m\u00e4n eller flygare m\u00f6jligheten att skydda sig sj\u00e4lva och sin bes\u00e4ttning via en professionell s\u00e4kerhetsl\u00f6sning som \u00e4r kompakt, kostnadseffektiv och regelmedveten. Den \u00e4r perfekt f\u00f6r dem som \u00e4nnu inte beh\u00f6ver en EPIRB men vill synas, h\u00f6ras och hittas n\u00e4r det g\u00e4ller som mest. <\/p>\n<p data-start=\"3450\" data-end=\"3536\">Oavsett om du trimmar segel eller flyger ben, \u00e4r detta din personliga s\u00e4kerhetsbackup.<\/p>\n<h3 data-start=\"2760\" data-end=\"2781\"><strong data-start=\"2767\" data-end=\"2781\">Idealisk f\u00f6r:<\/strong><\/h3>\n<ul data-start=\"2782\" data-end=\"3037\">\n<li data-start=\"2782\" data-end=\"2842\">\n<p data-start=\"2784\" data-end=\"2842\">Ensamseglare, RYA-studenter (Royal Yachting Association), helgseglare p\u00e5 kusten och yrkessj\u00f6m\u00e4n<\/p>\n<\/li>\n<li data-start=\"2843\" data-end=\"2895\">\n<p data-start=\"2845\" data-end=\"2895\">Privatpiloter<\/p>\n<\/li>\n<li data-start=\"2896\" data-end=\"2965\">\n<p data-start=\"2898\" data-end=\"2965\">\u00c4ventyrsresen\u00e4rer, \u00e4gare av l\u00e4tta flygplan och ultral\u00e4tta piloter<\/p>\n<\/li>\n<li data-start=\"2966\" data-end=\"3037\">\n<p data-start=\"2968\" data-end=\"3037\">Alla sj\u00f6m\u00e4n utan fast EPIRB som beh\u00f6ver l\u00e4ttare n\u00f6df\u00f6rs\u00e4kring<\/p>\n<\/li>\n<\/ul>\n<h3 data-start=\"699\" data-end=\"752\"><strong data-start=\"706\" data-end=\"752\">Vad ing\u00e5r och hur st\u00f6der det r\u00e4ddningsaktionen?<\/strong><\/h3>\n<h4 data-start=\"754\" data-end=\"810\"><strong data-start=\"759\" data-end=\"808\">1 \u00d7 Ocean Signal PLB1 personlig lokaliseringss\u00e4ndare<\/strong><\/h4>\n<p data-start=\"811\" data-end=\"834\">Oavsett om du \u00e4r till havs eller \u00f6ver avl\u00e4gset land, ansluter PLB1 dig direkt till globala r\u00e4ddningstj\u00e4nster \u2013 \u00e4ven n\u00e4r du \u00e4r utom VHF- eller mobilr\u00e4ckvidd.<br \/>\n V\u00e4rde i butik: 279,99 \u00a3<br \/>\n<img loading=\"lazy\" decoding=\"async\" class=\"alignnone size-medium wp-image-31618\" src=\"https:\/\/oceansignal.com\/wp-content\/uploads\/2025\/06\/PLB1-straight-on-2.png\" alt=\"\" width=\"172\" height=\"246\" srcset=\"https:\/\/oceansignal.com\/wp-content\/uploads\/2025\/06\/PLB1-straight-on-2.png 172w, https:\/\/oceansignal.com\/wp-content\/uploads\/2025\/06\/PLB1-straight-on-2-60x86.png 60w, https:\/\/oceansignal.com\/wp-content\/uploads\/2025\/06\/PLB1-straight-on-2-110x157.png 110w\" sizes=\"auto, (max-width: 172px) 100vw, 172px\" \/><\/p>\n<p data-start=\"836\" data-end=\"1027\">Denna ultrakompakta 406 MHz satellits\u00e4ndare s\u00e4nder din GPS-position till det globala Cospas-Sarsat-satellitn\u00e4tverket och avger dessutom en lokal 121,5 MHz-m\u00e5ls\u00f6karsignal f\u00f6r att hj\u00e4lpa s\u00f6kteam att snabbt hitta r\u00e4tt position.<\/p>\n<ul data-start=\"1029\" data-end=\"1218\">\n<li data-start=\"1029\" data-end=\"1065\">\n<p data-start=\"1031\" data-end=\"1065\">Globala satellitn\u00f6dlarm<\/p>\n<\/li>\n<li data-start=\"1066\" data-end=\"1101\">\n<p data-start=\"1068\" data-end=\"1101\">GPS-positionering + m\u00e5ls\u00f6kande fyr<\/p>\n<\/li>\n<li data-start=\"1102\" data-end=\"1152\">\n<p data-start=\"1104\" data-end=\"1152\">Liten nog att f\u00e5 plats i fickan eller flygv\u00e4sten<\/p>\n<\/li>\n<li data-start=\"1153\" data-end=\"1181\">\n<p data-start=\"1155\" data-end=\"1181\">Ingen prenumeration kr\u00e4vs<\/p>\n<\/li>\n<li data-start=\"1182\" data-end=\"1218\">\n<p data-start=\"1184\" data-end=\"1218\">7 \u00e5rs batteritid, drifttid 24+ timmar<\/p>\n<\/li>\n<\/ul>\n<hr data-start=\"1389\" data-end=\"1392\">\n<h4 data-start=\"1394\" data-end=\"1452\"><strong data-start=\"1399\" data-end=\"1450\">1 \u00d7 Ocean Signal EDF1 elektronisk n\u00f6dsignal<\/strong><\/h4>\n<p data-start=\"1453\" data-end=\"1476\">Effektiv signalering f\u00f6r s\u00f6kflygplan eller r\u00e4ddningspersonal i n\u00e4rheten \u2013 perfekt f\u00f6r nedst\u00f6rtade piloter eller sj\u00f6m\u00e4n som v\u00e4ntar p\u00e5 b\u00e4rgning.<br \/>\n V\u00e4rde i butik: 149,99 \u00a3<br \/>\n<img loading=\"lazy\" decoding=\"async\" class=\"alignnone size-medium wp-image-31601\" src=\"https:\/\/oceansignal.com\/wp-content\/uploads\/2025\/06\/EDF1-cutout-70x300.png\" alt=\"\" width=\"70\" height=\"300\" srcset=\"https:\/\/oceansignal.com\/wp-content\/uploads\/2025\/06\/EDF1-cutout-70x300.png 70w, https:\/\/oceansignal.com\/wp-content\/uploads\/2025\/06\/EDF1-cutout-60x258.png 60w, https:\/\/oceansignal.com\/wp-content\/uploads\/2025\/06\/EDF1-cutout-110x473.png 110w, https:\/\/oceansignal.com\/wp-content\/uploads\/2025\/06\/EDF1-cutout.png 180w\" sizes=\"auto, (max-width: 70px) 100vw, 70px\" \/><\/p>\n<p data-start=\"1478\" data-end=\"1641\">En \u00e5teranv\u00e4ndbar, batteridriven LED-n\u00f6draket som ers\u00e4tter pyroteknik med ett s\u00e4krare och mer h\u00e5llbart alternativ \u2013 perfekt f\u00f6r nattsikt p\u00e5 land eller till sj\u00f6ss.<\/p>\n<ul data-start=\"1643\" data-end=\"1796\">\n<li data-start=\"1643\" data-end=\"1685\">\n<p data-start=\"1645\" data-end=\"1685\">360\u00b0 sikt p\u00e5 natten upp till 11 km<\/p>\n<\/li>\n<li data-start=\"1686\" data-end=\"1727\">\n<p data-start=\"1688\" data-end=\"1727\">SOS-blixtkarakt\u00e4ristik som avges i ett av fyra valfria l\u00e4gen (Ekonomi, Ljus, Ultra och Beam)<\/p>\n<\/li>\n<li data-start=\"1728\" data-end=\"1765\">\n<p data-start=\"1730\" data-end=\"1765\">Vattent\u00e4t, flytbar och robust<\/p>\n<\/li>\n<li data-start=\"1766\" data-end=\"1796\">\n<p data-start=\"1768\" data-end=\"1796\">Ingen brandrisk eller utg\u00e5ngsdatum<\/p>\n<\/li>\n<\/ul>\n<hr data-start=\"1933\" data-end=\"1936\">\n<h4 data-start=\"1938\" data-end=\"1980\"><strong data-start=\"1943\" data-end=\"1978\">1 \u00d7 ACR Signalspegel och visselpipa<\/strong><\/h4>\n<p data-start=\"1981\" data-end=\"2003\">En viktig backup n\u00e4r andra verktyg slutar fungera \u2013 perfekt f\u00f6r att dra den sista uppm\u00e4rksamheten fr\u00e5n helikoptrar, livb\u00e5tar eller markbaserade SAR-team.<br \/>\n V\u00e4rde i butik: 10,99 \u00a3<br \/>\n<img loading=\"lazy\" decoding=\"async\" class=\"alignnone size-medium wp-image-31407\" src=\"https:\/\/oceansignal.com\/wp-content\/uploads\/2025\/06\/Grab_Bag_EPIRB1_Kit-e1752085331562-300x131.png\" alt=\"\" width=\"300\" height=\"131\" srcset=\"https:\/\/oceansignal.com\/wp-content\/uploads\/2025\/06\/Grab_Bag_EPIRB1_Kit-e1752085331562-300x131.png 300w, https:\/\/oceansignal.com\/wp-content\/uploads\/2025\/06\/Grab_Bag_EPIRB1_Kit-e1752085331562-60x26.png 60w, https:\/\/oceansignal.com\/wp-content\/uploads\/2025\/06\/Grab_Bag_EPIRB1_Kit-e1752085331562-110x48.png 110w, https:\/\/oceansignal.com\/wp-content\/uploads\/2025\/06\/Grab_Bag_EPIRB1_Kit-e1752085331562.png 344w\" sizes=\"auto, (max-width: 300px) 100vw, 300px\" \/><br \/>\n Enkla, l\u00e4tta verktyg som l\u00e5ter dig visuellt och h\u00f6rbart locka till dig r\u00e4ddare n\u00e4r de \u00e4r inom r\u00e4ckh\u00e5ll.<\/p>\n<ul>\n<li><strong>Mycket reflekterande kompakt spegel f\u00f6r visuella signaler i dagsljus \u2013 Konstruerad f\u00f6r att reflektera solljus \u00f6ver stora avst\u00e5nd, perfekt f\u00f6r att f\u00e5nga \u00f6gat p\u00e5 passerande fartyg eller flygplan<\/strong><\/li>\n<li><strong>H\u00f6g, ljudl\u00f6s visselpipa f\u00f6r att locka uppm\u00e4rksamhet p\u00e5 n\u00e4ra h\u00e5ll<\/strong><\/li>\n<li><strong>Inga batterier, inget underh\u00e5ll<\/strong><\/li>\n<\/ul>\n<hr data-start=\"1933\" data-end=\"1936\">\n<p><strong data-start=\"2380\" data-end=\"2420\">1 \u00d7 Ocean Signal vattent\u00e4t gripv\u00e4ska<\/strong><\/p>\n<p data-start=\"2423\" data-end=\"2445\">H\u00e5ller din r\u00e4ddningsv\u00e4ska skyddad, synlig och redo f\u00f6r snabb utplacering i alla n\u00f6dsituationer.<br \/>\n V\u00e4rde i butik: 99,99 \u00a3<br \/>\n<img loading=\"lazy\" decoding=\"async\" class=\"alignnone size-medium wp-image-31488\" src=\"https:\/\/oceansignal.com\/wp-content\/uploads\/2025\/06\/Grab_Bag-1-241x300.webp\" alt=\"\" width=\"241\" height=\"300\" srcset=\"https:\/\/oceansignal.com\/wp-content\/uploads\/2025\/06\/Grab_Bag-1-241x300.webp 241w, https:\/\/oceansignal.com\/wp-content\/uploads\/2025\/06\/Grab_Bag-1-60x75.webp 60w, https:\/\/oceansignal.com\/wp-content\/uploads\/2025\/06\/Grab_Bag-1-110x137.webp 110w, https:\/\/oceansignal.com\/wp-content\/uploads\/2025\/06\/Grab_Bag-1.webp 489w\" sizes=\"auto, (max-width: 241px) 100vw, 241px\" \/><\/p>\n<p data-start=\"2447\" data-end=\"2517\">Ljus, flytande gripv\u00e4ska f\u00f6r att f\u00f6rvara alla s\u00e4kerhetsf\u00f6rn\u00f6denheter p\u00e5 ett st\u00e4lle.<\/p>\n<ul data-start=\"2519\" data-end=\"2641\">\n<li data-start=\"2519\" data-end=\"2570\">\n<p data-start=\"2521\" data-end=\"2570\"><strong>L\u00e4tt att f\u00f6rvara i ett f\u00f6rvaringssk\u00e5p eller en cockpitv\u00e4ska<\/strong><\/p>\n<\/li>\n<li data-start=\"2571\" data-end=\"2616\">\n<p data-start=\"2573\" data-end=\"2616\"><strong>Flytande<\/strong><\/p>\n<\/li>\n<li data-start=\"2617\" data-end=\"2641\">\n<p data-start=\"2619\" data-end=\"2641\"><strong>Design med h\u00f6g synlighet<\/strong><\/p>\n<\/li>\n<\/ul>\n","protected":false},"excerpt":{"rendered":"<p>PLB1-s\u00e4kerhetspaketet \u00e4r ett p\u00e5litligt och prisv\u00e4rt n\u00f6dpaket f\u00f6r seglare och piloter som arbetar sj\u00e4lvst\u00e4ndigt och v\u00e4rdes\u00e4tter l\u00e4tt, sj\u00e4lvst\u00e4ndig s\u00e4kerhetsutrustning. Oavsett om du g\u00f6r en kort resa l\u00e4ngs kusten eller flyger tv\u00e4rs \u00f6ver avl\u00e4gsen terr\u00e4ng, s\u00e4kerst\u00e4ller detta kit att du \u00e4r f\u00f6rberedd om det ov\u00e4ntade h\u00e4nder. <\/p>\n<p>Totalt kitv\u00e4rde vid rekommenderat pris: 595,99 \u00a3 Spara 115,97 \u00a3 med detta kit!<\/p>\n","protected":false},"featured_media":31600,"template":"","meta":{"_acf_changed":false,"om_disable_all_campaigns":false},"product_brand":[],"product_cat":[1984,468,1682],"product_tag":[1351,1689],"class_list":{"0":"post-31950","1":"product","2":"type-product","3":"status-publish","4":"has-post-thumbnail","6":"product_cat-kompatibel-med-flytvast","7":"product_cat-rescueme-sv","8":"product_cat-sakerhetssatser","9":"product_tag-grab-bag-sv","10":"product_tag-sakerhetssatser","12":"first","13":"instock","14":"taxable","15":"shipping-taxable","16":"purchasable","17":"product-type-simple"},"acf":[],"yoast_head":"<!-- This site is optimized with the Yoast SEO Premium plugin v25.2 (Yoast SEO v26.4) - https:\/\/yoast.com\/wordpress\/plugins\/seo\/ -->\n<title>PLB1 S\u00e4kerhetssats - Ocean Signal<\/title>\n<meta name=\"robots\" content=\"index, follow, max-snippet:-1, max-image-preview:large, max-video-preview:-1\" \/>\n<link rel=\"canonical\" href=\"https:\/\/oceansignal.com\/sv\/products\/plb1-sakerhetssats\/\" \/>\n<meta property=\"og:locale\" content=\"sv_SE\" \/>\n<meta property=\"og:type\" content=\"article\" \/>\n<meta property=\"og:title\" content=\"PLB1 S\u00e4kerhetssats\" \/>\n<meta property=\"og:description\" content=\"PLB1-s\u00e4kerhetspaketet \u00e4r ett p\u00e5litligt och prisv\u00e4rt n\u00f6dpaket f\u00f6r seglare och piloter som arbetar sj\u00e4lvst\u00e4ndigt och v\u00e4rdes\u00e4tter l\u00e4tt, sj\u00e4lvst\u00e4ndig s\u00e4kerhetsutrustning. Oavsett om du g\u00f6r en kort resa l\u00e4ngs kusten eller flyger tv\u00e4rs \u00f6ver avl\u00e4gsen terr\u00e4ng, s\u00e4kerst\u00e4ller detta kit att du \u00e4r f\u00f6rberedd om det ov\u00e4ntade h\u00e4nder.  Totalt kitv\u00e4rde vid rekommenderat pris: 595,99 \u00a3 Spara 115,97 \u00a3 med detta kit!\" \/>\n<meta property=\"og:url\" content=\"https:\/\/oceansignal.com\/sv\/products\/plb1-sakerhetssats\/\" \/>\n<meta property=\"og:site_name\" content=\"Ocean Signal\" \/>\n<meta property=\"article:modified_time\" content=\"2026-03-18T16:39:12+00:00\" \/>\n<meta property=\"og:image\" content=\"https:\/\/oceansignal.com\/wp-content\/uploads\/2025\/06\/Grab_Bag_PLB1_Kit-1.jpg\" \/>\n\t<meta property=\"og:image:width\" content=\"911\" \/>\n\t<meta property=\"og:image:height\" content=\"805\" \/>\n\t<meta property=\"og:image:type\" content=\"image\/jpeg\" \/>\n<meta name=\"twitter:card\" content=\"summary_large_image\" \/>\n<meta name=\"twitter:label1\" content=\"Ber\u00e4knad l\u00e4stid\" \/>\n\t<meta name=\"twitter:data1\" content=\"3 minuter\" \/>\n<script type=\"application\/ld+json\" class=\"yoast-schema-graph\">{\"@context\":\"https:\/\/schema.org\",\"@graph\":[{\"@type\":\"WebPage\",\"@id\":\"https:\/\/oceansignal.com\/sv\/products\/plb1-sakerhetssats\/\",\"url\":\"https:\/\/oceansignal.com\/sv\/products\/plb1-sakerhetssats\/\",\"name\":\"PLB1 S\u00e4kerhetssats - Ocean Signal\",\"isPartOf\":{\"@id\":\"https:\/\/oceansignal.com\/sv\/#website\"},\"primaryImageOfPage\":{\"@id\":\"https:\/\/oceansignal.com\/sv\/products\/plb1-sakerhetssats\/#primaryimage\"},\"image\":{\"@id\":\"https:\/\/oceansignal.com\/sv\/products\/plb1-sakerhetssats\/#primaryimage\"},\"thumbnailUrl\":\"https:\/\/oceansignal.com\/wp-content\/uploads\/2025\/06\/Grab_Bag_PLB1_Kit-1.jpg\",\"datePublished\":\"2025-06-24T09:31:27+00:00\",\"dateModified\":\"2026-03-18T16:39:12+00:00\",\"breadcrumb\":{\"@id\":\"https:\/\/oceansignal.com\/sv\/products\/plb1-sakerhetssats\/#breadcrumb\"},\"inLanguage\":\"sv-SE\",\"potentialAction\":[{\"@type\":\"ReadAction\",\"target\":[\"https:\/\/oceansignal.com\/sv\/products\/plb1-sakerhetssats\/\"]}]},{\"@type\":\"ImageObject\",\"inLanguage\":\"sv-SE\",\"@id\":\"https:\/\/oceansignal.com\/sv\/products\/plb1-sakerhetssats\/#primaryimage\",\"url\":\"https:\/\/oceansignal.com\/wp-content\/uploads\/2025\/06\/Grab_Bag_PLB1_Kit-1.jpg\",\"contentUrl\":\"https:\/\/oceansignal.com\/wp-content\/uploads\/2025\/06\/Grab_Bag_PLB1_Kit-1.jpg\",\"width\":911,\"height\":805},{\"@type\":\"BreadcrumbList\",\"@id\":\"https:\/\/oceansignal.com\/sv\/products\/plb1-sakerhetssats\/#breadcrumb\",\"itemListElement\":[{\"@type\":\"ListItem\",\"position\":1,\"name\":\"Produkter\",\"item\":\"https:\/\/oceansignal.com\/sv\/produkter\/\"},{\"@type\":\"ListItem\",\"position\":2,\"name\":\"PLB1 S\u00e4kerhetssats\"}]},{\"@type\":\"WebSite\",\"@id\":\"https:\/\/oceansignal.com\/sv\/#website\",\"url\":\"https:\/\/oceansignal.com\/sv\/\",\"name\":\"Ocean Signal\",\"description\":\"A leading manufacturer of EPIRBs, AIS, SARTs, Personal Locator Beacons, Man Overboard Beacon for the Marine and Outdoor Markets.\",\"potentialAction\":[{\"@type\":\"SearchAction\",\"target\":{\"@type\":\"EntryPoint\",\"urlTemplate\":\"https:\/\/oceansignal.com\/sv\/?s={search_term_string}\"},\"query-input\":{\"@type\":\"PropertyValueSpecification\",\"valueRequired\":true,\"valueName\":\"search_term_string\"}}],\"inLanguage\":\"sv-SE\"}]}<\/script>\n<!-- \/ Yoast SEO Premium plugin. -->","yoast_head_json":{"title":"PLB1 S\u00e4kerhetssats - Ocean Signal","robots":{"index":"index","follow":"follow","max-snippet":"max-snippet:-1","max-image-preview":"max-image-preview:large","max-video-preview":"max-video-preview:-1"},"canonical":"https:\/\/oceansignal.com\/sv\/products\/plb1-sakerhetssats\/","og_locale":"sv_SE","og_type":"article","og_title":"PLB1 S\u00e4kerhetssats","og_description":"PLB1-s\u00e4kerhetspaketet \u00e4r ett p\u00e5litligt och prisv\u00e4rt n\u00f6dpaket f\u00f6r seglare och piloter som arbetar sj\u00e4lvst\u00e4ndigt och v\u00e4rdes\u00e4tter l\u00e4tt, sj\u00e4lvst\u00e4ndig s\u00e4kerhetsutrustning. Oavsett om du g\u00f6r en kort resa l\u00e4ngs kusten eller flyger tv\u00e4rs \u00f6ver avl\u00e4gsen terr\u00e4ng, s\u00e4kerst\u00e4ller detta kit att du \u00e4r f\u00f6rberedd om det ov\u00e4ntade h\u00e4nder.  Totalt kitv\u00e4rde vid rekommenderat pris: 595,99 \u00a3 Spara 115,97 \u00a3 med detta kit!","og_url":"https:\/\/oceansignal.com\/sv\/products\/plb1-sakerhetssats\/","og_site_name":"Ocean Signal","article_modified_time":"2026-03-18T16:39:12+00:00","og_image":[{"width":911,"height":805,"url":"https:\/\/oceansignal.com\/wp-content\/uploads\/2025\/06\/Grab_Bag_PLB1_Kit-1.jpg","type":"image\/jpeg"}],"twitter_card":"summary_large_image","twitter_misc":{"Ber\u00e4knad l\u00e4stid":"3 minuter"},"schema":{"@context":"https:\/\/schema.org","@graph":[{"@type":"WebPage","@id":"https:\/\/oceansignal.com\/sv\/products\/plb1-sakerhetssats\/","url":"https:\/\/oceansignal.com\/sv\/products\/plb1-sakerhetssats\/","name":"PLB1 S\u00e4kerhetssats - Ocean Signal","isPartOf":{"@id":"https:\/\/oceansignal.com\/sv\/#website"},"primaryImageOfPage":{"@id":"https:\/\/oceansignal.com\/sv\/products\/plb1-sakerhetssats\/#primaryimage"},"image":{"@id":"https:\/\/oceansignal.com\/sv\/products\/plb1-sakerhetssats\/#primaryimage"},"thumbnailUrl":"https:\/\/oceansignal.com\/wp-content\/uploads\/2025\/06\/Grab_Bag_PLB1_Kit-1.jpg","datePublished":"2025-06-24T09:31:27+00:00","dateModified":"2026-03-18T16:39:12+00:00","breadcrumb":{"@id":"https:\/\/oceansignal.com\/sv\/products\/plb1-sakerhetssats\/#breadcrumb"},"inLanguage":"sv-SE","potentialAction":[{"@type":"ReadAction","target":["https:\/\/oceansignal.com\/sv\/products\/plb1-sakerhetssats\/"]}]},{"@type":"ImageObject","inLanguage":"sv-SE","@id":"https:\/\/oceansignal.com\/sv\/products\/plb1-sakerhetssats\/#primaryimage","url":"https:\/\/oceansignal.com\/wp-content\/uploads\/2025\/06\/Grab_Bag_PLB1_Kit-1.jpg","contentUrl":"https:\/\/oceansignal.com\/wp-content\/uploads\/2025\/06\/Grab_Bag_PLB1_Kit-1.jpg","width":911,"height":805},{"@type":"BreadcrumbList","@id":"https:\/\/oceansignal.com\/sv\/products\/plb1-sakerhetssats\/#breadcrumb","itemListElement":[{"@type":"ListItem","position":1,"name":"Produkter","item":"https:\/\/oceansignal.com\/sv\/produkter\/"},{"@type":"ListItem","position":2,"name":"PLB1 S\u00e4kerhetssats"}]},{"@type":"WebSite","@id":"https:\/\/oceansignal.com\/sv\/#website","url":"https:\/\/oceansignal.com\/sv\/","name":"Ocean Signal","description":"A leading manufacturer of EPIRBs, AIS, SARTs, Personal Locator Beacons, Man Overboard Beacon for the Marine and Outdoor Markets.","potentialAction":[{"@type":"SearchAction","target":{"@type":"EntryPoint","urlTemplate":"https:\/\/oceansignal.com\/sv\/?s={search_term_string}"},"query-input":{"@type":"PropertyValueSpecification","valueRequired":true,"valueName":"search_term_string"}}],"inLanguage":"sv-SE"}]}},"_links":{"self":[{"href":"https:\/\/oceansignal.com\/sv\/wp-json\/wp\/v2\/product\/31950","targetHints":{"allow":["GET"]}}],"collection":[{"href":"https:\/\/oceansignal.com\/sv\/wp-json\/wp\/v2\/product"}],"about":[{"href":"https:\/\/oceansignal.com\/sv\/wp-json\/wp\/v2\/types\/product"}],"wp:featuredmedia":[{"embeddable":true,"href":"https:\/\/oceansignal.com\/sv\/wp-json\/wp\/v2\/media\/31600"}],"wp:attachment":[{"href":"https:\/\/oceansignal.com\/sv\/wp-json\/wp\/v2\/media?parent=31950"}],"wp:term":[{"taxonomy":"product_brand","embeddable":true,"href":"https:\/\/oceansignal.com\/sv\/wp-json\/wp\/v2\/product_brand?post=31950"},{"taxonomy":"product_cat","embeddable":true,"href":"https:\/\/oceansignal.com\/sv\/wp-json\/wp\/v2\/product_cat?post=31950"},{"taxonomy":"product_tag","embeddable":true,"href":"https:\/\/oceansignal.com\/sv\/wp-json\/wp\/v2\/product_tag?post=31950"}],"curies":[{"name":"wp","href":"https:\/\/api.w.org\/{rel}","templated":true}]}}