{"id":31970,"date":"2025-06-17T12:56:37","date_gmt":"2025-06-17T12:56:37","guid":{"rendered":"https:\/\/oceansignal.com\/products\/epirb1-sakerhetssats\/"},"modified":"2025-08-21T14:03:37","modified_gmt":"2025-08-21T14:03:37","slug":"epirb1-sakerhetssats","status":"publish","type":"product","link":"https:\/\/oceansignal.com\/sv\/products\/epirb1-sakerhetssats\/","title":{"rendered":"EPIRB1 S\u00e4kerhetssats"},"content":{"rendered":"<h3><img loading=\"lazy\" decoding=\"async\" class=\"alignnone size-full wp-image-32359\" src=\"https:\/\/oceansignal.com\/wp-content\/uploads\/2025\/07\/View-New-Safety-Kits.png\" alt=\"\" width=\"300\" height=\"75\" srcset=\"https:\/\/oceansignal.com\/wp-content\/uploads\/2025\/07\/View-New-Safety-Kits.png 300w, https:\/\/oceansignal.com\/wp-content\/uploads\/2025\/07\/View-New-Safety-Kits-60x15.png 60w, https:\/\/oceansignal.com\/wp-content\/uploads\/2025\/07\/View-New-Safety-Kits-110x28.png 110w\" sizes=\"auto, (max-width: 300px) 100vw, 300px\" \/><\/h3>\n<h3>Varf\u00f6r v\u00e4lja EPIRB1 s\u00e4kerhetssats?<\/h3>\n<p>Detta kit har utformats med verkliga n\u00f6dsituationer i \u00e5tanke: mastlossning, brand, sjunkning eller pl\u00f6tslig \u00f6vergivenhet. Oavsett om du korsar Engelska kanalen eller beger dig l\u00e4ngre ut till havs, ger <em>EPIRB1-s\u00e4kerhetskitet<\/em> dig ett rej\u00e4lt f\u00f6rspr\u00e5ng i v\u00e4rsta t\u00e4nkbara scenario \u2013 och kan r\u00e4dda ditt liv. <\/p>\n<p>EPIRB1-s\u00e4kerhetspaketet \u00e4r ett kompakt och l\u00e4tthanterligt s\u00e4kerhetspaket f\u00f6r n\u00f6dsituationer, utformat f\u00f6r ensamseglare, ivriga sportfiskare och kustkryssare som vill ha professionell utrustning med minimal installation. Det kombinerar tre viktiga verktyg i ett h\u00f6gv\u00e4rdigt paket, vart och ett utvalt f\u00f6r att \u00f6ka dina chanser till en snabb och samordnad r\u00e4ddning. <\/p>\n<h3><strong>Utformad f\u00f6r:<\/strong><\/h3>\n<ul>\n<li>Ensamseglare till havs<\/li>\n<li>Yacht\u00e4gare s\u00f6ker en kompatibel gripv\u00e4ska<\/li>\n<li>Kustkryssare och leveransskeppare<\/li>\n<li>Fritidsfiskare<\/li>\n<li>S\u00e4kerhetsmedvetna nykomlingar utrustar sin b\u00e5t f\u00f6r f\u00f6rsta g\u00e5ngen<\/li>\n<\/ul>\n<h3><strong>Vad som ing\u00e5r och varf\u00f6r det \u00e4r viktigt<\/strong><\/h3>\n<h4><strong>1 \u00d7 Ocean Signal EPIRB1 Cat II n\u00f6dsignal<\/strong><\/h4>\n<p><img loading=\"lazy\" decoding=\"async\" class=\"alignnone wp-image-31391 size-medium\" src=\"https:\/\/oceansignal.com\/wp-content\/uploads\/2025\/06\/EPIRB-1.2-153x300.png\" alt=\"\" width=\"153\" height=\"300\" srcset=\"https:\/\/oceansignal.com\/wp-content\/uploads\/2025\/06\/EPIRB-1.2-153x300.png 153w, https:\/\/oceansignal.com\/wp-content\/uploads\/2025\/06\/EPIRB-1.2-522x1024.png 522w, https:\/\/oceansignal.com\/wp-content\/uploads\/2025\/06\/EPIRB-1.2-768x1507.png 768w, https:\/\/oceansignal.com\/wp-content\/uploads\/2025\/06\/EPIRB-1.2-783x1536.png 783w, https:\/\/oceansignal.com\/wp-content\/uploads\/2025\/06\/EPIRB-1.2-600x1177.png 600w, https:\/\/oceansignal.com\/wp-content\/uploads\/2025\/06\/EPIRB-1.2-60x118.png 60w, https:\/\/oceansignal.com\/wp-content\/uploads\/2025\/06\/EPIRB-1.2-110x216.png 110w, https:\/\/oceansignal.com\/wp-content\/uploads\/2025\/06\/EPIRB-1.2.png 822w\" sizes=\"auto, (max-width: 153px) 100vw, 153px\" \/><\/p>\n<p>EPIRB-system \u00e4r det enskilt mest effektiva s\u00e4ttet att kalla till en global SAR-insats vid n\u00f6dsituationer till havs.<br \/>\n V\u00e4rde i butik: 484,99 \u00a3<\/p>\n<p>K\u00e4rnan i paketet \u2014 en 406 MHz EPIRB (Emergency Position Indicating Radio Beacon) som automatiskt s\u00e4nder din position till globala s\u00f6k- och r\u00e4ddningssatelliter n\u00e4r den aktiveras. EPIRB1 anv\u00e4nder GPS och satellitn\u00e4tverket COSPAS-SARSAT f\u00f6r att fastst\u00e4lla din position var som helst i v\u00e4rlden, vilket s\u00e4kerst\u00e4ller att hj\u00e4lp larmas inom n\u00e5gra minuter. <\/p>\n<ul>\n<li><strong>H\u00f6gprecisions-GPS<\/strong> s\u00e4kerst\u00e4ller att r\u00e4ddningspersonal f\u00e5r exakta positionsuppdateringar.<\/li>\n<li><strong>\u00d6ver 48 timmars batteritid<\/strong> ger s\u00f6kteamen l\u00e5ng tid p\u00e5 sig att hitta dig.<\/li>\n<li><strong>Manuellt f\u00e4ste (Kat II)<\/strong> m\u00f6jligg\u00f6r enkel montering ombord.<\/li>\n<\/ul>\n<hr>\n<h4><strong>1 \u00d7 ACR Signalspegel och visselpipa<\/strong><\/h4>\n<p><img loading=\"lazy\" decoding=\"async\" class=\"alignnone wp-image-31407 size-medium\" src=\"https:\/\/oceansignal.com\/wp-content\/uploads\/2025\/06\/Grab_Bag_EPIRB1_Kit-300x218.png\" alt=\"\" width=\"300\" height=\"218\"><\/p>\n<p>N\u00e4r r\u00e4ddningspersonal \u00e4r i n\u00e4rheten \u00e4r det viktigt att kunna signalera din exakta position visuellt eller ljudligt \u2013 s\u00e4rskilt i orolig sj\u00f6 eller d\u00e5lig sikt. <em><br \/>\nV\u00e4rde i butik: 10,99 \u00a3<\/em><\/p>\n<p>En enkel men kraftfull kombination av visuell och h\u00f6rbar signalering som kan vara skillnaden mellan att bli uppt\u00e4ckt eller f\u00f6rbisedd av ett r\u00e4ddningsflygplan eller -fartyg.<\/p>\n<ul>\n<li><strong>Signalspegel:<\/strong> <strong>Konstruerad f\u00f6r att reflektera solljus \u00f6ver stora avst\u00e5nd, perfekt f\u00f6r att f\u00e5nga blickarna p\u00e5 passerande fartyg eller flygplan.<\/strong><\/li>\n<li><strong>Vissla: Levererar skarpa ljudsignaler som kan sk\u00e4ra igenom vind- och v\u00e5gbrus.<\/strong><\/li>\n<\/ul>\n<hr>\n<h4><strong>1 \u00d7 Ocean Signal vattent\u00e4t gripv\u00e4ska<\/strong><\/h4>\n<p><img loading=\"lazy\" decoding=\"async\" class=\"alignnone wp-image-31488 size-medium\" src=\"https:\/\/oceansignal.com\/wp-content\/uploads\/2025\/06\/Grab_Bag-1-241x300.webp\" alt=\"\" width=\"241\" height=\"300\" srcset=\"https:\/\/oceansignal.com\/wp-content\/uploads\/2025\/06\/Grab_Bag-1-241x300.webp 241w, https:\/\/oceansignal.com\/wp-content\/uploads\/2025\/06\/Grab_Bag-1-60x75.webp 60w, https:\/\/oceansignal.com\/wp-content\/uploads\/2025\/06\/Grab_Bag-1-110x137.webp 110w, https:\/\/oceansignal.com\/wp-content\/uploads\/2025\/06\/Grab_Bag-1.webp 489w\" sizes=\"auto, (max-width: 241px) 100vw, 241px\" \/><\/p>\n<p>I en n\u00f6dsituations kaos l\u00e5ter den h\u00e4r gripv\u00e4skan dig ta dig snabbt fram med allt du beh\u00f6ver \u2013 torr, organiserad och enkel att ta med sig.<br \/>\n V\u00e4rde i butik: 129,99 \u00a3<\/p>\n<p>En slitstark torrv\u00e4ska av marin kvalitet, utformad f\u00f6r att b\u00e4ra din EPIRB, signalutrustning, dokument och annan s\u00e4kerhetsutrustning och n\u00f6dv\u00e4ndigheter. Byggd f\u00f6r att flyta och h\u00e5lla sig torr i tuffa marina milj\u00f6er. <\/p>\n<ul>\n<li><strong>Ljus, tydlig f\u00e4rg f\u00f6r snabb synlighet.<\/strong><\/li>\n<li><strong>S\u00e4ker f\u00f6rslutning h\u00e5ller inneh\u00e5llet torrt och skyddat.<\/strong><\/li>\n<li><strong>L\u00e4ttb\u00e4rbart handtag f\u00f6r snabb evakuering.<\/strong><\/li>\n<\/ul>\n","protected":false},"excerpt":{"rendered":"<p>EPIRB 1-s\u00e4kerhetspaketet \u00e4r en f\u00e4rdig v\u00e4ska med viktig n\u00f6dutrustning. Byggt kring Ocean Signals ultrakompakta EPIRB1 kategori II-s\u00e4ndarb\u00e5k, inneh\u00e5ller detta viktiga kit \u00e4ven en signalspegel och en visselpipa, vilket s\u00e4kerst\u00e4ller att du har den viktigaste s\u00e4kerhetsutrustningen. <\/p>\n<p>Perfekt f\u00f6r ensamseglare, kustseglare eller de som utrustar sin f\u00f6rsta s\u00e4kerhetsutrustning.<\/p>\n<p>Totalt kitv\u00e4rde vid rekommenderat pris: 625,97 \u00a3. Spara 95,98 \u00a3 med detta kit! <\/p>\n","protected":false},"featured_media":31303,"template":"","meta":{"_acf_changed":false,"om_disable_all_campaigns":false},"product_brand":[],"product_cat":[468,1682],"product_tag":[],"class_list":{"0":"post-31970","1":"product","2":"type-product","3":"status-publish","4":"has-post-thumbnail","6":"product_cat-rescueme-sv","7":"product_cat-sakerhetssatser","9":"first","10":"instock","11":"taxable","12":"shipping-taxable","13":"purchasable","14":"product-type-simple"},"acf":[],"yoast_head":"<!-- This site is optimized with the Yoast SEO Premium plugin v25.2 (Yoast SEO v26.4) - https:\/\/yoast.com\/wordpress\/plugins\/seo\/ -->\n<title>EPIRB1 S\u00e4kerhetssats - Ocean Signal<\/title>\n<meta name=\"robots\" content=\"index, follow, max-snippet:-1, max-image-preview:large, max-video-preview:-1\" \/>\n<link rel=\"canonical\" href=\"https:\/\/oceansignal.com\/sv\/products\/epirb1-sakerhetssats\/\" \/>\n<meta property=\"og:locale\" content=\"sv_SE\" \/>\n<meta property=\"og:type\" content=\"article\" \/>\n<meta property=\"og:title\" content=\"EPIRB1 S\u00e4kerhetssats\" \/>\n<meta property=\"og:description\" content=\"EPIRB 1-s\u00e4kerhetspaketet \u00e4r en f\u00e4rdig v\u00e4ska med viktig n\u00f6dutrustning. Byggt kring Ocean Signals ultrakompakta EPIRB1 kategori II-s\u00e4ndarb\u00e5k, inneh\u00e5ller detta viktiga kit \u00e4ven en signalspegel och en visselpipa, vilket s\u00e4kerst\u00e4ller att du har den viktigaste s\u00e4kerhetsutrustningen.  Perfekt f\u00f6r ensamseglare, kustseglare eller de som utrustar sin f\u00f6rsta s\u00e4kerhetsutrustning. Totalt kitv\u00e4rde vid rekommenderat pris: 625,97 \u00a3. Spara 95,98 \u00a3 med detta kit!\" \/>\n<meta property=\"og:url\" content=\"https:\/\/oceansignal.com\/sv\/products\/epirb1-sakerhetssats\/\" \/>\n<meta property=\"og:site_name\" content=\"Ocean Signal\" \/>\n<meta property=\"article:modified_time\" content=\"2025-08-21T14:03:37+00:00\" \/>\n<meta property=\"og:image\" content=\"https:\/\/oceansignal.com\/wp-content\/uploads\/2025\/06\/Grab_Bag_EPIRB1_Kit-1.jpg\" \/>\n\t<meta property=\"og:image:width\" content=\"911\" \/>\n\t<meta property=\"og:image:height\" content=\"805\" \/>\n\t<meta property=\"og:image:type\" content=\"image\/jpeg\" \/>\n<meta name=\"twitter:card\" content=\"summary_large_image\" \/>\n<meta name=\"twitter:label1\" content=\"Ber\u00e4knad l\u00e4stid\" \/>\n\t<meta name=\"twitter:data1\" content=\"2 minuter\" \/>\n<script type=\"application\/ld+json\" class=\"yoast-schema-graph\">{\"@context\":\"https:\/\/schema.org\",\"@graph\":[{\"@type\":\"WebPage\",\"@id\":\"https:\/\/oceansignal.com\/sv\/products\/epirb1-sakerhetssats\/\",\"url\":\"https:\/\/oceansignal.com\/sv\/products\/epirb1-sakerhetssats\/\",\"name\":\"EPIRB1 S\u00e4kerhetssats - Ocean Signal\",\"isPartOf\":{\"@id\":\"https:\/\/oceansignal.com\/sv\/#website\"},\"primaryImageOfPage\":{\"@id\":\"https:\/\/oceansignal.com\/sv\/products\/epirb1-sakerhetssats\/#primaryimage\"},\"image\":{\"@id\":\"https:\/\/oceansignal.com\/sv\/products\/epirb1-sakerhetssats\/#primaryimage\"},\"thumbnailUrl\":\"https:\/\/oceansignal.com\/wp-content\/uploads\/2025\/06\/Grab_Bag_EPIRB1_Kit-1.jpg\",\"datePublished\":\"2025-06-17T12:56:37+00:00\",\"dateModified\":\"2025-08-21T14:03:37+00:00\",\"breadcrumb\":{\"@id\":\"https:\/\/oceansignal.com\/sv\/products\/epirb1-sakerhetssats\/#breadcrumb\"},\"inLanguage\":\"sv-SE\",\"potentialAction\":[{\"@type\":\"ReadAction\",\"target\":[\"https:\/\/oceansignal.com\/sv\/products\/epirb1-sakerhetssats\/\"]}]},{\"@type\":\"ImageObject\",\"inLanguage\":\"sv-SE\",\"@id\":\"https:\/\/oceansignal.com\/sv\/products\/epirb1-sakerhetssats\/#primaryimage\",\"url\":\"https:\/\/oceansignal.com\/wp-content\/uploads\/2025\/06\/Grab_Bag_EPIRB1_Kit-1.jpg\",\"contentUrl\":\"https:\/\/oceansignal.com\/wp-content\/uploads\/2025\/06\/Grab_Bag_EPIRB1_Kit-1.jpg\",\"width\":911,\"height\":805},{\"@type\":\"BreadcrumbList\",\"@id\":\"https:\/\/oceansignal.com\/sv\/products\/epirb1-sakerhetssats\/#breadcrumb\",\"itemListElement\":[{\"@type\":\"ListItem\",\"position\":1,\"name\":\"Produkter\",\"item\":\"https:\/\/oceansignal.com\/sv\/produkter\/\"},{\"@type\":\"ListItem\",\"position\":2,\"name\":\"EPIRB1 S\u00e4kerhetssats\"}]},{\"@type\":\"WebSite\",\"@id\":\"https:\/\/oceansignal.com\/sv\/#website\",\"url\":\"https:\/\/oceansignal.com\/sv\/\",\"name\":\"Ocean Signal\",\"description\":\"A leading manufacturer of EPIRBs, AIS, SARTs, Personal Locator Beacons, Man Overboard Beacon for the Marine and Outdoor Markets.\",\"potentialAction\":[{\"@type\":\"SearchAction\",\"target\":{\"@type\":\"EntryPoint\",\"urlTemplate\":\"https:\/\/oceansignal.com\/sv\/?s={search_term_string}\"},\"query-input\":{\"@type\":\"PropertyValueSpecification\",\"valueRequired\":true,\"valueName\":\"search_term_string\"}}],\"inLanguage\":\"sv-SE\"}]}<\/script>\n<!-- \/ Yoast SEO Premium plugin. -->","yoast_head_json":{"title":"EPIRB1 S\u00e4kerhetssats - Ocean Signal","robots":{"index":"index","follow":"follow","max-snippet":"max-snippet:-1","max-image-preview":"max-image-preview:large","max-video-preview":"max-video-preview:-1"},"canonical":"https:\/\/oceansignal.com\/sv\/products\/epirb1-sakerhetssats\/","og_locale":"sv_SE","og_type":"article","og_title":"EPIRB1 S\u00e4kerhetssats","og_description":"EPIRB 1-s\u00e4kerhetspaketet \u00e4r en f\u00e4rdig v\u00e4ska med viktig n\u00f6dutrustning. Byggt kring Ocean Signals ultrakompakta EPIRB1 kategori II-s\u00e4ndarb\u00e5k, inneh\u00e5ller detta viktiga kit \u00e4ven en signalspegel och en visselpipa, vilket s\u00e4kerst\u00e4ller att du har den viktigaste s\u00e4kerhetsutrustningen.  Perfekt f\u00f6r ensamseglare, kustseglare eller de som utrustar sin f\u00f6rsta s\u00e4kerhetsutrustning. Totalt kitv\u00e4rde vid rekommenderat pris: 625,97 \u00a3. Spara 95,98 \u00a3 med detta kit!","og_url":"https:\/\/oceansignal.com\/sv\/products\/epirb1-sakerhetssats\/","og_site_name":"Ocean Signal","article_modified_time":"2025-08-21T14:03:37+00:00","og_image":[{"width":911,"height":805,"url":"https:\/\/oceansignal.com\/wp-content\/uploads\/2025\/06\/Grab_Bag_EPIRB1_Kit-1.jpg","type":"image\/jpeg"}],"twitter_card":"summary_large_image","twitter_misc":{"Ber\u00e4knad l\u00e4stid":"2 minuter"},"schema":{"@context":"https:\/\/schema.org","@graph":[{"@type":"WebPage","@id":"https:\/\/oceansignal.com\/sv\/products\/epirb1-sakerhetssats\/","url":"https:\/\/oceansignal.com\/sv\/products\/epirb1-sakerhetssats\/","name":"EPIRB1 S\u00e4kerhetssats - Ocean Signal","isPartOf":{"@id":"https:\/\/oceansignal.com\/sv\/#website"},"primaryImageOfPage":{"@id":"https:\/\/oceansignal.com\/sv\/products\/epirb1-sakerhetssats\/#primaryimage"},"image":{"@id":"https:\/\/oceansignal.com\/sv\/products\/epirb1-sakerhetssats\/#primaryimage"},"thumbnailUrl":"https:\/\/oceansignal.com\/wp-content\/uploads\/2025\/06\/Grab_Bag_EPIRB1_Kit-1.jpg","datePublished":"2025-06-17T12:56:37+00:00","dateModified":"2025-08-21T14:03:37+00:00","breadcrumb":{"@id":"https:\/\/oceansignal.com\/sv\/products\/epirb1-sakerhetssats\/#breadcrumb"},"inLanguage":"sv-SE","potentialAction":[{"@type":"ReadAction","target":["https:\/\/oceansignal.com\/sv\/products\/epirb1-sakerhetssats\/"]}]},{"@type":"ImageObject","inLanguage":"sv-SE","@id":"https:\/\/oceansignal.com\/sv\/products\/epirb1-sakerhetssats\/#primaryimage","url":"https:\/\/oceansignal.com\/wp-content\/uploads\/2025\/06\/Grab_Bag_EPIRB1_Kit-1.jpg","contentUrl":"https:\/\/oceansignal.com\/wp-content\/uploads\/2025\/06\/Grab_Bag_EPIRB1_Kit-1.jpg","width":911,"height":805},{"@type":"BreadcrumbList","@id":"https:\/\/oceansignal.com\/sv\/products\/epirb1-sakerhetssats\/#breadcrumb","itemListElement":[{"@type":"ListItem","position":1,"name":"Produkter","item":"https:\/\/oceansignal.com\/sv\/produkter\/"},{"@type":"ListItem","position":2,"name":"EPIRB1 S\u00e4kerhetssats"}]},{"@type":"WebSite","@id":"https:\/\/oceansignal.com\/sv\/#website","url":"https:\/\/oceansignal.com\/sv\/","name":"Ocean Signal","description":"A leading manufacturer of EPIRBs, AIS, SARTs, Personal Locator Beacons, Man Overboard Beacon for the Marine and Outdoor Markets.","potentialAction":[{"@type":"SearchAction","target":{"@type":"EntryPoint","urlTemplate":"https:\/\/oceansignal.com\/sv\/?s={search_term_string}"},"query-input":{"@type":"PropertyValueSpecification","valueRequired":true,"valueName":"search_term_string"}}],"inLanguage":"sv-SE"}]}},"_links":{"self":[{"href":"https:\/\/oceansignal.com\/sv\/wp-json\/wp\/v2\/product\/31970","targetHints":{"allow":["GET"]}}],"collection":[{"href":"https:\/\/oceansignal.com\/sv\/wp-json\/wp\/v2\/product"}],"about":[{"href":"https:\/\/oceansignal.com\/sv\/wp-json\/wp\/v2\/types\/product"}],"wp:featuredmedia":[{"embeddable":true,"href":"https:\/\/oceansignal.com\/sv\/wp-json\/wp\/v2\/media\/31303"}],"wp:attachment":[{"href":"https:\/\/oceansignal.com\/sv\/wp-json\/wp\/v2\/media?parent=31970"}],"wp:term":[{"taxonomy":"product_brand","embeddable":true,"href":"https:\/\/oceansignal.com\/sv\/wp-json\/wp\/v2\/product_brand?post=31970"},{"taxonomy":"product_cat","embeddable":true,"href":"https:\/\/oceansignal.com\/sv\/wp-json\/wp\/v2\/product_cat?post=31970"},{"taxonomy":"product_tag","embeddable":true,"href":"https:\/\/oceansignal.com\/sv\/wp-json\/wp\/v2\/product_tag?post=31970"}],"curies":[{"name":"wp","href":"https:\/\/api.w.org\/{rel}","templated":true}]}}