{"id":34627,"date":"2025-09-09T07:40:07","date_gmt":"2025-09-09T07:40:07","guid":{"rendered":"https:\/\/oceansignal.com\/products\/plb1-flytpase\/"},"modified":"2025-09-09T07:40:07","modified_gmt":"2025-09-09T07:40:07","slug":"plb1-flytpase","status":"publish","type":"product","link":"https:\/\/oceansignal.com\/sv\/products\/plb1-flytpase\/","title":{"rendered":"PLB1 Flytp\u00e5se"},"content":{"rendered":"<ul>\n<li>Ger rescueME PLB1 flytkraft n\u00e4r den \u00e4r monterad<\/li>\n<li>T\u00e4t passform och h\u00e5ller din PLB1 i drift<\/li>\n<li>Kompatibel med Ocean Signal rescueME PLB1 (730S-01261)<\/li>\n<\/ul>\n","protected":false},"excerpt":{"rendered":"<p>rescueME PLB1 flytv\u00e4ska* ger din PLB1 flytkraft s\u00e5 att den flyter, vilket g\u00f6r att den kan \u00e5terh\u00e4mta sig n\u00e4r den tappas i vatten. Med flytv\u00e4skan monterad f\u00f6rblir din PLB1 fullt funktionsduglig. <\/p>\n<p><em>*rescueMe PLB1 som visas p\u00e5 bilden ing\u00e5r inte och s\u00e4ljs separat.<\/em><\/p>\n","protected":false},"featured_media":34221,"template":"","meta":{"_acf_changed":false,"om_disable_all_campaigns":false},"product_brand":[],"product_cat":[468,1788],"product_tag":[1792,933,1790],"class_list":{"0":"post-34627","1":"product","2":"type-product","3":"status-publish","4":"has-post-thumbnail","6":"product_cat-rescueme-sv","7":"product_cat-tillbehor","8":"product_tag-flytpase","9":"product_tag-plb1-sv","10":"product_tag-plb1-pase","12":"first","13":"instock","14":"taxable","15":"shipping-taxable","16":"purchasable","17":"product-type-simple"},"acf":[],"yoast_head":"<!-- This site is optimized with the Yoast SEO Premium plugin v25.2 (Yoast SEO v26.4) - https:\/\/yoast.com\/wordpress\/plugins\/seo\/ -->\n<title>PLB1 Flytp\u00e5se - Ocean Signal<\/title>\n<meta name=\"robots\" content=\"index, follow, max-snippet:-1, max-image-preview:large, max-video-preview:-1\" \/>\n<link rel=\"canonical\" href=\"https:\/\/oceansignal.com\/sv\/products\/plb1-flytpase\/\" \/>\n<meta property=\"og:locale\" content=\"sv_SE\" \/>\n<meta property=\"og:type\" content=\"article\" \/>\n<meta property=\"og:title\" content=\"PLB1 Flytp\u00e5se\" \/>\n<meta property=\"og:description\" content=\"rescueME PLB1 flytv\u00e4ska* ger din PLB1 flytkraft s\u00e5 att den flyter, vilket g\u00f6r att den kan \u00e5terh\u00e4mta sig n\u00e4r den tappas i vatten. Med flytv\u00e4skan monterad f\u00f6rblir din PLB1 fullt funktionsduglig.  *rescueMe PLB1 som visas p\u00e5 bilden ing\u00e5r inte och s\u00e4ljs separat.\" \/>\n<meta property=\"og:url\" content=\"https:\/\/oceansignal.com\/sv\/products\/plb1-flytpase\/\" \/>\n<meta property=\"og:site_name\" content=\"Ocean Signal\" \/>\n<meta property=\"og:image\" content=\"https:\/\/oceansignal.com\/wp-content\/uploads\/2025\/09\/OSL-PLB1-Pouch-Left-Angle.jpg\" \/>\n\t<meta property=\"og:image:width\" content=\"2000\" \/>\n\t<meta property=\"og:image:height\" content=\"2000\" \/>\n\t<meta property=\"og:image:type\" content=\"image\/jpeg\" \/>\n<meta name=\"twitter:card\" content=\"summary_large_image\" \/>\n<script type=\"application\/ld+json\" class=\"yoast-schema-graph\">{\"@context\":\"https:\/\/schema.org\",\"@graph\":[{\"@type\":\"WebPage\",\"@id\":\"https:\/\/oceansignal.com\/sv\/products\/plb1-flytpase\/\",\"url\":\"https:\/\/oceansignal.com\/sv\/products\/plb1-flytpase\/\",\"name\":\"PLB1 Flytp\u00e5se - Ocean Signal\",\"isPartOf\":{\"@id\":\"https:\/\/oceansignal.com\/sv\/#website\"},\"primaryImageOfPage\":{\"@id\":\"https:\/\/oceansignal.com\/sv\/products\/plb1-flytpase\/#primaryimage\"},\"image\":{\"@id\":\"https:\/\/oceansignal.com\/sv\/products\/plb1-flytpase\/#primaryimage\"},\"thumbnailUrl\":\"https:\/\/oceansignal.com\/wp-content\/uploads\/2025\/09\/OSL-PLB1-Pouch-Left-Angle.jpg\",\"datePublished\":\"2025-09-09T07:40:07+00:00\",\"breadcrumb\":{\"@id\":\"https:\/\/oceansignal.com\/sv\/products\/plb1-flytpase\/#breadcrumb\"},\"inLanguage\":\"sv-SE\",\"potentialAction\":[{\"@type\":\"ReadAction\",\"target\":[\"https:\/\/oceansignal.com\/sv\/products\/plb1-flytpase\/\"]}]},{\"@type\":\"ImageObject\",\"inLanguage\":\"sv-SE\",\"@id\":\"https:\/\/oceansignal.com\/sv\/products\/plb1-flytpase\/#primaryimage\",\"url\":\"https:\/\/oceansignal.com\/wp-content\/uploads\/2025\/09\/OSL-PLB1-Pouch-Left-Angle.jpg\",\"contentUrl\":\"https:\/\/oceansignal.com\/wp-content\/uploads\/2025\/09\/OSL-PLB1-Pouch-Left-Angle.jpg\",\"width\":2000,\"height\":2000},{\"@type\":\"BreadcrumbList\",\"@id\":\"https:\/\/oceansignal.com\/sv\/products\/plb1-flytpase\/#breadcrumb\",\"itemListElement\":[{\"@type\":\"ListItem\",\"position\":1,\"name\":\"Produkter\",\"item\":\"https:\/\/oceansignal.com\/sv\/produkter\/\"},{\"@type\":\"ListItem\",\"position\":2,\"name\":\"PLB1 Flytp\u00e5se\"}]},{\"@type\":\"WebSite\",\"@id\":\"https:\/\/oceansignal.com\/sv\/#website\",\"url\":\"https:\/\/oceansignal.com\/sv\/\",\"name\":\"Ocean Signal\",\"description\":\"A leading manufacturer of EPIRBs, AIS, SARTs, Personal Locator Beacons, Man Overboard Beacon for the Marine and Outdoor Markets.\",\"potentialAction\":[{\"@type\":\"SearchAction\",\"target\":{\"@type\":\"EntryPoint\",\"urlTemplate\":\"https:\/\/oceansignal.com\/sv\/?s={search_term_string}\"},\"query-input\":{\"@type\":\"PropertyValueSpecification\",\"valueRequired\":true,\"valueName\":\"search_term_string\"}}],\"inLanguage\":\"sv-SE\"}]}<\/script>\n<!-- \/ Yoast SEO Premium plugin. -->","yoast_head_json":{"title":"PLB1 Flytp\u00e5se - Ocean Signal","robots":{"index":"index","follow":"follow","max-snippet":"max-snippet:-1","max-image-preview":"max-image-preview:large","max-video-preview":"max-video-preview:-1"},"canonical":"https:\/\/oceansignal.com\/sv\/products\/plb1-flytpase\/","og_locale":"sv_SE","og_type":"article","og_title":"PLB1 Flytp\u00e5se","og_description":"rescueME PLB1 flytv\u00e4ska* ger din PLB1 flytkraft s\u00e5 att den flyter, vilket g\u00f6r att den kan \u00e5terh\u00e4mta sig n\u00e4r den tappas i vatten. Med flytv\u00e4skan monterad f\u00f6rblir din PLB1 fullt funktionsduglig.  *rescueMe PLB1 som visas p\u00e5 bilden ing\u00e5r inte och s\u00e4ljs separat.","og_url":"https:\/\/oceansignal.com\/sv\/products\/plb1-flytpase\/","og_site_name":"Ocean Signal","og_image":[{"width":2000,"height":2000,"url":"https:\/\/oceansignal.com\/wp-content\/uploads\/2025\/09\/OSL-PLB1-Pouch-Left-Angle.jpg","type":"image\/jpeg"}],"twitter_card":"summary_large_image","schema":{"@context":"https:\/\/schema.org","@graph":[{"@type":"WebPage","@id":"https:\/\/oceansignal.com\/sv\/products\/plb1-flytpase\/","url":"https:\/\/oceansignal.com\/sv\/products\/plb1-flytpase\/","name":"PLB1 Flytp\u00e5se - Ocean Signal","isPartOf":{"@id":"https:\/\/oceansignal.com\/sv\/#website"},"primaryImageOfPage":{"@id":"https:\/\/oceansignal.com\/sv\/products\/plb1-flytpase\/#primaryimage"},"image":{"@id":"https:\/\/oceansignal.com\/sv\/products\/plb1-flytpase\/#primaryimage"},"thumbnailUrl":"https:\/\/oceansignal.com\/wp-content\/uploads\/2025\/09\/OSL-PLB1-Pouch-Left-Angle.jpg","datePublished":"2025-09-09T07:40:07+00:00","breadcrumb":{"@id":"https:\/\/oceansignal.com\/sv\/products\/plb1-flytpase\/#breadcrumb"},"inLanguage":"sv-SE","potentialAction":[{"@type":"ReadAction","target":["https:\/\/oceansignal.com\/sv\/products\/plb1-flytpase\/"]}]},{"@type":"ImageObject","inLanguage":"sv-SE","@id":"https:\/\/oceansignal.com\/sv\/products\/plb1-flytpase\/#primaryimage","url":"https:\/\/oceansignal.com\/wp-content\/uploads\/2025\/09\/OSL-PLB1-Pouch-Left-Angle.jpg","contentUrl":"https:\/\/oceansignal.com\/wp-content\/uploads\/2025\/09\/OSL-PLB1-Pouch-Left-Angle.jpg","width":2000,"height":2000},{"@type":"BreadcrumbList","@id":"https:\/\/oceansignal.com\/sv\/products\/plb1-flytpase\/#breadcrumb","itemListElement":[{"@type":"ListItem","position":1,"name":"Produkter","item":"https:\/\/oceansignal.com\/sv\/produkter\/"},{"@type":"ListItem","position":2,"name":"PLB1 Flytp\u00e5se"}]},{"@type":"WebSite","@id":"https:\/\/oceansignal.com\/sv\/#website","url":"https:\/\/oceansignal.com\/sv\/","name":"Ocean Signal","description":"A leading manufacturer of EPIRBs, AIS, SARTs, Personal Locator Beacons, Man Overboard Beacon for the Marine and Outdoor Markets.","potentialAction":[{"@type":"SearchAction","target":{"@type":"EntryPoint","urlTemplate":"https:\/\/oceansignal.com\/sv\/?s={search_term_string}"},"query-input":{"@type":"PropertyValueSpecification","valueRequired":true,"valueName":"search_term_string"}}],"inLanguage":"sv-SE"}]}},"_links":{"self":[{"href":"https:\/\/oceansignal.com\/sv\/wp-json\/wp\/v2\/product\/34627","targetHints":{"allow":["GET"]}}],"collection":[{"href":"https:\/\/oceansignal.com\/sv\/wp-json\/wp\/v2\/product"}],"about":[{"href":"https:\/\/oceansignal.com\/sv\/wp-json\/wp\/v2\/types\/product"}],"wp:featuredmedia":[{"embeddable":true,"href":"https:\/\/oceansignal.com\/sv\/wp-json\/wp\/v2\/media\/34221"}],"wp:attachment":[{"href":"https:\/\/oceansignal.com\/sv\/wp-json\/wp\/v2\/media?parent=34627"}],"wp:term":[{"taxonomy":"product_brand","embeddable":true,"href":"https:\/\/oceansignal.com\/sv\/wp-json\/wp\/v2\/product_brand?post=34627"},{"taxonomy":"product_cat","embeddable":true,"href":"https:\/\/oceansignal.com\/sv\/wp-json\/wp\/v2\/product_cat?post=34627"},{"taxonomy":"product_tag","embeddable":true,"href":"https:\/\/oceansignal.com\/sv\/wp-json\/wp\/v2\/product_tag?post=34627"}],"curies":[{"name":"wp","href":"https:\/\/api.w.org\/{rel}","templated":true}]}}