{"id":34847,"date":"2025-09-18T15:01:27","date_gmt":"2025-09-18T15:01:27","guid":{"rendered":"https:\/\/oceansignal.com\/?post_type=product&#038;p=34847"},"modified":"2025-09-18T15:28:56","modified_gmt":"2025-09-18T15:28:56","slug":"plb3-flytpase-copy","status":"publish","type":"product","link":"https:\/\/oceansignal.com\/sv\/products\/plb3-flytpase-copy\/","title":{"rendered":"MOB1-kopplingspaket"},"content":{"rendered":"<p>MOB1-kopplingspaketet inneh\u00e5ller:<\/p>\n<ul>\n<li><span data-teams=\"true\">Aktiveringsskjutreglage<\/span><\/li>\n<li><span data-teams=\"true\">F\u00e4ste f\u00f6r oral monteringsr\u00f6r<\/span><\/li>\n<li><span data-teams=\"true\">Antenn\u00e5tspolningsverktyg<\/span><\/li>\n<li><span data-teams=\"true\">Programmeringsadapter<\/span><\/li>\n<li><span data-teams=\"true\">Aktiveringstejp<\/span><\/li>\n<li><span data-teams=\"true\">L\u00e4ngd p\u00e5 sladden f\u00f6r att f\u00e4sta MOB1<\/span><\/li>\n<\/ul>\n<p>F\u00f6r anv\u00e4ndning med produktnummer: <span class=\"sku\">740S-01551 (Ocean Signal rescueME MOB1)<\/span><\/p>\n","protected":false},"excerpt":{"rendered":"<p>MOB1-kopplingspaketet inneh\u00e5ller alla viktiga delar du beh\u00f6ver f\u00f6r att h\u00e5lla din MOB1 i drift.<\/p>\n<p> F\u00f6r anv\u00e4ndning med <a href=\"https:\/\/oceansignal.com\/products\/mob1\/\">rescueME MOB1 &#8211; <span class=\"sku\">740S-01551<\/span><\/a><\/p>\n","protected":false},"featured_media":34863,"template":"","meta":{"_acf_changed":false,"om_disable_all_campaigns":false},"product_brand":[],"product_cat":[468,1788],"product_tag":[1792,968,1830],"class_list":{"0":"post-34847","1":"product","2":"type-product","3":"status-publish","4":"has-post-thumbnail","6":"product_cat-rescueme-sv","7":"product_cat-tillbehor","8":"product_tag-flytpase","9":"product_tag-plb3-sv","10":"product_tag-plb3-pase","12":"first","13":"instock","14":"taxable","15":"shipping-taxable","16":"purchasable","17":"product-type-simple"},"acf":[],"yoast_head":"<!-- This site is optimized with the Yoast SEO Premium plugin v25.2 (Yoast SEO v26.4) - https:\/\/yoast.com\/wordpress\/plugins\/seo\/ -->\n<title>MOB1-kopplingspaket - Ocean Signal<\/title>\n<meta name=\"robots\" content=\"index, follow, max-snippet:-1, max-image-preview:large, max-video-preview:-1\" \/>\n<link rel=\"canonical\" href=\"https:\/\/oceansignal.com\/sv\/products\/plb3-flytpase-copy\/\" \/>\n<meta property=\"og:locale\" content=\"sv_SE\" \/>\n<meta property=\"og:type\" content=\"article\" \/>\n<meta property=\"og:title\" content=\"MOB1-kopplingspaket\" \/>\n<meta property=\"og:description\" content=\"MOB1-kopplingspaketet inneh\u00e5ller alla viktiga delar du beh\u00f6ver f\u00f6r att h\u00e5lla din MOB1 i drift.  F\u00f6r anv\u00e4ndning med rescueME MOB1 - 740S-01551\" \/>\n<meta property=\"og:url\" content=\"https:\/\/oceansignal.com\/sv\/products\/plb3-flytpase-copy\/\" \/>\n<meta property=\"og:site_name\" content=\"Ocean Signal\" \/>\n<meta property=\"article:modified_time\" content=\"2025-09-18T15:28:56+00:00\" \/>\n<meta property=\"og:image\" content=\"https:\/\/oceansignal.com\/wp-content\/uploads\/2025\/09\/OSL-MOB1-Accessory-Kit.jpg\" \/>\n\t<meta property=\"og:image:width\" content=\"2000\" \/>\n\t<meta property=\"og:image:height\" content=\"2000\" \/>\n\t<meta property=\"og:image:type\" content=\"image\/jpeg\" \/>\n<meta name=\"twitter:card\" content=\"summary_large_image\" \/>\n<script type=\"application\/ld+json\" class=\"yoast-schema-graph\">{\"@context\":\"https:\/\/schema.org\",\"@graph\":[{\"@type\":\"WebPage\",\"@id\":\"https:\/\/oceansignal.com\/sv\/products\/plb3-flytpase-copy\/\",\"url\":\"https:\/\/oceansignal.com\/sv\/products\/plb3-flytpase-copy\/\",\"name\":\"MOB1-kopplingspaket - Ocean Signal\",\"isPartOf\":{\"@id\":\"https:\/\/oceansignal.com\/sv\/#website\"},\"primaryImageOfPage\":{\"@id\":\"https:\/\/oceansignal.com\/sv\/products\/plb3-flytpase-copy\/#primaryimage\"},\"image\":{\"@id\":\"https:\/\/oceansignal.com\/sv\/products\/plb3-flytpase-copy\/#primaryimage\"},\"thumbnailUrl\":\"https:\/\/oceansignal.com\/wp-content\/uploads\/2025\/09\/OSL-MOB1-Accessory-Kit.jpg\",\"datePublished\":\"2025-09-18T15:01:27+00:00\",\"dateModified\":\"2025-09-18T15:28:56+00:00\",\"breadcrumb\":{\"@id\":\"https:\/\/oceansignal.com\/sv\/products\/plb3-flytpase-copy\/#breadcrumb\"},\"inLanguage\":\"sv-SE\",\"potentialAction\":[{\"@type\":\"ReadAction\",\"target\":[\"https:\/\/oceansignal.com\/sv\/products\/plb3-flytpase-copy\/\"]}]},{\"@type\":\"ImageObject\",\"inLanguage\":\"sv-SE\",\"@id\":\"https:\/\/oceansignal.com\/sv\/products\/plb3-flytpase-copy\/#primaryimage\",\"url\":\"https:\/\/oceansignal.com\/wp-content\/uploads\/2025\/09\/OSL-MOB1-Accessory-Kit.jpg\",\"contentUrl\":\"https:\/\/oceansignal.com\/wp-content\/uploads\/2025\/09\/OSL-MOB1-Accessory-Kit.jpg\",\"width\":2000,\"height\":2000},{\"@type\":\"BreadcrumbList\",\"@id\":\"https:\/\/oceansignal.com\/sv\/products\/plb3-flytpase-copy\/#breadcrumb\",\"itemListElement\":[{\"@type\":\"ListItem\",\"position\":1,\"name\":\"Produkter\",\"item\":\"https:\/\/oceansignal.com\/sv\/produkter\/\"},{\"@type\":\"ListItem\",\"position\":2,\"name\":\"MOB1-kopplingspaket\"}]},{\"@type\":\"WebSite\",\"@id\":\"https:\/\/oceansignal.com\/sv\/#website\",\"url\":\"https:\/\/oceansignal.com\/sv\/\",\"name\":\"Ocean Signal\",\"description\":\"A leading manufacturer of EPIRBs, AIS, SARTs, Personal Locator Beacons, Man Overboard Beacon for the Marine and Outdoor Markets.\",\"potentialAction\":[{\"@type\":\"SearchAction\",\"target\":{\"@type\":\"EntryPoint\",\"urlTemplate\":\"https:\/\/oceansignal.com\/sv\/?s={search_term_string}\"},\"query-input\":{\"@type\":\"PropertyValueSpecification\",\"valueRequired\":true,\"valueName\":\"search_term_string\"}}],\"inLanguage\":\"sv-SE\"}]}<\/script>\n<!-- \/ Yoast SEO Premium plugin. -->","yoast_head_json":{"title":"MOB1-kopplingspaket - Ocean Signal","robots":{"index":"index","follow":"follow","max-snippet":"max-snippet:-1","max-image-preview":"max-image-preview:large","max-video-preview":"max-video-preview:-1"},"canonical":"https:\/\/oceansignal.com\/sv\/products\/plb3-flytpase-copy\/","og_locale":"sv_SE","og_type":"article","og_title":"MOB1-kopplingspaket","og_description":"MOB1-kopplingspaketet inneh\u00e5ller alla viktiga delar du beh\u00f6ver f\u00f6r att h\u00e5lla din MOB1 i drift.  F\u00f6r anv\u00e4ndning med rescueME MOB1 - 740S-01551","og_url":"https:\/\/oceansignal.com\/sv\/products\/plb3-flytpase-copy\/","og_site_name":"Ocean Signal","article_modified_time":"2025-09-18T15:28:56+00:00","og_image":[{"width":2000,"height":2000,"url":"https:\/\/oceansignal.com\/wp-content\/uploads\/2025\/09\/OSL-MOB1-Accessory-Kit.jpg","type":"image\/jpeg"}],"twitter_card":"summary_large_image","schema":{"@context":"https:\/\/schema.org","@graph":[{"@type":"WebPage","@id":"https:\/\/oceansignal.com\/sv\/products\/plb3-flytpase-copy\/","url":"https:\/\/oceansignal.com\/sv\/products\/plb3-flytpase-copy\/","name":"MOB1-kopplingspaket - Ocean Signal","isPartOf":{"@id":"https:\/\/oceansignal.com\/sv\/#website"},"primaryImageOfPage":{"@id":"https:\/\/oceansignal.com\/sv\/products\/plb3-flytpase-copy\/#primaryimage"},"image":{"@id":"https:\/\/oceansignal.com\/sv\/products\/plb3-flytpase-copy\/#primaryimage"},"thumbnailUrl":"https:\/\/oceansignal.com\/wp-content\/uploads\/2025\/09\/OSL-MOB1-Accessory-Kit.jpg","datePublished":"2025-09-18T15:01:27+00:00","dateModified":"2025-09-18T15:28:56+00:00","breadcrumb":{"@id":"https:\/\/oceansignal.com\/sv\/products\/plb3-flytpase-copy\/#breadcrumb"},"inLanguage":"sv-SE","potentialAction":[{"@type":"ReadAction","target":["https:\/\/oceansignal.com\/sv\/products\/plb3-flytpase-copy\/"]}]},{"@type":"ImageObject","inLanguage":"sv-SE","@id":"https:\/\/oceansignal.com\/sv\/products\/plb3-flytpase-copy\/#primaryimage","url":"https:\/\/oceansignal.com\/wp-content\/uploads\/2025\/09\/OSL-MOB1-Accessory-Kit.jpg","contentUrl":"https:\/\/oceansignal.com\/wp-content\/uploads\/2025\/09\/OSL-MOB1-Accessory-Kit.jpg","width":2000,"height":2000},{"@type":"BreadcrumbList","@id":"https:\/\/oceansignal.com\/sv\/products\/plb3-flytpase-copy\/#breadcrumb","itemListElement":[{"@type":"ListItem","position":1,"name":"Produkter","item":"https:\/\/oceansignal.com\/sv\/produkter\/"},{"@type":"ListItem","position":2,"name":"MOB1-kopplingspaket"}]},{"@type":"WebSite","@id":"https:\/\/oceansignal.com\/sv\/#website","url":"https:\/\/oceansignal.com\/sv\/","name":"Ocean Signal","description":"A leading manufacturer of EPIRBs, AIS, SARTs, Personal Locator Beacons, Man Overboard Beacon for the Marine and Outdoor Markets.","potentialAction":[{"@type":"SearchAction","target":{"@type":"EntryPoint","urlTemplate":"https:\/\/oceansignal.com\/sv\/?s={search_term_string}"},"query-input":{"@type":"PropertyValueSpecification","valueRequired":true,"valueName":"search_term_string"}}],"inLanguage":"sv-SE"}]}},"_links":{"self":[{"href":"https:\/\/oceansignal.com\/sv\/wp-json\/wp\/v2\/product\/34847","targetHints":{"allow":["GET"]}}],"collection":[{"href":"https:\/\/oceansignal.com\/sv\/wp-json\/wp\/v2\/product"}],"about":[{"href":"https:\/\/oceansignal.com\/sv\/wp-json\/wp\/v2\/types\/product"}],"wp:featuredmedia":[{"embeddable":true,"href":"https:\/\/oceansignal.com\/sv\/wp-json\/wp\/v2\/media\/34863"}],"wp:attachment":[{"href":"https:\/\/oceansignal.com\/sv\/wp-json\/wp\/v2\/media?parent=34847"}],"wp:term":[{"taxonomy":"product_brand","embeddable":true,"href":"https:\/\/oceansignal.com\/sv\/wp-json\/wp\/v2\/product_brand?post=34847"},{"taxonomy":"product_cat","embeddable":true,"href":"https:\/\/oceansignal.com\/sv\/wp-json\/wp\/v2\/product_cat?post=34847"},{"taxonomy":"product_tag","embeddable":true,"href":"https:\/\/oceansignal.com\/sv\/wp-json\/wp\/v2\/product_tag?post=34847"}],"curies":[{"name":"wp","href":"https:\/\/api.w.org\/{rel}","templated":true}]}}