{"id":38020,"date":"2025-11-07T11:01:43","date_gmt":"2025-11-07T11:01:43","guid":{"rendered":"https:\/\/oceansignal.com\/?post_type=product&#038;p=38020"},"modified":"2026-03-17T17:00:59","modified_gmt":"2026-03-17T17:00:59","slug":"epirb3-sakerhetssats-for-segling-copy-2","status":"publish","type":"product","link":"https:\/\/oceansignal.com\/sv\/products\/epirb3-sakerhetssats-for-segling-copy-2\/","title":{"rendered":"PLB3 S\u00e4kerhetssats f\u00f6r segling"},"content":{"rendered":"<h3 data-start=\"3285\" data-end=\"3337\"><strong data-start=\"3292\" data-end=\"3337\"><img loading=\"lazy\" decoding=\"async\" class=\"alignnone size-full wp-image-32359\" src=\"https:\/\/oceansignal.com\/wp-content\/uploads\/2025\/07\/View-New-Safety-Kits.png\" alt=\"\" width=\"300\" height=\"75\" srcset=\"https:\/\/oceansignal.com\/wp-content\/uploads\/2025\/07\/View-New-Safety-Kits.png 300w, https:\/\/oceansignal.com\/wp-content\/uploads\/2025\/07\/View-New-Safety-Kits-60x15.png 60w, https:\/\/oceansignal.com\/wp-content\/uploads\/2025\/07\/View-New-Safety-Kits-110x28.png 110w\" sizes=\"auto, (max-width: 300px) 100vw, 300px\" \/><\/strong><\/h3>\n<h3 data-start=\"2673\" data-end=\"2727\"><strong data-start=\"2680\" data-end=\"2727\">Varf\u00f6r v\u00e4lja PLB3-kitet?<\/strong><\/h3>\n<ul>\n<li data-start=\"308\" data-end=\"559\">Byggd f\u00f6r sj\u00e4lvst\u00e4ndiga seglare \u2013 N\u00e4r du seglar ensam eller med en liten bes\u00e4ttning m\u00e5ste all utrustning fungera felfritt. PLB3-kitet ger professionellt skydd, utformat f\u00f6r dem som \u00e4r helt beroende av sig sj\u00e4lva och sin utrustning. <\/li>\n<li data-start=\"308\" data-end=\"559\">V\u00e4rldens mest avancerade personliga signal rescueME PLB3 kombinerar 406 MHz satellitn\u00f6dsignal, lokala AIS-varningar och Return Link Service (RLS)-bekr\u00e4ftelse \u2013 s\u00e5 att du vet att ditt hj\u00e4lpanrop har mottagits. AIS s\u00e4nder din position till n\u00e4rliggande fartyg f\u00f6r omedelbar lokal varning. <\/li>\n<li data-start=\"308\" data-end=\"559\">Komplett, kompakt s\u00e4kerhetsl\u00f6sning med havssignalsv\u00e4ska med SOLAS-godk\u00e4nd tejp och ACR-spegel- och visselpipa. Satsen s\u00e4kerst\u00e4ller att du uppfyller offshore-kraven samtidigt som du \u00e4r l\u00e4tt, organiserad och redo f\u00f6r omedelbar drifts\u00e4ttning.<\/li>\n<li data-start=\"308\" data-end=\"559\">Bepr\u00f6vad teknik fr\u00e5n Ocean Signal och ACR Electronics. Betrodd av oceankappseglare, leveransskeppare och l\u00e5ngdistanskryssare v\u00e4rlden \u00f6ver \u2013 detta kit representerar \u00f6verlevnadsvetenskapen n\u00e4r den \u00e4r som mest p\u00e5litlig.<\/li>\n<\/ul>\n<h3 data-start=\"2313\" data-end=\"2334\"><strong data-start=\"2320\" data-end=\"2334\">Idealisk f\u00f6r:<\/strong><\/h3>\n<ul>\n<li data-start=\"181\" data-end=\"379\">Ensamseglare och shorthanded-bes\u00e4ttningar Utformade f\u00f6r de som seglar sj\u00e4lvst\u00e4ndigt eller med minimal bes\u00e4ttning \u2014 erbjuder p\u00e5litlig, dubbelskiktad kommunikation och r\u00e4ddningsf\u00f6rtroende var som helst i v\u00e4rlden.<\/li>\n<li data-start=\"181\" data-end=\"379\">Bluewater &amp; Offshore Adventurers Perfekt f\u00f6r seglare som korsar hav eller utforskar avl\u00e4gsna kustlinjer d\u00e4r sj\u00e4lvf\u00f6rs\u00f6rjning och kompakt, SOLAS-godk\u00e4nd s\u00e4kerhetsutrustning \u00e4r avg\u00f6rande.<\/li>\n<li data-start=\"181\" data-end=\"379\">Leveransskeppare och instrukt\u00f6rer Perfekt f\u00f6r professionella skeppare som ansvarar f\u00f6r fartygs\u00f6verf\u00f6ringar eller utbildning \u2014 s\u00e4kerst\u00e4ller efterlevnad och personligt skydd hela tiden.<\/li>\n<\/ul>\n<p>&nbsp;<\/p>\n<h3 data-start=\"673\" data-end=\"726\"><strong data-start=\"680\" data-end=\"726\">Vad ing\u00e5r och hur st\u00f6der det r\u00e4ddningsaktionen?<\/strong><\/h3>\n<h4 data-start=\"728\" data-end=\"762\"><strong data-start=\"733\" data-end=\"760\">2 \u00d7 Ocean Signal rescueME PLB3<\/strong><\/h4>\n<p data-start=\"763\" data-end=\"786\">Kan ses lokalt (fartyg med AIS-transceivers) och globalt (406 MHz-meddelande levererat till s\u00f6k- och r\u00e4ddningstj\u00e4nst), sp\u00e5ras med precision (AIS) och bekr\u00e4ftas med realtidsbekr\u00e4ftelse (RLS) \u2013 allt i en enda enhet.<br \/>\n V\u00e4rde i butik: 849,99 \u00a3<\/p>\n<p data-start=\"763\" data-end=\"786\"><img loading=\"lazy\" decoding=\"async\" class=\"alignnone size-medium wp-image-11815\" src=\"https:\/\/oceansignal.com\/wp-content\/uploads\/2023\/09\/OSL-PLB3-Front-Antenna-Deployed-300x300.png\" alt=\"\" width=\"300\" height=\"300\" srcset=\"https:\/\/oceansignal.com\/wp-content\/uploads\/2023\/09\/OSL-PLB3-Front-Antenna-Deployed-300x300.png 300w, https:\/\/oceansignal.com\/wp-content\/uploads\/2023\/09\/OSL-PLB3-Front-Antenna-Deployed-1024x1024.png 1024w, https:\/\/oceansignal.com\/wp-content\/uploads\/2023\/09\/OSL-PLB3-Front-Antenna-Deployed-150x150.png 150w, https:\/\/oceansignal.com\/wp-content\/uploads\/2023\/09\/OSL-PLB3-Front-Antenna-Deployed-768x768.png 768w, https:\/\/oceansignal.com\/wp-content\/uploads\/2023\/09\/OSL-PLB3-Front-Antenna-Deployed-1536x1536.png 1536w, https:\/\/oceansignal.com\/wp-content\/uploads\/2023\/09\/OSL-PLB3-Front-Antenna-Deployed-600x600.png 600w, https:\/\/oceansignal.com\/wp-content\/uploads\/2023\/09\/OSL-PLB3-Front-Antenna-Deployed-100x100.png 100w, https:\/\/oceansignal.com\/wp-content\/uploads\/2023\/09\/OSL-PLB3-Front-Antenna-Deployed-60x60.png 60w, https:\/\/oceansignal.com\/wp-content\/uploads\/2023\/09\/OSL-PLB3-Front-Antenna-Deployed-110x110.png 110w, https:\/\/oceansignal.com\/wp-content\/uploads\/2023\/09\/OSL-PLB3-Front-Antenna-Deployed.png 2000w\" sizes=\"auto, (max-width: 300px) 100vw, 300px\" \/><\/p>\n<ul data-start=\"917\" data-end=\"1359\">\n<li data-start=\"917\" data-end=\"965\">V\u00e4rldens F\u00d6RSTA PLB med AIS och v\u00e4rldens F\u00d6RSTA PLB med NFC och mobilapp\n<ul>\n<li data-start=\"71\" data-end=\"199\">\n<p data-start=\"73\" data-end=\"199\">Trippelvarningssystem: Skickar global n\u00f6dsignal p\u00e5 406 MHz, AIS f\u00f6r n\u00e4rliggande fartyg och 121,5 MHz m\u00e5ls\u00f6kande f\u00f6r globala r\u00e4ddningsteam<\/p>\n<\/li>\n<li data-start=\"71\" data-end=\"199\">PFD-klar design: Inkluderar ett multifunktionskl\u00e4mma och \u00e4r utformad f\u00f6r att integreras s\u00f6ml\u00f6st med de flesta uppbl\u00e5sbara flytv\u00e4star<\/li>\n<li data-start=\"200\" data-end=\"302\">\n<p data-start=\"202\" data-end=\"302\">Smart och uppkopplad: NFC-aktiverad f\u00f6r installation och statuskontroller via gratis mobilapp (iOS och Android)<\/p>\n<\/li>\n<li data-start=\"303\" data-end=\"403\">\n<p data-start=\"305\" data-end=\"403\">Inga prenumerationer: Eng\u00e5ngsk\u00f6p med 6 \u00e5rs batteritid och 24+ timmars aktiveringstid<\/p>\n<\/li>\n<li data-start=\"303\" data-end=\"403\"><a href=\"https:\/\/oceansignal.com\/sv\/news\/ocean-signal-vinner-det-overgripande-dame-design-award-2022-for-rescueme-plb3-ais-personal-locator-beacon\/\">Vinnare: Total DAME Design Award 2022<\/a><\/li>\n<\/ul>\n<p data-start=\"919\" data-end=\"965\">\n<\/li>\n<\/ul>\n<h4 data-start=\"1516\" data-end=\"1558\"><strong data-start=\"1521\" data-end=\"1556\">1 \u00d7 ACR Signalspegel och visselpipa<\/strong><\/h4>\n<p data-start=\"1559\" data-end=\"1581\">Perfekt n\u00e4r SAR-team \u00e4r i n\u00e4rheten och du beh\u00f6ver dra till dig deras uppm\u00e4rksamhet snabbt och tydligt.<br \/>\n V\u00e4rde i butik: 10,99 \u00a3<\/p>\n<p data-start=\"1559\" data-end=\"1581\"><img loading=\"lazy\" decoding=\"async\" class=\"alignnone wp-image-31407 size-medium\" src=\"https:\/\/oceansignal.com\/wp-content\/uploads\/2025\/06\/Grab_Bag_EPIRB1_Kit-e1752085331562-300x131.png\" alt=\"\" width=\"300\" height=\"131\" srcset=\"https:\/\/oceansignal.com\/wp-content\/uploads\/2025\/06\/Grab_Bag_EPIRB1_Kit-e1752085331562-300x131.png 300w, https:\/\/oceansignal.com\/wp-content\/uploads\/2025\/06\/Grab_Bag_EPIRB1_Kit-e1752085331562-60x26.png 60w, https:\/\/oceansignal.com\/wp-content\/uploads\/2025\/06\/Grab_Bag_EPIRB1_Kit-e1752085331562-110x48.png 110w, https:\/\/oceansignal.com\/wp-content\/uploads\/2025\/06\/Grab_Bag_EPIRB1_Kit-e1752085331562.png 344w\" sizes=\"auto, (max-width: 300px) 100vw, 300px\" \/><\/p>\n<p data-start=\"1583\" data-end=\"1691\">Dessa underh\u00e5llsfria verktyg ger v\u00e4rdefull extra synlighet och ljudsignalering i de sista skedena av r\u00e4ddningsinsatsen.<\/p>\n<ul data-start=\"1693\" data-end=\"1791\">\n<li data-start=\"1693\" data-end=\"1734\">\n<p data-start=\"1695\" data-end=\"1734\"><strong>Mycket reflekterande kompakt spegel f\u00f6r visuella signaler i dagsljus \u2013 Konstruerad f\u00f6r att reflektera solljus \u00f6ver stora avst\u00e5nd, perfekt f\u00f6r att f\u00e5nga \u00f6gat p\u00e5 passerande fartyg eller flygplan<\/strong><\/p>\n<\/li>\n<li data-start=\"1735\" data-end=\"1791\">\n<p data-start=\"1737\" data-end=\"1791\"><strong>H\u00f6g, ljudl\u00f6s visselpipa f\u00f6r att locka uppm\u00e4rksamhet p\u00e5 n\u00e4ra h\u00e5ll<\/strong><\/p>\n<\/li>\n<\/ul>\n<h4 data-start=\"1914\" data-end=\"1961\"><\/h4>\n<h4 data-start=\"1914\" data-end=\"1961\"><strong data-start=\"1919\" data-end=\"1959\">1 \u00d7 Ocean Signal vattent\u00e4t gripv\u00e4ska<\/strong><\/h4>\n<p data-start=\"1962\" data-end=\"1985\"><em data-start=\"1962\" data-end=\"1985\">N\u00e4r varje sekund r\u00e4knas \u00e4r det avg\u00f6rande att ha allt p\u00e5 en torr, synlig plats.<br \/>\n V\u00e4rde i butik: 129,99 \u00a3<\/em><\/p>\n<p data-start=\"1962\" data-end=\"1985\"><img loading=\"lazy\" decoding=\"async\" class=\"alignnone wp-image-31488 size-medium\" src=\"https:\/\/oceansignal.com\/wp-content\/uploads\/2025\/06\/Grab_Bag-1-241x300.webp\" alt=\"\" width=\"241\" height=\"300\" srcset=\"https:\/\/oceansignal.com\/wp-content\/uploads\/2025\/06\/Grab_Bag-1-241x300.webp 241w, https:\/\/oceansignal.com\/wp-content\/uploads\/2025\/06\/Grab_Bag-1-60x75.webp 60w, https:\/\/oceansignal.com\/wp-content\/uploads\/2025\/06\/Grab_Bag-1-110x137.webp 110w, https:\/\/oceansignal.com\/wp-content\/uploads\/2025\/06\/Grab_Bag-1.webp 489w\" sizes=\"auto, (max-width: 241px) 100vw, 241px\" \/><\/p>\n<p data-start=\"1987\" data-end=\"2079\">Denna t\u00e5liga, flytande v\u00e4ska h\u00e5ller ihop din viktiga utrustning \u2013 torr, skyddad och redo att anv\u00e4ndas.<\/p>\n<ul data-start=\"2081\" data-end=\"2190\">\n<li data-start=\"2081\" data-end=\"2107\">\n<p data-start=\"2083\" data-end=\"2107\"><strong>F\u00e4rg med h\u00f6g synlighet<\/strong><\/p>\n<\/li>\n<li data-start=\"2108\" data-end=\"2131\">\n<p data-start=\"2110\" data-end=\"2131\"><strong>Flytande<\/strong><\/p>\n<\/li>\n<li data-start=\"2132\" data-end=\"2190\">\n<p data-start=\"2134\" data-end=\"2190\"><strong>Idealisk storlek f\u00f6r EPIRB, eventuell ytterligare s\u00e4kerhetsutrustning och viktiga dokument<\/strong><\/p>\n<\/li>\n<\/ul>\n","protected":false},"excerpt":{"rendered":"<ul>\n<li data-start=\"250\" data-end=\"437\">Konstruerad f\u00f6r ensamseglare och seglare med liten bes\u00e4ttning: Tv\u00e5 Ocean Signal PLB3-fyrar levererar dubbla 406 MHz + AIS-n\u00f6dlarm, vilket s\u00e4kerst\u00e4ller global r\u00e4ddningsinsats och omedelbar lokal sikt.<\/li>\n<li data-start=\"250\" data-end=\"437\">Kompakt, offshore-klar design inkluderar havssignalsv\u00e4ska med SOLAS-godk\u00e4nd tejp, plus ACR-speglar och visselpipor f\u00f6r viktig signalering och efterlevnad till sj\u00f6ss<\/li>\n<li data-start=\"250\" data-end=\"437\">P\u00e5litlig p\u00e5litlighet: Utvecklad av Ocean Signal &amp; ACR Electronics \u2014 professionell s\u00e4kerhet som b\u00e5tkaptare och ensamresen\u00e4rer v\u00e4rlden \u00f6ver litar p\u00e5<\/li>\n<\/ul>\n<p>Totalt kitv\u00e4rde vid rekommenderat pris: 1201 \u00a3. Spara 160 \u00a3 med detta kit! <\/p>\n","protected":false},"featured_media":38052,"template":"","meta":{"_acf_changed":false,"om_disable_all_campaigns":false},"product_brand":[],"product_cat":[1984,468,1682],"product_tag":[1351,1689],"class_list":{"0":"post-38020","1":"product","2":"type-product","3":"status-publish","4":"has-post-thumbnail","6":"product_cat-kompatibel-med-flytvast","7":"product_cat-rescueme-sv","8":"product_cat-sakerhetssatser","9":"product_tag-grab-bag-sv","10":"product_tag-sakerhetssatser","12":"first","13":"instock","14":"taxable","15":"shipping-taxable","16":"purchasable","17":"product-type-simple"},"acf":[],"yoast_head":"<!-- This site is optimized with the Yoast SEO Premium plugin v25.2 (Yoast SEO v26.4) - https:\/\/yoast.com\/wordpress\/plugins\/seo\/ -->\n<title>PLB3 S\u00e4kerhetssats f\u00f6r segling - Ocean Signal<\/title>\n<meta name=\"robots\" content=\"index, follow, max-snippet:-1, max-image-preview:large, max-video-preview:-1\" \/>\n<link rel=\"canonical\" href=\"https:\/\/oceansignal.com\/sv\/products\/epirb3-sakerhetssats-for-segling-copy-2\/\" \/>\n<meta property=\"og:locale\" content=\"sv_SE\" \/>\n<meta property=\"og:type\" content=\"article\" \/>\n<meta property=\"og:title\" content=\"PLB3 S\u00e4kerhetssats f\u00f6r segling\" \/>\n<meta property=\"og:description\" content=\"Konstruerad f\u00f6r ensamseglare och seglare med liten bes\u00e4ttning: Tv\u00e5 Ocean Signal PLB3-fyrar levererar dubbla 406 MHz + AIS-n\u00f6dlarm, vilket s\u00e4kerst\u00e4ller global r\u00e4ddningsinsats och omedelbar lokal sikt.  Kompakt, offshore-klar design inkluderar havssignalsv\u00e4ska med SOLAS-godk\u00e4nd tejp, plus ACR-speglar och visselpipor f\u00f6r viktig signalering och efterlevnad till sj\u00f6ss  P\u00e5litlig p\u00e5litlighet: Utvecklad av Ocean Signal &amp; ACR Electronics \u2014 professionell s\u00e4kerhet som b\u00e5tkaptare och ensamresen\u00e4rer v\u00e4rlden \u00f6ver litar p\u00e5 Totalt kitv\u00e4rde vid rekommenderat pris: 1201 \u00a3. Spara 160 \u00a3 med detta kit!\" \/>\n<meta property=\"og:url\" content=\"https:\/\/oceansignal.com\/sv\/products\/epirb3-sakerhetssats-for-segling-copy-2\/\" \/>\n<meta property=\"og:site_name\" content=\"Ocean Signal\" \/>\n<meta property=\"article:modified_time\" content=\"2026-03-17T17:00:59+00:00\" \/>\n<meta property=\"og:image\" content=\"https:\/\/oceansignal.com\/wp-content\/uploads\/2025\/11\/Grab_Bag_PLB3_Safety_Kit.jpg\" \/>\n\t<meta property=\"og:image:width\" content=\"504\" \/>\n\t<meta property=\"og:image:height\" content=\"497\" \/>\n\t<meta property=\"og:image:type\" content=\"image\/jpeg\" \/>\n<meta name=\"twitter:card\" content=\"summary_large_image\" \/>\n<meta name=\"twitter:label1\" content=\"Ber\u00e4knad l\u00e4stid\" \/>\n\t<meta name=\"twitter:data1\" content=\"3 minuter\" \/>\n<script type=\"application\/ld+json\" class=\"yoast-schema-graph\">{\"@context\":\"https:\/\/schema.org\",\"@graph\":[{\"@type\":\"WebPage\",\"@id\":\"https:\/\/oceansignal.com\/sv\/products\/epirb3-sakerhetssats-for-segling-copy-2\/\",\"url\":\"https:\/\/oceansignal.com\/sv\/products\/epirb3-sakerhetssats-for-segling-copy-2\/\",\"name\":\"PLB3 S\u00e4kerhetssats f\u00f6r segling - Ocean Signal\",\"isPartOf\":{\"@id\":\"https:\/\/oceansignal.com\/sv\/#website\"},\"primaryImageOfPage\":{\"@id\":\"https:\/\/oceansignal.com\/sv\/products\/epirb3-sakerhetssats-for-segling-copy-2\/#primaryimage\"},\"image\":{\"@id\":\"https:\/\/oceansignal.com\/sv\/products\/epirb3-sakerhetssats-for-segling-copy-2\/#primaryimage\"},\"thumbnailUrl\":\"https:\/\/oceansignal.com\/wp-content\/uploads\/2025\/11\/Grab_Bag_PLB3_Safety_Kit.jpg\",\"datePublished\":\"2025-11-07T11:01:43+00:00\",\"dateModified\":\"2026-03-17T17:00:59+00:00\",\"breadcrumb\":{\"@id\":\"https:\/\/oceansignal.com\/sv\/products\/epirb3-sakerhetssats-for-segling-copy-2\/#breadcrumb\"},\"inLanguage\":\"sv-SE\",\"potentialAction\":[{\"@type\":\"ReadAction\",\"target\":[\"https:\/\/oceansignal.com\/sv\/products\/epirb3-sakerhetssats-for-segling-copy-2\/\"]}]},{\"@type\":\"ImageObject\",\"inLanguage\":\"sv-SE\",\"@id\":\"https:\/\/oceansignal.com\/sv\/products\/epirb3-sakerhetssats-for-segling-copy-2\/#primaryimage\",\"url\":\"https:\/\/oceansignal.com\/wp-content\/uploads\/2025\/11\/Grab_Bag_PLB3_Safety_Kit.jpg\",\"contentUrl\":\"https:\/\/oceansignal.com\/wp-content\/uploads\/2025\/11\/Grab_Bag_PLB3_Safety_Kit.jpg\",\"width\":504,\"height\":497},{\"@type\":\"BreadcrumbList\",\"@id\":\"https:\/\/oceansignal.com\/sv\/products\/epirb3-sakerhetssats-for-segling-copy-2\/#breadcrumb\",\"itemListElement\":[{\"@type\":\"ListItem\",\"position\":1,\"name\":\"Produkter\",\"item\":\"https:\/\/oceansignal.com\/sv\/produkter\/\"},{\"@type\":\"ListItem\",\"position\":2,\"name\":\"PLB3 S\u00e4kerhetssats f\u00f6r segling\"}]},{\"@type\":\"WebSite\",\"@id\":\"https:\/\/oceansignal.com\/sv\/#website\",\"url\":\"https:\/\/oceansignal.com\/sv\/\",\"name\":\"Ocean Signal\",\"description\":\"A leading manufacturer of EPIRBs, AIS, SARTs, Personal Locator Beacons, Man Overboard Beacon for the Marine and Outdoor Markets.\",\"potentialAction\":[{\"@type\":\"SearchAction\",\"target\":{\"@type\":\"EntryPoint\",\"urlTemplate\":\"https:\/\/oceansignal.com\/sv\/?s={search_term_string}\"},\"query-input\":{\"@type\":\"PropertyValueSpecification\",\"valueRequired\":true,\"valueName\":\"search_term_string\"}}],\"inLanguage\":\"sv-SE\"}]}<\/script>\n<!-- \/ Yoast SEO Premium plugin. -->","yoast_head_json":{"title":"PLB3 S\u00e4kerhetssats f\u00f6r segling - Ocean Signal","robots":{"index":"index","follow":"follow","max-snippet":"max-snippet:-1","max-image-preview":"max-image-preview:large","max-video-preview":"max-video-preview:-1"},"canonical":"https:\/\/oceansignal.com\/sv\/products\/epirb3-sakerhetssats-for-segling-copy-2\/","og_locale":"sv_SE","og_type":"article","og_title":"PLB3 S\u00e4kerhetssats f\u00f6r segling","og_description":"Konstruerad f\u00f6r ensamseglare och seglare med liten bes\u00e4ttning: Tv\u00e5 Ocean Signal PLB3-fyrar levererar dubbla 406 MHz + AIS-n\u00f6dlarm, vilket s\u00e4kerst\u00e4ller global r\u00e4ddningsinsats och omedelbar lokal sikt.  Kompakt, offshore-klar design inkluderar havssignalsv\u00e4ska med SOLAS-godk\u00e4nd tejp, plus ACR-speglar och visselpipor f\u00f6r viktig signalering och efterlevnad till sj\u00f6ss  P\u00e5litlig p\u00e5litlighet: Utvecklad av Ocean Signal &amp; ACR Electronics \u2014 professionell s\u00e4kerhet som b\u00e5tkaptare och ensamresen\u00e4rer v\u00e4rlden \u00f6ver litar p\u00e5 Totalt kitv\u00e4rde vid rekommenderat pris: 1201 \u00a3. Spara 160 \u00a3 med detta kit!","og_url":"https:\/\/oceansignal.com\/sv\/products\/epirb3-sakerhetssats-for-segling-copy-2\/","og_site_name":"Ocean Signal","article_modified_time":"2026-03-17T17:00:59+00:00","og_image":[{"width":504,"height":497,"url":"https:\/\/oceansignal.com\/wp-content\/uploads\/2025\/11\/Grab_Bag_PLB3_Safety_Kit.jpg","type":"image\/jpeg"}],"twitter_card":"summary_large_image","twitter_misc":{"Ber\u00e4knad l\u00e4stid":"3 minuter"},"schema":{"@context":"https:\/\/schema.org","@graph":[{"@type":"WebPage","@id":"https:\/\/oceansignal.com\/sv\/products\/epirb3-sakerhetssats-for-segling-copy-2\/","url":"https:\/\/oceansignal.com\/sv\/products\/epirb3-sakerhetssats-for-segling-copy-2\/","name":"PLB3 S\u00e4kerhetssats f\u00f6r segling - Ocean Signal","isPartOf":{"@id":"https:\/\/oceansignal.com\/sv\/#website"},"primaryImageOfPage":{"@id":"https:\/\/oceansignal.com\/sv\/products\/epirb3-sakerhetssats-for-segling-copy-2\/#primaryimage"},"image":{"@id":"https:\/\/oceansignal.com\/sv\/products\/epirb3-sakerhetssats-for-segling-copy-2\/#primaryimage"},"thumbnailUrl":"https:\/\/oceansignal.com\/wp-content\/uploads\/2025\/11\/Grab_Bag_PLB3_Safety_Kit.jpg","datePublished":"2025-11-07T11:01:43+00:00","dateModified":"2026-03-17T17:00:59+00:00","breadcrumb":{"@id":"https:\/\/oceansignal.com\/sv\/products\/epirb3-sakerhetssats-for-segling-copy-2\/#breadcrumb"},"inLanguage":"sv-SE","potentialAction":[{"@type":"ReadAction","target":["https:\/\/oceansignal.com\/sv\/products\/epirb3-sakerhetssats-for-segling-copy-2\/"]}]},{"@type":"ImageObject","inLanguage":"sv-SE","@id":"https:\/\/oceansignal.com\/sv\/products\/epirb3-sakerhetssats-for-segling-copy-2\/#primaryimage","url":"https:\/\/oceansignal.com\/wp-content\/uploads\/2025\/11\/Grab_Bag_PLB3_Safety_Kit.jpg","contentUrl":"https:\/\/oceansignal.com\/wp-content\/uploads\/2025\/11\/Grab_Bag_PLB3_Safety_Kit.jpg","width":504,"height":497},{"@type":"BreadcrumbList","@id":"https:\/\/oceansignal.com\/sv\/products\/epirb3-sakerhetssats-for-segling-copy-2\/#breadcrumb","itemListElement":[{"@type":"ListItem","position":1,"name":"Produkter","item":"https:\/\/oceansignal.com\/sv\/produkter\/"},{"@type":"ListItem","position":2,"name":"PLB3 S\u00e4kerhetssats f\u00f6r segling"}]},{"@type":"WebSite","@id":"https:\/\/oceansignal.com\/sv\/#website","url":"https:\/\/oceansignal.com\/sv\/","name":"Ocean Signal","description":"A leading manufacturer of EPIRBs, AIS, SARTs, Personal Locator Beacons, Man Overboard Beacon for the Marine and Outdoor Markets.","potentialAction":[{"@type":"SearchAction","target":{"@type":"EntryPoint","urlTemplate":"https:\/\/oceansignal.com\/sv\/?s={search_term_string}"},"query-input":{"@type":"PropertyValueSpecification","valueRequired":true,"valueName":"search_term_string"}}],"inLanguage":"sv-SE"}]}},"_links":{"self":[{"href":"https:\/\/oceansignal.com\/sv\/wp-json\/wp\/v2\/product\/38020","targetHints":{"allow":["GET"]}}],"collection":[{"href":"https:\/\/oceansignal.com\/sv\/wp-json\/wp\/v2\/product"}],"about":[{"href":"https:\/\/oceansignal.com\/sv\/wp-json\/wp\/v2\/types\/product"}],"wp:featuredmedia":[{"embeddable":true,"href":"https:\/\/oceansignal.com\/sv\/wp-json\/wp\/v2\/media\/38052"}],"wp:attachment":[{"href":"https:\/\/oceansignal.com\/sv\/wp-json\/wp\/v2\/media?parent=38020"}],"wp:term":[{"taxonomy":"product_brand","embeddable":true,"href":"https:\/\/oceansignal.com\/sv\/wp-json\/wp\/v2\/product_brand?post=38020"},{"taxonomy":"product_cat","embeddable":true,"href":"https:\/\/oceansignal.com\/sv\/wp-json\/wp\/v2\/product_cat?post=38020"},{"taxonomy":"product_tag","embeddable":true,"href":"https:\/\/oceansignal.com\/sv\/wp-json\/wp\/v2\/product_tag?post=38020"}],"curies":[{"name":"wp","href":"https:\/\/api.w.org\/{rel}","templated":true}]}}