{"id":38759,"date":"2025-10-23T12:51:41","date_gmt":"2025-10-23T12:51:41","guid":{"rendered":"https:\/\/oceansignal.com\/products\/ocean-signal-torrvaska\/"},"modified":"2025-10-23T12:51:41","modified_gmt":"2025-10-23T12:51:41","slug":"ocean-signal-torrvaska","status":"publish","type":"product","link":"https:\/\/oceansignal.com\/sv\/products\/ocean-signal-torrvaska\/","title":{"rendered":"Ocean Signal torrv\u00e4ska"},"content":{"rendered":"<p><strong>Kompakt vattent\u00e4t torrv\u00e4ska<\/strong><\/p>\n<p data-start=\"201\" data-end=\"599\">Perfekt f\u00f6r paddleboarding, kajakpaddling, strandutflykter eller andra utomhus\u00e4ventyr. Denna lilla vattent\u00e4ta torrv\u00e4ska h\u00e5ller dina n\u00f6dv\u00e4ndigheter s\u00e4kra, torra och skyddade fr\u00e5n v\u00e4der och vind. Tillverkad av slitstarka, vattent\u00e4ta material och har en rullst\u00e4ngning som h\u00e5ller ute vatten, sand och smuts. L\u00e4tt och flytande, den flyter till och med om den tappas i vatten \u2013 vilket g\u00f6r den idealisk f\u00f6r anv\u00e4ndning i sj\u00f6ar, floder eller havet.  <\/p>\n<p data-start=\"601\" data-end=\"838\">Oavsett om du packar din telefon, nycklar, snacks eller ombyte \u00e4r den h\u00e4r torrs\u00e4cken utformad f\u00f6r bekv\u00e4mlighet och sinnesro. F\u00e4st den p\u00e5 din utrustning eller b\u00e4r den ensam \u2013 dina tillh\u00f6righeter f\u00f6rblir torra, oavsett vart din resa tar dig. <\/p>\n<p data-start=\"840\" data-end=\"857\"><strong data-start=\"840\" data-end=\"857\">Viktiga funktioner:<\/strong><\/p>\n<ul data-start=\"858\" data-end=\"1135\">\n<li data-start=\"858\" data-end=\"913\">\n<p data-start=\"860\" data-end=\"913\">100 % vattent\u00e4t design med s\u00e4ker rullst\u00e4ngning<\/p>\n<\/li>\n<li data-start=\"981\" data-end=\"1024\">\n<p data-start=\"983\" data-end=\"1024\">L\u00e4tt och kompakt f\u00f6r enkel resa<\/p>\n<\/li>\n<li data-start=\"1025\" data-end=\"1078\">\n<p data-start=\"1027\" data-end=\"1078\">H\u00e5llbar konstruktion byggd f\u00f6r utomhusf\u00f6rh\u00e5llanden<\/p>\n<\/li>\n<li data-start=\"1079\" data-end=\"1135\">\n<p data-start=\"1081\" data-end=\"1135\">Perfekt f\u00f6r att h\u00e5lla v\u00e4rdesaker torra under alla \u00e4ventyr<\/p>\n<\/li>\n<li data-start=\"1079\" data-end=\"1135\">M\u00e5tt: 7,5 x 14,75 (tum)<\/li>\n<\/ul>\n","protected":false},"excerpt":{"rendered":"<p>H\u00e5ll dina n\u00f6dv\u00e4ndigheter torra och s\u00e4kra med denna kompakta, <strong>vattent\u00e4ta<\/strong> torrv\u00e4ska \u2013 perfekt f\u00f6r paddleboarding, kajakpaddling, strandresor och alla dina utomhus\u00e4ventyr. Denna vattent\u00e4ta f\u00f6rvaringsl\u00f6sning fungerar \u00e4ven som en flytv\u00e4ska f\u00f6r utrustning och erbjuder l\u00e4tt skydd utan att vara klumpig. Den \u00e4r byggd f\u00f6r alla resor och en h\u00e5llbar reskamrat du kan lita p\u00e5. Oavsett om du \u00e4r ute p\u00e5 vattnet eller ute p\u00e5 stigarna \u00e4r detta en viktig \u00e4ventyrsutrustning som flyter f\u00f6r extra sinnesro.   <\/p>\n","protected":false},"featured_media":37448,"template":"","meta":{"_acf_changed":false,"om_disable_all_campaigns":false},"product_brand":[],"product_cat":[1788],"product_tag":[1352,1943],"class_list":{"0":"post-38759","1":"product","2":"type-product","3":"status-publish","4":"has-post-thumbnail","6":"product_cat-tillbehor","7":"product_tag-dikevaska","8":"product_tag-torrvaska","10":"first","11":"outofstock","12":"taxable","13":"shipping-taxable","14":"purchasable","15":"product-type-simple"},"acf":[],"yoast_head":"<!-- This site is optimized with the Yoast SEO Premium plugin v25.2 (Yoast SEO v26.4) - https:\/\/yoast.com\/wordpress\/plugins\/seo\/ -->\n<title>Ocean Signal torrv\u00e4ska - Ocean Signal<\/title>\n<meta name=\"robots\" content=\"index, follow, max-snippet:-1, max-image-preview:large, max-video-preview:-1\" \/>\n<link rel=\"canonical\" href=\"https:\/\/oceansignal.com\/sv\/products\/ocean-signal-torrvaska\/\" \/>\n<meta property=\"og:locale\" content=\"sv_SE\" \/>\n<meta property=\"og:type\" content=\"article\" \/>\n<meta property=\"og:title\" content=\"Ocean Signal torrv\u00e4ska\" \/>\n<meta property=\"og:description\" content=\"H\u00e5ll dina n\u00f6dv\u00e4ndigheter torra och s\u00e4kra med denna kompakta, vattent\u00e4ta torrv\u00e4ska \u2013 perfekt f\u00f6r paddleboarding, kajakpaddling, strandresor och alla dina utomhus\u00e4ventyr. Denna vattent\u00e4ta f\u00f6rvaringsl\u00f6sning fungerar \u00e4ven som en flytv\u00e4ska f\u00f6r utrustning och erbjuder l\u00e4tt skydd utan att vara klumpig. Den \u00e4r byggd f\u00f6r alla resor och en h\u00e5llbar reskamrat du kan lita p\u00e5. Oavsett om du \u00e4r ute p\u00e5 vattnet eller ute p\u00e5 stigarna \u00e4r detta en viktig \u00e4ventyrsutrustning som flyter f\u00f6r extra sinnesro.\" \/>\n<meta property=\"og:url\" content=\"https:\/\/oceansignal.com\/sv\/products\/ocean-signal-torrvaska\/\" \/>\n<meta property=\"og:site_name\" content=\"Ocean Signal\" \/>\n<meta property=\"og:image\" content=\"https:\/\/oceansignal.com\/wp-content\/uploads\/2025\/10\/Multi-Brand-Dry-Bag-Front-Closed.jpg\" \/>\n\t<meta property=\"og:image:width\" content=\"2000\" \/>\n\t<meta property=\"og:image:height\" content=\"2000\" \/>\n\t<meta property=\"og:image:type\" content=\"image\/jpeg\" \/>\n<meta name=\"twitter:card\" content=\"summary_large_image\" \/>\n<meta name=\"twitter:label1\" content=\"Ber\u00e4knad l\u00e4stid\" \/>\n\t<meta name=\"twitter:data1\" content=\"1 minut\" \/>\n<script type=\"application\/ld+json\" class=\"yoast-schema-graph\">{\"@context\":\"https:\/\/schema.org\",\"@graph\":[{\"@type\":\"WebPage\",\"@id\":\"https:\/\/oceansignal.com\/sv\/products\/ocean-signal-torrvaska\/\",\"url\":\"https:\/\/oceansignal.com\/sv\/products\/ocean-signal-torrvaska\/\",\"name\":\"Ocean Signal torrv\u00e4ska - Ocean Signal\",\"isPartOf\":{\"@id\":\"https:\/\/oceansignal.com\/sv\/#website\"},\"primaryImageOfPage\":{\"@id\":\"https:\/\/oceansignal.com\/sv\/products\/ocean-signal-torrvaska\/#primaryimage\"},\"image\":{\"@id\":\"https:\/\/oceansignal.com\/sv\/products\/ocean-signal-torrvaska\/#primaryimage\"},\"thumbnailUrl\":\"https:\/\/oceansignal.com\/wp-content\/uploads\/2025\/10\/Multi-Brand-Dry-Bag-Front-Closed.jpg\",\"datePublished\":\"2025-10-23T12:51:41+00:00\",\"breadcrumb\":{\"@id\":\"https:\/\/oceansignal.com\/sv\/products\/ocean-signal-torrvaska\/#breadcrumb\"},\"inLanguage\":\"sv-SE\",\"potentialAction\":[{\"@type\":\"ReadAction\",\"target\":[\"https:\/\/oceansignal.com\/sv\/products\/ocean-signal-torrvaska\/\"]}]},{\"@type\":\"ImageObject\",\"inLanguage\":\"sv-SE\",\"@id\":\"https:\/\/oceansignal.com\/sv\/products\/ocean-signal-torrvaska\/#primaryimage\",\"url\":\"https:\/\/oceansignal.com\/wp-content\/uploads\/2025\/10\/Multi-Brand-Dry-Bag-Front-Closed.jpg\",\"contentUrl\":\"https:\/\/oceansignal.com\/wp-content\/uploads\/2025\/10\/Multi-Brand-Dry-Bag-Front-Closed.jpg\",\"width\":2000,\"height\":2000},{\"@type\":\"BreadcrumbList\",\"@id\":\"https:\/\/oceansignal.com\/sv\/products\/ocean-signal-torrvaska\/#breadcrumb\",\"itemListElement\":[{\"@type\":\"ListItem\",\"position\":1,\"name\":\"Produkter\",\"item\":\"https:\/\/oceansignal.com\/sv\/produkter\/\"},{\"@type\":\"ListItem\",\"position\":2,\"name\":\"Ocean Signal torrv\u00e4ska\"}]},{\"@type\":\"WebSite\",\"@id\":\"https:\/\/oceansignal.com\/sv\/#website\",\"url\":\"https:\/\/oceansignal.com\/sv\/\",\"name\":\"Ocean Signal\",\"description\":\"A leading manufacturer of EPIRBs, AIS, SARTs, Personal Locator Beacons, Man Overboard Beacon for the Marine and Outdoor Markets.\",\"potentialAction\":[{\"@type\":\"SearchAction\",\"target\":{\"@type\":\"EntryPoint\",\"urlTemplate\":\"https:\/\/oceansignal.com\/sv\/?s={search_term_string}\"},\"query-input\":{\"@type\":\"PropertyValueSpecification\",\"valueRequired\":true,\"valueName\":\"search_term_string\"}}],\"inLanguage\":\"sv-SE\"}]}<\/script>\n<!-- \/ Yoast SEO Premium plugin. -->","yoast_head_json":{"title":"Ocean Signal torrv\u00e4ska - Ocean Signal","robots":{"index":"index","follow":"follow","max-snippet":"max-snippet:-1","max-image-preview":"max-image-preview:large","max-video-preview":"max-video-preview:-1"},"canonical":"https:\/\/oceansignal.com\/sv\/products\/ocean-signal-torrvaska\/","og_locale":"sv_SE","og_type":"article","og_title":"Ocean Signal torrv\u00e4ska","og_description":"H\u00e5ll dina n\u00f6dv\u00e4ndigheter torra och s\u00e4kra med denna kompakta, vattent\u00e4ta torrv\u00e4ska \u2013 perfekt f\u00f6r paddleboarding, kajakpaddling, strandresor och alla dina utomhus\u00e4ventyr. Denna vattent\u00e4ta f\u00f6rvaringsl\u00f6sning fungerar \u00e4ven som en flytv\u00e4ska f\u00f6r utrustning och erbjuder l\u00e4tt skydd utan att vara klumpig. Den \u00e4r byggd f\u00f6r alla resor och en h\u00e5llbar reskamrat du kan lita p\u00e5. Oavsett om du \u00e4r ute p\u00e5 vattnet eller ute p\u00e5 stigarna \u00e4r detta en viktig \u00e4ventyrsutrustning som flyter f\u00f6r extra sinnesro.","og_url":"https:\/\/oceansignal.com\/sv\/products\/ocean-signal-torrvaska\/","og_site_name":"Ocean Signal","og_image":[{"width":2000,"height":2000,"url":"https:\/\/oceansignal.com\/wp-content\/uploads\/2025\/10\/Multi-Brand-Dry-Bag-Front-Closed.jpg","type":"image\/jpeg"}],"twitter_card":"summary_large_image","twitter_misc":{"Ber\u00e4knad l\u00e4stid":"1 minut"},"schema":{"@context":"https:\/\/schema.org","@graph":[{"@type":"WebPage","@id":"https:\/\/oceansignal.com\/sv\/products\/ocean-signal-torrvaska\/","url":"https:\/\/oceansignal.com\/sv\/products\/ocean-signal-torrvaska\/","name":"Ocean Signal torrv\u00e4ska - Ocean Signal","isPartOf":{"@id":"https:\/\/oceansignal.com\/sv\/#website"},"primaryImageOfPage":{"@id":"https:\/\/oceansignal.com\/sv\/products\/ocean-signal-torrvaska\/#primaryimage"},"image":{"@id":"https:\/\/oceansignal.com\/sv\/products\/ocean-signal-torrvaska\/#primaryimage"},"thumbnailUrl":"https:\/\/oceansignal.com\/wp-content\/uploads\/2025\/10\/Multi-Brand-Dry-Bag-Front-Closed.jpg","datePublished":"2025-10-23T12:51:41+00:00","breadcrumb":{"@id":"https:\/\/oceansignal.com\/sv\/products\/ocean-signal-torrvaska\/#breadcrumb"},"inLanguage":"sv-SE","potentialAction":[{"@type":"ReadAction","target":["https:\/\/oceansignal.com\/sv\/products\/ocean-signal-torrvaska\/"]}]},{"@type":"ImageObject","inLanguage":"sv-SE","@id":"https:\/\/oceansignal.com\/sv\/products\/ocean-signal-torrvaska\/#primaryimage","url":"https:\/\/oceansignal.com\/wp-content\/uploads\/2025\/10\/Multi-Brand-Dry-Bag-Front-Closed.jpg","contentUrl":"https:\/\/oceansignal.com\/wp-content\/uploads\/2025\/10\/Multi-Brand-Dry-Bag-Front-Closed.jpg","width":2000,"height":2000},{"@type":"BreadcrumbList","@id":"https:\/\/oceansignal.com\/sv\/products\/ocean-signal-torrvaska\/#breadcrumb","itemListElement":[{"@type":"ListItem","position":1,"name":"Produkter","item":"https:\/\/oceansignal.com\/sv\/produkter\/"},{"@type":"ListItem","position":2,"name":"Ocean Signal torrv\u00e4ska"}]},{"@type":"WebSite","@id":"https:\/\/oceansignal.com\/sv\/#website","url":"https:\/\/oceansignal.com\/sv\/","name":"Ocean Signal","description":"A leading manufacturer of EPIRBs, AIS, SARTs, Personal Locator Beacons, Man Overboard Beacon for the Marine and Outdoor Markets.","potentialAction":[{"@type":"SearchAction","target":{"@type":"EntryPoint","urlTemplate":"https:\/\/oceansignal.com\/sv\/?s={search_term_string}"},"query-input":{"@type":"PropertyValueSpecification","valueRequired":true,"valueName":"search_term_string"}}],"inLanguage":"sv-SE"}]}},"_links":{"self":[{"href":"https:\/\/oceansignal.com\/sv\/wp-json\/wp\/v2\/product\/38759","targetHints":{"allow":["GET"]}}],"collection":[{"href":"https:\/\/oceansignal.com\/sv\/wp-json\/wp\/v2\/product"}],"about":[{"href":"https:\/\/oceansignal.com\/sv\/wp-json\/wp\/v2\/types\/product"}],"wp:featuredmedia":[{"embeddable":true,"href":"https:\/\/oceansignal.com\/sv\/wp-json\/wp\/v2\/media\/37448"}],"wp:attachment":[{"href":"https:\/\/oceansignal.com\/sv\/wp-json\/wp\/v2\/media?parent=38759"}],"wp:term":[{"taxonomy":"product_brand","embeddable":true,"href":"https:\/\/oceansignal.com\/sv\/wp-json\/wp\/v2\/product_brand?post=38759"},{"taxonomy":"product_cat","embeddable":true,"href":"https:\/\/oceansignal.com\/sv\/wp-json\/wp\/v2\/product_cat?post=38759"},{"taxonomy":"product_tag","embeddable":true,"href":"https:\/\/oceansignal.com\/sv\/wp-json\/wp\/v2\/product_tag?post=38759"}],"curies":[{"name":"wp","href":"https:\/\/api.w.org\/{rel}","templated":true}]}}