{"id":6537,"date":"2024-03-15T17:33:28","date_gmt":"2024-03-15T17:33:28","guid":{"rendered":"https:\/\/oceansignal.com\/products\/ocean-signal-hr1e-ersattande-hydrostatisk-frigoringsenhet\/"},"modified":"2025-07-08T09:35:51","modified_gmt":"2025-07-08T09:35:51","slug":"ocean-signal-hr1e-ersattande-hydrostatisk-frigoringsenhet","status":"publish","type":"product","link":"https:\/\/oceansignal.com\/sv\/products\/ocean-signal-hr1e-ersattande-hydrostatisk-frigoringsenhet\/","title":{"rendered":"Ocean Signal HR1E Replacement Hydrostatic Release Unit"},"content":{"rendered":"<p id=\"title\" class=\"a-size-large a-spacing-none\"><span id=\"productTitle\" class=\"a-size-large product-title-word-break\">Ocean Signal HR1E Replacement Hydrostatic Release Unit (HRU) Float Free EPIRB f\u00e4sten<\/span> .<\/p>\n<p class=\"a-size-large a-spacing-none\">Designad f\u00f6r att automatiskt frig\u00f6ra en Ocean Signal Emergency Position Indicating Radio Beacon ( EPIRB ) fr\u00e5n dess Float Free (Kategori 1) monteringsf\u00e4ste vid neds\u00e4nkning i vatten, s\u00e4kerst\u00e4ller denna enhet snabb aktivering av n\u00f6dsignaler i n\u00f6dsituationer.<\/p>\n<p>S\u00e5 h\u00e4r fungerar det: HR1E \u00e4r utrustad med en hydrostatisk mekanism som reagerar p\u00e5 vattentrycket. N\u00e4r det \u00e4r neds\u00e4nkt till ett visst djup, vanligtvis runt 1,5 till 4 meter, utl\u00f6ser det hydrostatiska trycket frig\u00f6ringsmekanismen, vilket g\u00f6r att EPIRB kan flyta fri fr\u00e5n sitt monteringsf\u00e4ste. N\u00e4r EPIRB har sl\u00e4ppts b\u00f6rjar den s\u00e4nda sin n\u00f6dsignal, som tas upp av n\u00e4rliggande s\u00f6k- och r\u00e4ddningsmyndigheter, vilket g\u00f6r att de snabbt kan lokalisera och hj\u00e4lpa de beh\u00f6vande.  <\/p>\n<p>HR1E \u00e4r konstruerad med precision och tillf\u00f6rlitlighet och tillverkad i Storbritannien, vilket s\u00e4kerst\u00e4ller att den fungerar effektivt \u00e4ven under de mest utmanande maritima f\u00f6rh\u00e5llanden. Genom att automatiskt aktivera EPIRB vid neds\u00e4nkning, \u00f6kar HR1E avsev\u00e4rt chanserna f\u00f6r en snabb reaktion p\u00e5 n\u00f6dsituationer, vilket i slut\u00e4ndan r\u00e4ddar liv till sj\u00f6ss. <\/p>\n<p>Kategori 1 Float Free Brackets kr\u00e4vs f\u00f6r att den hydrostatiska utl\u00f6sningsenheten ska bytas ut <strong>vartannat \u00e5r.<\/strong><\/p>\n<ul class=\"a-unordered-list a-vertical a-spacing-mini\">\n<li class=\"a-spacing-mini\"><span class=\"a-list-item\">Direkt ers\u00e4ttning f\u00f6r alla Ocean Signal <a href=\"https:\/\/www.cospas-sarsat.int\/en\/\">EPIRB<\/a> automatiska frig\u00f6ringshus (Kategori 1 Float Free Brackets)<\/span><\/li>\n<li class=\"a-spacing-mini\"><span class=\"a-list-item\">Inkluderar HR1E HRU, instruktioner och utbytesh\u00e5rdvara<\/span><\/li>\n<li class=\"a-spacing-mini\"><span class=\"a-list-item\">Stolt designad och tillverkad i Storbritannien<\/span><\/li>\n<li class=\"a-spacing-mini\"><span class=\"a-list-item\">Installationen \u00e4r snabb och enkel<\/span><\/li>\n<\/ul>\n<p>Kompatibel med f\u00f6ljande kategori 1 Float Free EPIRB<\/p>\n<ul>\n<li><a href=\"https:\/\/oceansignal.com\/sv\/products\/e100-e100g\/\">SafeSea E100<\/a><\/li>\n<li><a href=\"https:\/\/oceansignal.com\/sv\/products\/e100-e100g\/\">SafeSea E100G<\/a><\/li>\n<li><a href=\"https:\/\/oceansignal.com\/sv\/products\/rescueme-epirb1-pro\/\">rescueME EPIRB1 Pro (tidigare varum\u00e4rke SafeSea EPIRB1 Pro )<\/a><\/li>\n<li><a href=\"https:\/\/oceansignal.com\/sv\/products\/rescueme-epirb2-pro\/\">rescueME EPIRB2 Pro<\/a><\/li>\n<li><a href=\"https:\/\/oceansignal.com\/sv\/products\/safesea-epirb3-pro\/\">SafeSea EPIRB3 Pro<\/a><\/li>\n<li><a href=\"https:\/\/oceansignal.com\/sv\/products\/e101v\/\">SafeSea E101V VDR<\/a><\/li>\n<\/ul>\n","protected":false},"excerpt":{"rendered":"<p>Vi introducerar SafeSea HR1E hydrostatisk utl\u00f6sningsenhet f\u00f6r Ocean Signal EPIRBs \u2013 ditt oumb\u00e4rliga skydd f\u00f6r maritima n\u00f6dsituationer. Designad f\u00f6r att automatiskt frig\u00f6ra en n\u00f6dl\u00e4gesindikerande radiofyr ( EPIRB ) fr\u00e5n dess monteringsf\u00e4ste vid neds\u00e4nkning i vatten, s\u00e4kerst\u00e4ller den h\u00e4r enheten snabb aktivering av n\u00f6dsignaler n\u00e4r varje sekund r\u00e4knas. Konstruerad med precision och tillf\u00f6rlitlighet erbjuder HR1E sinnesfrid f\u00f6r sj\u00f6m\u00e4n och sj\u00f6farare, vilket \u00f6kar chanserna f\u00f6r ett snabbt svar i kritiska situationer. Kompromissa inte med s\u00e4kerheten \u2013 utrusta ditt fartyg med Ocean Signal SafeSea HR1E Hydrostatic Release Unit f\u00f6r EPIRBs och segla med sj\u00e4lvf\u00f6rtroende, i vetskap om att hj\u00e4lp bara \u00e4r en signal bort n\u00e4r du beh\u00f6ver den som mest.   <\/p>\n<p><a href=\"https:\/\/www.dropbox.com\/s\/fk04stqsp2hgk5f\/Prop%2065%20-%20DEHP.pdf?dl=0\">VARNING: PROP 65<\/a><\/p>\n","protected":false},"featured_media":22884,"template":"","meta":{"_acf_changed":false,"om_disable_all_campaigns":false},"product_brand":[],"product_cat":[865,326],"product_tag":[],"class_list":{"0":"post-6537","1":"product","2":"type-product","3":"status-publish","4":"has-post-thumbnail","6":"product_cat-epirb-sv","7":"product_cat-safesea-sv","9":"first","10":"instock","11":"taxable","12":"shipping-taxable","13":"purchasable","14":"product-type-simple"},"acf":[],"yoast_head":"<!-- This site is optimized with the Yoast SEO Premium plugin v25.2 (Yoast SEO v26.4) - https:\/\/yoast.com\/wordpress\/plugins\/seo\/ -->\n<title>Ocean Signal HR1E Replacement Hydrostatic Release Unit - Ocean Signal<\/title>\n<meta name=\"description\" content=\"Ers\u00e4ttande Ocean Signal SafeSea HR1E hydrostatisk utl\u00f6sningsenhet eller HRU f\u00f6r SafeSea och rescueME EPIRB. K\u00f6p din EPIRB HRU-ers\u00e4ttning idag.\" \/>\n<meta name=\"robots\" content=\"index, follow, max-snippet:-1, max-image-preview:large, max-video-preview:-1\" \/>\n<link rel=\"canonical\" href=\"https:\/\/oceansignal.com\/sv\/products\/ocean-signal-hr1e-ersattande-hydrostatisk-frigoringsenhet\/\" \/>\n<meta property=\"og:locale\" content=\"sv_SE\" \/>\n<meta property=\"og:type\" content=\"article\" \/>\n<meta property=\"og:title\" content=\"Ocean Signal HR1E Replacement Hydrostatic Release Unit\" \/>\n<meta property=\"og:description\" content=\"Ers\u00e4ttande Ocean Signal SafeSea HR1E hydrostatisk utl\u00f6sningsenhet eller HRU f\u00f6r SafeSea och rescueME EPIRB. K\u00f6p din EPIRB HRU-ers\u00e4ttning idag.\" \/>\n<meta property=\"og:url\" content=\"https:\/\/oceansignal.com\/sv\/products\/ocean-signal-hr1e-ersattande-hydrostatisk-frigoringsenhet\/\" \/>\n<meta property=\"og:site_name\" content=\"Ocean Signal\" \/>\n<meta property=\"article:modified_time\" content=\"2025-07-08T09:35:51+00:00\" \/>\n<meta property=\"og:image\" content=\"https:\/\/oceansignal.com\/wp-content\/uploads\/2024\/03\/HR1E_Front-1024x1024.png\" \/>\n\t<meta property=\"og:image:width\" content=\"1024\" \/>\n\t<meta property=\"og:image:height\" content=\"1024\" \/>\n\t<meta property=\"og:image:type\" content=\"image\/png\" \/>\n<meta name=\"twitter:card\" content=\"summary_large_image\" \/>\n<meta name=\"twitter:label1\" content=\"Ber\u00e4knad l\u00e4stid\" \/>\n\t<meta name=\"twitter:data1\" content=\"1 minut\" \/>\n<script type=\"application\/ld+json\" class=\"yoast-schema-graph\">{\"@context\":\"https:\/\/schema.org\",\"@graph\":[{\"@type\":\"WebPage\",\"@id\":\"https:\/\/oceansignal.com\/sv\/products\/ocean-signal-hr1e-ersattande-hydrostatisk-frigoringsenhet\/\",\"url\":\"https:\/\/oceansignal.com\/sv\/products\/ocean-signal-hr1e-ersattande-hydrostatisk-frigoringsenhet\/\",\"name\":\"Ocean Signal HR1E Replacement Hydrostatic Release Unit - Ocean Signal\",\"isPartOf\":{\"@id\":\"https:\/\/oceansignal.com\/sv\/#website\"},\"primaryImageOfPage\":{\"@id\":\"https:\/\/oceansignal.com\/sv\/products\/ocean-signal-hr1e-ersattande-hydrostatisk-frigoringsenhet\/#primaryimage\"},\"image\":{\"@id\":\"https:\/\/oceansignal.com\/sv\/products\/ocean-signal-hr1e-ersattande-hydrostatisk-frigoringsenhet\/#primaryimage\"},\"thumbnailUrl\":\"https:\/\/oceansignal.com\/wp-content\/uploads\/2024\/03\/HR1E_Front.png\",\"datePublished\":\"2024-03-15T17:33:28+00:00\",\"dateModified\":\"2025-07-08T09:35:51+00:00\",\"description\":\"Ers\u00e4ttande Ocean Signal SafeSea HR1E hydrostatisk utl\u00f6sningsenhet eller HRU f\u00f6r SafeSea och rescueME EPIRB. K\u00f6p din EPIRB HRU-ers\u00e4ttning idag.\",\"breadcrumb\":{\"@id\":\"https:\/\/oceansignal.com\/sv\/products\/ocean-signal-hr1e-ersattande-hydrostatisk-frigoringsenhet\/#breadcrumb\"},\"inLanguage\":\"sv-SE\",\"potentialAction\":[{\"@type\":\"ReadAction\",\"target\":[\"https:\/\/oceansignal.com\/sv\/products\/ocean-signal-hr1e-ersattande-hydrostatisk-frigoringsenhet\/\"]}]},{\"@type\":\"ImageObject\",\"inLanguage\":\"sv-SE\",\"@id\":\"https:\/\/oceansignal.com\/sv\/products\/ocean-signal-hr1e-ersattande-hydrostatisk-frigoringsenhet\/#primaryimage\",\"url\":\"https:\/\/oceansignal.com\/wp-content\/uploads\/2024\/03\/HR1E_Front.png\",\"contentUrl\":\"https:\/\/oceansignal.com\/wp-content\/uploads\/2024\/03\/HR1E_Front.png\",\"width\":2147,\"height\":2147,\"caption\":\"Ocean Signal SafeSea HR1E Hydrostatic Release Unit - v\u00e4sentlig marin s\u00e4kerhetsutrustning f\u00f6r automatisk aktivering av livflottar\"},{\"@type\":\"BreadcrumbList\",\"@id\":\"https:\/\/oceansignal.com\/sv\/products\/ocean-signal-hr1e-ersattande-hydrostatisk-frigoringsenhet\/#breadcrumb\",\"itemListElement\":[{\"@type\":\"ListItem\",\"position\":1,\"name\":\"Produkter\",\"item\":\"https:\/\/oceansignal.com\/sv\/produkter\/\"},{\"@type\":\"ListItem\",\"position\":2,\"name\":\"Ocean Signal HR1E Replacement Hydrostatic Release Unit\"}]},{\"@type\":\"WebSite\",\"@id\":\"https:\/\/oceansignal.com\/sv\/#website\",\"url\":\"https:\/\/oceansignal.com\/sv\/\",\"name\":\"Ocean Signal\",\"description\":\"A leading manufacturer of EPIRBs, AIS, SARTs, Personal Locator Beacons, Man Overboard Beacon for the Marine and Outdoor Markets.\",\"potentialAction\":[{\"@type\":\"SearchAction\",\"target\":{\"@type\":\"EntryPoint\",\"urlTemplate\":\"https:\/\/oceansignal.com\/sv\/?s={search_term_string}\"},\"query-input\":{\"@type\":\"PropertyValueSpecification\",\"valueRequired\":true,\"valueName\":\"search_term_string\"}}],\"inLanguage\":\"sv-SE\"}]}<\/script>\n<!-- \/ Yoast SEO Premium plugin. -->","yoast_head_json":{"title":"Ocean Signal HR1E Replacement Hydrostatic Release Unit - Ocean Signal","description":"Ers\u00e4ttande Ocean Signal SafeSea HR1E hydrostatisk utl\u00f6sningsenhet eller HRU f\u00f6r SafeSea och rescueME EPIRB. K\u00f6p din EPIRB HRU-ers\u00e4ttning idag.","robots":{"index":"index","follow":"follow","max-snippet":"max-snippet:-1","max-image-preview":"max-image-preview:large","max-video-preview":"max-video-preview:-1"},"canonical":"https:\/\/oceansignal.com\/sv\/products\/ocean-signal-hr1e-ersattande-hydrostatisk-frigoringsenhet\/","og_locale":"sv_SE","og_type":"article","og_title":"Ocean Signal HR1E Replacement Hydrostatic Release Unit","og_description":"Ers\u00e4ttande Ocean Signal SafeSea HR1E hydrostatisk utl\u00f6sningsenhet eller HRU f\u00f6r SafeSea och rescueME EPIRB. K\u00f6p din EPIRB HRU-ers\u00e4ttning idag.","og_url":"https:\/\/oceansignal.com\/sv\/products\/ocean-signal-hr1e-ersattande-hydrostatisk-frigoringsenhet\/","og_site_name":"Ocean Signal","article_modified_time":"2025-07-08T09:35:51+00:00","og_image":[{"width":1024,"height":1024,"url":"https:\/\/oceansignal.com\/wp-content\/uploads\/2024\/03\/HR1E_Front-1024x1024.png","type":"image\/png"}],"twitter_card":"summary_large_image","twitter_misc":{"Ber\u00e4knad l\u00e4stid":"1 minut"},"schema":{"@context":"https:\/\/schema.org","@graph":[{"@type":"WebPage","@id":"https:\/\/oceansignal.com\/sv\/products\/ocean-signal-hr1e-ersattande-hydrostatisk-frigoringsenhet\/","url":"https:\/\/oceansignal.com\/sv\/products\/ocean-signal-hr1e-ersattande-hydrostatisk-frigoringsenhet\/","name":"Ocean Signal HR1E Replacement Hydrostatic Release Unit - Ocean Signal","isPartOf":{"@id":"https:\/\/oceansignal.com\/sv\/#website"},"primaryImageOfPage":{"@id":"https:\/\/oceansignal.com\/sv\/products\/ocean-signal-hr1e-ersattande-hydrostatisk-frigoringsenhet\/#primaryimage"},"image":{"@id":"https:\/\/oceansignal.com\/sv\/products\/ocean-signal-hr1e-ersattande-hydrostatisk-frigoringsenhet\/#primaryimage"},"thumbnailUrl":"https:\/\/oceansignal.com\/wp-content\/uploads\/2024\/03\/HR1E_Front.png","datePublished":"2024-03-15T17:33:28+00:00","dateModified":"2025-07-08T09:35:51+00:00","description":"Ers\u00e4ttande Ocean Signal SafeSea HR1E hydrostatisk utl\u00f6sningsenhet eller HRU f\u00f6r SafeSea och rescueME EPIRB. K\u00f6p din EPIRB HRU-ers\u00e4ttning idag.","breadcrumb":{"@id":"https:\/\/oceansignal.com\/sv\/products\/ocean-signal-hr1e-ersattande-hydrostatisk-frigoringsenhet\/#breadcrumb"},"inLanguage":"sv-SE","potentialAction":[{"@type":"ReadAction","target":["https:\/\/oceansignal.com\/sv\/products\/ocean-signal-hr1e-ersattande-hydrostatisk-frigoringsenhet\/"]}]},{"@type":"ImageObject","inLanguage":"sv-SE","@id":"https:\/\/oceansignal.com\/sv\/products\/ocean-signal-hr1e-ersattande-hydrostatisk-frigoringsenhet\/#primaryimage","url":"https:\/\/oceansignal.com\/wp-content\/uploads\/2024\/03\/HR1E_Front.png","contentUrl":"https:\/\/oceansignal.com\/wp-content\/uploads\/2024\/03\/HR1E_Front.png","width":2147,"height":2147,"caption":"Ocean Signal SafeSea HR1E Hydrostatic Release Unit - v\u00e4sentlig marin s\u00e4kerhetsutrustning f\u00f6r automatisk aktivering av livflottar"},{"@type":"BreadcrumbList","@id":"https:\/\/oceansignal.com\/sv\/products\/ocean-signal-hr1e-ersattande-hydrostatisk-frigoringsenhet\/#breadcrumb","itemListElement":[{"@type":"ListItem","position":1,"name":"Produkter","item":"https:\/\/oceansignal.com\/sv\/produkter\/"},{"@type":"ListItem","position":2,"name":"Ocean Signal HR1E Replacement Hydrostatic Release Unit"}]},{"@type":"WebSite","@id":"https:\/\/oceansignal.com\/sv\/#website","url":"https:\/\/oceansignal.com\/sv\/","name":"Ocean Signal","description":"A leading manufacturer of EPIRBs, AIS, SARTs, Personal Locator Beacons, Man Overboard Beacon for the Marine and Outdoor Markets.","potentialAction":[{"@type":"SearchAction","target":{"@type":"EntryPoint","urlTemplate":"https:\/\/oceansignal.com\/sv\/?s={search_term_string}"},"query-input":{"@type":"PropertyValueSpecification","valueRequired":true,"valueName":"search_term_string"}}],"inLanguage":"sv-SE"}]}},"_links":{"self":[{"href":"https:\/\/oceansignal.com\/sv\/wp-json\/wp\/v2\/product\/6537","targetHints":{"allow":["GET"]}}],"collection":[{"href":"https:\/\/oceansignal.com\/sv\/wp-json\/wp\/v2\/product"}],"about":[{"href":"https:\/\/oceansignal.com\/sv\/wp-json\/wp\/v2\/types\/product"}],"wp:featuredmedia":[{"embeddable":true,"href":"https:\/\/oceansignal.com\/sv\/wp-json\/wp\/v2\/media\/22884"}],"wp:attachment":[{"href":"https:\/\/oceansignal.com\/sv\/wp-json\/wp\/v2\/media?parent=6537"}],"wp:term":[{"taxonomy":"product_brand","embeddable":true,"href":"https:\/\/oceansignal.com\/sv\/wp-json\/wp\/v2\/product_brand?post=6537"},{"taxonomy":"product_cat","embeddable":true,"href":"https:\/\/oceansignal.com\/sv\/wp-json\/wp\/v2\/product_cat?post=6537"},{"taxonomy":"product_tag","embeddable":true,"href":"https:\/\/oceansignal.com\/sv\/wp-json\/wp\/v2\/product_tag?post=6537"}],"curies":[{"name":"wp","href":"https:\/\/api.w.org\/{rel}","templated":true}]}}