{"id":7057,"date":"2023-09-08T12:12:42","date_gmt":"2023-09-08T12:12:42","guid":{"rendered":"https:\/\/oceansignal.com\/products\/ais-atb1-klass-b-ais-paket\/"},"modified":"2025-07-30T12:31:15","modified_gmt":"2025-07-30T12:31:15","slug":"ais-atb1-klass-b-ais-paket","status":"publish","type":"product","link":"https:\/\/oceansignal.com\/sv\/products\/ais-atb1-klass-b-ais-paket\/","title":{"rendered":"AIS ATB1 klass B+ AIS-paket"},"content":{"rendered":"<p>&nbsp;<\/p>\n<table>\n<tbody>\n<tr>\n<th><\/th>\n<th class=\"content-entry\">L\u00e4tt integrerad i en flytv\u00e4st, den kompakta MOB1 kommunicerar med ATB1, s\u00e5v\u00e4l som AIS-utrustade b\u00e5tar inom cirka fem mils r\u00e4ckvidd, och kommer att tillhandah\u00e5lla tv\u00e5 metoder f\u00f6r att snabbt vidarebefordra mannen \u00f6verbords position i en n\u00f6dsituation. F\u00f6r det f\u00f6rsta s\u00e4nder den en varning till alla AIS-mottagare och AIS-aktiverade plottrar i n\u00e4rheten. F\u00f6r det andra kommer MOB1 att aktivera DSC-larmet p\u00e5 fartygets VHF-radio f\u00f6r att varna andra bes\u00e4ttningsmedlemmar. Med bes\u00e4ttningen som kan sp\u00e5ra personens position medan \u00e5terh\u00e4mtningen utf\u00f6rs, s\u00e4kerst\u00e4ller det integrerade blixtljuset med gjuten lins att den \u00f6verlevande l\u00e4tt kan uppt\u00e4ckas i d\u00e5liga ljusf\u00f6rh\u00e5llanden.   <\/th>\n<\/tr>\n<tr>\n<th><\/th>\n<th><a href=\"https:\/\/oceansignal.com\/sv\/products\/rescueme-mob1\/\">Klicka h\u00e4r f\u00f6r mer information om MOB1<\/a><\/p>\n<p>&nbsp;<\/th>\n<\/tr>\n<tr>\n<th><\/th>\n<th><\/th>\n<\/tr>\n<tr>\n<th><\/th>\n<th>Ocean Signal avancerade klass B+ (SOTDMA) ATB1 AIS-transponder \u00e4r designad f\u00f6r att erbjuda b\u00e5t\u00e4gare \u00f6kad sikt och navigeringss\u00e4kerhet. Med den \u00f6verl\u00e4gsna SOTDMA-tekniken erbjuder ATB1 betydande f\u00f6rdelar inklusive \u00f6kad prioritet f\u00f6r positionsrapporter utan f\u00f6rlust eller f\u00f6rdr\u00f6jning av \u00f6verf\u00f6ringen, vilket f\u00f6rb\u00e4ttrar anv\u00e4ndarens f\u00f6rm\u00e5ga att bli sedd av andra fartyg i livligt vatten och undvika kollision dag eller natt oavsett f\u00f6rh\u00e5llanden. Den har en snabbare rapporteringshastighet och h\u00f6gre uteffekt \u00e4n standard CSTDMA klass B-enheter, och skickar AIS-s\u00e4ndningar var femte sekund ist\u00e4llet f\u00f6r CSTDMA tv\u00e5 s\u00e4ndningar per minut. Enhetens 5W uteffekt, j\u00e4mf\u00f6rt med standarden 2W, g\u00f6r att transmissionerna kan n\u00e5 l\u00e4ngre.   <\/th>\n<\/tr>\n<tr>\n<th><\/th>\n<th><a href=\"https:\/\/oceansignal.com\/products\/atb1\/\">Klicka h\u00e4r f\u00f6r mer information om ATB1<\/a><\/th>\n<\/tr>\n<\/tbody>\n<\/table>\n","protected":false},"excerpt":{"rendered":"<p>Det nya Ocean Signal ATB1 AIS-paketet f\u00f6renar det senaste inom AIS Class B+-teknologin i ATB1-transpondern med tv\u00e5 prisbel\u00f6nta rescueME MOB1 man \u00f6verbord-fyrar f\u00f6r att s\u00e4kerst\u00e4lla den b\u00e4sta chansen till snabb r\u00e4ddning fr\u00e5n antingen den \u00f6verlevandes eget fartyg eller andra fartyg i n\u00e4rheten om n\u00e5gon faller i vattnet, AIS-kitet tar s\u00e4kerheten ombord till en ny niv\u00e5.<\/p>\n","protected":false},"featured_media":19217,"template":"","meta":{"_acf_changed":false,"om_disable_all_campaigns":false},"product_brand":[],"product_cat":[368],"product_tag":[],"class_list":{"0":"post-7057","1":"product","2":"type-product","3":"status-publish","4":"has-post-thumbnail","6":"product_cat-avvecklade","8":"first","9":"instock","10":"taxable","11":"shipping-taxable","12":"product-type-simple"},"acf":[],"yoast_head":"<!-- This site is optimized with the Yoast SEO Premium plugin v25.2 (Yoast SEO v26.4) - https:\/\/yoast.com\/wordpress\/plugins\/seo\/ -->\n<title>AIS ATB1 klass B+ AIS-paket - Ocean Signal<\/title>\n<meta name=\"robots\" content=\"index, follow, max-snippet:-1, max-image-preview:large, max-video-preview:-1\" \/>\n<link rel=\"canonical\" href=\"https:\/\/oceansignal.com\/sv\/products\/ais-atb1-klass-b-ais-paket\/\" \/>\n<meta property=\"og:locale\" content=\"sv_SE\" \/>\n<meta property=\"og:type\" content=\"article\" \/>\n<meta property=\"og:title\" content=\"AIS ATB1 klass B+ AIS-paket\" \/>\n<meta property=\"og:description\" content=\"Det nya Ocean Signal ATB1 AIS-paketet f\u00f6renar det senaste inom AIS Class B+-teknologin i ATB1-transpondern med tv\u00e5 prisbel\u00f6nta rescueME MOB1 man \u00f6verbord-fyrar f\u00f6r att s\u00e4kerst\u00e4lla den b\u00e4sta chansen till snabb r\u00e4ddning fr\u00e5n antingen den \u00f6verlevandes eget fartyg eller andra fartyg i n\u00e4rheten om n\u00e5gon faller i vattnet, AIS-kitet tar s\u00e4kerheten ombord till en ny niv\u00e5.\" \/>\n<meta property=\"og:url\" content=\"https:\/\/oceansignal.com\/sv\/products\/ais-atb1-klass-b-ais-paket\/\" \/>\n<meta property=\"og:site_name\" content=\"Ocean Signal\" \/>\n<meta property=\"article:modified_time\" content=\"2025-07-30T12:31:15+00:00\" \/>\n<meta property=\"og:image\" content=\"https:\/\/oceansignal.com\/wp-content\/uploads\/2023\/09\/OSL-ATB1-MOB-Bundle1-Left-Angle.png\" \/>\n\t<meta property=\"og:image:width\" content=\"720\" \/>\n\t<meta property=\"og:image:height\" content=\"720\" \/>\n\t<meta property=\"og:image:type\" content=\"image\/png\" \/>\n<meta name=\"twitter:card\" content=\"summary_large_image\" \/>\n<meta name=\"twitter:label1\" content=\"Ber\u00e4knad l\u00e4stid\" \/>\n\t<meta name=\"twitter:data1\" content=\"1 minut\" \/>\n<script type=\"application\/ld+json\" class=\"yoast-schema-graph\">{\"@context\":\"https:\/\/schema.org\",\"@graph\":[{\"@type\":\"WebPage\",\"@id\":\"https:\/\/oceansignal.com\/sv\/products\/ais-atb1-klass-b-ais-paket\/\",\"url\":\"https:\/\/oceansignal.com\/sv\/products\/ais-atb1-klass-b-ais-paket\/\",\"name\":\"AIS ATB1 klass B+ AIS-paket - Ocean Signal\",\"isPartOf\":{\"@id\":\"https:\/\/oceansignal.com\/sv\/#website\"},\"primaryImageOfPage\":{\"@id\":\"https:\/\/oceansignal.com\/sv\/products\/ais-atb1-klass-b-ais-paket\/#primaryimage\"},\"image\":{\"@id\":\"https:\/\/oceansignal.com\/sv\/products\/ais-atb1-klass-b-ais-paket\/#primaryimage\"},\"thumbnailUrl\":\"https:\/\/oceansignal.com\/wp-content\/uploads\/2023\/09\/OSL-ATB1-MOB-Bundle1-Left-Angle.png\",\"datePublished\":\"2023-09-08T12:12:42+00:00\",\"dateModified\":\"2025-07-30T12:31:15+00:00\",\"breadcrumb\":{\"@id\":\"https:\/\/oceansignal.com\/sv\/products\/ais-atb1-klass-b-ais-paket\/#breadcrumb\"},\"inLanguage\":\"sv-SE\",\"potentialAction\":[{\"@type\":\"ReadAction\",\"target\":[\"https:\/\/oceansignal.com\/sv\/products\/ais-atb1-klass-b-ais-paket\/\"]}]},{\"@type\":\"ImageObject\",\"inLanguage\":\"sv-SE\",\"@id\":\"https:\/\/oceansignal.com\/sv\/products\/ais-atb1-klass-b-ais-paket\/#primaryimage\",\"url\":\"https:\/\/oceansignal.com\/wp-content\/uploads\/2023\/09\/OSL-ATB1-MOB-Bundle1-Left-Angle.png\",\"contentUrl\":\"https:\/\/oceansignal.com\/wp-content\/uploads\/2023\/09\/OSL-ATB1-MOB-Bundle1-Left-Angle.png\",\"width\":720,\"height\":720},{\"@type\":\"BreadcrumbList\",\"@id\":\"https:\/\/oceansignal.com\/sv\/products\/ais-atb1-klass-b-ais-paket\/#breadcrumb\",\"itemListElement\":[{\"@type\":\"ListItem\",\"position\":1,\"name\":\"Produkter\",\"item\":\"https:\/\/oceansignal.com\/sv\/produkter\/\"},{\"@type\":\"ListItem\",\"position\":2,\"name\":\"AIS ATB1 klass B+ AIS-paket\"}]},{\"@type\":\"WebSite\",\"@id\":\"https:\/\/oceansignal.com\/sv\/#website\",\"url\":\"https:\/\/oceansignal.com\/sv\/\",\"name\":\"Ocean Signal\",\"description\":\"A leading manufacturer of EPIRBs, AIS, SARTs, Personal Locator Beacons, Man Overboard Beacon for the Marine and Outdoor Markets.\",\"potentialAction\":[{\"@type\":\"SearchAction\",\"target\":{\"@type\":\"EntryPoint\",\"urlTemplate\":\"https:\/\/oceansignal.com\/sv\/?s={search_term_string}\"},\"query-input\":{\"@type\":\"PropertyValueSpecification\",\"valueRequired\":true,\"valueName\":\"search_term_string\"}}],\"inLanguage\":\"sv-SE\"}]}<\/script>\n<!-- \/ Yoast SEO Premium plugin. -->","yoast_head_json":{"title":"AIS ATB1 klass B+ AIS-paket - Ocean Signal","robots":{"index":"index","follow":"follow","max-snippet":"max-snippet:-1","max-image-preview":"max-image-preview:large","max-video-preview":"max-video-preview:-1"},"canonical":"https:\/\/oceansignal.com\/sv\/products\/ais-atb1-klass-b-ais-paket\/","og_locale":"sv_SE","og_type":"article","og_title":"AIS ATB1 klass B+ AIS-paket","og_description":"Det nya Ocean Signal ATB1 AIS-paketet f\u00f6renar det senaste inom AIS Class B+-teknologin i ATB1-transpondern med tv\u00e5 prisbel\u00f6nta rescueME MOB1 man \u00f6verbord-fyrar f\u00f6r att s\u00e4kerst\u00e4lla den b\u00e4sta chansen till snabb r\u00e4ddning fr\u00e5n antingen den \u00f6verlevandes eget fartyg eller andra fartyg i n\u00e4rheten om n\u00e5gon faller i vattnet, AIS-kitet tar s\u00e4kerheten ombord till en ny niv\u00e5.","og_url":"https:\/\/oceansignal.com\/sv\/products\/ais-atb1-klass-b-ais-paket\/","og_site_name":"Ocean Signal","article_modified_time":"2025-07-30T12:31:15+00:00","og_image":[{"width":720,"height":720,"url":"https:\/\/oceansignal.com\/wp-content\/uploads\/2023\/09\/OSL-ATB1-MOB-Bundle1-Left-Angle.png","type":"image\/png"}],"twitter_card":"summary_large_image","twitter_misc":{"Ber\u00e4knad l\u00e4stid":"1 minut"},"schema":{"@context":"https:\/\/schema.org","@graph":[{"@type":"WebPage","@id":"https:\/\/oceansignal.com\/sv\/products\/ais-atb1-klass-b-ais-paket\/","url":"https:\/\/oceansignal.com\/sv\/products\/ais-atb1-klass-b-ais-paket\/","name":"AIS ATB1 klass B+ AIS-paket - Ocean Signal","isPartOf":{"@id":"https:\/\/oceansignal.com\/sv\/#website"},"primaryImageOfPage":{"@id":"https:\/\/oceansignal.com\/sv\/products\/ais-atb1-klass-b-ais-paket\/#primaryimage"},"image":{"@id":"https:\/\/oceansignal.com\/sv\/products\/ais-atb1-klass-b-ais-paket\/#primaryimage"},"thumbnailUrl":"https:\/\/oceansignal.com\/wp-content\/uploads\/2023\/09\/OSL-ATB1-MOB-Bundle1-Left-Angle.png","datePublished":"2023-09-08T12:12:42+00:00","dateModified":"2025-07-30T12:31:15+00:00","breadcrumb":{"@id":"https:\/\/oceansignal.com\/sv\/products\/ais-atb1-klass-b-ais-paket\/#breadcrumb"},"inLanguage":"sv-SE","potentialAction":[{"@type":"ReadAction","target":["https:\/\/oceansignal.com\/sv\/products\/ais-atb1-klass-b-ais-paket\/"]}]},{"@type":"ImageObject","inLanguage":"sv-SE","@id":"https:\/\/oceansignal.com\/sv\/products\/ais-atb1-klass-b-ais-paket\/#primaryimage","url":"https:\/\/oceansignal.com\/wp-content\/uploads\/2023\/09\/OSL-ATB1-MOB-Bundle1-Left-Angle.png","contentUrl":"https:\/\/oceansignal.com\/wp-content\/uploads\/2023\/09\/OSL-ATB1-MOB-Bundle1-Left-Angle.png","width":720,"height":720},{"@type":"BreadcrumbList","@id":"https:\/\/oceansignal.com\/sv\/products\/ais-atb1-klass-b-ais-paket\/#breadcrumb","itemListElement":[{"@type":"ListItem","position":1,"name":"Produkter","item":"https:\/\/oceansignal.com\/sv\/produkter\/"},{"@type":"ListItem","position":2,"name":"AIS ATB1 klass B+ AIS-paket"}]},{"@type":"WebSite","@id":"https:\/\/oceansignal.com\/sv\/#website","url":"https:\/\/oceansignal.com\/sv\/","name":"Ocean Signal","description":"A leading manufacturer of EPIRBs, AIS, SARTs, Personal Locator Beacons, Man Overboard Beacon for the Marine and Outdoor Markets.","potentialAction":[{"@type":"SearchAction","target":{"@type":"EntryPoint","urlTemplate":"https:\/\/oceansignal.com\/sv\/?s={search_term_string}"},"query-input":{"@type":"PropertyValueSpecification","valueRequired":true,"valueName":"search_term_string"}}],"inLanguage":"sv-SE"}]}},"_links":{"self":[{"href":"https:\/\/oceansignal.com\/sv\/wp-json\/wp\/v2\/product\/7057","targetHints":{"allow":["GET"]}}],"collection":[{"href":"https:\/\/oceansignal.com\/sv\/wp-json\/wp\/v2\/product"}],"about":[{"href":"https:\/\/oceansignal.com\/sv\/wp-json\/wp\/v2\/types\/product"}],"wp:featuredmedia":[{"embeddable":true,"href":"https:\/\/oceansignal.com\/sv\/wp-json\/wp\/v2\/media\/19217"}],"wp:attachment":[{"href":"https:\/\/oceansignal.com\/sv\/wp-json\/wp\/v2\/media?parent=7057"}],"wp:term":[{"taxonomy":"product_brand","embeddable":true,"href":"https:\/\/oceansignal.com\/sv\/wp-json\/wp\/v2\/product_brand?post=7057"},{"taxonomy":"product_cat","embeddable":true,"href":"https:\/\/oceansignal.com\/sv\/wp-json\/wp\/v2\/product_cat?post=7057"},{"taxonomy":"product_tag","embeddable":true,"href":"https:\/\/oceansignal.com\/sv\/wp-json\/wp\/v2\/product_tag?post=7057"}],"curies":[{"name":"wp","href":"https:\/\/api.w.org\/{rel}","templated":true}]}}