{"id":7069,"date":"2023-09-08T11:21:17","date_gmt":"2023-09-08T11:21:17","guid":{"rendered":"https:\/\/oceansignal.com\/products\/ais-ata100\/"},"modified":"2025-03-06T13:19:14","modified_gmt":"2025-03-06T13:19:14","slug":"ais-ata100","status":"publish","type":"product","link":"https:\/\/oceansignal.com\/sv\/products\/ais-ata100\/","title":{"rendered":"AIS ATA100"},"content":{"rendered":"<p>AIS-meddelandes\u00e4ndningsfunktionen \u00e4r enkel att anv\u00e4nda, vilket s\u00e4kerst\u00e4ller att s\u00e4kerhetsrelaterade meddelanden snabbt kan levereras eller tas emot av anv\u00e4ndaren med mycket liten anstr\u00e4ngning. En snabbmeddelande- och larmfunktion ger omedelbart meddelande om eventuella problem eller faror inklusive utplaceringen av Ocean Signal MOB1, v\u00e4rldens minsta AIS\/DSC-enhet f\u00f6r man \u00f6verbord. Den \u00e4r ocks\u00e5 kompatibel med alla andra AIS Man Overboard-enheter inklusive <a href=\"https:\/\/www.acrartex.com\/products\/aislink-personal-ais-mob-beacon\/\">ACR:s AISLink MOB<\/a> .&#8217;  <\/p>\n<p>&nbsp;<\/p>\n<p>Dynamisk data som plats, hastighet \u00f6ver mark och kurs \u00f6ver mark ber\u00e4knas automatiskt med hj\u00e4lp av den integrerade 99-kanals GPS-mottagaren, medan statisk och reserelaterade data som MMSI, anropssignal och namn, typ av fartyg, destination, ETA etc. enkelt programmeras in i AIS-transpondern via ett anv\u00e4ndarv\u00e4nligt menygr\u00e4nssnitt.<\/p>\n<p>&nbsp;<\/p>\n<p>Denna enda enhetsl\u00f6sning f\u00f6r att uppfylla AIS-kraven s\u00e4kerst\u00e4ller en minimal anv\u00e4ndning av broutrymmet och dess yta eller frist\u00e5ende monteringsalternativ m\u00f6jligg\u00f6r enkel installation i n\u00e4stan vilken position eller plats som helst. Den inneh\u00e5ller ocks\u00e5 flera anslutningsalternativ inklusive WiFi, USB-port, seriell och pilotkontakt. <\/p>\n<p>&nbsp;<\/p>\n<p>ATA100 AIS Transponder Klass A-enhet fr\u00e5n Ocean Signal uppfyller kraven i EU:s MED (Wheelmark)-direktiv och USCG\/FCC-f\u00f6reskrifter. Den \u00f6verensst\u00e4mmer ocks\u00e5 med EU:s standard f\u00f6r inre vattenv\u00e4gar, som administreras av CCR. <\/p>\n<p>&nbsp;<\/p>\n<section class=\"content-entry\">\n<ul class=\"columns\">\n<li>Kompakt l\u00f6sning med en enhet och fullf\u00e4rgsdisplay<\/li>\n<li>F\u00e4rg kustlinjekarta<\/li>\n<li>\u00d6verensst\u00e4mmer med EU:s standard f\u00f6r inre vattenv\u00e4gar<\/li>\n<li>Visning av radar- och m\u00e5llista<\/li>\n<li>Valbar diagramorientering<\/li>\n<li>Display f\u00f6r inkommande meddelande och larm<\/li>\n<li>Larmutg\u00e5ng f\u00f6r AIS SART, MOB och EPIRB -detektering<\/li>\n<li>Alternativ f\u00f6r ytmontering och f\u00e4ste<\/li>\n<li>Levereras med GPS-antenn<\/li>\n<li>Kontinuerlig sj\u00e4lvtestning med larmmeddelanden<\/li>\n<li>Enkel att anv\u00e4nda<\/li>\n<li>Funktion f\u00f6r att skicka meddelanden<\/li>\n<li>\u00d6verensst\u00e4mmer med f\u00f6reskrifter<\/li>\n<li>WiFi- och USB-gr\u00e4nssnitt f\u00f6r anslutning till PC och surfplatta<\/li>\n<li>Pilotplugg<\/li>\n<li>Vattent\u00e4t enligt IPx7<\/li>\n<li>Isolerade larmrel\u00e4kontakter<\/li>\n<li>Programmerbar f\u00f6r upp till 30 MOB -enheter<\/li>\n<li>Enkel installation<\/li>\n<\/ul>\n<p>&nbsp;<\/p>\n<p>Beh\u00f6ver du AIS Man Overboard eller Personal Locator Beacons? Kolla in MOB1 och <a href=\"https:\/\/oceansignal.com\/products\/rescueme-plb3-ais-plb\/\">PLB3<\/a> <\/p>\n<p><em>F\u00f6ljande uttalande \u00e4r endast f\u00f6r amerikanska kunder:<\/em> Denna enhet har inte auktoriserats i enlighet med reglerna fr\u00e5n Federal Communications Commission. Denna enhet \u00e4r inte, och f\u00e5r inte erbjudas till f\u00f6rs\u00e4ljning eller leasing, eller s\u00e4ljas eller leasas, f\u00f6rr\u00e4n auktorisation har erh\u00e5llits. <\/p>\n<p>&nbsp;<\/p>\n<\/section>\n","protected":false},"excerpt":{"rendered":"<p>ATA100 AIS-transpondern \u00e4r en helt kompatibel Klass A-transceiver designad f\u00f6r att komplettera det befintliga utbudet av sj\u00f6s\u00e4kerhetsutrustning fr\u00e5n Ocean Signal . Anv\u00e4nds som ett hj\u00e4lpmedel f\u00f6r att undvika kollisioner, kombinerar ATA100 den p\u00e5litliga teknologin och flytande produktdesign som har blivit synonymt med Ocean Signal produkter. <\/p>\n<p>&nbsp;<\/p>\n<p>Denna kompakta, enda enhetsl\u00f6sning kan utbyta dynamiska och statiska fartygsdata med andra AIS-system. Sj\u00f6trafikinformation i realtid tolkas kontinuerligt med hj\u00e4lp av en kraftfull intern bearbetningsmotor och visas p\u00e5 en 7\u201d fullf\u00e4rgs LCD-sk\u00e4rm med snabb respons. Kustlinjekartan och radarvyn har olika orienteringsvisningsalternativ som till\u00e5ter anv\u00e4ndarpreferenser medan en standardm\u00e5llista visar omedelbara detaljerade listor \u00f6ver n\u00e4rliggande fartyg som kan sorteras efter \u00e4garens \u00f6nskem\u00e5l.  <\/p>\n","protected":false},"featured_media":18321,"template":"","meta":{"_acf_changed":false,"om_disable_all_campaigns":false},"product_brand":[],"product_cat":[368],"product_tag":[],"class_list":{"0":"post-7069","1":"product","2":"type-product","3":"status-publish","4":"has-post-thumbnail","6":"product_cat-avvecklade","8":"first","9":"outofstock","10":"taxable","11":"shipping-taxable","12":"product-type-simple"},"acf":[],"yoast_head":"<!-- This site is optimized with the Yoast SEO Premium plugin v25.2 (Yoast SEO v26.4) - https:\/\/yoast.com\/wordpress\/plugins\/seo\/ -->\n<title>AIS ATA100 - Ocean Signal<\/title>\n<meta name=\"description\" content=\"Ocean Signal Class A AIS ATA100: Avancerad sp\u00e5rning och \u00f6vervakning f\u00f6r fartygss\u00e4kerhet. N\u00f6dv\u00e4ndig maritim utrustning. K\u00f6p nu f\u00f6r f\u00f6rb\u00e4ttrad s\u00e4kerhet ombord!\" \/>\n<meta name=\"robots\" content=\"index, follow, max-snippet:-1, max-image-preview:large, max-video-preview:-1\" \/>\n<link rel=\"canonical\" href=\"https:\/\/oceansignal.com\/sv\/products\/ais-ata100\/\" \/>\n<meta property=\"og:locale\" content=\"sv_SE\" \/>\n<meta property=\"og:type\" content=\"article\" \/>\n<meta property=\"og:title\" content=\"AIS ATA100\" \/>\n<meta property=\"og:description\" content=\"Ocean Signal Class A AIS ATA100: Avancerad sp\u00e5rning och \u00f6vervakning f\u00f6r fartygss\u00e4kerhet. N\u00f6dv\u00e4ndig maritim utrustning. K\u00f6p nu f\u00f6r f\u00f6rb\u00e4ttrad s\u00e4kerhet ombord!\" \/>\n<meta property=\"og:url\" content=\"https:\/\/oceansignal.com\/sv\/products\/ais-ata100\/\" \/>\n<meta property=\"og:site_name\" content=\"Ocean Signal\" \/>\n<meta property=\"article:modified_time\" content=\"2025-03-06T13:19:14+00:00\" \/>\n<meta property=\"og:image\" content=\"https:\/\/oceansignal.com\/wp-content\/uploads\/2023\/09\/ATA100-cover_RGB-976x1024-1.jpg\" \/>\n\t<meta property=\"og:image:width\" content=\"976\" \/>\n\t<meta property=\"og:image:height\" content=\"1024\" \/>\n\t<meta property=\"og:image:type\" content=\"image\/jpeg\" \/>\n<meta name=\"twitter:card\" content=\"summary_large_image\" \/>\n<meta name=\"twitter:label1\" content=\"Ber\u00e4knad l\u00e4stid\" \/>\n\t<meta name=\"twitter:data1\" content=\"2 minuter\" \/>\n<script type=\"application\/ld+json\" class=\"yoast-schema-graph\">{\"@context\":\"https:\/\/schema.org\",\"@graph\":[{\"@type\":\"WebPage\",\"@id\":\"https:\/\/oceansignal.com\/sv\/products\/ais-ata100\/\",\"url\":\"https:\/\/oceansignal.com\/sv\/products\/ais-ata100\/\",\"name\":\"AIS ATA100 - Ocean Signal\",\"isPartOf\":{\"@id\":\"https:\/\/oceansignal.com\/sv\/#website\"},\"primaryImageOfPage\":{\"@id\":\"https:\/\/oceansignal.com\/sv\/products\/ais-ata100\/#primaryimage\"},\"image\":{\"@id\":\"https:\/\/oceansignal.com\/sv\/products\/ais-ata100\/#primaryimage\"},\"thumbnailUrl\":\"https:\/\/oceansignal.com\/wp-content\/uploads\/2023\/09\/ATA100-cover_RGB-976x1024-1.jpg\",\"datePublished\":\"2023-09-08T11:21:17+00:00\",\"dateModified\":\"2025-03-06T13:19:14+00:00\",\"description\":\"Ocean Signal Class A AIS ATA100: Avancerad sp\u00e5rning och \u00f6vervakning f\u00f6r fartygss\u00e4kerhet. N\u00f6dv\u00e4ndig maritim utrustning. K\u00f6p nu f\u00f6r f\u00f6rb\u00e4ttrad s\u00e4kerhet ombord!\",\"breadcrumb\":{\"@id\":\"https:\/\/oceansignal.com\/sv\/products\/ais-ata100\/#breadcrumb\"},\"inLanguage\":\"sv-SE\",\"potentialAction\":[{\"@type\":\"ReadAction\",\"target\":[\"https:\/\/oceansignal.com\/sv\/products\/ais-ata100\/\"]}]},{\"@type\":\"ImageObject\",\"inLanguage\":\"sv-SE\",\"@id\":\"https:\/\/oceansignal.com\/sv\/products\/ais-ata100\/#primaryimage\",\"url\":\"https:\/\/oceansignal.com\/wp-content\/uploads\/2023\/09\/ATA100-cover_RGB-976x1024-1.jpg\",\"contentUrl\":\"https:\/\/oceansignal.com\/wp-content\/uploads\/2023\/09\/ATA100-cover_RGB-976x1024-1.jpg\",\"width\":976,\"height\":1024},{\"@type\":\"BreadcrumbList\",\"@id\":\"https:\/\/oceansignal.com\/sv\/products\/ais-ata100\/#breadcrumb\",\"itemListElement\":[{\"@type\":\"ListItem\",\"position\":1,\"name\":\"Produkter\",\"item\":\"https:\/\/oceansignal.com\/sv\/produkter\/\"},{\"@type\":\"ListItem\",\"position\":2,\"name\":\"AIS ATA100\"}]},{\"@type\":\"WebSite\",\"@id\":\"https:\/\/oceansignal.com\/sv\/#website\",\"url\":\"https:\/\/oceansignal.com\/sv\/\",\"name\":\"Ocean Signal\",\"description\":\"A leading manufacturer of EPIRBs, AIS, SARTs, Personal Locator Beacons, Man Overboard Beacon for the Marine and Outdoor Markets.\",\"potentialAction\":[{\"@type\":\"SearchAction\",\"target\":{\"@type\":\"EntryPoint\",\"urlTemplate\":\"https:\/\/oceansignal.com\/sv\/?s={search_term_string}\"},\"query-input\":{\"@type\":\"PropertyValueSpecification\",\"valueRequired\":true,\"valueName\":\"search_term_string\"}}],\"inLanguage\":\"sv-SE\"}]}<\/script>\n<!-- \/ Yoast SEO Premium plugin. -->","yoast_head_json":{"title":"AIS ATA100 - Ocean Signal","description":"Ocean Signal Class A AIS ATA100: Avancerad sp\u00e5rning och \u00f6vervakning f\u00f6r fartygss\u00e4kerhet. N\u00f6dv\u00e4ndig maritim utrustning. K\u00f6p nu f\u00f6r f\u00f6rb\u00e4ttrad s\u00e4kerhet ombord!","robots":{"index":"index","follow":"follow","max-snippet":"max-snippet:-1","max-image-preview":"max-image-preview:large","max-video-preview":"max-video-preview:-1"},"canonical":"https:\/\/oceansignal.com\/sv\/products\/ais-ata100\/","og_locale":"sv_SE","og_type":"article","og_title":"AIS ATA100","og_description":"Ocean Signal Class A AIS ATA100: Avancerad sp\u00e5rning och \u00f6vervakning f\u00f6r fartygss\u00e4kerhet. N\u00f6dv\u00e4ndig maritim utrustning. K\u00f6p nu f\u00f6r f\u00f6rb\u00e4ttrad s\u00e4kerhet ombord!","og_url":"https:\/\/oceansignal.com\/sv\/products\/ais-ata100\/","og_site_name":"Ocean Signal","article_modified_time":"2025-03-06T13:19:14+00:00","og_image":[{"width":976,"height":1024,"url":"https:\/\/oceansignal.com\/wp-content\/uploads\/2023\/09\/ATA100-cover_RGB-976x1024-1.jpg","type":"image\/jpeg"}],"twitter_card":"summary_large_image","twitter_misc":{"Ber\u00e4knad l\u00e4stid":"2 minuter"},"schema":{"@context":"https:\/\/schema.org","@graph":[{"@type":"WebPage","@id":"https:\/\/oceansignal.com\/sv\/products\/ais-ata100\/","url":"https:\/\/oceansignal.com\/sv\/products\/ais-ata100\/","name":"AIS ATA100 - Ocean Signal","isPartOf":{"@id":"https:\/\/oceansignal.com\/sv\/#website"},"primaryImageOfPage":{"@id":"https:\/\/oceansignal.com\/sv\/products\/ais-ata100\/#primaryimage"},"image":{"@id":"https:\/\/oceansignal.com\/sv\/products\/ais-ata100\/#primaryimage"},"thumbnailUrl":"https:\/\/oceansignal.com\/wp-content\/uploads\/2023\/09\/ATA100-cover_RGB-976x1024-1.jpg","datePublished":"2023-09-08T11:21:17+00:00","dateModified":"2025-03-06T13:19:14+00:00","description":"Ocean Signal Class A AIS ATA100: Avancerad sp\u00e5rning och \u00f6vervakning f\u00f6r fartygss\u00e4kerhet. N\u00f6dv\u00e4ndig maritim utrustning. K\u00f6p nu f\u00f6r f\u00f6rb\u00e4ttrad s\u00e4kerhet ombord!","breadcrumb":{"@id":"https:\/\/oceansignal.com\/sv\/products\/ais-ata100\/#breadcrumb"},"inLanguage":"sv-SE","potentialAction":[{"@type":"ReadAction","target":["https:\/\/oceansignal.com\/sv\/products\/ais-ata100\/"]}]},{"@type":"ImageObject","inLanguage":"sv-SE","@id":"https:\/\/oceansignal.com\/sv\/products\/ais-ata100\/#primaryimage","url":"https:\/\/oceansignal.com\/wp-content\/uploads\/2023\/09\/ATA100-cover_RGB-976x1024-1.jpg","contentUrl":"https:\/\/oceansignal.com\/wp-content\/uploads\/2023\/09\/ATA100-cover_RGB-976x1024-1.jpg","width":976,"height":1024},{"@type":"BreadcrumbList","@id":"https:\/\/oceansignal.com\/sv\/products\/ais-ata100\/#breadcrumb","itemListElement":[{"@type":"ListItem","position":1,"name":"Produkter","item":"https:\/\/oceansignal.com\/sv\/produkter\/"},{"@type":"ListItem","position":2,"name":"AIS ATA100"}]},{"@type":"WebSite","@id":"https:\/\/oceansignal.com\/sv\/#website","url":"https:\/\/oceansignal.com\/sv\/","name":"Ocean Signal","description":"A leading manufacturer of EPIRBs, AIS, SARTs, Personal Locator Beacons, Man Overboard Beacon for the Marine and Outdoor Markets.","potentialAction":[{"@type":"SearchAction","target":{"@type":"EntryPoint","urlTemplate":"https:\/\/oceansignal.com\/sv\/?s={search_term_string}"},"query-input":{"@type":"PropertyValueSpecification","valueRequired":true,"valueName":"search_term_string"}}],"inLanguage":"sv-SE"}]}},"_links":{"self":[{"href":"https:\/\/oceansignal.com\/sv\/wp-json\/wp\/v2\/product\/7069","targetHints":{"allow":["GET"]}}],"collection":[{"href":"https:\/\/oceansignal.com\/sv\/wp-json\/wp\/v2\/product"}],"about":[{"href":"https:\/\/oceansignal.com\/sv\/wp-json\/wp\/v2\/types\/product"}],"wp:featuredmedia":[{"embeddable":true,"href":"https:\/\/oceansignal.com\/sv\/wp-json\/wp\/v2\/media\/18321"}],"wp:attachment":[{"href":"https:\/\/oceansignal.com\/sv\/wp-json\/wp\/v2\/media?parent=7069"}],"wp:term":[{"taxonomy":"product_brand","embeddable":true,"href":"https:\/\/oceansignal.com\/sv\/wp-json\/wp\/v2\/product_brand?post=7069"},{"taxonomy":"product_cat","embeddable":true,"href":"https:\/\/oceansignal.com\/sv\/wp-json\/wp\/v2\/product_cat?post=7069"},{"taxonomy":"product_tag","embeddable":true,"href":"https:\/\/oceansignal.com\/sv\/wp-json\/wp\/v2\/product_tag?post=7069"}],"curies":[{"name":"wp","href":"https:\/\/api.w.org\/{rel}","templated":true}]}}