{"id":7159,"date":"2023-09-08T12:03:59","date_gmt":"2023-09-08T12:03:59","guid":{"rendered":"https:\/\/oceansignal.com\/products\/ais-atb1-klass-b-ais-sandtagare\/"},"modified":"2025-09-23T15:43:09","modified_gmt":"2025-09-23T15:43:09","slug":"ais-atb1-klass-b-ais-sandtagare","status":"publish","type":"product","link":"https:\/\/oceansignal.com\/sv\/products\/ais-atb1-klass-b-ais-sandtagare\/","title":{"rendered":"AIS ATB1 Klass B+ AIS-s\u00e4ndtagare"},"content":{"rendered":"<p><strong><span class=\"fontstyle0\">ATB1 m\u00e5ste konfigureras av anv\u00e4ndaren f\u00f6r att ange fartygets MMSI-nummer och andra detaljer.<\/span><\/strong><br \/>\n<strong><span class=\"fontstyle0\">Detta kan utf\u00f6ras av en mobilapp eller ett webbaserat program, v\u00e4lj Produktprogrammeringsl\u00e4nken nedanf\u00f6r produktnamnet f\u00f6r att b\u00f6rja konfigurera.<br \/>\n<\/span><\/strong><\/p>\n<p>&nbsp;<\/p>\n<ul>\n<li>AIS-faktablad: <a href=\"http:\/\/oceansignal.com\/wp-content\/uploads\/2023\/09\/AIS_Message_Structure.pdf\" target=\"_blank\" rel=\"noopener\">AIS-meddelandestruktur<\/a>, <a href=\"http:\/\/oceansignal.com\/wp-content\/uploads\/2023\/09\/AIS_Multiplexing.pdf\" target=\"_blank\" rel=\"noopener\">AIS-multiplexering<\/a>, <a href=\"http:\/\/oceansignal.com\/wp-content\/uploads\/2023\/09\/AIS_with_LRM_Explained.pdf\" target=\"_blank\" rel=\"noopener\">AIS med LRM f\u00f6rklaras<\/a><\/li>\n<\/ul>\n<p>&nbsp;<\/p>\n<p><span class=\"fontstyle0\">Din fartygsinformation s\u00e5som position, hastighet, kurs och kurs fastst\u00e4lls automatiskt och kontinuerligt med hj\u00e4lp av den imponerande interna multi-GPS-mottagaren f\u00f6r exakt global<\/span> positionering. Med 99 insamlingskanaler och 33 sp\u00e5rningskanaler s\u00e4kerst\u00e4ller denna avancerade teknik att AIS-s\u00e4ndningar alltid ger den mest exakta indikationen av ditt fartygs position. <\/p>\n<p>&nbsp;<\/p>\n<p><span class=\"fontstyle0\">Annan fartygsinformation som fartygsnamn, anropssignal, typ och dimensioner samt MMSI s\u00e4nds ocks\u00e5 automatiskt fr\u00e5n ATB1. Denna information laddas upp till ATB1 via WiFi direkt fr\u00e5n Ocean Signal anv\u00e4ndarv\u00e4nliga mobilapp eller webbplats. N\u00e4r denna information har laddats upp f\u00f6rblir den lagrad i enhetens best\u00e4ndiga minne \u00e4ven om den st\u00e4ngs av under l\u00e5nga perioder.  <\/span><\/p>\n<p>&nbsp;<\/p>\n<p><span class=\"fontstyle0\">ATB1 tar ocks\u00e5 emot och tolkar AIS-meddelanden fr\u00e5n andra AIS-utrustade fartyg inom r\u00e4ckh\u00e5ll, som sedan enkelt kan vidarebefordras till andra navigationsenheter som kartplottrar, b\u00e4rbara datorer eller mobiler med hj\u00e4lp av ATB1:s NMEA 0183-, NMEA 2000<\/span><span class=\"fontstyle0\">\u00ae<\/span><span class=\"fontstyle0\">-, USB- eller WiFi-utg\u00e5ngar.<\/span><\/p>\n<p>&nbsp;<\/p>\n<p><span class=\"fontstyle0\">Att anv\u00e4nda det \u00f6verl\u00e4gsna SOTDMA*-\u00e5tkomstschemat skiljer ATB1 fr\u00e5n de CSTDMA** klass B-produkter som finns tillg\u00e4ngliga. Denna Ocean Signal Class B+-enhet har samma AIS-\u00f6verf\u00f6ringsprioritet som en klass A-enhet, vilket ger den extra garantin att det inte kommer att ske n\u00e5gon f\u00f6rlust eller f\u00f6rdr\u00f6jning av \u00f6verf\u00f6ringen, \u00e4ven i omr\u00e5den med h\u00f6g trafik. <\/span><\/p>\n<p>&nbsp;<\/p>\n<p><span class=\"fontstyle0\">ATB1 har ocks\u00e5 en snabbare rapporteringshastighet och h\u00f6gre uteffekt \u00e4n CSTDMA klass B-enheter.  <\/span><span class=\"fontstyle0\">Den skickar AIS-s\u00e4ndningar var 5:e sekund ist\u00e4llet f\u00f6r maximalt tv\u00e5 s\u00e4ndningar per minut och 5W uteffekt ist\u00e4llet f\u00f6r 2W g\u00f6r att dina s\u00e4ndningar kan n\u00e5 l\u00e4ngre.<\/span><\/p>\n<p>&nbsp;<\/p>\n<p><span class=\"fontstyle0\">En flerf\u00e4rgad LED-indikator p\u00e5 ATB1 signalerar enhetens p\u00e5g\u00e5ende driftstatus. Denna extra s\u00e4kerhetsfunktion ger dig f\u00f6rtroendet att veta att ATB1 har kontinuerlig AIS-\u00f6verf\u00f6ring och optimal prestanda. ATB1 har en elegant men \u00e4nd\u00e5 robust vattent\u00e4t design som har h\u00f6g prestanda och l\u00e5g energif\u00f6rbrukning.    <\/span><\/p>\n<p>&nbsp;<\/p>\n<p><span class=\"fontstyle0\">Den \u00e4r snabb och enkel att installera och levereras komplett med en<\/span> <span class=\"fontstyle0\">extern GPS-antenn, vilket inneb\u00e4r att allt du beh\u00f6ver \u00e4r att anv\u00e4nda en l\u00e4mplig enhet (mobiltelefon, surfplatta eller PC) f\u00f6r att ladda upp din b\u00e5tinformation, och du kan b\u00f6rja<\/span> <span class=\"fontstyle0\">s\u00e4nda dina AIS-meddelanden inom n\u00e5gra minuter.<\/span><\/p>\n<p>&nbsp;<\/p>\n<p><span class=\"fontstyle0\">Ocean Signal \u00e4r en ledare inom livr\u00e4ddande maritima produkter f\u00f6r proffs- och fritidsmarknaden, och ger \u00e5terigen det ultimata inom s\u00e4kerhet och sinnesfrid med ATB1 Class B Transceiver.<\/span><\/p>\n<p>&nbsp;<\/p>\n<p><em><span class=\"fontstyle0\">* Sj\u00e4lvorganiserad Time Division Multiple Access<br \/>\n ** Carrier Sense Time Division Multiple Access<\/span><\/em><\/p>\n<p>&nbsp;<\/p>\n<p>F\u00f6r uppdateringar av ATB1 firmware och revisionshistorik, se <strong><a href=\"http:\/\/oceansignal.com\/support\/product-programming\/atb1-class-b-ais-transceiver-programming\/software-updates\/\">denna sida<\/a><\/strong> .<\/p>\n","protected":false},"excerpt":{"rendered":"<p><span class=\"fontstyle0\">Ocean Signal <span class=\"fontstyle2\">ATB1<\/span> klass B+ AIS-s\u00e4ndare som inneh\u00e5ller det \u00f6verl\u00e4gsna <span class=\"fontstyle2\">SOTDMA-<\/span> \u00e5tkomstschemat ger \u00f6kad sikt och s\u00e4kerhet till sj\u00f6ss.<\/span><\/p>\n<p> <span class=\"fontstyle0\">Den fullt kompatibla ATB1 Class B+ (SOTDMA) AIS-s\u00e4ndaren fr\u00e5n Ocean Signal \u00e4r den senaste i en l\u00e5ng rad av v\u00e4sentlig sj\u00f6s\u00e4kerhetsutrustning som utvecklats och tillverkas i Storbritannien f\u00f6r den<\/span> maritima marknaden.<\/p>\n<p> <span class=\"fontstyle0\">Designad som ett hj\u00e4lpmedel f\u00f6r att undvika kollisioner, ger den en betydande f\u00f6rdel i navigationss\u00e4kerheten och ger dig sinnesfrid att ditt fartyg kommer att ses dag eller natt, oavsett v\u00e4der, p\u00e5 dagens livliga vattenv\u00e4gar.<\/span><\/p>\n","protected":false},"featured_media":20896,"template":"","meta":{"_acf_changed":false,"om_disable_all_campaigns":false},"product_brand":[],"product_cat":[368],"product_tag":[],"class_list":{"0":"post-7159","1":"product","2":"type-product","3":"status-publish","4":"has-post-thumbnail","6":"product_cat-avvecklade","8":"first","9":"outofstock","10":"taxable","11":"shipping-taxable","12":"product-type-simple"},"acf":[],"yoast_head":"<!-- This site is optimized with the Yoast SEO Premium plugin v25.2 (Yoast SEO v26.4) - https:\/\/yoast.com\/wordpress\/plugins\/seo\/ -->\n<title>AIS ATB1 Klass B+ AIS-s\u00e4ndtagare - Ocean Signal<\/title>\n<meta name=\"robots\" content=\"index, follow, max-snippet:-1, max-image-preview:large, max-video-preview:-1\" \/>\n<link rel=\"canonical\" href=\"https:\/\/oceansignal.com\/sv\/products\/ais-atb1-klass-b-ais-sandtagare\/\" \/>\n<meta property=\"og:locale\" content=\"sv_SE\" \/>\n<meta property=\"og:type\" content=\"article\" \/>\n<meta property=\"og:title\" content=\"AIS ATB1 Klass B+ AIS-s\u00e4ndtagare\" \/>\n<meta property=\"og:description\" content=\"Ocean Signal ATB1 klass B+ AIS-s\u00e4ndare som inneh\u00e5ller det \u00f6verl\u00e4gsna SOTDMA- \u00e5tkomstschemat ger \u00f6kad sikt och s\u00e4kerhet till sj\u00f6ss.  Den fullt kompatibla ATB1 Class B+ (SOTDMA) AIS-s\u00e4ndaren fr\u00e5n Ocean Signal \u00e4r den senaste i en l\u00e5ng rad av v\u00e4sentlig sj\u00f6s\u00e4kerhetsutrustning som utvecklats och tillverkas i Storbritannien f\u00f6r den maritima marknaden.  Designad som ett hj\u00e4lpmedel f\u00f6r att undvika kollisioner, ger den en betydande f\u00f6rdel i navigationss\u00e4kerheten och ger dig sinnesfrid att ditt fartyg kommer att ses dag eller natt, oavsett v\u00e4der, p\u00e5 dagens livliga vattenv\u00e4gar.\" \/>\n<meta property=\"og:url\" content=\"https:\/\/oceansignal.com\/sv\/products\/ais-atb1-klass-b-ais-sandtagare\/\" \/>\n<meta property=\"og:site_name\" content=\"Ocean Signal\" \/>\n<meta property=\"article:modified_time\" content=\"2025-09-23T15:43:09+00:00\" \/>\n<meta property=\"og:image\" content=\"https:\/\/oceansignal.com\/wp-content\/uploads\/2023\/09\/OSL-ATB1-Bundle-360_600x600-1.gif\" \/>\n\t<meta property=\"og:image:width\" content=\"600\" \/>\n\t<meta property=\"og:image:height\" content=\"600\" \/>\n\t<meta property=\"og:image:type\" content=\"image\/gif\" \/>\n<meta name=\"twitter:card\" content=\"summary_large_image\" \/>\n<meta name=\"twitter:label1\" content=\"Ber\u00e4knad l\u00e4stid\" \/>\n\t<meta name=\"twitter:data1\" content=\"2 minuter\" \/>\n<script type=\"application\/ld+json\" class=\"yoast-schema-graph\">{\"@context\":\"https:\/\/schema.org\",\"@graph\":[{\"@type\":\"WebPage\",\"@id\":\"https:\/\/oceansignal.com\/sv\/products\/ais-atb1-klass-b-ais-sandtagare\/\",\"url\":\"https:\/\/oceansignal.com\/sv\/products\/ais-atb1-klass-b-ais-sandtagare\/\",\"name\":\"AIS ATB1 Klass B+ AIS-s\u00e4ndtagare - Ocean Signal\",\"isPartOf\":{\"@id\":\"https:\/\/oceansignal.com\/sv\/#website\"},\"primaryImageOfPage\":{\"@id\":\"https:\/\/oceansignal.com\/sv\/products\/ais-atb1-klass-b-ais-sandtagare\/#primaryimage\"},\"image\":{\"@id\":\"https:\/\/oceansignal.com\/sv\/products\/ais-atb1-klass-b-ais-sandtagare\/#primaryimage\"},\"thumbnailUrl\":\"https:\/\/oceansignal.com\/wp-content\/uploads\/2023\/09\/OSL-ATB1-Bundle-360_600x600-1.gif\",\"datePublished\":\"2023-09-08T12:03:59+00:00\",\"dateModified\":\"2025-09-23T15:43:09+00:00\",\"breadcrumb\":{\"@id\":\"https:\/\/oceansignal.com\/sv\/products\/ais-atb1-klass-b-ais-sandtagare\/#breadcrumb\"},\"inLanguage\":\"sv-SE\",\"potentialAction\":[{\"@type\":\"ReadAction\",\"target\":[\"https:\/\/oceansignal.com\/sv\/products\/ais-atb1-klass-b-ais-sandtagare\/\"]}]},{\"@type\":\"ImageObject\",\"inLanguage\":\"sv-SE\",\"@id\":\"https:\/\/oceansignal.com\/sv\/products\/ais-atb1-klass-b-ais-sandtagare\/#primaryimage\",\"url\":\"https:\/\/oceansignal.com\/wp-content\/uploads\/2023\/09\/OSL-ATB1-Bundle-360_600x600-1.gif\",\"contentUrl\":\"https:\/\/oceansignal.com\/wp-content\/uploads\/2023\/09\/OSL-ATB1-Bundle-360_600x600-1.gif\",\"width\":600,\"height\":600},{\"@type\":\"BreadcrumbList\",\"@id\":\"https:\/\/oceansignal.com\/sv\/products\/ais-atb1-klass-b-ais-sandtagare\/#breadcrumb\",\"itemListElement\":[{\"@type\":\"ListItem\",\"position\":1,\"name\":\"Produkter\",\"item\":\"https:\/\/oceansignal.com\/sv\/produkter\/\"},{\"@type\":\"ListItem\",\"position\":2,\"name\":\"AIS ATB1 Klass B+ AIS-s\u00e4ndtagare\"}]},{\"@type\":\"WebSite\",\"@id\":\"https:\/\/oceansignal.com\/sv\/#website\",\"url\":\"https:\/\/oceansignal.com\/sv\/\",\"name\":\"Ocean Signal\",\"description\":\"A leading manufacturer of EPIRBs, AIS, SARTs, Personal Locator Beacons, Man Overboard Beacon for the Marine and Outdoor Markets.\",\"potentialAction\":[{\"@type\":\"SearchAction\",\"target\":{\"@type\":\"EntryPoint\",\"urlTemplate\":\"https:\/\/oceansignal.com\/sv\/?s={search_term_string}\"},\"query-input\":{\"@type\":\"PropertyValueSpecification\",\"valueRequired\":true,\"valueName\":\"search_term_string\"}}],\"inLanguage\":\"sv-SE\"}]}<\/script>\n<!-- \/ Yoast SEO Premium plugin. -->","yoast_head_json":{"title":"AIS ATB1 Klass B+ AIS-s\u00e4ndtagare - Ocean Signal","robots":{"index":"index","follow":"follow","max-snippet":"max-snippet:-1","max-image-preview":"max-image-preview:large","max-video-preview":"max-video-preview:-1"},"canonical":"https:\/\/oceansignal.com\/sv\/products\/ais-atb1-klass-b-ais-sandtagare\/","og_locale":"sv_SE","og_type":"article","og_title":"AIS ATB1 Klass B+ AIS-s\u00e4ndtagare","og_description":"Ocean Signal ATB1 klass B+ AIS-s\u00e4ndare som inneh\u00e5ller det \u00f6verl\u00e4gsna SOTDMA- \u00e5tkomstschemat ger \u00f6kad sikt och s\u00e4kerhet till sj\u00f6ss.  Den fullt kompatibla ATB1 Class B+ (SOTDMA) AIS-s\u00e4ndaren fr\u00e5n Ocean Signal \u00e4r den senaste i en l\u00e5ng rad av v\u00e4sentlig sj\u00f6s\u00e4kerhetsutrustning som utvecklats och tillverkas i Storbritannien f\u00f6r den maritima marknaden.  Designad som ett hj\u00e4lpmedel f\u00f6r att undvika kollisioner, ger den en betydande f\u00f6rdel i navigationss\u00e4kerheten och ger dig sinnesfrid att ditt fartyg kommer att ses dag eller natt, oavsett v\u00e4der, p\u00e5 dagens livliga vattenv\u00e4gar.","og_url":"https:\/\/oceansignal.com\/sv\/products\/ais-atb1-klass-b-ais-sandtagare\/","og_site_name":"Ocean Signal","article_modified_time":"2025-09-23T15:43:09+00:00","og_image":[{"url":"https:\/\/oceansignal.com\/wp-content\/uploads\/2023\/09\/OSL-ATB1-Bundle-360_600x600-1.gif","width":600,"height":600,"type":"image\/gif"}],"twitter_card":"summary_large_image","twitter_misc":{"Ber\u00e4knad l\u00e4stid":"2 minuter"},"schema":{"@context":"https:\/\/schema.org","@graph":[{"@type":"WebPage","@id":"https:\/\/oceansignal.com\/sv\/products\/ais-atb1-klass-b-ais-sandtagare\/","url":"https:\/\/oceansignal.com\/sv\/products\/ais-atb1-klass-b-ais-sandtagare\/","name":"AIS ATB1 Klass B+ AIS-s\u00e4ndtagare - Ocean Signal","isPartOf":{"@id":"https:\/\/oceansignal.com\/sv\/#website"},"primaryImageOfPage":{"@id":"https:\/\/oceansignal.com\/sv\/products\/ais-atb1-klass-b-ais-sandtagare\/#primaryimage"},"image":{"@id":"https:\/\/oceansignal.com\/sv\/products\/ais-atb1-klass-b-ais-sandtagare\/#primaryimage"},"thumbnailUrl":"https:\/\/oceansignal.com\/wp-content\/uploads\/2023\/09\/OSL-ATB1-Bundle-360_600x600-1.gif","datePublished":"2023-09-08T12:03:59+00:00","dateModified":"2025-09-23T15:43:09+00:00","breadcrumb":{"@id":"https:\/\/oceansignal.com\/sv\/products\/ais-atb1-klass-b-ais-sandtagare\/#breadcrumb"},"inLanguage":"sv-SE","potentialAction":[{"@type":"ReadAction","target":["https:\/\/oceansignal.com\/sv\/products\/ais-atb1-klass-b-ais-sandtagare\/"]}]},{"@type":"ImageObject","inLanguage":"sv-SE","@id":"https:\/\/oceansignal.com\/sv\/products\/ais-atb1-klass-b-ais-sandtagare\/#primaryimage","url":"https:\/\/oceansignal.com\/wp-content\/uploads\/2023\/09\/OSL-ATB1-Bundle-360_600x600-1.gif","contentUrl":"https:\/\/oceansignal.com\/wp-content\/uploads\/2023\/09\/OSL-ATB1-Bundle-360_600x600-1.gif","width":600,"height":600},{"@type":"BreadcrumbList","@id":"https:\/\/oceansignal.com\/sv\/products\/ais-atb1-klass-b-ais-sandtagare\/#breadcrumb","itemListElement":[{"@type":"ListItem","position":1,"name":"Produkter","item":"https:\/\/oceansignal.com\/sv\/produkter\/"},{"@type":"ListItem","position":2,"name":"AIS ATB1 Klass B+ AIS-s\u00e4ndtagare"}]},{"@type":"WebSite","@id":"https:\/\/oceansignal.com\/sv\/#website","url":"https:\/\/oceansignal.com\/sv\/","name":"Ocean Signal","description":"A leading manufacturer of EPIRBs, AIS, SARTs, Personal Locator Beacons, Man Overboard Beacon for the Marine and Outdoor Markets.","potentialAction":[{"@type":"SearchAction","target":{"@type":"EntryPoint","urlTemplate":"https:\/\/oceansignal.com\/sv\/?s={search_term_string}"},"query-input":{"@type":"PropertyValueSpecification","valueRequired":true,"valueName":"search_term_string"}}],"inLanguage":"sv-SE"}]}},"_links":{"self":[{"href":"https:\/\/oceansignal.com\/sv\/wp-json\/wp\/v2\/product\/7159","targetHints":{"allow":["GET"]}}],"collection":[{"href":"https:\/\/oceansignal.com\/sv\/wp-json\/wp\/v2\/product"}],"about":[{"href":"https:\/\/oceansignal.com\/sv\/wp-json\/wp\/v2\/types\/product"}],"wp:featuredmedia":[{"embeddable":true,"href":"https:\/\/oceansignal.com\/sv\/wp-json\/wp\/v2\/media\/20896"}],"wp:attachment":[{"href":"https:\/\/oceansignal.com\/sv\/wp-json\/wp\/v2\/media?parent=7159"}],"wp:term":[{"taxonomy":"product_brand","embeddable":true,"href":"https:\/\/oceansignal.com\/sv\/wp-json\/wp\/v2\/product_brand?post=7159"},{"taxonomy":"product_cat","embeddable":true,"href":"https:\/\/oceansignal.com\/sv\/wp-json\/wp\/v2\/product_cat?post=7159"},{"taxonomy":"product_tag","embeddable":true,"href":"https:\/\/oceansignal.com\/sv\/wp-json\/wp\/v2\/product_tag?post=7159"}],"curies":[{"name":"wp","href":"https:\/\/api.w.org\/{rel}","templated":true}]}}