{"id":7168,"date":"2023-09-08T12:47:59","date_gmt":"2023-09-08T12:47:59","guid":{"rendered":"https:\/\/oceansignal.com\/products\/ais-larm\/"},"modified":"2025-11-26T08:54:55","modified_gmt":"2025-11-26T08:54:55","slug":"ais-larm","status":"publish","type":"product","link":"https:\/\/oceansignal.com\/sv\/products\/ais-larm\/","title":{"rendered":"AIS Alarm"},"content":{"rendered":"<p>Ocean Signal AIS Alarm \u00e4r vattent\u00e4tt vilket m\u00f6jligg\u00f6r extern montering om s\u00e5 \u00f6nskas och har m\u00f6jlighet att programmeras av anv\u00e4ndaren med upp till 30 individuella MMSI-nummer f\u00f6r att ge visuella och akustiska larm (h\u00f6rbara larm har flera toner f\u00f6r att identifiera k\u00e4llan till AIS-signalen &#8211; MOB eller SART).  <span class=\"fontstyle0\">Ett integrerat rel\u00e4alternativ m\u00f6jligg\u00f6r anslutning till ett externt larm eller fartygets motoravst\u00e4ngningsbrytare. Rel\u00e4et kan programmeras att aktiveras vid behov. <\/span><\/p>\n<p>Para ihop med Ocean Signal AIS <a href=\"https:\/\/oceansignal.com\/sv\/products\/rescueme-mob1\/\">MOB1<\/a> eller <a href=\"https:\/\/oceansignal.com\/products\/rescueme-plb3-ais-plb\/\">PLB3<\/a> f\u00f6r att varna bes\u00e4ttningen inne i kabinen om ditt Man Overboard Alarm.<\/p>\n<p>Konfiguration av AIS Alarm kan uppn\u00e5s genom att ladda ner programvaran p\u00e5 l\u00e4nken nedan:<\/p>\n<p>&nbsp;<\/p>\n<p><a href=\"https:\/\/oceansignal.com\/sv\/stod\/programmering-av-produkter\/programmering-av-ais-larmbox\/\">AIS Alarm<\/a><\/p>\n<p>&nbsp;<\/p>\n<p><em>\u00c4ven om alla anstr\u00e4ngningar har gjorts f\u00f6r att s\u00e4kerst\u00e4lla att informationen p\u00e5 denna sida \u00e4r korrekt, kan produkter och specifikationer \u00e4ndras utan f\u00f6reg\u00e5ende meddelande.<\/em><\/p>\n","protected":false},"excerpt":{"rendered":"<p><strong>AIS-larmboxen<\/strong> \u00e4r utformad f\u00f6r att s\u00e4kerst\u00e4lla att i samma \u00f6gonblick som n\u00e5gon AIS MOB eller AIS SART-signal tas emot ett 87dB ljudlarm som s\u00e4kerst\u00e4ller att alla p\u00e5 fartyget larmas om en m\u00f6jlig MOB eller en bes\u00e4ttning i behov av r\u00e4ddning. Dess enkla design, kompakta karakt\u00e4r och anv\u00e4ndningen av NMEA 0183 g\u00f6r att det \u00e4r enkelt att integrera AIS Alarm larmboxen i din AIS-mottagare och befintliga n\u00e4tverk. <\/p>\n<p><a href=\"https:\/\/www.dropbox.com\/s\/fk04stqsp2hgk5f\/Prop%2065%20-%20DEHP.pdf?dl=0\">VARNING: PROP 65<\/a><\/p>\n","protected":false},"featured_media":20785,"template":"","meta":{"_acf_changed":false,"om_disable_all_campaigns":false},"product_brand":[],"product_cat":[382],"product_tag":[],"class_list":{"0":"post-7168","1":"product","2":"type-product","3":"status-publish","4":"has-post-thumbnail","6":"product_cat-ais-sv-2","8":"first","9":"instock","10":"taxable","11":"shipping-taxable","12":"purchasable","13":"product-type-simple"},"acf":[],"yoast_head":"<!-- This site is optimized with the Yoast SEO Premium plugin v25.2 (Yoast SEO v26.4) - https:\/\/yoast.com\/wordpress\/plugins\/seo\/ -->\n<title>AIS Alarm - Ocean Signal<\/title>\n<meta name=\"description\" content=\"Ocean Signal Alarm Box: P\u00e5litlig marin s\u00e4kerhetsl\u00f6sning f\u00f6r omedelbara larm om en AIS Man \u00f6verbord-n\u00f6dsituation. S\u00e4kerst\u00e4ll snabb respons i n\u00f6dsituationer.\" \/>\n<meta name=\"robots\" content=\"index, follow, max-snippet:-1, max-image-preview:large, max-video-preview:-1\" \/>\n<link rel=\"canonical\" href=\"https:\/\/oceansignal.com\/sv\/products\/ais-larm\/\" \/>\n<meta property=\"og:locale\" content=\"sv_SE\" \/>\n<meta property=\"og:type\" content=\"article\" \/>\n<meta property=\"og:title\" content=\"AIS Alarm\" \/>\n<meta property=\"og:description\" content=\"Ocean Signal Alarm Box: P\u00e5litlig marin s\u00e4kerhetsl\u00f6sning f\u00f6r omedelbara larm om en AIS Man \u00f6verbord-n\u00f6dsituation. S\u00e4kerst\u00e4ll snabb respons i n\u00f6dsituationer.\" \/>\n<meta property=\"og:url\" content=\"https:\/\/oceansignal.com\/sv\/products\/ais-larm\/\" \/>\n<meta property=\"og:site_name\" content=\"Ocean Signal\" \/>\n<meta property=\"article:modified_time\" content=\"2025-11-26T08:54:55+00:00\" \/>\n<meta property=\"og:image\" content=\"https:\/\/oceansignal.com\/wp-content\/uploads\/2023\/09\/OSL-AIS-Alarm-360_600x600.gif\" \/>\n\t<meta property=\"og:image:width\" content=\"600\" \/>\n\t<meta property=\"og:image:height\" content=\"600\" \/>\n\t<meta property=\"og:image:type\" content=\"image\/gif\" \/>\n<meta name=\"twitter:card\" content=\"summary_large_image\" \/>\n<meta name=\"twitter:label1\" content=\"Ber\u00e4knad l\u00e4stid\" \/>\n\t<meta name=\"twitter:data1\" content=\"1 minut\" \/>\n<script type=\"application\/ld+json\" class=\"yoast-schema-graph\">{\"@context\":\"https:\/\/schema.org\",\"@graph\":[{\"@type\":\"WebPage\",\"@id\":\"https:\/\/oceansignal.com\/sv\/products\/ais-larm\/\",\"url\":\"https:\/\/oceansignal.com\/sv\/products\/ais-larm\/\",\"name\":\"AIS Alarm - Ocean Signal\",\"isPartOf\":{\"@id\":\"https:\/\/oceansignal.com\/sv\/#website\"},\"primaryImageOfPage\":{\"@id\":\"https:\/\/oceansignal.com\/sv\/products\/ais-larm\/#primaryimage\"},\"image\":{\"@id\":\"https:\/\/oceansignal.com\/sv\/products\/ais-larm\/#primaryimage\"},\"thumbnailUrl\":\"https:\/\/oceansignal.com\/wp-content\/uploads\/2023\/09\/OSL-AIS-Alarm-360_600x600.gif\",\"datePublished\":\"2023-09-08T12:47:59+00:00\",\"dateModified\":\"2025-11-26T08:54:55+00:00\",\"description\":\"Ocean Signal Alarm Box: P\u00e5litlig marin s\u00e4kerhetsl\u00f6sning f\u00f6r omedelbara larm om en AIS Man \u00f6verbord-n\u00f6dsituation. S\u00e4kerst\u00e4ll snabb respons i n\u00f6dsituationer.\",\"breadcrumb\":{\"@id\":\"https:\/\/oceansignal.com\/sv\/products\/ais-larm\/#breadcrumb\"},\"inLanguage\":\"sv-SE\",\"potentialAction\":[{\"@type\":\"ReadAction\",\"target\":[\"https:\/\/oceansignal.com\/sv\/products\/ais-larm\/\"]}]},{\"@type\":\"ImageObject\",\"inLanguage\":\"sv-SE\",\"@id\":\"https:\/\/oceansignal.com\/sv\/products\/ais-larm\/#primaryimage\",\"url\":\"https:\/\/oceansignal.com\/wp-content\/uploads\/2023\/09\/OSL-AIS-Alarm-360_600x600.gif\",\"contentUrl\":\"https:\/\/oceansignal.com\/wp-content\/uploads\/2023\/09\/OSL-AIS-Alarm-360_600x600.gif\",\"width\":600,\"height\":600},{\"@type\":\"BreadcrumbList\",\"@id\":\"https:\/\/oceansignal.com\/sv\/products\/ais-larm\/#breadcrumb\",\"itemListElement\":[{\"@type\":\"ListItem\",\"position\":1,\"name\":\"Produkter\",\"item\":\"https:\/\/oceansignal.com\/sv\/produkter\/\"},{\"@type\":\"ListItem\",\"position\":2,\"name\":\"AIS Alarm\"}]},{\"@type\":\"WebSite\",\"@id\":\"https:\/\/oceansignal.com\/sv\/#website\",\"url\":\"https:\/\/oceansignal.com\/sv\/\",\"name\":\"Ocean Signal\",\"description\":\"A leading manufacturer of EPIRBs, AIS, SARTs, Personal Locator Beacons, Man Overboard Beacon for the Marine and Outdoor Markets.\",\"potentialAction\":[{\"@type\":\"SearchAction\",\"target\":{\"@type\":\"EntryPoint\",\"urlTemplate\":\"https:\/\/oceansignal.com\/sv\/?s={search_term_string}\"},\"query-input\":{\"@type\":\"PropertyValueSpecification\",\"valueRequired\":true,\"valueName\":\"search_term_string\"}}],\"inLanguage\":\"sv-SE\"}]}<\/script>\n<!-- \/ Yoast SEO Premium plugin. -->","yoast_head_json":{"title":"AIS Alarm - Ocean Signal","description":"Ocean Signal Alarm Box: P\u00e5litlig marin s\u00e4kerhetsl\u00f6sning f\u00f6r omedelbara larm om en AIS Man \u00f6verbord-n\u00f6dsituation. S\u00e4kerst\u00e4ll snabb respons i n\u00f6dsituationer.","robots":{"index":"index","follow":"follow","max-snippet":"max-snippet:-1","max-image-preview":"max-image-preview:large","max-video-preview":"max-video-preview:-1"},"canonical":"https:\/\/oceansignal.com\/sv\/products\/ais-larm\/","og_locale":"sv_SE","og_type":"article","og_title":"AIS Alarm","og_description":"Ocean Signal Alarm Box: P\u00e5litlig marin s\u00e4kerhetsl\u00f6sning f\u00f6r omedelbara larm om en AIS Man \u00f6verbord-n\u00f6dsituation. S\u00e4kerst\u00e4ll snabb respons i n\u00f6dsituationer.","og_url":"https:\/\/oceansignal.com\/sv\/products\/ais-larm\/","og_site_name":"Ocean Signal","article_modified_time":"2025-11-26T08:54:55+00:00","og_image":[{"url":"https:\/\/oceansignal.com\/wp-content\/uploads\/2023\/09\/OSL-AIS-Alarm-360_600x600.gif","width":600,"height":600,"type":"image\/gif"}],"twitter_card":"summary_large_image","twitter_misc":{"Ber\u00e4knad l\u00e4stid":"1 minut"},"schema":{"@context":"https:\/\/schema.org","@graph":[{"@type":"WebPage","@id":"https:\/\/oceansignal.com\/sv\/products\/ais-larm\/","url":"https:\/\/oceansignal.com\/sv\/products\/ais-larm\/","name":"AIS Alarm - Ocean Signal","isPartOf":{"@id":"https:\/\/oceansignal.com\/sv\/#website"},"primaryImageOfPage":{"@id":"https:\/\/oceansignal.com\/sv\/products\/ais-larm\/#primaryimage"},"image":{"@id":"https:\/\/oceansignal.com\/sv\/products\/ais-larm\/#primaryimage"},"thumbnailUrl":"https:\/\/oceansignal.com\/wp-content\/uploads\/2023\/09\/OSL-AIS-Alarm-360_600x600.gif","datePublished":"2023-09-08T12:47:59+00:00","dateModified":"2025-11-26T08:54:55+00:00","description":"Ocean Signal Alarm Box: P\u00e5litlig marin s\u00e4kerhetsl\u00f6sning f\u00f6r omedelbara larm om en AIS Man \u00f6verbord-n\u00f6dsituation. S\u00e4kerst\u00e4ll snabb respons i n\u00f6dsituationer.","breadcrumb":{"@id":"https:\/\/oceansignal.com\/sv\/products\/ais-larm\/#breadcrumb"},"inLanguage":"sv-SE","potentialAction":[{"@type":"ReadAction","target":["https:\/\/oceansignal.com\/sv\/products\/ais-larm\/"]}]},{"@type":"ImageObject","inLanguage":"sv-SE","@id":"https:\/\/oceansignal.com\/sv\/products\/ais-larm\/#primaryimage","url":"https:\/\/oceansignal.com\/wp-content\/uploads\/2023\/09\/OSL-AIS-Alarm-360_600x600.gif","contentUrl":"https:\/\/oceansignal.com\/wp-content\/uploads\/2023\/09\/OSL-AIS-Alarm-360_600x600.gif","width":600,"height":600},{"@type":"BreadcrumbList","@id":"https:\/\/oceansignal.com\/sv\/products\/ais-larm\/#breadcrumb","itemListElement":[{"@type":"ListItem","position":1,"name":"Produkter","item":"https:\/\/oceansignal.com\/sv\/produkter\/"},{"@type":"ListItem","position":2,"name":"AIS Alarm"}]},{"@type":"WebSite","@id":"https:\/\/oceansignal.com\/sv\/#website","url":"https:\/\/oceansignal.com\/sv\/","name":"Ocean Signal","description":"A leading manufacturer of EPIRBs, AIS, SARTs, Personal Locator Beacons, Man Overboard Beacon for the Marine and Outdoor Markets.","potentialAction":[{"@type":"SearchAction","target":{"@type":"EntryPoint","urlTemplate":"https:\/\/oceansignal.com\/sv\/?s={search_term_string}"},"query-input":{"@type":"PropertyValueSpecification","valueRequired":true,"valueName":"search_term_string"}}],"inLanguage":"sv-SE"}]}},"_links":{"self":[{"href":"https:\/\/oceansignal.com\/sv\/wp-json\/wp\/v2\/product\/7168","targetHints":{"allow":["GET"]}}],"collection":[{"href":"https:\/\/oceansignal.com\/sv\/wp-json\/wp\/v2\/product"}],"about":[{"href":"https:\/\/oceansignal.com\/sv\/wp-json\/wp\/v2\/types\/product"}],"wp:featuredmedia":[{"embeddable":true,"href":"https:\/\/oceansignal.com\/sv\/wp-json\/wp\/v2\/media\/20785"}],"wp:attachment":[{"href":"https:\/\/oceansignal.com\/sv\/wp-json\/wp\/v2\/media?parent=7168"}],"wp:term":[{"taxonomy":"product_brand","embeddable":true,"href":"https:\/\/oceansignal.com\/sv\/wp-json\/wp\/v2\/product_brand?post=7168"},{"taxonomy":"product_cat","embeddable":true,"href":"https:\/\/oceansignal.com\/sv\/wp-json\/wp\/v2\/product_cat?post=7168"},{"taxonomy":"product_tag","embeddable":true,"href":"https:\/\/oceansignal.com\/sv\/wp-json\/wp\/v2\/product_tag?post=7168"}],"curies":[{"name":"wp","href":"https:\/\/api.w.org\/{rel}","templated":true}]}}