{"id":7302,"date":"2023-09-08T13:06:06","date_gmt":"2023-09-08T13:06:06","guid":{"rendered":"https:\/\/oceansignal.com\/products\/m100-m100x\/"},"modified":"2026-02-25T13:50:37","modified_gmt":"2026-02-25T13:50:37","slug":"m100-m100x","status":"publish","type":"product","link":"https:\/\/oceansignal.com\/sv\/products\/m100-m100x\/","title":{"rendered":"M100\/M100X"},"content":{"rendered":"<p class=\"ai-optimize-36 ai-optimize-introduction\">Den integrerade 66-kanals GPS-en s\u00e4kerst\u00e4ller att en positionsuppdatering tillhandah\u00e5lls varje minut via AIS. Skillnaden mellan Ocean Signal M100 och M100X \u00e4r att M100X \u00e4r designad f\u00f6r att uppfylla det europeiska ATEX-direktivet och har IECEx-godk\u00e4nnande f\u00f6r anv\u00e4ndning i zon 2 explosiva atmosf\u00e4rer. <\/p>\n<p class=\"ai-optimize-37\">Vill du ha en MOB med 406 MHz? Kolla in den nya <a href=\"https:\/\/oceansignal.com\/products\/rescueme-plb3-ais-plb\/\">rescueME PLB3<\/a> <\/p>\n<p class=\"ai-optimize-38\"><em>F\u00f6ljande uttalande \u00e4r endast avsett f\u00f6r amerikanska kunder: Denna enhet har inte auktoriserats enligt reglerna fr\u00e5n Federal Communications Commission. Denna enhet \u00e4r inte, och f\u00e5r inte, erbjudas till f\u00f6rs\u00e4ljning eller leasing, eller s\u00e4ljas eller leasas, f\u00f6rr\u00e4n auktorisation har erh\u00e5llits. <\/em><\/p>\n<p>&nbsp;<\/p>\n<p class=\"ai-optimize-46\"><strong>Integrering med flytv\u00e4st<\/strong><\/p>\n<p class=\"ai-optimize-47\">safeSEA M100 AIS kan aktiveras manuellt eller automatiskt n\u00e4r den installeras i en uppbl\u00e5sbar flytv\u00e4st som bl\u00e5ses upp automatiskt. Installationen \u00e4r enkel med hj\u00e4lp av det medf\u00f6ljande kl\u00e4mman f\u00f6r oral uppbl\u00e5sning f\u00f6r att f\u00e4sta M100 p\u00e5 flytv\u00e4sten tillsammans med aktiveringstejpen som \u00e4r f\u00e4st runt flytv\u00e4stens bl\u00e5sa**. N\u00e4r den \u00e4r korrekt installerad utl\u00f6ser uppbl\u00e5sningen av flytv\u00e4stens bl\u00e5sa att antennen f\u00e4lls ut och att s\u00e4ndaren aktiveras.  <\/p>\n<p class=\"ai-optimize-48\">* DSC-funktioner \u00e4r f\u00f6rem\u00e5l f\u00f6r landets regler.<\/p>\n<p class=\"ai-optimize-49\"><strong>** <i data-olk-copy-source=\"MailCompose\">Det rekommenderas att r\u00e5dfr\u00e5ga flytv\u00e4sttillverkaren f\u00f6re installation, eftersom specifika modeller kan ha sina egna f\u00f6redragna monteringsmetoder eller integrationsrekommendationer.<\/i><\/strong><\/p>\n<p>&nbsp;<\/p>\n<p>&nbsp;<\/p>\n","protected":false},"excerpt":{"rendered":"<p>Ocean Signal M100 och M100X MSLD (Maritime Survivor Locating Device) har designats f\u00f6r att m\u00f6ta behoven hos den professionella marina marknaden och dess offshorearbetare. M100 och M100X kan monteras p\u00e5 en flytv\u00e4st* och aktiveras automatiskt vid uppbl\u00e5sning av v\u00e4sten. N\u00e4r de \u00e4r aktiverade kommer M100 och M100X att skicka en varning till alla AIS-mottagare och AIS-aktiverade plottrar i n\u00e4rheten. M100 och M100X s\u00e4nder ocks\u00e5 en 121,5 MHz referenssignal ut\u00f6ver AIS.   <\/p>\n<p><strong>OBS:<\/strong> ECC\/DEC\/(22)02, \u00e4ven k\u00e4nd som AIS klass M-f\u00f6rordningen, har implementerats av ett antal europeiska l\u00e4nder. Betydelsen av implementeringen av denna f\u00f6rordning f\u00f6r befintliga M100\/M100X-\u00e4gare \u00e4r att M100\/M100X-fyrar inte l\u00e4ngre f\u00e5r anv\u00e4ndas i l\u00e4nder som har implementerat den nya f\u00f6rordningen. <u><a id=\"OWA2977fb01-e554-25c9-9cd1-9f900cdee827\" class=\"OWAAutoLink\" title=\"https:\/\/docdb.cept.org\/implementation\/28560\" href=\"https:\/\/nam11.safelinks.protection.outlook.com\/?url=https%3A%2F%2Fdocdb.cept.org%2Fimplementation%2F28560&amp;data=05%7C02%7CShawn.Pariaug%40acrartex.com%7Cfac5ae1571d7439f772608de6eeddfec%7Ce41f30dccabc4c87b052e2df2064afce%7C0%7C0%7C639070165436538226%7CUnknown%7CTWFpbGZsb3d8eyJFbXB0eU1hcGkiOnRydWUsIlYiOiIwLjAuMDAwMCIsIlAiOiJXaW4zMiIsIkFOIjoiTWFpbCIsIldUIjoyfQ%3D%3D%7C0%7C%7C%7C&amp;sdata=lN5EEnoNasBM5aShoSlvMT1BCE61no1Ff9nSDKwp0Ko%3D&amp;reserved=0\" data-auth=\"NotApplicable\">Klicka h\u00e4r<\/a><\/u> f\u00f6r att se en lista \u00f6ver europeiska l\u00e4nder som visar var ECC\/DEC\/(22)02 har implementerats. Det \u00e4r viktigt att notera att begr\u00e4nsningen av anv\u00e4ndningen av M100\/M100X i specifika europeiska l\u00e4nder inte \u00e4r ett resultat av n\u00e5gra produktfel, utan snarare ett direkt resultat av \u00e4ndringar i f\u00f6reskrifter som initierats av ett oberoende tillsynsorgan.  <\/p>\n<p>&nbsp;<\/p>\n<p><span style=\"color: #c22f2f;\"><em>* V\u00e4nd dig alltid till tillverkaren f\u00f6r specifika instruktioner innan du installerar denna produkt direkt p\u00e5 din flytv\u00e4st.<\/em><\/span><\/p>\n","protected":false},"featured_media":12494,"template":"","meta":{"_acf_changed":false,"om_disable_all_campaigns":false},"product_brand":[],"product_cat":[392],"product_tag":[983],"class_list":{"0":"post-7302","1":"product","2":"type-product","3":"status-publish","4":"has-post-thumbnail","6":"product_cat-professional-sv","7":"product_tag-m100-sv","9":"first","10":"outofstock","11":"taxable","12":"shipping-taxable","13":"product-type-simple"},"acf":[],"yoast_head":"<!-- This site is optimized with the Yoast SEO Premium plugin v25.2 (Yoast SEO v26.4) - https:\/\/yoast.com\/wordpress\/plugins\/seo\/ -->\n<title>M100\/M100X - Ocean Signal<\/title>\n<meta name=\"description\" content=\"Ocean Signal M100 och M100X AIS och 121.5 Man Overboard Beacon: P\u00e5litlig kommersiell MOB f\u00f6r snabb r\u00e4ddning. Viktiga sj\u00f6s\u00e4kerhetsanordningar.\" \/>\n<meta name=\"robots\" content=\"index, follow, max-snippet:-1, max-image-preview:large, max-video-preview:-1\" \/>\n<link rel=\"canonical\" href=\"https:\/\/oceansignal.com\/sv\/products\/m100-m100x\/\" \/>\n<meta property=\"og:locale\" content=\"sv_SE\" \/>\n<meta property=\"og:type\" content=\"article\" \/>\n<meta property=\"og:title\" content=\"M100\/M100X\" \/>\n<meta property=\"og:description\" content=\"Ocean Signal M100 och M100X AIS och 121.5 Man Overboard Beacon: P\u00e5litlig kommersiell MOB f\u00f6r snabb r\u00e4ddning. Viktiga sj\u00f6s\u00e4kerhetsanordningar.\" \/>\n<meta property=\"og:url\" content=\"https:\/\/oceansignal.com\/sv\/products\/m100-m100x\/\" \/>\n<meta property=\"og:site_name\" content=\"Ocean Signal\" \/>\n<meta property=\"article:modified_time\" content=\"2026-02-25T13:50:37+00:00\" \/>\n<meta property=\"og:image\" content=\"https:\/\/oceansignal.com\/wp-content\/uploads\/2023\/09\/M100-Front.png\" \/>\n\t<meta property=\"og:image:width\" content=\"800\" \/>\n\t<meta property=\"og:image:height\" content=\"800\" \/>\n\t<meta property=\"og:image:type\" content=\"image\/png\" \/>\n<meta name=\"twitter:card\" content=\"summary_large_image\" \/>\n<meta name=\"twitter:label1\" content=\"Ber\u00e4knad l\u00e4stid\" \/>\n\t<meta name=\"twitter:data1\" content=\"1 minut\" \/>\n<script type=\"application\/ld+json\" class=\"yoast-schema-graph\">{\"@context\":\"https:\/\/schema.org\",\"@graph\":[{\"@type\":\"WebPage\",\"@id\":\"https:\/\/oceansignal.com\/sv\/products\/m100-m100x\/\",\"url\":\"https:\/\/oceansignal.com\/sv\/products\/m100-m100x\/\",\"name\":\"M100\/M100X - Ocean Signal\",\"isPartOf\":{\"@id\":\"https:\/\/oceansignal.com\/sv\/#website\"},\"primaryImageOfPage\":{\"@id\":\"https:\/\/oceansignal.com\/sv\/products\/m100-m100x\/#primaryimage\"},\"image\":{\"@id\":\"https:\/\/oceansignal.com\/sv\/products\/m100-m100x\/#primaryimage\"},\"thumbnailUrl\":\"https:\/\/oceansignal.com\/wp-content\/uploads\/2023\/09\/M100-Front.png\",\"datePublished\":\"2023-09-08T13:06:06+00:00\",\"dateModified\":\"2026-02-25T13:50:37+00:00\",\"description\":\"Ocean Signal M100 och M100X AIS och 121.5 Man Overboard Beacon: P\u00e5litlig kommersiell MOB f\u00f6r snabb r\u00e4ddning. Viktiga sj\u00f6s\u00e4kerhetsanordningar.\",\"breadcrumb\":{\"@id\":\"https:\/\/oceansignal.com\/sv\/products\/m100-m100x\/#breadcrumb\"},\"inLanguage\":\"sv-SE\",\"potentialAction\":[{\"@type\":\"ReadAction\",\"target\":[\"https:\/\/oceansignal.com\/sv\/products\/m100-m100x\/\"]}]},{\"@type\":\"ImageObject\",\"inLanguage\":\"sv-SE\",\"@id\":\"https:\/\/oceansignal.com\/sv\/products\/m100-m100x\/#primaryimage\",\"url\":\"https:\/\/oceansignal.com\/wp-content\/uploads\/2023\/09\/M100-Front.png\",\"contentUrl\":\"https:\/\/oceansignal.com\/wp-content\/uploads\/2023\/09\/M100-Front.png\",\"width\":800,\"height\":800},{\"@type\":\"BreadcrumbList\",\"@id\":\"https:\/\/oceansignal.com\/sv\/products\/m100-m100x\/#breadcrumb\",\"itemListElement\":[{\"@type\":\"ListItem\",\"position\":1,\"name\":\"Produkter\",\"item\":\"https:\/\/oceansignal.com\/sv\/produkter\/\"},{\"@type\":\"ListItem\",\"position\":2,\"name\":\"M100\/M100X\"}]},{\"@type\":\"WebSite\",\"@id\":\"https:\/\/oceansignal.com\/sv\/#website\",\"url\":\"https:\/\/oceansignal.com\/sv\/\",\"name\":\"Ocean Signal\",\"description\":\"A leading manufacturer of EPIRBs, AIS, SARTs, Personal Locator Beacons, Man Overboard Beacon for the Marine and Outdoor Markets.\",\"potentialAction\":[{\"@type\":\"SearchAction\",\"target\":{\"@type\":\"EntryPoint\",\"urlTemplate\":\"https:\/\/oceansignal.com\/sv\/?s={search_term_string}\"},\"query-input\":{\"@type\":\"PropertyValueSpecification\",\"valueRequired\":true,\"valueName\":\"search_term_string\"}}],\"inLanguage\":\"sv-SE\"}]}<\/script>\n<!-- \/ Yoast SEO Premium plugin. -->","yoast_head_json":{"title":"M100\/M100X - Ocean Signal","description":"Ocean Signal M100 och M100X AIS och 121.5 Man Overboard Beacon: P\u00e5litlig kommersiell MOB f\u00f6r snabb r\u00e4ddning. Viktiga sj\u00f6s\u00e4kerhetsanordningar.","robots":{"index":"index","follow":"follow","max-snippet":"max-snippet:-1","max-image-preview":"max-image-preview:large","max-video-preview":"max-video-preview:-1"},"canonical":"https:\/\/oceansignal.com\/sv\/products\/m100-m100x\/","og_locale":"sv_SE","og_type":"article","og_title":"M100\/M100X","og_description":"Ocean Signal M100 och M100X AIS och 121.5 Man Overboard Beacon: P\u00e5litlig kommersiell MOB f\u00f6r snabb r\u00e4ddning. Viktiga sj\u00f6s\u00e4kerhetsanordningar.","og_url":"https:\/\/oceansignal.com\/sv\/products\/m100-m100x\/","og_site_name":"Ocean Signal","article_modified_time":"2026-02-25T13:50:37+00:00","og_image":[{"width":800,"height":800,"url":"https:\/\/oceansignal.com\/wp-content\/uploads\/2023\/09\/M100-Front.png","type":"image\/png"}],"twitter_card":"summary_large_image","twitter_misc":{"Ber\u00e4knad l\u00e4stid":"1 minut"},"schema":{"@context":"https:\/\/schema.org","@graph":[{"@type":"WebPage","@id":"https:\/\/oceansignal.com\/sv\/products\/m100-m100x\/","url":"https:\/\/oceansignal.com\/sv\/products\/m100-m100x\/","name":"M100\/M100X - Ocean Signal","isPartOf":{"@id":"https:\/\/oceansignal.com\/sv\/#website"},"primaryImageOfPage":{"@id":"https:\/\/oceansignal.com\/sv\/products\/m100-m100x\/#primaryimage"},"image":{"@id":"https:\/\/oceansignal.com\/sv\/products\/m100-m100x\/#primaryimage"},"thumbnailUrl":"https:\/\/oceansignal.com\/wp-content\/uploads\/2023\/09\/M100-Front.png","datePublished":"2023-09-08T13:06:06+00:00","dateModified":"2026-02-25T13:50:37+00:00","description":"Ocean Signal M100 och M100X AIS och 121.5 Man Overboard Beacon: P\u00e5litlig kommersiell MOB f\u00f6r snabb r\u00e4ddning. Viktiga sj\u00f6s\u00e4kerhetsanordningar.","breadcrumb":{"@id":"https:\/\/oceansignal.com\/sv\/products\/m100-m100x\/#breadcrumb"},"inLanguage":"sv-SE","potentialAction":[{"@type":"ReadAction","target":["https:\/\/oceansignal.com\/sv\/products\/m100-m100x\/"]}]},{"@type":"ImageObject","inLanguage":"sv-SE","@id":"https:\/\/oceansignal.com\/sv\/products\/m100-m100x\/#primaryimage","url":"https:\/\/oceansignal.com\/wp-content\/uploads\/2023\/09\/M100-Front.png","contentUrl":"https:\/\/oceansignal.com\/wp-content\/uploads\/2023\/09\/M100-Front.png","width":800,"height":800},{"@type":"BreadcrumbList","@id":"https:\/\/oceansignal.com\/sv\/products\/m100-m100x\/#breadcrumb","itemListElement":[{"@type":"ListItem","position":1,"name":"Produkter","item":"https:\/\/oceansignal.com\/sv\/produkter\/"},{"@type":"ListItem","position":2,"name":"M100\/M100X"}]},{"@type":"WebSite","@id":"https:\/\/oceansignal.com\/sv\/#website","url":"https:\/\/oceansignal.com\/sv\/","name":"Ocean Signal","description":"A leading manufacturer of EPIRBs, AIS, SARTs, Personal Locator Beacons, Man Overboard Beacon for the Marine and Outdoor Markets.","potentialAction":[{"@type":"SearchAction","target":{"@type":"EntryPoint","urlTemplate":"https:\/\/oceansignal.com\/sv\/?s={search_term_string}"},"query-input":{"@type":"PropertyValueSpecification","valueRequired":true,"valueName":"search_term_string"}}],"inLanguage":"sv-SE"}]}},"_links":{"self":[{"href":"https:\/\/oceansignal.com\/sv\/wp-json\/wp\/v2\/product\/7302","targetHints":{"allow":["GET"]}}],"collection":[{"href":"https:\/\/oceansignal.com\/sv\/wp-json\/wp\/v2\/product"}],"about":[{"href":"https:\/\/oceansignal.com\/sv\/wp-json\/wp\/v2\/types\/product"}],"wp:featuredmedia":[{"embeddable":true,"href":"https:\/\/oceansignal.com\/sv\/wp-json\/wp\/v2\/media\/12494"}],"wp:attachment":[{"href":"https:\/\/oceansignal.com\/sv\/wp-json\/wp\/v2\/media?parent=7302"}],"wp:term":[{"taxonomy":"product_brand","embeddable":true,"href":"https:\/\/oceansignal.com\/sv\/wp-json\/wp\/v2\/product_brand?post=7302"},{"taxonomy":"product_cat","embeddable":true,"href":"https:\/\/oceansignal.com\/sv\/wp-json\/wp\/v2\/product_cat?post=7302"},{"taxonomy":"product_tag","embeddable":true,"href":"https:\/\/oceansignal.com\/sv\/wp-json\/wp\/v2\/product_tag?post=7302"}],"curies":[{"name":"wp","href":"https:\/\/api.w.org\/{rel}","templated":true}]}}