{"id":7500,"date":"2023-09-08T13:57:50","date_gmt":"2023-09-08T13:57:50","guid":{"rendered":"https:\/\/oceansignal.com\/products\/e100-e100g\/"},"modified":"2026-01-21T20:26:41","modified_gmt":"2026-01-21T20:26:41","slug":"e100-e100g","status":"publish","type":"product","link":"https:\/\/oceansignal.com\/sv\/products\/e100-e100g\/","title":{"rendered":"safeSEA E100\/E100G"},"content":{"rendered":"<p>safeSEA EPIRB-s\u00e4ndare arbetar i 406 MHz-satellitbandet som \u00f6vervakas av Cospas-Sarsat, den internationella satellitoperat\u00f6ren, vilket s\u00e4kerst\u00e4ller att en signal kan lokaliseras var den \u00e4n aktiveras runt om i v\u00e4rlden. safeSEA EPIRB-s\u00e4ndare \u00e4r ocks\u00e5 utrustade med en 121,5 MHz-s\u00f6kande fyr och ett starkt LED-stroboskop f\u00f6r snabb lokalisering p\u00e5 plats. <\/p>\n<p>&nbsp;<\/p>\n<p>safeSEA E100G EPIRB har en dedikerad inbyggd GPS som skickar en mycket exakt position, vilket avsev\u00e4rt minskar s\u00f6ktiden.<\/p>\n<p>&nbsp;<\/p>\n<p>Eftersom safeSEA EPIRB-batteriet \u00e4r det l\u00e4ngsta i branschen h\u00e5ller en Ocean Signal EPIRB r\u00e4ddningstj\u00e4nsten uppdaterad om din position l\u00e4ngre.<\/p>\n<p>&nbsp;<\/p>\n<p><strong>Funktioner:<\/strong><\/p>\n<p>&nbsp;<\/p>\n<ul>\n<li>Val av GPS- och icke-GPS-modeller\n<ul>\n<li>E100G EPIRB har en toppmodern 50-kanalig GPS-mottagare f\u00f6r snabb och exakt positionsm\u00e4tning<\/li>\n<\/ul>\n<\/li>\n<li>Manuellt f\u00e4ste, manuellt utl\u00f6sningshus och flytfritt husalternativ<\/li>\n<li>Extrem batteritid \u00e4ven vid l\u00e5ga temperaturer\n<ul>\n<li>\u00d6ver 96 timmars drift<\/li>\n<\/ul>\n<\/li>\n<li>Anv\u00e4ndarutbytbara batterier med fem \u00e5rs utbytesintervall<\/li>\n<li>Intuitiva kontroller skyddade mot oavsiktlig aktivering<\/li>\n<li>Uppfyller eller \u00f6vertr\u00e4ffar alla internationella standarder<\/li>\n<li>Klass 2 EPIRB (-20\u00b0C \u2013 +55\u00b0C) f\u00f6r allm\u00e4nt bruk<\/li>\n<li>Icke-farligt batteri<\/li>\n<\/ul>\n<p>&nbsp;<\/p>\n<p><strong>Viktigt:<\/strong> L\u00e4s denna <a href=\"http:\/\/oceansignal.com\/wp-content\/uploads\/2023\/09\/Service-Information-Letter-Ocean-Signal-E100-Self-Test-and-exchange.pdf\">servicebulletin<\/a> som r\u00e5der dig att utf\u00f6ra ett sj\u00e4lvtest p\u00e5 din safeSEA EPIRB.<\/p>\n<p>&nbsp;<\/p>\n<p><strong>Viktigt:<\/strong> Veuillez lire svp ce <a href=\"http:\/\/oceansignal.com\/wp-content\/uploads\/2023\/09\/Bulletin-Technique-DInformation-Auto-Test-EPIRB-Ocean-Signal-E100-June.pdf\">bulletin d&#8217;information<\/a> qui recommande de faire un auto-test of the balise Ocean Signal E100\/E100G de la gamme safeSEA.<\/p>\n","protected":false},"excerpt":{"rendered":"<p>safeSEA E100 och E100G EPIRB-systemen har utformats och konstruerats f\u00f6r att m\u00f6ta behoven hos alla kommersiella fartyg, fiskefartyg och fritidsfartyg till havs.<\/p>\n<p> <strong>safeSEA E100 och E100G EPIRBS har utg\u00e5tt ur sortimentet.<\/strong><\/p>\n","protected":false},"featured_media":20813,"template":"","meta":{"_acf_changed":false,"om_disable_all_campaigns":false},"product_brand":[],"product_cat":[368],"product_tag":[],"class_list":{"0":"post-7500","1":"product","2":"type-product","3":"status-publish","4":"has-post-thumbnail","6":"product_cat-avvecklade","8":"first","9":"outofstock","10":"taxable","11":"shipping-taxable","12":"product-type-simple"},"acf":[],"yoast_head":"<!-- This site is optimized with the Yoast SEO Premium plugin v25.2 (Yoast SEO v26.4) - https:\/\/yoast.com\/wordpress\/plugins\/seo\/ -->\n<title>safeSEA E100\/E100G - Ocean Signal<\/title>\n<meta name=\"description\" content=\"Ocean Signal E100 EPIRB: Viktig f\u00f6r sj\u00f6s\u00e4kerhet. Omedelbar n\u00f6dsignalering f\u00f6r snabb respons. F\u00f6rb\u00e4ttra s\u00e4kerheten ombord.\" \/>\n<meta name=\"robots\" content=\"index, follow, max-snippet:-1, max-image-preview:large, max-video-preview:-1\" \/>\n<link rel=\"canonical\" href=\"https:\/\/oceansignal.com\/sv\/products\/e100-e100g\/\" \/>\n<meta property=\"og:locale\" content=\"sv_SE\" \/>\n<meta property=\"og:type\" content=\"article\" \/>\n<meta property=\"og:title\" content=\"safeSEA E100\/E100G\" \/>\n<meta property=\"og:description\" content=\"Ocean Signal E100 EPIRB: Viktig f\u00f6r sj\u00f6s\u00e4kerhet. Omedelbar n\u00f6dsignalering f\u00f6r snabb respons. F\u00f6rb\u00e4ttra s\u00e4kerheten ombord.\" \/>\n<meta property=\"og:url\" content=\"https:\/\/oceansignal.com\/sv\/products\/e100-e100g\/\" \/>\n<meta property=\"og:site_name\" content=\"Ocean Signal\" \/>\n<meta property=\"article:modified_time\" content=\"2026-01-21T20:26:41+00:00\" \/>\n<meta property=\"og:image\" content=\"https:\/\/oceansignal.com\/wp-content\/uploads\/2023\/09\/OSL-E100-360_600x600.gif\" \/>\n\t<meta property=\"og:image:width\" content=\"600\" \/>\n\t<meta property=\"og:image:height\" content=\"600\" \/>\n\t<meta property=\"og:image:type\" content=\"image\/gif\" \/>\n<meta name=\"twitter:card\" content=\"summary_large_image\" \/>\n<meta name=\"twitter:label1\" content=\"Ber\u00e4knad l\u00e4stid\" \/>\n\t<meta name=\"twitter:data1\" content=\"1 minut\" \/>\n<script type=\"application\/ld+json\" class=\"yoast-schema-graph\">{\"@context\":\"https:\/\/schema.org\",\"@graph\":[{\"@type\":\"WebPage\",\"@id\":\"https:\/\/oceansignal.com\/sv\/products\/e100-e100g\/\",\"url\":\"https:\/\/oceansignal.com\/sv\/products\/e100-e100g\/\",\"name\":\"safeSEA E100\/E100G - Ocean Signal\",\"isPartOf\":{\"@id\":\"https:\/\/oceansignal.com\/sv\/#website\"},\"primaryImageOfPage\":{\"@id\":\"https:\/\/oceansignal.com\/sv\/products\/e100-e100g\/#primaryimage\"},\"image\":{\"@id\":\"https:\/\/oceansignal.com\/sv\/products\/e100-e100g\/#primaryimage\"},\"thumbnailUrl\":\"https:\/\/oceansignal.com\/wp-content\/uploads\/2023\/09\/OSL-E100-360_600x600.gif\",\"datePublished\":\"2023-09-08T13:57:50+00:00\",\"dateModified\":\"2026-01-21T20:26:41+00:00\",\"description\":\"Ocean Signal E100 EPIRB: Viktig f\u00f6r sj\u00f6s\u00e4kerhet. Omedelbar n\u00f6dsignalering f\u00f6r snabb respons. F\u00f6rb\u00e4ttra s\u00e4kerheten ombord.\",\"breadcrumb\":{\"@id\":\"https:\/\/oceansignal.com\/sv\/products\/e100-e100g\/#breadcrumb\"},\"inLanguage\":\"sv-SE\",\"potentialAction\":[{\"@type\":\"ReadAction\",\"target\":[\"https:\/\/oceansignal.com\/sv\/products\/e100-e100g\/\"]}]},{\"@type\":\"ImageObject\",\"inLanguage\":\"sv-SE\",\"@id\":\"https:\/\/oceansignal.com\/sv\/products\/e100-e100g\/#primaryimage\",\"url\":\"https:\/\/oceansignal.com\/wp-content\/uploads\/2023\/09\/OSL-E100-360_600x600.gif\",\"contentUrl\":\"https:\/\/oceansignal.com\/wp-content\/uploads\/2023\/09\/OSL-E100-360_600x600.gif\",\"width\":600,\"height\":600},{\"@type\":\"BreadcrumbList\",\"@id\":\"https:\/\/oceansignal.com\/sv\/products\/e100-e100g\/#breadcrumb\",\"itemListElement\":[{\"@type\":\"ListItem\",\"position\":1,\"name\":\"Produkter\",\"item\":\"https:\/\/oceansignal.com\/sv\/produkter\/\"},{\"@type\":\"ListItem\",\"position\":2,\"name\":\"safeSEA E100\/E100G\"}]},{\"@type\":\"WebSite\",\"@id\":\"https:\/\/oceansignal.com\/sv\/#website\",\"url\":\"https:\/\/oceansignal.com\/sv\/\",\"name\":\"Ocean Signal\",\"description\":\"A leading manufacturer of EPIRBs, AIS, SARTs, Personal Locator Beacons, Man Overboard Beacon for the Marine and Outdoor Markets.\",\"potentialAction\":[{\"@type\":\"SearchAction\",\"target\":{\"@type\":\"EntryPoint\",\"urlTemplate\":\"https:\/\/oceansignal.com\/sv\/?s={search_term_string}\"},\"query-input\":{\"@type\":\"PropertyValueSpecification\",\"valueRequired\":true,\"valueName\":\"search_term_string\"}}],\"inLanguage\":\"sv-SE\"}]}<\/script>\n<!-- \/ Yoast SEO Premium plugin. -->","yoast_head_json":{"title":"safeSEA E100\/E100G - Ocean Signal","description":"Ocean Signal E100 EPIRB: Viktig f\u00f6r sj\u00f6s\u00e4kerhet. Omedelbar n\u00f6dsignalering f\u00f6r snabb respons. F\u00f6rb\u00e4ttra s\u00e4kerheten ombord.","robots":{"index":"index","follow":"follow","max-snippet":"max-snippet:-1","max-image-preview":"max-image-preview:large","max-video-preview":"max-video-preview:-1"},"canonical":"https:\/\/oceansignal.com\/sv\/products\/e100-e100g\/","og_locale":"sv_SE","og_type":"article","og_title":"safeSEA E100\/E100G","og_description":"Ocean Signal E100 EPIRB: Viktig f\u00f6r sj\u00f6s\u00e4kerhet. Omedelbar n\u00f6dsignalering f\u00f6r snabb respons. F\u00f6rb\u00e4ttra s\u00e4kerheten ombord.","og_url":"https:\/\/oceansignal.com\/sv\/products\/e100-e100g\/","og_site_name":"Ocean Signal","article_modified_time":"2026-01-21T20:26:41+00:00","og_image":[{"url":"https:\/\/oceansignal.com\/wp-content\/uploads\/2023\/09\/OSL-E100-360_600x600.gif","width":600,"height":600,"type":"image\/gif"}],"twitter_card":"summary_large_image","twitter_misc":{"Ber\u00e4knad l\u00e4stid":"1 minut"},"schema":{"@context":"https:\/\/schema.org","@graph":[{"@type":"WebPage","@id":"https:\/\/oceansignal.com\/sv\/products\/e100-e100g\/","url":"https:\/\/oceansignal.com\/sv\/products\/e100-e100g\/","name":"safeSEA E100\/E100G - Ocean Signal","isPartOf":{"@id":"https:\/\/oceansignal.com\/sv\/#website"},"primaryImageOfPage":{"@id":"https:\/\/oceansignal.com\/sv\/products\/e100-e100g\/#primaryimage"},"image":{"@id":"https:\/\/oceansignal.com\/sv\/products\/e100-e100g\/#primaryimage"},"thumbnailUrl":"https:\/\/oceansignal.com\/wp-content\/uploads\/2023\/09\/OSL-E100-360_600x600.gif","datePublished":"2023-09-08T13:57:50+00:00","dateModified":"2026-01-21T20:26:41+00:00","description":"Ocean Signal E100 EPIRB: Viktig f\u00f6r sj\u00f6s\u00e4kerhet. Omedelbar n\u00f6dsignalering f\u00f6r snabb respons. F\u00f6rb\u00e4ttra s\u00e4kerheten ombord.","breadcrumb":{"@id":"https:\/\/oceansignal.com\/sv\/products\/e100-e100g\/#breadcrumb"},"inLanguage":"sv-SE","potentialAction":[{"@type":"ReadAction","target":["https:\/\/oceansignal.com\/sv\/products\/e100-e100g\/"]}]},{"@type":"ImageObject","inLanguage":"sv-SE","@id":"https:\/\/oceansignal.com\/sv\/products\/e100-e100g\/#primaryimage","url":"https:\/\/oceansignal.com\/wp-content\/uploads\/2023\/09\/OSL-E100-360_600x600.gif","contentUrl":"https:\/\/oceansignal.com\/wp-content\/uploads\/2023\/09\/OSL-E100-360_600x600.gif","width":600,"height":600},{"@type":"BreadcrumbList","@id":"https:\/\/oceansignal.com\/sv\/products\/e100-e100g\/#breadcrumb","itemListElement":[{"@type":"ListItem","position":1,"name":"Produkter","item":"https:\/\/oceansignal.com\/sv\/produkter\/"},{"@type":"ListItem","position":2,"name":"safeSEA E100\/E100G"}]},{"@type":"WebSite","@id":"https:\/\/oceansignal.com\/sv\/#website","url":"https:\/\/oceansignal.com\/sv\/","name":"Ocean Signal","description":"A leading manufacturer of EPIRBs, AIS, SARTs, Personal Locator Beacons, Man Overboard Beacon for the Marine and Outdoor Markets.","potentialAction":[{"@type":"SearchAction","target":{"@type":"EntryPoint","urlTemplate":"https:\/\/oceansignal.com\/sv\/?s={search_term_string}"},"query-input":{"@type":"PropertyValueSpecification","valueRequired":true,"valueName":"search_term_string"}}],"inLanguage":"sv-SE"}]}},"_links":{"self":[{"href":"https:\/\/oceansignal.com\/sv\/wp-json\/wp\/v2\/product\/7500","targetHints":{"allow":["GET"]}}],"collection":[{"href":"https:\/\/oceansignal.com\/sv\/wp-json\/wp\/v2\/product"}],"about":[{"href":"https:\/\/oceansignal.com\/sv\/wp-json\/wp\/v2\/types\/product"}],"wp:featuredmedia":[{"embeddable":true,"href":"https:\/\/oceansignal.com\/sv\/wp-json\/wp\/v2\/media\/20813"}],"wp:attachment":[{"href":"https:\/\/oceansignal.com\/sv\/wp-json\/wp\/v2\/media?parent=7500"}],"wp:term":[{"taxonomy":"product_brand","embeddable":true,"href":"https:\/\/oceansignal.com\/sv\/wp-json\/wp\/v2\/product_brand?post=7500"},{"taxonomy":"product_cat","embeddable":true,"href":"https:\/\/oceansignal.com\/sv\/wp-json\/wp\/v2\/product_cat?post=7500"},{"taxonomy":"product_tag","embeddable":true,"href":"https:\/\/oceansignal.com\/sv\/wp-json\/wp\/v2\/product_tag?post=7500"}],"curies":[{"name":"wp","href":"https:\/\/api.w.org\/{rel}","templated":true}]}}