{"id":7769,"date":"2023-09-07T14:09:53","date_gmt":"2023-09-07T14:09:53","guid":{"rendered":"https:\/\/oceansignal.com\/products\/rescueme-plb3\/"},"modified":"2026-03-26T11:50:46","modified_gmt":"2026-03-26T11:50:46","slug":"rescueme-plb3","status":"publish","type":"product","link":"https:\/\/oceansignal.com\/sv\/products\/rescueme-plb3\/","title":{"rendered":"rescueME PLB3"},"content":{"rendered":"<p class=\"ai-optimize-42 ai-optimize-introduction\">Vi presenterar den <a href=\"https:\/\/oceansignal.com\/sv\/news\/ocean-signal-vinner-det-overgripande-dame-design-award-2022-for-rescueme-plb3-ais-personal-locator-beacon\/\">prisbel\u00f6nta<\/a> Ocean Signal rescueME PLB3 AIS Personal Locator Beacon, nu gratis mobilapp. PLB3 s\u00e4nder p\u00e5 det v\u00e4rldsomsp\u00e4nnande satellitsystemet <a href=\"https:\/\/www.cospas-sarsat.int\/en\/\">Cospas Sarsat<\/a> som inkluderar 3 olika konstellationer f\u00f6r att s\u00e4kerst\u00e4lla att din 406 MHz n\u00f6dsignal omedelbart n\u00e5r det globala n\u00e4tverket av s\u00f6k- och r\u00e4ddningsstyrkor med din position exakt inom 100 meter. Med flera niv\u00e5er av integrerad signalteknik inklusive 406 MHz och GNSS (GPS, <a href=\"https:\/\/www.euspa.europa.eu\/european-space\/galileo\/services\/search-and-rescue-sar-galileo-service\">Galileo<\/a> , Glonass) positionering, s\u00e4nder PLB3 ocks\u00e5 en 121,5 MHz m\u00e5ls\u00f6kningssignal som guidar s\u00f6k- och r\u00e4ddningstj\u00e4nster till fyrens aktuella plats n\u00e4r de anl\u00e4nder till platsen, eftersom fyren kan ha drivit fr\u00e5n den ursprungliga positionen. Till\u00e4gget av AIS-s\u00e4ndningar (Automatic Identification System) inneb\u00e4r att PLB3 AIS Personal Locator Beacon samtidigt larmar alla fartyg utrustade med AIS-transpondrar inom VHF-radior\u00e4ckvidden f\u00f6r PLB :s n\u00f6dposition. Detta \u00f6kar avsev\u00e4rt b\u00e5de sannolikheten och hastigheten f\u00f6r r\u00e4ddning eftersom n\u00e4rliggande fartyg tar emot varningarna. Omedelbart efter utplacering av fyren visas ett AIS-s\u00e4kerhetsmeddelande eller MOB -larm med fyrens MMSI och plats p\u00e5 valfri AIS-sk\u00e4rm inom r\u00e4ckh\u00e5ll. Detta g\u00f6r det enkelt f\u00f6r n\u00e4rliggande fartyg att komma in p\u00e5 fyren eftersom det \u00e4r ett aktivt AIS-m\u00e5l p\u00e5 deras sk\u00e4rmar.      <\/p>\n<p class=\"ai-optimize-44\">PLB3 kommer att lysa upp v\u00e4gen n\u00e4r r\u00e4ddaren anl\u00e4nder till platsen med b\u00e5de en vit synlig blixt och infrar\u00f6d blixt, vilket ger r\u00e4ddare den visuella referens de beh\u00f6ver under natten eller andra r\u00e4ddningsoperationer med l\u00e5g sikt.<\/p>\n<p class=\"ai-optimize-45\"><strong>Smartphone-anslutning med NFC (Near Field Communication)<\/strong><\/p>\n<p class=\"ai-optimize-46\">Integrationen av <a href=\"https:\/\/www.youtube.com\/watch?v=MRXLii6r3n4\">NFC-teknik<\/a> ger anv\u00e4ndarna m\u00f6jlighet att bekv\u00e4mt komma \u00e5t beacon-data fr\u00e5n sin mobiltelefon. Den enkla handlingen att placera en telefon n\u00e4ra beacon \u00f6ppnar automatiskt Ocean Signal Product App och ger tillg\u00e5ng till en m\u00e4ngd anv\u00e4ndningsdata inklusive aktuell batteritid, antal sj\u00e4lvtest som slutf\u00f6rts, antal GNSS-tester som slutf\u00f6rts och, om till\u00e4mpligt, hur l\u00e5ng tid beaconen har aktiverats. Detaljerad information om varje sj\u00e4lvtest och GNSS-test som utf\u00f6rs av beacon finns ocks\u00e5 tillg\u00e4nglig om s\u00e5 \u00f6nskas. F\u00f6r varje framg\u00e5ngsrikt GNSS-test kan anv\u00e4ndare se en karta som visar exakt var testet utf\u00f6rdes, datum och tid f\u00f6r testet, den tid det tog fyren att f\u00e5 en fix p\u00e5 dina GNSS-koordinater, antalet satelliter som fyren anv\u00e4nde f\u00f6r att erh\u00e5lla den fixen och platsens exakthet.   <\/p>\n<p class=\"ai-optimize-47\"><strong> <\/strong><\/p>\n<p class=\"ai-optimize-48\"><strong>Tj\u00e4nst f\u00f6r returl\u00e4nk<\/strong><\/p>\n<p class=\"ai-optimize-49\">Return Link Service eller RLS-funktioner fungerar n\u00e4r Search and Rescue skickar en signal tillbaka genom <a href=\"https:\/\/www.euspa.europa.eu\/european-space\/galileo\/services\/search-and-rescue-sar-galileo-service\">Galileos satellitn\u00e4tverk<\/a> f\u00f6r att bekr\u00e4fta f\u00f6r beacon-anv\u00e4ndaren att deras n\u00f6dmeddelande har tagits emot och deras plats har uppt\u00e4ckts. Anv\u00e4ndarbekr\u00e4ftelse indikeras tydligt av ett blinkande bl\u00e5tt ljus p\u00e5 PLB3 . F\u00f6rutom att inkludera en omfattande funktionsupps\u00e4ttning, \u00e4r PLB3 AIS Personal Locator Beacon byggd f\u00f6r komfort. Njut av sinnesfriden i att veta att ditt n\u00f6dmeddelande har levererats framg\u00e5ngsrikt och att hj\u00e4lp \u00e4r p\u00e5 v\u00e4g.   <\/p>\n<p>&nbsp;<\/p>\n<p class=\"ai-optimize-50\"><strong>Integration av flytv\u00e4st<\/strong><\/p>\n<p class=\"ai-optimize-51\">PLB3 \u00e4r designad f\u00f6r att installeras i en flytv\u00e4st och aktiveras vid uppbl\u00e5sning av v\u00e4sten (halvautomatisk). <a href=\"https:\/\/www.youtube.com\/watch?v=eeTKOFMkfxM\">Installationen g\u00f6rs enkel<\/a> med hj\u00e4lp av det medf\u00f6ljande orala uppbl\u00e5sningsr\u00f6ret kl\u00e4mma f\u00f6r att f\u00e4sta PLB3 p\u00e5 flytv\u00e4sten med ett band kopplat runt bl\u00e5san p\u00e5 flytv\u00e4sten. N\u00e4r flytv\u00e4sten v\u00e4l har installerats korrekt utl\u00f6ses antennen och aktiveras av fyren. <\/p>\n<p class=\"ai-optimize-36\"><strong>Det rekommenderas att r\u00e5dfr\u00e5ga flytv\u00e4sttillverkaren f\u00f6re installation, eftersom specifika modeller kan ha sina egna f\u00f6redragna monteringsmetoder eller integrationsrekommendationer.<\/strong><\/p>\n<p class=\"ai-optimize-52\">Anv\u00e4ndare som inte vill installera PLB3 i en flytv\u00e4st har m\u00f6jlighet att anv\u00e4nda den medf\u00f6ljande bandkl\u00e4mman f\u00f6r att f\u00e4sta fyren p\u00e5 ett b\u00e4lte av l\u00e4mplig storlek eller bandet p\u00e5 en flytv\u00e4st.<\/p>\n<p>&nbsp;<\/p>\n<p class=\"ai-optimize-53\"><strong>Funktioner:<\/strong><\/p>\n<ul>\n<li class=\"ai-optimize-54\">Ingen prenumeration kr\u00e4vs<\/li>\n<li class=\"ai-optimize-55\">406 MHz <a href=\"https:\/\/www.cospas-sarsat.int\/en\/\">Cospas Sarsat<\/a> n\u00f6dsignal (MEOSAR-kompatibel)<\/li>\n<li class=\"ai-optimize-56\">121,5 MHz lokal m\u00e5ls\u00f6kande signal<\/li>\n<li class=\"ai-optimize-57\">AIS (Automatic Identification System) lokaliseringssignal<\/li>\n<li class=\"ai-optimize-58\">Smartphone-anslutning via NFC (Near Field Communication)<\/li>\n<li class=\"ai-optimize-59\">Gratis Ocean Signal Beacon Mobile App (IOS och Android)<\/li>\n<li class=\"ai-optimize-60\">Funktionalitet f\u00f6r returl\u00e4nkstj\u00e4nst (RLS)<\/li>\n<li class=\"ai-optimize-61\">GNSS via GPS och <a href=\"https:\/\/www.euspa.europa.eu\/european-space\/galileo\/services\/search-and-rescue-sar-galileo-service\">Galileo-satelliter<\/a><\/li>\n<li class=\"ai-optimize-62\">Stroboskop och infrar\u00f6tt stroboskopljus<\/li>\n<li class=\"ai-optimize-63\">Global t\u00e4ckning<\/li>\n<li class=\"ai-optimize-64\">Enkel flytv\u00e4stsanslutning<\/li>\n<li class=\"ai-optimize-65\">Designad f\u00f6r att integreras med vanliga uppbl\u00e5sbara flytv\u00e4star<\/li>\n<li class=\"ai-optimize-66\">Multifunktionsklippsystem ing\u00e5r<\/li>\n<li class=\"ai-optimize-67\">Liten och l\u00e4tt<\/li>\n<li class=\"ai-optimize-68\">Batterilivsl\u00e4ngd: 6 \u00e5r fr\u00e5n tillverkningsdatum eller 5 \u00e5r efter att fyren tagits i bruk.<\/li>\n<li class=\"ai-optimize-69\">\u00d6ver 24 timmars operativ livsl\u00e4ngd<\/li>\n<\/ul>\n<p>&nbsp;<\/p>\n","protected":false},"excerpt":{"rendered":"<p class=\"ai-optimize-37\">V\u00e4rldens <strong>F\u00d6RSTA<\/strong> PLB med AIS och v\u00e4rldens <strong>F\u00d6RSTA<\/strong> PLB som inkluderar NFC och mobilapp<\/p>\n<ul>\n<li class=\"ai-optimize-38\" data-start=\"71\" data-end=\"199\">\n<p class=\"ai-optimize-39\" data-start=\"73\" data-end=\"199\"><strong data-start=\"73\" data-end=\"97\">Trippelvarningssystem:<\/strong> Skickar global n\u00f6dsignal p\u00e5 406 MHz, AIS f\u00f6r n\u00e4rliggande fartyg och 121,5 MHz m\u00e5ls\u00f6kande f\u00f6r globala r\u00e4ddningsteam<\/p>\n<\/li>\n<li class=\"ai-optimize-40\" data-start=\"71\" data-end=\"199\"><strong data-start=\"406\" data-end=\"427\">Flytv\u00e4stklar design:<\/strong> Inkluderar ett multifunktionskl\u00e4mma och \u00e4r utformad f\u00f6r att integreras s\u00f6ml\u00f6st med de flesta uppbl\u00e5sbara flytv\u00e4star<\/li>\n<li class=\"ai-optimize-41\" data-start=\"200\" data-end=\"302\">\n<p class=\"ai-optimize-42\" data-start=\"202\" data-end=\"302\"><strong data-start=\"202\" data-end=\"224\">Smart och uppkopplad:<\/strong> NFC-aktiverad f\u00f6r installation och statuskontroller via gratis mobilapp (iOS och Android)<\/p>\n<\/li>\n<li class=\"ai-optimize-43\" data-start=\"303\" data-end=\"403\">\n<p class=\"ai-optimize-44\" data-start=\"305\" data-end=\"403\"><strong data-start=\"305\" data-end=\"326\">Inga prenumerationer:<\/strong> Eng\u00e5ngsk\u00f6p med 6 \u00e5rs batteritid och 24+ timmars aktiveringstid<\/p>\n<\/li>\n<li class=\"ai-optimize-45\" data-start=\"303\" data-end=\"403\"><strong>Erbjudande: GRATIS <a href=\"https:\/\/oceansignal.com\/sv\/products\/plb1-flytpase-copy\/\">PLB3 flytv\u00e4ska<\/a><\/strong> med varje PLB3. Anv\u00e4nd koden: PLB3Pouch i kassan <\/li>\n<\/ul>\n","protected":false},"featured_media":11878,"template":"","meta":{"_acf_changed":false,"om_disable_all_campaigns":false},"product_brand":[],"product_cat":[930,1984,468],"product_tag":[969,932,869,931,968,871],"class_list":{"0":"post-7769","1":"product","2":"type-product","3":"status-publish","4":"has-post-thumbnail","6":"product_cat-beacons-for-personlig-lokalisering","7":"product_cat-kompatibel-med-flytvast","8":"product_cat-rescueme-sv","9":"product_tag-406mhz-sv","10":"product_tag-beacon-for-personlig-lokalisering","11":"product_tag-nfc-sv","12":"product_tag-plb-sv","13":"product_tag-plb3-sv","14":"product_tag-rls-sv","16":"first","17":"instock","18":"taxable","19":"shipping-taxable","20":"purchasable","21":"product-type-simple"},"acf":[],"yoast_head":"<!-- This site is optimized with the Yoast SEO Premium plugin v25.2 (Yoast SEO v26.4) - https:\/\/yoast.com\/wordpress\/plugins\/seo\/ -->\n<title>rescueME PLB3 - Ocean Signal<\/title>\n<meta name=\"description\" content=\"Ocean Signal rescueME PLB3 AIS Personal Locator Beacon \u00e4r den f\u00f6rsta och enda PLB med 406 MHz, returl\u00e4nktj\u00e4nst och mobilapp. K\u00f6p nu.\" \/>\n<meta name=\"robots\" content=\"index, follow, max-snippet:-1, max-image-preview:large, max-video-preview:-1\" \/>\n<link rel=\"canonical\" href=\"https:\/\/oceansignal.com\/sv\/products\/rescueme-plb3\/\" \/>\n<meta property=\"og:locale\" content=\"sv_SE\" \/>\n<meta property=\"og:type\" content=\"article\" \/>\n<meta property=\"og:title\" content=\"rescueME PLB3\" \/>\n<meta property=\"og:description\" content=\"Ocean Signal rescueME PLB3 AIS Personal Locator Beacon \u00e4r den f\u00f6rsta och enda PLB med 406 MHz, returl\u00e4nktj\u00e4nst och mobilapp. K\u00f6p nu.\" \/>\n<meta property=\"og:url\" content=\"https:\/\/oceansignal.com\/sv\/products\/rescueme-plb3\/\" \/>\n<meta property=\"og:site_name\" content=\"Ocean Signal\" \/>\n<meta property=\"article:modified_time\" content=\"2026-03-26T11:50:46+00:00\" \/>\n<meta property=\"og:image\" content=\"https:\/\/oceansignal.com\/wp-content\/uploads\/2023\/09\/OSL-PLB3-Front.png\" \/>\n\t<meta property=\"og:image:width\" content=\"2000\" \/>\n\t<meta property=\"og:image:height\" content=\"2000\" \/>\n\t<meta property=\"og:image:type\" content=\"image\/png\" \/>\n<meta name=\"twitter:card\" content=\"summary_large_image\" \/>\n<meta name=\"twitter:label1\" content=\"Ber\u00e4knad l\u00e4stid\" \/>\n\t<meta name=\"twitter:data1\" content=\"4 minuter\" \/>\n<script type=\"application\/ld+json\" class=\"yoast-schema-graph\">{\"@context\":\"https:\/\/schema.org\",\"@graph\":[{\"@type\":\"WebPage\",\"@id\":\"https:\/\/oceansignal.com\/sv\/products\/rescueme-plb3\/\",\"url\":\"https:\/\/oceansignal.com\/sv\/products\/rescueme-plb3\/\",\"name\":\"rescueME PLB3 - Ocean Signal\",\"isPartOf\":{\"@id\":\"https:\/\/oceansignal.com\/sv\/#website\"},\"primaryImageOfPage\":{\"@id\":\"https:\/\/oceansignal.com\/sv\/products\/rescueme-plb3\/#primaryimage\"},\"image\":{\"@id\":\"https:\/\/oceansignal.com\/sv\/products\/rescueme-plb3\/#primaryimage\"},\"thumbnailUrl\":\"https:\/\/oceansignal.com\/wp-content\/uploads\/2023\/09\/OSL-PLB3-Front.png\",\"datePublished\":\"2023-09-07T14:09:53+00:00\",\"dateModified\":\"2026-03-26T11:50:46+00:00\",\"description\":\"Ocean Signal rescueME PLB3 AIS Personal Locator Beacon \u00e4r den f\u00f6rsta och enda PLB med 406 MHz, returl\u00e4nktj\u00e4nst och mobilapp. K\u00f6p nu.\",\"breadcrumb\":{\"@id\":\"https:\/\/oceansignal.com\/sv\/products\/rescueme-plb3\/#breadcrumb\"},\"inLanguage\":\"sv-SE\",\"potentialAction\":[{\"@type\":\"ReadAction\",\"target\":[\"https:\/\/oceansignal.com\/sv\/products\/rescueme-plb3\/\"]}]},{\"@type\":\"ImageObject\",\"inLanguage\":\"sv-SE\",\"@id\":\"https:\/\/oceansignal.com\/sv\/products\/rescueme-plb3\/#primaryimage\",\"url\":\"https:\/\/oceansignal.com\/wp-content\/uploads\/2023\/09\/OSL-PLB3-Front.png\",\"contentUrl\":\"https:\/\/oceansignal.com\/wp-content\/uploads\/2023\/09\/OSL-PLB3-Front.png\",\"width\":2000,\"height\":2000},{\"@type\":\"BreadcrumbList\",\"@id\":\"https:\/\/oceansignal.com\/sv\/products\/rescueme-plb3\/#breadcrumb\",\"itemListElement\":[{\"@type\":\"ListItem\",\"position\":1,\"name\":\"Produkter\",\"item\":\"https:\/\/oceansignal.com\/sv\/produkter\/\"},{\"@type\":\"ListItem\",\"position\":2,\"name\":\"rescueME PLB3\"}]},{\"@type\":\"WebSite\",\"@id\":\"https:\/\/oceansignal.com\/sv\/#website\",\"url\":\"https:\/\/oceansignal.com\/sv\/\",\"name\":\"Ocean Signal\",\"description\":\"A leading manufacturer of EPIRBs, AIS, SARTs, Personal Locator Beacons, Man Overboard Beacon for the Marine and Outdoor Markets.\",\"potentialAction\":[{\"@type\":\"SearchAction\",\"target\":{\"@type\":\"EntryPoint\",\"urlTemplate\":\"https:\/\/oceansignal.com\/sv\/?s={search_term_string}\"},\"query-input\":{\"@type\":\"PropertyValueSpecification\",\"valueRequired\":true,\"valueName\":\"search_term_string\"}}],\"inLanguage\":\"sv-SE\"}]}<\/script>\n<!-- \/ Yoast SEO Premium plugin. -->","yoast_head_json":{"title":"rescueME PLB3 - Ocean Signal","description":"Ocean Signal rescueME PLB3 AIS Personal Locator Beacon \u00e4r den f\u00f6rsta och enda PLB med 406 MHz, returl\u00e4nktj\u00e4nst och mobilapp. K\u00f6p nu.","robots":{"index":"index","follow":"follow","max-snippet":"max-snippet:-1","max-image-preview":"max-image-preview:large","max-video-preview":"max-video-preview:-1"},"canonical":"https:\/\/oceansignal.com\/sv\/products\/rescueme-plb3\/","og_locale":"sv_SE","og_type":"article","og_title":"rescueME PLB3","og_description":"Ocean Signal rescueME PLB3 AIS Personal Locator Beacon \u00e4r den f\u00f6rsta och enda PLB med 406 MHz, returl\u00e4nktj\u00e4nst och mobilapp. K\u00f6p nu.","og_url":"https:\/\/oceansignal.com\/sv\/products\/rescueme-plb3\/","og_site_name":"Ocean Signal","article_modified_time":"2026-03-26T11:50:46+00:00","og_image":[{"width":2000,"height":2000,"url":"https:\/\/oceansignal.com\/wp-content\/uploads\/2023\/09\/OSL-PLB3-Front.png","type":"image\/png"}],"twitter_card":"summary_large_image","twitter_misc":{"Ber\u00e4knad l\u00e4stid":"4 minuter"},"schema":{"@context":"https:\/\/schema.org","@graph":[{"@type":"WebPage","@id":"https:\/\/oceansignal.com\/sv\/products\/rescueme-plb3\/","url":"https:\/\/oceansignal.com\/sv\/products\/rescueme-plb3\/","name":"rescueME PLB3 - Ocean Signal","isPartOf":{"@id":"https:\/\/oceansignal.com\/sv\/#website"},"primaryImageOfPage":{"@id":"https:\/\/oceansignal.com\/sv\/products\/rescueme-plb3\/#primaryimage"},"image":{"@id":"https:\/\/oceansignal.com\/sv\/products\/rescueme-plb3\/#primaryimage"},"thumbnailUrl":"https:\/\/oceansignal.com\/wp-content\/uploads\/2023\/09\/OSL-PLB3-Front.png","datePublished":"2023-09-07T14:09:53+00:00","dateModified":"2026-03-26T11:50:46+00:00","description":"Ocean Signal rescueME PLB3 AIS Personal Locator Beacon \u00e4r den f\u00f6rsta och enda PLB med 406 MHz, returl\u00e4nktj\u00e4nst och mobilapp. K\u00f6p nu.","breadcrumb":{"@id":"https:\/\/oceansignal.com\/sv\/products\/rescueme-plb3\/#breadcrumb"},"inLanguage":"sv-SE","potentialAction":[{"@type":"ReadAction","target":["https:\/\/oceansignal.com\/sv\/products\/rescueme-plb3\/"]}]},{"@type":"ImageObject","inLanguage":"sv-SE","@id":"https:\/\/oceansignal.com\/sv\/products\/rescueme-plb3\/#primaryimage","url":"https:\/\/oceansignal.com\/wp-content\/uploads\/2023\/09\/OSL-PLB3-Front.png","contentUrl":"https:\/\/oceansignal.com\/wp-content\/uploads\/2023\/09\/OSL-PLB3-Front.png","width":2000,"height":2000},{"@type":"BreadcrumbList","@id":"https:\/\/oceansignal.com\/sv\/products\/rescueme-plb3\/#breadcrumb","itemListElement":[{"@type":"ListItem","position":1,"name":"Produkter","item":"https:\/\/oceansignal.com\/sv\/produkter\/"},{"@type":"ListItem","position":2,"name":"rescueME PLB3"}]},{"@type":"WebSite","@id":"https:\/\/oceansignal.com\/sv\/#website","url":"https:\/\/oceansignal.com\/sv\/","name":"Ocean Signal","description":"A leading manufacturer of EPIRBs, AIS, SARTs, Personal Locator Beacons, Man Overboard Beacon for the Marine and Outdoor Markets.","potentialAction":[{"@type":"SearchAction","target":{"@type":"EntryPoint","urlTemplate":"https:\/\/oceansignal.com\/sv\/?s={search_term_string}"},"query-input":{"@type":"PropertyValueSpecification","valueRequired":true,"valueName":"search_term_string"}}],"inLanguage":"sv-SE"}]}},"_links":{"self":[{"href":"https:\/\/oceansignal.com\/sv\/wp-json\/wp\/v2\/product\/7769","targetHints":{"allow":["GET"]}}],"collection":[{"href":"https:\/\/oceansignal.com\/sv\/wp-json\/wp\/v2\/product"}],"about":[{"href":"https:\/\/oceansignal.com\/sv\/wp-json\/wp\/v2\/types\/product"}],"wp:featuredmedia":[{"embeddable":true,"href":"https:\/\/oceansignal.com\/sv\/wp-json\/wp\/v2\/media\/11878"}],"wp:attachment":[{"href":"https:\/\/oceansignal.com\/sv\/wp-json\/wp\/v2\/media?parent=7769"}],"wp:term":[{"taxonomy":"product_brand","embeddable":true,"href":"https:\/\/oceansignal.com\/sv\/wp-json\/wp\/v2\/product_brand?post=7769"},{"taxonomy":"product_cat","embeddable":true,"href":"https:\/\/oceansignal.com\/sv\/wp-json\/wp\/v2\/product_cat?post=7769"},{"taxonomy":"product_tag","embeddable":true,"href":"https:\/\/oceansignal.com\/sv\/wp-json\/wp\/v2\/product_tag?post=7769"}],"curies":[{"name":"wp","href":"https:\/\/api.w.org\/{rel}","templated":true}]}}