{"id":7782,"date":"2023-09-07T13:28:52","date_gmt":"2023-09-07T13:28:52","guid":{"rendered":"https:\/\/oceansignal.com\/products\/rescueme-plb1\/"},"modified":"2025-11-12T10:39:58","modified_gmt":"2025-11-12T10:39:58","slug":"rescueme-plb1","status":"publish","type":"product","link":"https:\/\/oceansignal.com\/sv\/products\/rescueme-plb1\/","title":{"rendered":"rescueME PLB1 Personal Locator Beacon"},"content":{"rendered":"<p>F\u00d6R AMERIKANSKA\/KALIFORNISKA KUNDER: <a href=\"https:\/\/www.dropbox.com\/s\/fk04stqsp2hgk5f\/Prop%2065%20-%20DEHP.pdf?dl=0\">VARNING: PROP 65<\/a><\/p>\n<h3>GRATIS <a href=\"https:\/\/oceansignal.com\/sv\/products\/plb1-flytpase\/\">PLB1 Flytp\u00e5se<\/a> v\u00e4rd 19,99 kr vid varje PLB1-best\u00e4llning. Anv\u00e4nd koden: Pouch2025 i varukorgen. <\/h3>\n<p><img loading=\"lazy\" decoding=\"async\" class=\"\" src=\"https:\/\/oceansignal.com\/wp-content\/uploads\/2025\/10\/Free-PLB1-Floatation-Pouch-with-every-order-Ocean-Signal.png\" width=\"129\" height=\"179\"><\/p>\n<p>&nbsp;<\/p>\n<p><strong>RescueMe PLB1<\/strong> kan man\u00f6vreras med en enda hand \u00e4ven i de mest utmanande situationer. En enkel fj\u00e4derbelastad klaff t\u00e4cker aktiveringsknappen och f\u00f6rhindrar oavsiktlig anv\u00e4ndning. Det integrerade ultraljusa blixtljuset s\u00e4kerst\u00e4ller maximal synlighet och antennens utplacering kunde inte vara enklare, med ett f\u00f6rsiktigt drag sl\u00e4pps antennen.  <\/p>\n<p><strong>rescueME PLB1<\/strong> fungerar med det enda officiellt erk\u00e4nda v\u00e4rldsomsp\u00e4nnande dedikerade s\u00f6k- och r\u00e4ddningssatellitn\u00e4tverket (som drivs av Cospas Sarsat). Eftersom detta finansieras av regeringar finns det INGA AVGIFTER f\u00f6r att anv\u00e4nda den h\u00e4r tj\u00e4nsten. N\u00e4r den \u00e4r aktiverad s\u00e4nder den personliga lokaliseringsfyren din position och ditt ID till en r\u00e4ddningscentral via satellitl\u00e4nk. R\u00e4ddningstj\u00e4nster n\u00e4rmast dig underr\u00e4ttas omedelbart om din n\u00f6dsituation och informeras regelbundet om din nuvarande plats f\u00f6r att hj\u00e4lpa till med snabb r\u00e4ddning.   <\/p>\n<p><strong>Funktioner:<\/strong><\/p>\n<ul>\n<li>Gratis att anv\u00e4nda, inga prenumerationsavgifter<\/li>\n<li>30 % mindre (typ) i volym<\/li>\n<li>Vattent\u00e4t till 15 meter<\/li>\n<li>V\u00e4ger 116 gram<\/li>\n<li>Passar enkelt p\u00e5 flytv\u00e4sten*<\/li>\n<li>Inf\u00e4llbar antenn<\/li>\n<li>7 \u00e5rs batteritid<\/li>\n<li>24+ timmars livsl\u00e4ngd<\/li>\n<li>Stroboskopljus &gt;med h\u00f6g ljusstyrka 1candela<\/li>\n<li>66-kanals GPS-mottagare<\/li>\n<li>Unik monteringskl\u00e4mma<\/li>\n<li>Fungerar p\u00e5 det globala r\u00e4ddningssystemet Cospas Sarsat<\/li>\n<\/ul>\n<p>rescueME PLB1 har en valfri flytv\u00e4ska** f\u00f6r att den ska kunna flyta. Observera att PLB inte kommer att flyta i en arbetsposition i p\u00e5sen. Se till att PLB \u00e4r ordentligt fastsatt i p\u00e5sen med den medf\u00f6ljande linan, med hj\u00e4lp av l\u00e4mpliga sj\u00e4lvl\u00e5sande knutar.  <\/p>\n<p><em>* V\u00e4nd dig alltid till tillverkaren f\u00f6r specifika instruktioner innan du installerar denna produkt direkt p\u00e5 din flytv\u00e4st.<br \/>\n** F\u00f6r att uppfylla nationella regler har PLB1 -fyrar som levereras till Australien och Nya Zeeland en flytande p\u00e5se permanent f\u00e4st<br \/>\n<\/em><\/p>\n","protected":false},"excerpt":{"rendered":"<p>V\u00e4rldens mest kompakta PLB . Stolt konstruerad och tillverkad i Storbritannien. <\/p>\n<ul>\n<li style=\"list-style-type: none;\">\n<ul>\n<li><strong>Gratis att anv\u00e4nda, inga prenumerationsavgifter. Global t\u00e4ckning dygnet runt, \u00e5ret om. <\/strong><\/li>\n<\/ul>\n<\/li>\n<\/ul>\n<ul>\n<li style=\"list-style-type: none;\">\n<ul>\n<li><strong>L\u00e4mplig f\u00f6r marin, flyg och utomhusbruk<\/strong><\/li>\n<\/ul>\n<\/li>\n<\/ul>\n<ul>\n<li style=\"list-style-type: none;\">\n<ul>\n<li><strong>121,5 MHz m\u00e5ls\u00f6kande fyr + Dedikerad 406 MHz n\u00f6dsignal med 66-kanals GPS<\/strong><\/li>\n<\/ul>\n<\/li>\n<\/ul>\n<ul>\n<li style=\"list-style-type: none;\">\n<ul>\n<li><strong>24+ timmars drifttid efter aktivering<\/strong><\/li>\n<\/ul>\n<\/li>\n<\/ul>\n<ul>\n<li style=\"list-style-type: none;\">\n<ul>\n<li><strong>Robust, vattent\u00e4t till 15 m<\/strong><\/li>\n<\/ul>\n<\/li>\n<\/ul>\n","protected":false},"featured_media":12461,"template":"","meta":{"_acf_changed":false,"om_disable_all_campaigns":false},"product_brand":[],"product_cat":[930,1984,468],"product_tag":[932,934,931,933],"class_list":{"0":"post-7782","1":"product","2":"type-product","3":"status-publish","4":"has-post-thumbnail","6":"product_cat-beacons-for-personlig-lokalisering","7":"product_cat-kompatibel-med-flytvast","8":"product_cat-rescueme-sv","9":"product_tag-beacon-for-personlig-lokalisering","10":"product_tag-meosar-sv","11":"product_tag-plb-sv","12":"product_tag-plb1-sv","14":"first","15":"instock","16":"taxable","17":"shipping-taxable","18":"purchasable","19":"product-type-simple"},"acf":[],"yoast_head":"<!-- This site is optimized with the Yoast SEO Premium plugin v25.2 (Yoast SEO v26.4) - https:\/\/yoast.com\/wordpress\/plugins\/seo\/ -->\n<title>rescueME PLB1 Personal Locator Beacon - Ocean Signal<\/title>\n<meta name=\"description\" content=\"Ocean Signal rescueME PLB1 : Din kompakta personliga lokaliseringsfyr f\u00f6r utomhus\u00e4ventyr. P\u00e5litlig beacon-teknik f\u00f6r p\u00e5litlig n\u00f6dsignalering. K\u00f6p nu!\" \/>\n<meta name=\"robots\" content=\"index, follow, max-snippet:-1, max-image-preview:large, max-video-preview:-1\" \/>\n<link rel=\"canonical\" href=\"https:\/\/oceansignal.com\/sv\/products\/rescueme-plb1\/\" \/>\n<meta property=\"og:locale\" content=\"sv_SE\" \/>\n<meta property=\"og:type\" content=\"article\" \/>\n<meta property=\"og:title\" content=\"rescueME PLB1 Personal Locator Beacon\" \/>\n<meta property=\"og:description\" content=\"Ocean Signal rescueME PLB1 : Din kompakta personliga lokaliseringsfyr f\u00f6r utomhus\u00e4ventyr. P\u00e5litlig beacon-teknik f\u00f6r p\u00e5litlig n\u00f6dsignalering. K\u00f6p nu!\" \/>\n<meta property=\"og:url\" content=\"https:\/\/oceansignal.com\/sv\/products\/rescueme-plb1\/\" \/>\n<meta property=\"og:site_name\" content=\"Ocean Signal\" \/>\n<meta property=\"article:modified_time\" content=\"2025-11-12T10:39:58+00:00\" \/>\n<meta property=\"og:image\" content=\"https:\/\/oceansignal.com\/wp-content\/uploads\/2023\/09\/Ocean-Signal-PLB1-Front-2.png\" \/>\n\t<meta property=\"og:image:width\" content=\"800\" \/>\n\t<meta property=\"og:image:height\" content=\"800\" \/>\n\t<meta property=\"og:image:type\" content=\"image\/png\" \/>\n<meta name=\"twitter:card\" content=\"summary_large_image\" \/>\n<meta name=\"twitter:label1\" content=\"Ber\u00e4knad l\u00e4stid\" \/>\n\t<meta name=\"twitter:data1\" content=\"2 minuter\" \/>\n<script type=\"application\/ld+json\" class=\"yoast-schema-graph\">{\"@context\":\"https:\/\/schema.org\",\"@graph\":[{\"@type\":\"WebPage\",\"@id\":\"https:\/\/oceansignal.com\/sv\/products\/rescueme-plb1\/\",\"url\":\"https:\/\/oceansignal.com\/sv\/products\/rescueme-plb1\/\",\"name\":\"rescueME PLB1 Personal Locator Beacon - Ocean Signal\",\"isPartOf\":{\"@id\":\"https:\/\/oceansignal.com\/sv\/#website\"},\"primaryImageOfPage\":{\"@id\":\"https:\/\/oceansignal.com\/sv\/products\/rescueme-plb1\/#primaryimage\"},\"image\":{\"@id\":\"https:\/\/oceansignal.com\/sv\/products\/rescueme-plb1\/#primaryimage\"},\"thumbnailUrl\":\"https:\/\/oceansignal.com\/wp-content\/uploads\/2023\/09\/Ocean-Signal-PLB1-Front-2.png\",\"datePublished\":\"2023-09-07T13:28:52+00:00\",\"dateModified\":\"2025-11-12T10:39:58+00:00\",\"description\":\"Ocean Signal rescueME PLB1 : Din kompakta personliga lokaliseringsfyr f\u00f6r utomhus\u00e4ventyr. P\u00e5litlig beacon-teknik f\u00f6r p\u00e5litlig n\u00f6dsignalering. K\u00f6p nu!\",\"breadcrumb\":{\"@id\":\"https:\/\/oceansignal.com\/sv\/products\/rescueme-plb1\/#breadcrumb\"},\"inLanguage\":\"sv-SE\",\"potentialAction\":[{\"@type\":\"ReadAction\",\"target\":[\"https:\/\/oceansignal.com\/sv\/products\/rescueme-plb1\/\"]}]},{\"@type\":\"ImageObject\",\"inLanguage\":\"sv-SE\",\"@id\":\"https:\/\/oceansignal.com\/sv\/products\/rescueme-plb1\/#primaryimage\",\"url\":\"https:\/\/oceansignal.com\/wp-content\/uploads\/2023\/09\/Ocean-Signal-PLB1-Front-2.png\",\"contentUrl\":\"https:\/\/oceansignal.com\/wp-content\/uploads\/2023\/09\/Ocean-Signal-PLB1-Front-2.png\",\"width\":800,\"height\":800},{\"@type\":\"BreadcrumbList\",\"@id\":\"https:\/\/oceansignal.com\/sv\/products\/rescueme-plb1\/#breadcrumb\",\"itemListElement\":[{\"@type\":\"ListItem\",\"position\":1,\"name\":\"Produkter\",\"item\":\"https:\/\/oceansignal.com\/sv\/produkter\/\"},{\"@type\":\"ListItem\",\"position\":2,\"name\":\"rescueME PLB1 Personal Locator Beacon\"}]},{\"@type\":\"WebSite\",\"@id\":\"https:\/\/oceansignal.com\/sv\/#website\",\"url\":\"https:\/\/oceansignal.com\/sv\/\",\"name\":\"Ocean Signal\",\"description\":\"A leading manufacturer of EPIRBs, AIS, SARTs, Personal Locator Beacons, Man Overboard Beacon for the Marine and Outdoor Markets.\",\"potentialAction\":[{\"@type\":\"SearchAction\",\"target\":{\"@type\":\"EntryPoint\",\"urlTemplate\":\"https:\/\/oceansignal.com\/sv\/?s={search_term_string}\"},\"query-input\":{\"@type\":\"PropertyValueSpecification\",\"valueRequired\":true,\"valueName\":\"search_term_string\"}}],\"inLanguage\":\"sv-SE\"}]}<\/script>\n<!-- \/ Yoast SEO Premium plugin. -->","yoast_head_json":{"title":"rescueME PLB1 Personal Locator Beacon - Ocean Signal","description":"Ocean Signal rescueME PLB1 : Din kompakta personliga lokaliseringsfyr f\u00f6r utomhus\u00e4ventyr. P\u00e5litlig beacon-teknik f\u00f6r p\u00e5litlig n\u00f6dsignalering. K\u00f6p nu!","robots":{"index":"index","follow":"follow","max-snippet":"max-snippet:-1","max-image-preview":"max-image-preview:large","max-video-preview":"max-video-preview:-1"},"canonical":"https:\/\/oceansignal.com\/sv\/products\/rescueme-plb1\/","og_locale":"sv_SE","og_type":"article","og_title":"rescueME PLB1 Personal Locator Beacon","og_description":"Ocean Signal rescueME PLB1 : Din kompakta personliga lokaliseringsfyr f\u00f6r utomhus\u00e4ventyr. P\u00e5litlig beacon-teknik f\u00f6r p\u00e5litlig n\u00f6dsignalering. K\u00f6p nu!","og_url":"https:\/\/oceansignal.com\/sv\/products\/rescueme-plb1\/","og_site_name":"Ocean Signal","article_modified_time":"2025-11-12T10:39:58+00:00","og_image":[{"width":800,"height":800,"url":"https:\/\/oceansignal.com\/wp-content\/uploads\/2023\/09\/Ocean-Signal-PLB1-Front-2.png","type":"image\/png"}],"twitter_card":"summary_large_image","twitter_misc":{"Ber\u00e4knad l\u00e4stid":"2 minuter"},"schema":{"@context":"https:\/\/schema.org","@graph":[{"@type":"WebPage","@id":"https:\/\/oceansignal.com\/sv\/products\/rescueme-plb1\/","url":"https:\/\/oceansignal.com\/sv\/products\/rescueme-plb1\/","name":"rescueME PLB1 Personal Locator Beacon - Ocean Signal","isPartOf":{"@id":"https:\/\/oceansignal.com\/sv\/#website"},"primaryImageOfPage":{"@id":"https:\/\/oceansignal.com\/sv\/products\/rescueme-plb1\/#primaryimage"},"image":{"@id":"https:\/\/oceansignal.com\/sv\/products\/rescueme-plb1\/#primaryimage"},"thumbnailUrl":"https:\/\/oceansignal.com\/wp-content\/uploads\/2023\/09\/Ocean-Signal-PLB1-Front-2.png","datePublished":"2023-09-07T13:28:52+00:00","dateModified":"2025-11-12T10:39:58+00:00","description":"Ocean Signal rescueME PLB1 : Din kompakta personliga lokaliseringsfyr f\u00f6r utomhus\u00e4ventyr. P\u00e5litlig beacon-teknik f\u00f6r p\u00e5litlig n\u00f6dsignalering. K\u00f6p nu!","breadcrumb":{"@id":"https:\/\/oceansignal.com\/sv\/products\/rescueme-plb1\/#breadcrumb"},"inLanguage":"sv-SE","potentialAction":[{"@type":"ReadAction","target":["https:\/\/oceansignal.com\/sv\/products\/rescueme-plb1\/"]}]},{"@type":"ImageObject","inLanguage":"sv-SE","@id":"https:\/\/oceansignal.com\/sv\/products\/rescueme-plb1\/#primaryimage","url":"https:\/\/oceansignal.com\/wp-content\/uploads\/2023\/09\/Ocean-Signal-PLB1-Front-2.png","contentUrl":"https:\/\/oceansignal.com\/wp-content\/uploads\/2023\/09\/Ocean-Signal-PLB1-Front-2.png","width":800,"height":800},{"@type":"BreadcrumbList","@id":"https:\/\/oceansignal.com\/sv\/products\/rescueme-plb1\/#breadcrumb","itemListElement":[{"@type":"ListItem","position":1,"name":"Produkter","item":"https:\/\/oceansignal.com\/sv\/produkter\/"},{"@type":"ListItem","position":2,"name":"rescueME PLB1 Personal Locator Beacon"}]},{"@type":"WebSite","@id":"https:\/\/oceansignal.com\/sv\/#website","url":"https:\/\/oceansignal.com\/sv\/","name":"Ocean Signal","description":"A leading manufacturer of EPIRBs, AIS, SARTs, Personal Locator Beacons, Man Overboard Beacon for the Marine and Outdoor Markets.","potentialAction":[{"@type":"SearchAction","target":{"@type":"EntryPoint","urlTemplate":"https:\/\/oceansignal.com\/sv\/?s={search_term_string}"},"query-input":{"@type":"PropertyValueSpecification","valueRequired":true,"valueName":"search_term_string"}}],"inLanguage":"sv-SE"}]}},"_links":{"self":[{"href":"https:\/\/oceansignal.com\/sv\/wp-json\/wp\/v2\/product\/7782","targetHints":{"allow":["GET"]}}],"collection":[{"href":"https:\/\/oceansignal.com\/sv\/wp-json\/wp\/v2\/product"}],"about":[{"href":"https:\/\/oceansignal.com\/sv\/wp-json\/wp\/v2\/types\/product"}],"wp:featuredmedia":[{"embeddable":true,"href":"https:\/\/oceansignal.com\/sv\/wp-json\/wp\/v2\/media\/12461"}],"wp:attachment":[{"href":"https:\/\/oceansignal.com\/sv\/wp-json\/wp\/v2\/media?parent=7782"}],"wp:term":[{"taxonomy":"product_brand","embeddable":true,"href":"https:\/\/oceansignal.com\/sv\/wp-json\/wp\/v2\/product_brand?post=7782"},{"taxonomy":"product_cat","embeddable":true,"href":"https:\/\/oceansignal.com\/sv\/wp-json\/wp\/v2\/product_cat?post=7782"},{"taxonomy":"product_tag","embeddable":true,"href":"https:\/\/oceansignal.com\/sv\/wp-json\/wp\/v2\/product_tag?post=7782"}],"curies":[{"name":"wp","href":"https:\/\/api.w.org\/{rel}","templated":true}]}}