{"id":7793,"date":"2024-07-22T13:30:33","date_gmt":"2024-07-22T13:30:33","guid":{"rendered":"https:\/\/oceansignal.com\/products\/rescueme-mob2\/"},"modified":"2025-11-12T09:06:33","modified_gmt":"2025-11-12T09:06:33","slug":"rescueme-mob2","status":"publish","type":"product","link":"https:\/\/oceansignal.com\/sv\/products\/rescueme-mob2\/","title":{"rendered":"rescueME MOB2"},"content":{"rendered":"<p><strong>Denna enhet har inte auktoriserats enligt reglerna f\u00f6r Federal Communications Commission i USA. Denna enhet \u00e4r inte, och f\u00e5r inte, erbjudas till f\u00f6rs\u00e4ljning eller leasing, eller s\u00e4ljas eller leasas, f\u00f6rr\u00e4n auktorisation har erh\u00e5llits. Godk\u00e4nd f\u00f6r f\u00f6rs\u00e4ljning i l\u00e4nder som har antagit f\u00f6rordning ECC\/DEC\/(22)02. <\/strong><\/p>\n<p>Sammanfattning:<\/p>\n<p>Att varna ditt fartyg om en man \u00f6verbord \u00e4r det snabbaste och p\u00e5litligaste \u00e5terst\u00e4llningsalternativet. I m\u00e5ttlig sj\u00f6 kan det g\u00e5 chockerande snabbt att f\u00f6rlora en man \u00f6verbord ur sikte. Det \u00e4r d\u00e4rf\u00f6r Ocean Signal senaste rescueME MOB2 kombinerar b\u00e5de AIS och VHF DSC n\u00f6dteknik i den senaste AIS klass M-kompatibla l\u00f6sningen f\u00f6r den maritima marknaden.  <\/p>\n<p>Vid aktivering uppdateras MOB2 :s position regelbundet och visas p\u00e5 en AIS-aktiverad plotter. Med sin inbyggda GPS ger MOB2 exakta platsdata till ditt fartyg och eventuella assisterande fartyg. N\u00e4rliggande fartyg larmas automatiskt om man-\u00f6verbord-situationer via VHF DSC. Ocean Signal MOB2 \u00e4r n\u00e4stan h\u00e4lften s\u00e5 stor som de konkurrerande produkterna och passar perfekt i uppbl\u00e5sbara flytv\u00e4star. Den har ocks\u00e5 en l\u00e4ngre livsl\u00e4ngd, automatisk aktivering via en uppbl\u00e5sbar flytv\u00e4st, dubbla IR- och vita blixtljus och NFC-mobilappanslutning.    <\/p>\n<p>Vill du l\u00e4ra dig mer om det senaste inom klass M-kraven f\u00f6r AIS MOB ?  <a href=\"https:\/\/oceansignal.com\/sv\/news\/forsta-effekten-av-ais-klass-m-forordningen-pa-mobs\/\">Klicka h\u00e4r<\/a><\/p>\n<p><a href=\"https:\/\/www.dropbox.com\/s\/8343nj28z0d7bxa\/Prop%2065%20-%20BPA.pdf?dl=0\">VARNING: PROP 65<\/a><\/p>\n<p>Endast f\u00f6r USA: Denna enhet har inte auktoriserats enligt reglerna fr\u00e5n Federal Communications Commission. Denna enhet \u00e4r inte, och f\u00e5r inte, erbjudas till f\u00f6rs\u00e4ljning eller leasing, eller s\u00e4ljas eller leasas, f\u00f6rr\u00e4n auktorisation har erh\u00e5llits. Godk\u00e4nd f\u00f6r f\u00f6rs\u00e4ljning i l\u00e4nder som har antagit f\u00f6rordning ECC\/DEC\/(22)02.  <\/p>\n<p>Beskrivning:<\/p>\n<p>Vi introducerar v\u00e4rldens minsta AIS Man Overboard-enhet ( MOB ) med integrerad VHF DSC \u2013 rescueME MOB2 AIS fr\u00e5n Ocean Signal . Denna viktiga komponent i alla sj\u00f6s\u00e4kerhetssatser \u00e4r designad f\u00f6r snabb respons i n\u00f6dsituationer man \u00f6verbord. Kompakt och l\u00e4tt, MOB2 integreras s\u00f6ml\u00f6st med \u00e4ven de mest kompakta uppbl\u00e5sbara flytv\u00e4star, vilket s\u00e4kerst\u00e4ller automatisk aktivering vid uppbl\u00e5sning.  <\/p>\n<p>MOB2 skickar den f\u00f6rsta varningen inom 15 sekunder och s\u00e4nder din exakta position med AIS-teknik till n\u00e4rliggande fartyg och navigationssystem ombord. Den kommunicerar med fartyget du har separerats fr\u00e5n och andra fartyg upp till 5 mil bort, beroende p\u00e5 f\u00f6rh\u00e5llandena. Dessutom meddelas n\u00e4rliggande fartyg omedelbart om man-\u00f6verbord-situationen genom DSC-teknik.  <\/p>\n<p>I en n\u00f6dsituation tillhandah\u00e5ller rescueME MOB2 AIS tv\u00e5 metoder f\u00f6r att snabbt kommunicera din position, exakt till n\u00e5gra meter, och ger visuell indikation via sina inbyggda blixtljus. Dess integrerade dubbla infrar\u00f6da (IR) och vita blixtljus s\u00e4kerst\u00e4ller maximal synlighet i svagt ljus, vilket ger trygghet f\u00f6r seglare och b\u00e5tfolk genom att \u00f6ka s\u00e4kerheten p\u00e5 vattnet och potentiellt r\u00e4dda liv i kritiska situationer. Vattent\u00e4t till 10 meter, MOB2 har en robust konstruktion och ett l\u00e5ngvarigt batteri.  <\/p>\n<p><strong> <\/strong><\/p>\n<h3><strong>Smartphone-anslutning med NFC (Near Field Communication)<\/strong><\/h3>\n<p>Integrationen av NFC-teknik ger anv\u00e4ndarna m\u00f6jlighet att bekv\u00e4mt programmera MOB2 MMSI och komma \u00e5t beacon-data fr\u00e5n sin mobiltelefon. Den enkla handlingen att placera en telefon n\u00e4ra beacon \u00f6ppnar automatiskt Ocean Signal Product App och ger tillg\u00e5ng till en m\u00e4ngd olika anv\u00e4ndningsdata inklusive aktuell batteritid, antal sj\u00e4lvtest som slutf\u00f6rts, antal slutf\u00f6rda GNSS-tester och, om till\u00e4mpligt, hur l\u00e5ng tid beaconen har aktiverats. <\/p>\n<p><strong> <\/strong><\/p>\n<h3><strong>Klass M-godk\u00e4nd AIS Man Overboard Beacon med VHF DSC<\/strong><\/h3>\n<p>Konstruerad f\u00f6r att \u00f6vertr\u00e4ffa kraven i klass M, MOB2 \u00e4r kompatibel med f\u00f6rordningen ECC\/DEC\/(22)02 ang\u00e5ende anv\u00e4ndning av MOB -enheter.<\/p>\n<p><strong> <\/strong><\/p>\n<h3><strong>Integrering med flytv\u00e4st<\/strong><\/h3>\n<p>MOB2 kan aktiveras manuellt eller automatiskt n\u00e4r den installeras i en uppbl\u00e5sbar flytv\u00e4st (automatisk). Installationen g\u00f6rs enkel med hj\u00e4lp av det medf\u00f6ljande orala uppbl\u00e5sningsr\u00f6rskl\u00e4mman f\u00f6r att f\u00e4sta MOB2 p\u00e5 flytv\u00e4sten med ett band kopplat runt bl\u00e5san p\u00e5 flytv\u00e4sten. N\u00e4r den v\u00e4l har installerats korrekt utl\u00f6ser \u00e5tg\u00e4rden av att flytv\u00e4sten bl\u00e5ser upp antennen och aktiverar fyren.  <\/p>\n<p>Stolt <a href=\"https:\/\/oceansignal.com\/sv\/news\/ocean-signal-tredubblar-storleken-pa-fabriksanlaggningar-for-att-mota-produktionskraven\/\">Tillverkad i Storbritannien<\/a><\/p>\n<h4><strong>Nyckelfunktioner hos rescueME MOB AIS:<\/strong><\/h4>\n<ul>\n<li>AIS (Automatiskt identifieringssystem)<\/li>\n<li>Uppfyller klass M (f\u00f6rordning: ECC\/DEC\/(22)02)<\/li>\n<li>Integrerad Tx- och Rx DSC-s\u00e4ndtagare (Digital Selective Calling) *<\/li>\n<li>Lysdioder verifierar mottagning av DSC-n\u00f6dsignal<\/li>\n<li>50 % (typ) mindre \u00e4n konkurrenterna<\/li>\n<li>GNSS via GPS och Galileo<\/li>\n<li>Snabb exakt positionering<\/li>\n<li>IR och vita stroboskopljus<\/li>\n<li>Automatisk aktivering<\/li>\n<li>Enkel integrering av flytv\u00e4st**<\/li>\n<li>5 \u00e5rs batteritid<\/li>\n<li>24 timmars livsl\u00e4ngd vid -20\u00b0C<\/li>\n<li>2-\u00e5rs garanti (kan f\u00f6rl\u00e4nga garantin till 5 \u00e5r via produktregistrering hos Ocean Signal ) <sup>\u2020<\/sup><\/li>\n<li>Integrerad NFC (Near Field Communication)<\/li>\n<li>Smartphone-anslutning via NFC<\/li>\n<li>Ocean Signal Mobile App (IOS och Android)<\/li>\n<\/ul>\n<p>&nbsp;<\/p>\n<p><em><strong>Kompatibilitet:<\/strong> De flesta moderna AIS-plotter och DSC VHF uppfyller de standarder som kr\u00e4vs f\u00f6r att ta emot MOB -s\u00e4ndningar. Det rekommenderas dock att du kontrollerar kompatibiliteten med utrustningstillverkaren, s\u00e4rskilt om du anv\u00e4nder \u00e4ldre utrustning. Se vanliga fr\u00e5gor nedan f\u00f6r mer information.<br \/>\n<\/em><\/p>\n<p>&nbsp;<\/p>\n<p>MOB2 kan konfigureras av anv\u00e4ndaren f\u00f6r att ange fartygets DSC MMSI-nummer* genom att ladda ner programvaran p\u00e5 l\u00e4nken nedan. Fartygets DSC-nummer kan programmeras flera g\u00e5nger. <\/p>\n<p>&nbsp;<\/p>\n<p><span style=\"color: #c22f00;\">* DSC-funktioner \u00e4r f\u00f6rem\u00e5l f\u00f6r landets regler.<\/span><br \/>\n<span style=\"color: #c22f00;\"><em>** Kontakta alltid flytv\u00e4sttillverkaren f\u00f6r specifika instruktioner innan du installerar denna produkt direkt p\u00e5 din flytv\u00e4st.<\/em><\/span><br \/>\n<span style=\"color: #c22f00;\">\u2020 Med f\u00f6rbeh\u00e5ll f\u00f6r garantif\u00f6rklaringen. ( <em>Obs: N\u00e4r den anv\u00e4nds i kommersiella applikationer \u00e4r garantiperioden begr\u00e4nsad till tv\u00e5 \u00e5r.<\/em> )<\/span><\/p>\n<p>&nbsp;<\/p>\n","protected":false},"excerpt":{"rendered":"<p>V\u00e4rldens minsta klass M-kompatibla AIS-enhet f\u00f6r man-\u00f6ver-bord (MOB) med integrerad VHF DSC.<\/p>\n<ul>\n<li data-start=\"195\" data-end=\"420\">\n<p data-start=\"197\" data-end=\"420\"><strong data-start=\"197\" data-end=\"247\">Omedelbara AIS- och DSC-varningar i en n\u00f6dsituation MOB<\/strong><br data-start=\"247\" data-end=\"250\">MOB2 s\u00e4nder omedelbart din position via AIS och aktiverar ett DSC-n\u00f6danrop p\u00e5 ditt fartygs VHF-radio \u2013 vilket ger ett snabbt lokalt larm till bes\u00e4ttning och n\u00e4rliggande b\u00e5tar.<\/p>\n<\/li>\n<li data-start=\"422\" data-end=\"637\">\n<p data-start=\"424\" data-end=\"637\"><strong data-start=\"424\" data-end=\"470\">Perfekt f\u00f6r s\u00e4kerhetskrav f\u00f6r offshore- och yachtracing<\/strong><br data-start=\"470\" data-end=\"473\">MOB2 som \u00e4r betrodd av t\u00e4vlingsseglare och kappseglar, ger skydd mot bes\u00e4ttning \u00f6verbord som m\u00f6ter kraven i snabba och h\u00f6griskiga seglingsmilj\u00f6er.<\/p>\n<\/li>\n<li data-start=\"639\" data-end=\"858\">\n<p data-start=\"641\" data-end=\"858\"><strong data-start=\"641\" data-end=\"693\">GPS-precision med automatisk aktivering av flytv\u00e4st<\/strong><br data-start=\"693\" data-end=\"696\">Integrerad GPS s\u00e4kerst\u00e4ller korrekt sp\u00e5rning, medan automatisk aktivering med flytv\u00e4stuppbl\u00e5sning inneb\u00e4r att du \u00e4r skyddad i det \u00f6gonblick du ger dig ut i vattnet \u2013 handsfree.<\/p>\n<\/li>\n<\/ul>\n<p>Uppfyller f\u00f6rordning ECC\/DEC\/(22)02 g\u00e4llande anv\u00e4ndning av MOB -enheter. Vill du l\u00e4ra dig mer om det senaste inom klass M-kraven f\u00f6r AIS MOB ?  <a href=\"https:\/\/oceansignal.com\/sv\/news\/forsta-effekten-av-ais-klass-m-forordningen-pa-mobs\/\">Klicka h\u00e4r<\/a><\/p>\n<p><a href=\"https:\/\/www.dropbox.com\/s\/8343nj28z0d7bxa\/Prop%2065%20-%20BPA.pdf?dl=0\">VARNING: F\u00d6RSLAG 65<\/a><br \/>\n INTE TILL SALU I USA\/KALIFORNIEN &#8211; prova <a href=\"https:\/\/oceansignal.com\/sv\/products\/rescueme-mob1\/\">Ocean Signal MOB1 f\u00f6r USA\/KALIFORNIEN h\u00e4r<\/a><\/p>\n","protected":false},"featured_media":23819,"template":"","meta":{"_acf_changed":false,"om_disable_all_campaigns":false},"product_brand":[],"product_cat":[1984,955,468],"product_tag":[500,498,497,957,499,501],"class_list":{"0":"post-7793","1":"product","2":"type-product","3":"status-publish","4":"has-post-thumbnail","6":"product_cat-kompatibel-med-flytvast","7":"product_cat-man-overbord","8":"product_cat-rescueme-sv","9":"product_tag-ais-sv","10":"product_tag-ais-mob-sv","11":"product_tag-klass-m","12":"product_tag-man-overbord","13":"product_tag-mob2-sv","14":"product_tag-mobb","16":"first","17":"instock","18":"taxable","19":"shipping-taxable","20":"purchasable","21":"product-type-simple"},"acf":[],"yoast_head":"<!-- This site is optimized with the Yoast SEO Premium plugin v25.2 (Yoast SEO v26.4) - https:\/\/yoast.com\/wordpress\/plugins\/seo\/ -->\n<title>rescueME MOB2 - rescueME MOB2 Ocean Signal Klass M Ocean Signal<\/title>\n<meta name=\"description\" content=\"Ocean Signal rescueME MOB2 AIS Man Overboard Beacon \u00e4r den ultimata l\u00f6sningen f\u00f6r sj\u00f6s\u00e4kerhet, speciellt utformad f\u00f6r att hj\u00e4lpa till i SOS-situationer.\" \/>\n<meta name=\"robots\" content=\"index, follow, max-snippet:-1, max-image-preview:large, max-video-preview:-1\" \/>\n<link rel=\"canonical\" href=\"https:\/\/oceansignal.com\/sv\/products\/rescueme-mob2\/\" \/>\n<meta property=\"og:locale\" content=\"sv_SE\" \/>\n<meta property=\"og:type\" content=\"article\" \/>\n<meta property=\"og:title\" content=\"rescueME MOB2\" \/>\n<meta property=\"og:description\" content=\"Ocean Signal rescueME MOB2 AIS Man Overboard Beacon \u00e4r den ultimata l\u00f6sningen f\u00f6r sj\u00f6s\u00e4kerhet, speciellt utformad f\u00f6r att hj\u00e4lpa till i SOS-situationer.\" \/>\n<meta property=\"og:url\" content=\"https:\/\/oceansignal.com\/sv\/products\/rescueme-mob2\/\" \/>\n<meta property=\"og:site_name\" content=\"Ocean Signal\" \/>\n<meta property=\"article:modified_time\" content=\"2025-11-12T09:06:33+00:00\" \/>\n<meta property=\"og:image\" content=\"https:\/\/oceansignal.com\/wp-content\/uploads\/2024\/07\/MOB2-22-07-24-A_Web.png\" \/>\n\t<meta property=\"og:image:width\" content=\"900\" \/>\n\t<meta property=\"og:image:height\" content=\"807\" \/>\n\t<meta property=\"og:image:type\" content=\"image\/png\" \/>\n<meta name=\"twitter:card\" content=\"summary_large_image\" \/>\n<meta name=\"twitter:label1\" content=\"Ber\u00e4knad l\u00e4stid\" \/>\n\t<meta name=\"twitter:data1\" content=\"5 minuter\" \/>\n<script type=\"application\/ld+json\" class=\"yoast-schema-graph\">{\"@context\":\"https:\/\/schema.org\",\"@graph\":[{\"@type\":\"WebPage\",\"@id\":\"https:\/\/oceansignal.com\/sv\/products\/rescueme-mob2\/\",\"url\":\"https:\/\/oceansignal.com\/sv\/products\/rescueme-mob2\/\",\"name\":\"rescueME MOB2 - rescueME MOB2 Ocean Signal Klass M Ocean Signal\",\"isPartOf\":{\"@id\":\"https:\/\/oceansignal.com\/sv\/#website\"},\"primaryImageOfPage\":{\"@id\":\"https:\/\/oceansignal.com\/sv\/products\/rescueme-mob2\/#primaryimage\"},\"image\":{\"@id\":\"https:\/\/oceansignal.com\/sv\/products\/rescueme-mob2\/#primaryimage\"},\"thumbnailUrl\":\"https:\/\/oceansignal.com\/wp-content\/uploads\/2024\/07\/MOB2-22-07-24-A_Web.png\",\"datePublished\":\"2024-07-22T13:30:33+00:00\",\"dateModified\":\"2025-11-12T09:06:33+00:00\",\"description\":\"Ocean Signal rescueME MOB2 AIS Man Overboard Beacon \u00e4r den ultimata l\u00f6sningen f\u00f6r sj\u00f6s\u00e4kerhet, speciellt utformad f\u00f6r att hj\u00e4lpa till i SOS-situationer.\",\"breadcrumb\":{\"@id\":\"https:\/\/oceansignal.com\/sv\/products\/rescueme-mob2\/#breadcrumb\"},\"inLanguage\":\"sv-SE\",\"potentialAction\":[{\"@type\":\"ReadAction\",\"target\":[\"https:\/\/oceansignal.com\/sv\/products\/rescueme-mob2\/\"]}]},{\"@type\":\"ImageObject\",\"inLanguage\":\"sv-SE\",\"@id\":\"https:\/\/oceansignal.com\/sv\/products\/rescueme-mob2\/#primaryimage\",\"url\":\"https:\/\/oceansignal.com\/wp-content\/uploads\/2024\/07\/MOB2-22-07-24-A_Web.png\",\"contentUrl\":\"https:\/\/oceansignal.com\/wp-content\/uploads\/2024\/07\/MOB2-22-07-24-A_Web.png\",\"width\":900,\"height\":807,\"caption\":\"Ocean Signal rescueME MOB2 AIS Personal Locator Device Klass M Godk\u00e4nd\"},{\"@type\":\"BreadcrumbList\",\"@id\":\"https:\/\/oceansignal.com\/sv\/products\/rescueme-mob2\/#breadcrumb\",\"itemListElement\":[{\"@type\":\"ListItem\",\"position\":1,\"name\":\"Produkter\",\"item\":\"https:\/\/oceansignal.com\/sv\/produkter\/\"},{\"@type\":\"ListItem\",\"position\":2,\"name\":\"rescueME MOB2\"}]},{\"@type\":\"WebSite\",\"@id\":\"https:\/\/oceansignal.com\/sv\/#website\",\"url\":\"https:\/\/oceansignal.com\/sv\/\",\"name\":\"Ocean Signal\",\"description\":\"A leading manufacturer of EPIRBs, AIS, SARTs, Personal Locator Beacons, Man Overboard Beacon for the Marine and Outdoor Markets.\",\"potentialAction\":[{\"@type\":\"SearchAction\",\"target\":{\"@type\":\"EntryPoint\",\"urlTemplate\":\"https:\/\/oceansignal.com\/sv\/?s={search_term_string}\"},\"query-input\":{\"@type\":\"PropertyValueSpecification\",\"valueRequired\":true,\"valueName\":\"search_term_string\"}}],\"inLanguage\":\"sv-SE\"}]}<\/script>\n<!-- \/ Yoast SEO Premium plugin. -->","yoast_head_json":{"title":"rescueME MOB2 - rescueME MOB2 Ocean Signal Klass M Ocean Signal","description":"Ocean Signal rescueME MOB2 AIS Man Overboard Beacon \u00e4r den ultimata l\u00f6sningen f\u00f6r sj\u00f6s\u00e4kerhet, speciellt utformad f\u00f6r att hj\u00e4lpa till i SOS-situationer.","robots":{"index":"index","follow":"follow","max-snippet":"max-snippet:-1","max-image-preview":"max-image-preview:large","max-video-preview":"max-video-preview:-1"},"canonical":"https:\/\/oceansignal.com\/sv\/products\/rescueme-mob2\/","og_locale":"sv_SE","og_type":"article","og_title":"rescueME MOB2","og_description":"Ocean Signal rescueME MOB2 AIS Man Overboard Beacon \u00e4r den ultimata l\u00f6sningen f\u00f6r sj\u00f6s\u00e4kerhet, speciellt utformad f\u00f6r att hj\u00e4lpa till i SOS-situationer.","og_url":"https:\/\/oceansignal.com\/sv\/products\/rescueme-mob2\/","og_site_name":"Ocean Signal","article_modified_time":"2025-11-12T09:06:33+00:00","og_image":[{"width":900,"height":807,"url":"https:\/\/oceansignal.com\/wp-content\/uploads\/2024\/07\/MOB2-22-07-24-A_Web.png","type":"image\/png"}],"twitter_card":"summary_large_image","twitter_misc":{"Ber\u00e4knad l\u00e4stid":"5 minuter"},"schema":{"@context":"https:\/\/schema.org","@graph":[{"@type":"WebPage","@id":"https:\/\/oceansignal.com\/sv\/products\/rescueme-mob2\/","url":"https:\/\/oceansignal.com\/sv\/products\/rescueme-mob2\/","name":"rescueME MOB2 - rescueME MOB2 Ocean Signal Klass M Ocean Signal","isPartOf":{"@id":"https:\/\/oceansignal.com\/sv\/#website"},"primaryImageOfPage":{"@id":"https:\/\/oceansignal.com\/sv\/products\/rescueme-mob2\/#primaryimage"},"image":{"@id":"https:\/\/oceansignal.com\/sv\/products\/rescueme-mob2\/#primaryimage"},"thumbnailUrl":"https:\/\/oceansignal.com\/wp-content\/uploads\/2024\/07\/MOB2-22-07-24-A_Web.png","datePublished":"2024-07-22T13:30:33+00:00","dateModified":"2025-11-12T09:06:33+00:00","description":"Ocean Signal rescueME MOB2 AIS Man Overboard Beacon \u00e4r den ultimata l\u00f6sningen f\u00f6r sj\u00f6s\u00e4kerhet, speciellt utformad f\u00f6r att hj\u00e4lpa till i SOS-situationer.","breadcrumb":{"@id":"https:\/\/oceansignal.com\/sv\/products\/rescueme-mob2\/#breadcrumb"},"inLanguage":"sv-SE","potentialAction":[{"@type":"ReadAction","target":["https:\/\/oceansignal.com\/sv\/products\/rescueme-mob2\/"]}]},{"@type":"ImageObject","inLanguage":"sv-SE","@id":"https:\/\/oceansignal.com\/sv\/products\/rescueme-mob2\/#primaryimage","url":"https:\/\/oceansignal.com\/wp-content\/uploads\/2024\/07\/MOB2-22-07-24-A_Web.png","contentUrl":"https:\/\/oceansignal.com\/wp-content\/uploads\/2024\/07\/MOB2-22-07-24-A_Web.png","width":900,"height":807,"caption":"Ocean Signal rescueME MOB2 AIS Personal Locator Device Klass M Godk\u00e4nd"},{"@type":"BreadcrumbList","@id":"https:\/\/oceansignal.com\/sv\/products\/rescueme-mob2\/#breadcrumb","itemListElement":[{"@type":"ListItem","position":1,"name":"Produkter","item":"https:\/\/oceansignal.com\/sv\/produkter\/"},{"@type":"ListItem","position":2,"name":"rescueME MOB2"}]},{"@type":"WebSite","@id":"https:\/\/oceansignal.com\/sv\/#website","url":"https:\/\/oceansignal.com\/sv\/","name":"Ocean Signal","description":"A leading manufacturer of EPIRBs, AIS, SARTs, Personal Locator Beacons, Man Overboard Beacon for the Marine and Outdoor Markets.","potentialAction":[{"@type":"SearchAction","target":{"@type":"EntryPoint","urlTemplate":"https:\/\/oceansignal.com\/sv\/?s={search_term_string}"},"query-input":{"@type":"PropertyValueSpecification","valueRequired":true,"valueName":"search_term_string"}}],"inLanguage":"sv-SE"}]}},"_links":{"self":[{"href":"https:\/\/oceansignal.com\/sv\/wp-json\/wp\/v2\/product\/7793","targetHints":{"allow":["GET"]}}],"collection":[{"href":"https:\/\/oceansignal.com\/sv\/wp-json\/wp\/v2\/product"}],"about":[{"href":"https:\/\/oceansignal.com\/sv\/wp-json\/wp\/v2\/types\/product"}],"wp:featuredmedia":[{"embeddable":true,"href":"https:\/\/oceansignal.com\/sv\/wp-json\/wp\/v2\/media\/23819"}],"wp:attachment":[{"href":"https:\/\/oceansignal.com\/sv\/wp-json\/wp\/v2\/media?parent=7793"}],"wp:term":[{"taxonomy":"product_brand","embeddable":true,"href":"https:\/\/oceansignal.com\/sv\/wp-json\/wp\/v2\/product_brand?post=7793"},{"taxonomy":"product_cat","embeddable":true,"href":"https:\/\/oceansignal.com\/sv\/wp-json\/wp\/v2\/product_cat?post=7793"},{"taxonomy":"product_tag","embeddable":true,"href":"https:\/\/oceansignal.com\/sv\/wp-json\/wp\/v2\/product_tag?post=7793"}],"curies":[{"name":"wp","href":"https:\/\/api.w.org\/{rel}","templated":true}]}}