{"id":7806,"date":"2023-09-07T14:40:28","date_gmt":"2023-09-07T14:40:28","guid":{"rendered":"https:\/\/oceansignal.com\/products\/rescueme-mob1\/"},"modified":"2025-09-23T14:59:20","modified_gmt":"2025-09-23T14:59:20","slug":"rescueme-mob1","status":"publish","type":"product","link":"https:\/\/oceansignal.com\/sv\/products\/rescueme-mob1\/","title":{"rendered":"rescueME MOB1"},"content":{"rendered":"<p>Den b\u00e4sta chansen till snabb r\u00e4ddning om du faller \u00f6verbord kommer fr\u00e5n ditt eget fartyg. Din bes\u00e4ttning m\u00e5ste omedelbart vara medveten om incidenten och h\u00e5lla reda p\u00e5 din position medan \u00e5terh\u00e4mtningen utf\u00f6rs. \u00c4ven i de mest m\u00e5ttliga hav \u00e4r det alarmerande hur snabbt en visuell iakttagelse av en man \u00f6verbord kan f\u00f6rsvinna.  <\/p>\n<p>N\u00e4r den v\u00e4l har aktiverats kommer din MOB1 att skicka en varning till alla AIS-mottagare och AIS-aktiverade plottrar i n\u00e4rheten. Den integrerade GPS:en s\u00e4kerst\u00e4ller att exakt position skickas till ditt fartyg och alla andra som kan hj\u00e4lpa till. <\/p>\n<p>En ytterligare funktion hos MOB1 \u00e4r dess f\u00f6rm\u00e5ga att aktivera DSC-larmet p\u00e5 ditt fartygs VHF, vilket varnar din bes\u00e4ttning om situationen.<\/p>\n<p>Vill du l\u00e4ra dig mer om det senaste inom klass M-kraven f\u00f6r AIS MOB ?  <a href=\"https:\/\/oceansignal.com\/sv\/news\/forsta-effekten-av-ais-klass-m-forordningen-pa-mobs\/\">Klicka h\u00e4r<\/a><\/p>\n<p>Ocean Signal rescueME MOB1 \u00e4r en viktig komponent i alla sj\u00f6s\u00e4kerhetssatser, konstruerad f\u00f6r att ge snabb respons i n\u00f6dsituationer som man \u00f6verbord. Den h\u00e4r fyren \u00e4r kompakt och l\u00e4tt och integreras s\u00f6ml\u00f6st med flytv\u00e4star, vilket s\u00e4kerst\u00e4ller automatisk aktivering vid neds\u00e4nkning i vatten. Med hj\u00e4lp av AIS-teknik s\u00e4nder den din exakta position till n\u00e4rliggande fartyg och navigationssystem ombord, vilket underl\u00e4ttar snabba och effektiva r\u00e4ddningsoperationer. Med sin robusta konstruktion, l\u00e5ngvariga batteri och enkla utplacering erbjuder rescueME MOB1 sinnesro f\u00f6r seglare och b\u00e5tfolk, vilket \u00f6kar s\u00e4kerheten p\u00e5 vattnet och kan potentiellt r\u00e4dda liv i kritiska situationer.   <\/p>\n<p>Vi introducerar v\u00e4rldens minsta AIS MOB -enhet med integrerad DSC \u2013 rescueME MOB1 fr\u00e5n Ocean Signal . MOB1 \u00e4r kompatibel med \u00e4ven de mest kompakta uppbl\u00e5sbara flytv\u00e4star.* MOB1 \u00e4r avsedd att installeras i flytv\u00e4sten* och aktiveras automatiskt vid uppbl\u00e5sning och skickar den f\u00f6rsta varningen inom 15 sekunder. MOB1 \u00e4r vattent\u00e4t till 10 meter.<\/p>\n<p>MOB1 <a href=\"https:\/\/www.youtube.com\/watch?v=WH4S8yhDAuo\">kommunicerar<\/a> med fartyget du har separerats fr\u00e5n och andra fartyg i n\u00e4rheten (upp till 5 miles r\u00e4ckvidd beroende p\u00e5 f\u00f6rh\u00e5llandena). F\u00f6r att varna r\u00e4ddningsmyndigheter, en alternativ produkt kommunicerar rescueME PLB1 direkt via ett dedikerat s\u00f6k- och r\u00e4ddningssatellitn\u00e4tverk. I en rescueME erbjuder MOB1 2 metoder f\u00f6r att snabbt kommunicera din position, exakt till n\u00e5gra meter, tillbaka till fartyget, plus att ge visuell indikation via sitt inbyggda strobeljus. Det integrerade blixtljuset s\u00e4kerst\u00e4ller maximal synlighet i svagt ljus.   <\/p>\n<p><a href=\"https:\/\/oceansignal.com\/sv\/news\/forsta-effekten-av-ais-klass-m-forordningen-pa-mobs\/\">L\u00e4r dig mer om de kommande MOB -reglerna: Klass M AIS<\/a><\/p>\n<p>Stolt <a href=\"https:\/\/oceansignal.com\/sv\/news\/ocean-signal-tredubblar-storleken-pa-fabriksanlaggningar-for-att-mota-produktionskraven\/\">Tillverkad i Storbritannien<\/a><\/p>\n<p><strong>Funktioner:<\/strong><\/p>\n<p>&nbsp;<\/p>\n<ul>\n<li>AIS (Automatiskt identifieringssystem)<\/li>\n<li>Integrerad DSC-s\u00e4ndare (Digital Selective Calling)*<\/li>\n<li>30 % (typ) mindre \u00e4n konkurrenterna<\/li>\n<li>Automatisk aktivering<\/li>\n<li>Enkel integrering av flytv\u00e4st**<\/li>\n<li>7 \u00e5rs batteritid<\/li>\n<li>24+ timmars livsl\u00e4ngd<\/li>\n<li>5 \u00e5rs garanti\u2020<\/li>\n<li>Snabb exakt positionering<\/li>\n<\/ul>\n<p>&nbsp;<\/p>\n<p><em><strong>Kompatibilitet:<\/strong> De flesta moderna AIS-plotter och DSC VHF uppfyller de standarder som kr\u00e4vs f\u00f6r att ta emot MOB -s\u00e4ndningar. Det rekommenderas dock, s\u00e4rskilt om du anv\u00e4nder \u00e4ldre utrustning, att du kontrollerar kompatibiliteten med utrustningstillverkaren. Se vanliga fr\u00e5gor nedan f\u00f6r mer information.<br \/>\n<\/em><\/p>\n<p>&nbsp;<\/p>\n<p>MOB1 kan konfigureras av anv\u00e4ndaren f\u00f6r att ange fartygets DSC MMSI-nummer* genom att ladda ner programvaran p\u00e5 l\u00e4nken nedan. Fartygets DSC-nummer kan programmeras flera g\u00e5nger. <\/p>\n<p>&nbsp;<\/p>\n<p><span style=\"color: #c22f00\">* DSC-funktioner \u00e4r f\u00f6rem\u00e5l f\u00f6r landets regler.<\/span><br \/>\n<span style=\"color: #c22f00\"><em>** Kontakta alltid tillverkaren f\u00f6r specifika instruktioner innan du installerar denna produkt direkt p\u00e5 din flytv\u00e4st.<\/em><\/span><br \/>\n<span style=\"color: #c22f00\">\u2020 Med f\u00f6rbeh\u00e5ll f\u00f6r garantif\u00f6rklaringen. ( <em>Obs: N\u00e4r den anv\u00e4nds i kommersiella applikationer \u00e4r garantiperioden begr\u00e4nsad till tv\u00e5 \u00e5r.<\/em> )<\/span><\/p>\n","protected":false},"excerpt":{"rendered":"<p>V\u00e4rldens minsta AIS MOB -enhet med integrerad DSC.<\/p>\n<ul>\n<li>AIS (Automatiskt identifieringssystem)<\/li>\n<li>Integrerad DSC-s\u00e4ndare (Digital Selective Calling)*<\/li>\n<li>30 % (typ) mindre \u00e4n konkurrenterna<\/li>\n<li>Automatisk aktivering<\/li>\n<li>Enkel integrering av flytv\u00e4st**<\/li>\n<li>7 \u00e5rs batteritid<\/li>\n<li>24+ timmars livsl\u00e4ngd<\/li>\n<li>5 \u00e5rs garanti\u2020<\/li>\n<li>Snabb exakt positionering<\/li>\n<\/ul>\n<p><img loading=\"lazy\" decoding=\"async\" class=\"alignnone size-medium wp-image-609\" src=\"http:\/\/oceansignal.com\/wp-content\/uploads\/2023\/09\/MT_Dame-logo_nominated_RGB-small-300x70.jpg\" alt=\"\" width=\"300\" height=\"70\" srcset=\"https:\/\/oceansignal.com\/wp-content\/uploads\/2023\/09\/MT_Dame-logo_nominated_RGB-small-300x70.jpg 300w, https:\/\/oceansignal.com\/wp-content\/uploads\/2023\/09\/MT_Dame-logo_nominated_RGB-small.jpg 323w\" sizes=\"auto, (max-width: 300px) 100vw, 300px\" \/><\/p>\n<p>Bel\u00e4gen i Storbritannien eller EU?  <a href=\"https:\/\/oceansignal.com\/sv\/products\/rescueme-mob2\/\">Kolla in den nya Ocean Signal MOB2 fr\u00e5n 2025.<\/a><\/p>\n<p><a href=\"https:\/\/www.dropbox.com\/s\/8343nj28z0d7bxa\/Prop%2065%20-%20BPA.pdf?dl=0\">VARNING: PROP 65<\/a><\/p>\n","protected":false},"featured_media":19231,"template":"","meta":{"_acf_changed":false,"om_disable_all_campaigns":false},"product_brand":[],"product_cat":[955,468],"product_tag":[498,957,501],"class_list":{"0":"post-7806","1":"product","2":"type-product","3":"status-publish","4":"has-post-thumbnail","6":"product_cat-man-overbord","7":"product_cat-rescueme-sv","8":"product_tag-ais-mob-sv","9":"product_tag-man-overbord","10":"product_tag-mobb","12":"first","13":"instock","14":"taxable","15":"shipping-taxable","16":"purchasable","17":"product-type-simple"},"acf":[],"yoast_head":"<!-- This site is optimized with the Yoast SEO Premium plugin v25.2 (Yoast SEO v26.4) - https:\/\/yoast.com\/wordpress\/plugins\/seo\/ -->\n<title>rescueME MOB1 - Ocean Signal<\/title>\n<meta name=\"description\" content=\"Ocean Signal rescueME MOB1 AIS Man Overboard Beacon \u00e4r den ultimata l\u00f6sningen f\u00f6r sj\u00f6s\u00e4kerhet, speciellt utformad f\u00f6r att hj\u00e4lpa till i SOS-situationer.\" \/>\n<meta name=\"robots\" content=\"index, follow, max-snippet:-1, max-image-preview:large, max-video-preview:-1\" \/>\n<link rel=\"canonical\" href=\"https:\/\/oceansignal.com\/sv\/products\/rescueme-mob1\/\" \/>\n<meta property=\"og:locale\" content=\"sv_SE\" \/>\n<meta property=\"og:type\" content=\"article\" \/>\n<meta property=\"og:title\" content=\"rescueME MOB1\" \/>\n<meta property=\"og:description\" content=\"Ocean Signal rescueME MOB1 AIS Man Overboard Beacon \u00e4r den ultimata l\u00f6sningen f\u00f6r sj\u00f6s\u00e4kerhet, speciellt utformad f\u00f6r att hj\u00e4lpa till i SOS-situationer.\" \/>\n<meta property=\"og:url\" content=\"https:\/\/oceansignal.com\/sv\/products\/rescueme-mob1\/\" \/>\n<meta property=\"og:site_name\" content=\"Ocean Signal\" \/>\n<meta property=\"article:modified_time\" content=\"2025-09-23T14:59:20+00:00\" \/>\n<meta property=\"og:image\" content=\"https:\/\/oceansignal.com\/wp-content\/uploads\/2023\/09\/MOB1-square-1.jpg\" \/>\n\t<meta property=\"og:image:width\" content=\"1000\" \/>\n\t<meta property=\"og:image:height\" content=\"1000\" \/>\n\t<meta property=\"og:image:type\" content=\"image\/jpeg\" \/>\n<meta name=\"twitter:card\" content=\"summary_large_image\" \/>\n<meta name=\"twitter:label1\" content=\"Ber\u00e4knad l\u00e4stid\" \/>\n\t<meta name=\"twitter:data1\" content=\"3 minuter\" \/>\n<script type=\"application\/ld+json\" class=\"yoast-schema-graph\">{\"@context\":\"https:\/\/schema.org\",\"@graph\":[{\"@type\":\"WebPage\",\"@id\":\"https:\/\/oceansignal.com\/sv\/products\/rescueme-mob1\/\",\"url\":\"https:\/\/oceansignal.com\/sv\/products\/rescueme-mob1\/\",\"name\":\"rescueME MOB1 - Ocean Signal\",\"isPartOf\":{\"@id\":\"https:\/\/oceansignal.com\/sv\/#website\"},\"primaryImageOfPage\":{\"@id\":\"https:\/\/oceansignal.com\/sv\/products\/rescueme-mob1\/#primaryimage\"},\"image\":{\"@id\":\"https:\/\/oceansignal.com\/sv\/products\/rescueme-mob1\/#primaryimage\"},\"thumbnailUrl\":\"https:\/\/oceansignal.com\/wp-content\/uploads\/2023\/09\/MOB1-square-1.jpg\",\"datePublished\":\"2023-09-07T14:40:28+00:00\",\"dateModified\":\"2025-09-23T14:59:20+00:00\",\"description\":\"Ocean Signal rescueME MOB1 AIS Man Overboard Beacon \u00e4r den ultimata l\u00f6sningen f\u00f6r sj\u00f6s\u00e4kerhet, speciellt utformad f\u00f6r att hj\u00e4lpa till i SOS-situationer.\",\"breadcrumb\":{\"@id\":\"https:\/\/oceansignal.com\/sv\/products\/rescueme-mob1\/#breadcrumb\"},\"inLanguage\":\"sv-SE\",\"potentialAction\":[{\"@type\":\"ReadAction\",\"target\":[\"https:\/\/oceansignal.com\/sv\/products\/rescueme-mob1\/\"]}]},{\"@type\":\"ImageObject\",\"inLanguage\":\"sv-SE\",\"@id\":\"https:\/\/oceansignal.com\/sv\/products\/rescueme-mob1\/#primaryimage\",\"url\":\"https:\/\/oceansignal.com\/wp-content\/uploads\/2023\/09\/MOB1-square-1.jpg\",\"contentUrl\":\"https:\/\/oceansignal.com\/wp-content\/uploads\/2023\/09\/MOB1-square-1.jpg\",\"width\":1000,\"height\":1000,\"caption\":\"Ocean Signal rescueME MOB1 AIS Man Overboard Beacon med DSC. V\u00e4rldens minsta MOB .\"},{\"@type\":\"BreadcrumbList\",\"@id\":\"https:\/\/oceansignal.com\/sv\/products\/rescueme-mob1\/#breadcrumb\",\"itemListElement\":[{\"@type\":\"ListItem\",\"position\":1,\"name\":\"Produkter\",\"item\":\"https:\/\/oceansignal.com\/sv\/produkter\/\"},{\"@type\":\"ListItem\",\"position\":2,\"name\":\"rescueME MOB1\"}]},{\"@type\":\"WebSite\",\"@id\":\"https:\/\/oceansignal.com\/sv\/#website\",\"url\":\"https:\/\/oceansignal.com\/sv\/\",\"name\":\"Ocean Signal\",\"description\":\"A leading manufacturer of EPIRBs, AIS, SARTs, Personal Locator Beacons, Man Overboard Beacon for the Marine and Outdoor Markets.\",\"potentialAction\":[{\"@type\":\"SearchAction\",\"target\":{\"@type\":\"EntryPoint\",\"urlTemplate\":\"https:\/\/oceansignal.com\/sv\/?s={search_term_string}\"},\"query-input\":{\"@type\":\"PropertyValueSpecification\",\"valueRequired\":true,\"valueName\":\"search_term_string\"}}],\"inLanguage\":\"sv-SE\"}]}<\/script>\n<!-- \/ Yoast SEO Premium plugin. -->","yoast_head_json":{"title":"rescueME MOB1 - Ocean Signal","description":"Ocean Signal rescueME MOB1 AIS Man Overboard Beacon \u00e4r den ultimata l\u00f6sningen f\u00f6r sj\u00f6s\u00e4kerhet, speciellt utformad f\u00f6r att hj\u00e4lpa till i SOS-situationer.","robots":{"index":"index","follow":"follow","max-snippet":"max-snippet:-1","max-image-preview":"max-image-preview:large","max-video-preview":"max-video-preview:-1"},"canonical":"https:\/\/oceansignal.com\/sv\/products\/rescueme-mob1\/","og_locale":"sv_SE","og_type":"article","og_title":"rescueME MOB1","og_description":"Ocean Signal rescueME MOB1 AIS Man Overboard Beacon \u00e4r den ultimata l\u00f6sningen f\u00f6r sj\u00f6s\u00e4kerhet, speciellt utformad f\u00f6r att hj\u00e4lpa till i SOS-situationer.","og_url":"https:\/\/oceansignal.com\/sv\/products\/rescueme-mob1\/","og_site_name":"Ocean Signal","article_modified_time":"2025-09-23T14:59:20+00:00","og_image":[{"width":1000,"height":1000,"url":"https:\/\/oceansignal.com\/wp-content\/uploads\/2023\/09\/MOB1-square-1.jpg","type":"image\/jpeg"}],"twitter_card":"summary_large_image","twitter_misc":{"Ber\u00e4knad l\u00e4stid":"3 minuter"},"schema":{"@context":"https:\/\/schema.org","@graph":[{"@type":"WebPage","@id":"https:\/\/oceansignal.com\/sv\/products\/rescueme-mob1\/","url":"https:\/\/oceansignal.com\/sv\/products\/rescueme-mob1\/","name":"rescueME MOB1 - Ocean Signal","isPartOf":{"@id":"https:\/\/oceansignal.com\/sv\/#website"},"primaryImageOfPage":{"@id":"https:\/\/oceansignal.com\/sv\/products\/rescueme-mob1\/#primaryimage"},"image":{"@id":"https:\/\/oceansignal.com\/sv\/products\/rescueme-mob1\/#primaryimage"},"thumbnailUrl":"https:\/\/oceansignal.com\/wp-content\/uploads\/2023\/09\/MOB1-square-1.jpg","datePublished":"2023-09-07T14:40:28+00:00","dateModified":"2025-09-23T14:59:20+00:00","description":"Ocean Signal rescueME MOB1 AIS Man Overboard Beacon \u00e4r den ultimata l\u00f6sningen f\u00f6r sj\u00f6s\u00e4kerhet, speciellt utformad f\u00f6r att hj\u00e4lpa till i SOS-situationer.","breadcrumb":{"@id":"https:\/\/oceansignal.com\/sv\/products\/rescueme-mob1\/#breadcrumb"},"inLanguage":"sv-SE","potentialAction":[{"@type":"ReadAction","target":["https:\/\/oceansignal.com\/sv\/products\/rescueme-mob1\/"]}]},{"@type":"ImageObject","inLanguage":"sv-SE","@id":"https:\/\/oceansignal.com\/sv\/products\/rescueme-mob1\/#primaryimage","url":"https:\/\/oceansignal.com\/wp-content\/uploads\/2023\/09\/MOB1-square-1.jpg","contentUrl":"https:\/\/oceansignal.com\/wp-content\/uploads\/2023\/09\/MOB1-square-1.jpg","width":1000,"height":1000,"caption":"Ocean Signal rescueME MOB1 AIS Man Overboard Beacon med DSC. V\u00e4rldens minsta MOB ."},{"@type":"BreadcrumbList","@id":"https:\/\/oceansignal.com\/sv\/products\/rescueme-mob1\/#breadcrumb","itemListElement":[{"@type":"ListItem","position":1,"name":"Produkter","item":"https:\/\/oceansignal.com\/sv\/produkter\/"},{"@type":"ListItem","position":2,"name":"rescueME MOB1"}]},{"@type":"WebSite","@id":"https:\/\/oceansignal.com\/sv\/#website","url":"https:\/\/oceansignal.com\/sv\/","name":"Ocean Signal","description":"A leading manufacturer of EPIRBs, AIS, SARTs, Personal Locator Beacons, Man Overboard Beacon for the Marine and Outdoor Markets.","potentialAction":[{"@type":"SearchAction","target":{"@type":"EntryPoint","urlTemplate":"https:\/\/oceansignal.com\/sv\/?s={search_term_string}"},"query-input":{"@type":"PropertyValueSpecification","valueRequired":true,"valueName":"search_term_string"}}],"inLanguage":"sv-SE"}]}},"_links":{"self":[{"href":"https:\/\/oceansignal.com\/sv\/wp-json\/wp\/v2\/product\/7806","targetHints":{"allow":["GET"]}}],"collection":[{"href":"https:\/\/oceansignal.com\/sv\/wp-json\/wp\/v2\/product"}],"about":[{"href":"https:\/\/oceansignal.com\/sv\/wp-json\/wp\/v2\/types\/product"}],"wp:featuredmedia":[{"embeddable":true,"href":"https:\/\/oceansignal.com\/sv\/wp-json\/wp\/v2\/media\/19231"}],"wp:attachment":[{"href":"https:\/\/oceansignal.com\/sv\/wp-json\/wp\/v2\/media?parent=7806"}],"wp:term":[{"taxonomy":"product_brand","embeddable":true,"href":"https:\/\/oceansignal.com\/sv\/wp-json\/wp\/v2\/product_brand?post=7806"},{"taxonomy":"product_cat","embeddable":true,"href":"https:\/\/oceansignal.com\/sv\/wp-json\/wp\/v2\/product_cat?post=7806"},{"taxonomy":"product_tag","embeddable":true,"href":"https:\/\/oceansignal.com\/sv\/wp-json\/wp\/v2\/product_tag?post=7806"}],"curies":[{"name":"wp","href":"https:\/\/api.w.org\/{rel}","templated":true}]}}