{"id":7815,"date":"2023-03-27T07:28:36","date_gmt":"2023-03-27T07:28:36","guid":{"rendered":"https:\/\/oceansignal.com\/products\/rescueme-epirb3\/"},"modified":"2026-03-25T10:10:52","modified_gmt":"2026-03-25T10:10:52","slug":"rescueme-epirb3","status":"publish","type":"product","link":"https:\/\/oceansignal.com\/sv\/products\/rescueme-epirb3\/","title":{"rendered":"rescueME EPIRB3"},"content":{"rendered":"<p class=\"ai-optimize-38\"><a href=\"https:\/\/www.dropbox.com\/s\/8343nj28z0d7bxa\/Prop%2065%20-%20BPA.pdf?dl=0\" data-cke-saved-href=\"https:\/\/www.dropbox.com\/s\/8343nj28z0d7bxa\/Prop%2065%20-%20BPA.pdf?dl=0\">VARNING: PROP 65<\/a><\/p>\n<p class=\"ai-optimize-39\">Sammanfattning:<\/p>\n<p class=\"ai-optimize-40\">Den nya Ocean Signal rescueME EPIRB3 \u00e4r en fullfj\u00e4drad 406 MHz global GMDSS-godk\u00e4nd n\u00f6dpositionsindikerande radios\u00e4ndare som levereras med ett manuellt utl\u00f6sningsf\u00e4ste och packar en m\u00e4ngd funktioner i en kompakt och modern design som inkluderar AIS-teknik. AIS ger lokala r\u00e4ddningsarbetare exakt och tillf\u00f6rlitlig information om den aktuella n\u00f6ds\u00e4ndarens position, vilket p\u00e5skyndar r\u00e4ddningsinsatserna. Dessutom tryggar Return Link Service (RLS) de som aktiverar s\u00e4ndaren genom att bekr\u00e4fta att deras n\u00f6dmeddelande har mottagits. Integreringen av Near Field Communication (NFC) m\u00f6jligg\u00f6r anv\u00e4ndning av en smartphone-app f\u00f6r att \u00f6vervaka EPIRB :s batteri och andra funktioner och s\u00e4kerst\u00e4lla att den fungerar korrekt. Med sin smala design och avancerade funktioner \u00e4r EPIRB3 idealisk f\u00f6r en m\u00e4ngd olika sj\u00f6m\u00e4n, oavsett om de seglar p\u00e5 Medelhavet, ut p\u00e5 seglats, fiskar, arbetar eller seglar till havs.    <\/p>\n<p class=\"ai-optimize-41\">Beskrivning:<\/p>\n<p class=\"ai-optimize-42\">Ocean Signal nya EPIRB3 (Emergency Position Indicating Radio Beacon) \u00f6kar tillf\u00f6rlitligheten och f\u00f6renklar r\u00e4ddningsinsatser med nya avancerade funktioner. Denna nya GMDSS-godk\u00e4nda EPIRB s\u00e4nder ut en digital n\u00f6dsignal p\u00e5 406 MHz som meddelar r\u00e4ddare globalt via satellit och s\u00e4nder ut VHF-signaler fr\u00e5n det automatiska identifieringssystemet (AIS) lokalt f\u00f6r att hj\u00e4lpa r\u00e4ddare att hitta fyren snabbare. N\u00e4r EPIRB3 aktiveras s\u00e4nder den en n\u00f6dsignal till det globala satellitr\u00e4ddningssystemet <a href=\"https:\/\/www.cospas-sarsat.int\/en\/\">Cospas-Sarsat<\/a> och skickar samtidigt ut en AIS-varning p\u00e5 VHF-frekvenser som omedelbart kan ses av alla n\u00e4rliggande fartyg utrustade med AIS. Return Link Service (RLS) ger anv\u00e4ndaren visuell bekr\u00e4ftelse p\u00e5 att deras n\u00f6dmeddelande har mottagits. Kombinationen av AIS, en 121,5 MHz m\u00e5ls\u00f6karsignal och synliga och infrar\u00f6da blixtljus snabbar upp \u00e5terh\u00e4mtningstiderna genom att l\u00e5ta r\u00e4ddare lokalisera fyrens plats, \u00e4ven om den har drivit, oavsett tid p\u00e5 dygnet. N\u00e4rf\u00e4ltskommunikation (NFC) \u00e4r en fantastisk ny funktion som g\u00f6r det m\u00f6jligt f\u00f6r anv\u00e4ndare att \u00f6vervaka EPIRB3 med hj\u00e4lp av en gratis mobilapp f\u00f6r smartphones, vilket s\u00e4kerst\u00e4ller att batteriet har tillr\u00e4ckligt med str\u00f6m och att fyren fungerar korrekt innan de ger sig av.     <\/p>\n<p>&nbsp;<\/p>\n<p class=\"ai-optimize-43\">Avancerad marin s\u00e4kerhets- och r\u00e4ddningsteknik fr\u00e5n Ocean Signal i nya EPIRB3 med AIS kombinerar innovativa nya funktioner i ett kompakt, ergonomiskt utformat h\u00f6lje som \u00e4r idealiskt f\u00f6r alla typer och storlekar av fritids- och kommersiella fartyg.<\/p>\n<p>&nbsp;<\/p>\n<p class=\"ai-optimize-44\"><strong>R\u00e4ddningstiderna kan f\u00f6rb\u00e4ttras med global aktivering i kombination med AIS Local beacon-s\u00e4ndning.<\/strong><\/p>\n<p>&nbsp;<\/p>\n<p class=\"ai-optimize-45\">EPIRB3 anv\u00e4nder GNSS-positioneringsn\u00e4tverk (GPS, Galileo, Glonass) f\u00f6r att ber\u00e4kna sin position globalt. N\u00e4r s\u00e4ndaren utl\u00f6ses vidarebefordrar en 406 MHz n\u00f6ds\u00e4ndning denna GPS EPIRB (GPIRB) position, med en noggrannhet p\u00e5 100 meter, till det globala <a href=\"https:\/\/www.cospas-sarsat.int\/en\/\">Cospas-Sarsat<\/a> s\u00f6k- och r\u00e4ddningssatellitn\u00e4tverket. Markstationer anslutna till satellitsystemet tar emot EPIRB identifiering och information om utplacering av r\u00e4ddningsinsatser s\u00e5 att r\u00e4ddningsinsatser kan koordineras och initieras. Med avancerad AIS-teknik som nu \u00e4r integrerad i EPIRB b\u00f6rjar s\u00e4ndaren direkt vid aktivering s\u00e4nda AIS-signaler s\u00e5 att AIS-utrustade fartyg i n\u00e4rheten omedelbart meddelas om n\u00f6dsituationen och f\u00e5r s\u00e4ndarens plats. AIS-utrustade fartyg inom VHF-r\u00e4ckvidd kommer att se ett s\u00e4kerhetsmeddelande p\u00e5 sina sk\u00e4rmar som inkluderar MMSI-fartygsidentifiering. Lokala fartyg kan omedelbart starta r\u00e4ddnings- och b\u00e4rgningsinsatser, vilket potentiellt f\u00f6rkortar b\u00e4rgningstiden och r\u00e4ddar liv. Eftersom ett AIS-m\u00e5l visas p\u00e5 displayen ombord p\u00e5 alla n\u00e4rliggande AIS-utrustade fartyg kan de enkelt navigera direkt till EPIRB genom att v\u00e4lja AIS-m\u00e5let. \u00c4ven n\u00e4r inga lokala fartyg \u00e4r tillg\u00e4ngliga, kommer AIS att p\u00e5skynda \u00e5terh\u00e4mtningstiden genom att l\u00e5ta maritima SAR-operat\u00f6rer lokalisera EPIRB :s position n\u00e4r de n\u00e4rmar sig. Kombinationen av globala satellitanrop via n\u00f6danrop, exakt GPIRB-positions\u00f6verf\u00f6ring och lokala AIS-s\u00e4kerhetsmeddelanden kommer avsev\u00e4rt att f\u00f6rb\u00e4ttra \u00e5terh\u00e4mtningstiden och framg\u00e5ngen.        <\/p>\n<p>&nbsp;<\/p>\n<p class=\"ai-optimize-46\"><strong>Near Field Communication (NFC) tillhandah\u00e5ller EPIRB diagnostik med hj\u00e4lp av en smartphone.<\/strong><\/p>\n<p>&nbsp;<\/p>\n<p class=\"ai-optimize-47\">Anv\u00e4ndare av n\u00f6dpositionsindikerande radiofyrar kan nu kontrollera sin EPIRB genom att ansluta sin smartphone till den med <a href=\"https:\/\/www.youtube.com\/watch?v=MRXLii6r3n4&amp;t=10s\">NFC (Near Field Communication)<\/a> . Denna teknik ansluter en smartphone som placeras intill EPIRB3 genom att starta den kostnadsfria Ocean Signal produktappen automatiskt. Fullst\u00e4ndig diagnostik finns tillg\u00e4nglig i appen och visar anv\u00e4ndaren aktuell batteritid, antal slutf\u00f6rda sj\u00e4lvtester, antal slutf\u00f6rda GNSS-tester och hur l\u00e4nge EPIRB har varit aktiverad. Detaljerad information, inklusive en kartvy som visar var ett GNSS-test utf\u00f6rdes, datum och tid f\u00f6r testet, den tid det tog f\u00f6r EPIRB att f\u00e5 en fixering av GNSS-koordinaterna, antal satelliter som anv\u00e4ndes f\u00f6r att erh\u00e5lla den fixeringen och fixeringens noggrannhet, visas alla bekv\u00e4mt. Ocean Signal kostnadsfria mobilapp och NFC-funktionalitet ger anv\u00e4ndarna all information de beh\u00f6ver f\u00f6r att bekr\u00e4fta att deras EPIRB \u00e4r fullt fungerande och redo f\u00f6r drifts\u00e4ttning i h\u00e4ndelse av en n\u00f6dsituation.    <\/p>\n<p>&nbsp;<\/p>\n<p class=\"ai-optimize-48\"><strong>Convenient Return Link Service (RLS) talar om f\u00f6r anv\u00e4ndarna att deras n\u00f6danrop har tagits emot.<\/strong><\/p>\n<p>&nbsp;<\/p>\n<p class=\"ai-optimize-49\">EPIRB-enheter s\u00e4tts in i n\u00f6dsituationer och r\u00e4ddningsinsatser kan ta tid, s\u00e4rskilt om det n\u00f6dst\u00e4llda fartyget \u00e4r l\u00e5ngt till havs. EPIRB3 \u00e4r utrustad med Return Link Service som meddelar anv\u00e4ndarna att n\u00f6dsignalen fr\u00e5n fyren har levererats. RLS-signalen skickas tillbaka via <a href=\"https:\/\/www.euspa.europa.eu\/european-space\/galileo\/services\/search-and-rescue-sar-galileo-service\">Galileo-satellitn\u00e4tverket<\/a> f\u00f6r att bekr\u00e4fta att n\u00f6dmeddelandet tillsammans med den exakta EPIRB platsen och identifierare har mottagits. Ett enkelt blinkande bl\u00e5tt ljus visar anv\u00e4ndarna att EPIRB har anslutit via satellitn\u00e4tverket och att r\u00e4ddningspersonalen kommer att meddelas. Att veta att den digitala n\u00f6dsignalen har kommunicerats tillsammans med EPIRB identifieringen och fyrens plats hj\u00e4lper de i n\u00f6d att f\u00f6rbli lugna medan de v\u00e4ntar p\u00e5 r\u00e4ddningsinsatser.    <\/p>\n<p>&nbsp;<\/p>\n<p class=\"ai-optimize-50\"><strong>Monteringsf\u00e4ste<\/strong><\/p>\n<p>&nbsp;<\/p>\n<p class=\"ai-optimize-51\">EPIRB3 levereras komplett med ett monteringsf\u00e4ste f\u00f6r manuell frig\u00f6ring av kategori tv\u00e5. Detta f\u00e4ste f\u00f6rvarar EPIRB3 s\u00e4kert under hela din resa, oavsett vilka f\u00f6rh\u00e5llanden som uppst\u00e5r. Det ger ocks\u00e5 en snabb frig\u00f6ring s\u00e5 att EPIRB snabbt och enkelt kan tas bort vid behov.  <\/p>\n<p>&nbsp;<\/p>\n<p class=\"ai-optimize-52\">Ocean Signal anv\u00e4nder avancerad teknik och h\u00f6gkvalitativa tillverkningsprocesser f\u00f6r att utveckla och producera elektroniska r\u00e4ddningsanordningar och andra livr\u00e4ddande produkter av h\u00f6g kvalitet. Den nya EPIRB3 med sin konturerade profil \u00e4r lika l\u00e4mpad f\u00f6r b\u00e5de segelb\u00e5tar och motorb\u00e5tar. B\u00e5de fritids- och kommersiella anv\u00e4ndare kan vara s\u00e4kra p\u00e5 att funktionerna i denna nya n\u00f6dpositionsindikerande radiofyr ger h\u00f6gsta m\u00f6jliga chans till en effektiv och framg\u00e5ngsrik r\u00e4ddning oavsett vart de befinner sig. En m\u00e4ngd h\u00f6gteknologiska funktioner i EPIRB3 kombineras med en unik design som g\u00f6r att den kan anv\u00e4ndas effektivt p\u00e5 alla typer av fartyg, oavsett om de arbetar eller leker n\u00e4ra stranden, till havs eller korsar jorden.   <\/p>\n<p class=\"ai-optimize-53\">F\u00f6r kategori 1 flytfri version: <a href=\"https:\/\/oceansignal.com\/products\/safesea-epirb3-pro\/\">safeSEA EPIRB3 Pro<\/a><\/p>\n<p class=\"ai-optimize-54\"><strong>Funktioner:<\/strong><\/p>\n<p>&nbsp;<\/p>\n<ul>\n<li class=\"ai-optimize-55\">30% (typ) mindre<\/li>\n<li class=\"ai-optimize-56\">Larm f\u00f6r AIS-n\u00f6d<\/li>\n<li class=\"ai-optimize-57\">Tj\u00e4nst f\u00f6r returl\u00e4nk (RLS)<\/li>\n<li class=\"ai-optimize-58\">Mobil anslutning med NFC (Near Field Communication)<\/li>\n<li class=\"ai-optimize-59\">Gratis App (Apple och Android)<\/li>\n<li class=\"ai-optimize-60\">10 \u00e5rs batteritid<\/li>\n<li class=\"ai-optimize-61\">48+ timmars livsl\u00e4ngd<\/li>\n<li class=\"ai-optimize-62\">2 \u00e5rs garanti (kan f\u00f6rl\u00e4nga garantin till 5 \u00e5r via produktregistrering hos Ocean Signal )<\/li>\n<li class=\"ai-optimize-63\">Snabb exakt positionering med 72-kanals GPS<\/li>\n<li class=\"ai-optimize-64\">Inf\u00e4llbar antenn<\/li>\n<li class=\"ai-optimize-65\">F\u00e4ste f\u00f6r snabbkoppling<\/li>\n<li class=\"ai-optimize-66\">S\u00e4ker snodd<\/li>\n<\/ul>\n<p>&nbsp;<\/p>\n","protected":false},"excerpt":{"rendered":"<p class=\"ai-optimize-14\" data-start=\"318\" data-end=\"494\">RescueME EPIRB3 kombinerar global r\u00e4ddningst\u00e4ckning och har inbyggd AIS f\u00f6r smarta lokala r\u00e4ddningsfunktioner i en kompakt enhet.<\/p>\n<ul>\n<li class=\"ai-optimize-15\" style=\"list-style-type: none;\">\n<ul data-start=\"496\" data-end=\"1135\">\n<li class=\"ai-optimize-16\" data-start=\"496\" data-end=\"748\">\n<p class=\"ai-optimize-17\" data-start=\"498\" data-end=\"748\"><strong data-start=\"498\" data-end=\"544\">Global SAR-anslutning via Cospas-Sarsat:<\/strong> Skickar din 406 MHz-n\u00f6dsignal direkt till internationella s\u00f6k- och r\u00e4ddningstj\u00e4nster \u2013 vilket s\u00e4kerst\u00e4ller en <strong data-start=\"678\" data-end=\"725\">garanterad,<\/strong> regeringskoordinerad respons var som helst i v\u00e4rlden, dygnet runt, \u00e5ret om.<\/p>\n<\/li>\n<li class=\"ai-optimize-18\" data-start=\"749\" data-end=\"929\">\n<p class=\"ai-optimize-19\" data-start=\"751\" data-end=\"929\"><strong data-start=\"751\" data-end=\"787\">Return Link Service (RLS) + AIS:<\/strong> Bekr\u00e4ftar att din signal togs emot med ett visuellt bl\u00e5tt ljus, medan AIS s\u00e4nder din plats till n\u00e4rliggande fartyg f\u00f6r <strong data-start=\"905\" data-end=\"928\">r\u00e4ddning i dubbla lager<\/strong> .<\/p>\n<\/li>\n<li class=\"ai-optimize-20\" data-start=\"930\" data-end=\"1135\">\n<p class=\"ai-optimize-21\" data-start=\"932\" data-end=\"1135\"><strong data-start=\"932\" data-end=\"968\">Tillf\u00f6rlitlig prestanda med l\u00e5ng livsl\u00e4ngd:<\/strong> Har en GNSS-mottagare med h\u00f6g noggrannhet, 48+ timmars batteritid efter aktivering och uppfyller helt <strong data-start=\"1091\" data-end=\"1098\">IMO:s<\/strong> och <strong data-start=\"1103\" data-end=\"1112\">SOLAS:s<\/strong> krav f\u00f6r transport.<\/p>\n<\/li>\n<li class=\"ai-optimize-22\" data-start=\"930\" data-end=\"1135\"><strong>Ingen prenumerationsavgift<\/strong> .<\/li>\n<\/ul>\n<\/li>\n<\/ul>\n","protected":false},"featured_media":12426,"template":"","meta":{"_acf_changed":false,"om_disable_all_campaigns":false},"product_brand":[],"product_cat":[865,468],"product_tag":[500,867,873,869,871],"class_list":{"0":"post-7815","1":"product","2":"type-product","3":"status-publish","4":"has-post-thumbnail","6":"product_cat-epirb-sv","7":"product_cat-rescueme-sv","8":"product_tag-ais-sv","9":"product_tag-epirb-sv","10":"product_tag-epirb3-sv","11":"product_tag-nfc-sv","12":"product_tag-rls-sv","14":"first","15":"instock","16":"taxable","17":"shipping-taxable","18":"purchasable","19":"product-type-simple"},"acf":[],"yoast_head":"<!-- This site is optimized with the Yoast SEO Premium plugin v25.2 (Yoast SEO v26.4) - https:\/\/yoast.com\/wordpress\/plugins\/seo\/ -->\n<title>rescueME EPIRB3 - Ocean Signal<\/title>\n<meta name=\"description\" content=\"H\u00e5ll dig s\u00e4ker till sj\u00f6ss med rescueME EPIRB3 : Denna n\u00f6dpositionsindikerande radiofyr eller EPIRB inkluderar nu AIS och \u00e4r GMDSS-godk\u00e4nd f\u00f6r b\u00e5t\u00e4gare. K\u00f6p nu!\" \/>\n<meta name=\"robots\" content=\"index, follow, max-snippet:-1, max-image-preview:large, max-video-preview:-1\" \/>\n<link rel=\"canonical\" href=\"https:\/\/oceansignal.com\/sv\/products\/rescueme-epirb3\/\" \/>\n<meta property=\"og:locale\" content=\"sv_SE\" \/>\n<meta property=\"og:type\" content=\"article\" \/>\n<meta property=\"og:title\" content=\"rescueME EPIRB3\" \/>\n<meta property=\"og:description\" content=\"H\u00e5ll dig s\u00e4ker till sj\u00f6ss med rescueME EPIRB3 : Denna n\u00f6dpositionsindikerande radiofyr eller EPIRB inkluderar nu AIS och \u00e4r GMDSS-godk\u00e4nd f\u00f6r b\u00e5t\u00e4gare. K\u00f6p nu!\" \/>\n<meta property=\"og:url\" content=\"https:\/\/oceansignal.com\/sv\/products\/rescueme-epirb3\/\" \/>\n<meta property=\"og:site_name\" content=\"Ocean Signal\" \/>\n<meta property=\"article:modified_time\" content=\"2026-03-25T10:10:52+00:00\" \/>\n<meta property=\"og:image\" content=\"https:\/\/oceansignal.com\/wp-content\/uploads\/2023\/03\/EPIRB3-Front.png\" \/>\n\t<meta property=\"og:image:width\" content=\"800\" \/>\n\t<meta property=\"og:image:height\" content=\"800\" \/>\n\t<meta property=\"og:image:type\" content=\"image\/png\" \/>\n<meta name=\"twitter:card\" content=\"summary_large_image\" \/>\n<meta name=\"twitter:label1\" content=\"Ber\u00e4knad l\u00e4stid\" \/>\n\t<meta name=\"twitter:data1\" content=\"6 minuter\" \/>\n<script type=\"application\/ld+json\" class=\"yoast-schema-graph\">{\"@context\":\"https:\/\/schema.org\",\"@graph\":[{\"@type\":\"WebPage\",\"@id\":\"https:\/\/oceansignal.com\/sv\/products\/rescueme-epirb3\/\",\"url\":\"https:\/\/oceansignal.com\/sv\/products\/rescueme-epirb3\/\",\"name\":\"rescueME EPIRB3 - Ocean Signal\",\"isPartOf\":{\"@id\":\"https:\/\/oceansignal.com\/sv\/#website\"},\"primaryImageOfPage\":{\"@id\":\"https:\/\/oceansignal.com\/sv\/products\/rescueme-epirb3\/#primaryimage\"},\"image\":{\"@id\":\"https:\/\/oceansignal.com\/sv\/products\/rescueme-epirb3\/#primaryimage\"},\"thumbnailUrl\":\"https:\/\/oceansignal.com\/wp-content\/uploads\/2023\/03\/EPIRB3-Front.png\",\"datePublished\":\"2023-03-27T07:28:36+00:00\",\"dateModified\":\"2026-03-25T10:10:52+00:00\",\"description\":\"H\u00e5ll dig s\u00e4ker till sj\u00f6ss med rescueME EPIRB3 : Denna n\u00f6dpositionsindikerande radiofyr eller EPIRB inkluderar nu AIS och \u00e4r GMDSS-godk\u00e4nd f\u00f6r b\u00e5t\u00e4gare. K\u00f6p nu!\",\"breadcrumb\":{\"@id\":\"https:\/\/oceansignal.com\/sv\/products\/rescueme-epirb3\/#breadcrumb\"},\"inLanguage\":\"sv-SE\",\"potentialAction\":[{\"@type\":\"ReadAction\",\"target\":[\"https:\/\/oceansignal.com\/sv\/products\/rescueme-epirb3\/\"]}]},{\"@type\":\"ImageObject\",\"inLanguage\":\"sv-SE\",\"@id\":\"https:\/\/oceansignal.com\/sv\/products\/rescueme-epirb3\/#primaryimage\",\"url\":\"https:\/\/oceansignal.com\/wp-content\/uploads\/2023\/03\/EPIRB3-Front.png\",\"contentUrl\":\"https:\/\/oceansignal.com\/wp-content\/uploads\/2023\/03\/EPIRB3-Front.png\",\"width\":800,\"height\":800},{\"@type\":\"BreadcrumbList\",\"@id\":\"https:\/\/oceansignal.com\/sv\/products\/rescueme-epirb3\/#breadcrumb\",\"itemListElement\":[{\"@type\":\"ListItem\",\"position\":1,\"name\":\"Produkter\",\"item\":\"https:\/\/oceansignal.com\/sv\/produkter\/\"},{\"@type\":\"ListItem\",\"position\":2,\"name\":\"rescueME EPIRB3\"}]},{\"@type\":\"WebSite\",\"@id\":\"https:\/\/oceansignal.com\/sv\/#website\",\"url\":\"https:\/\/oceansignal.com\/sv\/\",\"name\":\"Ocean Signal\",\"description\":\"A leading manufacturer of EPIRBs, AIS, SARTs, Personal Locator Beacons, Man Overboard Beacon for the Marine and Outdoor Markets.\",\"potentialAction\":[{\"@type\":\"SearchAction\",\"target\":{\"@type\":\"EntryPoint\",\"urlTemplate\":\"https:\/\/oceansignal.com\/sv\/?s={search_term_string}\"},\"query-input\":{\"@type\":\"PropertyValueSpecification\",\"valueRequired\":true,\"valueName\":\"search_term_string\"}}],\"inLanguage\":\"sv-SE\"}]}<\/script>\n<!-- \/ Yoast SEO Premium plugin. -->","yoast_head_json":{"title":"rescueME EPIRB3 - Ocean Signal","description":"H\u00e5ll dig s\u00e4ker till sj\u00f6ss med rescueME EPIRB3 : Denna n\u00f6dpositionsindikerande radiofyr eller EPIRB inkluderar nu AIS och \u00e4r GMDSS-godk\u00e4nd f\u00f6r b\u00e5t\u00e4gare. K\u00f6p nu!","robots":{"index":"index","follow":"follow","max-snippet":"max-snippet:-1","max-image-preview":"max-image-preview:large","max-video-preview":"max-video-preview:-1"},"canonical":"https:\/\/oceansignal.com\/sv\/products\/rescueme-epirb3\/","og_locale":"sv_SE","og_type":"article","og_title":"rescueME EPIRB3","og_description":"H\u00e5ll dig s\u00e4ker till sj\u00f6ss med rescueME EPIRB3 : Denna n\u00f6dpositionsindikerande radiofyr eller EPIRB inkluderar nu AIS och \u00e4r GMDSS-godk\u00e4nd f\u00f6r b\u00e5t\u00e4gare. K\u00f6p nu!","og_url":"https:\/\/oceansignal.com\/sv\/products\/rescueme-epirb3\/","og_site_name":"Ocean Signal","article_modified_time":"2026-03-25T10:10:52+00:00","og_image":[{"width":800,"height":800,"url":"https:\/\/oceansignal.com\/wp-content\/uploads\/2023\/03\/EPIRB3-Front.png","type":"image\/png"}],"twitter_card":"summary_large_image","twitter_misc":{"Ber\u00e4knad l\u00e4stid":"6 minuter"},"schema":{"@context":"https:\/\/schema.org","@graph":[{"@type":"WebPage","@id":"https:\/\/oceansignal.com\/sv\/products\/rescueme-epirb3\/","url":"https:\/\/oceansignal.com\/sv\/products\/rescueme-epirb3\/","name":"rescueME EPIRB3 - Ocean Signal","isPartOf":{"@id":"https:\/\/oceansignal.com\/sv\/#website"},"primaryImageOfPage":{"@id":"https:\/\/oceansignal.com\/sv\/products\/rescueme-epirb3\/#primaryimage"},"image":{"@id":"https:\/\/oceansignal.com\/sv\/products\/rescueme-epirb3\/#primaryimage"},"thumbnailUrl":"https:\/\/oceansignal.com\/wp-content\/uploads\/2023\/03\/EPIRB3-Front.png","datePublished":"2023-03-27T07:28:36+00:00","dateModified":"2026-03-25T10:10:52+00:00","description":"H\u00e5ll dig s\u00e4ker till sj\u00f6ss med rescueME EPIRB3 : Denna n\u00f6dpositionsindikerande radiofyr eller EPIRB inkluderar nu AIS och \u00e4r GMDSS-godk\u00e4nd f\u00f6r b\u00e5t\u00e4gare. K\u00f6p nu!","breadcrumb":{"@id":"https:\/\/oceansignal.com\/sv\/products\/rescueme-epirb3\/#breadcrumb"},"inLanguage":"sv-SE","potentialAction":[{"@type":"ReadAction","target":["https:\/\/oceansignal.com\/sv\/products\/rescueme-epirb3\/"]}]},{"@type":"ImageObject","inLanguage":"sv-SE","@id":"https:\/\/oceansignal.com\/sv\/products\/rescueme-epirb3\/#primaryimage","url":"https:\/\/oceansignal.com\/wp-content\/uploads\/2023\/03\/EPIRB3-Front.png","contentUrl":"https:\/\/oceansignal.com\/wp-content\/uploads\/2023\/03\/EPIRB3-Front.png","width":800,"height":800},{"@type":"BreadcrumbList","@id":"https:\/\/oceansignal.com\/sv\/products\/rescueme-epirb3\/#breadcrumb","itemListElement":[{"@type":"ListItem","position":1,"name":"Produkter","item":"https:\/\/oceansignal.com\/sv\/produkter\/"},{"@type":"ListItem","position":2,"name":"rescueME EPIRB3"}]},{"@type":"WebSite","@id":"https:\/\/oceansignal.com\/sv\/#website","url":"https:\/\/oceansignal.com\/sv\/","name":"Ocean Signal","description":"A leading manufacturer of EPIRBs, AIS, SARTs, Personal Locator Beacons, Man Overboard Beacon for the Marine and Outdoor Markets.","potentialAction":[{"@type":"SearchAction","target":{"@type":"EntryPoint","urlTemplate":"https:\/\/oceansignal.com\/sv\/?s={search_term_string}"},"query-input":{"@type":"PropertyValueSpecification","valueRequired":true,"valueName":"search_term_string"}}],"inLanguage":"sv-SE"}]}},"_links":{"self":[{"href":"https:\/\/oceansignal.com\/sv\/wp-json\/wp\/v2\/product\/7815","targetHints":{"allow":["GET"]}}],"collection":[{"href":"https:\/\/oceansignal.com\/sv\/wp-json\/wp\/v2\/product"}],"about":[{"href":"https:\/\/oceansignal.com\/sv\/wp-json\/wp\/v2\/types\/product"}],"wp:featuredmedia":[{"embeddable":true,"href":"https:\/\/oceansignal.com\/sv\/wp-json\/wp\/v2\/media\/12426"}],"wp:attachment":[{"href":"https:\/\/oceansignal.com\/sv\/wp-json\/wp\/v2\/media?parent=7815"}],"wp:term":[{"taxonomy":"product_brand","embeddable":true,"href":"https:\/\/oceansignal.com\/sv\/wp-json\/wp\/v2\/product_brand?post=7815"},{"taxonomy":"product_cat","embeddable":true,"href":"https:\/\/oceansignal.com\/sv\/wp-json\/wp\/v2\/product_cat?post=7815"},{"taxonomy":"product_tag","embeddable":true,"href":"https:\/\/oceansignal.com\/sv\/wp-json\/wp\/v2\/product_tag?post=7815"}],"curies":[{"name":"wp","href":"https:\/\/api.w.org\/{rel}","templated":true}]}}