{"id":7818,"date":"2023-09-07T12:56:56","date_gmt":"2023-09-07T12:56:56","guid":{"rendered":"https:\/\/oceansignal.com\/products\/rescueme-epirb2-pro\/"},"modified":"2026-01-21T19:49:23","modified_gmt":"2026-01-21T19:49:23","slug":"rescueme-epirb2-pro","status":"publish","type":"product","link":"https:\/\/oceansignal.com\/sv\/products\/rescueme-epirb2-pro\/","title":{"rendered":"rescueME EPIRB2 Pro"},"content":{"rendered":"<p>Sammanfattning:<\/p>\n<p>Med introduktionen av Return Link Service (RLS)-teknik och Near Field Communication (NFC)-funktioner ger EPIRB2 Pro betydande f\u00f6rdelar j\u00e4mf\u00f6rt med sina f\u00f6reg\u00e5ngare. RLS ger de som aktiverar fyren trygghet genom att bekr\u00e4fta att deras n\u00f6dmeddelande har mottagits och NFC-funktionen m\u00f6jligg\u00f6r anv\u00e4ndning av en smartphone-app f\u00f6r att \u00f6vervaka EPIRB :s batteri och andra funktioner och s\u00e4kerst\u00e4lla att den fungerar korrekt. <\/p>\n<p>De innovativa nya funktionerna hos EPIRB2 Pro och det medf\u00f6ljande automatiska flytf\u00e4stet g\u00f6r den till ett utm\u00e4rkt val f\u00f6r en m\u00e4ngd olika marina till\u00e4mpningar specifika f\u00f6r b\u00e5de fritids- och kommersiella fartyg.<\/p>\n<p>Beskrivning:<\/p>\n<p>Vid utvecklingen av EPIRB2 Pro har Ocean Signal dragit nytta av sin omfattande erfarenhet av att designa och producera h\u00f6gkvalitativa, funktionsrika RLS-EPIRB:er med ett bekv\u00e4mt kompakt format. Genom att anv\u00e4nda flera niv\u00e5er av integrerad signalteknik, inklusive 406 MHz, GNSS (GPS, Galileo, Glonass) positionering och en 121,5 MHz m\u00e5ls\u00f6kande signal, v\u00e4gleder EPIRB2 Pro enkelt s\u00f6k- och r\u00e4ddningsstyrkor till din plats. Till\u00e4gget av Return Link Service (RLS)-teknik och Near Field Communication-kapacitet kompletterar den imponerande upps\u00e4ttningen funktioner hos EPIRB2 Pro .  <\/p>\n<p>&nbsp;<\/p>\n<p><strong>Smartphone-anslutning med hj\u00e4lp av n\u00e4rf\u00e4ltskommunikation<\/strong><\/p>\n<p>&nbsp;<\/p>\n<p>Integrationen av NFC-teknik ger anv\u00e4ndarna m\u00f6jlighet att bekv\u00e4mt komma \u00e5t beacon-data fr\u00e5n sin mobiltelefon. Den enkla handlingen att placera en telefon n\u00e4ra beacon \u00f6ppnar automatiskt Ocean Signal Product-appen och ger tillg\u00e5ng till en m\u00e4ngd anv\u00e4ndningsdata inklusive aktuell batteritid, antalet sj\u00e4lvtester som slutf\u00f6rts, antalet GNSS-tester som slutf\u00f6rts och, om till\u00e4mpligt, hur l\u00e5ng tid som beaconen har aktiverats. <\/p>\n<p>&nbsp;<\/p>\n<p>Detaljerad information om varje sj\u00e4lvtest och GNSS-test som utf\u00f6rs av beacon finns ocks\u00e5 tillg\u00e4nglig. Information som \u00e4r tillg\u00e4nglig f\u00f6r varje framg\u00e5ngsrikt GNSS-test inkluderar tillg\u00e5ng till en karta som visar exakt var testet utf\u00f6rdes, datum och tid f\u00f6r testet, den tid det tog fyren att f\u00e5 en GNSS-koordinatfix, antalet satelliter som fyren anv\u00e4nde f\u00f6r att erh\u00e5lla den fixeringen och platsens exakthet. <\/p>\n<p>&nbsp;<\/p>\n<p><strong>Global t\u00e4ckning via Cospas-Sarsat Satellite Network<\/strong><\/p>\n<p>&nbsp;<\/p>\n<p>Genom att utnyttja <a href=\"https:\/\/www.cospas-sarsat.int\/en\/\">Cospas-Sarsat-satellitn\u00e4tverkets<\/a> globala r\u00e4ckvidd kan EPIRB2 Pro aktiveras var som helst, n\u00e4r som helst, och s\u00e4nder ditt n\u00f6dmeddelande p\u00e5 406 MHz. N\u00f6ds\u00e4ndningen inkluderar fyrkoordinater som h\u00e4rleds fr\u00e5n EPIRB:s integrerade GNSS-mottagare och har en noggrannhet p\u00e5 100 meter.<\/p>\n<p>&nbsp;<\/p>\n<p>RLS-epirbs ger anv\u00e4ndarna trygghet genom att skicka en retursignal via <a href=\"https:\/\/www.euspa.europa.eu\/european-space\/galileo\/services\/search-and-rescue-sar-galileo-service\">Galileos<\/a> satellitn\u00e4tverk direkt tillbaka till fyren f\u00f6r att bekr\u00e4fta att n\u00f6dmeddelandet har mottagits och att fyrens plats har detekterats. Anv\u00e4ndarbekr\u00e4ftelse indikeras tydligt med ett blinkande bl\u00e5tt ljus.<\/p>\n<p>&nbsp;<\/p>\n<p><strong>Tj\u00e4nst f\u00f6r returl\u00e4nk (RLS)<\/strong><\/p>\n<p><strong> <\/strong><\/p>\n<p>Den inneboende stressen som \u00e4r f\u00f6rknippad med en maritim n\u00f6dsituation \u00e4r ett utmanande symptom som alla b\u00e5t\u00e4gare tyv\u00e4rr m\u00e5ste hantera om de befinner sig i en n\u00f6dsituation. Lyckligtvis erbjuder RLS-funktionen i EPIRB2 Pro ett s\u00e4tt att minimera stressen i s\u00e5dana situationer. RLS-epirbs ger en bekr\u00e4ftelse direkt till fyren som l\u00e5ter anv\u00e4ndaren veta att deras n\u00f6dmeddelande har mottagits och deras plats detekterad. Indikationen av RLS-funktionalitet representeras av ett distinkt bl\u00e5tt ljus, vilket g\u00f6r det enkelt f\u00f6r anv\u00e4ndare att fastst\u00e4lla exakt n\u00e4r RLS-bekr\u00e4ftelsen har mottagits.   <\/p>\n<p>&nbsp;<\/p>\n<p><strong>Monteringsf\u00e4ste<\/strong><\/p>\n<p>&nbsp;<\/p>\n<p>EPIRB2 Pro levereras komplett med ett automatiskt, flytfritt monteringsf\u00e4ste av kategori ett. Detta f\u00e4ste f\u00f6rvarar EPIRB2 Pro s\u00e4kert under hela resan, oavsett f\u00f6rh\u00e5llandena. Det ger ocks\u00e5 b\u00e4sta m\u00f6jliga chans att anv\u00e4ndas i n\u00f6dsituationer d\u00e4r det \u00e4r sv\u00e5rt f\u00f6r en bes\u00e4ttningsmedlem att n\u00e5 EPIRB .  <\/p>\n<p>&nbsp;<\/p>\n<p>Ocean Signal \u00e4r stolta \u00f6ver att forts\u00e4tta erbjuda nya och sp\u00e4nnande funktioner som RLS och NFC, i takt med att de uppr\u00e4tth\u00e5ller sitt m\u00e5l att erbjuda innovativa s\u00e4kerhetsprodukter av h\u00f6gsta kvalitet. Oavsett anledningen till din n\u00e4sta resa eller din valda destination, garantera din s\u00e4kerhet med en EPIRB2 Pro . <\/p>\n<p>Beh\u00f6ver du uppgradera till en AIS EPIRB ? Kolla in den nya <a href=\"https:\/\/oceansignal.com\/products\/safesea-epirb3-pro\/\">EPIRB3<\/a> <\/p>\n<p><strong>Funktioner:<\/strong><\/p>\n<p>&nbsp;<\/p>\n<ul>\n<li>30% (typ) mindre<\/li>\n<li>Tj\u00e4nst f\u00f6r returl\u00e4nk (RLS)<\/li>\n<li>Mobil anslutning med NFC (Near Field Communication)<\/li>\n<li>Gratis App (Apple och Android)<\/li>\n<li>10 \u00e5rs batteritid<\/li>\n<li>48+ timmars livsl\u00e4ngd<\/li>\n<li>2 \u00e5rs garanti (kan f\u00f6rl\u00e4nga garantin till 5 \u00e5r via produktregistrering hos Ocean Signal )<\/li>\n<li>Snabb exakt positionering med 72-kanals GPS<\/li>\n<li>Inf\u00e4llbar antenn<\/li>\n<li>Kategori I auto release flytfri f\u00e4ste<\/li>\n<li>S\u00e4ker snodd<\/li>\n<\/ul>\n","protected":false},"excerpt":{"rendered":"<p>V\u00e4rldens mest kompakta EPIRB , med RLS och NFC (Inc. Cat 1 Float Free Bracket)<\/p>\n<ul>\n<li>30% (typ) mindre<\/li>\n<li>Inkluderar kategori I automatisk frig\u00f6rande flytfri f\u00e4ste<\/li>\n<li>S\u00e4ker snodd<\/li>\n<li>Tj\u00e4nst f\u00f6r returl\u00e4nk (RLS)<\/li>\n<li>Mobil anslutning med NFC (Near Field Communication)<\/li>\n<li>Gratis App (Apple och Android)<\/li>\n<li>10 \u00e5rs batteritid<\/li>\n<li>48+ timmars livsl\u00e4ngd<\/li>\n<li>2-\u00e5rs garanti (kan f\u00f6rl\u00e4nga garantin till 5 \u00e5r via produktregistrering hos Ocean Signal ) \u2020<\/li>\n<li>Snabb exakt positionering med 72-kanals GPS<\/li>\n<li>Inf\u00e4llbar antenn<\/li>\n<li>F\u00e4ste f\u00f6r snabbkoppling<\/li>\n<\/ul>\n<p><a href=\"https:\/\/www.dropbox.com\/s\/8343nj28z0d7bxa\/Prop%2065%20-%20BPA.pdf?dl=0\" data-cke-saved-href=\"https:\/\/www.dropbox.com\/s\/8343nj28z0d7bxa\/Prop%2065%20-%20BPA.pdf?dl=0\">VARNING: PROP 65<\/a><\/p>\n","protected":false},"featured_media":12478,"template":"","meta":{"_acf_changed":false,"om_disable_all_campaigns":false},"product_brand":[],"product_cat":[865,468],"product_tag":[867,922,869,871],"class_list":{"0":"post-7818","1":"product","2":"type-product","3":"status-publish","4":"has-post-thumbnail","6":"product_cat-epirb-sv","7":"product_cat-rescueme-sv","8":"product_tag-epirb-sv","9":"product_tag-epirb2-pro-sv","10":"product_tag-nfc-sv","11":"product_tag-rls-sv","13":"first","14":"outofstock","15":"taxable","16":"shipping-taxable","17":"purchasable","18":"product-type-simple"},"acf":[],"yoast_head":"<!-- This site is optimized with the Yoast SEO Premium plugin v25.2 (Yoast SEO v26.4) - https:\/\/yoast.com\/wordpress\/plugins\/seo\/ -->\n<title>rescueME EPIRB2 Pro - Ocean Signal<\/title>\n<meta name=\"description\" content=\"Ocean Signal rescueME EPIRB2 med Return Link-tj\u00e4nst: Snabb n\u00f6dsignalering f\u00f6r sj\u00f6s\u00e4kerhet. Segla inte utan en RLS EPIRB .\" \/>\n<meta name=\"robots\" content=\"index, follow, max-snippet:-1, max-image-preview:large, max-video-preview:-1\" \/>\n<link rel=\"canonical\" href=\"https:\/\/oceansignal.com\/sv\/products\/rescueme-epirb2-pro\/\" \/>\n<meta property=\"og:locale\" content=\"sv_SE\" \/>\n<meta property=\"og:type\" content=\"article\" \/>\n<meta property=\"og:title\" content=\"rescueME EPIRB2 Pro\" \/>\n<meta property=\"og:description\" content=\"Ocean Signal rescueME EPIRB2 med Return Link-tj\u00e4nst: Snabb n\u00f6dsignalering f\u00f6r sj\u00f6s\u00e4kerhet. Segla inte utan en RLS EPIRB .\" \/>\n<meta property=\"og:url\" content=\"https:\/\/oceansignal.com\/sv\/products\/rescueme-epirb2-pro\/\" \/>\n<meta property=\"og:site_name\" content=\"Ocean Signal\" \/>\n<meta property=\"article:modified_time\" content=\"2026-01-21T19:49:23+00:00\" \/>\n<meta property=\"og:image\" content=\"https:\/\/oceansignal.com\/wp-content\/uploads\/2023\/09\/Ocean-Signal-EPIRB2-Pro-Front.png\" \/>\n\t<meta property=\"og:image:width\" content=\"800\" \/>\n\t<meta property=\"og:image:height\" content=\"800\" \/>\n\t<meta property=\"og:image:type\" content=\"image\/png\" \/>\n<meta name=\"twitter:card\" content=\"summary_large_image\" \/>\n<meta name=\"twitter:label1\" content=\"Ber\u00e4knad l\u00e4stid\" \/>\n\t<meta name=\"twitter:data1\" content=\"4 minuter\" \/>\n<script type=\"application\/ld+json\" class=\"yoast-schema-graph\">{\"@context\":\"https:\/\/schema.org\",\"@graph\":[{\"@type\":\"WebPage\",\"@id\":\"https:\/\/oceansignal.com\/sv\/products\/rescueme-epirb2-pro\/\",\"url\":\"https:\/\/oceansignal.com\/sv\/products\/rescueme-epirb2-pro\/\",\"name\":\"rescueME EPIRB2 Pro - Ocean Signal\",\"isPartOf\":{\"@id\":\"https:\/\/oceansignal.com\/sv\/#website\"},\"primaryImageOfPage\":{\"@id\":\"https:\/\/oceansignal.com\/sv\/products\/rescueme-epirb2-pro\/#primaryimage\"},\"image\":{\"@id\":\"https:\/\/oceansignal.com\/sv\/products\/rescueme-epirb2-pro\/#primaryimage\"},\"thumbnailUrl\":\"https:\/\/oceansignal.com\/wp-content\/uploads\/2023\/09\/Ocean-Signal-EPIRB2-Pro-Front.png\",\"datePublished\":\"2023-09-07T12:56:56+00:00\",\"dateModified\":\"2026-01-21T19:49:23+00:00\",\"description\":\"Ocean Signal rescueME EPIRB2 med Return Link-tj\u00e4nst: Snabb n\u00f6dsignalering f\u00f6r sj\u00f6s\u00e4kerhet. Segla inte utan en RLS EPIRB .\",\"breadcrumb\":{\"@id\":\"https:\/\/oceansignal.com\/sv\/products\/rescueme-epirb2-pro\/#breadcrumb\"},\"inLanguage\":\"sv-SE\",\"potentialAction\":[{\"@type\":\"ReadAction\",\"target\":[\"https:\/\/oceansignal.com\/sv\/products\/rescueme-epirb2-pro\/\"]}]},{\"@type\":\"ImageObject\",\"inLanguage\":\"sv-SE\",\"@id\":\"https:\/\/oceansignal.com\/sv\/products\/rescueme-epirb2-pro\/#primaryimage\",\"url\":\"https:\/\/oceansignal.com\/wp-content\/uploads\/2023\/09\/Ocean-Signal-EPIRB2-Pro-Front.png\",\"contentUrl\":\"https:\/\/oceansignal.com\/wp-content\/uploads\/2023\/09\/Ocean-Signal-EPIRB2-Pro-Front.png\",\"width\":800,\"height\":800},{\"@type\":\"BreadcrumbList\",\"@id\":\"https:\/\/oceansignal.com\/sv\/products\/rescueme-epirb2-pro\/#breadcrumb\",\"itemListElement\":[{\"@type\":\"ListItem\",\"position\":1,\"name\":\"Produkter\",\"item\":\"https:\/\/oceansignal.com\/sv\/produkter\/\"},{\"@type\":\"ListItem\",\"position\":2,\"name\":\"rescueME EPIRB2 Pro\"}]},{\"@type\":\"WebSite\",\"@id\":\"https:\/\/oceansignal.com\/sv\/#website\",\"url\":\"https:\/\/oceansignal.com\/sv\/\",\"name\":\"Ocean Signal\",\"description\":\"A leading manufacturer of EPIRBs, AIS, SARTs, Personal Locator Beacons, Man Overboard Beacon for the Marine and Outdoor Markets.\",\"potentialAction\":[{\"@type\":\"SearchAction\",\"target\":{\"@type\":\"EntryPoint\",\"urlTemplate\":\"https:\/\/oceansignal.com\/sv\/?s={search_term_string}\"},\"query-input\":{\"@type\":\"PropertyValueSpecification\",\"valueRequired\":true,\"valueName\":\"search_term_string\"}}],\"inLanguage\":\"sv-SE\"}]}<\/script>\n<!-- \/ Yoast SEO Premium plugin. -->","yoast_head_json":{"title":"rescueME EPIRB2 Pro - Ocean Signal","description":"Ocean Signal rescueME EPIRB2 med Return Link-tj\u00e4nst: Snabb n\u00f6dsignalering f\u00f6r sj\u00f6s\u00e4kerhet. Segla inte utan en RLS EPIRB .","robots":{"index":"index","follow":"follow","max-snippet":"max-snippet:-1","max-image-preview":"max-image-preview:large","max-video-preview":"max-video-preview:-1"},"canonical":"https:\/\/oceansignal.com\/sv\/products\/rescueme-epirb2-pro\/","og_locale":"sv_SE","og_type":"article","og_title":"rescueME EPIRB2 Pro","og_description":"Ocean Signal rescueME EPIRB2 med Return Link-tj\u00e4nst: Snabb n\u00f6dsignalering f\u00f6r sj\u00f6s\u00e4kerhet. Segla inte utan en RLS EPIRB .","og_url":"https:\/\/oceansignal.com\/sv\/products\/rescueme-epirb2-pro\/","og_site_name":"Ocean Signal","article_modified_time":"2026-01-21T19:49:23+00:00","og_image":[{"width":800,"height":800,"url":"https:\/\/oceansignal.com\/wp-content\/uploads\/2023\/09\/Ocean-Signal-EPIRB2-Pro-Front.png","type":"image\/png"}],"twitter_card":"summary_large_image","twitter_misc":{"Ber\u00e4knad l\u00e4stid":"4 minuter"},"schema":{"@context":"https:\/\/schema.org","@graph":[{"@type":"WebPage","@id":"https:\/\/oceansignal.com\/sv\/products\/rescueme-epirb2-pro\/","url":"https:\/\/oceansignal.com\/sv\/products\/rescueme-epirb2-pro\/","name":"rescueME EPIRB2 Pro - Ocean Signal","isPartOf":{"@id":"https:\/\/oceansignal.com\/sv\/#website"},"primaryImageOfPage":{"@id":"https:\/\/oceansignal.com\/sv\/products\/rescueme-epirb2-pro\/#primaryimage"},"image":{"@id":"https:\/\/oceansignal.com\/sv\/products\/rescueme-epirb2-pro\/#primaryimage"},"thumbnailUrl":"https:\/\/oceansignal.com\/wp-content\/uploads\/2023\/09\/Ocean-Signal-EPIRB2-Pro-Front.png","datePublished":"2023-09-07T12:56:56+00:00","dateModified":"2026-01-21T19:49:23+00:00","description":"Ocean Signal rescueME EPIRB2 med Return Link-tj\u00e4nst: Snabb n\u00f6dsignalering f\u00f6r sj\u00f6s\u00e4kerhet. Segla inte utan en RLS EPIRB .","breadcrumb":{"@id":"https:\/\/oceansignal.com\/sv\/products\/rescueme-epirb2-pro\/#breadcrumb"},"inLanguage":"sv-SE","potentialAction":[{"@type":"ReadAction","target":["https:\/\/oceansignal.com\/sv\/products\/rescueme-epirb2-pro\/"]}]},{"@type":"ImageObject","inLanguage":"sv-SE","@id":"https:\/\/oceansignal.com\/sv\/products\/rescueme-epirb2-pro\/#primaryimage","url":"https:\/\/oceansignal.com\/wp-content\/uploads\/2023\/09\/Ocean-Signal-EPIRB2-Pro-Front.png","contentUrl":"https:\/\/oceansignal.com\/wp-content\/uploads\/2023\/09\/Ocean-Signal-EPIRB2-Pro-Front.png","width":800,"height":800},{"@type":"BreadcrumbList","@id":"https:\/\/oceansignal.com\/sv\/products\/rescueme-epirb2-pro\/#breadcrumb","itemListElement":[{"@type":"ListItem","position":1,"name":"Produkter","item":"https:\/\/oceansignal.com\/sv\/produkter\/"},{"@type":"ListItem","position":2,"name":"rescueME EPIRB2 Pro"}]},{"@type":"WebSite","@id":"https:\/\/oceansignal.com\/sv\/#website","url":"https:\/\/oceansignal.com\/sv\/","name":"Ocean Signal","description":"A leading manufacturer of EPIRBs, AIS, SARTs, Personal Locator Beacons, Man Overboard Beacon for the Marine and Outdoor Markets.","potentialAction":[{"@type":"SearchAction","target":{"@type":"EntryPoint","urlTemplate":"https:\/\/oceansignal.com\/sv\/?s={search_term_string}"},"query-input":{"@type":"PropertyValueSpecification","valueRequired":true,"valueName":"search_term_string"}}],"inLanguage":"sv-SE"}]}},"_links":{"self":[{"href":"https:\/\/oceansignal.com\/sv\/wp-json\/wp\/v2\/product\/7818","targetHints":{"allow":["GET"]}}],"collection":[{"href":"https:\/\/oceansignal.com\/sv\/wp-json\/wp\/v2\/product"}],"about":[{"href":"https:\/\/oceansignal.com\/sv\/wp-json\/wp\/v2\/types\/product"}],"wp:featuredmedia":[{"embeddable":true,"href":"https:\/\/oceansignal.com\/sv\/wp-json\/wp\/v2\/media\/12478"}],"wp:attachment":[{"href":"https:\/\/oceansignal.com\/sv\/wp-json\/wp\/v2\/media?parent=7818"}],"wp:term":[{"taxonomy":"product_brand","embeddable":true,"href":"https:\/\/oceansignal.com\/sv\/wp-json\/wp\/v2\/product_brand?post=7818"},{"taxonomy":"product_cat","embeddable":true,"href":"https:\/\/oceansignal.com\/sv\/wp-json\/wp\/v2\/product_cat?post=7818"},{"taxonomy":"product_tag","embeddable":true,"href":"https:\/\/oceansignal.com\/sv\/wp-json\/wp\/v2\/product_tag?post=7818"}],"curies":[{"name":"wp","href":"https:\/\/api.w.org\/{rel}","templated":true}]}}