{"id":7829,"date":"2023-09-07T12:44:22","date_gmt":"2023-09-07T12:44:22","guid":{"rendered":"https:\/\/oceansignal.com\/products\/rescueme-epirb2\/"},"modified":"2026-01-21T19:53:34","modified_gmt":"2026-01-21T19:53:34","slug":"rescueme-epirb2","status":"publish","type":"product","link":"https:\/\/oceansignal.com\/sv\/products\/rescueme-epirb2\/","title":{"rendered":"rescueME EPIRB2"},"content":{"rendered":"<p>Med introduktionen av Return Link Service-teknik (RLS) och Near Field Communication-funktioner (NFC) ger EPIRB2 betydande f\u00f6rdelar j\u00e4mf\u00f6rt med sina f\u00f6reg\u00e5ngare. Return Link Service EPIRB tr\u00f6star dem som aktiverar beacon genom att bekr\u00e4fta att deras n\u00f6dmeddelande har tagits emot och inkluderingen av NFC-m\u00f6jlighet till\u00e5ter anv\u00e4ndning av en smartphone-app f\u00f6r att \u00f6vervaka EPIRB :s batteri och andra funktioner f\u00f6r att s\u00e4kerst\u00e4lla att den fungerar korrekt. De innovativa nya funktionerna i EPIRB2 g\u00f6r den till ett utm\u00e4rkt val f\u00f6r en m\u00e4ngd olika marina applikationer som \u00e4r specifika f\u00f6r b\u00e5de fritids- och kommersiella fartyg.  <\/p>\n<p><iframe loading=\"lazy\" title=\"EPIRB3 and EPIRB2  | Activation\" width=\"500\" height=\"281\" src=\"https:\/\/www.youtube.com\/embed\/P5KBMhmPYjQ?feature=oembed\" frameborder=\"0\" allow=\"accelerometer; autoplay; clipboard-write; encrypted-media; gyroscope; picture-in-picture; web-share\" referrerpolicy=\"strict-origin-when-cross-origin\" allowfullscreen><\/iframe><\/p>\n<p>Beskrivning:<\/p>\n<p>Vid utvecklingen av <a href=\"https:\/\/oceansignal.com\/sv\/news\/ocean-signal-lanserar-ny-epirb2-serie\/\">EPIRB2<\/a> har Ocean Signal anv\u00e4nt sin gedigna erfarenhet av att designa och producera h\u00f6gkvalitativa, funktionsrika Return Link Service EPIRB-er med ett bekv\u00e4mt kompakt formfaktor. Med hj\u00e4lp av flera niv\u00e5er av integrerad signalteknik, inklusive 406 MHz, GNSS (GPS, Galileo, Glonass) positionering och en 121,5 MHz m\u00e5ls\u00f6kande signal, leder EPIRB2 enkelt s\u00f6k- och r\u00e4ddningsstyrkor till din plats. Till\u00e4gget av Return Link Service (RLS)-teknik och Near Field Communication-funktion kompletterar EPIRB2:s imponerande funktionsupps\u00e4ttning.<\/p>\n<p>&nbsp;<\/p>\n<p><strong>Smartphone-anslutning med hj\u00e4lp av Near Field Communication (NFC)<\/strong><\/p>\n<p>&nbsp;<\/p>\n<p>Integreringen av <a href=\"https:\/\/www.youtube.com\/watch?v=MRXLii6r3n4&amp;t=42s\">NFC-teknik<\/a> ger anv\u00e4ndare m\u00f6jlighet att enkelt komma \u00e5t beacon-data fr\u00e5n sina mobiltelefoner. Genom att helt enkelt placera en telefon n\u00e4ra fyren \u00f6ppnas Ocean Signal Product App automatiskt och ger tillg\u00e5ng till en m\u00e4ngd anv\u00e4ndningsdata, inklusive aktuell batteritid, antalet slutf\u00f6rda sj\u00e4lvtester, antalet slutf\u00f6rda GNSS-tester och, om till\u00e4mpligt, hur l\u00e4nge fyren har varit aktiverad.<\/p>\n<p>&nbsp;<\/p>\n<p>Detaljerad information om varje sj\u00e4lvtest och GNSS-test som utf\u00f6rs av beacon finns ocks\u00e5 tillg\u00e4nglig. Information som \u00e4r tillg\u00e4nglig f\u00f6r varje framg\u00e5ngsrikt GNSS-test inkluderar tillg\u00e5ng till en karta som visar exakt var testet utf\u00f6rdes, datum och tid f\u00f6r testet, den tid det tog fyren att f\u00e5 en GNSS-koordinatfix, antalet satelliter som fyren anv\u00e4nde f\u00f6r att erh\u00e5lla den fixeringen och platsens exakthet. <\/p>\n<p>&nbsp;<\/p>\n<p><strong>Global t\u00e4ckning via Cospas-Sarsat Satellite Network<\/strong><\/p>\n<p>&nbsp;<\/p>\n<p>Genom att utnyttja <a href=\"https:\/\/www.cospas-sarsat.int\/en\/\">Cospas-Sarsat-satellitn\u00e4tverkets<\/a> globala r\u00e4ckvidd kan EPIRB2 aktiveras var som helst, n\u00e4r som helst, och s\u00e4nda ditt n\u00f6dmeddelande p\u00e5 406 MHz. N\u00f6ds\u00e4ndningen inkluderar fyrkoordinater som h\u00e4rleds fr\u00e5n EPIRB:s integrerade GNSS-mottagare och har en noggrannhet p\u00e5 100 meter.<\/p>\n<p>&nbsp;<\/p>\n<p>RLS ger anv\u00e4ndarna trygghet genom att skicka en retursignal via <a href=\"https:\/\/www.euspa.europa.eu\/european-space\/galileo\/services\/search-and-rescue-sar-galileo-service\">Galileos<\/a> satellitn\u00e4tverk direkt tillbaka till fyren f\u00f6r att bekr\u00e4fta att n\u00f6dmeddelandet har mottagits och att fyrens plats har detekterats. Anv\u00e4ndarbekr\u00e4ftelse indikeras tydligt med ett blinkande bl\u00e5tt ljus.<\/p>\n<p>&nbsp;<\/p>\n<p><strong>Tj\u00e4nst f\u00f6r returl\u00e4nk (RLS)<\/strong><\/p>\n<p><strong> <\/strong><\/p>\n<p>Den inneboende stressen i samband med en maritim n\u00f6dsituation \u00e4r ett utmanande symptom som alla b\u00e5t\u00e4gare tyv\u00e4rr m\u00e5ste konfronteras med om de hamnar i ett n\u00f6dscenario. Lyckligtvis ger inf\u00f6randet av RLS-funktionen i EPIRB2 ett s\u00e4tt att minimera stressen i s\u00e5dana situationer. Return Link Service EPIRB ger direkt-till-beacon-bekr\u00e4ftelse som l\u00e5ter anv\u00e4ndaren veta att deras n\u00f6dmeddelande har tagits emot och deras plats har uppt\u00e4ckts. Indikationen p\u00e5 RLS-funktionalitet representeras av ett distinkt bl\u00e5tt ljus, vilket g\u00f6r det enkelt f\u00f6r anv\u00e4ndare att se exakt n\u00e4r RLS-bekr\u00e4ftelsen tas emot.   <\/p>\n<p>&nbsp;<\/p>\n<p>Ocean Signal \u00e4r stolt \u00f6ver att forts\u00e4tta att erbjuda nya och sp\u00e4nnande funktioner som RLS och NFC eftersom det uppr\u00e4tth\u00e5ller sitt m\u00e5l att erbjuda innovativa s\u00e4kerhetsprodukter av h\u00f6gsta kvalitet. Oavsett anledningen till din n\u00e4sta resa, eller din valda destination, garantera din s\u00e4kerhet med transport av EPIRB2 . <\/p>\n<p>&nbsp;<\/p>\n<p><strong>Funktioner:<\/strong><\/p>\n<p>&nbsp;<\/p>\n<ul>\n<li>30% (typ) mindre<\/li>\n<li>Tj\u00e4nst f\u00f6r returl\u00e4nk (RLS)<\/li>\n<li>Mobil anslutning med NFC (Near Field Communication)<\/li>\n<li>Gratis App (Apple och Android)<\/li>\n<li>10 \u00e5rs batteritid<\/li>\n<li>48+ timmars livsl\u00e4ngd<\/li>\n<li>2-\u00e5rs garanti (kan f\u00f6rl\u00e4nga garantin till 5 \u00e5r via produktregistrering hos Ocean Signal ) \u2020<\/li>\n<li>Snabb exakt positionering med 72-kanals GPS<\/li>\n<li>Inf\u00e4llbar antenn<\/li>\n<li>F\u00e4ste f\u00f6r snabbkoppling<\/li>\n<li>S\u00e4ker snodd<\/li>\n<\/ul>\n<p>&nbsp;<\/p>\n<p>\u2020 Med f\u00f6rbeh\u00e5ll f\u00f6r garantif\u00f6rklaringen<\/p>\n","protected":false},"excerpt":{"rendered":"<p>V\u00e4rldens mest kompakta EPIRB , nu med RLS och NFC<\/p>\n<ul>\n<li>Eng\u00e5ngsk\u00f6p. Inga prenumerationsavgifter <\/li>\n<li>Tj\u00e4nst f\u00f6r returl\u00e4nk (RLS)<\/li>\n<li>Mobil anslutning med NFC (Near Field Communication)<\/li>\n<li>Gratis App (Apple och Android)<\/li>\n<li>10 \u00e5rs batteritid<\/li>\n<li>48+ timmars livsl\u00e4ngd<\/li>\n<li>2-\u00e5rs garanti (kan f\u00f6rl\u00e4nga garantin till 5 \u00e5r via produktregistrering hos Ocean Signal ) \u2020<\/li>\n<li>Snabb exakt positionering med 72-kanals GPS<\/li>\n<li>Inf\u00e4llbar antenn<\/li>\n<li>F\u00e4ste f\u00f6r snabbkoppling<\/li>\n<li>S\u00e4ker snodd<\/li>\n<\/ul>\n<p><a href=\"https:\/\/www.dropbox.com\/s\/8343nj28z0d7bxa\/Prop%2065%20-%20BPA.pdf?dl=0\" data-cke-saved-href=\"https:\/\/www.dropbox.com\/s\/8343nj28z0d7bxa\/Prop%2065%20-%20BPA.pdf?dl=0\">VARNING: PROP 65<\/a><\/p>\n","protected":false},"featured_media":20477,"template":"","meta":{"_acf_changed":false,"om_disable_all_campaigns":false},"product_brand":[],"product_cat":[865,468],"product_tag":[867,924,869,898,871],"class_list":{"0":"post-7829","1":"product","2":"type-product","3":"status-publish","4":"has-post-thumbnail","6":"product_cat-epirb-sv","7":"product_cat-rescueme-sv","8":"product_tag-epirb-sv","9":"product_tag-epirb2-sv","10":"product_tag-nfc-sv","11":"product_tag-nodlage-som-indikerar-radio-becaon","12":"product_tag-rls-sv","14":"first","15":"instock","16":"taxable","17":"shipping-taxable","18":"purchasable","19":"product-type-simple"},"acf":[],"yoast_head":"<!-- This site is optimized with the Yoast SEO Premium plugin v25.2 (Yoast SEO v26.4) - https:\/\/yoast.com\/wordpress\/plugins\/seo\/ -->\n<title>rescueME EPIRB2 - Ocean Signal<\/title>\n<meta name=\"description\" content=\"Ocean Signal rescueME EPIRB2 : Essential Return Link Service EPIRB f\u00f6r sj\u00f6s\u00e4kerhet. Lita p\u00e5 p\u00e5litlig n\u00f6dsignalering. K\u00f6p nu f\u00f6r sinnesfrid!\" \/>\n<meta name=\"robots\" content=\"index, follow, max-snippet:-1, max-image-preview:large, max-video-preview:-1\" \/>\n<link rel=\"canonical\" href=\"https:\/\/oceansignal.com\/sv\/products\/rescueme-epirb2\/\" \/>\n<meta property=\"og:locale\" content=\"sv_SE\" \/>\n<meta property=\"og:type\" content=\"article\" \/>\n<meta property=\"og:title\" content=\"rescueME EPIRB2\" \/>\n<meta property=\"og:description\" content=\"Ocean Signal rescueME EPIRB2 : Essential Return Link Service EPIRB f\u00f6r sj\u00f6s\u00e4kerhet. Lita p\u00e5 p\u00e5litlig n\u00f6dsignalering. K\u00f6p nu f\u00f6r sinnesfrid!\" \/>\n<meta property=\"og:url\" content=\"https:\/\/oceansignal.com\/sv\/products\/rescueme-epirb2\/\" \/>\n<meta property=\"og:site_name\" content=\"Ocean Signal\" \/>\n<meta property=\"article:modified_time\" content=\"2026-01-21T19:53:34+00:00\" \/>\n<meta property=\"og:image\" content=\"https:\/\/oceansignal.com\/wp-content\/uploads\/2023\/09\/OSL-Phone-App-EPERB2-PRO-001-1.png\" \/>\n\t<meta property=\"og:image:width\" content=\"432\" \/>\n\t<meta property=\"og:image:height\" content=\"432\" \/>\n\t<meta property=\"og:image:type\" content=\"image\/png\" \/>\n<meta name=\"twitter:card\" content=\"summary_large_image\" \/>\n<meta name=\"twitter:label1\" content=\"Ber\u00e4knad l\u00e4stid\" \/>\n\t<meta name=\"twitter:data1\" content=\"3 minuter\" \/>\n<script type=\"application\/ld+json\" class=\"yoast-schema-graph\">{\"@context\":\"https:\/\/schema.org\",\"@graph\":[{\"@type\":\"WebPage\",\"@id\":\"https:\/\/oceansignal.com\/sv\/products\/rescueme-epirb2\/\",\"url\":\"https:\/\/oceansignal.com\/sv\/products\/rescueme-epirb2\/\",\"name\":\"rescueME EPIRB2 - Ocean Signal\",\"isPartOf\":{\"@id\":\"https:\/\/oceansignal.com\/sv\/#website\"},\"primaryImageOfPage\":{\"@id\":\"https:\/\/oceansignal.com\/sv\/products\/rescueme-epirb2\/#primaryimage\"},\"image\":{\"@id\":\"https:\/\/oceansignal.com\/sv\/products\/rescueme-epirb2\/#primaryimage\"},\"thumbnailUrl\":\"https:\/\/oceansignal.com\/wp-content\/uploads\/2023\/09\/OSL-Phone-App-EPERB2-PRO-001-1.png\",\"datePublished\":\"2023-09-07T12:44:22+00:00\",\"dateModified\":\"2026-01-21T19:53:34+00:00\",\"description\":\"Ocean Signal rescueME EPIRB2 : Essential Return Link Service EPIRB f\u00f6r sj\u00f6s\u00e4kerhet. Lita p\u00e5 p\u00e5litlig n\u00f6dsignalering. K\u00f6p nu f\u00f6r sinnesfrid!\",\"breadcrumb\":{\"@id\":\"https:\/\/oceansignal.com\/sv\/products\/rescueme-epirb2\/#breadcrumb\"},\"inLanguage\":\"sv-SE\",\"potentialAction\":[{\"@type\":\"ReadAction\",\"target\":[\"https:\/\/oceansignal.com\/sv\/products\/rescueme-epirb2\/\"]}]},{\"@type\":\"ImageObject\",\"inLanguage\":\"sv-SE\",\"@id\":\"https:\/\/oceansignal.com\/sv\/products\/rescueme-epirb2\/#primaryimage\",\"url\":\"https:\/\/oceansignal.com\/wp-content\/uploads\/2023\/09\/OSL-Phone-App-EPERB2-PRO-001-1.png\",\"contentUrl\":\"https:\/\/oceansignal.com\/wp-content\/uploads\/2023\/09\/OSL-Phone-App-EPERB2-PRO-001-1.png\",\"width\":432,\"height\":432,\"caption\":\"S\u00e4kra dina maritima \u00e4ventyr med Ocean Signal SafeSea EPIRB3 Pro : P\u00e5litlig n\u00f6dfyr f\u00f6r snabb n\u00f6dsituation\"},{\"@type\":\"BreadcrumbList\",\"@id\":\"https:\/\/oceansignal.com\/sv\/products\/rescueme-epirb2\/#breadcrumb\",\"itemListElement\":[{\"@type\":\"ListItem\",\"position\":1,\"name\":\"Produkter\",\"item\":\"https:\/\/oceansignal.com\/sv\/produkter\/\"},{\"@type\":\"ListItem\",\"position\":2,\"name\":\"rescueME EPIRB2\"}]},{\"@type\":\"WebSite\",\"@id\":\"https:\/\/oceansignal.com\/sv\/#website\",\"url\":\"https:\/\/oceansignal.com\/sv\/\",\"name\":\"Ocean Signal\",\"description\":\"A leading manufacturer of EPIRBs, AIS, SARTs, Personal Locator Beacons, Man Overboard Beacon for the Marine and Outdoor Markets.\",\"potentialAction\":[{\"@type\":\"SearchAction\",\"target\":{\"@type\":\"EntryPoint\",\"urlTemplate\":\"https:\/\/oceansignal.com\/sv\/?s={search_term_string}\"},\"query-input\":{\"@type\":\"PropertyValueSpecification\",\"valueRequired\":true,\"valueName\":\"search_term_string\"}}],\"inLanguage\":\"sv-SE\"}]}<\/script>\n<!-- \/ Yoast SEO Premium plugin. -->","yoast_head_json":{"title":"rescueME EPIRB2 - Ocean Signal","description":"Ocean Signal rescueME EPIRB2 : Essential Return Link Service EPIRB f\u00f6r sj\u00f6s\u00e4kerhet. Lita p\u00e5 p\u00e5litlig n\u00f6dsignalering. K\u00f6p nu f\u00f6r sinnesfrid!","robots":{"index":"index","follow":"follow","max-snippet":"max-snippet:-1","max-image-preview":"max-image-preview:large","max-video-preview":"max-video-preview:-1"},"canonical":"https:\/\/oceansignal.com\/sv\/products\/rescueme-epirb2\/","og_locale":"sv_SE","og_type":"article","og_title":"rescueME EPIRB2","og_description":"Ocean Signal rescueME EPIRB2 : Essential Return Link Service EPIRB f\u00f6r sj\u00f6s\u00e4kerhet. Lita p\u00e5 p\u00e5litlig n\u00f6dsignalering. K\u00f6p nu f\u00f6r sinnesfrid!","og_url":"https:\/\/oceansignal.com\/sv\/products\/rescueme-epirb2\/","og_site_name":"Ocean Signal","article_modified_time":"2026-01-21T19:53:34+00:00","og_image":[{"width":432,"height":432,"url":"https:\/\/oceansignal.com\/wp-content\/uploads\/2023\/09\/OSL-Phone-App-EPERB2-PRO-001-1.png","type":"image\/png"}],"twitter_card":"summary_large_image","twitter_misc":{"Ber\u00e4knad l\u00e4stid":"3 minuter"},"schema":{"@context":"https:\/\/schema.org","@graph":[{"@type":"WebPage","@id":"https:\/\/oceansignal.com\/sv\/products\/rescueme-epirb2\/","url":"https:\/\/oceansignal.com\/sv\/products\/rescueme-epirb2\/","name":"rescueME EPIRB2 - Ocean Signal","isPartOf":{"@id":"https:\/\/oceansignal.com\/sv\/#website"},"primaryImageOfPage":{"@id":"https:\/\/oceansignal.com\/sv\/products\/rescueme-epirb2\/#primaryimage"},"image":{"@id":"https:\/\/oceansignal.com\/sv\/products\/rescueme-epirb2\/#primaryimage"},"thumbnailUrl":"https:\/\/oceansignal.com\/wp-content\/uploads\/2023\/09\/OSL-Phone-App-EPERB2-PRO-001-1.png","datePublished":"2023-09-07T12:44:22+00:00","dateModified":"2026-01-21T19:53:34+00:00","description":"Ocean Signal rescueME EPIRB2 : Essential Return Link Service EPIRB f\u00f6r sj\u00f6s\u00e4kerhet. Lita p\u00e5 p\u00e5litlig n\u00f6dsignalering. K\u00f6p nu f\u00f6r sinnesfrid!","breadcrumb":{"@id":"https:\/\/oceansignal.com\/sv\/products\/rescueme-epirb2\/#breadcrumb"},"inLanguage":"sv-SE","potentialAction":[{"@type":"ReadAction","target":["https:\/\/oceansignal.com\/sv\/products\/rescueme-epirb2\/"]}]},{"@type":"ImageObject","inLanguage":"sv-SE","@id":"https:\/\/oceansignal.com\/sv\/products\/rescueme-epirb2\/#primaryimage","url":"https:\/\/oceansignal.com\/wp-content\/uploads\/2023\/09\/OSL-Phone-App-EPERB2-PRO-001-1.png","contentUrl":"https:\/\/oceansignal.com\/wp-content\/uploads\/2023\/09\/OSL-Phone-App-EPERB2-PRO-001-1.png","width":432,"height":432,"caption":"S\u00e4kra dina maritima \u00e4ventyr med Ocean Signal SafeSea EPIRB3 Pro : P\u00e5litlig n\u00f6dfyr f\u00f6r snabb n\u00f6dsituation"},{"@type":"BreadcrumbList","@id":"https:\/\/oceansignal.com\/sv\/products\/rescueme-epirb2\/#breadcrumb","itemListElement":[{"@type":"ListItem","position":1,"name":"Produkter","item":"https:\/\/oceansignal.com\/sv\/produkter\/"},{"@type":"ListItem","position":2,"name":"rescueME EPIRB2"}]},{"@type":"WebSite","@id":"https:\/\/oceansignal.com\/sv\/#website","url":"https:\/\/oceansignal.com\/sv\/","name":"Ocean Signal","description":"A leading manufacturer of EPIRBs, AIS, SARTs, Personal Locator Beacons, Man Overboard Beacon for the Marine and Outdoor Markets.","potentialAction":[{"@type":"SearchAction","target":{"@type":"EntryPoint","urlTemplate":"https:\/\/oceansignal.com\/sv\/?s={search_term_string}"},"query-input":{"@type":"PropertyValueSpecification","valueRequired":true,"valueName":"search_term_string"}}],"inLanguage":"sv-SE"}]}},"_links":{"self":[{"href":"https:\/\/oceansignal.com\/sv\/wp-json\/wp\/v2\/product\/7829","targetHints":{"allow":["GET"]}}],"collection":[{"href":"https:\/\/oceansignal.com\/sv\/wp-json\/wp\/v2\/product"}],"about":[{"href":"https:\/\/oceansignal.com\/sv\/wp-json\/wp\/v2\/types\/product"}],"wp:featuredmedia":[{"embeddable":true,"href":"https:\/\/oceansignal.com\/sv\/wp-json\/wp\/v2\/media\/20477"}],"wp:attachment":[{"href":"https:\/\/oceansignal.com\/sv\/wp-json\/wp\/v2\/media?parent=7829"}],"wp:term":[{"taxonomy":"product_brand","embeddable":true,"href":"https:\/\/oceansignal.com\/sv\/wp-json\/wp\/v2\/product_brand?post=7829"},{"taxonomy":"product_cat","embeddable":true,"href":"https:\/\/oceansignal.com\/sv\/wp-json\/wp\/v2\/product_cat?post=7829"},{"taxonomy":"product_tag","embeddable":true,"href":"https:\/\/oceansignal.com\/sv\/wp-json\/wp\/v2\/product_tag?post=7829"}],"curies":[{"name":"wp","href":"https:\/\/api.w.org\/{rel}","templated":true}]}}