{"id":7841,"date":"2023-09-07T12:15:25","date_gmt":"2023-09-07T12:15:25","guid":{"rendered":"https:\/\/oceansignal.com\/products\/rescueme-epirb1-pro\/"},"modified":"2026-01-21T19:35:36","modified_gmt":"2026-01-21T19:35:36","slug":"rescueme-epirb1-pro","status":"publish","type":"product","link":"https:\/\/oceansignal.com\/sv\/products\/rescueme-epirb1-pro\/","title":{"rendered":"rescueME EPIRB1 Pro"},"content":{"rendered":"<p class=\"ai-optimize-43 ai-optimize-introduction\">EPIRB1 Pro \u00e4r v\u00e4rldens mest kompakta radios\u00e4ndare f\u00f6r n\u00f6dpositionsindikering, och kombinerar sin kompakta storlek med en h\u00e5llbar design, vilket g\u00f6r den till ett praktiskt alternativ f\u00f6r att m\u00f6ta behoven hos alla kommersiella, fiske- och fritidsfartyg. Produkten har utformats f\u00f6r maximal effektivitet och har en batteritid p\u00e5 10 \u00e5r ut\u00f6ver en utm\u00e4rkt driftstid n\u00e4r den aktiveras, vilket h\u00e5ller r\u00e4ddningstj\u00e4nsten uppdaterad om din position l\u00e4ngre. <\/p>\n<p><iframe loading=\"lazy\" title=\"Ocean Signal GMDSS Suite: SafeSea EPIRB1Pro Overview\" width=\"500\" height=\"281\" src=\"https:\/\/www.youtube.com\/embed\/BRNTAX6pNq4?feature=oembed\" frameborder=\"0\" allow=\"accelerometer; autoplay; clipboard-write; encrypted-media; gyroscope; picture-in-picture; web-share\" referrerpolicy=\"strict-origin-when-cross-origin\" allowfullscreen><\/iframe><\/p>\n<p>&nbsp;<\/p>\n<p class=\"ai-optimize-44\">Beskrivning:<\/p>\n<p class=\"ai-optimize-45\">rescueMe EPIRB1 Pro fungerar i 406MHz satellitbandet. Detta band omfattar de internationella n\u00f6dfrekvenserna som st\u00e4ndigt \u00f6vervakas av <a href=\"https:\/\/www.cospas-sarsat.int\/en\/\">Cospas-Sarsat<\/a> , den internationella s\u00f6k- och r\u00e4ddningssatellitoperat\u00f6ren, vilket s\u00e4kerst\u00e4ller ett snabbt svar n\u00e4r en signal tas emot, oavsett var den befinner sig i v\u00e4rlden. <\/p>\n<p class=\"ai-optimize-46\">Denna EPIRB \u00e4r f\u00f6rsedd med en 121,5 MHz referenssignal som anv\u00e4nds av r\u00e4ddningstj\u00e4nster f\u00f6r att n\u00e4rma sig fartyg i n\u00f6d. Dessutom \u00e4r EPIRB utrustad med ett LED-blixtljus med h\u00f6g ljusstyrka f\u00f6r ytterligare effekt, s\u00e4rskilt p\u00e5 natten. F\u00f6r n\u00f6dsituationer d\u00e4r en anv\u00e4ndare inte fysiskt kan n\u00e5 EPIRB i tid, kommer EPIRB1 Pro ocks\u00e5 komplett med ett Kategori I Automatic Release-hus (vanligen kallat &#8221;float free&#8221;). Detta s\u00e4kerst\u00e4ller att EPIRB automatiskt distribueras fr\u00e5n f\u00e4stet av den interna hydrostatiska utl\u00f6sningsenheten och sedan automatiskt aktiveras och flyter till ytan f\u00f6r att skicka ditt n\u00f6dmeddelande till satellitn\u00e4tverket.   <\/p>\n<p class=\"ai-optimize-47\">Automatic Release Housing (ARH) inkluderar ocks\u00e5 en bekv\u00e4m adapter som ger flera eftermonteringsalternativ. Anv\u00e4nd adaptern f\u00f6r att enkelt montera ARH med samma monteringsh\u00e5l som tidigare anv\u00e4ndes f\u00f6r \u00e4ldre och st\u00f6rre EPIRBS som Ocean Signal E100\/E100G, Jotron Tron 60s och McMurdo E5\/G5. <\/p>\n<p class=\"ai-optimize-48\">Beh\u00f6ver du uppgradera till en AIS-aktiverad EPIRB ? Kolla in nya <a href=\"https:\/\/oceansignal.com\/products\/safesea-epirb3-pro\/\">EPIRB3<\/a> <\/p>\n<p class=\"ai-optimize-49\"><strong>Funktioner:<\/strong><\/p>\n<ul>\n<li class=\"ai-optimize-50\">\u00d6verensst\u00e4mmer med MED (2014\/90\/EU)<\/li>\n<li class=\"ai-optimize-51\">406 MHz (l\u00e4nk via satellit till r\u00e4ddningstj\u00e4nsten)<\/li>\n<li class=\"ai-optimize-52\">121,5 MHz m\u00e5ls\u00f6kningssignal (f\u00f6r att underl\u00e4tta slutlig lokalisering genom s\u00f6k och r\u00e4ddning)<\/li>\n<li class=\"ai-optimize-53\">Stroboskop med h\u00f6g intensitet<\/li>\n<li class=\"ai-optimize-54\">30 % (typ) Mindre<\/li>\n<li class=\"ai-optimize-55\">10 \u00e5rs batteritid<\/li>\n<li class=\"ai-optimize-56\">2 \u00e5rs garanti (kan f\u00f6rl\u00e4nga garantin till 5 \u00e5r via produktregistrering hos Ocean Signal )<\/li>\n<li class=\"ai-optimize-57\">66-kanals GPS (exakt positionering)<\/li>\n<\/ul>\n<h3 class=\"ai-optimize-58\">Byt ut din McMurdo EPIRB med Ocean Signal EPIRB1<\/h3>\n<p><iframe loading=\"lazy\" title=\"Replacing your McMurdo with the EPIRB1\" width=\"500\" height=\"281\" src=\"https:\/\/www.youtube.com\/embed\/7o7i59BIpQs?feature=oembed\" frameborder=\"0\" allow=\"accelerometer; autoplay; clipboard-write; encrypted-media; gyroscope; picture-in-picture; web-share\" referrerpolicy=\"strict-origin-when-cross-origin\" allowfullscreen><\/iframe><\/p>\n","protected":false},"excerpt":{"rendered":"<p>V\u00e4rldens mest kompakta EPIRB med Category I Automatic Release Housing<\/p>\n<ul>\n<li>Eng\u00e5ngsk\u00f6p. Ingen prenumerationsavgift <\/li>\n<li>Inkluderar kategori I automatiskt utl\u00f6sningshus (vanligen kallat &#8221;float free&#8221;)<\/li>\n<li>Uppfyller radioutrustningsdirektivet: 2014 \/ 53 \/ EU<\/li>\n<li>406 MHz (l\u00e4nk via satellit till r\u00e4ddningstj\u00e4nsten)<\/li>\n<li>121,5 MHz m\u00e5ls\u00f6kningssignal (f\u00f6r att underl\u00e4tta slutlig lokalisering genom s\u00f6k och r\u00e4ddning)<\/li>\n<li>Stroboskop med h\u00f6g intensitet<\/li>\n<li>30 % (typ) Mindre<\/li>\n<li>10 \u00e5rs batteritid<\/li>\n<li>2 \u00e5rs garanti (kan f\u00f6rl\u00e4nga garantin till 5 \u00e5r via produktregistrering hos Ocean Signal )<\/li>\n<li>66-kanals GPS (exakt positionering)<\/li>\n<\/ul>\n<p><a href=\"https:\/\/www.dropbox.com\/s\/fk04stqsp2hgk5f\/Prop%2065%20-%20DEHP.pdf?dl=0\">VARNING (USA\/CA): PROP 65<\/a><\/p>\n","protected":false},"featured_media":12444,"template":"","meta":{"_acf_changed":false,"om_disable_all_campaigns":false},"product_brand":[],"product_cat":[865,468],"product_tag":[1273,867,899,918,1271],"class_list":{"0":"post-7841","1":"product","2":"type-product","3":"status-publish","4":"has-post-thumbnail","6":"product_cat-epirb-sv","7":"product_cat-rescueme-sv","8":"product_tag-automatiskt-utlosningshus","9":"product_tag-epirb-sv","10":"product_tag-epirb1-sv","11":"product_tag-epirb1-pro-sv","12":"product_tag-kategori-1","14":"first","15":"instock","16":"taxable","17":"shipping-taxable","18":"purchasable","19":"product-type-simple"},"acf":[],"yoast_head":"<!-- This site is optimized with the Yoast SEO Premium plugin v25.2 (Yoast SEO v26.4) - https:\/\/yoast.com\/wordpress\/plugins\/seo\/ -->\n<title>rescueME EPIRB1 Pro - Ocean Signal<\/title>\n<meta name=\"description\" content=\"Ocean Signal EPIRB1 Pro med flott\u00f6rfritt f\u00e4ste: Din p\u00e5litliga f\u00f6ljeslagare f\u00f6r sj\u00f6s\u00e4kerhet, s\u00e4kerst\u00e4ller snabb n\u00f6dsignalering till sj\u00f6ss.\" \/>\n<meta name=\"robots\" content=\"index, follow, max-snippet:-1, max-image-preview:large, max-video-preview:-1\" \/>\n<link rel=\"canonical\" href=\"https:\/\/oceansignal.com\/sv\/products\/rescueme-epirb1-pro\/\" \/>\n<meta property=\"og:locale\" content=\"sv_SE\" \/>\n<meta property=\"og:type\" content=\"article\" \/>\n<meta property=\"og:title\" content=\"rescueME EPIRB1 Pro\" \/>\n<meta property=\"og:description\" content=\"Ocean Signal EPIRB1 Pro med flott\u00f6rfritt f\u00e4ste: Din p\u00e5litliga f\u00f6ljeslagare f\u00f6r sj\u00f6s\u00e4kerhet, s\u00e4kerst\u00e4ller snabb n\u00f6dsignalering till sj\u00f6ss.\" \/>\n<meta property=\"og:url\" content=\"https:\/\/oceansignal.com\/sv\/products\/rescueme-epirb1-pro\/\" \/>\n<meta property=\"og:site_name\" content=\"Ocean Signal\" \/>\n<meta property=\"article:modified_time\" content=\"2026-01-21T19:35:36+00:00\" \/>\n<meta property=\"og:image\" content=\"https:\/\/oceansignal.com\/wp-content\/uploads\/2023\/09\/EPRIB1-PRO-Front.png\" \/>\n\t<meta property=\"og:image:width\" content=\"800\" \/>\n\t<meta property=\"og:image:height\" content=\"800\" \/>\n\t<meta property=\"og:image:type\" content=\"image\/png\" \/>\n<meta name=\"twitter:card\" content=\"summary_large_image\" \/>\n<meta name=\"twitter:label1\" content=\"Ber\u00e4knad l\u00e4stid\" \/>\n\t<meta name=\"twitter:data1\" content=\"2 minuter\" \/>\n<script type=\"application\/ld+json\" class=\"yoast-schema-graph\">{\"@context\":\"https:\/\/schema.org\",\"@graph\":[{\"@type\":\"WebPage\",\"@id\":\"https:\/\/oceansignal.com\/sv\/products\/rescueme-epirb1-pro\/\",\"url\":\"https:\/\/oceansignal.com\/sv\/products\/rescueme-epirb1-pro\/\",\"name\":\"rescueME EPIRB1 Pro - Ocean Signal\",\"isPartOf\":{\"@id\":\"https:\/\/oceansignal.com\/sv\/#website\"},\"primaryImageOfPage\":{\"@id\":\"https:\/\/oceansignal.com\/sv\/products\/rescueme-epirb1-pro\/#primaryimage\"},\"image\":{\"@id\":\"https:\/\/oceansignal.com\/sv\/products\/rescueme-epirb1-pro\/#primaryimage\"},\"thumbnailUrl\":\"https:\/\/oceansignal.com\/wp-content\/uploads\/2023\/09\/EPRIB1-PRO-Front.png\",\"datePublished\":\"2023-09-07T12:15:25+00:00\",\"dateModified\":\"2026-01-21T19:35:36+00:00\",\"description\":\"Ocean Signal EPIRB1 Pro med flott\u00f6rfritt f\u00e4ste: Din p\u00e5litliga f\u00f6ljeslagare f\u00f6r sj\u00f6s\u00e4kerhet, s\u00e4kerst\u00e4ller snabb n\u00f6dsignalering till sj\u00f6ss.\",\"breadcrumb\":{\"@id\":\"https:\/\/oceansignal.com\/sv\/products\/rescueme-epirb1-pro\/#breadcrumb\"},\"inLanguage\":\"sv-SE\",\"potentialAction\":[{\"@type\":\"ReadAction\",\"target\":[\"https:\/\/oceansignal.com\/sv\/products\/rescueme-epirb1-pro\/\"]}]},{\"@type\":\"ImageObject\",\"inLanguage\":\"sv-SE\",\"@id\":\"https:\/\/oceansignal.com\/sv\/products\/rescueme-epirb1-pro\/#primaryimage\",\"url\":\"https:\/\/oceansignal.com\/wp-content\/uploads\/2023\/09\/EPRIB1-PRO-Front.png\",\"contentUrl\":\"https:\/\/oceansignal.com\/wp-content\/uploads\/2023\/09\/EPRIB1-PRO-Front.png\",\"width\":800,\"height\":800},{\"@type\":\"BreadcrumbList\",\"@id\":\"https:\/\/oceansignal.com\/sv\/products\/rescueme-epirb1-pro\/#breadcrumb\",\"itemListElement\":[{\"@type\":\"ListItem\",\"position\":1,\"name\":\"Produkter\",\"item\":\"https:\/\/oceansignal.com\/sv\/produkter\/\"},{\"@type\":\"ListItem\",\"position\":2,\"name\":\"rescueME EPIRB1 Pro\"}]},{\"@type\":\"WebSite\",\"@id\":\"https:\/\/oceansignal.com\/sv\/#website\",\"url\":\"https:\/\/oceansignal.com\/sv\/\",\"name\":\"Ocean Signal\",\"description\":\"A leading manufacturer of EPIRBs, AIS, SARTs, Personal Locator Beacons, Man Overboard Beacon for the Marine and Outdoor Markets.\",\"potentialAction\":[{\"@type\":\"SearchAction\",\"target\":{\"@type\":\"EntryPoint\",\"urlTemplate\":\"https:\/\/oceansignal.com\/sv\/?s={search_term_string}\"},\"query-input\":{\"@type\":\"PropertyValueSpecification\",\"valueRequired\":true,\"valueName\":\"search_term_string\"}}],\"inLanguage\":\"sv-SE\"}]}<\/script>\n<!-- \/ Yoast SEO Premium plugin. -->","yoast_head_json":{"title":"rescueME EPIRB1 Pro - Ocean Signal","description":"Ocean Signal EPIRB1 Pro med flott\u00f6rfritt f\u00e4ste: Din p\u00e5litliga f\u00f6ljeslagare f\u00f6r sj\u00f6s\u00e4kerhet, s\u00e4kerst\u00e4ller snabb n\u00f6dsignalering till sj\u00f6ss.","robots":{"index":"index","follow":"follow","max-snippet":"max-snippet:-1","max-image-preview":"max-image-preview:large","max-video-preview":"max-video-preview:-1"},"canonical":"https:\/\/oceansignal.com\/sv\/products\/rescueme-epirb1-pro\/","og_locale":"sv_SE","og_type":"article","og_title":"rescueME EPIRB1 Pro","og_description":"Ocean Signal EPIRB1 Pro med flott\u00f6rfritt f\u00e4ste: Din p\u00e5litliga f\u00f6ljeslagare f\u00f6r sj\u00f6s\u00e4kerhet, s\u00e4kerst\u00e4ller snabb n\u00f6dsignalering till sj\u00f6ss.","og_url":"https:\/\/oceansignal.com\/sv\/products\/rescueme-epirb1-pro\/","og_site_name":"Ocean Signal","article_modified_time":"2026-01-21T19:35:36+00:00","og_image":[{"width":800,"height":800,"url":"https:\/\/oceansignal.com\/wp-content\/uploads\/2023\/09\/EPRIB1-PRO-Front.png","type":"image\/png"}],"twitter_card":"summary_large_image","twitter_misc":{"Ber\u00e4knad l\u00e4stid":"2 minuter"},"schema":{"@context":"https:\/\/schema.org","@graph":[{"@type":"WebPage","@id":"https:\/\/oceansignal.com\/sv\/products\/rescueme-epirb1-pro\/","url":"https:\/\/oceansignal.com\/sv\/products\/rescueme-epirb1-pro\/","name":"rescueME EPIRB1 Pro - Ocean Signal","isPartOf":{"@id":"https:\/\/oceansignal.com\/sv\/#website"},"primaryImageOfPage":{"@id":"https:\/\/oceansignal.com\/sv\/products\/rescueme-epirb1-pro\/#primaryimage"},"image":{"@id":"https:\/\/oceansignal.com\/sv\/products\/rescueme-epirb1-pro\/#primaryimage"},"thumbnailUrl":"https:\/\/oceansignal.com\/wp-content\/uploads\/2023\/09\/EPRIB1-PRO-Front.png","datePublished":"2023-09-07T12:15:25+00:00","dateModified":"2026-01-21T19:35:36+00:00","description":"Ocean Signal EPIRB1 Pro med flott\u00f6rfritt f\u00e4ste: Din p\u00e5litliga f\u00f6ljeslagare f\u00f6r sj\u00f6s\u00e4kerhet, s\u00e4kerst\u00e4ller snabb n\u00f6dsignalering till sj\u00f6ss.","breadcrumb":{"@id":"https:\/\/oceansignal.com\/sv\/products\/rescueme-epirb1-pro\/#breadcrumb"},"inLanguage":"sv-SE","potentialAction":[{"@type":"ReadAction","target":["https:\/\/oceansignal.com\/sv\/products\/rescueme-epirb1-pro\/"]}]},{"@type":"ImageObject","inLanguage":"sv-SE","@id":"https:\/\/oceansignal.com\/sv\/products\/rescueme-epirb1-pro\/#primaryimage","url":"https:\/\/oceansignal.com\/wp-content\/uploads\/2023\/09\/EPRIB1-PRO-Front.png","contentUrl":"https:\/\/oceansignal.com\/wp-content\/uploads\/2023\/09\/EPRIB1-PRO-Front.png","width":800,"height":800},{"@type":"BreadcrumbList","@id":"https:\/\/oceansignal.com\/sv\/products\/rescueme-epirb1-pro\/#breadcrumb","itemListElement":[{"@type":"ListItem","position":1,"name":"Produkter","item":"https:\/\/oceansignal.com\/sv\/produkter\/"},{"@type":"ListItem","position":2,"name":"rescueME EPIRB1 Pro"}]},{"@type":"WebSite","@id":"https:\/\/oceansignal.com\/sv\/#website","url":"https:\/\/oceansignal.com\/sv\/","name":"Ocean Signal","description":"A leading manufacturer of EPIRBs, AIS, SARTs, Personal Locator Beacons, Man Overboard Beacon for the Marine and Outdoor Markets.","potentialAction":[{"@type":"SearchAction","target":{"@type":"EntryPoint","urlTemplate":"https:\/\/oceansignal.com\/sv\/?s={search_term_string}"},"query-input":{"@type":"PropertyValueSpecification","valueRequired":true,"valueName":"search_term_string"}}],"inLanguage":"sv-SE"}]}},"_links":{"self":[{"href":"https:\/\/oceansignal.com\/sv\/wp-json\/wp\/v2\/product\/7841","targetHints":{"allow":["GET"]}}],"collection":[{"href":"https:\/\/oceansignal.com\/sv\/wp-json\/wp\/v2\/product"}],"about":[{"href":"https:\/\/oceansignal.com\/sv\/wp-json\/wp\/v2\/types\/product"}],"wp:featuredmedia":[{"embeddable":true,"href":"https:\/\/oceansignal.com\/sv\/wp-json\/wp\/v2\/media\/12444"}],"wp:attachment":[{"href":"https:\/\/oceansignal.com\/sv\/wp-json\/wp\/v2\/media?parent=7841"}],"wp:term":[{"taxonomy":"product_brand","embeddable":true,"href":"https:\/\/oceansignal.com\/sv\/wp-json\/wp\/v2\/product_brand?post=7841"},{"taxonomy":"product_cat","embeddable":true,"href":"https:\/\/oceansignal.com\/sv\/wp-json\/wp\/v2\/product_cat?post=7841"},{"taxonomy":"product_tag","embeddable":true,"href":"https:\/\/oceansignal.com\/sv\/wp-json\/wp\/v2\/product_tag?post=7841"}],"curies":[{"name":"wp","href":"https:\/\/api.w.org\/{rel}","templated":true}]}}