{"id":7853,"date":"2023-09-07T11:09:06","date_gmt":"2023-09-07T11:09:06","guid":{"rendered":"https:\/\/oceansignal.com\/products\/rescueme-epirb1\/"},"modified":"2026-01-21T19:35:43","modified_gmt":"2026-01-21T19:35:43","slug":"rescueme-epirb1","status":"publish","type":"product","link":"https:\/\/oceansignal.com\/sv\/products\/rescueme-epirb1\/","title":{"rendered":"rescueME EPIRB1"},"content":{"rendered":"<p>Sammanfattning:<\/p>\n<p>rescueME EPIRB1 ger sinnesfrid med en imponerande 10-\u00e5rig batteritid.<\/p>\n<p>V\u00e4rldens mest kompakta n\u00f6dl\u00e4gesindikerande radiofyr eller EPIRB kan alltid finnas till hands, eftersom dess ringa storlek g\u00f6r att den enkelt kan h\u00e5llas i sitt manuella snabbutl\u00f6sningsf\u00e4ste eller placeras i en n\u00f6dv\u00e4ska eller livflot. En enkel skyddande flik \u00f6ver man\u00f6vernycklarna f\u00f6rhindrar oavsiktlig aktivering, men m\u00f6jligg\u00f6r enkel anv\u00e4ndning n\u00e4r det beh\u00f6vs. <\/p>\n<p>rescueME EPIRB1 har ocks\u00e5 tv\u00e5 ljusstyrkor f\u00f6r att maximera sikten i svagt ljus och den inf\u00e4llbara antennen ger maximalt skydd och en reducerad kontur f\u00f6r f\u00f6rvaring. Vid behov f\u00e4lls antennen enkelt ut med ett f\u00f6rsiktigt drag. <\/p>\n<p>F\u00f6reslagen blogg: <a href=\"https:\/\/oceansignal.com\/sv\/news\/vad-ar-en-nodlagesindikerande-radiofyr-eller-epirb\/\">Vad \u00e4r en EPIRB ?<\/a><\/p>\n<p>Produktbeskrivning:<\/p>\n<p>Vi introducerar Ocean Signal rescueME EPIRB1 \u2013 din p\u00e5litliga f\u00f6ljeslagare f\u00f6r sj\u00f6s\u00e4kerhet.<\/p>\n<p>Konstruerad f\u00f6r att snabbt larma s\u00f6k- och r\u00e4ddningsteam i h\u00e4ndelse av en n\u00f6dsituation till sj\u00f6ss, \u00e4r denna kompakta n\u00f6dl\u00e4gesindikerande radiofyr ( EPIRB ) din livlina p\u00e5 vattnet. Oavsett om du \u00e4r en sj\u00f6man, fiskare eller \u00e4ventyrare, s\u00e4kerst\u00e4ller rescueME EPIRB1 att din n\u00f6dsignal s\u00e4nds med precision, vilket underl\u00e4ttar ett snabbt svar p\u00e5 din plats. Med sin banbrytande teknik och anv\u00e4ndarv\u00e4nliga design erbjuder denna viktiga enhet o\u00f6vertr\u00e4ffad sinnesfrid, vilket ger dig m\u00f6jlighet att navigera p\u00e5 havet med tillf\u00f6rsikt.  <\/p>\n<p>rescueME EPIRB1 levereras med en integrerad 66-kanals GPS som standard, vilket ger korrekt positionsinformation till r\u00e4ddningstj\u00e4nsten f\u00f6r att hj\u00e4lpa till med snabb r\u00e4ddning. N\u00e4r den \u00e4r aktiverad s\u00e4nder EPIRB1 din position och ditt unika ID till en r\u00e4ddningscentral via satellitl\u00e4nk. Denna information vidarebefordras sedan till relevanta lokala s\u00f6k- och r\u00e4ddningstj\u00e4nster, s\u00e5 att de f\u00e5r veta din exakta position, tack vare 66-kanalers GPS.  <\/p>\n<p>Beh\u00f6ver du uppgradera till en AIS-aktiverad EPIRB ? Kolla in nya <a href=\"https:\/\/oceansignal.com\/products\/safesea-epirb3-pro\/\">EPIRB3<\/a> <\/p>\n<p>&nbsp;<\/p>\n<p><strong>Funktioner:<\/strong><\/p>\n<ul>\n<li>30 % (typ) mindre*<\/li>\n<li>10 \u00e5rs batteritid<\/li>\n<li>48+ timmars livsl\u00e4ngd<\/li>\n<li>2-\u00e5rs garanti \u2020 (kan f\u00f6rl\u00e4nga garantin till 5 \u00e5r via produktregistrering)<\/li>\n<li>Snabb exakt positionering med 66-kanals GPS<\/li>\n<li>Inf\u00e4llbar antenn<\/li>\n<li>F\u00e4ste f\u00f6r snabbkoppling<\/li>\n<li>S\u00e4ker snodd<\/li>\n<li>Tillverkad i Storbritannien (UK)<\/li>\n<\/ul>\n<p>&nbsp;<\/p>\n<p>*30 % mindre, j\u00e4mf\u00f6rt med andra produkter godk\u00e4nda enligt erk\u00e4nda standarder (juli 2014)<\/p>\n<p>\u2020 Med f\u00f6rbeh\u00e5ll f\u00f6r garantif\u00f6rklaringen<\/p>\n<p>F\u00f6r l\u00e4ngre offshore- eller havspassager erbjuder Ocean Signal <a href=\"http:\/\/oceansignal.com\/products\/rescueme-epirb1-pro\/\">EPIRB1 Pro<\/a> ett h\u00f6lje f\u00f6r automatisk frig\u00f6ring.<\/p>\n<p>&nbsp;<\/p>\n","protected":false},"excerpt":{"rendered":"<p>V\u00e4rldens mest kompakta n\u00f6dl\u00e4gesindikerande radiofyr ( EPIRB )<\/p>\n<p><strong>Funktioner:<\/strong><\/p>\n<ul>\n<li>Eng\u00e5ngsk\u00f6p. Ingen prenumerationsavgift. <\/li>\n<li>10 \u00e5rs batteritid<\/li>\n<li>48+ timmars livsl\u00e4ngd<\/li>\n<li>Snabb exakt positionering med 66-kanals GPS och 406Mhz + 121,5Mhz<\/li>\n<li>2-\u00e5rs garanti \u2020 (kan f\u00f6rl\u00e4nga garantin till 5 \u00e5r via produktregistrering)<\/li>\n<li>Inf\u00e4llbar antenn<\/li>\n<li>F\u00e4ste f\u00f6r snabbkoppling<\/li>\n<li>S\u00e4ker snodd<\/li>\n<li>Tillverkad i Storbritannien (UK)<\/li>\n<\/ul>\n<p><a href=\"https:\/\/www.dropbox.com\/s\/fk04stqsp2hgk5f\/Prop%2065%20-%20DEHP.pdf?dl=0\">VARNING: PROP 65<\/a><\/p>\n<p>&nbsp;<\/p>\n","protected":false},"featured_media":35488,"template":"","meta":{"_acf_changed":false,"om_disable_all_campaigns":false},"product_brand":[],"product_cat":[865,468],"product_tag":[867,899,900,901,898],"class_list":{"0":"post-7853","1":"product","2":"type-product","3":"status-publish","4":"has-post-thumbnail","6":"product_cat-epirb-sv","7":"product_cat-rescueme-sv","8":"product_tag-epirb-sv","9":"product_tag-epirb1-sv","10":"product_tag-gps-sv","11":"product_tag-marin-sakerhet","12":"product_tag-nodlage-som-indikerar-radio-becaon","14":"first","15":"instock","16":"taxable","17":"shipping-taxable","18":"purchasable","19":"product-type-simple"},"acf":[],"yoast_head":"<!-- This site is optimized with the Yoast SEO Premium plugin v25.2 (Yoast SEO v26.4) - https:\/\/yoast.com\/wordpress\/plugins\/seo\/ -->\n<title>rescueME EPIRB1 - Ocean Signal<\/title>\n<meta name=\"description\" content=\"H\u00e5ll dig s\u00e4ker till sj\u00f6ss med Ocean Signal rescueME EPIRB1 n\u00f6dl\u00e4gesindikerande radiofyr. Kompakt och p\u00e5litlig, det \u00e4r f\u00f6r maritima \u00e4ventyr.\" \/>\n<meta name=\"robots\" content=\"index, follow, max-snippet:-1, max-image-preview:large, max-video-preview:-1\" \/>\n<link rel=\"canonical\" href=\"https:\/\/oceansignal.com\/sv\/products\/rescueme-epirb1\/\" \/>\n<meta property=\"og:locale\" content=\"sv_SE\" \/>\n<meta property=\"og:type\" content=\"article\" \/>\n<meta property=\"og:title\" content=\"rescueME EPIRB1\" \/>\n<meta property=\"og:description\" content=\"H\u00e5ll dig s\u00e4ker till sj\u00f6ss med Ocean Signal rescueME EPIRB1 n\u00f6dl\u00e4gesindikerande radiofyr. Kompakt och p\u00e5litlig, det \u00e4r f\u00f6r maritima \u00e4ventyr.\" \/>\n<meta property=\"og:url\" content=\"https:\/\/oceansignal.com\/sv\/products\/rescueme-epirb1\/\" \/>\n<meta property=\"og:site_name\" content=\"Ocean Signal\" \/>\n<meta property=\"article:modified_time\" content=\"2026-01-21T19:35:43+00:00\" \/>\n<meta property=\"og:image\" content=\"https:\/\/oceansignal.com\/wp-content\/uploads\/2023\/09\/Ocean-Signal-EPIRB-1-Front.webp\" \/>\n\t<meta property=\"og:image:width\" content=\"800\" \/>\n\t<meta property=\"og:image:height\" content=\"800\" \/>\n\t<meta property=\"og:image:type\" content=\"image\/webp\" \/>\n<meta name=\"twitter:card\" content=\"summary_large_image\" \/>\n<meta name=\"twitter:label1\" content=\"Ber\u00e4knad l\u00e4stid\" \/>\n\t<meta name=\"twitter:data1\" content=\"2 minuter\" \/>\n<script type=\"application\/ld+json\" class=\"yoast-schema-graph\">{\"@context\":\"https:\/\/schema.org\",\"@graph\":[{\"@type\":\"WebPage\",\"@id\":\"https:\/\/oceansignal.com\/sv\/products\/rescueme-epirb1\/\",\"url\":\"https:\/\/oceansignal.com\/sv\/products\/rescueme-epirb1\/\",\"name\":\"rescueME EPIRB1 - Ocean Signal\",\"isPartOf\":{\"@id\":\"https:\/\/oceansignal.com\/sv\/#website\"},\"primaryImageOfPage\":{\"@id\":\"https:\/\/oceansignal.com\/sv\/products\/rescueme-epirb1\/#primaryimage\"},\"image\":{\"@id\":\"https:\/\/oceansignal.com\/sv\/products\/rescueme-epirb1\/#primaryimage\"},\"thumbnailUrl\":\"https:\/\/oceansignal.com\/wp-content\/uploads\/2023\/09\/Ocean-Signal-EPIRB-1-Front.webp\",\"datePublished\":\"2023-09-07T11:09:06+00:00\",\"dateModified\":\"2026-01-21T19:35:43+00:00\",\"description\":\"H\u00e5ll dig s\u00e4ker till sj\u00f6ss med Ocean Signal rescueME EPIRB1 n\u00f6dl\u00e4gesindikerande radiofyr. Kompakt och p\u00e5litlig, det \u00e4r f\u00f6r maritima \u00e4ventyr.\",\"breadcrumb\":{\"@id\":\"https:\/\/oceansignal.com\/sv\/products\/rescueme-epirb1\/#breadcrumb\"},\"inLanguage\":\"sv-SE\",\"potentialAction\":[{\"@type\":\"ReadAction\",\"target\":[\"https:\/\/oceansignal.com\/sv\/products\/rescueme-epirb1\/\"]}]},{\"@type\":\"ImageObject\",\"inLanguage\":\"sv-SE\",\"@id\":\"https:\/\/oceansignal.com\/sv\/products\/rescueme-epirb1\/#primaryimage\",\"url\":\"https:\/\/oceansignal.com\/wp-content\/uploads\/2023\/09\/Ocean-Signal-EPIRB-1-Front.webp\",\"contentUrl\":\"https:\/\/oceansignal.com\/wp-content\/uploads\/2023\/09\/Ocean-Signal-EPIRB-1-Front.webp\",\"width\":800,\"height\":800},{\"@type\":\"BreadcrumbList\",\"@id\":\"https:\/\/oceansignal.com\/sv\/products\/rescueme-epirb1\/#breadcrumb\",\"itemListElement\":[{\"@type\":\"ListItem\",\"position\":1,\"name\":\"Produkter\",\"item\":\"https:\/\/oceansignal.com\/sv\/produkter\/\"},{\"@type\":\"ListItem\",\"position\":2,\"name\":\"rescueME EPIRB1\"}]},{\"@type\":\"WebSite\",\"@id\":\"https:\/\/oceansignal.com\/sv\/#website\",\"url\":\"https:\/\/oceansignal.com\/sv\/\",\"name\":\"Ocean Signal\",\"description\":\"A leading manufacturer of EPIRBs, AIS, SARTs, Personal Locator Beacons, Man Overboard Beacon for the Marine and Outdoor Markets.\",\"potentialAction\":[{\"@type\":\"SearchAction\",\"target\":{\"@type\":\"EntryPoint\",\"urlTemplate\":\"https:\/\/oceansignal.com\/sv\/?s={search_term_string}\"},\"query-input\":{\"@type\":\"PropertyValueSpecification\",\"valueRequired\":true,\"valueName\":\"search_term_string\"}}],\"inLanguage\":\"sv-SE\"}]}<\/script>\n<!-- \/ Yoast SEO Premium plugin. -->","yoast_head_json":{"title":"rescueME EPIRB1 - Ocean Signal","description":"H\u00e5ll dig s\u00e4ker till sj\u00f6ss med Ocean Signal rescueME EPIRB1 n\u00f6dl\u00e4gesindikerande radiofyr. Kompakt och p\u00e5litlig, det \u00e4r f\u00f6r maritima \u00e4ventyr.","robots":{"index":"index","follow":"follow","max-snippet":"max-snippet:-1","max-image-preview":"max-image-preview:large","max-video-preview":"max-video-preview:-1"},"canonical":"https:\/\/oceansignal.com\/sv\/products\/rescueme-epirb1\/","og_locale":"sv_SE","og_type":"article","og_title":"rescueME EPIRB1","og_description":"H\u00e5ll dig s\u00e4ker till sj\u00f6ss med Ocean Signal rescueME EPIRB1 n\u00f6dl\u00e4gesindikerande radiofyr. Kompakt och p\u00e5litlig, det \u00e4r f\u00f6r maritima \u00e4ventyr.","og_url":"https:\/\/oceansignal.com\/sv\/products\/rescueme-epirb1\/","og_site_name":"Ocean Signal","article_modified_time":"2026-01-21T19:35:43+00:00","og_image":[{"width":800,"height":800,"url":"https:\/\/oceansignal.com\/wp-content\/uploads\/2023\/09\/Ocean-Signal-EPIRB-1-Front.webp","type":"image\/webp"}],"twitter_card":"summary_large_image","twitter_misc":{"Ber\u00e4knad l\u00e4stid":"2 minuter"},"schema":{"@context":"https:\/\/schema.org","@graph":[{"@type":"WebPage","@id":"https:\/\/oceansignal.com\/sv\/products\/rescueme-epirb1\/","url":"https:\/\/oceansignal.com\/sv\/products\/rescueme-epirb1\/","name":"rescueME EPIRB1 - Ocean Signal","isPartOf":{"@id":"https:\/\/oceansignal.com\/sv\/#website"},"primaryImageOfPage":{"@id":"https:\/\/oceansignal.com\/sv\/products\/rescueme-epirb1\/#primaryimage"},"image":{"@id":"https:\/\/oceansignal.com\/sv\/products\/rescueme-epirb1\/#primaryimage"},"thumbnailUrl":"https:\/\/oceansignal.com\/wp-content\/uploads\/2023\/09\/Ocean-Signal-EPIRB-1-Front.webp","datePublished":"2023-09-07T11:09:06+00:00","dateModified":"2026-01-21T19:35:43+00:00","description":"H\u00e5ll dig s\u00e4ker till sj\u00f6ss med Ocean Signal rescueME EPIRB1 n\u00f6dl\u00e4gesindikerande radiofyr. Kompakt och p\u00e5litlig, det \u00e4r f\u00f6r maritima \u00e4ventyr.","breadcrumb":{"@id":"https:\/\/oceansignal.com\/sv\/products\/rescueme-epirb1\/#breadcrumb"},"inLanguage":"sv-SE","potentialAction":[{"@type":"ReadAction","target":["https:\/\/oceansignal.com\/sv\/products\/rescueme-epirb1\/"]}]},{"@type":"ImageObject","inLanguage":"sv-SE","@id":"https:\/\/oceansignal.com\/sv\/products\/rescueme-epirb1\/#primaryimage","url":"https:\/\/oceansignal.com\/wp-content\/uploads\/2023\/09\/Ocean-Signal-EPIRB-1-Front.webp","contentUrl":"https:\/\/oceansignal.com\/wp-content\/uploads\/2023\/09\/Ocean-Signal-EPIRB-1-Front.webp","width":800,"height":800},{"@type":"BreadcrumbList","@id":"https:\/\/oceansignal.com\/sv\/products\/rescueme-epirb1\/#breadcrumb","itemListElement":[{"@type":"ListItem","position":1,"name":"Produkter","item":"https:\/\/oceansignal.com\/sv\/produkter\/"},{"@type":"ListItem","position":2,"name":"rescueME EPIRB1"}]},{"@type":"WebSite","@id":"https:\/\/oceansignal.com\/sv\/#website","url":"https:\/\/oceansignal.com\/sv\/","name":"Ocean Signal","description":"A leading manufacturer of EPIRBs, AIS, SARTs, Personal Locator Beacons, Man Overboard Beacon for the Marine and Outdoor Markets.","potentialAction":[{"@type":"SearchAction","target":{"@type":"EntryPoint","urlTemplate":"https:\/\/oceansignal.com\/sv\/?s={search_term_string}"},"query-input":{"@type":"PropertyValueSpecification","valueRequired":true,"valueName":"search_term_string"}}],"inLanguage":"sv-SE"}]}},"_links":{"self":[{"href":"https:\/\/oceansignal.com\/sv\/wp-json\/wp\/v2\/product\/7853","targetHints":{"allow":["GET"]}}],"collection":[{"href":"https:\/\/oceansignal.com\/sv\/wp-json\/wp\/v2\/product"}],"about":[{"href":"https:\/\/oceansignal.com\/sv\/wp-json\/wp\/v2\/types\/product"}],"wp:featuredmedia":[{"embeddable":true,"href":"https:\/\/oceansignal.com\/sv\/wp-json\/wp\/v2\/media\/35488"}],"wp:attachment":[{"href":"https:\/\/oceansignal.com\/sv\/wp-json\/wp\/v2\/media?parent=7853"}],"wp:term":[{"taxonomy":"product_brand","embeddable":true,"href":"https:\/\/oceansignal.com\/sv\/wp-json\/wp\/v2\/product_brand?post=7853"},{"taxonomy":"product_cat","embeddable":true,"href":"https:\/\/oceansignal.com\/sv\/wp-json\/wp\/v2\/product_cat?post=7853"},{"taxonomy":"product_tag","embeddable":true,"href":"https:\/\/oceansignal.com\/sv\/wp-json\/wp\/v2\/product_tag?post=7853"}],"curies":[{"name":"wp","href":"https:\/\/api.w.org\/{rel}","templated":true}]}}