{"id":7865,"date":"2023-09-08T08:24:00","date_gmt":"2023-09-08T08:24:00","guid":{"rendered":"https:\/\/oceansignal.com\/products\/rescueme-edf1-nodraket\/"},"modified":"2026-01-21T20:24:44","modified_gmt":"2026-01-21T20:24:44","slug":"rescueme-edf1-nodraket","status":"publish","type":"product","link":"https:\/\/oceansignal.com\/sv\/products\/rescueme-edf1-nodraket\/","title":{"rendered":"rescueME EDF1 Flare"},"content":{"rendered":"<p>Det elektroniska n\u00f6dsignalljuset <strong>rescueME EDF1<\/strong> erbjuder anv\u00e4ndarna en s\u00e4ker och l\u00e5ngvarig l\u00f6sning f\u00f6r visuell signalering i en n\u00f6dsituation. Den unika linsdesignen i kombination med avancerade lysdioder och h\u00f6geffektiv kretsteknik s\u00e4kerst\u00e4ller en konstant ljusniv\u00e5 under hela det utbytbara batteriets livsl\u00e4ngd. <\/p>\n<p>Ljuseffekten \u00e4r en str\u00e5le p\u00e5 \u00f6ver 30\u00b0 \u00f6ver hela 360\u00b0-azimuten, vilket ger \u00f6ver 6 g\u00e5nger mer ljust\u00e4ckning \u00e4n andra elektroniska n\u00f6dbloss*. Ljuset f\u00f6rdelas ocks\u00e5 \u00f6ver hela halvklotet ovanf\u00f6r enheten f\u00f6r att s\u00e4kerst\u00e4lla sikt fr\u00e5n luften. <\/p>\n<p>Till skillnad fr\u00e5n eng\u00e5ngspyrotekniska facklor kan <strong>rescueME EDF1<\/strong> anv\u00e4ndas upprepade g\u00e5nger i vilket som helst av sina fyra l\u00e4gen, vilket s\u00e4kerst\u00e4ller fortsatt sikt under en l\u00e4ngre period. Enheten \u00e4r b\u00e5de s\u00e4ker att f\u00f6rvara och anv\u00e4nda samtidigt som den eliminerar eventuella bekymmer i samband med kassering. Den kompakta storleken och den robusta designen g\u00f6r att <strong>rescueME EDF1<\/strong> \u00e4r den perfekta s\u00e4kerhetsprodukten f\u00f6r en gripv\u00e4ska, livflotte eller vandrarryggs\u00e4ck.  <\/p>\n<p><em>Ers\u00e4ttningsbatteripaketet, LB10F, kan best\u00e4llas fr\u00e5n <a href=\"https:\/\/oceansignal.com\/sv\/stod\/hitta-en-aterforsaljare\/\">Ocean Signal-\u00e5terf\u00f6rs\u00e4ljare<\/a> som lagerf\u00f6r EDF1. Best\u00e4llningskoden \u00e4r 751S-01771. <\/em><\/p>\n<p>Beh\u00f6ver en godk\u00e4nd USCG elektronisk bloss: <a href=\"https:\/\/www.acrartex.com\/products\/resqflare-boat-flare\/\">ACR ResQFlare<\/a><\/p>\n","protected":false},"excerpt":{"rendered":"<p>EDF1 LED-n\u00f6dbloss: ett utm\u00e4rkt alternativ till traditionella pyrotekniska bloss<\/p>\n<ul>\n<li>Avancerad LED-teknik &#8211; S\u00e4ker drift<\/li>\n<li>Enast\u00e5ende 360-graders sikt i Azimuth<\/li>\n<li>Upp till 6 timmars batteritid<\/li>\n<li>Fyra driftl\u00e4gen plus SOS-signalering Enkelt utbytbart batteri<\/li>\n<li>R\u00e4ckvidd upp till 11 km<\/li>\n<li>Batteritestfunktion<\/li>\n<li>Kompakt, robust design<\/li>\n<li>Utm\u00e4rkt sikt f\u00f6r flygplan och helikopter-SAR<\/li>\n<li>Konstant ljusstyrka bibeh\u00e5lls under hela batteriets livsl\u00e4ngd<\/li>\n<li>Enkelt utbytbart batteri<\/li>\n<li>Vattent\u00e4t till 10 meter<\/li>\n<\/ul>\n","protected":false},"featured_media":12051,"template":"","meta":{"_acf_changed":false,"om_disable_all_campaigns":false},"product_brand":[],"product_cat":[954,468],"product_tag":[956,958,959],"class_list":{"0":"post-7865","1":"product","2":"type-product","3":"status-publish","4":"has-post-thumbnail","6":"product_cat-elektronisk-signalering-och-flare","7":"product_cat-rescueme-sv","8":"product_tag-edf1-sv","9":"product_tag-elektronisk-flare-sv","10":"product_tag-rescue-flare-sv","12":"first","13":"instock","14":"taxable","15":"shipping-taxable","16":"purchasable","17":"product-type-simple"},"acf":[],"yoast_head":"<!-- This site is optimized with the Yoast SEO Premium plugin v25.2 (Yoast SEO v26.4) - https:\/\/yoast.com\/wordpress\/plugins\/seo\/ -->\n<title>rescueME EDF1 Flare - Ocean Signal<\/title>\n<meta name=\"description\" content=\"H\u00e5ll dig s\u00e4ker till sj\u00f6ss med Ocean Signal rescueME EDF1 elektronisk n\u00f6dsignal. Kompakt och p\u00e5litlig n\u00f6dsignalering f\u00f6r maritima n\u00f6dsituationer. K\u00f6p nu!\" \/>\n<meta name=\"robots\" content=\"index, follow, max-snippet:-1, max-image-preview:large, max-video-preview:-1\" \/>\n<link rel=\"canonical\" href=\"https:\/\/oceansignal.com\/sv\/products\/rescueme-edf1-nodraket\/\" \/>\n<meta property=\"og:locale\" content=\"sv_SE\" \/>\n<meta property=\"og:type\" content=\"article\" \/>\n<meta property=\"og:title\" content=\"rescueME EDF1 Flare\" \/>\n<meta property=\"og:description\" content=\"H\u00e5ll dig s\u00e4ker till sj\u00f6ss med Ocean Signal rescueME EDF1 elektronisk n\u00f6dsignal. Kompakt och p\u00e5litlig n\u00f6dsignalering f\u00f6r maritima n\u00f6dsituationer. K\u00f6p nu!\" \/>\n<meta property=\"og:url\" content=\"https:\/\/oceansignal.com\/sv\/products\/rescueme-edf1-nodraket\/\" \/>\n<meta property=\"og:site_name\" content=\"Ocean Signal\" \/>\n<meta property=\"article:modified_time\" content=\"2026-01-21T20:24:44+00:00\" \/>\n<meta property=\"og:image\" content=\"https:\/\/oceansignal.com\/wp-content\/uploads\/2023\/09\/Ocean-Signal-EDF1.png\" \/>\n\t<meta property=\"og:image:width\" content=\"800\" \/>\n\t<meta property=\"og:image:height\" content=\"800\" \/>\n\t<meta property=\"og:image:type\" content=\"image\/png\" \/>\n<meta name=\"twitter:card\" content=\"summary_large_image\" \/>\n<meta name=\"twitter:label1\" content=\"Ber\u00e4knad l\u00e4stid\" \/>\n\t<meta name=\"twitter:data1\" content=\"1 minut\" \/>\n<script type=\"application\/ld+json\" class=\"yoast-schema-graph\">{\"@context\":\"https:\/\/schema.org\",\"@graph\":[{\"@type\":\"WebPage\",\"@id\":\"https:\/\/oceansignal.com\/sv\/products\/rescueme-edf1-nodraket\/\",\"url\":\"https:\/\/oceansignal.com\/sv\/products\/rescueme-edf1-nodraket\/\",\"name\":\"rescueME EDF1 Flare - Ocean Signal\",\"isPartOf\":{\"@id\":\"https:\/\/oceansignal.com\/sv\/#website\"},\"primaryImageOfPage\":{\"@id\":\"https:\/\/oceansignal.com\/sv\/products\/rescueme-edf1-nodraket\/#primaryimage\"},\"image\":{\"@id\":\"https:\/\/oceansignal.com\/sv\/products\/rescueme-edf1-nodraket\/#primaryimage\"},\"thumbnailUrl\":\"https:\/\/oceansignal.com\/wp-content\/uploads\/2023\/09\/Ocean-Signal-EDF1.png\",\"datePublished\":\"2023-09-08T08:24:00+00:00\",\"dateModified\":\"2026-01-21T20:24:44+00:00\",\"description\":\"H\u00e5ll dig s\u00e4ker till sj\u00f6ss med Ocean Signal rescueME EDF1 elektronisk n\u00f6dsignal. Kompakt och p\u00e5litlig n\u00f6dsignalering f\u00f6r maritima n\u00f6dsituationer. K\u00f6p nu!\",\"breadcrumb\":{\"@id\":\"https:\/\/oceansignal.com\/sv\/products\/rescueme-edf1-nodraket\/#breadcrumb\"},\"inLanguage\":\"sv-SE\",\"potentialAction\":[{\"@type\":\"ReadAction\",\"target\":[\"https:\/\/oceansignal.com\/sv\/products\/rescueme-edf1-nodraket\/\"]}]},{\"@type\":\"ImageObject\",\"inLanguage\":\"sv-SE\",\"@id\":\"https:\/\/oceansignal.com\/sv\/products\/rescueme-edf1-nodraket\/#primaryimage\",\"url\":\"https:\/\/oceansignal.com\/wp-content\/uploads\/2023\/09\/Ocean-Signal-EDF1.png\",\"contentUrl\":\"https:\/\/oceansignal.com\/wp-content\/uploads\/2023\/09\/Ocean-Signal-EDF1.png\",\"width\":800,\"height\":800},{\"@type\":\"BreadcrumbList\",\"@id\":\"https:\/\/oceansignal.com\/sv\/products\/rescueme-edf1-nodraket\/#breadcrumb\",\"itemListElement\":[{\"@type\":\"ListItem\",\"position\":1,\"name\":\"Produkter\",\"item\":\"https:\/\/oceansignal.com\/sv\/produkter\/\"},{\"@type\":\"ListItem\",\"position\":2,\"name\":\"rescueME EDF1 Flare\"}]},{\"@type\":\"WebSite\",\"@id\":\"https:\/\/oceansignal.com\/sv\/#website\",\"url\":\"https:\/\/oceansignal.com\/sv\/\",\"name\":\"Ocean Signal\",\"description\":\"A leading manufacturer of EPIRBs, AIS, SARTs, Personal Locator Beacons, Man Overboard Beacon for the Marine and Outdoor Markets.\",\"potentialAction\":[{\"@type\":\"SearchAction\",\"target\":{\"@type\":\"EntryPoint\",\"urlTemplate\":\"https:\/\/oceansignal.com\/sv\/?s={search_term_string}\"},\"query-input\":{\"@type\":\"PropertyValueSpecification\",\"valueRequired\":true,\"valueName\":\"search_term_string\"}}],\"inLanguage\":\"sv-SE\"}]}<\/script>\n<!-- \/ Yoast SEO Premium plugin. -->","yoast_head_json":{"title":"rescueME EDF1 Flare - Ocean Signal","description":"H\u00e5ll dig s\u00e4ker till sj\u00f6ss med Ocean Signal rescueME EDF1 elektronisk n\u00f6dsignal. Kompakt och p\u00e5litlig n\u00f6dsignalering f\u00f6r maritima n\u00f6dsituationer. K\u00f6p nu!","robots":{"index":"index","follow":"follow","max-snippet":"max-snippet:-1","max-image-preview":"max-image-preview:large","max-video-preview":"max-video-preview:-1"},"canonical":"https:\/\/oceansignal.com\/sv\/products\/rescueme-edf1-nodraket\/","og_locale":"sv_SE","og_type":"article","og_title":"rescueME EDF1 Flare","og_description":"H\u00e5ll dig s\u00e4ker till sj\u00f6ss med Ocean Signal rescueME EDF1 elektronisk n\u00f6dsignal. Kompakt och p\u00e5litlig n\u00f6dsignalering f\u00f6r maritima n\u00f6dsituationer. K\u00f6p nu!","og_url":"https:\/\/oceansignal.com\/sv\/products\/rescueme-edf1-nodraket\/","og_site_name":"Ocean Signal","article_modified_time":"2026-01-21T20:24:44+00:00","og_image":[{"width":800,"height":800,"url":"https:\/\/oceansignal.com\/wp-content\/uploads\/2023\/09\/Ocean-Signal-EDF1.png","type":"image\/png"}],"twitter_card":"summary_large_image","twitter_misc":{"Ber\u00e4knad l\u00e4stid":"1 minut"},"schema":{"@context":"https:\/\/schema.org","@graph":[{"@type":"WebPage","@id":"https:\/\/oceansignal.com\/sv\/products\/rescueme-edf1-nodraket\/","url":"https:\/\/oceansignal.com\/sv\/products\/rescueme-edf1-nodraket\/","name":"rescueME EDF1 Flare - Ocean Signal","isPartOf":{"@id":"https:\/\/oceansignal.com\/sv\/#website"},"primaryImageOfPage":{"@id":"https:\/\/oceansignal.com\/sv\/products\/rescueme-edf1-nodraket\/#primaryimage"},"image":{"@id":"https:\/\/oceansignal.com\/sv\/products\/rescueme-edf1-nodraket\/#primaryimage"},"thumbnailUrl":"https:\/\/oceansignal.com\/wp-content\/uploads\/2023\/09\/Ocean-Signal-EDF1.png","datePublished":"2023-09-08T08:24:00+00:00","dateModified":"2026-01-21T20:24:44+00:00","description":"H\u00e5ll dig s\u00e4ker till sj\u00f6ss med Ocean Signal rescueME EDF1 elektronisk n\u00f6dsignal. Kompakt och p\u00e5litlig n\u00f6dsignalering f\u00f6r maritima n\u00f6dsituationer. K\u00f6p nu!","breadcrumb":{"@id":"https:\/\/oceansignal.com\/sv\/products\/rescueme-edf1-nodraket\/#breadcrumb"},"inLanguage":"sv-SE","potentialAction":[{"@type":"ReadAction","target":["https:\/\/oceansignal.com\/sv\/products\/rescueme-edf1-nodraket\/"]}]},{"@type":"ImageObject","inLanguage":"sv-SE","@id":"https:\/\/oceansignal.com\/sv\/products\/rescueme-edf1-nodraket\/#primaryimage","url":"https:\/\/oceansignal.com\/wp-content\/uploads\/2023\/09\/Ocean-Signal-EDF1.png","contentUrl":"https:\/\/oceansignal.com\/wp-content\/uploads\/2023\/09\/Ocean-Signal-EDF1.png","width":800,"height":800},{"@type":"BreadcrumbList","@id":"https:\/\/oceansignal.com\/sv\/products\/rescueme-edf1-nodraket\/#breadcrumb","itemListElement":[{"@type":"ListItem","position":1,"name":"Produkter","item":"https:\/\/oceansignal.com\/sv\/produkter\/"},{"@type":"ListItem","position":2,"name":"rescueME EDF1 Flare"}]},{"@type":"WebSite","@id":"https:\/\/oceansignal.com\/sv\/#website","url":"https:\/\/oceansignal.com\/sv\/","name":"Ocean Signal","description":"A leading manufacturer of EPIRBs, AIS, SARTs, Personal Locator Beacons, Man Overboard Beacon for the Marine and Outdoor Markets.","potentialAction":[{"@type":"SearchAction","target":{"@type":"EntryPoint","urlTemplate":"https:\/\/oceansignal.com\/sv\/?s={search_term_string}"},"query-input":{"@type":"PropertyValueSpecification","valueRequired":true,"valueName":"search_term_string"}}],"inLanguage":"sv-SE"}]}},"_links":{"self":[{"href":"https:\/\/oceansignal.com\/sv\/wp-json\/wp\/v2\/product\/7865","targetHints":{"allow":["GET"]}}],"collection":[{"href":"https:\/\/oceansignal.com\/sv\/wp-json\/wp\/v2\/product"}],"about":[{"href":"https:\/\/oceansignal.com\/sv\/wp-json\/wp\/v2\/types\/product"}],"wp:featuredmedia":[{"embeddable":true,"href":"https:\/\/oceansignal.com\/sv\/wp-json\/wp\/v2\/media\/12051"}],"wp:attachment":[{"href":"https:\/\/oceansignal.com\/sv\/wp-json\/wp\/v2\/media?parent=7865"}],"wp:term":[{"taxonomy":"product_brand","embeddable":true,"href":"https:\/\/oceansignal.com\/sv\/wp-json\/wp\/v2\/product_brand?post=7865"},{"taxonomy":"product_cat","embeddable":true,"href":"https:\/\/oceansignal.com\/sv\/wp-json\/wp\/v2\/product_cat?post=7865"},{"taxonomy":"product_tag","embeddable":true,"href":"https:\/\/oceansignal.com\/sv\/wp-json\/wp\/v2\/product_tag?post=7865"}],"curies":[{"name":"wp","href":"https:\/\/api.w.org\/{rel}","templated":true}]}}