{"id":8422,"date":"2023-09-08T09:20:37","date_gmt":"2023-09-08T09:20:37","guid":{"rendered":"https:\/\/oceansignal.com\/products\/safesea-v100-vhf\/"},"modified":"2026-01-21T19:54:49","modified_gmt":"2026-01-21T19:54:49","slug":"safesea-v100-vhf","status":"publish","type":"product","link":"https:\/\/oceansignal.com\/sv\/products\/safesea-v100-vhf\/","title":{"rendered":"safeSEA V100 VHF"},"content":{"rendered":"<p>F\u00f6r rutintestning av V100 finns ett alkaliskt, icke-uppladdningsbart batteri (TB6V) tillg\u00e4ngligt. Detta batteri har begr\u00e4nsad livsl\u00e4ngd endast f\u00f6r testning och \u00e4r inte l\u00e4mpligt f\u00f6r operativ anv\u00e4ndning. Dessutom inneb\u00e4r den nya batteriskyddsfliken att det prim\u00e4ra batteriet kan f\u00e4stas permanent p\u00e5 radion utan r\u00e4dsla f\u00f6r att tappa laddningen. Radion kommer alltid att vara tillg\u00e4nglig f\u00f6r anv\u00e4ndning i n\u00f6dsituationer utan att skyddsetiketter eller liknande beh\u00f6ver tas bort innan anv\u00e4ndning. Bryt bara av den r\u00f6da skyddsfliken s\u00e5 \u00e4r radion omedelbart redo att sl\u00e5s p\u00e5.    <\/p>\n<h4>Funktioner:<\/h4>\n<ul>\n<li>Uppladdningsbart litiumpolymerbatteri som tillval finns med snabbladdare, f\u00f6r daglig normal anv\u00e4ndning<\/li>\n<li>Helt vattent\u00e4t, \u00e4ven 40C termisk chock<\/li>\n<li>H\u00f6geffektiv s\u00e4ndare f\u00f6r maximal batteritid<\/li>\n<li>Robust design \u00f6vertr\u00e4ffar milj\u00f6kraven f\u00f6r GMDSS VHF Radio<\/li>\n<li>Prim\u00e4rt litiumbatteri f\u00f6r akut anv\u00e4ndning\n<ul>\n<li>Ny batteriskyddsflik skyddar mot oavsiktlig anv\u00e4ndning<\/li>\n<li>Batteri klassificerat som ofarligt f\u00f6r transport<\/li>\n<li>Batteriet ger mer \u00e4n 16 timmars normal drift, \u00e4ven vid -20\u00b0C. (10 % Tx, 10 % Rx, 80 % Squelched) <\/li>\n<\/ul>\n<\/li>\n<li>Laseretsade nyckelf\u00f6rklaringar f\u00f6r h\u00e5llbarhet<\/li>\n<li>Bakgrundsbelyst LCD-sk\u00e4rm och knappsats med h\u00f6g kontrast<\/li>\n<li>Robust tillbeh\u00f6rsuttag som alternativ; vattent\u00e4t enligt IP68 f\u00f6r anv\u00e4ndning med headset, hj\u00e4lmar, knytn\u00e4vsmikrofoner etc.<\/li>\n<li>4 skanningsl\u00e4gen, D\/W, T\/W, skanning och minnesskanning<\/li>\n<li>21 simplexkanaler enligt IMO:s SOLAs krav<\/li>\n<\/ul>\n<p>safeSEA V100 GMDSS VHF-radion uppfyller de str\u00e4nga kraven i konventionerna om n\u00f6d- och s\u00e4kerhetssystem (GMDSS), <a href=\"https:\/\/www.imo.org\/\">Internationella sj\u00f6fartsorganisationen (IMO)<\/a> och s\u00e4kerhet f\u00f6r liv till sj\u00f6ss (SOLAS). Den uppfyller internationella standarder och s\u00e4kerst\u00e4ller att ditt fartyg f\u00f6ljer reglerna och \u00e4r berett f\u00f6r sj\u00f6fart.<\/p>\n<p>Fartyg som omfattas av <a href=\"https:\/\/www.navcen.uscg.gov\/global-maritime-distress-and-safety-system\">GMDSS<\/a> -reglerna (Global Maritime Distress and Safety System) m\u00e5ste vanligtvis ha en GMDSS VHF-radio.<br \/>\n Dessa inkluderar:<\/p>\n<ol>\n<li>Passagerarfartyg, inklusive f\u00e4rjor och kryssningsfartyg.<\/li>\n<li>Lastfartyg med en bruttodr\u00e4ktighet av 300 ton och upp\u00e5t.<\/li>\n<li>Tankfartyg, inklusive olje-, kemikalie- och gastankfartyg.<\/li>\n<li>H\u00f6ghastighetsfartyg (HSC) med en bruttodr\u00e4ktighet p\u00e5 500 ton och upp\u00e5t.<\/li>\n<li>Offshore-installationer och mobila oljeborrplattformar till havs (MODU).<\/li>\n<li>Vissa statliga fartyg som anv\u00e4nds p\u00e5 internationella resor.<\/li>\n<\/ol>\n<p>Dessutom kan s\u00e4rskilda regler g\u00e4lla beroende p\u00e5 fartygets flaggstat, verksamhetsomr\u00e5de och resans varaktighet. Det \u00e4r viktigt att konsultera relevanta sj\u00f6fartsmyndigheter och f\u00f6lja till\u00e4mpliga best\u00e4mmelser f\u00f6r att s\u00e4kerst\u00e4lla efterlevnad. <\/p>\n<p>Beh\u00f6ver du uppgradera till en ny AIS EPIRB f\u00f6r att vara GMDSS-kompatibel? Kolla in den nya <a href=\"https:\/\/oceansignal.com\/products\/safesea-epirb3-pro\/\">safeSEA EPIRB3 Pro<\/a> <\/p>\n<p><strong>Viktigt:<\/strong> V\u00e4nligen l\u00e4s denna <a href=\"http:\/\/oceansignal.com\/wp-content\/uploads\/2023\/09\/Service-Information-Letter-V100-Battery-Replacement.pdf\">servicebulletin<\/a> om ett gratis erbjudande om batteribyte f\u00f6r batterier med utg\u00e5ngsdatum som inte \u00f6verstiger september 2023.<br \/>\n Ce <a href=\"http:\/\/oceansignal.com\/wp-content\/uploads\/2023\/09\/Service-Information-Letter-V100-Battery-Replacement-Fr.pdf\">bulletin<\/a> est \u00e9galement disponible en langue fran\u00e7aise<\/p>\n","protected":false},"excerpt":{"rendered":"<p>Ocean Signal safeSEA V100 Survival VHF \u00e4r noggrant konstruerad f\u00f6r att vara den ultimata kommunikationsl\u00f6sningen f\u00f6r GMDSS-, IMO- och SOLAS-fartyg. Med sin robusta design och avancerade funktioner \u00e4r denna GMDSS VHF-radio din livlina i n\u00f6dsituationer till sj\u00f6ss. <\/p>\n<p>Den handb\u00e4rbara VHF-radion safeSEA V100 f\u00f6r livr\u00e4ddningsfarkoster uppfyller alla IMO:s krav f\u00f6r transport p\u00e5 SOLAS-fartyg. V100 \u00e4r utformad f\u00f6r att vara extremt robust och enkel att anv\u00e4nda, b\u00e5de ombord och i n\u00f6dsituationer, och \u00e4r det perfekta valet f\u00f6r obligatorisk och frivillig transport. <\/p>\n<p>Ut\u00f6ver det prim\u00e4ra batteriet, som tillval f\u00f6r dagligt bruk, erbjuder Ocean Signal ett laddningsbart litiumpolymerbatteri (RB5V). Snabbladdaren \u00e4r den perfekta l\u00f6sningen f\u00f6r att h\u00e5lla batterierna fulladdade. <\/p>\n<p><a href=\"https:\/\/www.dropbox.com\/s\/fk04stqsp2hgk5f\/Prop%2065%20-%20DEHP.pdf?dl=0\">VARNING: PROP 65<\/a><\/p>\n<p>&nbsp;<\/p>\n<p>&nbsp;<\/p>\n","protected":false},"featured_media":20882,"template":"","meta":{"_acf_changed":false,"om_disable_all_campaigns":false},"product_brand":[],"product_cat":[326],"product_tag":[],"class_list":{"0":"post-8422","1":"product","2":"type-product","3":"status-publish","4":"has-post-thumbnail","6":"product_cat-safesea-sv","8":"first","9":"instock","10":"taxable","11":"shipping-taxable","12":"purchasable","13":"product-type-simple"},"acf":[],"yoast_head":"<!-- This site is optimized with the Yoast SEO Premium plugin v25.2 (Yoast SEO v26.4) - https:\/\/yoast.com\/wordpress\/plugins\/seo\/ -->\n<title>safeSEA V100 VHF - Ocean Signal<\/title>\n<meta name=\"description\" content=\"Ocean Signal safeSEA V100 VHF-radio: GMDSS-kompatibel f\u00f6r SOLAS-fartyg. Viktig kommunikationsutrustning som s\u00e4kerst\u00e4ller sj\u00f6s\u00e4kerhet och regelefterlevnad\" \/>\n<meta name=\"robots\" content=\"index, follow, max-snippet:-1, max-image-preview:large, max-video-preview:-1\" \/>\n<link rel=\"canonical\" href=\"https:\/\/oceansignal.com\/sv\/products\/safesea-v100-vhf\/\" \/>\n<meta property=\"og:locale\" content=\"sv_SE\" \/>\n<meta property=\"og:type\" content=\"article\" \/>\n<meta property=\"og:title\" content=\"safeSEA V100 VHF\" \/>\n<meta property=\"og:description\" content=\"Ocean Signal safeSEA V100 VHF-radio: GMDSS-kompatibel f\u00f6r SOLAS-fartyg. Viktig kommunikationsutrustning som s\u00e4kerst\u00e4ller sj\u00f6s\u00e4kerhet och regelefterlevnad\" \/>\n<meta property=\"og:url\" content=\"https:\/\/oceansignal.com\/sv\/products\/safesea-v100-vhf\/\" \/>\n<meta property=\"og:site_name\" content=\"Ocean Signal\" \/>\n<meta property=\"article:modified_time\" content=\"2026-01-21T19:54:49+00:00\" \/>\n<meta property=\"og:image\" content=\"https:\/\/oceansignal.com\/wp-content\/uploads\/2023\/09\/OSL-V100-360_600x600.gif\" \/>\n\t<meta property=\"og:image:width\" content=\"600\" \/>\n\t<meta property=\"og:image:height\" content=\"600\" \/>\n\t<meta property=\"og:image:type\" content=\"image\/gif\" \/>\n<meta name=\"twitter:card\" content=\"summary_large_image\" \/>\n<meta name=\"twitter:label1\" content=\"Ber\u00e4knad l\u00e4stid\" \/>\n\t<meta name=\"twitter:data1\" content=\"2 minuter\" \/>\n<script type=\"application\/ld+json\" class=\"yoast-schema-graph\">{\"@context\":\"https:\/\/schema.org\",\"@graph\":[{\"@type\":\"WebPage\",\"@id\":\"https:\/\/oceansignal.com\/sv\/products\/safesea-v100-vhf\/\",\"url\":\"https:\/\/oceansignal.com\/sv\/products\/safesea-v100-vhf\/\",\"name\":\"safeSEA V100 VHF - Ocean Signal\",\"isPartOf\":{\"@id\":\"https:\/\/oceansignal.com\/sv\/#website\"},\"primaryImageOfPage\":{\"@id\":\"https:\/\/oceansignal.com\/sv\/products\/safesea-v100-vhf\/#primaryimage\"},\"image\":{\"@id\":\"https:\/\/oceansignal.com\/sv\/products\/safesea-v100-vhf\/#primaryimage\"},\"thumbnailUrl\":\"https:\/\/oceansignal.com\/wp-content\/uploads\/2023\/09\/OSL-V100-360_600x600.gif\",\"datePublished\":\"2023-09-08T09:20:37+00:00\",\"dateModified\":\"2026-01-21T19:54:49+00:00\",\"description\":\"Ocean Signal safeSEA V100 VHF-radio: GMDSS-kompatibel f\u00f6r SOLAS-fartyg. Viktig kommunikationsutrustning som s\u00e4kerst\u00e4ller sj\u00f6s\u00e4kerhet och regelefterlevnad\",\"breadcrumb\":{\"@id\":\"https:\/\/oceansignal.com\/sv\/products\/safesea-v100-vhf\/#breadcrumb\"},\"inLanguage\":\"sv-SE\",\"potentialAction\":[{\"@type\":\"ReadAction\",\"target\":[\"https:\/\/oceansignal.com\/sv\/products\/safesea-v100-vhf\/\"]}]},{\"@type\":\"ImageObject\",\"inLanguage\":\"sv-SE\",\"@id\":\"https:\/\/oceansignal.com\/sv\/products\/safesea-v100-vhf\/#primaryimage\",\"url\":\"https:\/\/oceansignal.com\/wp-content\/uploads\/2023\/09\/OSL-V100-360_600x600.gif\",\"contentUrl\":\"https:\/\/oceansignal.com\/wp-content\/uploads\/2023\/09\/OSL-V100-360_600x600.gif\",\"width\":600,\"height\":600,\"caption\":\"GMDSS VHF-radio\"},{\"@type\":\"BreadcrumbList\",\"@id\":\"https:\/\/oceansignal.com\/sv\/products\/safesea-v100-vhf\/#breadcrumb\",\"itemListElement\":[{\"@type\":\"ListItem\",\"position\":1,\"name\":\"Produkter\",\"item\":\"https:\/\/oceansignal.com\/sv\/produkter\/\"},{\"@type\":\"ListItem\",\"position\":2,\"name\":\"safeSEA V100 VHF\"}]},{\"@type\":\"WebSite\",\"@id\":\"https:\/\/oceansignal.com\/sv\/#website\",\"url\":\"https:\/\/oceansignal.com\/sv\/\",\"name\":\"Ocean Signal\",\"description\":\"A leading manufacturer of EPIRBs, AIS, SARTs, Personal Locator Beacons, Man Overboard Beacon for the Marine and Outdoor Markets.\",\"potentialAction\":[{\"@type\":\"SearchAction\",\"target\":{\"@type\":\"EntryPoint\",\"urlTemplate\":\"https:\/\/oceansignal.com\/sv\/?s={search_term_string}\"},\"query-input\":{\"@type\":\"PropertyValueSpecification\",\"valueRequired\":true,\"valueName\":\"search_term_string\"}}],\"inLanguage\":\"sv-SE\"}]}<\/script>\n<!-- \/ Yoast SEO Premium plugin. -->","yoast_head_json":{"title":"safeSEA V100 VHF - Ocean Signal","description":"Ocean Signal safeSEA V100 VHF-radio: GMDSS-kompatibel f\u00f6r SOLAS-fartyg. Viktig kommunikationsutrustning som s\u00e4kerst\u00e4ller sj\u00f6s\u00e4kerhet och regelefterlevnad","robots":{"index":"index","follow":"follow","max-snippet":"max-snippet:-1","max-image-preview":"max-image-preview:large","max-video-preview":"max-video-preview:-1"},"canonical":"https:\/\/oceansignal.com\/sv\/products\/safesea-v100-vhf\/","og_locale":"sv_SE","og_type":"article","og_title":"safeSEA V100 VHF","og_description":"Ocean Signal safeSEA V100 VHF-radio: GMDSS-kompatibel f\u00f6r SOLAS-fartyg. Viktig kommunikationsutrustning som s\u00e4kerst\u00e4ller sj\u00f6s\u00e4kerhet och regelefterlevnad","og_url":"https:\/\/oceansignal.com\/sv\/products\/safesea-v100-vhf\/","og_site_name":"Ocean Signal","article_modified_time":"2026-01-21T19:54:49+00:00","og_image":[{"url":"https:\/\/oceansignal.com\/wp-content\/uploads\/2023\/09\/OSL-V100-360_600x600.gif","width":600,"height":600,"type":"image\/gif"}],"twitter_card":"summary_large_image","twitter_misc":{"Ber\u00e4knad l\u00e4stid":"2 minuter"},"schema":{"@context":"https:\/\/schema.org","@graph":[{"@type":"WebPage","@id":"https:\/\/oceansignal.com\/sv\/products\/safesea-v100-vhf\/","url":"https:\/\/oceansignal.com\/sv\/products\/safesea-v100-vhf\/","name":"safeSEA V100 VHF - Ocean Signal","isPartOf":{"@id":"https:\/\/oceansignal.com\/sv\/#website"},"primaryImageOfPage":{"@id":"https:\/\/oceansignal.com\/sv\/products\/safesea-v100-vhf\/#primaryimage"},"image":{"@id":"https:\/\/oceansignal.com\/sv\/products\/safesea-v100-vhf\/#primaryimage"},"thumbnailUrl":"https:\/\/oceansignal.com\/wp-content\/uploads\/2023\/09\/OSL-V100-360_600x600.gif","datePublished":"2023-09-08T09:20:37+00:00","dateModified":"2026-01-21T19:54:49+00:00","description":"Ocean Signal safeSEA V100 VHF-radio: GMDSS-kompatibel f\u00f6r SOLAS-fartyg. Viktig kommunikationsutrustning som s\u00e4kerst\u00e4ller sj\u00f6s\u00e4kerhet och regelefterlevnad","breadcrumb":{"@id":"https:\/\/oceansignal.com\/sv\/products\/safesea-v100-vhf\/#breadcrumb"},"inLanguage":"sv-SE","potentialAction":[{"@type":"ReadAction","target":["https:\/\/oceansignal.com\/sv\/products\/safesea-v100-vhf\/"]}]},{"@type":"ImageObject","inLanguage":"sv-SE","@id":"https:\/\/oceansignal.com\/sv\/products\/safesea-v100-vhf\/#primaryimage","url":"https:\/\/oceansignal.com\/wp-content\/uploads\/2023\/09\/OSL-V100-360_600x600.gif","contentUrl":"https:\/\/oceansignal.com\/wp-content\/uploads\/2023\/09\/OSL-V100-360_600x600.gif","width":600,"height":600,"caption":"GMDSS VHF-radio"},{"@type":"BreadcrumbList","@id":"https:\/\/oceansignal.com\/sv\/products\/safesea-v100-vhf\/#breadcrumb","itemListElement":[{"@type":"ListItem","position":1,"name":"Produkter","item":"https:\/\/oceansignal.com\/sv\/produkter\/"},{"@type":"ListItem","position":2,"name":"safeSEA V100 VHF"}]},{"@type":"WebSite","@id":"https:\/\/oceansignal.com\/sv\/#website","url":"https:\/\/oceansignal.com\/sv\/","name":"Ocean Signal","description":"A leading manufacturer of EPIRBs, AIS, SARTs, Personal Locator Beacons, Man Overboard Beacon for the Marine and Outdoor Markets.","potentialAction":[{"@type":"SearchAction","target":{"@type":"EntryPoint","urlTemplate":"https:\/\/oceansignal.com\/sv\/?s={search_term_string}"},"query-input":{"@type":"PropertyValueSpecification","valueRequired":true,"valueName":"search_term_string"}}],"inLanguage":"sv-SE"}]}},"_links":{"self":[{"href":"https:\/\/oceansignal.com\/sv\/wp-json\/wp\/v2\/product\/8422","targetHints":{"allow":["GET"]}}],"collection":[{"href":"https:\/\/oceansignal.com\/sv\/wp-json\/wp\/v2\/product"}],"about":[{"href":"https:\/\/oceansignal.com\/sv\/wp-json\/wp\/v2\/types\/product"}],"wp:featuredmedia":[{"embeddable":true,"href":"https:\/\/oceansignal.com\/sv\/wp-json\/wp\/v2\/media\/20882"}],"wp:attachment":[{"href":"https:\/\/oceansignal.com\/sv\/wp-json\/wp\/v2\/media?parent=8422"}],"wp:term":[{"taxonomy":"product_brand","embeddable":true,"href":"https:\/\/oceansignal.com\/sv\/wp-json\/wp\/v2\/product_brand?post=8422"},{"taxonomy":"product_cat","embeddable":true,"href":"https:\/\/oceansignal.com\/sv\/wp-json\/wp\/v2\/product_cat?post=8422"},{"taxonomy":"product_tag","embeddable":true,"href":"https:\/\/oceansignal.com\/sv\/wp-json\/wp\/v2\/product_tag?post=8422"}],"curies":[{"name":"wp","href":"https:\/\/api.w.org\/{rel}","templated":true}]}}