{"id":8435,"date":"2023-09-08T09:39:08","date_gmt":"2023-09-08T09:39:08","guid":{"rendered":"https:\/\/oceansignal.com\/products\/safesea-s100-radar-sart\/"},"modified":"2026-01-21T19:32:16","modified_gmt":"2026-01-21T19:32:16","slug":"safesea-s100-radar-sart","status":"publish","type":"product","link":"https:\/\/oceansignal.com\/sv\/products\/safesea-s100-radar-sart\/","title":{"rendered":"safeSEA S100 Radar SART"},"content":{"rendered":"<h4>safeSEA S100 Search and Rescue Transponder (Radar SART) \u00e4r en dedikerad radartransponder som uppfyller <a href=\"https:\/\/www.imo.org\/\">IMO:<\/a> s SOLAS-f\u00f6reskrifter.<\/h4>\n<p>Internationella sj\u00f6fartsorganisationen (IMO) st\u00e4ller krav p\u00e5 transportkraven f\u00f6r Global Maritime Distress and Safety System (GMDSS) f\u00f6r s\u00f6k- och r\u00e4ddningstranspondrar (SART). Fartyg som omfattas av GMDSS-reglerna, inklusive passagerarfartyg, lastfartyg \u00f6ver 300 bruttotonnage och fartyg som \u00e4r engagerade i internationella resor, m\u00e5ste ha minst en S100 SART. S100 \u00e4r en kompakt radar SART som \u00e4r avg\u00f6rande f\u00f6r att hj\u00e4lpa till att lokalisera n\u00f6dst\u00e4llda fartyg genom att svara p\u00e5 radarsignaler fr\u00e5n s\u00f6k- och r\u00e4ddningsenheter. S100 radar SART uppfyller specifika prestandastandarder som beskrivs av IMO, vilket s\u00e4kerst\u00e4ller produktens tillf\u00f6rlitlighet och effektivitet i n\u00f6dsituationer. Att uppfylla dessa krav \u00e4r v\u00e4sentligt f\u00f6r att f\u00f6rb\u00e4ttra sj\u00f6s\u00e4kerheten och underl\u00e4tta snabba s\u00f6k- och r\u00e4ddningsoperationer.    <\/p>\n<ul>\n<li>\u00d6verl\u00e4gsen batteritid \u2013 \u00e4ven vid -20 \u00b0C<\/li>\n<li>Batteri som kan bytas ut av anv\u00e4ndaren<\/li>\n<li>Icke-farligt batteri<\/li>\n<li>Fem \u00e5rs bytesintervall<\/li>\n<li>Kompakt storlek f\u00f6r enkel packning av livflottar<\/li>\n<li>Levereras med f\u00f6rvaringsf\u00e4ste<\/li>\n<li>Stolpe Visas p\u00e5 bilder som tillhandah\u00e5lls separat (best\u00e4llningsartikelnummer: 711S-01802 SART monteringsst\u00e5ng)<\/li>\n<\/ul>\n<p>&nbsp;<\/p>\n<h4>Krav p\u00e5 transport<\/h4>\n<ul>\n<li>SART kr\u00e4vs p\u00e5 alla IMO SOLAS-fartyg p\u00e5 internationella resor:-\n<ul>\n<li>En p\u00e5 300-500BRT<\/li>\n<li>Tv\u00e5 om \u00f6ver 500BRT<\/li>\n<li>En SART per var fj\u00e4rde livflotte p\u00e5 ro-ro-passagerarfartyg<\/li>\n<\/ul>\n<\/li>\n<li>Nationellt f\u00f6reskrivna fartyg, inklusive fiskefartyg, passagerarfartyg, kommersiella arbetsb\u00e5tar osv<\/li>\n<li>De flesta super- och megayachter m\u00e5ste ha en SART, s\u00e4rskilt om de omfattas av MCA:s uppf\u00f6randekod, som \u00e4r erk\u00e4nd av m\u00e5nga l\u00e4nder.<\/li>\n<li>Fartyg med frivillig passform kommer ocks\u00e5 att dra nytta av att b\u00e4ra en SART<\/li>\n<\/ul>\n<p>Beh\u00f6ver du uppgradera till de nya AIS EPIRB kraven? Kolla in den nya <a href=\"https:\/\/oceansignal.com\/products\/safesea-epirb3-pro\/\">safeSEA EPIRB3 Pro<\/a> <\/p>\n","protected":false},"excerpt":{"rendered":"<p>Ocean Signal safeSEA S100 Radar Search and Rescue Transponder eller Radar SART \u00e4r en viktig komponent i sj\u00f6s\u00e4kerhetsutrustning, utformad f\u00f6r att f\u00f6rb\u00e4ttra sikten och underl\u00e4tta s\u00f6k- och r\u00e4ddningsinsatser. Med sin avancerade radarreflektorteknik s\u00e4kerst\u00e4ller denna fyr att ditt fartyg \u00e4r l\u00e4tt att uppt\u00e4cka \u00e4ven i ogynnsamma v\u00e4derf\u00f6rh\u00e5llanden och situationer med d\u00e5lig sikt. S100 Radar SART \u00e4r kompakt och h\u00e5llbar, enkel att installera och mycket tillf\u00f6rlitlig, vilket ger sinnesro f\u00f6r b\u00e5de seglare och b\u00e5t\u00e4gare. Oavsett om man navigerar i trafikerade sj\u00f6leder eller seglar i avl\u00e4gsna vatten \u00e4r Ocean Signal safeSEA S100 Radar SART ett viktigt tillskott till alla fartygs s\u00e4kerhetsutrustning och s\u00e4kerst\u00e4ller snabba och effektiva insatser i n\u00f6dsituationer.   <\/p>\n<p>safeSEA S100 SART \u00e4r utformad f\u00f6r att hj\u00e4lpa till vid r\u00e4ddning och b\u00e4rgning av livflottar och livr\u00e4ddningsfarkoster. N\u00e4r den \u00e4r p\u00e5slagen f\u00f6rblir SART i standby-l\u00e4ge tills den automatiskt aktiveras av en X-bandsradarsvep fr\u00e5n ett fartyg i n\u00e4rheten. safeSEA S100 s\u00e4nder ut en serie pulser som visas p\u00e5 fartygets radar som en linje med punkter, vilket ger en b\u00e4ring till livr\u00e4ddningsfarkosten.  <\/p>\n<p><a href=\"https:\/\/www.dropbox.com\/s\/fk04stqsp2hgk5f\/Prop%2065%20-%20DEHP.pdf?dl=0\">VARNING: PROP 65<\/a><\/p>\n","protected":false},"featured_media":23024,"template":"","meta":{"_acf_changed":false,"om_disable_all_campaigns":false},"product_brand":[],"product_cat":[326],"product_tag":[],"class_list":{"0":"post-8435","1":"product","2":"type-product","3":"status-publish","4":"has-post-thumbnail","6":"product_cat-safesea-sv","8":"first","9":"instock","10":"taxable","11":"shipping-taxable","12":"purchasable","13":"product-type-simple"},"acf":[],"yoast_head":"<!-- This site is optimized with the Yoast SEO Premium plugin v25.2 (Yoast SEO v26.4) - https:\/\/yoast.com\/wordpress\/plugins\/seo\/ -->\n<title>safeSEA S100 Radar SART - Ocean Signal<\/title>\n<meta name=\"description\" content=\"Ocean Signal S100 Radar SART: Viktig radarreflektor f\u00f6r sj\u00f6s\u00e4kerhet. P\u00e5litlig GMDSS s\u00f6k- och r\u00e4ddningsfyr. K\u00f6p nu f\u00f6r sinnesfrid!\" \/>\n<meta name=\"robots\" content=\"index, follow, max-snippet:-1, max-image-preview:large, max-video-preview:-1\" \/>\n<link rel=\"canonical\" href=\"https:\/\/oceansignal.com\/sv\/products\/safesea-s100-radar-sart\/\" \/>\n<meta property=\"og:locale\" content=\"sv_SE\" \/>\n<meta property=\"og:type\" content=\"article\" \/>\n<meta property=\"og:title\" content=\"safeSEA S100 Radar SART\" \/>\n<meta property=\"og:description\" content=\"Ocean Signal S100 Radar SART: Viktig radarreflektor f\u00f6r sj\u00f6s\u00e4kerhet. P\u00e5litlig GMDSS s\u00f6k- och r\u00e4ddningsfyr. K\u00f6p nu f\u00f6r sinnesfrid!\" \/>\n<meta property=\"og:url\" content=\"https:\/\/oceansignal.com\/sv\/products\/safesea-s100-radar-sart\/\" \/>\n<meta property=\"og:site_name\" content=\"Ocean Signal\" \/>\n<meta property=\"article:modified_time\" content=\"2026-01-21T19:32:16+00:00\" \/>\n<meta property=\"og:image\" content=\"https:\/\/oceansignal.com\/wp-content\/uploads\/2023\/09\/OSL-S100-SART-With-back-piece.png\" \/>\n\t<meta property=\"og:image:width\" content=\"792\" \/>\n\t<meta property=\"og:image:height\" content=\"792\" \/>\n\t<meta property=\"og:image:type\" content=\"image\/png\" \/>\n<meta name=\"twitter:card\" content=\"summary_large_image\" \/>\n<meta name=\"twitter:label1\" content=\"Ber\u00e4knad l\u00e4stid\" \/>\n\t<meta name=\"twitter:data1\" content=\"2 minuter\" \/>\n<script type=\"application\/ld+json\" class=\"yoast-schema-graph\">{\"@context\":\"https:\/\/schema.org\",\"@graph\":[{\"@type\":\"WebPage\",\"@id\":\"https:\/\/oceansignal.com\/sv\/products\/safesea-s100-radar-sart\/\",\"url\":\"https:\/\/oceansignal.com\/sv\/products\/safesea-s100-radar-sart\/\",\"name\":\"safeSEA S100 Radar SART - Ocean Signal\",\"isPartOf\":{\"@id\":\"https:\/\/oceansignal.com\/sv\/#website\"},\"primaryImageOfPage\":{\"@id\":\"https:\/\/oceansignal.com\/sv\/products\/safesea-s100-radar-sart\/#primaryimage\"},\"image\":{\"@id\":\"https:\/\/oceansignal.com\/sv\/products\/safesea-s100-radar-sart\/#primaryimage\"},\"thumbnailUrl\":\"https:\/\/oceansignal.com\/wp-content\/uploads\/2023\/09\/OSL-S100-SART-With-back-piece.png\",\"datePublished\":\"2023-09-08T09:39:08+00:00\",\"dateModified\":\"2026-01-21T19:32:16+00:00\",\"description\":\"Ocean Signal S100 Radar SART: Viktig radarreflektor f\u00f6r sj\u00f6s\u00e4kerhet. P\u00e5litlig GMDSS s\u00f6k- och r\u00e4ddningsfyr. K\u00f6p nu f\u00f6r sinnesfrid!\",\"breadcrumb\":{\"@id\":\"https:\/\/oceansignal.com\/sv\/products\/safesea-s100-radar-sart\/#breadcrumb\"},\"inLanguage\":\"sv-SE\",\"potentialAction\":[{\"@type\":\"ReadAction\",\"target\":[\"https:\/\/oceansignal.com\/sv\/products\/safesea-s100-radar-sart\/\"]}]},{\"@type\":\"ImageObject\",\"inLanguage\":\"sv-SE\",\"@id\":\"https:\/\/oceansignal.com\/sv\/products\/safesea-s100-radar-sart\/#primaryimage\",\"url\":\"https:\/\/oceansignal.com\/wp-content\/uploads\/2023\/09\/OSL-S100-SART-With-back-piece.png\",\"contentUrl\":\"https:\/\/oceansignal.com\/wp-content\/uploads\/2023\/09\/OSL-S100-SART-With-back-piece.png\",\"width\":792,\"height\":792,\"caption\":\"Ocean Signal S100 Sart med f\u00e4ste exploderat, v\u00e4nster vinkel\"},{\"@type\":\"BreadcrumbList\",\"@id\":\"https:\/\/oceansignal.com\/sv\/products\/safesea-s100-radar-sart\/#breadcrumb\",\"itemListElement\":[{\"@type\":\"ListItem\",\"position\":1,\"name\":\"Produkter\",\"item\":\"https:\/\/oceansignal.com\/sv\/produkter\/\"},{\"@type\":\"ListItem\",\"position\":2,\"name\":\"safeSEA S100 Radar SART\"}]},{\"@type\":\"WebSite\",\"@id\":\"https:\/\/oceansignal.com\/sv\/#website\",\"url\":\"https:\/\/oceansignal.com\/sv\/\",\"name\":\"Ocean Signal\",\"description\":\"A leading manufacturer of EPIRBs, AIS, SARTs, Personal Locator Beacons, Man Overboard Beacon for the Marine and Outdoor Markets.\",\"potentialAction\":[{\"@type\":\"SearchAction\",\"target\":{\"@type\":\"EntryPoint\",\"urlTemplate\":\"https:\/\/oceansignal.com\/sv\/?s={search_term_string}\"},\"query-input\":{\"@type\":\"PropertyValueSpecification\",\"valueRequired\":true,\"valueName\":\"search_term_string\"}}],\"inLanguage\":\"sv-SE\"}]}<\/script>\n<!-- \/ Yoast SEO Premium plugin. -->","yoast_head_json":{"title":"safeSEA S100 Radar SART - Ocean Signal","description":"Ocean Signal S100 Radar SART: Viktig radarreflektor f\u00f6r sj\u00f6s\u00e4kerhet. P\u00e5litlig GMDSS s\u00f6k- och r\u00e4ddningsfyr. K\u00f6p nu f\u00f6r sinnesfrid!","robots":{"index":"index","follow":"follow","max-snippet":"max-snippet:-1","max-image-preview":"max-image-preview:large","max-video-preview":"max-video-preview:-1"},"canonical":"https:\/\/oceansignal.com\/sv\/products\/safesea-s100-radar-sart\/","og_locale":"sv_SE","og_type":"article","og_title":"safeSEA S100 Radar SART","og_description":"Ocean Signal S100 Radar SART: Viktig radarreflektor f\u00f6r sj\u00f6s\u00e4kerhet. P\u00e5litlig GMDSS s\u00f6k- och r\u00e4ddningsfyr. K\u00f6p nu f\u00f6r sinnesfrid!","og_url":"https:\/\/oceansignal.com\/sv\/products\/safesea-s100-radar-sart\/","og_site_name":"Ocean Signal","article_modified_time":"2026-01-21T19:32:16+00:00","og_image":[{"width":792,"height":792,"url":"https:\/\/oceansignal.com\/wp-content\/uploads\/2023\/09\/OSL-S100-SART-With-back-piece.png","type":"image\/png"}],"twitter_card":"summary_large_image","twitter_misc":{"Ber\u00e4knad l\u00e4stid":"2 minuter"},"schema":{"@context":"https:\/\/schema.org","@graph":[{"@type":"WebPage","@id":"https:\/\/oceansignal.com\/sv\/products\/safesea-s100-radar-sart\/","url":"https:\/\/oceansignal.com\/sv\/products\/safesea-s100-radar-sart\/","name":"safeSEA S100 Radar SART - Ocean Signal","isPartOf":{"@id":"https:\/\/oceansignal.com\/sv\/#website"},"primaryImageOfPage":{"@id":"https:\/\/oceansignal.com\/sv\/products\/safesea-s100-radar-sart\/#primaryimage"},"image":{"@id":"https:\/\/oceansignal.com\/sv\/products\/safesea-s100-radar-sart\/#primaryimage"},"thumbnailUrl":"https:\/\/oceansignal.com\/wp-content\/uploads\/2023\/09\/OSL-S100-SART-With-back-piece.png","datePublished":"2023-09-08T09:39:08+00:00","dateModified":"2026-01-21T19:32:16+00:00","description":"Ocean Signal S100 Radar SART: Viktig radarreflektor f\u00f6r sj\u00f6s\u00e4kerhet. P\u00e5litlig GMDSS s\u00f6k- och r\u00e4ddningsfyr. K\u00f6p nu f\u00f6r sinnesfrid!","breadcrumb":{"@id":"https:\/\/oceansignal.com\/sv\/products\/safesea-s100-radar-sart\/#breadcrumb"},"inLanguage":"sv-SE","potentialAction":[{"@type":"ReadAction","target":["https:\/\/oceansignal.com\/sv\/products\/safesea-s100-radar-sart\/"]}]},{"@type":"ImageObject","inLanguage":"sv-SE","@id":"https:\/\/oceansignal.com\/sv\/products\/safesea-s100-radar-sart\/#primaryimage","url":"https:\/\/oceansignal.com\/wp-content\/uploads\/2023\/09\/OSL-S100-SART-With-back-piece.png","contentUrl":"https:\/\/oceansignal.com\/wp-content\/uploads\/2023\/09\/OSL-S100-SART-With-back-piece.png","width":792,"height":792,"caption":"Ocean Signal S100 Sart med f\u00e4ste exploderat, v\u00e4nster vinkel"},{"@type":"BreadcrumbList","@id":"https:\/\/oceansignal.com\/sv\/products\/safesea-s100-radar-sart\/#breadcrumb","itemListElement":[{"@type":"ListItem","position":1,"name":"Produkter","item":"https:\/\/oceansignal.com\/sv\/produkter\/"},{"@type":"ListItem","position":2,"name":"safeSEA S100 Radar SART"}]},{"@type":"WebSite","@id":"https:\/\/oceansignal.com\/sv\/#website","url":"https:\/\/oceansignal.com\/sv\/","name":"Ocean Signal","description":"A leading manufacturer of EPIRBs, AIS, SARTs, Personal Locator Beacons, Man Overboard Beacon for the Marine and Outdoor Markets.","potentialAction":[{"@type":"SearchAction","target":{"@type":"EntryPoint","urlTemplate":"https:\/\/oceansignal.com\/sv\/?s={search_term_string}"},"query-input":{"@type":"PropertyValueSpecification","valueRequired":true,"valueName":"search_term_string"}}],"inLanguage":"sv-SE"}]}},"_links":{"self":[{"href":"https:\/\/oceansignal.com\/sv\/wp-json\/wp\/v2\/product\/8435","targetHints":{"allow":["GET"]}}],"collection":[{"href":"https:\/\/oceansignal.com\/sv\/wp-json\/wp\/v2\/product"}],"about":[{"href":"https:\/\/oceansignal.com\/sv\/wp-json\/wp\/v2\/types\/product"}],"wp:featuredmedia":[{"embeddable":true,"href":"https:\/\/oceansignal.com\/sv\/wp-json\/wp\/v2\/media\/23024"}],"wp:attachment":[{"href":"https:\/\/oceansignal.com\/sv\/wp-json\/wp\/v2\/media?parent=8435"}],"wp:term":[{"taxonomy":"product_brand","embeddable":true,"href":"https:\/\/oceansignal.com\/sv\/wp-json\/wp\/v2\/product_brand?post=8435"},{"taxonomy":"product_cat","embeddable":true,"href":"https:\/\/oceansignal.com\/sv\/wp-json\/wp\/v2\/product_cat?post=8435"},{"taxonomy":"product_tag","embeddable":true,"href":"https:\/\/oceansignal.com\/sv\/wp-json\/wp\/v2\/product_tag?post=8435"}],"curies":[{"name":"wp","href":"https:\/\/api.w.org\/{rel}","templated":true}]}}